{"id":127497,"date":"2025-04-11T12:05:42","date_gmt":"2025-04-11T10:05:42","guid":{"rendered":"https:\/\/www.tape-design.com\/?post_type=product&#038;p=127497"},"modified":"2025-09-17T15:13:29","modified_gmt":"2025-09-17T13:13:29","slug":"allround-basic-socks-schwarz-ohne-noppen-3-pack","status":"publish","type":"product","link":"https:\/\/www.tape-design.com\/en\/product\/allround-basic-socks-schwarz-ohne-noppen-3-pack\/","title":{"rendered":"Allround Basic Socks Schwarz (ohne Noppen) (3 Pack)"},"content":{"rendered":"<p><em><strong>Allround Basic Socks:<\/strong><\/em><\/p>\n<p><strong>Unsere besonderen Allround-Basis-Socken bieten Funktion und Innovation ohne Noppen. Egal, ob Sie im Spitzenbereich des Sports aktiv sind oder Ihre Freizeit genie\u00dfen &#8211; mit diesen Socken sind Sie immer einen Schritt voraus!<\/strong><\/p>\n<p>Diese speziellen Allround-Socken garantieren einen besseren Halt und ein angenehmes Tragegef\u00fchl in jedem Schuh. Dank ihrer Materialzusammensetzung sind sie \u00e4u\u00dferst komfortabel und gleichzeitig \u00e4u\u00dferst dehnbar, um sich ergonomisch an jeden Fu\u00df anzupassen.<\/p>\n<p>Durch eine besondere Verarbeitung hochwertiger Materialien sind sie in einer Einheitsgr\u00f6\u00dfe (Gr\u00f6\u00dfe 37 &#8211; 48) erh\u00e4ltlich.<\/p>\n<p><em>Material: 55% Baumwolle, 35% Nylon, 7% Elasthan, 3% Polyester<\/em><\/p>\n","protected":false},"excerpt":{"rendered":"<p><strong><em>TAPEDESIGN\u00ae &#8211; BASIC SOCKS Schwarz (ohne Noppen)<\/em><\/strong><\/p>\n<p>&nbsp;<\/p>\n","protected":false},"featured_media":127507,"template":"","meta":{"_acf_changed":false},"product_cat":[1298],"product_tag":[],"giftcard-category":[],"class_list":{"0":"post-127497","1":"product","2":"type-product","3":"status-publish","4":"has-post-thumbnail","6":"product_cat-outlet-en","8":"first","9":"instock","10":"sale","11":"taxable","12":"shipping-taxable","13":"purchasable","14":"product-type-bundle"},"bundled_by":[],"bundle_stock_status":"instock","bundle_stock_quantity":64,"bundle_virtual":false,"bundle_layout":"default","bundle_add_to_cart_form_location":"default","bundle_editable_in_cart":false,"bundle_sold_individually_context":"product","bundle_item_grouping":"parent","bundle_min_size":"","bundle_max_size":"","bundle_price":{"price":{"min":{"incl_tax":"29.95","excl_tax":"24.958333"},"max":{"incl_tax":"29.95","excl_tax":"24.958333"}},"regular_price":{"min":{"incl_tax":"44.85","excl_tax":"37.375"},"max":{"incl_tax":"44.85","excl_tax":"37.375"}}},"bundled_items":[{"bundled_item_id":241,"product_id":126794,"menu_order":0,"quantity_min":1,"quantity_max":1,"quantity_default":1,"priced_individually":false,"shipped_individually":false,"override_title":false,"title":"Allround Basic Socks Schwarz (ohne Noppen)","override_description":false,"description":"","optional":false,"hide_thumbnail":false,"discount":"","override_variations":false,"allowed_variations":[],"override_default_variation_attributes":false,"default_variation_attributes":[],"single_product_visibility":"visible","cart_visibility":"visible","order_visibility":"visible","single_product_price_visibility":"visible","cart_price_visibility":"visible","order_price_visibility":"visible","stock_status":"in_stock"},{"bundled_item_id":242,"product_id":126794,"menu_order":1,"quantity_min":1,"quantity_max":1,"quantity_default":1,"priced_individually":false,"shipped_individually":false,"override_title":false,"title":"Allround Basic Socks Schwarz (ohne Noppen)","override_description":false,"description":"","optional":false,"hide_thumbnail":false,"discount":"","override_variations":false,"allowed_variations":[],"override_default_variation_attributes":false,"default_variation_attributes":[],"single_product_visibility":"visible","cart_visibility":"visible","order_visibility":"visible","single_product_price_visibility":"visible","cart_price_visibility":"visible","order_price_visibility":"visible","stock_status":"in_stock"},{"bundled_item_id":243,"product_id":126794,"menu_order":2,"quantity_min":1,"quantity_max":1,"quantity_default":1,"priced_individually":false,"shipped_individually":false,"override_title":false,"title":"Allround Basic Socks Schwarz (ohne Noppen)","override_description":false,"description":"","optional":false,"hide_thumbnail":false,"discount":"","override_variations":false,"allowed_variations":[],"override_default_variation_attributes":false,"default_variation_attributes":[],"single_product_visibility":"visible","cart_visibility":"visible","order_visibility":"visible","single_product_price_visibility":"visible","cart_price_visibility":"visible","order_price_visibility":"visible","stock_status":"in_stock"}],"bundle_sell_ids":[],"exclude_global_add_ons":[],"addons":[],"acf":[],"yoast_head":"<title>Allround Basic Socks Schwarz (ohne Noppen) (3 Pack) - TAPEDESIGN<\/title>\n<meta name=\"robots\" content=\"index, follow, max-snippet:-1, max-image-preview:large, max-video-preview:-1\" \/>\n<link rel=\"canonical\" href=\"https:\/\/www.tape-design.com\/en\/product\/allround-basic-socks-schwarz-ohne-noppen-3-pack\/\" \/>\n<meta property=\"og:locale\" content=\"en_US\" \/>\n<meta property=\"og:type\" content=\"article\" \/>\n<meta property=\"og:title\" content=\"Allround Basic Socks Schwarz (ohne Noppen) (3 Pack) - TAPEDESIGN\" \/>\n<meta property=\"og:description\" content=\"TAPEDESIGN\u00ae - BASIC SOCKS Schwarz (ohne Noppen)  &nbsp;\" \/>\n<meta property=\"og:url\" content=\"https:\/\/www.tape-design.com\/en\/product\/allround-basic-socks-schwarz-ohne-noppen-3-pack\/\" \/>\n<meta property=\"og:site_name\" content=\"TAPEDESIGN\" \/>\n<meta property=\"article:publisher\" content=\"https:\/\/www.facebook.com\/tapedesigncom\/\" \/>\n<meta property=\"article:modified_time\" content=\"2025-09-17T13:13:29+00:00\" \/>\n<meta property=\"og:image\" content=\"https:\/\/www.tape-design.com\/app\/uploads\/2025\/04\/TD_OUTLET_SOCKS_BASIC_SCHWARZ_BUNDLE.jpg\" \/>\n\t<meta property=\"og:image:width\" content=\"1080\" \/>\n\t<meta property=\"og:image:height\" content=\"1080\" \/>\n\t<meta property=\"og:image:type\" content=\"image\/jpeg\" \/>\n<meta name=\"twitter:card\" content=\"summary_large_image\" \/>\n<meta name=\"twitter:label1\" content=\"Est. reading time\" \/>\n\t<meta name=\"twitter:data1\" content=\"1 minute\" \/>\n<script type=\"application\/ld+json\" class=\"yoast-schema-graph\">{\"@context\":\"https:\/\/schema.org\",\"@graph\":[{\"@type\":\"WebPage\",\"@id\":\"https:\/\/www.tape-design.com\/en\/product\/allround-basic-socks-schwarz-ohne-noppen-3-pack\/\",\"url\":\"https:\/\/www.tape-design.com\/en\/product\/allround-basic-socks-schwarz-ohne-noppen-3-pack\/\",\"name\":\"Allround Basic Socks Schwarz (ohne Noppen) (3 Pack) - TAPEDESIGN\",\"isPartOf\":{\"@id\":\"https:\/\/www.tape-design.com\/#website\"},\"primaryImageOfPage\":{\"@id\":\"https:\/\/www.tape-design.com\/en\/product\/allround-basic-socks-schwarz-ohne-noppen-3-pack\/#primaryimage\"},\"image\":{\"@id\":\"https:\/\/www.tape-design.com\/en\/product\/allround-basic-socks-schwarz-ohne-noppen-3-pack\/#primaryimage\"},\"thumbnailUrl\":\"https:\/\/www.tape-design.com\/app\/uploads\/2025\/04\/TD_OUTLET_SOCKS_BASIC_SCHWARZ_BUNDLE.jpg\",\"datePublished\":\"2025-04-11T10:05:42+00:00\",\"dateModified\":\"2025-09-17T13:13:29+00:00\",\"breadcrumb\":{\"@id\":\"https:\/\/www.tape-design.com\/en\/product\/allround-basic-socks-schwarz-ohne-noppen-3-pack\/#breadcrumb\"},\"inLanguage\":\"en-US\",\"potentialAction\":[{\"@type\":\"ReadAction\",\"target\":[\"https:\/\/www.tape-design.com\/en\/product\/allround-basic-socks-schwarz-ohne-noppen-3-pack\/\"]}]},{\"@type\":\"ImageObject\",\"inLanguage\":\"en-US\",\"@id\":\"https:\/\/www.tape-design.com\/en\/product\/allround-basic-socks-schwarz-ohne-noppen-3-pack\/#primaryimage\",\"url\":\"https:\/\/www.tape-design.com\/app\/uploads\/2025\/04\/TD_OUTLET_SOCKS_BASIC_SCHWARZ_BUNDLE.jpg\",\"contentUrl\":\"https:\/\/www.tape-design.com\/app\/uploads\/2025\/04\/TD_OUTLET_SOCKS_BASIC_SCHWARZ_BUNDLE.jpg\",\"width\":1080,\"height\":1080},{\"@type\":\"BreadcrumbList\",\"@id\":\"https:\/\/www.tape-design.com\/en\/product\/allround-basic-socks-schwarz-ohne-noppen-3-pack\/#breadcrumb\",\"itemListElement\":[{\"@type\":\"ListItem\",\"position\":1,\"name\":\"Home\",\"item\":\"https:\/\/www.tape-design.com\/en\/\"},{\"@type\":\"ListItem\",\"position\":2,\"name\":\"Shop\",\"item\":\"https:\/\/www.tape-design.com\/en\/shop\/\"},{\"@type\":\"ListItem\",\"position\":3,\"name\":\"Allround Basic Socks Schwarz (ohne Noppen) (3 Pack)\"}]},{\"@type\":\"WebSite\",\"@id\":\"https:\/\/www.tape-design.com\/#website\",\"url\":\"https:\/\/www.tape-design.com\/\",\"name\":\"TAPEDESIGN\",\"description\":\"Always a step ahead\",\"publisher\":{\"@id\":\"https:\/\/www.tape-design.com\/#organization\"},\"potentialAction\":[{\"@type\":\"SearchAction\",\"target\":{\"@type\":\"EntryPoint\",\"urlTemplate\":\"https:\/\/www.tape-design.com\/?s={search_term_string}\"},\"query-input\":{\"@type\":\"PropertyValueSpecification\",\"valueRequired\":true,\"valueName\":\"search_term_string\"}}],\"inLanguage\":\"en-US\"},{\"@type\":\"Organization\",\"@id\":\"https:\/\/www.tape-design.com\/#organization\",\"name\":\"TAPEDESIGN\",\"url\":\"https:\/\/www.tape-design.com\/\",\"logo\":{\"@type\":\"ImageObject\",\"inLanguage\":\"en-US\",\"@id\":\"https:\/\/www.tape-design.com\/#\/schema\/logo\/image\/\",\"url\":\"https:\/\/www.tape-design.com\/app\/uploads\/2020\/11\/Logosmall.png\",\"contentUrl\":\"https:\/\/www.tape-design.com\/app\/uploads\/2020\/11\/Logosmall.png\",\"width\":340,\"height\":156,\"caption\":\"TAPEDESIGN\"},\"image\":{\"@id\":\"https:\/\/www.tape-design.com\/#\/schema\/logo\/image\/\"},\"sameAs\":[\"https:\/\/www.facebook.com\/tapedesigncom\/\",\"https:\/\/www.instagram.com\/tapedesign_socks\/?hl=de\"]}]}<\/script>","yoast_head_json":{"title":"Allround Basic Socks Schwarz (ohne Noppen) (3 Pack) - TAPEDESIGN","robots":{"index":"index","follow":"follow","max-snippet":"max-snippet:-1","max-image-preview":"max-image-preview:large","max-video-preview":"max-video-preview:-1"},"canonical":"https:\/\/www.tape-design.com\/en\/product\/allround-basic-socks-schwarz-ohne-noppen-3-pack\/","og_locale":"en_US","og_type":"article","og_title":"Allround Basic Socks Schwarz (ohne Noppen) (3 Pack) - TAPEDESIGN","og_description":"TAPEDESIGN\u00ae - BASIC SOCKS Schwarz (ohne Noppen)  &nbsp;","og_url":"https:\/\/www.tape-design.com\/en\/product\/allround-basic-socks-schwarz-ohne-noppen-3-pack\/","og_site_name":"TAPEDESIGN","article_publisher":"https:\/\/www.facebook.com\/tapedesigncom\/","article_modified_time":"2025-09-17T13:13:29+00:00","og_image":[{"width":1080,"height":1080,"url":"https:\/\/www.tape-design.com\/app\/uploads\/2025\/04\/TD_OUTLET_SOCKS_BASIC_SCHWARZ_BUNDLE.jpg","type":"image\/jpeg"}],"twitter_card":"summary_large_image","twitter_misc":{"Est. reading time":"1 minute"},"schema":{"@context":"https:\/\/schema.org","@graph":[{"@type":"WebPage","@id":"https:\/\/www.tape-design.com\/en\/product\/allround-basic-socks-schwarz-ohne-noppen-3-pack\/","url":"https:\/\/www.tape-design.com\/en\/product\/allround-basic-socks-schwarz-ohne-noppen-3-pack\/","name":"Allround Basic Socks Schwarz (ohne Noppen) (3 Pack) - TAPEDESIGN","isPartOf":{"@id":"https:\/\/www.tape-design.com\/#website"},"primaryImageOfPage":{"@id":"https:\/\/www.tape-design.com\/en\/product\/allround-basic-socks-schwarz-ohne-noppen-3-pack\/#primaryimage"},"image":{"@id":"https:\/\/www.tape-design.com\/en\/product\/allround-basic-socks-schwarz-ohne-noppen-3-pack\/#primaryimage"},"thumbnailUrl":"https:\/\/www.tape-design.com\/app\/uploads\/2025\/04\/TD_OUTLET_SOCKS_BASIC_SCHWARZ_BUNDLE.jpg","datePublished":"2025-04-11T10:05:42+00:00","dateModified":"2025-09-17T13:13:29+00:00","breadcrumb":{"@id":"https:\/\/www.tape-design.com\/en\/product\/allround-basic-socks-schwarz-ohne-noppen-3-pack\/#breadcrumb"},"inLanguage":"en-US","potentialAction":[{"@type":"ReadAction","target":["https:\/\/www.tape-design.com\/en\/product\/allround-basic-socks-schwarz-ohne-noppen-3-pack\/"]}]},{"@type":"ImageObject","inLanguage":"en-US","@id":"https:\/\/www.tape-design.com\/en\/product\/allround-basic-socks-schwarz-ohne-noppen-3-pack\/#primaryimage","url":"https:\/\/www.tape-design.com\/app\/uploads\/2025\/04\/TD_OUTLET_SOCKS_BASIC_SCHWARZ_BUNDLE.jpg","contentUrl":"https:\/\/www.tape-design.com\/app\/uploads\/2025\/04\/TD_OUTLET_SOCKS_BASIC_SCHWARZ_BUNDLE.jpg","width":1080,"height":1080},{"@type":"BreadcrumbList","@id":"https:\/\/www.tape-design.com\/en\/product\/allround-basic-socks-schwarz-ohne-noppen-3-pack\/#breadcrumb","itemListElement":[{"@type":"ListItem","position":1,"name":"Home","item":"https:\/\/www.tape-design.com\/en\/"},{"@type":"ListItem","position":2,"name":"Shop","item":"https:\/\/www.tape-design.com\/en\/shop\/"},{"@type":"ListItem","position":3,"name":"Allround Basic Socks Schwarz (ohne Noppen) (3 Pack)"}]},{"@type":"WebSite","@id":"https:\/\/www.tape-design.com\/#website","url":"https:\/\/www.tape-design.com\/","name":"TAPEDESIGN","description":"Always a step ahead","publisher":{"@id":"https:\/\/www.tape-design.com\/#organization"},"potentialAction":[{"@type":"SearchAction","target":{"@type":"EntryPoint","urlTemplate":"https:\/\/www.tape-design.com\/?s={search_term_string}"},"query-input":{"@type":"PropertyValueSpecification","valueRequired":true,"valueName":"search_term_string"}}],"inLanguage":"en-US"},{"@type":"Organization","@id":"https:\/\/www.tape-design.com\/#organization","name":"TAPEDESIGN","url":"https:\/\/www.tape-design.com\/","logo":{"@type":"ImageObject","inLanguage":"en-US","@id":"https:\/\/www.tape-design.com\/#\/schema\/logo\/image\/","url":"https:\/\/www.tape-design.com\/app\/uploads\/2020\/11\/Logosmall.png","contentUrl":"https:\/\/www.tape-design.com\/app\/uploads\/2020\/11\/Logosmall.png","width":340,"height":156,"caption":"TAPEDESIGN"},"image":{"@id":"https:\/\/www.tape-design.com\/#\/schema\/logo\/image\/"},"sameAs":["https:\/\/www.facebook.com\/tapedesigncom\/","https:\/\/www.instagram.com\/tapedesign_socks\/?hl=de"]}]}},"_links":{"self":[{"href":"https:\/\/www.tape-design.com\/en\/wp-json\/wp\/v2\/product\/127497","targetHints":{"allow":["GET"]}}],"collection":[{"href":"https:\/\/www.tape-design.com\/en\/wp-json\/wp\/v2\/product"}],"about":[{"href":"https:\/\/www.tape-design.com\/en\/wp-json\/wp\/v2\/types\/product"}],"wp:featuredmedia":[{"embeddable":true,"href":"https:\/\/www.tape-design.com\/en\/wp-json\/wp\/v2\/media\/127507"}],"wp:attachment":[{"href":"https:\/\/www.tape-design.com\/en\/wp-json\/wp\/v2\/media?parent=127497"}],"wp:term":[{"taxonomy":"product_cat","embeddable":true,"href":"https:\/\/www.tape-design.com\/en\/wp-json\/wp\/v2\/product_cat?post=127497"},{"taxonomy":"product_tag","embeddable":true,"href":"https:\/\/www.tape-design.com\/en\/wp-json\/wp\/v2\/product_tag?post=127497"},{"taxonomy":"giftcard-category","embeddable":true,"href":"https:\/\/www.tape-design.com\/en\/wp-json\/wp\/v2\/giftcard-category?post=127497"}],"curies":[{"name":"wp","href":"https:\/\/api.w.org\/{rel}","templated":true}]}}