{"id":124359,"date":"2025-03-03T10:38:24","date_gmt":"2025-03-03T09:38:24","guid":{"rendered":"https:\/\/www.tape-design.com\/declaracion-de-privacidad-2\/"},"modified":"2025-03-03T14:55:22","modified_gmt":"2025-03-03T13:55:22","slug":"declaracion-de-privacidad","status":"publish","type":"page","link":"https:\/\/www.tape-design.com\/es\/declaracion-de-privacidad\/","title":{"rendered":"Pol\u00edtica de privacidad"},"content":{"rendered":"\t\t<div data-elementor-type=\"wp-page\" data-elementor-id=\"124359\" class=\"elementor elementor-124359 elementor-124341\" data-elementor-post-type=\"page\">\n\t\t\t\t<div class=\"elementor-element elementor-element-e4017b8 e-flex e-con-boxed e-con e-parent\" data-id=\"e4017b8\" data-element_type=\"container\">\n\t\t\t\t\t<div class=\"e-con-inner\">\n\t\t\t\t<div class=\"elementor-element elementor-element-a914716 elementor-widget elementor-widget-text-editor\" data-id=\"a914716\" data-element_type=\"widget\" data-widget_type=\"text-editor.default\">\n\t\t\t\t<div class=\"elementor-widget-container\">\n\t\t\t\t\t\t\t\t\t<header class=\"entry-header\">\r\n<h1 class=\"entry-title\">Pol\u00edtica de privacidad<\/h1>\r\n<\/header>\r\n<div class=\"entry-content\">\r\n<div class=\"wpb-content-wrapper\">\r\n<div class=\"vc_row wpb_row vc_row-fluid\">\r\n<div class=\"wpb_column vc_column_container vc_col-sm-12\">\r\n<div class=\"vc_column-inner\">\r\n<div class=\"wpb_wrapper\">\r\n<div class=\"wpb_text_column wpb_content_element\">\r\n<div class=\"wpb_wrapper\">\r\n\r\nLa protecci\u00f3n de sus datos personales nos preocupa especialmente. Por lo tanto, procesamos sus datos exclusivamente sobre la base de las disposiciones legales (DSGVO, TKG 2003). En esta informaci\u00f3n de protecci\u00f3n de datos le informamos sobre los aspectos m\u00e1s importantes del procesamiento de datos en el marco de nuestra p\u00e1gina web.\r\n<h3 class=\"wp-block-heading\">Cont\u00e1ctenos<\/h3>\r\nSi se pone en contacto con nosotros por correo electr\u00f3nico, sus datos ser\u00e1n almacenados por nosotros con el fin de procesar su consulta y en el caso de preguntas de seguimiento. Estos datos no ser\u00e1n transmitidos sin su consentimiento.\r\n<h3>Almacenaje de datos<\/h3>\r\nLe recordamos que los datos IP del propietario de la conexi\u00f3n, as\u00ed como el nombre, la direcci\u00f3n y otros datos del comprador, son almacenados por el operador de la tienda web en el marco de las cookies con el fin de simplificar el proceso de compra y para la posterior tramitaci\u00f3n del contrato.\r\n\r\nAdem\u00e1s, los siguientes datos tambi\u00e9n ser\u00e1n almacenados por nosotros con el fin de procesar el contrato: Nombre, direcci\u00f3n, direcci\u00f3n de correo electr\u00f3nico. Los datos proporcionados por usted son necesarios para el cumplimiento del contrato o para la aplicaci\u00f3n de medidas precontractuales. Sin estos datos no podemos concluir el contrato con usted. Una transferencia de datos a terceros no tiene lugar, con la excepci\u00f3n de la transferencia de datos de tarjetas de cr\u00e9dito a los institutos bancarios de procesamiento \/ proveedores de servicios de pago con el fin de cargar el precio de compra, a la empresa de transporte \/ compa\u00f1\u00eda naviera encargada por nosotros para entregar las mercanc\u00edas y a nuestro asesor fiscal para cumplir con nuestras obligaciones fiscales.\r\n\r\nLos datos almacenados por nosotros ser\u00e1n borrados despu\u00e9s de que el proceso de compra haya sido interrumpido. Si se celebra un contrato, todos los datos de la relaci\u00f3n contractual se almacenar\u00e1n hasta el final del per\u00edodo de retenci\u00f3n fiscal (7 a\u00f1os).\r\n\r\nEl nombre de los datos, la direcci\u00f3n, los bienes adquiridos y la fecha de compra se almacenan m\u00e1s all\u00e1 de esa fecha hasta el vencimiento de la responsabilidad del producto (10 a\u00f1os). El tratamiento de los datos se realiza en base a las disposiciones legales del art. 96, p\u00e1rr. 3 TKG y del art. 6, p\u00e1rr. 1, lit a (consentimiento) y\/o lit b (necesario para el cumplimiento del contrato) de la DSGVO.\r\n<h3>Cookies<\/h3>\r\nNuestro sitio web utiliza las llamadas cookies. Se trata de peque\u00f1os archivos de texto que se almacenan en el dispositivo final con la ayuda del navegador. No causan ning\u00fan da\u00f1o.\r\n\r\nUtilizamos cookies para que nuestro sitio web sea f\u00e1cil de usar. Algunas cookies permanecen almacenadas en su dispositivo final hasta que usted las borre. Nos permiten reconocer su navegador la pr\u00f3xima vez que nos visite.\r\n\r\nSi no lo desea, puede configurar su navegador para que le informe sobre la configuraci\u00f3n de las cookies y s\u00f3lo lo permita en casos concretos.\r\n\r\nSi se desactivan las cookies, es posible que se restrinja la funcionalidad de nuestro sitio web.\r\n<h3>An\u00e1lisis web<\/h3>\r\n<h3>Google Analytics<\/h3>\r\nNuestro sitio web utiliza funciones del servicio de an\u00e1lisis web Google Analytics.\u00a0Para ello se utilizan cookies, que permiten analizar el uso que hacen los usuarios del sitio web. La informaci\u00f3n generada de esta manera se transfiere al servidor del proveedor y se almacena all\u00ed.\r\n\r\nPuede evitarlo configurando su navegador de forma que no se almacenen cookies.\r\n\r\nHemos concluido un contrato correspondiente con el proveedor para el procesamiento de los datos del pedido.\r\n\r\nSu direcci\u00f3n IP se registra, pero inmediatamente se pseud\u00f3nimamente (por ejemplo, borrando los \u00faltimos 8 bits). Esto significa que s\u00f3lo es posible una localizaci\u00f3n aproximada.\r\n\r\nLa relaci\u00f3n con el proveedor de an\u00e1lisis web se basa en Privacy Shield.\r\n\r\nEl tratamiento de datos se basa en las disposiciones legales del art\u00edculo 96, apartado 3, del TKG y del art\u00edculo 6, apartado 1, letra a) (consentimiento) y\/o f) (inter\u00e9s leg\u00edtimo) de la DSGVO.\r\n\r\nNuestra preocupaci\u00f3n en el sentido de la DSGVO (inter\u00e9s justificado) es la mejora de nuestra oferta y nuestra apariencia web. Dado que la privacidad de nuestros usuarios es importante para nosotros, los datos de los usuarios son pseud\u00f3nimos.\r\n\r\nLos datos del usuario se almacenan durante un per\u00edodo de 26 meses.\r\n\r\n[ga_optout]\r\n<h3>Facebook Pixel<\/h3>\r\nDentro de nuestra oferta en l\u00ednea, se utilizan los llamados \u201cp\u00edxeles de Facebook\u201d de la red social Facebook, operada por Facebook Inc., 1 Hacker Way, Menlo Park, CA 94025, EE.UU., o si usted es residente en la UE, Facebook Ireland Ltd., 4 Grand Canal Square, Grand Canal Harbour, Dubl\u00edn 2, Irlanda (\u201cFacebook\u201d). Con el p\u00edxel de Facebook, Facebook puede determinar los visitantes de nuestra oferta como grupo objetivo para la visualizaci\u00f3n de anuncios, los llamados \u201canuncios de Facebook\u201d. En consecuencia, utilizamos el p\u00edxel de Facebook para mostrar los anuncios de Facebook que hemos colocado s\u00f3lo a aquellos usuarios de Facebook que han mostrado inter\u00e9s en nuestro sitio web. Esto significa que con la ayuda del p\u00edxel de Facebook queremos asegurarnos de que nuestros anuncios de Facebook corresponden al inter\u00e9s potencial de los usuarios y no parecen molestos. El p\u00edxel de Facebook tambi\u00e9n nos permite rastrear la efectividad de los anuncios de Facebook con fines estad\u00edsticos y de investigaci\u00f3n de mercado al ver si los usuarios fueron dirigidos a nuestro sitio web despu\u00e9s de hacer clic en un anuncio de Facebook.\r\n\r\nFacebook integra directamente el p\u00edxel de Facebook cuando visitas nuestro sitio web y puede almacenar una cookie, es decir, un peque\u00f1o archivo, en tu dispositivo. Si luego te conectas a Facebook o visitas Facebook cuando te conectas, la visita a nuestra oferta se anota en tu perfil. Los datos recogidos sobre usted son an\u00f3nimos para nosotros y no nos proporcionan ninguna informaci\u00f3n sobre la identidad del usuario. Sin embargo, Facebook almacena y procesa los datos para que sea posible la conexi\u00f3n con el perfil de usuario correspondiente. Facebook procesa los datos de acuerdo con las directrices de uso de datos de Facebook. En consecuencia, recibir\u00e1 m\u00e1s informaci\u00f3n sobre el funcionamiento del p\u00edxel de remarketing y sobre la presentaci\u00f3n de los anuncios de Facebook en general en la pol\u00edtica de uso de datos de Facebook: https:\/\/www.facebook.com\/policy.php\r\n\r\nPuedes optar por no participar en la recopilaci\u00f3n de p\u00edxeles de Facebook y utilizar tu informaci\u00f3n para mostrar anuncios de Facebook. Para ello, puedes ir a la p\u00e1gina creada por Facebook y seguir las instrucciones sobre la configuraci\u00f3n de la publicidad basada en el uso: https:\/\/www.facebook.com\/settings?tab=ads o explicar la contradicci\u00f3n sobre la p\u00e1gina de EE.UU. http:\/\/www.aboutads.info\/choices\/ o la p\u00e1gina de la UE http:\/\/www.youronlinechoices.com\/ Los ajustes son independientes de la plataforma, es decir, se adoptan para todos los dispositivos, como ordenadores de sobremesa o dispositivos m\u00f3viles.\r\n\r\n[fb_optout]\r\n<h3>Publicidad por correo electr\u00f3nico con registro al bolet\u00edn de noticias<\/h3>\r\nSi se suscribe a nuestro bolet\u00edn informativo, utilizaremos los datos necesarios para este fin o que usted nos facilite por separado para enviarle regularmente nuestro bolet\u00edn informativo por correo electr\u00f3nico sobre la base de su consentimiento de conformidad con el art\u00edculo 6, apartado 1, n\u00famero 1, letra a), de la DSGVO. Puede darse de baja del bolet\u00edn en cualquier momento y enviando un mensaje a la persona de contacto que se describe a continuaci\u00f3n o a trav\u00e9s de un enlace en el bolet\u00edn informativo proporcionado a tal efecto. Una vez que se haya dado de baja, borraremos su direcci\u00f3n de correo electr\u00f3nico a menos que usted haya dado su consentimiento expreso para el uso posterior de sus datos o a menos que nos reservemos el derecho de utilizar otros datos permitidos por la ley y sobre los que le informemos en esta declaraci\u00f3n.\r\n<h3>Evaluaci\u00f3n general del cr\u00e9dito<\/h3>\r\nSi usted concluye su pedido a trav\u00e9s del m\u00e9todo de pago \u201cKlarna: Factura\u201d, puede llegar a las verificaciones de cr\u00e9dito por parte del proveedor. Para ello, se transmitir\u00e1n sus datos personales, que ser\u00e1n requeridos para la siguiente empresa en el curso de la evaluaci\u00f3n de cr\u00e9dito: CRIF B\u00fcrgel GmbH Radlkoferstra\u00dfe 2 81373 M\u00fanich, Alemania Alemania (Alem\u00e1n) En este proceso, tomaremos las medidas apropiadas para proteger su libertad, derechos e intereses.\r\n<h3>Sus derechos<\/h3>\r\nUsted tiene derecho a la informaci\u00f3n, correcci\u00f3n, eliminaci\u00f3n, restricci\u00f3n, transferencia de datos, revocaci\u00f3n y objeci\u00f3n con respecto a sus datos almacenados con nosotros. Si usted cree que el procesamiento de sus datos viola la ley de protecci\u00f3n de datos o que sus reclamos de protecci\u00f3n de datos han sido violados de cualquier otra manera, puede presentar una queja ante nosotros en office@tape-design.com o ante la autoridad de protecci\u00f3n de datos.\r\n<h3>Puede ponerse en contacto con nosotros a trav\u00e9s de los siguientes datos de contacto:<\/h3>\r\nTAPEDESIGN WO GmbH\r\nFriedrich Schnideritschstrasse 2\r\n8054 Graz\r\nAustria\r\n\r\noffice@tape-design.com\r\n\r\n<\/div>\r\n<\/div>\r\n<\/div>\r\n<\/div>\r\n<\/div>\r\n<\/div>\r\n<\/div>\r\n<\/div>\t\t\t\t\t\t\t\t<\/div>\n\t\t\t\t<\/div>\n\t\t\t\t\t<\/div>\n\t\t\t\t<\/div>\n\t\t\t\t<\/div>\n\t\t","protected":false},"excerpt":{"rendered":"<p>Pol\u00edtica de privacidad La protecci\u00f3n de sus datos personales nos preocupa especialmente. Por lo tanto, procesamos sus datos exclusivamente sobre la base de las disposiciones legales (DSGVO, TKG 2003). En&hellip;<\/p>\n","protected":false},"author":14165,"featured_media":0,"parent":0,"menu_order":0,"comment_status":"closed","ping_status":"closed","template":"","meta":{"_acf_changed":false,"footnotes":""},"class_list":["post-124359","page","type-page","status-publish","hentry"],"acf":[],"yoast_head":"<title>Pol\u00edtica de privacidad - TAPEDESIGN<\/title>\n<meta name=\"robots\" content=\"index, follow, max-snippet:-1, max-image-preview:large, max-video-preview:-1\" \/>\n<link rel=\"canonical\" href=\"https:\/\/www.tape-design.com\/es\/declaracion-de-privacidad\/\" \/>\n<meta property=\"og:locale\" content=\"es_ES\" \/>\n<meta property=\"og:type\" content=\"article\" \/>\n<meta property=\"og:title\" content=\"Pol\u00edtica de privacidad - TAPEDESIGN\" \/>\n<meta property=\"og:description\" content=\"Pol\u00edtica de privacidad La protecci\u00f3n de sus datos personales nos preocupa especialmente. Por lo tanto, procesamos sus datos exclusivamente sobre la base de las disposiciones legales (DSGVO, TKG 2003). En&hellip;\" \/>\n<meta property=\"og:url\" content=\"https:\/\/www.tape-design.com\/es\/declaracion-de-privacidad\/\" \/>\n<meta property=\"og:site_name\" content=\"TAPEDESIGN\" \/>\n<meta property=\"article:publisher\" content=\"https:\/\/www.facebook.com\/tapedesigncom\/\" \/>\n<meta property=\"article:modified_time\" content=\"2025-03-03T13:55:22+00:00\" \/>\n<meta name=\"twitter:card\" content=\"summary_large_image\" \/>\n<meta name=\"twitter:label1\" content=\"Tiempo de lectura\" \/>\n\t<meta name=\"twitter:data1\" content=\"7 minutos\" \/>\n<script type=\"application\/ld+json\" class=\"yoast-schema-graph\">{\"@context\":\"https:\/\/schema.org\",\"@graph\":[{\"@type\":\"WebPage\",\"@id\":\"https:\/\/www.tape-design.com\/es\/declaracion-de-privacidad\/\",\"url\":\"https:\/\/www.tape-design.com\/es\/declaracion-de-privacidad\/\",\"name\":\"Pol\u00edtica de privacidad - TAPEDESIGN\",\"isPartOf\":{\"@id\":\"https:\/\/www.tape-design.com\/#website\"},\"datePublished\":\"2025-03-03T09:38:24+00:00\",\"dateModified\":\"2025-03-03T13:55:22+00:00\",\"breadcrumb\":{\"@id\":\"https:\/\/www.tape-design.com\/es\/declaracion-de-privacidad\/#breadcrumb\"},\"inLanguage\":\"es\",\"potentialAction\":[{\"@type\":\"ReadAction\",\"target\":[\"https:\/\/www.tape-design.com\/es\/declaracion-de-privacidad\/\"]}]},{\"@type\":\"BreadcrumbList\",\"@id\":\"https:\/\/www.tape-design.com\/es\/declaracion-de-privacidad\/#breadcrumb\",\"itemListElement\":[{\"@type\":\"ListItem\",\"position\":1,\"name\":\"Home\",\"item\":\"https:\/\/www.tape-design.com\/es\/\"},{\"@type\":\"ListItem\",\"position\":2,\"name\":\"Pol\u00edtica de privacidad\"}]},{\"@type\":\"WebSite\",\"@id\":\"https:\/\/www.tape-design.com\/#website\",\"url\":\"https:\/\/www.tape-design.com\/\",\"name\":\"TAPEDESIGN\",\"description\":\"Always a step ahead\",\"publisher\":{\"@id\":\"https:\/\/www.tape-design.com\/#organization\"},\"potentialAction\":[{\"@type\":\"SearchAction\",\"target\":{\"@type\":\"EntryPoint\",\"urlTemplate\":\"https:\/\/www.tape-design.com\/?s={search_term_string}\"},\"query-input\":{\"@type\":\"PropertyValueSpecification\",\"valueRequired\":true,\"valueName\":\"search_term_string\"}}],\"inLanguage\":\"es\"},{\"@type\":\"Organization\",\"@id\":\"https:\/\/www.tape-design.com\/#organization\",\"name\":\"TAPEDESIGN\",\"url\":\"https:\/\/www.tape-design.com\/\",\"logo\":{\"@type\":\"ImageObject\",\"inLanguage\":\"es\",\"@id\":\"https:\/\/www.tape-design.com\/#\/schema\/logo\/image\/\",\"url\":\"https:\/\/www.tape-design.com\/app\/uploads\/2020\/11\/Logosmall.png\",\"contentUrl\":\"https:\/\/www.tape-design.com\/app\/uploads\/2020\/11\/Logosmall.png\",\"width\":340,\"height\":156,\"caption\":\"TAPEDESIGN\"},\"image\":{\"@id\":\"https:\/\/www.tape-design.com\/#\/schema\/logo\/image\/\"},\"sameAs\":[\"https:\/\/www.facebook.com\/tapedesigncom\/\",\"https:\/\/www.instagram.com\/tapedesign_socks\/?hl=de\"]}]}<\/script>","yoast_head_json":{"title":"Pol\u00edtica de privacidad - TAPEDESIGN","robots":{"index":"index","follow":"follow","max-snippet":"max-snippet:-1","max-image-preview":"max-image-preview:large","max-video-preview":"max-video-preview:-1"},"canonical":"https:\/\/www.tape-design.com\/es\/declaracion-de-privacidad\/","og_locale":"es_ES","og_type":"article","og_title":"Pol\u00edtica de privacidad - TAPEDESIGN","og_description":"Pol\u00edtica de privacidad La protecci\u00f3n de sus datos personales nos preocupa especialmente. Por lo tanto, procesamos sus datos exclusivamente sobre la base de las disposiciones legales (DSGVO, TKG 2003). En&hellip;","og_url":"https:\/\/www.tape-design.com\/es\/declaracion-de-privacidad\/","og_site_name":"TAPEDESIGN","article_publisher":"https:\/\/www.facebook.com\/tapedesigncom\/","article_modified_time":"2025-03-03T13:55:22+00:00","twitter_card":"summary_large_image","twitter_misc":{"Tiempo de lectura":"7 minutos"},"schema":{"@context":"https:\/\/schema.org","@graph":[{"@type":"WebPage","@id":"https:\/\/www.tape-design.com\/es\/declaracion-de-privacidad\/","url":"https:\/\/www.tape-design.com\/es\/declaracion-de-privacidad\/","name":"Pol\u00edtica de privacidad - TAPEDESIGN","isPartOf":{"@id":"https:\/\/www.tape-design.com\/#website"},"datePublished":"2025-03-03T09:38:24+00:00","dateModified":"2025-03-03T13:55:22+00:00","breadcrumb":{"@id":"https:\/\/www.tape-design.com\/es\/declaracion-de-privacidad\/#breadcrumb"},"inLanguage":"es","potentialAction":[{"@type":"ReadAction","target":["https:\/\/www.tape-design.com\/es\/declaracion-de-privacidad\/"]}]},{"@type":"BreadcrumbList","@id":"https:\/\/www.tape-design.com\/es\/declaracion-de-privacidad\/#breadcrumb","itemListElement":[{"@type":"ListItem","position":1,"name":"Home","item":"https:\/\/www.tape-design.com\/es\/"},{"@type":"ListItem","position":2,"name":"Pol\u00edtica de privacidad"}]},{"@type":"WebSite","@id":"https:\/\/www.tape-design.com\/#website","url":"https:\/\/www.tape-design.com\/","name":"TAPEDESIGN","description":"Always a step ahead","publisher":{"@id":"https:\/\/www.tape-design.com\/#organization"},"potentialAction":[{"@type":"SearchAction","target":{"@type":"EntryPoint","urlTemplate":"https:\/\/www.tape-design.com\/?s={search_term_string}"},"query-input":{"@type":"PropertyValueSpecification","valueRequired":true,"valueName":"search_term_string"}}],"inLanguage":"es"},{"@type":"Organization","@id":"https:\/\/www.tape-design.com\/#organization","name":"TAPEDESIGN","url":"https:\/\/www.tape-design.com\/","logo":{"@type":"ImageObject","inLanguage":"es","@id":"https:\/\/www.tape-design.com\/#\/schema\/logo\/image\/","url":"https:\/\/www.tape-design.com\/app\/uploads\/2020\/11\/Logosmall.png","contentUrl":"https:\/\/www.tape-design.com\/app\/uploads\/2020\/11\/Logosmall.png","width":340,"height":156,"caption":"TAPEDESIGN"},"image":{"@id":"https:\/\/www.tape-design.com\/#\/schema\/logo\/image\/"},"sameAs":["https:\/\/www.facebook.com\/tapedesigncom\/","https:\/\/www.instagram.com\/tapedesign_socks\/?hl=de"]}]}},"_links":{"self":[{"href":"https:\/\/www.tape-design.com\/es\/wp-json\/wp\/v2\/pages\/124359","targetHints":{"allow":["GET"]}}],"collection":[{"href":"https:\/\/www.tape-design.com\/es\/wp-json\/wp\/v2\/pages"}],"about":[{"href":"https:\/\/www.tape-design.com\/es\/wp-json\/wp\/v2\/types\/page"}],"author":[{"embeddable":true,"href":"https:\/\/www.tape-design.com\/es\/wp-json\/wp\/v2\/users\/14165"}],"replies":[{"embeddable":true,"href":"https:\/\/www.tape-design.com\/es\/wp-json\/wp\/v2\/comments?post=124359"}],"version-history":[{"count":4,"href":"https:\/\/www.tape-design.com\/es\/wp-json\/wp\/v2\/pages\/124359\/revisions"}],"predecessor-version":[{"id":124391,"href":"https:\/\/www.tape-design.com\/es\/wp-json\/wp\/v2\/pages\/124359\/revisions\/124391"}],"wp:attachment":[{"href":"https:\/\/www.tape-design.com\/es\/wp-json\/wp\/v2\/media?parent=124359"}],"curies":[{"name":"wp","href":"https:\/\/api.w.org\/{rel}","templated":true}]}}