{"id":1546,"date":"2020-11-02T10:07:43","date_gmt":"2020-11-02T09:07:43","guid":{"rendered":"http:\/\/tapedesign.sw763nap.at.edis.global\/impressum\/"},"modified":"2025-03-05T08:05:53","modified_gmt":"2025-03-05T07:05:53","slug":"aviso-legal","status":"publish","type":"page","link":"https:\/\/www.tape-design.com\/es\/aviso-legal\/","title":{"rendered":"Aviso legal"},"content":{"rendered":"\t\t<div data-elementor-type=\"wp-page\" data-elementor-id=\"1546\" class=\"elementor elementor-1546 elementor-27\" data-elementor-post-type=\"page\">\n\t\t\t\t<div class=\"elementor-element elementor-element-12d6e231 e-flex e-con-boxed e-con e-parent\" data-id=\"12d6e231\" data-element_type=\"container\">\n\t\t\t\t\t<div class=\"e-con-inner\">\n\t\t\t\t<div class=\"elementor-element elementor-element-169d1d2e elementor-widget elementor-widget-text-editor\" data-id=\"169d1d2e\" data-element_type=\"widget\" data-widget_type=\"text-editor.default\">\n\t\t\t\t<div class=\"elementor-widget-container\">\n\t\t\t\t\t\t\t\t\t<p><strong>Direcci\u00f3n de facturaci\u00f3n de la oficina<\/strong><br \/>\nTAPEDESIGN WO GmbH<br \/>\nFriedrich Schnideritschstrasse 2<br \/>\n8054 Graz<br \/>\nAustria<\/p>\n<p><strong>Almac\u00e9n \/ Devoluciones<\/strong><br \/>\nTapedesign WO GmbH<br \/>\nHeuweg 10<br \/>\n8041 Graz<br \/>\nAustria<\/p>\n<p><a href=\"mailto:office@tape-design.com\">office@tape-design.com<\/a><\/p>\n<p><strong>Director General<\/strong>: Mario Ofner, Thomas Weber<br \/>\ntribunal de registro mercantil: LGZ Graz<br \/>\nn\u00famero de registro mercantil: 446250a<br \/>\nN\u00famero de UID: ATU71092809<br \/>\nn\u00famero de identificaci\u00f3n fiscal: 68\/572\/5665<\/p>\n<p><strong>Aplicaci\u00f3n t\u00e9cnica<\/strong><br \/>\n<a href=\"https:\/\/love-it.at\">LOVE-IT Passionate Software Solutions<\/a><\/p>\n<p><strong>Limitaci\u00f3n de responsabilidad<\/strong><br \/>\nEl uso de este sitio web ofrecido por TAPEDESIGN WO GmbH est\u00e1 permitido exclusivamente sobre la base de estas condiciones.<\/p>\n<p>Los contenidos de esta p\u00e1gina web han sido elaborados con el mayor cuidado posible. Sin embargo, TAPEDESIGN WO GmbH no asume ninguna responsabilidad por la exactitud, integridad y actualidad de los contenidos proporcionados. TAPEDESIGN WO GmbH no garantiza la exactitud y calidad de los contenidos proporcionados en este sitio web o que se transmiten o descargan a trav\u00e9s de este sitio web. TAPEDESIGN WO GmbH se reserva el derecho de modificar, completar o eliminar partes de la p\u00e1gina web o la oferta completa sin previo aviso. Las contribuciones marcadas con el nombre reflejan la opini\u00f3n del autor respectivo y no siempre la opini\u00f3n del proveedor. El mero uso del sitio web del proveedor no constituye una relaci\u00f3n contractual entre el usuario y el proveedor.<\/p>\n<p><strong>Enlaces externos<\/strong><\/p>\n<p>Este sitio web contiene enlaces a sitios web de terceros (\u201cenlaces externos\u201d). Estos sitios web est\u00e1n sujetos a la responsabilidad de los respectivos operadores. En el momento de la creaci\u00f3n de los enlaces externos, el proveedor ha comprobado el contenido externo en busca de posibles infracciones legales. En ese momento, ninguna violaci\u00f3n de la ley era aparente. El proveedor no tiene ninguna influencia sobre el dise\u00f1o actual y futuro ni sobre el contenido de las p\u00e1ginas enlazadas. La inclusi\u00f3n de enlaces externos no significa que el proveedor adopte el contenido detr\u00e1s de la referencia o enlace como propio. Un control constante de los enlaces externos no es razonable para el proveedor sin pruebas concretas de violaciones legales. Sin embargo, si tales violaciones de la ley llegan a ser conocidas, tales enlaces externos ser\u00e1n eliminados inmediatamente.<\/p>\n<p><strong>Derechos de autor y derechos conexos<\/strong><\/p>\n<p>Los contenidos publicados en este sitio web est\u00e1n sujetos a derechos de autor y derechos de autor accesorios. Cualquier uso requiere el consentimiento previo por escrito de TAPEDESIGN WO GmbH y s\u00f3lo se permite con la menci\u00f3n de la informaci\u00f3n de copyright. Esto se aplica en particular a la duplicaci\u00f3n, edici\u00f3n, traducci\u00f3n, almacenamiento, procesamiento o reproducci\u00f3n de contenidos en bases de datos u otros medios y sistemas electr\u00f3nicos. Los contenidos y derechos de terceros est\u00e1n marcados como tales.<\/p>\n<p><strong>Cookies<br \/>\n<\/strong>Las p\u00e1ginas de Internet utilizan las llamadas cookies en varios lugares. Sirven para que nuestra oferta sea m\u00e1s f\u00e1cil de usar, m\u00e1s eficaz y m\u00e1s segura. Las cookies son peque\u00f1os archivos de texto que su navegador almacena en su ordenador. La mayor\u00eda de las cookies que utilizamos son las llamadas \u201ccookies de sesi\u00f3n\u201d. Se borran autom\u00e1ticamente al final de su visita. Las cookies no da\u00f1an su ordenador y no contienen virus.<\/p>\n<p><strong>Disclaimer Google Analytics<\/strong><br \/>\nEste sitio web utiliza Google Analytics, un servicio de an\u00e1lisis web prestado por Google Inc. (\u201cGoogle\u201d). Google Analytics utiliza \u201ccookies\u201d, que son archivos de texto ubicados en su ordenador, para ayudar al website a analizar el uso que hacen los usuarios del sitio web. La informaci\u00f3n generada por la cookie acerca de su uso del sitio web (incluyendo su direcci\u00f3n IP, que sin embargo se hace an\u00f3nima utilizando el m\u00e9todo _anonymizeIp() para que ya no pueda asignarse a una conexi\u00f3n) se transmite a un servidor de Google en los EE.UU. y se almacena all\u00ed.<br \/>\nGoogle utilizar\u00e1 esta informaci\u00f3n con el fin de evaluar su uso del sitio web, recopilar informes sobre la actividad del sitio web para los operadores del mismo y proporcionar otros servicios relacionados con la actividad del sitio web y el uso de Internet. Google tambi\u00e9n puede transferir esta informaci\u00f3n a terceros cuando as\u00ed se lo requiera la ley, o cuando dichos terceros procesen la informaci\u00f3n por cuenta de Google. Google no asociar\u00e1 su direcci\u00f3n IP con ning\u00fan otro dato que posea Google. Usted puede rechazar el uso de cookies mediante la selecci\u00f3n de la configuraci\u00f3n apropiada de su navegador, sin embargo, tenga en cuenta que si lo hace, es posible que no pueda utilizar todas las funciones de este sitio web. Al utilizar este sitio web, usted da su consentimiento para que Google procese sus datos en la forma y para los fines arriba indicados.<br \/>\nPuede oponerse a la recopilaci\u00f3n de datos por parte de Google Analytics con efecto para el futuro mediante la instalaci\u00f3n de un complemento de desactivaci\u00f3n (<a href=\"http:\/\/tools.google.com\/dlpage\/gaoptout?hl=de\">http:\/\/tools.google.com\/dlpage\/gaoptout?hl=de<\/a>) para su navegador.<\/p>\n<p><strong>Resoluci\u00f3n de litigios en l\u00ednea<\/strong><br \/>\nResoluci\u00f3n de litigios en l\u00ednea conforme al Art. 14.1 del Reglamento (UE) 524\/2013: La Comisi\u00f3n Europea facilita una plataforma de resoluci\u00f3n de litigios en l\u00ednea, la cual se encuentra disponible en el siguiente enlace:\u00a0<a href=\"https:\/\/ec.europa.eu\/consumers\/odr\/\" target=\"_blank\" rel=\"noopener noreferrer\">https:\/\/ec.europa.eu\/consumers\/odr\/<\/a>.<br \/>\nNo tenemos la intenci\u00f3n de participar en procedimientos de soluci\u00f3n de controversias ante un \u00f3rgano de soluci\u00f3n de controversias.<\/p>\n\t\t\t\t\t\t\t\t<\/div>\n\t\t\t\t<\/div>\n\t\t\t\t\t<\/div>\n\t\t\t\t<\/div>\n\t\t\t\t<\/div>\n\t\t","protected":false},"excerpt":{"rendered":"<p>Direcci\u00f3n de facturaci\u00f3n de la oficina TAPEDESIGN WO GmbH Friedrich Schnideritschstrasse 2 8054 Graz Austria Almac\u00e9n \/ Devoluciones Tapedesign WO GmbH Heuweg 10 8041 Graz Austria office@tape-design.com Director General: Mario&hellip;<\/p>\n","protected":false},"author":1,"featured_media":0,"parent":0,"menu_order":0,"comment_status":"closed","ping_status":"closed","template":"","meta":{"_acf_changed":false,"footnotes":""},"class_list":["post-1546","page","type-page","status-publish","hentry"],"acf":[],"yoast_head":"<title>Aviso legal - TAPEDESIGN<\/title>\n<meta name=\"robots\" content=\"index, follow, max-snippet:-1, max-image-preview:large, max-video-preview:-1\" \/>\n<link rel=\"canonical\" href=\"https:\/\/www.tape-design.com\/es\/aviso-legal\/\" \/>\n<meta property=\"og:locale\" content=\"es_ES\" \/>\n<meta property=\"og:type\" content=\"article\" \/>\n<meta property=\"og:title\" content=\"Aviso legal - TAPEDESIGN\" \/>\n<meta property=\"og:description\" content=\"Direcci\u00f3n de facturaci\u00f3n de la oficina TAPEDESIGN WO GmbH Friedrich Schnideritschstrasse 2 8054 Graz Austria Almac\u00e9n \/ Devoluciones Tapedesign WO GmbH Heuweg 10 8041 Graz Austria office@tape-design.com Director General: Mario&hellip;\" \/>\n<meta property=\"og:url\" content=\"https:\/\/www.tape-design.com\/es\/aviso-legal\/\" \/>\n<meta property=\"og:site_name\" content=\"TAPEDESIGN\" \/>\n<meta property=\"article:publisher\" content=\"https:\/\/www.facebook.com\/tapedesigncom\/\" \/>\n<meta property=\"article:modified_time\" content=\"2025-03-05T07:05:53+00:00\" \/>\n<meta name=\"twitter:card\" content=\"summary_large_image\" \/>\n<meta name=\"twitter:label1\" content=\"Tiempo de lectura\" \/>\n\t<meta name=\"twitter:data1\" content=\"5 minutos\" \/>\n<script type=\"application\/ld+json\" class=\"yoast-schema-graph\">{\"@context\":\"https:\/\/schema.org\",\"@graph\":[{\"@type\":\"WebPage\",\"@id\":\"https:\/\/www.tape-design.com\/es\/aviso-legal\/\",\"url\":\"https:\/\/www.tape-design.com\/es\/aviso-legal\/\",\"name\":\"Aviso legal - TAPEDESIGN\",\"isPartOf\":{\"@id\":\"https:\/\/www.tape-design.com\/#website\"},\"datePublished\":\"2020-11-02T09:07:43+00:00\",\"dateModified\":\"2025-03-05T07:05:53+00:00\",\"breadcrumb\":{\"@id\":\"https:\/\/www.tape-design.com\/es\/aviso-legal\/#breadcrumb\"},\"inLanguage\":\"es\",\"potentialAction\":[{\"@type\":\"ReadAction\",\"target\":[\"https:\/\/www.tape-design.com\/es\/aviso-legal\/\"]}]},{\"@type\":\"BreadcrumbList\",\"@id\":\"https:\/\/www.tape-design.com\/es\/aviso-legal\/#breadcrumb\",\"itemListElement\":[{\"@type\":\"ListItem\",\"position\":1,\"name\":\"Home\",\"item\":\"https:\/\/www.tape-design.com\/es\/\"},{\"@type\":\"ListItem\",\"position\":2,\"name\":\"Aviso legal\"}]},{\"@type\":\"WebSite\",\"@id\":\"https:\/\/www.tape-design.com\/#website\",\"url\":\"https:\/\/www.tape-design.com\/\",\"name\":\"TAPEDESIGN\",\"description\":\"Always a step ahead\",\"publisher\":{\"@id\":\"https:\/\/www.tape-design.com\/#organization\"},\"potentialAction\":[{\"@type\":\"SearchAction\",\"target\":{\"@type\":\"EntryPoint\",\"urlTemplate\":\"https:\/\/www.tape-design.com\/?s={search_term_string}\"},\"query-input\":{\"@type\":\"PropertyValueSpecification\",\"valueRequired\":true,\"valueName\":\"search_term_string\"}}],\"inLanguage\":\"es\"},{\"@type\":\"Organization\",\"@id\":\"https:\/\/www.tape-design.com\/#organization\",\"name\":\"TAPEDESIGN\",\"url\":\"https:\/\/www.tape-design.com\/\",\"logo\":{\"@type\":\"ImageObject\",\"inLanguage\":\"es\",\"@id\":\"https:\/\/www.tape-design.com\/#\/schema\/logo\/image\/\",\"url\":\"https:\/\/www.tape-design.com\/app\/uploads\/2020\/11\/Logosmall.png\",\"contentUrl\":\"https:\/\/www.tape-design.com\/app\/uploads\/2020\/11\/Logosmall.png\",\"width\":340,\"height\":156,\"caption\":\"TAPEDESIGN\"},\"image\":{\"@id\":\"https:\/\/www.tape-design.com\/#\/schema\/logo\/image\/\"},\"sameAs\":[\"https:\/\/www.facebook.com\/tapedesigncom\/\",\"https:\/\/www.instagram.com\/tapedesign_socks\/?hl=de\"]}]}<\/script>","yoast_head_json":{"title":"Aviso legal - TAPEDESIGN","robots":{"index":"index","follow":"follow","max-snippet":"max-snippet:-1","max-image-preview":"max-image-preview:large","max-video-preview":"max-video-preview:-1"},"canonical":"https:\/\/www.tape-design.com\/es\/aviso-legal\/","og_locale":"es_ES","og_type":"article","og_title":"Aviso legal - TAPEDESIGN","og_description":"Direcci\u00f3n de facturaci\u00f3n de la oficina TAPEDESIGN WO GmbH Friedrich Schnideritschstrasse 2 8054 Graz Austria Almac\u00e9n \/ Devoluciones Tapedesign WO GmbH Heuweg 10 8041 Graz Austria office@tape-design.com Director General: Mario&hellip;","og_url":"https:\/\/www.tape-design.com\/es\/aviso-legal\/","og_site_name":"TAPEDESIGN","article_publisher":"https:\/\/www.facebook.com\/tapedesigncom\/","article_modified_time":"2025-03-05T07:05:53+00:00","twitter_card":"summary_large_image","twitter_misc":{"Tiempo de lectura":"5 minutos"},"schema":{"@context":"https:\/\/schema.org","@graph":[{"@type":"WebPage","@id":"https:\/\/www.tape-design.com\/es\/aviso-legal\/","url":"https:\/\/www.tape-design.com\/es\/aviso-legal\/","name":"Aviso legal - TAPEDESIGN","isPartOf":{"@id":"https:\/\/www.tape-design.com\/#website"},"datePublished":"2020-11-02T09:07:43+00:00","dateModified":"2025-03-05T07:05:53+00:00","breadcrumb":{"@id":"https:\/\/www.tape-design.com\/es\/aviso-legal\/#breadcrumb"},"inLanguage":"es","potentialAction":[{"@type":"ReadAction","target":["https:\/\/www.tape-design.com\/es\/aviso-legal\/"]}]},{"@type":"BreadcrumbList","@id":"https:\/\/www.tape-design.com\/es\/aviso-legal\/#breadcrumb","itemListElement":[{"@type":"ListItem","position":1,"name":"Home","item":"https:\/\/www.tape-design.com\/es\/"},{"@type":"ListItem","position":2,"name":"Aviso legal"}]},{"@type":"WebSite","@id":"https:\/\/www.tape-design.com\/#website","url":"https:\/\/www.tape-design.com\/","name":"TAPEDESIGN","description":"Always a step ahead","publisher":{"@id":"https:\/\/www.tape-design.com\/#organization"},"potentialAction":[{"@type":"SearchAction","target":{"@type":"EntryPoint","urlTemplate":"https:\/\/www.tape-design.com\/?s={search_term_string}"},"query-input":{"@type":"PropertyValueSpecification","valueRequired":true,"valueName":"search_term_string"}}],"inLanguage":"es"},{"@type":"Organization","@id":"https:\/\/www.tape-design.com\/#organization","name":"TAPEDESIGN","url":"https:\/\/www.tape-design.com\/","logo":{"@type":"ImageObject","inLanguage":"es","@id":"https:\/\/www.tape-design.com\/#\/schema\/logo\/image\/","url":"https:\/\/www.tape-design.com\/app\/uploads\/2020\/11\/Logosmall.png","contentUrl":"https:\/\/www.tape-design.com\/app\/uploads\/2020\/11\/Logosmall.png","width":340,"height":156,"caption":"TAPEDESIGN"},"image":{"@id":"https:\/\/www.tape-design.com\/#\/schema\/logo\/image\/"},"sameAs":["https:\/\/www.facebook.com\/tapedesigncom\/","https:\/\/www.instagram.com\/tapedesign_socks\/?hl=de"]}]}},"_links":{"self":[{"href":"https:\/\/www.tape-design.com\/es\/wp-json\/wp\/v2\/pages\/1546","targetHints":{"allow":["GET"]}}],"collection":[{"href":"https:\/\/www.tape-design.com\/es\/wp-json\/wp\/v2\/pages"}],"about":[{"href":"https:\/\/www.tape-design.com\/es\/wp-json\/wp\/v2\/types\/page"}],"author":[{"embeddable":true,"href":"https:\/\/www.tape-design.com\/es\/wp-json\/wp\/v2\/users\/1"}],"replies":[{"embeddable":true,"href":"https:\/\/www.tape-design.com\/es\/wp-json\/wp\/v2\/comments?post=1546"}],"version-history":[{"count":10,"href":"https:\/\/www.tape-design.com\/es\/wp-json\/wp\/v2\/pages\/1546\/revisions"}],"predecessor-version":[{"id":124458,"href":"https:\/\/www.tape-design.com\/es\/wp-json\/wp\/v2\/pages\/1546\/revisions\/124458"}],"wp:attachment":[{"href":"https:\/\/www.tape-design.com\/es\/wp-json\/wp\/v2\/media?parent=1546"}],"curies":[{"name":"wp","href":"https:\/\/api.w.org\/{rel}","templated":true}]}}