{"id":1558,"date":"2020-11-03T22:31:45","date_gmt":"2020-11-03T21:31:45","guid":{"rendered":"http:\/\/tapedesign.sw763nap.at.edis.global\/versandarten\/"},"modified":"2025-03-06T08:52:27","modified_gmt":"2025-03-06T07:52:27","slug":"metodos-de-envio","status":"publish","type":"page","link":"https:\/\/www.tape-design.com\/es\/metodos-de-envio\/","title":{"rendered":"M\u00e9todos de env\u00edo"},"content":{"rendered":"<h2><strong>Precios, gastos de env\u00edo e informaci\u00f3n de entrega:<\/strong><\/h2>\n<p>Los precios indicados en las p\u00e1ginas del producto incluyen el impuesto sobre el valor a\u00f1adido legal y otros componentes del precio.<\/p>\n<p>Adem\u00e1s de los precios indicados, cobramos los siguientes gastos de env\u00edo:<\/p>\n<h3>EUROPA (GLS)<\/h3>\n<p><strong>Zona 1<\/strong><\/p>\n<ul>\n<li>6.99 Euro: Austria<\/li>\n<li>6.99 Euro: Eslovenia<\/li>\n<li>8.99 Euro: Alemania<\/li>\n<\/ul>\n<p><strong>Zona 2<\/strong><\/p>\n<ul>\n<li>7.99 Euro: Hungr\u00eda, Eslovaquia, Rep\u00fablica Checa, Luxemburgo<\/li>\n<\/ul>\n<p><strong>Zona 3<\/strong><\/p>\n<ul>\n<li>8.99 Euro: B\u00e9lgica, Dinamarca, Holanda \/ Pa\u00edses Bajos, Rumania, Bulgaria<\/li>\n<\/ul>\n<p><strong>Zona 4<\/strong><\/p>\n<ul>\n<li>9.99 euros: Francia, Italia, Croacia<\/li>\n<\/ul>\n<p><strong>Zona 5<\/strong><\/p>\n<ul>\n<li>12.99 euros: Finlandia, Suecia<\/li>\n<\/ul>\n<p><strong>Zona 6<\/strong><\/p>\n<ul>\n<li>14.99 Euro: Chipre, Estonia, Letonia, Lituania, Malta, Grecia, Espa\u00f1a, Irlanda, Polonia, Portugal<\/li>\n<\/ul>\n<p><strong>Zona 7<\/strong><\/p>\n<ul>\n<li>14.99 Euro: Islandia, Noruega<\/li>\n<\/ul>\n<h3>NO-EUROPA (DHL EXPRESS)<\/h3>\n<p><strong>Zona 1<\/strong><\/p>\n<ul>\n<li>14.99 Euro: Gran Breta\u00f1a<\/li>\n<\/ul>\n<p><strong>Zona 2<\/strong><\/p>\n<ul>\n<li>17.99 euros: Moldavia, Macedonia del Norte, Serbia, Turqu\u00eda, Bosnia y Herzegovina, Ucrania<\/li>\n<\/ul>\n<p><strong>Zona 3<\/strong><\/p>\n<ul>\n<li>19.99 Euro: Suiza, Albania, M\u00f3naco, Am\u00e9rica, M\u00e9xico, Canad\u00e1<\/li>\n<\/ul>\n<p><strong>Zona 4<\/strong><\/p>\n<ul>\n<li>26.99 Euro: China, Jap\u00f3n<\/li>\n<\/ul>\n<p><strong>Zona 5<\/strong><\/p>\n<ul>\n<li>36.99 euros: Argentina, Emiratos \u00c1rabes Unidos, Arabia Saudita, Om\u00e1n, Qatar, Bahrein, Sud\u00e1frica, Azerbaiy\u00e1n, Armenia, Georgia, Bahamas, Costa Rica, Australia, \u00c1frica, Ghana, Corea del Norte, Corea del Sur, Kuwait, India, Hong Kong, Bolivia, Chile, Colombia, Paraguay, Per\u00fa, Uruguay, Venezuela, Brasil<\/li>\n<\/ul>\n","protected":false},"excerpt":{"rendered":"<p>Precios, gastos de env\u00edo e informaci\u00f3n de entrega: Los precios indicados en las p\u00e1ginas del producto incluyen el impuesto sobre el valor a\u00f1adido legal y otros componentes del precio. Adem\u00e1s&hellip;<\/p>\n","protected":false},"author":1,"featured_media":0,"parent":0,"menu_order":0,"comment_status":"closed","ping_status":"closed","template":"","meta":{"_acf_changed":false,"footnotes":""},"class_list":["post-1558","page","type-page","status-publish","hentry"],"acf":[],"yoast_head":"<title>M\u00e9todos de env\u00edo - TAPEDESIGN<\/title>\n<meta name=\"robots\" content=\"noindex, follow\" \/>\n<meta property=\"og:locale\" content=\"es_ES\" \/>\n<meta property=\"og:type\" content=\"article\" \/>\n<meta property=\"og:title\" content=\"M\u00e9todos de env\u00edo - TAPEDESIGN\" \/>\n<meta property=\"og:description\" content=\"Precios, gastos de env\u00edo e informaci\u00f3n de entrega: Los precios indicados en las p\u00e1ginas del producto incluyen el impuesto sobre el valor a\u00f1adido legal y otros componentes del precio. Adem\u00e1s&hellip;\" \/>\n<meta property=\"og:url\" content=\"https:\/\/www.tape-design.com\/es\/metodos-de-envio\/\" \/>\n<meta property=\"og:site_name\" content=\"TAPEDESIGN\" \/>\n<meta property=\"article:publisher\" content=\"https:\/\/www.facebook.com\/tapedesigncom\/\" \/>\n<meta property=\"article:modified_time\" content=\"2025-03-06T07:52:27+00:00\" \/>\n<meta name=\"twitter:card\" content=\"summary_large_image\" \/>\n<meta name=\"twitter:label1\" content=\"Tiempo de lectura\" \/>\n\t<meta name=\"twitter:data1\" content=\"1 minuto\" \/>\n<script type=\"application\/ld+json\" class=\"yoast-schema-graph\">{\"@context\":\"https:\/\/schema.org\",\"@graph\":[{\"@type\":\"WebPage\",\"@id\":\"https:\/\/www.tape-design.com\/es\/metodos-de-envio\/\",\"url\":\"https:\/\/www.tape-design.com\/es\/metodos-de-envio\/\",\"name\":\"M\u00e9todos de env\u00edo - TAPEDESIGN\",\"isPartOf\":{\"@id\":\"https:\/\/www.tape-design.com\/#website\"},\"datePublished\":\"2020-11-03T21:31:45+00:00\",\"dateModified\":\"2025-03-06T07:52:27+00:00\",\"breadcrumb\":{\"@id\":\"https:\/\/www.tape-design.com\/es\/metodos-de-envio\/#breadcrumb\"},\"inLanguage\":\"es\",\"potentialAction\":[{\"@type\":\"ReadAction\",\"target\":[\"https:\/\/www.tape-design.com\/es\/metodos-de-envio\/\"]}]},{\"@type\":\"BreadcrumbList\",\"@id\":\"https:\/\/www.tape-design.com\/es\/metodos-de-envio\/#breadcrumb\",\"itemListElement\":[{\"@type\":\"ListItem\",\"position\":1,\"name\":\"Home\",\"item\":\"https:\/\/www.tape-design.com\/es\/\"},{\"@type\":\"ListItem\",\"position\":2,\"name\":\"M\u00e9todos de env\u00edo\"}]},{\"@type\":\"WebSite\",\"@id\":\"https:\/\/www.tape-design.com\/#website\",\"url\":\"https:\/\/www.tape-design.com\/\",\"name\":\"TAPEDESIGN\",\"description\":\"Always a step ahead\",\"publisher\":{\"@id\":\"https:\/\/www.tape-design.com\/#organization\"},\"potentialAction\":[{\"@type\":\"SearchAction\",\"target\":{\"@type\":\"EntryPoint\",\"urlTemplate\":\"https:\/\/www.tape-design.com\/?s={search_term_string}\"},\"query-input\":{\"@type\":\"PropertyValueSpecification\",\"valueRequired\":true,\"valueName\":\"search_term_string\"}}],\"inLanguage\":\"es\"},{\"@type\":\"Organization\",\"@id\":\"https:\/\/www.tape-design.com\/#organization\",\"name\":\"TAPEDESIGN\",\"url\":\"https:\/\/www.tape-design.com\/\",\"logo\":{\"@type\":\"ImageObject\",\"inLanguage\":\"es\",\"@id\":\"https:\/\/www.tape-design.com\/#\/schema\/logo\/image\/\",\"url\":\"https:\/\/www.tape-design.com\/app\/uploads\/2020\/11\/Logosmall.png\",\"contentUrl\":\"https:\/\/www.tape-design.com\/app\/uploads\/2020\/11\/Logosmall.png\",\"width\":340,\"height\":156,\"caption\":\"TAPEDESIGN\"},\"image\":{\"@id\":\"https:\/\/www.tape-design.com\/#\/schema\/logo\/image\/\"},\"sameAs\":[\"https:\/\/www.facebook.com\/tapedesigncom\/\",\"https:\/\/www.instagram.com\/tapedesign_socks\/?hl=de\"]}]}<\/script>","yoast_head_json":{"title":"M\u00e9todos de env\u00edo - TAPEDESIGN","robots":{"index":"noindex","follow":"follow"},"og_locale":"es_ES","og_type":"article","og_title":"M\u00e9todos de env\u00edo - TAPEDESIGN","og_description":"Precios, gastos de env\u00edo e informaci\u00f3n de entrega: Los precios indicados en las p\u00e1ginas del producto incluyen el impuesto sobre el valor a\u00f1adido legal y otros componentes del precio. Adem\u00e1s&hellip;","og_url":"https:\/\/www.tape-design.com\/es\/metodos-de-envio\/","og_site_name":"TAPEDESIGN","article_publisher":"https:\/\/www.facebook.com\/tapedesigncom\/","article_modified_time":"2025-03-06T07:52:27+00:00","twitter_card":"summary_large_image","twitter_misc":{"Tiempo de lectura":"1 minuto"},"schema":{"@context":"https:\/\/schema.org","@graph":[{"@type":"WebPage","@id":"https:\/\/www.tape-design.com\/es\/metodos-de-envio\/","url":"https:\/\/www.tape-design.com\/es\/metodos-de-envio\/","name":"M\u00e9todos de env\u00edo - TAPEDESIGN","isPartOf":{"@id":"https:\/\/www.tape-design.com\/#website"},"datePublished":"2020-11-03T21:31:45+00:00","dateModified":"2025-03-06T07:52:27+00:00","breadcrumb":{"@id":"https:\/\/www.tape-design.com\/es\/metodos-de-envio\/#breadcrumb"},"inLanguage":"es","potentialAction":[{"@type":"ReadAction","target":["https:\/\/www.tape-design.com\/es\/metodos-de-envio\/"]}]},{"@type":"BreadcrumbList","@id":"https:\/\/www.tape-design.com\/es\/metodos-de-envio\/#breadcrumb","itemListElement":[{"@type":"ListItem","position":1,"name":"Home","item":"https:\/\/www.tape-design.com\/es\/"},{"@type":"ListItem","position":2,"name":"M\u00e9todos de env\u00edo"}]},{"@type":"WebSite","@id":"https:\/\/www.tape-design.com\/#website","url":"https:\/\/www.tape-design.com\/","name":"TAPEDESIGN","description":"Always a step ahead","publisher":{"@id":"https:\/\/www.tape-design.com\/#organization"},"potentialAction":[{"@type":"SearchAction","target":{"@type":"EntryPoint","urlTemplate":"https:\/\/www.tape-design.com\/?s={search_term_string}"},"query-input":{"@type":"PropertyValueSpecification","valueRequired":true,"valueName":"search_term_string"}}],"inLanguage":"es"},{"@type":"Organization","@id":"https:\/\/www.tape-design.com\/#organization","name":"TAPEDESIGN","url":"https:\/\/www.tape-design.com\/","logo":{"@type":"ImageObject","inLanguage":"es","@id":"https:\/\/www.tape-design.com\/#\/schema\/logo\/image\/","url":"https:\/\/www.tape-design.com\/app\/uploads\/2020\/11\/Logosmall.png","contentUrl":"https:\/\/www.tape-design.com\/app\/uploads\/2020\/11\/Logosmall.png","width":340,"height":156,"caption":"TAPEDESIGN"},"image":{"@id":"https:\/\/www.tape-design.com\/#\/schema\/logo\/image\/"},"sameAs":["https:\/\/www.facebook.com\/tapedesigncom\/","https:\/\/www.instagram.com\/tapedesign_socks\/?hl=de"]}]}},"_links":{"self":[{"href":"https:\/\/www.tape-design.com\/es\/wp-json\/wp\/v2\/pages\/1558","targetHints":{"allow":["GET"]}}],"collection":[{"href":"https:\/\/www.tape-design.com\/es\/wp-json\/wp\/v2\/pages"}],"about":[{"href":"https:\/\/www.tape-design.com\/es\/wp-json\/wp\/v2\/types\/page"}],"author":[{"embeddable":true,"href":"https:\/\/www.tape-design.com\/es\/wp-json\/wp\/v2\/users\/1"}],"replies":[{"embeddable":true,"href":"https:\/\/www.tape-design.com\/es\/wp-json\/wp\/v2\/comments?post=1558"}],"version-history":[{"count":10,"href":"https:\/\/www.tape-design.com\/es\/wp-json\/wp\/v2\/pages\/1558\/revisions"}],"predecessor-version":[{"id":124624,"href":"https:\/\/www.tape-design.com\/es\/wp-json\/wp\/v2\/pages\/1558\/revisions\/124624"}],"wp:attachment":[{"href":"https:\/\/www.tape-design.com\/es\/wp-json\/wp\/v2\/media?parent=1558"}],"curies":[{"name":"wp","href":"https:\/\/api.w.org\/{rel}","templated":true}]}}