{"id":1716,"date":"2020-11-03T21:43:21","date_gmt":"2020-11-03T20:43:21","guid":{"rendered":"http:\/\/tapedesign.sw763nap.at.edis.global\/agb\/"},"modified":"2025-03-06T08:56:44","modified_gmt":"2025-03-06T07:56:44","slug":"terminos","status":"publish","type":"page","link":"https:\/\/www.tape-design.com\/es\/terminos\/","title":{"rendered":"T\u00e9rminos y condiciones"},"content":{"rendered":"\t\t<div data-elementor-type=\"wp-page\" data-elementor-id=\"1716\" class=\"elementor elementor-1716 elementor-85\" data-elementor-post-type=\"page\">\n\t\t\t\t<div class=\"elementor-element elementor-element-518e004f e-flex e-con-boxed e-con e-parent\" data-id=\"518e004f\" data-element_type=\"container\">\n\t\t\t\t\t<div class=\"e-con-inner\">\n\t\t\t\t<div class=\"elementor-element elementor-element-4546f426 elementor-widget elementor-widget-text-editor\" data-id=\"4546f426\" data-element_type=\"widget\" data-widget_type=\"text-editor.default\">\n\t\t\t\t<div class=\"elementor-widget-container\">\n\t\t\t\t\t\t\t\t\t<p>Condiciones contractuales en el marco de los contratos de compra celebrados a trav\u00e9s de la Plataforma https:\/\/www.tape-design.com<\/p>\n<p>entre<\/p>\n<p>TAPEDESIGN WO GmbH<br \/>\nFriedrich Schnideritschstrasse 2<br \/>\n8054 Graz<br \/>\nAustria<\/p>\n<p>\u2013 en lo sucesivo denominado \u201cel Proveedor\u201d \u2013<\/p>\n<p>y<\/p>\n<p>los usuarios de esta plataforma designados en el \u00a7 2 de estas Condiciones Generales de Contrataci\u00f3n \u2013 en adelante denominados \u201cCliente\/Cliente\u201d \u2013 han concluido.<\/p>\n<h3>\u00a7 1 campo de aplicaci\u00f3n<\/h3>\n<p>Para la relaci\u00f3n comercial entre el proveedor y el cliente, se aplicar\u00e1n exclusivamente las siguientes Condiciones Generales de Contrataci\u00f3n en su versi\u00f3n vigente en el momento del pedido. No se reconocen las condiciones divergentes del cliente, a menos que el proveedor acepte su validez expresamente por escrito.<\/p>\n<h3>\u00a7 2 conclusi\u00f3n de contrato<\/h3>\n<p>(1) El cliente puede seleccionar productos del surtido del proveedor y recogerlos mediante el bot\u00f3n \u201cen la cesta de la compra\u201d en la llamada cesta de la compra. A trav\u00e9s del bot\u00f3n \u201cComprar ahora\u201d env\u00eda una solicitud vinculante para comprar las mercanc\u00edas en la cesta de la compra. Antes de enviar el pedido, el cliente puede modificar y ver los datos en cualquier momento.<\/p>\n<p>(2)<\/p>\n<p>El proveedor env\u00eda al cliente un acuse de recibo autom\u00e1tico con el asunto \u201cConfirmaci\u00f3n de su pedido con Tapedesign\u201d por correo electr\u00f3nico, en el que se vuelve a enumerar el pedido del cliente y que el cliente puede imprimir mediante la funci\u00f3n \u201cImprimir\u201d.\u00a0El pedido del cliente (1) representa la oferta de celebrar un contrato con el contenido respectivo de la cesta de la compra. La confirmaci\u00f3n de recepci\u00f3n (confirmaci\u00f3n de pedido) representa la aceptaci\u00f3n de la oferta por parte del proveedor. El contenido del pedido se resume en esta confirmaci\u00f3n.\u00a0En este correo electr\u00f3nico o en un correo electr\u00f3nico separado, pero a m\u00e1s tardar en el momento de la entrega de la mercanc\u00eda, el texto del contrato (que consiste en el pedido, las CGC y la confirmaci\u00f3n del pedido) ser\u00e1 enviado por nosotros al cliente en un soporte de datos permanente (correo electr\u00f3nico o impresi\u00f3n en papel). El texto del contrato se guardar\u00e1 de acuerdo con la normativa de protecci\u00f3n de datos.<\/p>\n<p>(3) El contrato se celebra en los idiomas: Alem\u00e1n.<\/p>\n<h3>\u00a7 3 Entrega, disponibilidad de los bienes, modalidades de pago<\/h3>\n<p>(1) Los plazos de entrega indicados por nosotros se calculan a partir de la fecha de confirmaci\u00f3n de nuestro pedido (\u00a7 2 (2) de estas CGC), previo pago del precio de compra previsto.<\/p>\n<p>(2)<\/p>\n<p>Si el producto especificado por el cliente en el pedido s\u00f3lo est\u00e1 temporalmente indisponible, el proveedor tambi\u00e9n informar\u00e1 al cliente inmediatamente. En caso de retraso en la entrega de m\u00e1s de dos semanas, el cliente tiene derecho a rescindir el contrato. Adem\u00e1s, en este caso el proveedor tambi\u00e9n tiene derecho a rescindir el contrato. En este caso, reembolsar\u00e1 inmediatamente cualquier pago ya realizado por el cliente.<\/p>\n<p>(3)<\/p>\n<p>Se aplican las siguientes restricciones de entrega: El proveedor s\u00f3lo realiza entregas a clientes que tienen su residencia habitual (direcci\u00f3n de facturaci\u00f3n) en uno de los siguientes pa\u00edses y puede proporcionar una direcci\u00f3n de entrega en el mismo pa\u00eds: Alemania, Austria, Chipre, Albania, Eslovaquia, Eslovenia, Estonia, Lituania, Luxemburgo, Malta, Moldavia, M\u00f3naco, Macedonia del Norte, Pa\u00edses Bajos, Polonia, Serbia, Turqu\u00eda, Georgia, Bosnia y Herzegovina, Bulgaria, Noruega, Rumania, B\u00e9lgica, Dinamarca, Finlandia, Francia, Italia, Croacia, Suecia, Reino Unido, Armenia, Azerbaiy\u00e1n, Grecia e Irlanda, Suiza, Ucrania, Sud\u00e1frica, Bahrein, Qatar, Om\u00e1n, Arabia Saudita, Emiratos \u00c1rabes Unidos, Portugal, Rusia, Bielorrusia, Ghana, China, India, Jap\u00f3n, Kuwait, Corea del Sur, M\u00e9xico, Panam\u00e1, Trinidad y Tobago, EE.UU., Argentina, Bolivia, Chile, Ecuador, Colombia, Paraguay, Per\u00fa, Uruguay, Venezuela, Canad\u00e1, Bahamas, Islas V\u00edrgenes Brit\u00e1nicas, Islas Caim\u00e1n, Costa Rica, Australia, Emiratos \u00c1rabes Unidos, Estados Unidos de Am\u00e9rica..<\/p>\n<p>(4) El cliente puede completar el pago a trav\u00e9s de PayPal, Stripe (tarjetas de cr\u00e9dito), SOFORT giro bancario, Klarna bill, Apple Pay e iDEAL. Encontrar\u00e1 m\u00e1s informaci\u00f3n en\u00a0<a href=\"https:\/\/www.tape-design.com\/es\/metodos-de-pago\/\">M\u00e9todos de pago<\/a>.<\/p>\n<p>(5) El pago del precio de compra es exigible inmediatamente despu\u00e9s de la conclusi\u00f3n del contrato. Si la fecha de vencimiento del pago se determina de acuerdo con el calendario, el deudor ya se encuentra en situaci\u00f3n de incumplimiento por falta de fecha.<\/p>\n<p>(6) No hay intercambios de productos personalizados.<\/p>\n<h3>\u00a7 4 reserva de propiedad<\/h3>\n<p>Hasta que el precio de compra no haya sido pagado en su totalidad, la mercanc\u00eda entregada seguir\u00e1 siendo propiedad del proveedor.<\/p>\n<h3>\u00a7 5 Precios y gastos de env\u00edo<\/h3>\n<p>(1) Todos los precios indicados en la p\u00e1gina web del proveedor incluyen el impuesto sobre el valor a\u00f1adido legal aplicable.<\/p>\n<p>(2) Los gastos de env\u00edo correspondientes se indican al cliente en el formulario de pedido y correr\u00e1n a cargo del cliente, a menos que \u00e9ste haga uso de cualquier derecho de revocaci\u00f3n.<\/p>\n<p>(3) En caso de revocaci\u00f3n, los costes directos de la devoluci\u00f3n correr\u00e1n a cargo del cliente.<\/p>\n<h3>\u00a7 6 garant\u00eda de defectos de material<\/h3>\n<p>(1) El proveedor es responsable de los defectos materiales de acuerdo con las disposiciones legales aplicables, en particular los art\u00edculos 434 y siguientes del C\u00f3digo Civil Alem\u00e1n (BGB). BGB. El per\u00edodo de garant\u00eda para los art\u00edculos entregados por el proveedor a los empresarios es de 12 meses.<\/p>\n<h3>\u00a7 7 obligaci\u00f3n<\/h3>\n<p>(1) Quedan excluidas las reclamaciones del cliente por da\u00f1os y perjuicios. Quedan excluidas las reclamaciones por da\u00f1os y perjuicios por parte del cliente que se deriven de un da\u00f1o a la vida, la integridad f\u00edsica o la salud o del incumplimiento de obligaciones contractuales esenciales (obligaciones cardinales), as\u00ed como la responsabilidad por otros da\u00f1os y perjuicios basados en un incumplimiento intencionado o por negligencia grave de las obligaciones por parte del proveedor, sus representantes legales o sus auxiliares ejecutivos. Las obligaciones contractuales esenciales son aquellas cuyo cumplimiento es necesario para alcanzar el objetivo del contrato.<\/p>\n<p>(2) En caso de incumplimiento de las obligaciones contractuales esenciales, el proveedor s\u00f3lo ser\u00e1 responsable de los da\u00f1os previsibles t\u00edpicos del contrato si \u00e9stos han sido causados por negligencia simple, a menos que el da\u00f1o sea una reclamaci\u00f3n por da\u00f1os y perjuicios del cliente derivada de un da\u00f1o a la vida, la integridad f\u00edsica o la salud.<\/p>\n<p>(3) Las limitaciones de los apartados 1 y 2 se aplicar\u00e1n tambi\u00e9n a los representantes legales y a los auxiliares ejecutivos del prestador si se les presentan reclamaciones directamente.<\/p>\n<p>(4) Las disposiciones de la Ley de responsabilidad por productos defectuosos no se ver\u00e1n afectadas.<\/p>\n<h3>\u00a7 8 Notas sobre el tratamiento de datos<\/h3>\n<p>(1) El proveedor recoge los datos de los clientes en el marco del procesamiento de los contratos. Respeta en particular las disposiciones de la Ley Federal de Protecci\u00f3n de Datos y de la Ley de Medios de Comunicaci\u00f3n. Sin el consentimiento del cliente, el proveedor s\u00f3lo recopilar\u00e1, procesar\u00e1 o utilizar\u00e1 los datos de inventario y uso del cliente en la medida en que sea necesario para el procesamiento de la relaci\u00f3n contractual y para el uso y facturaci\u00f3n de telemedia.<\/p>\n<p>(2) Sin el consentimiento del cliente, el proveedor no utilizar\u00e1 los datos del cliente con fines publicitarios, de mercado o de investigaci\u00f3n de opini\u00f3n.<\/p>\n<h3>\u00a7 9 disposiciones finales<\/h3>\n<p>(1) El derecho de la Rep\u00fablica Federal de Alemania se aplicar\u00e1 a los contratos entre el proveedor y el cliente, excluyendo la Convenci\u00f3n de las Naciones Unidas sobre los Contratos de Compraventa Internacional de Mercader\u00edas y el derecho internacional privado.<\/p>\n<p>(2) Si el cliente es un comerciante, una persona jur\u00eddica de derecho p\u00fablico o un fondo especial de derecho p\u00fablico, el fuero competente para todos los litigios derivados de las relaciones contractuales entre el cliente y el proveedor ser\u00e1 el domicilio social del proveedor.<\/p>\n<p>(3) El contrato sigue siendo vinculante en sus partes restantes incluso si puntos individuales son legalmente ineficaces. Los puntos ineficaces ser\u00e1n sustituidos, en su caso, por las disposiciones legales. Si esto representara una dificultad excesiva para una de las partes contratantes, el contrato en su conjunto perder\u00e1 su validez.<\/p>\n<div class=\"woocommerce woocommerce-gzd woocommerce-gzd-complaints-shortcode\">\n<h3>Resoluci\u00f3n alternativa de conflictos de conformidad con el Art. 14 (1) ODR-VO y \u00a7 36 VSBG:<\/h3>\n<p>La Comisi\u00f3n Europea ofrece una plataforma para la resoluci\u00f3n de litigios en l\u00ednea (OS), que puede consultarse en https:\/\/ec.europa.eu\/consumers\/odr No estamos obligados o preparados para participar en un procedimiento de resoluci\u00f3n de disputas ante un organismo de arbitraje de consumo.<\/p>\n<\/div>\n\t\t\t\t\t\t\t\t<\/div>\n\t\t\t\t<\/div>\n\t\t\t\t\t<\/div>\n\t\t\t\t<\/div>\n\t\t\t\t<\/div>\n\t\t","protected":false},"excerpt":{"rendered":"<p>Condiciones contractuales en el marco de los contratos de compra celebrados a trav\u00e9s de la Plataforma https:\/\/www.tape-design.com entre TAPEDESIGN WO GmbH Friedrich Schnideritschstrasse 2 8054 Graz Austria \u2013 en lo&hellip;<\/p>\n","protected":false},"author":1,"featured_media":0,"parent":0,"menu_order":0,"comment_status":"closed","ping_status":"closed","template":"","meta":{"_acf_changed":false,"footnotes":""},"class_list":["post-1716","page","type-page","status-publish","hentry"],"acf":[],"yoast_head":"<title>T\u00e9rminos y condiciones - TAPEDESIGN<\/title>\n<meta name=\"robots\" content=\"noindex, follow\" \/>\n<meta property=\"og:locale\" content=\"es_ES\" \/>\n<meta property=\"og:type\" content=\"article\" \/>\n<meta property=\"og:title\" content=\"T\u00e9rminos y condiciones - TAPEDESIGN\" \/>\n<meta property=\"og:description\" content=\"Condiciones contractuales en el marco de los contratos de compra celebrados a trav\u00e9s de la Plataforma https:\/\/www.tape-design.com entre TAPEDESIGN WO GmbH Friedrich Schnideritschstrasse 2 8054 Graz Austria \u2013 en lo&hellip;\" \/>\n<meta property=\"og:url\" content=\"https:\/\/www.tape-design.com\/es\/terminos\/\" \/>\n<meta property=\"og:site_name\" content=\"TAPEDESIGN\" \/>\n<meta property=\"article:publisher\" content=\"https:\/\/www.facebook.com\/tapedesigncom\/\" \/>\n<meta property=\"article:modified_time\" content=\"2025-03-06T07:56:44+00:00\" \/>\n<meta name=\"twitter:card\" content=\"summary_large_image\" \/>\n<meta name=\"twitter:label1\" content=\"Tiempo de lectura\" \/>\n\t<meta name=\"twitter:data1\" content=\"6 minutos\" \/>\n<script type=\"application\/ld+json\" class=\"yoast-schema-graph\">{\"@context\":\"https:\/\/schema.org\",\"@graph\":[{\"@type\":\"WebPage\",\"@id\":\"https:\/\/www.tape-design.com\/es\/terminos\/\",\"url\":\"https:\/\/www.tape-design.com\/es\/terminos\/\",\"name\":\"T\u00e9rminos y condiciones - TAPEDESIGN\",\"isPartOf\":{\"@id\":\"https:\/\/www.tape-design.com\/#website\"},\"datePublished\":\"2020-11-03T20:43:21+00:00\",\"dateModified\":\"2025-03-06T07:56:44+00:00\",\"breadcrumb\":{\"@id\":\"https:\/\/www.tape-design.com\/es\/terminos\/#breadcrumb\"},\"inLanguage\":\"es\",\"potentialAction\":[{\"@type\":\"ReadAction\",\"target\":[\"https:\/\/www.tape-design.com\/es\/terminos\/\"]}]},{\"@type\":\"BreadcrumbList\",\"@id\":\"https:\/\/www.tape-design.com\/es\/terminos\/#breadcrumb\",\"itemListElement\":[{\"@type\":\"ListItem\",\"position\":1,\"name\":\"Home\",\"item\":\"https:\/\/www.tape-design.com\/es\/\"},{\"@type\":\"ListItem\",\"position\":2,\"name\":\"T\u00e9rminos y condiciones\"}]},{\"@type\":\"WebSite\",\"@id\":\"https:\/\/www.tape-design.com\/#website\",\"url\":\"https:\/\/www.tape-design.com\/\",\"name\":\"TAPEDESIGN\",\"description\":\"Always a step ahead\",\"publisher\":{\"@id\":\"https:\/\/www.tape-design.com\/#organization\"},\"potentialAction\":[{\"@type\":\"SearchAction\",\"target\":{\"@type\":\"EntryPoint\",\"urlTemplate\":\"https:\/\/www.tape-design.com\/?s={search_term_string}\"},\"query-input\":{\"@type\":\"PropertyValueSpecification\",\"valueRequired\":true,\"valueName\":\"search_term_string\"}}],\"inLanguage\":\"es\"},{\"@type\":\"Organization\",\"@id\":\"https:\/\/www.tape-design.com\/#organization\",\"name\":\"TAPEDESIGN\",\"url\":\"https:\/\/www.tape-design.com\/\",\"logo\":{\"@type\":\"ImageObject\",\"inLanguage\":\"es\",\"@id\":\"https:\/\/www.tape-design.com\/#\/schema\/logo\/image\/\",\"url\":\"https:\/\/www.tape-design.com\/app\/uploads\/2020\/11\/Logosmall.png\",\"contentUrl\":\"https:\/\/www.tape-design.com\/app\/uploads\/2020\/11\/Logosmall.png\",\"width\":340,\"height\":156,\"caption\":\"TAPEDESIGN\"},\"image\":{\"@id\":\"https:\/\/www.tape-design.com\/#\/schema\/logo\/image\/\"},\"sameAs\":[\"https:\/\/www.facebook.com\/tapedesigncom\/\",\"https:\/\/www.instagram.com\/tapedesign_socks\/?hl=de\"]}]}<\/script>","yoast_head_json":{"title":"T\u00e9rminos y condiciones - TAPEDESIGN","robots":{"index":"noindex","follow":"follow"},"og_locale":"es_ES","og_type":"article","og_title":"T\u00e9rminos y condiciones - TAPEDESIGN","og_description":"Condiciones contractuales en el marco de los contratos de compra celebrados a trav\u00e9s de la Plataforma https:\/\/www.tape-design.com entre TAPEDESIGN WO GmbH Friedrich Schnideritschstrasse 2 8054 Graz Austria \u2013 en lo&hellip;","og_url":"https:\/\/www.tape-design.com\/es\/terminos\/","og_site_name":"TAPEDESIGN","article_publisher":"https:\/\/www.facebook.com\/tapedesigncom\/","article_modified_time":"2025-03-06T07:56:44+00:00","twitter_card":"summary_large_image","twitter_misc":{"Tiempo de lectura":"6 minutos"},"schema":{"@context":"https:\/\/schema.org","@graph":[{"@type":"WebPage","@id":"https:\/\/www.tape-design.com\/es\/terminos\/","url":"https:\/\/www.tape-design.com\/es\/terminos\/","name":"T\u00e9rminos y condiciones - TAPEDESIGN","isPartOf":{"@id":"https:\/\/www.tape-design.com\/#website"},"datePublished":"2020-11-03T20:43:21+00:00","dateModified":"2025-03-06T07:56:44+00:00","breadcrumb":{"@id":"https:\/\/www.tape-design.com\/es\/terminos\/#breadcrumb"},"inLanguage":"es","potentialAction":[{"@type":"ReadAction","target":["https:\/\/www.tape-design.com\/es\/terminos\/"]}]},{"@type":"BreadcrumbList","@id":"https:\/\/www.tape-design.com\/es\/terminos\/#breadcrumb","itemListElement":[{"@type":"ListItem","position":1,"name":"Home","item":"https:\/\/www.tape-design.com\/es\/"},{"@type":"ListItem","position":2,"name":"T\u00e9rminos y condiciones"}]},{"@type":"WebSite","@id":"https:\/\/www.tape-design.com\/#website","url":"https:\/\/www.tape-design.com\/","name":"TAPEDESIGN","description":"Always a step ahead","publisher":{"@id":"https:\/\/www.tape-design.com\/#organization"},"potentialAction":[{"@type":"SearchAction","target":{"@type":"EntryPoint","urlTemplate":"https:\/\/www.tape-design.com\/?s={search_term_string}"},"query-input":{"@type":"PropertyValueSpecification","valueRequired":true,"valueName":"search_term_string"}}],"inLanguage":"es"},{"@type":"Organization","@id":"https:\/\/www.tape-design.com\/#organization","name":"TAPEDESIGN","url":"https:\/\/www.tape-design.com\/","logo":{"@type":"ImageObject","inLanguage":"es","@id":"https:\/\/www.tape-design.com\/#\/schema\/logo\/image\/","url":"https:\/\/www.tape-design.com\/app\/uploads\/2020\/11\/Logosmall.png","contentUrl":"https:\/\/www.tape-design.com\/app\/uploads\/2020\/11\/Logosmall.png","width":340,"height":156,"caption":"TAPEDESIGN"},"image":{"@id":"https:\/\/www.tape-design.com\/#\/schema\/logo\/image\/"},"sameAs":["https:\/\/www.facebook.com\/tapedesigncom\/","https:\/\/www.instagram.com\/tapedesign_socks\/?hl=de"]}]}},"_links":{"self":[{"href":"https:\/\/www.tape-design.com\/es\/wp-json\/wp\/v2\/pages\/1716","targetHints":{"allow":["GET"]}}],"collection":[{"href":"https:\/\/www.tape-design.com\/es\/wp-json\/wp\/v2\/pages"}],"about":[{"href":"https:\/\/www.tape-design.com\/es\/wp-json\/wp\/v2\/types\/page"}],"author":[{"embeddable":true,"href":"https:\/\/www.tape-design.com\/es\/wp-json\/wp\/v2\/users\/1"}],"replies":[{"embeddable":true,"href":"https:\/\/www.tape-design.com\/es\/wp-json\/wp\/v2\/comments?post=1716"}],"version-history":[{"count":10,"href":"https:\/\/www.tape-design.com\/es\/wp-json\/wp\/v2\/pages\/1716\/revisions"}],"predecessor-version":[{"id":124633,"href":"https:\/\/www.tape-design.com\/es\/wp-json\/wp\/v2\/pages\/1716\/revisions\/124633"}],"wp:attachment":[{"href":"https:\/\/www.tape-design.com\/es\/wp-json\/wp\/v2\/media?parent=1716"}],"curies":[{"name":"wp","href":"https:\/\/api.w.org\/{rel}","templated":true}]}}