{"id":1744,"date":"2020-11-03T23:49:00","date_gmt":"2020-11-03T22:49:00","guid":{"rendered":"http:\/\/tapedesign.sw763nap.at.edis.global\/bezahlmoeglichkeiten\/"},"modified":"2025-03-05T08:21:42","modified_gmt":"2025-03-05T07:21:42","slug":"metodos-de-pago","status":"publish","type":"page","link":"https:\/\/www.tape-design.com\/es\/metodos-de-pago\/","title":{"rendered":"Nuestras formas de pago"},"content":{"rendered":"<h3>PayPal<\/h3>\n<div class=\"wpb_text_column wpb_content_element \">\n<div class=\"wpb_wrapper\">\n<p>PayPal funciona como una billetera digital. Con su direcci\u00f3n de correo electr\u00f3nico y contrase\u00f1a, puede enviar y recibir pagos de forma segura y c\u00f3moda en l\u00ednea. PayPal es una de las formas de pago m\u00e1s seguras, ya que no tiene que introducir ninguna informaci\u00f3n financiera al realizar sus compras.<\/p>\n<\/div>\n<\/div>\n<div class=\"wpb_text_column wpb_content_element \">\n<div class=\"wpb_wrapper\">\n<p><span style=\"font-size: 30px;\">Apple Pay<\/span><\/p>\n<\/div>\n<\/div>\n<div class=\"wpb_column vc_column_container vc_col-sm-6\">\n<div class=\"vc_column-inner\">\n<div class=\"wpb_wrapper\">\n<div class=\"wpb_text_column wpb_content_element \">\n<div class=\"wpb_wrapper\">\n<p>Paga f\u00e1cilmente con tu dispositivo Apple.<\/p>\n<\/div>\n<\/div>\n<\/div>\n<\/div>\n<\/div>\n<h3>Tarjetas<\/h3>\n<div class=\"wpb_text_column wpb_content_element \">\n<div class=\"wpb_wrapper\">\n<p>Pague con tarjetas de cr\u00e9dito y d\u00e9bito.<\/p>\n<\/div>\n<h3>EPS<\/h3>\n<div class=\"wpb_text_column wpb_content_element \">\n<div class=\"wpb_wrapper\">\n<p>Pague muy f\u00e1cilmente mediante transferencia bancaria.<\/p>\n<\/div>\n<\/div>\n<\/div>\n<h3>Klarna<\/h3>\n<div class=\"wpb_text_column wpb_content_element \">\n<div class=\"wpb_wrapper\">\n<p>Klarna le ofrece la forma m\u00e1s flexible de pagar m\u00e1s tarde.<\/p>\n<\/div>\n<\/div>\n<h3>iDEAL<\/h3>\n<div class=\"vc_row wpb_row vc_row-fluid\">\n<div class=\"wpb_column vc_column_container vc_col-sm-6\">\n<div class=\"vc_column-inner\">\n<div class=\"wpb_wrapper\">\n<div class=\"wpb_text_column wpb_content_element \">\n<div class=\"wpb_wrapper\">\n<p>El m\u00e9todo de pago m\u00e1s popular en los Pa\u00edses Bajos.<\/p>\n<\/div>\n<\/div>\n<\/div>\n<\/div>\n<\/div>\n<\/div>\n<p>Tenga en cuenta que algunos proveedores de pago pueden no estar disponibles para su pa\u00eds o dispositivo.<\/p>\n","protected":false},"excerpt":{"rendered":"<p>PayPal PayPal funciona como una billetera digital. Con su direcci\u00f3n de correo electr\u00f3nico y contrase\u00f1a, puede enviar y recibir pagos de forma segura y c\u00f3moda en l\u00ednea. PayPal es una&hellip;<\/p>\n","protected":false},"author":1,"featured_media":0,"parent":0,"menu_order":0,"comment_status":"closed","ping_status":"closed","template":"","meta":{"_acf_changed":false,"footnotes":""},"class_list":["post-1744","page","type-page","status-publish","hentry"],"acf":[],"yoast_head":"<title>Nuestras formas de pago - TAPEDESIGN<\/title>\n<meta name=\"robots\" content=\"index, follow, max-snippet:-1, max-image-preview:large, max-video-preview:-1\" \/>\n<link rel=\"canonical\" href=\"https:\/\/www.tape-design.com\/es\/metodos-de-pago\/\" \/>\n<meta property=\"og:locale\" content=\"es_ES\" \/>\n<meta property=\"og:type\" content=\"article\" \/>\n<meta property=\"og:title\" content=\"Nuestras formas de pago - TAPEDESIGN\" \/>\n<meta property=\"og:description\" content=\"PayPal PayPal funciona como una billetera digital. Con su direcci\u00f3n de correo electr\u00f3nico y contrase\u00f1a, puede enviar y recibir pagos de forma segura y c\u00f3moda en l\u00ednea. PayPal es una&hellip;\" \/>\n<meta property=\"og:url\" content=\"https:\/\/www.tape-design.com\/es\/metodos-de-pago\/\" \/>\n<meta property=\"og:site_name\" content=\"TAPEDESIGN\" \/>\n<meta property=\"article:publisher\" content=\"https:\/\/www.facebook.com\/tapedesigncom\/\" \/>\n<meta property=\"article:modified_time\" content=\"2025-03-05T07:21:42+00:00\" \/>\n<meta name=\"twitter:card\" content=\"summary_large_image\" \/>\n<meta name=\"twitter:label1\" content=\"Tiempo de lectura\" \/>\n\t<meta name=\"twitter:data1\" content=\"1 minuto\" \/>\n<script type=\"application\/ld+json\" class=\"yoast-schema-graph\">{\"@context\":\"https:\/\/schema.org\",\"@graph\":[{\"@type\":\"WebPage\",\"@id\":\"https:\/\/www.tape-design.com\/es\/metodos-de-pago\/\",\"url\":\"https:\/\/www.tape-design.com\/es\/metodos-de-pago\/\",\"name\":\"Nuestras formas de pago - TAPEDESIGN\",\"isPartOf\":{\"@id\":\"https:\/\/www.tape-design.com\/#website\"},\"datePublished\":\"2020-11-03T22:49:00+00:00\",\"dateModified\":\"2025-03-05T07:21:42+00:00\",\"breadcrumb\":{\"@id\":\"https:\/\/www.tape-design.com\/es\/metodos-de-pago\/#breadcrumb\"},\"inLanguage\":\"es\",\"potentialAction\":[{\"@type\":\"ReadAction\",\"target\":[\"https:\/\/www.tape-design.com\/es\/metodos-de-pago\/\"]}]},{\"@type\":\"BreadcrumbList\",\"@id\":\"https:\/\/www.tape-design.com\/es\/metodos-de-pago\/#breadcrumb\",\"itemListElement\":[{\"@type\":\"ListItem\",\"position\":1,\"name\":\"Home\",\"item\":\"https:\/\/www.tape-design.com\/es\/\"},{\"@type\":\"ListItem\",\"position\":2,\"name\":\"Nuestras formas de pago\"}]},{\"@type\":\"WebSite\",\"@id\":\"https:\/\/www.tape-design.com\/#website\",\"url\":\"https:\/\/www.tape-design.com\/\",\"name\":\"TAPEDESIGN\",\"description\":\"Always a step ahead\",\"publisher\":{\"@id\":\"https:\/\/www.tape-design.com\/#organization\"},\"potentialAction\":[{\"@type\":\"SearchAction\",\"target\":{\"@type\":\"EntryPoint\",\"urlTemplate\":\"https:\/\/www.tape-design.com\/?s={search_term_string}\"},\"query-input\":{\"@type\":\"PropertyValueSpecification\",\"valueRequired\":true,\"valueName\":\"search_term_string\"}}],\"inLanguage\":\"es\"},{\"@type\":\"Organization\",\"@id\":\"https:\/\/www.tape-design.com\/#organization\",\"name\":\"TAPEDESIGN\",\"url\":\"https:\/\/www.tape-design.com\/\",\"logo\":{\"@type\":\"ImageObject\",\"inLanguage\":\"es\",\"@id\":\"https:\/\/www.tape-design.com\/#\/schema\/logo\/image\/\",\"url\":\"https:\/\/www.tape-design.com\/app\/uploads\/2020\/11\/Logosmall.png\",\"contentUrl\":\"https:\/\/www.tape-design.com\/app\/uploads\/2020\/11\/Logosmall.png\",\"width\":340,\"height\":156,\"caption\":\"TAPEDESIGN\"},\"image\":{\"@id\":\"https:\/\/www.tape-design.com\/#\/schema\/logo\/image\/\"},\"sameAs\":[\"https:\/\/www.facebook.com\/tapedesigncom\/\",\"https:\/\/www.instagram.com\/tapedesign_socks\/?hl=de\"]}]}<\/script>","yoast_head_json":{"title":"Nuestras formas de pago - TAPEDESIGN","robots":{"index":"index","follow":"follow","max-snippet":"max-snippet:-1","max-image-preview":"max-image-preview:large","max-video-preview":"max-video-preview:-1"},"canonical":"https:\/\/www.tape-design.com\/es\/metodos-de-pago\/","og_locale":"es_ES","og_type":"article","og_title":"Nuestras formas de pago - TAPEDESIGN","og_description":"PayPal PayPal funciona como una billetera digital. Con su direcci\u00f3n de correo electr\u00f3nico y contrase\u00f1a, puede enviar y recibir pagos de forma segura y c\u00f3moda en l\u00ednea. PayPal es una&hellip;","og_url":"https:\/\/www.tape-design.com\/es\/metodos-de-pago\/","og_site_name":"TAPEDESIGN","article_publisher":"https:\/\/www.facebook.com\/tapedesigncom\/","article_modified_time":"2025-03-05T07:21:42+00:00","twitter_card":"summary_large_image","twitter_misc":{"Tiempo de lectura":"1 minuto"},"schema":{"@context":"https:\/\/schema.org","@graph":[{"@type":"WebPage","@id":"https:\/\/www.tape-design.com\/es\/metodos-de-pago\/","url":"https:\/\/www.tape-design.com\/es\/metodos-de-pago\/","name":"Nuestras formas de pago - TAPEDESIGN","isPartOf":{"@id":"https:\/\/www.tape-design.com\/#website"},"datePublished":"2020-11-03T22:49:00+00:00","dateModified":"2025-03-05T07:21:42+00:00","breadcrumb":{"@id":"https:\/\/www.tape-design.com\/es\/metodos-de-pago\/#breadcrumb"},"inLanguage":"es","potentialAction":[{"@type":"ReadAction","target":["https:\/\/www.tape-design.com\/es\/metodos-de-pago\/"]}]},{"@type":"BreadcrumbList","@id":"https:\/\/www.tape-design.com\/es\/metodos-de-pago\/#breadcrumb","itemListElement":[{"@type":"ListItem","position":1,"name":"Home","item":"https:\/\/www.tape-design.com\/es\/"},{"@type":"ListItem","position":2,"name":"Nuestras formas de pago"}]},{"@type":"WebSite","@id":"https:\/\/www.tape-design.com\/#website","url":"https:\/\/www.tape-design.com\/","name":"TAPEDESIGN","description":"Always a step ahead","publisher":{"@id":"https:\/\/www.tape-design.com\/#organization"},"potentialAction":[{"@type":"SearchAction","target":{"@type":"EntryPoint","urlTemplate":"https:\/\/www.tape-design.com\/?s={search_term_string}"},"query-input":{"@type":"PropertyValueSpecification","valueRequired":true,"valueName":"search_term_string"}}],"inLanguage":"es"},{"@type":"Organization","@id":"https:\/\/www.tape-design.com\/#organization","name":"TAPEDESIGN","url":"https:\/\/www.tape-design.com\/","logo":{"@type":"ImageObject","inLanguage":"es","@id":"https:\/\/www.tape-design.com\/#\/schema\/logo\/image\/","url":"https:\/\/www.tape-design.com\/app\/uploads\/2020\/11\/Logosmall.png","contentUrl":"https:\/\/www.tape-design.com\/app\/uploads\/2020\/11\/Logosmall.png","width":340,"height":156,"caption":"TAPEDESIGN"},"image":{"@id":"https:\/\/www.tape-design.com\/#\/schema\/logo\/image\/"},"sameAs":["https:\/\/www.facebook.com\/tapedesigncom\/","https:\/\/www.instagram.com\/tapedesign_socks\/?hl=de"]}]}},"_links":{"self":[{"href":"https:\/\/www.tape-design.com\/es\/wp-json\/wp\/v2\/pages\/1744","targetHints":{"allow":["GET"]}}],"collection":[{"href":"https:\/\/www.tape-design.com\/es\/wp-json\/wp\/v2\/pages"}],"about":[{"href":"https:\/\/www.tape-design.com\/es\/wp-json\/wp\/v2\/types\/page"}],"author":[{"embeddable":true,"href":"https:\/\/www.tape-design.com\/es\/wp-json\/wp\/v2\/users\/1"}],"replies":[{"embeddable":true,"href":"https:\/\/www.tape-design.com\/es\/wp-json\/wp\/v2\/comments?post=1744"}],"version-history":[{"count":2,"href":"https:\/\/www.tape-design.com\/es\/wp-json\/wp\/v2\/pages\/1744\/revisions"}],"predecessor-version":[{"id":124473,"href":"https:\/\/www.tape-design.com\/es\/wp-json\/wp\/v2\/pages\/1744\/revisions\/124473"}],"wp:attachment":[{"href":"https:\/\/www.tape-design.com\/es\/wp-json\/wp\/v2\/media?parent=1744"}],"curies":[{"name":"wp","href":"https:\/\/api.w.org\/{rel}","templated":true}]}}