{"id":7986,"date":"2020-11-03T22:01:21","date_gmt":"2020-11-03T21:01:21","guid":{"rendered":"http:\/\/tapedesign.sw763nap.at.edis.global\/widerrufsbelehrung\/"},"modified":"2025-03-05T08:15:23","modified_gmt":"2025-03-05T07:15:23","slug":"instruccion-de-revocacion","status":"publish","type":"page","link":"https:\/\/www.tape-design.com\/es\/instruccion-de-revocacion\/","title":{"rendered":"Instrucci\u00f3n de revocaci\u00f3n"},"content":{"rendered":"<h3>Derecho de retractaci\u00f3n<\/h3>\n<p>Usted tiene el derecho de revocar este contrato dentro de catorce d\u00edas sin dar razones.<\/p>\n<p>El plazo de desistimiento ser\u00e1 de catorce d\u00edas a partir de la fecha en que usted o un tercero que no sea el transportista designado por usted haya tomado posesi\u00f3n de las mercanc\u00edas.<\/p>\n<p>El derecho de desistimiento no ser\u00e1 aplicable a los contratos que se refieran a:<\/p>\n<ul>\n<li>El suministro de bienes o la prestaci\u00f3n de servicios cuyo precio dependa de fluctuaciones del mercado financiero que el empresario no pueda controlar y que puedan producirse durante el periodo de desistimiento.<\/li>\n<li>El suministro de bienes confeccionados conforme a las especificaciones del consumidor y usuario o claramente personalizados.<\/li>\n<li>El suministro de bienes que puedan deteriorarse o caducar con rapidez.<\/li>\n<li>El suministro de bienes precintados que no sean aptos para ser devueltos por razones de protecci\u00f3n de la salud o de higiene y que hayan sido desprecintados tras la entrega.<\/li>\n<li>El suministro de bienes que despu\u00e9s de su entrega y teniendo en cuenta su naturaleza se hayan mezclado de forma indisociable con otros bienes.<\/li>\n<\/ul>\n<p>Para ejercer su derecho de revocaci\u00f3n, debe comunicarnos su decisi\u00f3n de revocaci\u00f3n mediante una declaraci\u00f3n clara (por ejemplo, carta, fax o correo electr\u00f3nico enviado por correo postal) (TAPEDESIGN WO GmbH, Friedrich Schnideritschstrasse 2, 8054 Graz, Austria, office@tape-design.com, Director Gerente: Mario Ofner, Thomas Weber Tribunal de Registro Mercantil: LGZ Graz, N\u00famero de Registro Mercantil: 446250a). Puede utilizar el formulario de revocaci\u00f3n de muestra adjunto, que no es obligatorio.<\/p>\n<p>Para cumplir con el plazo de revocaci\u00f3n, basta con que env\u00ede la notificaci\u00f3n del ejercicio del derecho de revocaci\u00f3n antes de que expire el plazo de revocaci\u00f3n.<\/p>\n<h3>Direcci\u00f3n de devoluci\u00f3n<\/h3>\n<p>Env\u00ede su devoluci\u00f3n \u00fanica y exclusivamente a la siguiente direcci\u00f3n:<\/p>\n<p><strong>TAPEDESIGN WO GmbH<\/strong><br \/>\n<strong>Heuweg 10<\/strong><br \/>\n<strong>8041 Graz<\/strong><br \/>\n<strong>Austria<\/strong><\/p>\n<h3>Consecuencias de la revocaci\u00f3n<\/h3>\n<p>Si usted revoca este Acuerdo, le reembolsaremos inmediatamente y a m\u00e1s tardar en un plazo de catorce d\u00edas a partir de la fecha en que recibamos la notificaci\u00f3n de su revocaci\u00f3n de este Acuerdo por todos los pagos que hayamos recibido de usted, incluidos los gastos de entrega (excepto los gastos adicionales derivados de su elecci\u00f3n de un m\u00e9todo de entrega distinto del m\u00e9todo de entrega est\u00e1ndar m\u00e1s barato ofrecido por nosotros). Utilizaremos los mismos medios de pago utilizados por usted en la transacci\u00f3n original para dicho reembolso, a menos que se acuerde expresamente lo contrario con usted y en ning\u00fan caso se le cobrar\u00e1 por dicho reembolso. Podemos negarnos a realizar el reembolso hasta que hayamos recibido las Mercanc\u00edas de vuelta o hasta que usted haya proporcionado pruebas de que ha devuelto las Mercanc\u00edas, lo que ocurra primero.<\/p>\n<p>Deber\u00e1 devolvernos o entregarnos la mercanc\u00eda inmediatamente y, en cualquier caso, dentro de los catorce d\u00edas siguientes al d\u00eda en que nos notifique la revocaci\u00f3n de este contrato, a m\u00e1s tardar. Este plazo se considerar\u00e1 cumplido si env\u00eda la mercanc\u00eda antes de que expire el plazo de catorce d\u00edas.<\/p>\n<p>Usted correr\u00e1 con los gastos directos de la devoluci\u00f3n de la mercanc\u00eda. S\u00f3lo ser\u00e1n responsables de la p\u00e9rdida de valor de las mercanc\u00edas si dicha p\u00e9rdida de valor se debe a una manipulaci\u00f3n de las mercanc\u00edas que no sea necesaria para comprobar su estado, sus propiedades y su funcionalidad.<\/p>\n<h3>Modelo de formulario de extracci\u00f3n<\/h3>\n<p>(Si desea cancelar el contrato, por favor, rellene este formulario y env\u00edenoslo de vuelta.)<\/p>\n<p>\u2013 Con<\/p>\n<p>TAPEDESIGN WO GmbH<br \/>\nS\u00fcdbahnweg 31<br \/>\n8410 Wildon<br \/>\nAustria<\/p>\n<p>office@tape-design.com<br \/>\nDirector General: Mario Ofner, Thomas Weber<br \/>\ntribunal de registro mercantil: LGZ Graz<br \/>\nn\u00famero de registro mercantil: 446250a<\/p>\n<p>\u2013 Yo\/nosotros (*) revoco el contrato celebrado por m\u00ed\/nosotros (*) para la compra de los siguientes bienes (*)\/la prestaci\u00f3n del siguiente servicio (*)<\/p>\n<p>\u2013 Pedido el (*)\/recibido el (*)<\/p>\n<p>\u2013 Nombre(s) del(de los) consumidor(es)<\/p>\n<p>\u2013 Direcci\u00f3n del consumidor o consumidores<\/p>\n<p>\u2013 Firma de los consumidores (s\u00f3lo para la comunicaci\u00f3n en papel)<\/p>\n<p>\u2013 salir con<\/p>\n<p>___________<br \/>\n(*) T\u00e1chese lo que no proceda.<\/p>\n","protected":false},"excerpt":{"rendered":"<p>Derecho de retractaci\u00f3n Usted tiene el derecho de revocar este contrato dentro de catorce d\u00edas sin dar razones. El plazo de desistimiento ser\u00e1 de catorce d\u00edas a partir de la&hellip;<\/p>\n","protected":false},"author":1,"featured_media":0,"parent":0,"menu_order":0,"comment_status":"closed","ping_status":"closed","template":"","meta":{"_acf_changed":false,"footnotes":""},"class_list":["post-7986","page","type-page","status-publish","hentry"],"acf":[],"yoast_head":"<title>Instrucci\u00f3n de revocaci\u00f3n - TAPEDESIGN<\/title>\n<meta name=\"robots\" content=\"noindex, follow\" \/>\n<meta property=\"og:locale\" content=\"es_ES\" \/>\n<meta property=\"og:type\" content=\"article\" \/>\n<meta property=\"og:title\" content=\"Instrucci\u00f3n de revocaci\u00f3n - TAPEDESIGN\" \/>\n<meta property=\"og:description\" content=\"Derecho de retractaci\u00f3n Usted tiene el derecho de revocar este contrato dentro de catorce d\u00edas sin dar razones. El plazo de desistimiento ser\u00e1 de catorce d\u00edas a partir de la&hellip;\" \/>\n<meta property=\"og:url\" content=\"https:\/\/www.tape-design.com\/es\/instruccion-de-revocacion\/\" \/>\n<meta property=\"og:site_name\" content=\"TAPEDESIGN\" \/>\n<meta property=\"article:publisher\" content=\"https:\/\/www.facebook.com\/tapedesigncom\/\" \/>\n<meta property=\"article:modified_time\" content=\"2025-03-05T07:15:23+00:00\" \/>\n<meta name=\"twitter:card\" content=\"summary_large_image\" \/>\n<meta name=\"twitter:label1\" content=\"Tiempo de lectura\" \/>\n\t<meta name=\"twitter:data1\" content=\"4 minutos\" \/>\n<script type=\"application\/ld+json\" class=\"yoast-schema-graph\">{\"@context\":\"https:\/\/schema.org\",\"@graph\":[{\"@type\":\"WebPage\",\"@id\":\"https:\/\/www.tape-design.com\/es\/instruccion-de-revocacion\/\",\"url\":\"https:\/\/www.tape-design.com\/es\/instruccion-de-revocacion\/\",\"name\":\"Instrucci\u00f3n de revocaci\u00f3n - TAPEDESIGN\",\"isPartOf\":{\"@id\":\"https:\/\/www.tape-design.com\/#website\"},\"datePublished\":\"2020-11-03T21:01:21+00:00\",\"dateModified\":\"2025-03-05T07:15:23+00:00\",\"breadcrumb\":{\"@id\":\"https:\/\/www.tape-design.com\/es\/instruccion-de-revocacion\/#breadcrumb\"},\"inLanguage\":\"es\",\"potentialAction\":[{\"@type\":\"ReadAction\",\"target\":[\"https:\/\/www.tape-design.com\/es\/instruccion-de-revocacion\/\"]}]},{\"@type\":\"BreadcrumbList\",\"@id\":\"https:\/\/www.tape-design.com\/es\/instruccion-de-revocacion\/#breadcrumb\",\"itemListElement\":[{\"@type\":\"ListItem\",\"position\":1,\"name\":\"Home\",\"item\":\"https:\/\/www.tape-design.com\/es\/\"},{\"@type\":\"ListItem\",\"position\":2,\"name\":\"Instrucci\u00f3n de revocaci\u00f3n\"}]},{\"@type\":\"WebSite\",\"@id\":\"https:\/\/www.tape-design.com\/#website\",\"url\":\"https:\/\/www.tape-design.com\/\",\"name\":\"TAPEDESIGN\",\"description\":\"Always a step ahead\",\"publisher\":{\"@id\":\"https:\/\/www.tape-design.com\/#organization\"},\"potentialAction\":[{\"@type\":\"SearchAction\",\"target\":{\"@type\":\"EntryPoint\",\"urlTemplate\":\"https:\/\/www.tape-design.com\/?s={search_term_string}\"},\"query-input\":{\"@type\":\"PropertyValueSpecification\",\"valueRequired\":true,\"valueName\":\"search_term_string\"}}],\"inLanguage\":\"es\"},{\"@type\":\"Organization\",\"@id\":\"https:\/\/www.tape-design.com\/#organization\",\"name\":\"TAPEDESIGN\",\"url\":\"https:\/\/www.tape-design.com\/\",\"logo\":{\"@type\":\"ImageObject\",\"inLanguage\":\"es\",\"@id\":\"https:\/\/www.tape-design.com\/#\/schema\/logo\/image\/\",\"url\":\"https:\/\/www.tape-design.com\/app\/uploads\/2020\/11\/Logosmall.png\",\"contentUrl\":\"https:\/\/www.tape-design.com\/app\/uploads\/2020\/11\/Logosmall.png\",\"width\":340,\"height\":156,\"caption\":\"TAPEDESIGN\"},\"image\":{\"@id\":\"https:\/\/www.tape-design.com\/#\/schema\/logo\/image\/\"},\"sameAs\":[\"https:\/\/www.facebook.com\/tapedesigncom\/\",\"https:\/\/www.instagram.com\/tapedesign_socks\/?hl=de\"]}]}<\/script>","yoast_head_json":{"title":"Instrucci\u00f3n de revocaci\u00f3n - TAPEDESIGN","robots":{"index":"noindex","follow":"follow"},"og_locale":"es_ES","og_type":"article","og_title":"Instrucci\u00f3n de revocaci\u00f3n - TAPEDESIGN","og_description":"Derecho de retractaci\u00f3n Usted tiene el derecho de revocar este contrato dentro de catorce d\u00edas sin dar razones. El plazo de desistimiento ser\u00e1 de catorce d\u00edas a partir de la&hellip;","og_url":"https:\/\/www.tape-design.com\/es\/instruccion-de-revocacion\/","og_site_name":"TAPEDESIGN","article_publisher":"https:\/\/www.facebook.com\/tapedesigncom\/","article_modified_time":"2025-03-05T07:15:23+00:00","twitter_card":"summary_large_image","twitter_misc":{"Tiempo de lectura":"4 minutos"},"schema":{"@context":"https:\/\/schema.org","@graph":[{"@type":"WebPage","@id":"https:\/\/www.tape-design.com\/es\/instruccion-de-revocacion\/","url":"https:\/\/www.tape-design.com\/es\/instruccion-de-revocacion\/","name":"Instrucci\u00f3n de revocaci\u00f3n - TAPEDESIGN","isPartOf":{"@id":"https:\/\/www.tape-design.com\/#website"},"datePublished":"2020-11-03T21:01:21+00:00","dateModified":"2025-03-05T07:15:23+00:00","breadcrumb":{"@id":"https:\/\/www.tape-design.com\/es\/instruccion-de-revocacion\/#breadcrumb"},"inLanguage":"es","potentialAction":[{"@type":"ReadAction","target":["https:\/\/www.tape-design.com\/es\/instruccion-de-revocacion\/"]}]},{"@type":"BreadcrumbList","@id":"https:\/\/www.tape-design.com\/es\/instruccion-de-revocacion\/#breadcrumb","itemListElement":[{"@type":"ListItem","position":1,"name":"Home","item":"https:\/\/www.tape-design.com\/es\/"},{"@type":"ListItem","position":2,"name":"Instrucci\u00f3n de revocaci\u00f3n"}]},{"@type":"WebSite","@id":"https:\/\/www.tape-design.com\/#website","url":"https:\/\/www.tape-design.com\/","name":"TAPEDESIGN","description":"Always a step ahead","publisher":{"@id":"https:\/\/www.tape-design.com\/#organization"},"potentialAction":[{"@type":"SearchAction","target":{"@type":"EntryPoint","urlTemplate":"https:\/\/www.tape-design.com\/?s={search_term_string}"},"query-input":{"@type":"PropertyValueSpecification","valueRequired":true,"valueName":"search_term_string"}}],"inLanguage":"es"},{"@type":"Organization","@id":"https:\/\/www.tape-design.com\/#organization","name":"TAPEDESIGN","url":"https:\/\/www.tape-design.com\/","logo":{"@type":"ImageObject","inLanguage":"es","@id":"https:\/\/www.tape-design.com\/#\/schema\/logo\/image\/","url":"https:\/\/www.tape-design.com\/app\/uploads\/2020\/11\/Logosmall.png","contentUrl":"https:\/\/www.tape-design.com\/app\/uploads\/2020\/11\/Logosmall.png","width":340,"height":156,"caption":"TAPEDESIGN"},"image":{"@id":"https:\/\/www.tape-design.com\/#\/schema\/logo\/image\/"},"sameAs":["https:\/\/www.facebook.com\/tapedesigncom\/","https:\/\/www.instagram.com\/tapedesign_socks\/?hl=de"]}]}},"_links":{"self":[{"href":"https:\/\/www.tape-design.com\/es\/wp-json\/wp\/v2\/pages\/7986","targetHints":{"allow":["GET"]}}],"collection":[{"href":"https:\/\/www.tape-design.com\/es\/wp-json\/wp\/v2\/pages"}],"about":[{"href":"https:\/\/www.tape-design.com\/es\/wp-json\/wp\/v2\/types\/page"}],"author":[{"embeddable":true,"href":"https:\/\/www.tape-design.com\/es\/wp-json\/wp\/v2\/users\/1"}],"replies":[{"embeddable":true,"href":"https:\/\/www.tape-design.com\/es\/wp-json\/wp\/v2\/comments?post=7986"}],"version-history":[{"count":7,"href":"https:\/\/www.tape-design.com\/es\/wp-json\/wp\/v2\/pages\/7986\/revisions"}],"predecessor-version":[{"id":124467,"href":"https:\/\/www.tape-design.com\/es\/wp-json\/wp\/v2\/pages\/7986\/revisions\/124467"}],"wp:attachment":[{"href":"https:\/\/www.tape-design.com\/es\/wp-json\/wp\/v2\/media?parent=7986"}],"curies":[{"name":"wp","href":"https:\/\/api.w.org\/{rel}","templated":true}]}}