{"id":126612,"date":"2025-03-27T20:08:49","date_gmt":"2025-03-27T19:08:49","guid":{"rendered":"https:\/\/www.tape-design.com\/product\/deal-1-classic-tubes\/"},"modified":"2026-02-19T11:09:47","modified_gmt":"2026-02-19T10:09:47","slug":"deal-1-classic-tubes","status":"publish","type":"product","link":"https:\/\/www.tape-design.com\/es\/producto\/deal-1-classic-tubes\/","title":{"rendered":"Deal 1: Classic + Tubes"},"content":{"rendered":"<p class=\"\" data-start=\"3795\" data-end=\"3991\"><strong data-start=\"3795\" data-end=\"3822\">ALLROUND SOCKS CLASSIC:<\/strong><br data-start=\"3822\" data-end=\"3825\" \/>El calcet\u00edn antideslizante \u201cClassic\u201d destaca por su funcionalidad e innovaci\u00f3n. Ya sea en el deporte profesional o en el \u00e1mbito recreativo: \u00a1siempre un paso adelante!<\/p>\n<p class=\"\" data-start=\"3993\" data-end=\"4243\">Se trata de un calcet\u00edn vers\u00e1til que proporciona mayor agarre y sensibilidad en cualquier zapato. Gracias a su composici\u00f3n especial de materiales, los calcetines son muy c\u00f3modos y extremadamente el\u00e1sticos \u2013 se adaptan ergon\u00f3micamente a cualquier pie.<\/p>\n<ul data-start=\"4245\" data-end=\"4756\">\n<li class=\"\" data-start=\"4245\" data-end=\"4335\">\n<p class=\"\" data-start=\"4247\" data-end=\"4335\">Talla \u00fanica (EU 37\u201348) gracias al procesamiento especial de materiales de alta calidad<\/p>\n<\/li>\n<li class=\"\" data-start=\"4336\" data-end=\"4462\">\n<p class=\"\" data-start=\"4338\" data-end=\"4462\">Gomas antideslizantes colocadas estrat\u00e9gicamente en el exterior con forma ergon\u00f3mica para un agarre perfecto en el calzado<\/p>\n<\/li>\n<li class=\"\" data-start=\"4463\" data-end=\"4523\">\n<p class=\"\" data-start=\"4465\" data-end=\"4523\">M\u00e1ximo confort gracias a una elaboraci\u00f3n de alta calidad<\/p>\n<\/li>\n<li class=\"\" data-start=\"4524\" data-end=\"4670\">\n<p class=\"\" data-start=\"4526\" data-end=\"4670\">Probado y valorado positivamente por deportistas profesionales y aficionados en diferentes deportes (f\u00fatbol, tenis, balonmano, voleibol, etc.)<\/p>\n<\/li>\n<li class=\"\" data-start=\"4671\" data-end=\"4756\">\n<p class=\"\" data-start=\"4673\" data-end=\"4756\">Ideal para deportes que requieren cambios de direcci\u00f3n y movimientos rotacionales<\/p>\n<\/li>\n<\/ul>\n<p class=\"\" data-start=\"4758\" data-end=\"4784\"><strong data-start=\"4758\" data-end=\"4784\">\u00a1Siente la diferencia!<\/strong><\/p>\n<p class=\"\" data-start=\"4786\" data-end=\"4846\">Material: 55% algod\u00f3n, 35% nailon, 7% elastano, 3% poli\u00e9ster<\/p>\n<hr class=\"\" data-start=\"4848\" data-end=\"4851\" \/>\n<p class=\"\" data-start=\"4853\" data-end=\"5076\"><strong data-start=\"4853\" data-end=\"4876\">TAPEDESIGN &#8211; TUBES:<\/strong><br data-start=\"4876\" data-end=\"4879\" \/>Los &#8220;TAPEDESIGN &#8211; Tubes&#8221; destacan por su funcionalidad e innovaci\u00f3n. Son muy c\u00f3modos, por lo que tienen gran aceptaci\u00f3n tanto entre profesionales como aficionados. Adem\u00e1s, ofrecen gran durabilidad.<\/p>\n<p class=\"\" data-start=\"5078\" data-end=\"5192\">Los entrenamientos y partidos ya no son un problema \u2013 con los &#8220;TAPEDESIGN &#8211; Tubes&#8221;, est\u00e1s perfectamente preparado.<\/p>\n<ul data-start=\"5194\" data-end=\"5528\">\n<li class=\"\" data-start=\"5194\" data-end=\"5334\">\n<p class=\"\" data-start=\"5196\" data-end=\"5334\"><strong data-start=\"5196\" data-end=\"5216\">Ajuste perfecto:<\/strong> Gracias al corte especial y las zonas flexibles en la pantorrilla, garantizan un ajuste \u00f3ptimo de las espinilleras.<\/p>\n<\/li>\n<li class=\"\" data-start=\"5335\" data-end=\"5409\">\n<p class=\"\" data-start=\"5337\" data-end=\"5409\"><strong data-start=\"5337\" data-end=\"5360\">Material funcional:<\/strong> El material se adapta perfectamente a la piel.<\/p>\n<\/li>\n<li class=\"\" data-start=\"5410\" data-end=\"5528\">\n<p class=\"\" data-start=\"5412\" data-end=\"5528\"><strong data-start=\"5412\" data-end=\"5441\">Regulaci\u00f3n de la humedad:<\/strong> El hilo ligero expulsa la humedad hacia el exterior y permite una mejor ventilaci\u00f3n.<\/p>\n<\/li>\n<\/ul>\n<p class=\"\" data-start=\"5530\" data-end=\"5581\">Composici\u00f3n: 86% poli\u00e9ster, 10% nailon, 4% elastano<\/p>\n","protected":false},"excerpt":{"rendered":"<p>Consigue tus &#8220;Allround Socks Classic&#8221; junto con los &#8220;Tubes&#8221; para un agarre y rendimiento \u00f3ptimos.<br data-start=\"556\" data-end=\"559\" \/><strong>\u00a1Perfectos para tu pr\u00f3ximo partido!<\/strong><\/p>\n","protected":false},"featured_media":142056,"template":"","meta":{"_acf_changed":false},"product_cat":[2848],"product_tag":[],"giftcard-category":[],"class_list":{"0":"post-126612","1":"product","2":"type-product","3":"status-publish","4":"has-post-thumbnail","6":"product_cat-special-sets-es","8":"first","9":"instock","10":"sale","11":"virtual","12":"taxable","13":"purchasable","14":"product-type-bundle"},"bundled_by":[],"bundle_stock_status":"instock","bundle_stock_quantity":"","bundle_virtual":false,"bundle_layout":"default","bundle_add_to_cart_form_location":"default","bundle_editable_in_cart":false,"bundle_sold_individually_context":"product","bundle_item_grouping":"parent","bundle_min_size":"","bundle_max_size":"","bundle_price":{"price":{"min":{"incl_tax":"29.95","excl_tax":"24.958333"},"max":{"incl_tax":"29.95","excl_tax":"24.958333"}},"regular_price":{"min":{"incl_tax":"41.9","excl_tax":"34.916667"},"max":{"incl_tax":"41.9","excl_tax":"34.916667"}}},"bundled_items":[{"bundled_item_id":181,"product_id":15710,"menu_order":0,"quantity_min":1,"quantity_max":1,"quantity_default":1,"priced_individually":false,"shipped_individually":false,"override_title":false,"title":"Allround Socks Classic","override_description":false,"description":"Allround Socks Classic","optional":false,"hide_thumbnail":false,"discount":"","override_variations":false,"allowed_variations":[43348,43349],"override_default_variation_attributes":false,"default_variation_attributes":[],"single_product_visibility":"visible","cart_visibility":"visible","order_visibility":"visible","single_product_price_visibility":"visible","cart_price_visibility":"visible","order_price_visibility":"visible","stock_status":"in_stock"},{"bundled_item_id":182,"product_id":75119,"menu_order":1,"quantity_min":1,"quantity_max":1,"quantity_default":1,"priced_individually":false,"shipped_individually":false,"override_title":false,"title":"Tubes","override_description":false,"description":"Tubes","optional":false,"hide_thumbnail":false,"discount":"","override_variations":false,"allowed_variations":[75146,75147],"override_default_variation_attributes":false,"default_variation_attributes":[],"single_product_visibility":"visible","cart_visibility":"visible","order_visibility":"visible","single_product_price_visibility":"visible","cart_price_visibility":"visible","order_price_visibility":"visible","stock_status":"in_stock"}],"bundle_sell_ids":[],"exclude_global_add_ons":[],"addons":[],"acf":[],"yoast_head":"<title>Deal 1: Classic + Tubes - TAPEDESIGN<\/title>\n<meta name=\"robots\" content=\"index, follow, max-snippet:-1, max-image-preview:large, max-video-preview:-1\" \/>\n<link rel=\"canonical\" href=\"https:\/\/www.tape-design.com\/es\/producto\/deal-1-classic-tubes\/\" \/>\n<meta property=\"og:locale\" content=\"es_ES\" \/>\n<meta property=\"og:type\" content=\"article\" \/>\n<meta property=\"og:title\" content=\"Deal 1: Classic + Tubes - TAPEDESIGN\" \/>\n<meta property=\"og:description\" content=\"Consigue tus &quot;Allround Socks Classic&quot; junto con los &quot;Tubes&quot; para un agarre y rendimiento \u00f3ptimos.\u00a1Perfectos para tu pr\u00f3ximo partido!\" \/>\n<meta property=\"og:url\" content=\"https:\/\/www.tape-design.com\/es\/producto\/deal-1-classic-tubes\/\" \/>\n<meta property=\"og:site_name\" content=\"TAPEDESIGN\" \/>\n<meta property=\"article:publisher\" content=\"https:\/\/www.facebook.com\/tapedesigncom\/\" \/>\n<meta property=\"article:modified_time\" content=\"2026-02-19T10:09:47+00:00\" \/>\n<meta property=\"og:image\" content=\"https:\/\/www.tape-design.com\/app\/uploads\/2025\/03\/2026_BUNDLE_CLASSIC_TUBES_PRODUCT_IMG_1.jpg\" \/>\n\t<meta property=\"og:image:width\" content=\"1080\" \/>\n\t<meta property=\"og:image:height\" content=\"1080\" \/>\n\t<meta property=\"og:image:type\" content=\"image\/jpeg\" \/>\n<meta name=\"twitter:card\" content=\"summary_large_image\" \/>\n<meta name=\"twitter:label1\" content=\"Tiempo de lectura\" \/>\n\t<meta name=\"twitter:data1\" content=\"1 minuto\" \/>\n<script type=\"application\/ld+json\" class=\"yoast-schema-graph\">{\"@context\":\"https:\/\/schema.org\",\"@graph\":[{\"@type\":\"WebPage\",\"@id\":\"https:\/\/www.tape-design.com\/es\/producto\/deal-1-classic-tubes\/\",\"url\":\"https:\/\/www.tape-design.com\/es\/producto\/deal-1-classic-tubes\/\",\"name\":\"Deal 1: Classic + Tubes - TAPEDESIGN\",\"isPartOf\":{\"@id\":\"https:\/\/www.tape-design.com\/#website\"},\"primaryImageOfPage\":{\"@id\":\"https:\/\/www.tape-design.com\/es\/producto\/deal-1-classic-tubes\/#primaryimage\"},\"image\":{\"@id\":\"https:\/\/www.tape-design.com\/es\/producto\/deal-1-classic-tubes\/#primaryimage\"},\"thumbnailUrl\":\"https:\/\/www.tape-design.com\/app\/uploads\/2025\/03\/2026_BUNDLE_CLASSIC_TUBES_PRODUCT_IMG_1.jpg\",\"datePublished\":\"2025-03-27T19:08:49+00:00\",\"dateModified\":\"2026-02-19T10:09:47+00:00\",\"breadcrumb\":{\"@id\":\"https:\/\/www.tape-design.com\/es\/producto\/deal-1-classic-tubes\/#breadcrumb\"},\"inLanguage\":\"es\",\"potentialAction\":[{\"@type\":\"ReadAction\",\"target\":[\"https:\/\/www.tape-design.com\/es\/producto\/deal-1-classic-tubes\/\"]}]},{\"@type\":\"ImageObject\",\"inLanguage\":\"es\",\"@id\":\"https:\/\/www.tape-design.com\/es\/producto\/deal-1-classic-tubes\/#primaryimage\",\"url\":\"https:\/\/www.tape-design.com\/app\/uploads\/2025\/03\/2026_BUNDLE_CLASSIC_TUBES_PRODUCT_IMG_1.jpg\",\"contentUrl\":\"https:\/\/www.tape-design.com\/app\/uploads\/2025\/03\/2026_BUNDLE_CLASSIC_TUBES_PRODUCT_IMG_1.jpg\",\"width\":1080,\"height\":1080},{\"@type\":\"BreadcrumbList\",\"@id\":\"https:\/\/www.tape-design.com\/es\/producto\/deal-1-classic-tubes\/#breadcrumb\",\"itemListElement\":[{\"@type\":\"ListItem\",\"position\":1,\"name\":\"Home\",\"item\":\"https:\/\/www.tape-design.com\/es\/\"},{\"@type\":\"ListItem\",\"position\":2,\"name\":\"Shop\",\"item\":\"https:\/\/www.tape-design.com\/es\/shop\/\"},{\"@type\":\"ListItem\",\"position\":3,\"name\":\"Deal 1: Classic + Tubes\"}]},{\"@type\":\"WebSite\",\"@id\":\"https:\/\/www.tape-design.com\/#website\",\"url\":\"https:\/\/www.tape-design.com\/\",\"name\":\"TAPEDESIGN\",\"description\":\"Always a step ahead\",\"publisher\":{\"@id\":\"https:\/\/www.tape-design.com\/#organization\"},\"potentialAction\":[{\"@type\":\"SearchAction\",\"target\":{\"@type\":\"EntryPoint\",\"urlTemplate\":\"https:\/\/www.tape-design.com\/?s={search_term_string}\"},\"query-input\":{\"@type\":\"PropertyValueSpecification\",\"valueRequired\":true,\"valueName\":\"search_term_string\"}}],\"inLanguage\":\"es\"},{\"@type\":\"Organization\",\"@id\":\"https:\/\/www.tape-design.com\/#organization\",\"name\":\"TAPEDESIGN\",\"url\":\"https:\/\/www.tape-design.com\/\",\"logo\":{\"@type\":\"ImageObject\",\"inLanguage\":\"es\",\"@id\":\"https:\/\/www.tape-design.com\/#\/schema\/logo\/image\/\",\"url\":\"https:\/\/www.tape-design.com\/app\/uploads\/2020\/11\/Logosmall.png\",\"contentUrl\":\"https:\/\/www.tape-design.com\/app\/uploads\/2020\/11\/Logosmall.png\",\"width\":340,\"height\":156,\"caption\":\"TAPEDESIGN\"},\"image\":{\"@id\":\"https:\/\/www.tape-design.com\/#\/schema\/logo\/image\/\"},\"sameAs\":[\"https:\/\/www.facebook.com\/tapedesigncom\/\",\"https:\/\/www.instagram.com\/tapedesign_socks\/?hl=de\"]}]}<\/script>","yoast_head_json":{"title":"Deal 1: Classic + Tubes - TAPEDESIGN","robots":{"index":"index","follow":"follow","max-snippet":"max-snippet:-1","max-image-preview":"max-image-preview:large","max-video-preview":"max-video-preview:-1"},"canonical":"https:\/\/www.tape-design.com\/es\/producto\/deal-1-classic-tubes\/","og_locale":"es_ES","og_type":"article","og_title":"Deal 1: Classic + Tubes - TAPEDESIGN","og_description":"Consigue tus \"Allround Socks Classic\" junto con los \"Tubes\" para un agarre y rendimiento \u00f3ptimos.\u00a1Perfectos para tu pr\u00f3ximo partido!","og_url":"https:\/\/www.tape-design.com\/es\/producto\/deal-1-classic-tubes\/","og_site_name":"TAPEDESIGN","article_publisher":"https:\/\/www.facebook.com\/tapedesigncom\/","article_modified_time":"2026-02-19T10:09:47+00:00","og_image":[{"width":1080,"height":1080,"url":"https:\/\/www.tape-design.com\/app\/uploads\/2025\/03\/2026_BUNDLE_CLASSIC_TUBES_PRODUCT_IMG_1.jpg","type":"image\/jpeg"}],"twitter_card":"summary_large_image","twitter_misc":{"Tiempo de lectura":"1 minuto"},"schema":{"@context":"https:\/\/schema.org","@graph":[{"@type":"WebPage","@id":"https:\/\/www.tape-design.com\/es\/producto\/deal-1-classic-tubes\/","url":"https:\/\/www.tape-design.com\/es\/producto\/deal-1-classic-tubes\/","name":"Deal 1: Classic + Tubes - TAPEDESIGN","isPartOf":{"@id":"https:\/\/www.tape-design.com\/#website"},"primaryImageOfPage":{"@id":"https:\/\/www.tape-design.com\/es\/producto\/deal-1-classic-tubes\/#primaryimage"},"image":{"@id":"https:\/\/www.tape-design.com\/es\/producto\/deal-1-classic-tubes\/#primaryimage"},"thumbnailUrl":"https:\/\/www.tape-design.com\/app\/uploads\/2025\/03\/2026_BUNDLE_CLASSIC_TUBES_PRODUCT_IMG_1.jpg","datePublished":"2025-03-27T19:08:49+00:00","dateModified":"2026-02-19T10:09:47+00:00","breadcrumb":{"@id":"https:\/\/www.tape-design.com\/es\/producto\/deal-1-classic-tubes\/#breadcrumb"},"inLanguage":"es","potentialAction":[{"@type":"ReadAction","target":["https:\/\/www.tape-design.com\/es\/producto\/deal-1-classic-tubes\/"]}]},{"@type":"ImageObject","inLanguage":"es","@id":"https:\/\/www.tape-design.com\/es\/producto\/deal-1-classic-tubes\/#primaryimage","url":"https:\/\/www.tape-design.com\/app\/uploads\/2025\/03\/2026_BUNDLE_CLASSIC_TUBES_PRODUCT_IMG_1.jpg","contentUrl":"https:\/\/www.tape-design.com\/app\/uploads\/2025\/03\/2026_BUNDLE_CLASSIC_TUBES_PRODUCT_IMG_1.jpg","width":1080,"height":1080},{"@type":"BreadcrumbList","@id":"https:\/\/www.tape-design.com\/es\/producto\/deal-1-classic-tubes\/#breadcrumb","itemListElement":[{"@type":"ListItem","position":1,"name":"Home","item":"https:\/\/www.tape-design.com\/es\/"},{"@type":"ListItem","position":2,"name":"Shop","item":"https:\/\/www.tape-design.com\/es\/shop\/"},{"@type":"ListItem","position":3,"name":"Deal 1: Classic + Tubes"}]},{"@type":"WebSite","@id":"https:\/\/www.tape-design.com\/#website","url":"https:\/\/www.tape-design.com\/","name":"TAPEDESIGN","description":"Always a step ahead","publisher":{"@id":"https:\/\/www.tape-design.com\/#organization"},"potentialAction":[{"@type":"SearchAction","target":{"@type":"EntryPoint","urlTemplate":"https:\/\/www.tape-design.com\/?s={search_term_string}"},"query-input":{"@type":"PropertyValueSpecification","valueRequired":true,"valueName":"search_term_string"}}],"inLanguage":"es"},{"@type":"Organization","@id":"https:\/\/www.tape-design.com\/#organization","name":"TAPEDESIGN","url":"https:\/\/www.tape-design.com\/","logo":{"@type":"ImageObject","inLanguage":"es","@id":"https:\/\/www.tape-design.com\/#\/schema\/logo\/image\/","url":"https:\/\/www.tape-design.com\/app\/uploads\/2020\/11\/Logosmall.png","contentUrl":"https:\/\/www.tape-design.com\/app\/uploads\/2020\/11\/Logosmall.png","width":340,"height":156,"caption":"TAPEDESIGN"},"image":{"@id":"https:\/\/www.tape-design.com\/#\/schema\/logo\/image\/"},"sameAs":["https:\/\/www.facebook.com\/tapedesigncom\/","https:\/\/www.instagram.com\/tapedesign_socks\/?hl=de"]}]}},"_links":{"self":[{"href":"https:\/\/www.tape-design.com\/es\/wp-json\/wp\/v2\/product\/126612","targetHints":{"allow":["GET"]}}],"collection":[{"href":"https:\/\/www.tape-design.com\/es\/wp-json\/wp\/v2\/product"}],"about":[{"href":"https:\/\/www.tape-design.com\/es\/wp-json\/wp\/v2\/types\/product"}],"wp:featuredmedia":[{"embeddable":true,"href":"https:\/\/www.tape-design.com\/es\/wp-json\/wp\/v2\/media\/142056"}],"wp:attachment":[{"href":"https:\/\/www.tape-design.com\/es\/wp-json\/wp\/v2\/media?parent=126612"}],"wp:term":[{"taxonomy":"product_cat","embeddable":true,"href":"https:\/\/www.tape-design.com\/es\/wp-json\/wp\/v2\/product_cat?post=126612"},{"taxonomy":"product_tag","embeddable":true,"href":"https:\/\/www.tape-design.com\/es\/wp-json\/wp\/v2\/product_tag?post=126612"},{"taxonomy":"giftcard-category","embeddable":true,"href":"https:\/\/www.tape-design.com\/es\/wp-json\/wp\/v2\/giftcard-category?post=126612"}],"curies":[{"name":"wp","href":"https:\/\/api.w.org\/{rel}","templated":true}]}}