{"id":126628,"date":"2025-03-27T20:23:24","date_gmt":"2025-03-27T19:23:24","guid":{"rendered":"https:\/\/www.tape-design.com\/product\/deal-5-classic-shinguards-2-0-tubes\/"},"modified":"2026-02-19T16:08:40","modified_gmt":"2026-02-19T15:08:40","slug":"deal-5-classic-shinguards-2-0-tubes","status":"publish","type":"product","link":"https:\/\/www.tape-design.com\/es\/producto\/deal-5-classic-shinguards-2-0-tubes\/","title":{"rendered":"Deal 5: Classic + Shinguards 2.0 + Tubes"},"content":{"rendered":"<p class=\"\" data-start=\"98\" data-end=\"291\"><strong data-start=\"98\" data-end=\"125\">ALLROUND SOCKS CLASSIC:<\/strong><br data-start=\"125\" data-end=\"128\" \/>El calcet\u00edn antideslizante &#8220;Classic&#8221; destaca por su funcionalidad e innovaci\u00f3n. Ya sea en el deporte profesional o en el recreativo \u2013 \u00a1siempre un paso por delante!<\/p>\n<p class=\"\" data-start=\"293\" data-end=\"504\">Este calcet\u00edn especial proporciona mayor agarre y sensibilidad en cualquier calzado. Gracias a su composici\u00f3n de materiales, es muy c\u00f3modo y extremadamente el\u00e1stico \u2013 adapt\u00e1ndose ergon\u00f3micamente a cualquier pie.<\/p>\n<ul data-start=\"506\" data-end=\"987\">\n<li class=\"\" data-start=\"506\" data-end=\"577\">\n<p class=\"\" data-start=\"508\" data-end=\"577\">Talla \u00fanica (EU 37\u201348) gracias al uso de materiales de alta calidad<\/p>\n<\/li>\n<li class=\"\" data-start=\"578\" data-end=\"674\">\n<p class=\"\" data-start=\"580\" data-end=\"674\">Gomas antideslizantes colocadas ergon\u00f3micamente en la parte exterior para un agarre perfecto<\/p>\n<\/li>\n<li class=\"\" data-start=\"675\" data-end=\"736\">\n<p class=\"\" data-start=\"677\" data-end=\"736\">M\u00e1xima comodidad gracias a su fabricaci\u00f3n de alta calidad<\/p>\n<\/li>\n<li class=\"\" data-start=\"737\" data-end=\"894\">\n<p class=\"\" data-start=\"739\" data-end=\"894\">Probado y valorado como excelente por deportistas profesionales y aficionados en una gran variedad de deportes (f\u00fatbol, tenis, balonmano, voleibol, etc.)<\/p>\n<\/li>\n<li class=\"\" data-start=\"895\" data-end=\"987\">\n<p class=\"\" data-start=\"897\" data-end=\"987\">Ideal para deportes que requieren cambios r\u00e1pidos de direcci\u00f3n y movimientos de rotaci\u00f3n<\/p>\n<\/li>\n<\/ul>\n<p class=\"\" data-start=\"989\" data-end=\"1015\"><strong data-start=\"989\" data-end=\"1015\">\u00a1Siente la diferencia!<\/strong><\/p>\n<p class=\"\" data-start=\"1017\" data-end=\"1077\">Material: 55% algod\u00f3n, 35% nailon, 7% elastano, 3% poli\u00e9ster<\/p>\n<hr class=\"\" data-start=\"1079\" data-end=\"1082\" \/>\n<p class=\"\" data-start=\"1084\" data-end=\"1304\"><strong data-start=\"1084\" data-end=\"1107\">TAPEDESIGN &#8211; TUBES:<\/strong><br data-start=\"1107\" data-end=\"1110\" \/>Los &#8220;TAPEDESIGN &#8211; Tubes&#8221; destacan por su funcionalidad e innovaci\u00f3n. Son muy c\u00f3modos, por lo que son muy populares entre deportistas profesionales y aficionados. Adem\u00e1s, son altamente duraderos.<\/p>\n<p class=\"\" data-start=\"1306\" data-end=\"1398\">Con ellos, entrenamientos y partidos ya no son un problema \u2013 \u00a1est\u00e1s perfectamente preparado!<\/p>\n<ul data-start=\"1400\" data-end=\"1691\">\n<li class=\"\" data-start=\"1400\" data-end=\"1519\">\n<p class=\"\" data-start=\"1402\" data-end=\"1519\"><strong data-start=\"1402\" data-end=\"1422\">Ajuste perfecto:<\/strong> Corte especial y zonas flexibles en la pantorrilla para una sujeci\u00f3n ideal de las espinilleras<\/p>\n<\/li>\n<li class=\"\" data-start=\"1520\" data-end=\"1581\">\n<p class=\"\" data-start=\"1522\" data-end=\"1581\"><strong data-start=\"1522\" data-end=\"1545\">Material funcional:<\/strong> Se adapta perfectamente a la piel<\/p>\n<\/li>\n<li class=\"\" data-start=\"1582\" data-end=\"1691\">\n<p class=\"\" data-start=\"1584\" data-end=\"1691\"><strong data-start=\"1584\" data-end=\"1613\">Regulaci\u00f3n de la humedad:<\/strong> El hilo ligero expulsa la humedad hacia el exterior y mejora la ventilaci\u00f3n<\/p>\n<\/li>\n<\/ul>\n<p class=\"\" data-start=\"1693\" data-end=\"1744\">Composici\u00f3n: 86% poli\u00e9ster, 10% nailon, 4% elastano<\/p>\n<hr class=\"\" data-start=\"1746\" data-end=\"1749\" \/>\n<p class=\"\" data-start=\"1751\" data-end=\"1784\"><strong data-start=\"1751\" data-end=\"1782\">PERFORMANCE SHINGUARDS 2.0:<\/strong><\/p>\n<p class=\"\" data-start=\"1786\" data-end=\"1800\"><strong data-start=\"1786\" data-end=\"1798\">Incluye:<\/strong><\/p>\n<ul data-start=\"1801\" data-end=\"1906\">\n<li class=\"\" data-start=\"1801\" data-end=\"1854\">\n<p class=\"\" data-start=\"1803\" data-end=\"1854\">1 par de espinilleras TAPEDESIGN\u00ae Performance 2.0<\/p>\n<\/li>\n<li class=\"\" data-start=\"1855\" data-end=\"1885\">\n<p class=\"\" data-start=\"1857\" data-end=\"1885\">1x bolsa de almacenamiento<\/p>\n<\/li>\n<li class=\"\" data-start=\"1886\" data-end=\"1906\">\n<p class=\"\" data-start=\"1888\" data-end=\"1906\">1x instrucciones<\/p>\n<\/li>\n<\/ul>\n<p class=\"\" data-start=\"1908\" data-end=\"1965\"><strong data-start=\"1908\" data-end=\"1920\">Acabado:<\/strong><br data-start=\"1920\" data-end=\"1923\" \/>Impresi\u00f3n directa UV (en las espinilleras)<\/p>\n<p class=\"\" data-start=\"1967\" data-end=\"2473\"><strong data-start=\"1967\" data-end=\"1983\">Modo de uso:<\/strong><br data-start=\"1983\" data-end=\"1986\" \/>Las espinilleras se ablandan con aire caliente (secador de pelo) y se pueden moldear individualmente.<br data-start=\"2087\" data-end=\"2090\" \/>Coloca una espinillera sobre una superficie lisa y limpia (papel o papel de hornear), cali\u00e9ntala durante 3\u20136 minutos. Espera 10\u201315 segundos y col\u00f3cala directamente sobre la espinilla (sobre la piel). Presiona ligeramente para adaptarla a la forma deseada.<br data-start=\"2345\" data-end=\"2348\" \/>Despu\u00e9s de unos 3 minutos, se endurece y adopta la forma exacta de tu pierna.<br data-start=\"2425\" data-end=\"2428\" \/>Repite el proceso con la segunda espinillera.<\/p>\n<p class=\"\" data-start=\"2475\" data-end=\"2623\"><strong data-start=\"2475\" data-end=\"2495\">Ajuste perfecto:<\/strong><br data-start=\"2495\" data-end=\"2498\" \/>Despu\u00e9s del calentamiento, las espinilleras pueden adoptar casi cualquier forma \u2013 para un ajuste completamente personalizado.<\/p>\n<p class=\"\" data-start=\"2625\" data-end=\"2976\"><strong data-start=\"2625\" data-end=\"2654\">Advertencias importantes:<\/strong><br data-start=\"2654\" data-end=\"2657\" \/>Guardar en lugar fresco y protegido del sol. El mal uso puede da\u00f1ar el producto. No asumimos responsabilidad por el uso indebido.<br data-start=\"2786\" data-end=\"2789\" \/>Aunque han sido probadas, las espinilleras solo protegen hasta cierto punto \u2013 ninguna garantiza protecci\u00f3n completa.<br data-start=\"2905\" data-end=\"2908\" \/>Se pueden limpiar con agua y secar al aire para evitar malos olores.<\/p>\n","protected":false},"excerpt":{"rendered":"<p class=\"\" data-start=\"2983\" data-end=\"3090\"><strong data-start=\"2983\" data-end=\"3026\">El pack todo en uno sin preocupaciones:<\/strong><br data-start=\"3026\" data-end=\"3029\" \/>Allround Socks CLASSIC<br data-start=\"3051\" data-end=\"3054\" \/>Performance Shinguards 2.0<br data-start=\"3080\" data-end=\"3083\" \/>TUBES<\/p>\n<p class=\"\" data-start=\"3092\" data-end=\"3148\">Protecci\u00f3n, comodidad y estabilidad en un solo conjunto.<\/p>\n","protected":false},"featured_media":126516,"template":"","meta":{"_acf_changed":false},"product_cat":[3092,2848],"product_tag":[],"giftcard-category":[],"class_list":{"0":"post-126628","1":"product","2":"type-product","3":"status-publish","4":"has-post-thumbnail","6":"product_cat-ofertas-de-pascua","7":"product_cat-special-sets-es","9":"first","10":"instock","11":"sale","12":"virtual","13":"taxable","14":"purchasable","15":"product-type-bundle"},"bundled_by":[],"bundle_stock_status":"instock","bundle_stock_quantity":"","bundle_virtual":false,"bundle_layout":"default","bundle_add_to_cart_form_location":"default","bundle_editable_in_cart":false,"bundle_sold_individually_context":"product","bundle_item_grouping":"parent","bundle_min_size":"","bundle_max_size":"","bundle_price":{"price":{"min":{"incl_tax":"49.95","excl_tax":"41.625"},"max":{"incl_tax":"49.95","excl_tax":"41.625"}},"regular_price":{"min":{"incl_tax":"81.85","excl_tax":"68.208333"},"max":{"incl_tax":"81.85","excl_tax":"68.208333"}}},"bundled_items":[{"bundled_item_id":215,"product_id":15710,"menu_order":0,"quantity_min":1,"quantity_max":1,"quantity_default":1,"priced_individually":false,"shipped_individually":false,"override_title":false,"title":"Allround Socks Classic","override_description":false,"description":"Allround Socks Classic","optional":false,"hide_thumbnail":false,"discount":"","override_variations":false,"allowed_variations":[43348,43349],"override_default_variation_attributes":false,"default_variation_attributes":[],"single_product_visibility":"visible","cart_visibility":"visible","order_visibility":"visible","single_product_price_visibility":"visible","cart_price_visibility":"visible","order_price_visibility":"visible","stock_status":"in_stock"},{"bundled_item_id":216,"product_id":58088,"menu_order":1,"quantity_min":1,"quantity_max":1,"quantity_default":1,"priced_individually":false,"shipped_individually":false,"override_title":false,"title":"Performance Shinguards 2.0","override_description":false,"description":"Performance Shinguards 2.0","optional":false,"hide_thumbnail":false,"discount":"","override_variations":false,"allowed_variations":[""],"override_default_variation_attributes":false,"default_variation_attributes":[],"single_product_visibility":"visible","cart_visibility":"visible","order_visibility":"visible","single_product_price_visibility":"visible","cart_price_visibility":"visible","order_price_visibility":"visible","stock_status":"in_stock"},{"bundled_item_id":217,"product_id":75119,"menu_order":2,"quantity_min":1,"quantity_max":1,"quantity_default":1,"priced_individually":false,"shipped_individually":false,"override_title":false,"title":"Tubes","override_description":false,"description":"Tubes","optional":false,"hide_thumbnail":false,"discount":"","override_variations":false,"allowed_variations":[75146,75147],"override_default_variation_attributes":false,"default_variation_attributes":[],"single_product_visibility":"visible","cart_visibility":"visible","order_visibility":"visible","single_product_price_visibility":"visible","cart_price_visibility":"visible","order_price_visibility":"visible","stock_status":"in_stock"}],"bundle_sell_ids":[],"exclude_global_add_ons":[],"addons":[],"acf":[],"yoast_head":"<title>Deal 5: Classic + Shinguards 2.0 + Tubes - TAPEDESIGN<\/title>\n<meta name=\"robots\" content=\"index, follow, max-snippet:-1, max-image-preview:large, max-video-preview:-1\" \/>\n<link rel=\"canonical\" href=\"https:\/\/www.tape-design.com\/es\/producto\/deal-5-classic-shinguards-2-0-tubes\/\" \/>\n<meta property=\"og:locale\" content=\"es_ES\" \/>\n<meta property=\"og:type\" content=\"article\" \/>\n<meta property=\"og:title\" content=\"Deal 5: Classic + Shinguards 2.0 + Tubes - TAPEDESIGN\" \/>\n<meta property=\"og:description\" content=\"El pack todo en uno sin preocupaciones:Allround Socks CLASSICPerformance Shinguards 2.0TUBES Protecci\u00f3n, comodidad y estabilidad en un solo conjunto.\" \/>\n<meta property=\"og:url\" content=\"https:\/\/www.tape-design.com\/es\/producto\/deal-5-classic-shinguards-2-0-tubes\/\" \/>\n<meta property=\"og:site_name\" content=\"TAPEDESIGN\" \/>\n<meta property=\"article:publisher\" content=\"https:\/\/www.facebook.com\/tapedesigncom\/\" \/>\n<meta property=\"article:modified_time\" content=\"2026-02-19T15:08:40+00:00\" \/>\n<meta property=\"og:image\" content=\"https:\/\/www.tape-design.com\/app\/uploads\/2025\/03\/EASTER-SALE_MAIN_TUBES-CLASSIC-SHINGUARDS-scaled.jpg\" \/>\n\t<meta property=\"og:image:width\" content=\"2560\" \/>\n\t<meta property=\"og:image:height\" content=\"2560\" \/>\n\t<meta property=\"og:image:type\" content=\"image\/jpeg\" \/>\n<meta name=\"twitter:card\" content=\"summary_large_image\" \/>\n<meta name=\"twitter:label1\" content=\"Tiempo de lectura\" \/>\n\t<meta name=\"twitter:data1\" content=\"2 minutos\" \/>\n<script type=\"application\/ld+json\" class=\"yoast-schema-graph\">{\"@context\":\"https:\/\/schema.org\",\"@graph\":[{\"@type\":\"WebPage\",\"@id\":\"https:\/\/www.tape-design.com\/es\/producto\/deal-5-classic-shinguards-2-0-tubes\/\",\"url\":\"https:\/\/www.tape-design.com\/es\/producto\/deal-5-classic-shinguards-2-0-tubes\/\",\"name\":\"Deal 5: Classic + Shinguards 2.0 + Tubes - TAPEDESIGN\",\"isPartOf\":{\"@id\":\"https:\/\/www.tape-design.com\/#website\"},\"primaryImageOfPage\":{\"@id\":\"https:\/\/www.tape-design.com\/es\/producto\/deal-5-classic-shinguards-2-0-tubes\/#primaryimage\"},\"image\":{\"@id\":\"https:\/\/www.tape-design.com\/es\/producto\/deal-5-classic-shinguards-2-0-tubes\/#primaryimage\"},\"thumbnailUrl\":\"https:\/\/www.tape-design.com\/app\/uploads\/2025\/03\/EASTER-SALE_MAIN_TUBES-CLASSIC-SHINGUARDS-scaled.jpg\",\"datePublished\":\"2025-03-27T19:23:24+00:00\",\"dateModified\":\"2026-02-19T15:08:40+00:00\",\"breadcrumb\":{\"@id\":\"https:\/\/www.tape-design.com\/es\/producto\/deal-5-classic-shinguards-2-0-tubes\/#breadcrumb\"},\"inLanguage\":\"es\",\"potentialAction\":[{\"@type\":\"ReadAction\",\"target\":[\"https:\/\/www.tape-design.com\/es\/producto\/deal-5-classic-shinguards-2-0-tubes\/\"]}]},{\"@type\":\"ImageObject\",\"inLanguage\":\"es\",\"@id\":\"https:\/\/www.tape-design.com\/es\/producto\/deal-5-classic-shinguards-2-0-tubes\/#primaryimage\",\"url\":\"https:\/\/www.tape-design.com\/app\/uploads\/2025\/03\/EASTER-SALE_MAIN_TUBES-CLASSIC-SHINGUARDS-scaled.jpg\",\"contentUrl\":\"https:\/\/www.tape-design.com\/app\/uploads\/2025\/03\/EASTER-SALE_MAIN_TUBES-CLASSIC-SHINGUARDS-scaled.jpg\",\"width\":2560,\"height\":2560},{\"@type\":\"BreadcrumbList\",\"@id\":\"https:\/\/www.tape-design.com\/es\/producto\/deal-5-classic-shinguards-2-0-tubes\/#breadcrumb\",\"itemListElement\":[{\"@type\":\"ListItem\",\"position\":1,\"name\":\"Home\",\"item\":\"https:\/\/www.tape-design.com\/es\/\"},{\"@type\":\"ListItem\",\"position\":2,\"name\":\"Shop\",\"item\":\"https:\/\/www.tape-design.com\/es\/shop\/\"},{\"@type\":\"ListItem\",\"position\":3,\"name\":\"Deal 5: Classic + Shinguards 2.0 + Tubes\"}]},{\"@type\":\"WebSite\",\"@id\":\"https:\/\/www.tape-design.com\/#website\",\"url\":\"https:\/\/www.tape-design.com\/\",\"name\":\"TAPEDESIGN\",\"description\":\"Always a step ahead\",\"publisher\":{\"@id\":\"https:\/\/www.tape-design.com\/#organization\"},\"potentialAction\":[{\"@type\":\"SearchAction\",\"target\":{\"@type\":\"EntryPoint\",\"urlTemplate\":\"https:\/\/www.tape-design.com\/?s={search_term_string}\"},\"query-input\":{\"@type\":\"PropertyValueSpecification\",\"valueRequired\":true,\"valueName\":\"search_term_string\"}}],\"inLanguage\":\"es\"},{\"@type\":\"Organization\",\"@id\":\"https:\/\/www.tape-design.com\/#organization\",\"name\":\"TAPEDESIGN\",\"url\":\"https:\/\/www.tape-design.com\/\",\"logo\":{\"@type\":\"ImageObject\",\"inLanguage\":\"es\",\"@id\":\"https:\/\/www.tape-design.com\/#\/schema\/logo\/image\/\",\"url\":\"https:\/\/www.tape-design.com\/app\/uploads\/2020\/11\/Logosmall.png\",\"contentUrl\":\"https:\/\/www.tape-design.com\/app\/uploads\/2020\/11\/Logosmall.png\",\"width\":340,\"height\":156,\"caption\":\"TAPEDESIGN\"},\"image\":{\"@id\":\"https:\/\/www.tape-design.com\/#\/schema\/logo\/image\/\"},\"sameAs\":[\"https:\/\/www.facebook.com\/tapedesigncom\/\",\"https:\/\/www.instagram.com\/tapedesign_socks\/?hl=de\"]}]}<\/script>","yoast_head_json":{"title":"Deal 5: Classic + Shinguards 2.0 + Tubes - TAPEDESIGN","robots":{"index":"index","follow":"follow","max-snippet":"max-snippet:-1","max-image-preview":"max-image-preview:large","max-video-preview":"max-video-preview:-1"},"canonical":"https:\/\/www.tape-design.com\/es\/producto\/deal-5-classic-shinguards-2-0-tubes\/","og_locale":"es_ES","og_type":"article","og_title":"Deal 5: Classic + Shinguards 2.0 + Tubes - TAPEDESIGN","og_description":"El pack todo en uno sin preocupaciones:Allround Socks CLASSICPerformance Shinguards 2.0TUBES Protecci\u00f3n, comodidad y estabilidad en un solo conjunto.","og_url":"https:\/\/www.tape-design.com\/es\/producto\/deal-5-classic-shinguards-2-0-tubes\/","og_site_name":"TAPEDESIGN","article_publisher":"https:\/\/www.facebook.com\/tapedesigncom\/","article_modified_time":"2026-02-19T15:08:40+00:00","og_image":[{"width":2560,"height":2560,"url":"https:\/\/www.tape-design.com\/app\/uploads\/2025\/03\/EASTER-SALE_MAIN_TUBES-CLASSIC-SHINGUARDS-scaled.jpg","type":"image\/jpeg"}],"twitter_card":"summary_large_image","twitter_misc":{"Tiempo de lectura":"2 minutos"},"schema":{"@context":"https:\/\/schema.org","@graph":[{"@type":"WebPage","@id":"https:\/\/www.tape-design.com\/es\/producto\/deal-5-classic-shinguards-2-0-tubes\/","url":"https:\/\/www.tape-design.com\/es\/producto\/deal-5-classic-shinguards-2-0-tubes\/","name":"Deal 5: Classic + Shinguards 2.0 + Tubes - TAPEDESIGN","isPartOf":{"@id":"https:\/\/www.tape-design.com\/#website"},"primaryImageOfPage":{"@id":"https:\/\/www.tape-design.com\/es\/producto\/deal-5-classic-shinguards-2-0-tubes\/#primaryimage"},"image":{"@id":"https:\/\/www.tape-design.com\/es\/producto\/deal-5-classic-shinguards-2-0-tubes\/#primaryimage"},"thumbnailUrl":"https:\/\/www.tape-design.com\/app\/uploads\/2025\/03\/EASTER-SALE_MAIN_TUBES-CLASSIC-SHINGUARDS-scaled.jpg","datePublished":"2025-03-27T19:23:24+00:00","dateModified":"2026-02-19T15:08:40+00:00","breadcrumb":{"@id":"https:\/\/www.tape-design.com\/es\/producto\/deal-5-classic-shinguards-2-0-tubes\/#breadcrumb"},"inLanguage":"es","potentialAction":[{"@type":"ReadAction","target":["https:\/\/www.tape-design.com\/es\/producto\/deal-5-classic-shinguards-2-0-tubes\/"]}]},{"@type":"ImageObject","inLanguage":"es","@id":"https:\/\/www.tape-design.com\/es\/producto\/deal-5-classic-shinguards-2-0-tubes\/#primaryimage","url":"https:\/\/www.tape-design.com\/app\/uploads\/2025\/03\/EASTER-SALE_MAIN_TUBES-CLASSIC-SHINGUARDS-scaled.jpg","contentUrl":"https:\/\/www.tape-design.com\/app\/uploads\/2025\/03\/EASTER-SALE_MAIN_TUBES-CLASSIC-SHINGUARDS-scaled.jpg","width":2560,"height":2560},{"@type":"BreadcrumbList","@id":"https:\/\/www.tape-design.com\/es\/producto\/deal-5-classic-shinguards-2-0-tubes\/#breadcrumb","itemListElement":[{"@type":"ListItem","position":1,"name":"Home","item":"https:\/\/www.tape-design.com\/es\/"},{"@type":"ListItem","position":2,"name":"Shop","item":"https:\/\/www.tape-design.com\/es\/shop\/"},{"@type":"ListItem","position":3,"name":"Deal 5: Classic + Shinguards 2.0 + Tubes"}]},{"@type":"WebSite","@id":"https:\/\/www.tape-design.com\/#website","url":"https:\/\/www.tape-design.com\/","name":"TAPEDESIGN","description":"Always a step ahead","publisher":{"@id":"https:\/\/www.tape-design.com\/#organization"},"potentialAction":[{"@type":"SearchAction","target":{"@type":"EntryPoint","urlTemplate":"https:\/\/www.tape-design.com\/?s={search_term_string}"},"query-input":{"@type":"PropertyValueSpecification","valueRequired":true,"valueName":"search_term_string"}}],"inLanguage":"es"},{"@type":"Organization","@id":"https:\/\/www.tape-design.com\/#organization","name":"TAPEDESIGN","url":"https:\/\/www.tape-design.com\/","logo":{"@type":"ImageObject","inLanguage":"es","@id":"https:\/\/www.tape-design.com\/#\/schema\/logo\/image\/","url":"https:\/\/www.tape-design.com\/app\/uploads\/2020\/11\/Logosmall.png","contentUrl":"https:\/\/www.tape-design.com\/app\/uploads\/2020\/11\/Logosmall.png","width":340,"height":156,"caption":"TAPEDESIGN"},"image":{"@id":"https:\/\/www.tape-design.com\/#\/schema\/logo\/image\/"},"sameAs":["https:\/\/www.facebook.com\/tapedesigncom\/","https:\/\/www.instagram.com\/tapedesign_socks\/?hl=de"]}]}},"_links":{"self":[{"href":"https:\/\/www.tape-design.com\/es\/wp-json\/wp\/v2\/product\/126628","targetHints":{"allow":["GET"]}}],"collection":[{"href":"https:\/\/www.tape-design.com\/es\/wp-json\/wp\/v2\/product"}],"about":[{"href":"https:\/\/www.tape-design.com\/es\/wp-json\/wp\/v2\/types\/product"}],"wp:featuredmedia":[{"embeddable":true,"href":"https:\/\/www.tape-design.com\/es\/wp-json\/wp\/v2\/media\/126516"}],"wp:attachment":[{"href":"https:\/\/www.tape-design.com\/es\/wp-json\/wp\/v2\/media?parent=126628"}],"wp:term":[{"taxonomy":"product_cat","embeddable":true,"href":"https:\/\/www.tape-design.com\/es\/wp-json\/wp\/v2\/product_cat?post=126628"},{"taxonomy":"product_tag","embeddable":true,"href":"https:\/\/www.tape-design.com\/es\/wp-json\/wp\/v2\/product_tag?post=126628"},{"taxonomy":"giftcard-category","embeddable":true,"href":"https:\/\/www.tape-design.com\/es\/wp-json\/wp\/v2\/giftcard-category?post=126628"}],"curies":[{"name":"wp","href":"https:\/\/api.w.org\/{rel}","templated":true}]}}