{"id":126633,"date":"2025-03-27T20:25:03","date_gmt":"2025-03-27T19:25:03","guid":{"rendered":"https:\/\/www.tape-design.com\/product\/deal-6-superlight-shinguards-2-0-tubes\/"},"modified":"2026-01-16T12:53:43","modified_gmt":"2026-01-16T11:53:43","slug":"deal-6-superlight-shinguards-2-0-tubes","status":"publish","type":"product","link":"https:\/\/www.tape-design.com\/es\/producto\/deal-6-superlight-shinguards-2-0-tubes\/","title":{"rendered":"Deal 6: Superlight + Shinguards 2.0 + Tubes"},"content":{"rendered":"<p class=\"\" data-start=\"6335\" data-end=\"6794\"><strong data-start=\"6335\" data-end=\"6356\">SUPERLIGHT SOCKS:<\/strong><br data-start=\"6356\" data-end=\"6359\" \/>El nuevo e innovador calcet\u00edn \u201cSUPERLIGHT\u201d de TAPEDESIGN destaca por su tejido ultrafino, lo que lo hace extremadamente ligero y muy c\u00f3modo de llevar.<br data-start=\"6509\" data-end=\"6512\" \/>Ya sea en el deporte profesional o recreativo \u2013 \u00a1siempre un paso adelante!<br data-start=\"6586\" data-end=\"6589\" \/>Este calcet\u00edn especial proporciona mayor agarre y sensibilidad en cualquier zapato.<br data-start=\"6672\" data-end=\"6675\" \/>Gracias a su composici\u00f3n especial, es muy c\u00f3modo y extremadamente el\u00e1stico \u2013 se adapta ergon\u00f3micamente a cualquier pie.<\/p>\n<ul data-start=\"6796\" data-end=\"7296\">\n<li class=\"\" data-start=\"6796\" data-end=\"6809\">\n<p class=\"\" data-start=\"6798\" data-end=\"6809\">ultrafino<\/p>\n<\/li>\n<li class=\"\" data-start=\"6810\" data-end=\"6852\">\n<p class=\"\" data-start=\"6812\" data-end=\"6852\">extra ligero, solo 26,5 g por calcet\u00edn<\/p>\n<\/li>\n<li class=\"\" data-start=\"6853\" data-end=\"6924\">\n<p class=\"\" data-start=\"6855\" data-end=\"6924\">Talla \u00fanica (EU 37\u201348) gracias al uso de materiales de alta calidad<\/p>\n<\/li>\n<li class=\"\" data-start=\"6925\" data-end=\"7015\">\n<p class=\"\" data-start=\"6927\" data-end=\"7015\">Gomas antideslizantes estrat\u00e9gicamente ubicadas en el exterior para un agarre perfecto<\/p>\n<\/li>\n<li class=\"\" data-start=\"7016\" data-end=\"7072\">\n<p class=\"\" data-start=\"7018\" data-end=\"7072\">M\u00e1xima comodidad gracias a una confecci\u00f3n de primera<\/p>\n<\/li>\n<li class=\"\" data-start=\"7073\" data-end=\"7220\">\n<p class=\"\" data-start=\"7075\" data-end=\"7220\">Probado y valorado como excelente por deportistas profesionales y aficionados en diferentes deportes (f\u00fatbol, tenis, balonmano, voleibol, etc.)<\/p>\n<\/li>\n<li class=\"\" data-start=\"7221\" data-end=\"7296\">\n<p class=\"\" data-start=\"7223\" data-end=\"7296\">Ideal para deportes con cambios de direcci\u00f3n y movimientos rotacionales<\/p>\n<\/li>\n<\/ul>\n<p class=\"\" data-start=\"7298\" data-end=\"7324\"><strong data-start=\"7298\" data-end=\"7324\">\u00a1Siente la diferencia!<\/strong><\/p>\n<p class=\"\" data-start=\"7326\" data-end=\"7386\">Material: 55% algod\u00f3n, 35% nailon, 7% elastano, 3% poli\u00e9ster<\/p>\n<hr class=\"\" data-start=\"7388\" data-end=\"7391\" \/>\n<p class=\"\" data-start=\"7393\" data-end=\"7612\"><strong data-start=\"7393\" data-end=\"7416\">TAPEDESIGN &#8211; TUBES:<\/strong><br data-start=\"7416\" data-end=\"7419\" \/>Los &#8220;TAPEDESIGN &#8211; Tubes&#8221; destacan por su funcionalidad e innovaci\u00f3n. Son muy c\u00f3modos y gozan de gran aceptaci\u00f3n tanto en el \u00e1mbito profesional como aficionado. Adem\u00e1s, ofrecen alta durabilidad.<\/p>\n<p class=\"\" data-start=\"7614\" data-end=\"7679\">Con los Tubes, entrenamientos y partidos ya no ser\u00e1n un problema.<\/p>\n<ul data-start=\"7681\" data-end=\"7953\">\n<li class=\"\" data-start=\"7681\" data-end=\"7799\">\n<p class=\"\" data-start=\"7683\" data-end=\"7799\"><strong data-start=\"7683\" data-end=\"7703\">Ajuste perfecto:<\/strong> Corte especial y zonas flexibles en la pantorrilla para mantener las espinilleras en su sitio<\/p>\n<\/li>\n<li class=\"\" data-start=\"7800\" data-end=\"7861\">\n<p class=\"\" data-start=\"7802\" data-end=\"7861\"><strong data-start=\"7802\" data-end=\"7825\">Material funcional:<\/strong> Se adapta perfectamente a la piel<\/p>\n<\/li>\n<li class=\"\" data-start=\"7862\" data-end=\"7953\">\n<p class=\"\" data-start=\"7864\" data-end=\"7953\"><strong data-start=\"7864\" data-end=\"7893\">Regulaci\u00f3n de la humedad:<\/strong> El hilo ligero expulsa la humedad y mejora la ventilaci\u00f3n<\/p>\n<\/li>\n<\/ul>\n<p class=\"\" data-start=\"7955\" data-end=\"8006\">Composici\u00f3n: 86% poli\u00e9ster, 10% nailon, 4% elastano<\/p>\n<hr class=\"\" data-start=\"8008\" data-end=\"8011\" \/>\n<p class=\"\" data-start=\"8013\" data-end=\"8046\"><strong data-start=\"8013\" data-end=\"8044\">PERFORMANCE SHINGUARDS 2.0:<\/strong><\/p>\n<p class=\"\" data-start=\"8048\" data-end=\"8062\"><strong data-start=\"8048\" data-end=\"8060\">Incluye:<\/strong><\/p>\n<ul data-start=\"8063\" data-end=\"8168\">\n<li class=\"\" data-start=\"8063\" data-end=\"8116\">\n<p class=\"\" data-start=\"8065\" data-end=\"8116\">1 par de espinilleras TAPEDESIGN\u00ae Performance 2.0<\/p>\n<\/li>\n<li class=\"\" data-start=\"8117\" data-end=\"8147\">\n<p class=\"\" data-start=\"8119\" data-end=\"8147\">1x bolsa de almacenamiento<\/p>\n<\/li>\n<li class=\"\" data-start=\"8148\" data-end=\"8168\">\n<p class=\"\" data-start=\"8150\" data-end=\"8168\">1x instrucciones<\/p>\n<\/li>\n<\/ul>\n<p class=\"\" data-start=\"8170\" data-end=\"8230\"><strong data-start=\"8170\" data-end=\"8182\">Acabado:<\/strong><br data-start=\"8182\" data-end=\"8185\" \/>Impresi\u00f3n directa UV (sobre las espinilleras)<\/p>\n<p class=\"\" data-start=\"8232\" data-end=\"8625\"><strong data-start=\"8232\" data-end=\"8240\">Uso:<\/strong><br data-start=\"8240\" data-end=\"8243\" \/>Las espinilleras se ablandan con aire caliente (secador) y pueden moldearse individualmente.<br data-start=\"8335\" data-end=\"8338\" \/>Coloca una espinillera sobre una superficie limpia (papel normal o de horno) y cali\u00e9ntala 3\u20136 minutos. Espera 10\u201315 segundos y col\u00f3cala directamente sobre la espinilla. Dale forma con presi\u00f3n ligera.<br data-start=\"8537\" data-end=\"8540\" \/>Despu\u00e9s de 3 minutos, se endurece adapt\u00e1ndose perfectamente.<br data-start=\"8600\" data-end=\"8603\" \/>Repite con la segunda.<\/p>\n<p class=\"\" data-start=\"8627\" data-end=\"8706\"><strong data-start=\"8627\" data-end=\"8647\">Ajuste perfecto:<\/strong><br data-start=\"8647\" data-end=\"8650\" \/>Se adaptan a casi cualquier forma tras el calentamiento.<\/p>\n<p class=\"\" data-start=\"8708\" data-end=\"9036\"><strong data-start=\"8708\" data-end=\"8737\">Advertencias importantes:<\/strong><br data-start=\"8737\" data-end=\"8740\" \/>Guardar en lugar fresco, lejos del sol. El mal uso puede da\u00f1ar el producto. No nos responsabilizamos por un uso incorrecto.<br data-start=\"8863\" data-end=\"8866\" \/>Estas espinilleras no ofrecen protecci\u00f3n total contra lesiones.<br data-start=\"8929\" data-end=\"8932\" \/>La modificaci\u00f3n del tama\u00f1o reduce su efectividad.<br data-start=\"8981\" data-end=\"8984\" \/>L\u00e1valas con agua y s\u00e9calas para evitar malos olores.<\/p>\n","protected":false},"excerpt":{"rendered":"<p><strong data-start=\"9043\" data-end=\"9082\">Ligereza total y m\u00e1xima protecci\u00f3n:<\/strong><br data-start=\"9082\" data-end=\"9085\" \/>SUPERLIGHT Socks con SHINGUARDS 2.0 y TUBES \u2013 la combinaci\u00f3n perfecta para atletas de \u00e9lite.<\/p>\n","protected":false},"featured_media":126521,"template":"","meta":{"_acf_changed":false},"product_cat":[3092,2848],"product_tag":[],"giftcard-category":[],"class_list":{"0":"post-126633","1":"product","2":"type-product","3":"status-publish","4":"has-post-thumbnail","6":"product_cat-ofertas-de-pascua","7":"product_cat-special-sets-es","9":"first","10":"instock","11":"sale","12":"virtual","13":"taxable","14":"purchasable","15":"product-type-bundle"},"bundled_by":[],"bundle_stock_status":"instock","bundle_stock_quantity":"","bundle_virtual":false,"bundle_layout":"default","bundle_add_to_cart_form_location":"default","bundle_editable_in_cart":false,"bundle_sold_individually_context":"product","bundle_item_grouping":"parent","bundle_min_size":"","bundle_max_size":"","bundle_price":{"price":{"min":{"incl_tax":"44.95","excl_tax":"37.458333"},"max":{"incl_tax":"44.95","excl_tax":"37.458333"}},"regular_price":{"min":{"incl_tax":"86.85","excl_tax":"72.375"},"max":{"incl_tax":"86.85","excl_tax":"72.375"}}},"bundled_items":[{"bundled_item_id":227,"product_id":59124,"menu_order":0,"quantity_min":1,"quantity_max":1,"quantity_default":1,"priced_individually":false,"shipped_individually":false,"override_title":false,"title":"\u201eSUPERLIGHT\u201d Socks","override_description":false,"description":"\u201eSUPERLIGHT\u201d Socks","optional":false,"hide_thumbnail":false,"discount":"","override_variations":false,"allowed_variations":[59290,59291],"override_default_variation_attributes":false,"default_variation_attributes":[],"single_product_visibility":"visible","cart_visibility":"visible","order_visibility":"visible","single_product_price_visibility":"visible","cart_price_visibility":"visible","order_price_visibility":"visible","stock_status":"in_stock"},{"bundled_item_id":228,"product_id":58088,"menu_order":1,"quantity_min":1,"quantity_max":1,"quantity_default":1,"priced_individually":false,"shipped_individually":false,"override_title":false,"title":"Performance Shinguards 2.0","override_description":false,"description":"Performance Shinguards 2.0","optional":false,"hide_thumbnail":false,"discount":"","override_variations":false,"allowed_variations":[""],"override_default_variation_attributes":false,"default_variation_attributes":[],"single_product_visibility":"visible","cart_visibility":"visible","order_visibility":"visible","single_product_price_visibility":"visible","cart_price_visibility":"visible","order_price_visibility":"visible","stock_status":"in_stock"},{"bundled_item_id":229,"product_id":75119,"menu_order":2,"quantity_min":1,"quantity_max":1,"quantity_default":1,"priced_individually":false,"shipped_individually":false,"override_title":false,"title":"Tubes","override_description":false,"description":"Tubes","optional":false,"hide_thumbnail":false,"discount":"","override_variations":false,"allowed_variations":[75146,75147],"override_default_variation_attributes":false,"default_variation_attributes":[],"single_product_visibility":"visible","cart_visibility":"visible","order_visibility":"visible","single_product_price_visibility":"visible","cart_price_visibility":"visible","order_price_visibility":"visible","stock_status":"in_stock"}],"bundle_sell_ids":[],"exclude_global_add_ons":[],"addons":[],"acf":[],"yoast_head":"<title>Deal 6: Superlight + Shinguards 2.0 + Tubes - TAPEDESIGN<\/title>\n<meta name=\"robots\" content=\"index, follow, max-snippet:-1, max-image-preview:large, max-video-preview:-1\" \/>\n<link rel=\"canonical\" href=\"https:\/\/www.tape-design.com\/es\/producto\/deal-6-superlight-shinguards-2-0-tubes\/\" \/>\n<meta property=\"og:locale\" content=\"es_ES\" \/>\n<meta property=\"og:type\" content=\"article\" \/>\n<meta property=\"og:title\" content=\"Deal 6: Superlight + Shinguards 2.0 + Tubes - TAPEDESIGN\" \/>\n<meta property=\"og:description\" content=\"Ligereza total y m\u00e1xima protecci\u00f3n:SUPERLIGHT Socks con SHINGUARDS 2.0 y TUBES \u2013 la combinaci\u00f3n perfecta para atletas de \u00e9lite.\" \/>\n<meta property=\"og:url\" content=\"https:\/\/www.tape-design.com\/es\/producto\/deal-6-superlight-shinguards-2-0-tubes\/\" \/>\n<meta property=\"og:site_name\" content=\"TAPEDESIGN\" \/>\n<meta property=\"article:publisher\" content=\"https:\/\/www.facebook.com\/tapedesigncom\/\" \/>\n<meta property=\"article:modified_time\" content=\"2026-01-16T11:53:43+00:00\" \/>\n<meta property=\"og:image\" content=\"https:\/\/www.tape-design.com\/app\/uploads\/2025\/03\/EASTER-SALE_MAIN_TUBES-SUPERLIGHT-SHINGUARDS-scaled.jpg\" \/>\n\t<meta property=\"og:image:width\" content=\"2560\" \/>\n\t<meta property=\"og:image:height\" content=\"2560\" \/>\n\t<meta property=\"og:image:type\" content=\"image\/jpeg\" \/>\n<meta name=\"twitter:card\" content=\"summary_large_image\" \/>\n<meta name=\"twitter:label1\" content=\"Tiempo de lectura\" \/>\n\t<meta name=\"twitter:data1\" content=\"2 minutos\" \/>\n<script type=\"application\/ld+json\" class=\"yoast-schema-graph\">{\"@context\":\"https:\/\/schema.org\",\"@graph\":[{\"@type\":\"WebPage\",\"@id\":\"https:\/\/www.tape-design.com\/es\/producto\/deal-6-superlight-shinguards-2-0-tubes\/\",\"url\":\"https:\/\/www.tape-design.com\/es\/producto\/deal-6-superlight-shinguards-2-0-tubes\/\",\"name\":\"Deal 6: Superlight + Shinguards 2.0 + Tubes - TAPEDESIGN\",\"isPartOf\":{\"@id\":\"https:\/\/www.tape-design.com\/#website\"},\"primaryImageOfPage\":{\"@id\":\"https:\/\/www.tape-design.com\/es\/producto\/deal-6-superlight-shinguards-2-0-tubes\/#primaryimage\"},\"image\":{\"@id\":\"https:\/\/www.tape-design.com\/es\/producto\/deal-6-superlight-shinguards-2-0-tubes\/#primaryimage\"},\"thumbnailUrl\":\"https:\/\/www.tape-design.com\/app\/uploads\/2025\/03\/EASTER-SALE_MAIN_TUBES-SUPERLIGHT-SHINGUARDS-scaled.jpg\",\"datePublished\":\"2025-03-27T19:25:03+00:00\",\"dateModified\":\"2026-01-16T11:53:43+00:00\",\"breadcrumb\":{\"@id\":\"https:\/\/www.tape-design.com\/es\/producto\/deal-6-superlight-shinguards-2-0-tubes\/#breadcrumb\"},\"inLanguage\":\"es\",\"potentialAction\":[{\"@type\":\"ReadAction\",\"target\":[\"https:\/\/www.tape-design.com\/es\/producto\/deal-6-superlight-shinguards-2-0-tubes\/\"]}]},{\"@type\":\"ImageObject\",\"inLanguage\":\"es\",\"@id\":\"https:\/\/www.tape-design.com\/es\/producto\/deal-6-superlight-shinguards-2-0-tubes\/#primaryimage\",\"url\":\"https:\/\/www.tape-design.com\/app\/uploads\/2025\/03\/EASTER-SALE_MAIN_TUBES-SUPERLIGHT-SHINGUARDS-scaled.jpg\",\"contentUrl\":\"https:\/\/www.tape-design.com\/app\/uploads\/2025\/03\/EASTER-SALE_MAIN_TUBES-SUPERLIGHT-SHINGUARDS-scaled.jpg\",\"width\":2560,\"height\":2560},{\"@type\":\"BreadcrumbList\",\"@id\":\"https:\/\/www.tape-design.com\/es\/producto\/deal-6-superlight-shinguards-2-0-tubes\/#breadcrumb\",\"itemListElement\":[{\"@type\":\"ListItem\",\"position\":1,\"name\":\"Home\",\"item\":\"https:\/\/www.tape-design.com\/es\/\"},{\"@type\":\"ListItem\",\"position\":2,\"name\":\"Shop\",\"item\":\"https:\/\/www.tape-design.com\/es\/shop\/\"},{\"@type\":\"ListItem\",\"position\":3,\"name\":\"Deal 6: Superlight + Shinguards 2.0 + Tubes\"}]},{\"@type\":\"WebSite\",\"@id\":\"https:\/\/www.tape-design.com\/#website\",\"url\":\"https:\/\/www.tape-design.com\/\",\"name\":\"TAPEDESIGN\",\"description\":\"Always a step ahead\",\"publisher\":{\"@id\":\"https:\/\/www.tape-design.com\/#organization\"},\"potentialAction\":[{\"@type\":\"SearchAction\",\"target\":{\"@type\":\"EntryPoint\",\"urlTemplate\":\"https:\/\/www.tape-design.com\/?s={search_term_string}\"},\"query-input\":{\"@type\":\"PropertyValueSpecification\",\"valueRequired\":true,\"valueName\":\"search_term_string\"}}],\"inLanguage\":\"es\"},{\"@type\":\"Organization\",\"@id\":\"https:\/\/www.tape-design.com\/#organization\",\"name\":\"TAPEDESIGN\",\"url\":\"https:\/\/www.tape-design.com\/\",\"logo\":{\"@type\":\"ImageObject\",\"inLanguage\":\"es\",\"@id\":\"https:\/\/www.tape-design.com\/#\/schema\/logo\/image\/\",\"url\":\"https:\/\/www.tape-design.com\/app\/uploads\/2020\/11\/Logosmall.png\",\"contentUrl\":\"https:\/\/www.tape-design.com\/app\/uploads\/2020\/11\/Logosmall.png\",\"width\":340,\"height\":156,\"caption\":\"TAPEDESIGN\"},\"image\":{\"@id\":\"https:\/\/www.tape-design.com\/#\/schema\/logo\/image\/\"},\"sameAs\":[\"https:\/\/www.facebook.com\/tapedesigncom\/\",\"https:\/\/www.instagram.com\/tapedesign_socks\/?hl=de\"]}]}<\/script>","yoast_head_json":{"title":"Deal 6: Superlight + Shinguards 2.0 + Tubes - TAPEDESIGN","robots":{"index":"index","follow":"follow","max-snippet":"max-snippet:-1","max-image-preview":"max-image-preview:large","max-video-preview":"max-video-preview:-1"},"canonical":"https:\/\/www.tape-design.com\/es\/producto\/deal-6-superlight-shinguards-2-0-tubes\/","og_locale":"es_ES","og_type":"article","og_title":"Deal 6: Superlight + Shinguards 2.0 + Tubes - TAPEDESIGN","og_description":"Ligereza total y m\u00e1xima protecci\u00f3n:SUPERLIGHT Socks con SHINGUARDS 2.0 y TUBES \u2013 la combinaci\u00f3n perfecta para atletas de \u00e9lite.","og_url":"https:\/\/www.tape-design.com\/es\/producto\/deal-6-superlight-shinguards-2-0-tubes\/","og_site_name":"TAPEDESIGN","article_publisher":"https:\/\/www.facebook.com\/tapedesigncom\/","article_modified_time":"2026-01-16T11:53:43+00:00","og_image":[{"width":2560,"height":2560,"url":"https:\/\/www.tape-design.com\/app\/uploads\/2025\/03\/EASTER-SALE_MAIN_TUBES-SUPERLIGHT-SHINGUARDS-scaled.jpg","type":"image\/jpeg"}],"twitter_card":"summary_large_image","twitter_misc":{"Tiempo de lectura":"2 minutos"},"schema":{"@context":"https:\/\/schema.org","@graph":[{"@type":"WebPage","@id":"https:\/\/www.tape-design.com\/es\/producto\/deal-6-superlight-shinguards-2-0-tubes\/","url":"https:\/\/www.tape-design.com\/es\/producto\/deal-6-superlight-shinguards-2-0-tubes\/","name":"Deal 6: Superlight + Shinguards 2.0 + Tubes - TAPEDESIGN","isPartOf":{"@id":"https:\/\/www.tape-design.com\/#website"},"primaryImageOfPage":{"@id":"https:\/\/www.tape-design.com\/es\/producto\/deal-6-superlight-shinguards-2-0-tubes\/#primaryimage"},"image":{"@id":"https:\/\/www.tape-design.com\/es\/producto\/deal-6-superlight-shinguards-2-0-tubes\/#primaryimage"},"thumbnailUrl":"https:\/\/www.tape-design.com\/app\/uploads\/2025\/03\/EASTER-SALE_MAIN_TUBES-SUPERLIGHT-SHINGUARDS-scaled.jpg","datePublished":"2025-03-27T19:25:03+00:00","dateModified":"2026-01-16T11:53:43+00:00","breadcrumb":{"@id":"https:\/\/www.tape-design.com\/es\/producto\/deal-6-superlight-shinguards-2-0-tubes\/#breadcrumb"},"inLanguage":"es","potentialAction":[{"@type":"ReadAction","target":["https:\/\/www.tape-design.com\/es\/producto\/deal-6-superlight-shinguards-2-0-tubes\/"]}]},{"@type":"ImageObject","inLanguage":"es","@id":"https:\/\/www.tape-design.com\/es\/producto\/deal-6-superlight-shinguards-2-0-tubes\/#primaryimage","url":"https:\/\/www.tape-design.com\/app\/uploads\/2025\/03\/EASTER-SALE_MAIN_TUBES-SUPERLIGHT-SHINGUARDS-scaled.jpg","contentUrl":"https:\/\/www.tape-design.com\/app\/uploads\/2025\/03\/EASTER-SALE_MAIN_TUBES-SUPERLIGHT-SHINGUARDS-scaled.jpg","width":2560,"height":2560},{"@type":"BreadcrumbList","@id":"https:\/\/www.tape-design.com\/es\/producto\/deal-6-superlight-shinguards-2-0-tubes\/#breadcrumb","itemListElement":[{"@type":"ListItem","position":1,"name":"Home","item":"https:\/\/www.tape-design.com\/es\/"},{"@type":"ListItem","position":2,"name":"Shop","item":"https:\/\/www.tape-design.com\/es\/shop\/"},{"@type":"ListItem","position":3,"name":"Deal 6: Superlight + Shinguards 2.0 + Tubes"}]},{"@type":"WebSite","@id":"https:\/\/www.tape-design.com\/#website","url":"https:\/\/www.tape-design.com\/","name":"TAPEDESIGN","description":"Always a step ahead","publisher":{"@id":"https:\/\/www.tape-design.com\/#organization"},"potentialAction":[{"@type":"SearchAction","target":{"@type":"EntryPoint","urlTemplate":"https:\/\/www.tape-design.com\/?s={search_term_string}"},"query-input":{"@type":"PropertyValueSpecification","valueRequired":true,"valueName":"search_term_string"}}],"inLanguage":"es"},{"@type":"Organization","@id":"https:\/\/www.tape-design.com\/#organization","name":"TAPEDESIGN","url":"https:\/\/www.tape-design.com\/","logo":{"@type":"ImageObject","inLanguage":"es","@id":"https:\/\/www.tape-design.com\/#\/schema\/logo\/image\/","url":"https:\/\/www.tape-design.com\/app\/uploads\/2020\/11\/Logosmall.png","contentUrl":"https:\/\/www.tape-design.com\/app\/uploads\/2020\/11\/Logosmall.png","width":340,"height":156,"caption":"TAPEDESIGN"},"image":{"@id":"https:\/\/www.tape-design.com\/#\/schema\/logo\/image\/"},"sameAs":["https:\/\/www.facebook.com\/tapedesigncom\/","https:\/\/www.instagram.com\/tapedesign_socks\/?hl=de"]}]}},"_links":{"self":[{"href":"https:\/\/www.tape-design.com\/es\/wp-json\/wp\/v2\/product\/126633","targetHints":{"allow":["GET"]}}],"collection":[{"href":"https:\/\/www.tape-design.com\/es\/wp-json\/wp\/v2\/product"}],"about":[{"href":"https:\/\/www.tape-design.com\/es\/wp-json\/wp\/v2\/types\/product"}],"wp:featuredmedia":[{"embeddable":true,"href":"https:\/\/www.tape-design.com\/es\/wp-json\/wp\/v2\/media\/126521"}],"wp:attachment":[{"href":"https:\/\/www.tape-design.com\/es\/wp-json\/wp\/v2\/media?parent=126633"}],"wp:term":[{"taxonomy":"product_cat","embeddable":true,"href":"https:\/\/www.tape-design.com\/es\/wp-json\/wp\/v2\/product_cat?post=126633"},{"taxonomy":"product_tag","embeddable":true,"href":"https:\/\/www.tape-design.com\/es\/wp-json\/wp\/v2\/product_tag?post=126633"},{"taxonomy":"giftcard-category","embeddable":true,"href":"https:\/\/www.tape-design.com\/es\/wp-json\/wp\/v2\/giftcard-category?post=126633"}],"curies":[{"name":"wp","href":"https:\/\/api.w.org\/{rel}","templated":true}]}}