{"id":128822,"date":"2025-05-12T19:56:55","date_gmt":"2025-05-12T17:56:58","guid":{"rendered":"https:\/\/www.tape-design.com\/?post_type=product&#038;p=128822"},"modified":"2026-02-17T12:20:48","modified_gmt":"2026-02-17T11:20:48","slug":"boxer-shorts-3er-pack","status":"publish","type":"product","link":"https:\/\/www.tape-design.com\/es\/producto\/boxer-shorts-3er-pack\/","title":{"rendered":"Boxer Shorts (3er Pack)"},"content":{"rendered":"<p data-start=\"462\" data-end=\"755\"><span class=\"_fadeIn_m1hgl_8\">Los <\/span><strong data-start=\"466\" data-end=\"505\"><span class=\"_fadeIn_m1hgl_8\">calzoncillos <\/span><span class=\"_fadeIn_m1hgl_8\">especiales <\/span><span class=\"_fadeIn_m1hgl_8\">TAPEDESIGN\u00ae<\/span><\/strong> <span class=\"_fadeIn_m1hgl_8\">son <\/span><span class=\"_fadeIn_m1hgl_8\">s\u00faper <\/span><span class=\"_fadeIn_m1hgl_8\">c\u00f3modos, <\/span><span class=\"_fadeIn_m1hgl_8\">el\u00e1sticos <\/span><span class=\"_fadeIn_m1hgl_8\">y <\/span><span class=\"_fadeIn_m1hgl_8\">transpirables. <\/span><span class=\"_fadeIn_m1hgl_8\">Tambi\u00e9n <\/span><span class=\"_fadeIn_m1hgl_8\">ofrecen <\/span><span class=\"_fadeIn_m1hgl_8\">una <\/span><span class=\"_fadeIn_m1hgl_8\">excelente <\/span><span class=\"_fadeIn_m1hgl_8\">durabilidad. <\/span><span class=\"_fadeIn_m1hgl_8\">Dise\u00f1ados <\/span><span class=\"_fadeIn_m1hgl_8\">con <\/span><span class=\"_fadeIn_m1hgl_8\">un <\/span><span class=\"_fadeIn_m1hgl_8\">ajuste <\/span><span class=\"_fadeIn_m1hgl_8\">flexible <\/span><span class=\"_fadeIn_m1hgl_8\">y <\/span><span class=\"_fadeIn_m1hgl_8\">una <\/span><span class=\"_fadeIn_m1hgl_8\">cintura <\/span><span class=\"_fadeIn_m1hgl_8\">el\u00e1stica <\/span><span class=\"_fadeIn_m1hgl_8\">para <\/span><span class=\"_fadeIn_m1hgl_8\">brindar <\/span><span class=\"_fadeIn_m1hgl_8\">comodidad <\/span><span class=\"_fadeIn_m1hgl_8\">durante <\/span><span class=\"_fadeIn_m1hgl_8\">todo <\/span><span class=\"_fadeIn_m1hgl_8\">el <\/span><span class=\"_fadeIn_m1hgl_8\">d\u00eda.<\/span><br data-start=\"694\" data-end=\"697\" \/><span class=\"_fadeIn_m1hgl_8\">Disponibles <\/span><span class=\"_fadeIn_m1hgl_8\">en <\/span><span class=\"_fadeIn_m1hgl_8\">colores <\/span><span class=\"_fadeIn_m1hgl_8\">cl\u00e1sicos: <\/span><strong data-start=\"730\" data-end=\"754\"><span class=\"_fadeIn_m1hgl_8\">gris, <\/span><span class=\"_fadeIn_m1hgl_8\">blanco <\/span><span class=\"_fadeIn_m1hgl_8\">y <\/span><span class=\"_fadeIn_m1hgl_8\">negro<\/span><\/strong><span class=\"_fadeIn_m1hgl_8\">.<\/span><\/p>\n<p data-start=\"757\" data-end=\"811\"><strong data-start=\"757\" data-end=\"785\"><span class=\"_fadeIn_m1hgl_8\">Composici\u00f3n <\/span><span class=\"_fadeIn_m1hgl_8\">del <\/span><span class=\"_fadeIn_m1hgl_8\">material<\/span><\/strong><span class=\"_fadeIn_m1hgl_8\">: <\/span><span class=\"_fadeIn_m1hgl_8\">92% <\/span><span class=\"_fadeIn_m1hgl_8\">algod\u00f3n, <\/span><span class=\"_fadeIn_m1hgl_8\">8% <\/span><span class=\"_fadeIn_m1hgl_8\">spandex.<\/span><\/p>\n","protected":false},"excerpt":{"rendered":"<p>Los calzoncillos especiales TAPEDESIGN\u00ae son s\u00faper c\u00f3modos, el\u00e1sticos y transpirables. Tambi\u00e9n ofrecen una excelente durabilidad. Dise\u00f1ados con un ajuste flexible y una cintura el\u00e1stica para brindar comodidad durante todo el&hellip;<\/p>\n","protected":false},"featured_media":127401,"template":"","meta":{"_acf_changed":false},"product_cat":[1324,1308,1304],"product_tag":[],"giftcard-category":[],"class_list":{"0":"post-128822","1":"product","2":"type-product","3":"status-publish","4":"has-post-thumbnail","6":"product_cat-fashion-es","7":"product_cat-accessories-es","8":"product_cat-todo","10":"first","11":"instock","12":"taxable","13":"shipping-taxable","14":"purchasable","15":"product-type-variable","16":"has-default-attributes"},"bundled_by":[],"bundle_stock_status":"instock","bundle_stock_quantity":null,"bundle_virtual":false,"bundle_layout":"","bundle_add_to_cart_form_location":"","bundle_editable_in_cart":false,"bundle_sold_individually_context":"","bundle_item_grouping":"","bundle_min_size":"","bundle_max_size":"","bundle_price":[],"bundled_items":[],"bundle_sell_ids":[],"exclude_global_add_ons":[],"addons":[],"acf":[],"yoast_head":"<title>Boxer Shorts (3er Pack) - TAPEDESIGN<\/title>\n<meta name=\"robots\" content=\"index, follow, max-snippet:-1, max-image-preview:large, max-video-preview:-1\" \/>\n<link rel=\"canonical\" href=\"https:\/\/www.tape-design.com\/es\/producto\/boxer-shorts-3er-pack\/\" \/>\n<meta property=\"og:locale\" content=\"es_ES\" \/>\n<meta property=\"og:type\" content=\"article\" \/>\n<meta property=\"og:title\" content=\"Boxer Shorts (3er Pack) - TAPEDESIGN\" \/>\n<meta property=\"og:description\" content=\"Los calzoncillos especiales TAPEDESIGN\u00ae son s\u00faper c\u00f3modos, el\u00e1sticos y transpirables. Tambi\u00e9n ofrecen una excelente durabilidad. Dise\u00f1ados con un ajuste flexible y una cintura el\u00e1stica para brindar comodidad durante todo el&hellip;\" \/>\n<meta property=\"og:url\" content=\"https:\/\/www.tape-design.com\/es\/producto\/boxer-shorts-3er-pack\/\" \/>\n<meta property=\"og:site_name\" content=\"TAPEDESIGN\" \/>\n<meta property=\"article:publisher\" content=\"https:\/\/www.facebook.com\/tapedesigncom\/\" \/>\n<meta property=\"article:modified_time\" content=\"2026-02-17T11:20:48+00:00\" \/>\n<meta property=\"og:image\" content=\"https:\/\/www.tape-design.com\/app\/uploads\/2023\/03\/TD_BOXER_SHORTS_3ER_BUNDLE_2025.jpg\" \/>\n\t<meta property=\"og:image:width\" content=\"1080\" \/>\n\t<meta property=\"og:image:height\" content=\"1080\" \/>\n\t<meta property=\"og:image:type\" content=\"image\/jpeg\" \/>\n<meta name=\"twitter:card\" content=\"summary_large_image\" \/>\n<script type=\"application\/ld+json\" class=\"yoast-schema-graph\">{\"@context\":\"https:\/\/schema.org\",\"@graph\":[{\"@type\":\"WebPage\",\"@id\":\"https:\/\/www.tape-design.com\/es\/producto\/boxer-shorts-3er-pack\/\",\"url\":\"https:\/\/www.tape-design.com\/es\/producto\/boxer-shorts-3er-pack\/\",\"name\":\"Boxer Shorts (3er Pack) - TAPEDESIGN\",\"isPartOf\":{\"@id\":\"https:\/\/www.tape-design.com\/#website\"},\"primaryImageOfPage\":{\"@id\":\"https:\/\/www.tape-design.com\/es\/producto\/boxer-shorts-3er-pack\/#primaryimage\"},\"image\":{\"@id\":\"https:\/\/www.tape-design.com\/es\/producto\/boxer-shorts-3er-pack\/#primaryimage\"},\"thumbnailUrl\":\"https:\/\/www.tape-design.com\/app\/uploads\/2023\/03\/TD_BOXER_SHORTS_3ER_BUNDLE_2025.jpg\",\"datePublished\":\"2025-05-12T17:56:58+00:00\",\"dateModified\":\"2026-02-17T11:20:48+00:00\",\"breadcrumb\":{\"@id\":\"https:\/\/www.tape-design.com\/es\/producto\/boxer-shorts-3er-pack\/#breadcrumb\"},\"inLanguage\":\"es\",\"potentialAction\":[{\"@type\":\"ReadAction\",\"target\":[\"https:\/\/www.tape-design.com\/es\/producto\/boxer-shorts-3er-pack\/\"]}]},{\"@type\":\"ImageObject\",\"inLanguage\":\"es\",\"@id\":\"https:\/\/www.tape-design.com\/es\/producto\/boxer-shorts-3er-pack\/#primaryimage\",\"url\":\"https:\/\/www.tape-design.com\/app\/uploads\/2023\/03\/TD_BOXER_SHORTS_3ER_BUNDLE_2025.jpg\",\"contentUrl\":\"https:\/\/www.tape-design.com\/app\/uploads\/2023\/03\/TD_BOXER_SHORTS_3ER_BUNDLE_2025.jpg\",\"width\":1080,\"height\":1080},{\"@type\":\"BreadcrumbList\",\"@id\":\"https:\/\/www.tape-design.com\/es\/producto\/boxer-shorts-3er-pack\/#breadcrumb\",\"itemListElement\":[{\"@type\":\"ListItem\",\"position\":1,\"name\":\"Home\",\"item\":\"https:\/\/www.tape-design.com\/es\/\"},{\"@type\":\"ListItem\",\"position\":2,\"name\":\"Shop\",\"item\":\"https:\/\/www.tape-design.com\/es\/shop\/\"},{\"@type\":\"ListItem\",\"position\":3,\"name\":\"Boxer Shorts (3er Pack)\"}]},{\"@type\":\"WebSite\",\"@id\":\"https:\/\/www.tape-design.com\/#website\",\"url\":\"https:\/\/www.tape-design.com\/\",\"name\":\"TAPEDESIGN\",\"description\":\"Always a step ahead\",\"publisher\":{\"@id\":\"https:\/\/www.tape-design.com\/#organization\"},\"potentialAction\":[{\"@type\":\"SearchAction\",\"target\":{\"@type\":\"EntryPoint\",\"urlTemplate\":\"https:\/\/www.tape-design.com\/?s={search_term_string}\"},\"query-input\":{\"@type\":\"PropertyValueSpecification\",\"valueRequired\":true,\"valueName\":\"search_term_string\"}}],\"inLanguage\":\"es\"},{\"@type\":\"Organization\",\"@id\":\"https:\/\/www.tape-design.com\/#organization\",\"name\":\"TAPEDESIGN\",\"url\":\"https:\/\/www.tape-design.com\/\",\"logo\":{\"@type\":\"ImageObject\",\"inLanguage\":\"es\",\"@id\":\"https:\/\/www.tape-design.com\/#\/schema\/logo\/image\/\",\"url\":\"https:\/\/www.tape-design.com\/app\/uploads\/2020\/11\/Logosmall.png\",\"contentUrl\":\"https:\/\/www.tape-design.com\/app\/uploads\/2020\/11\/Logosmall.png\",\"width\":340,\"height\":156,\"caption\":\"TAPEDESIGN\"},\"image\":{\"@id\":\"https:\/\/www.tape-design.com\/#\/schema\/logo\/image\/\"},\"sameAs\":[\"https:\/\/www.facebook.com\/tapedesigncom\/\",\"https:\/\/www.instagram.com\/tapedesign_socks\/?hl=de\"]}]}<\/script>","yoast_head_json":{"title":"Boxer Shorts (3er Pack) - TAPEDESIGN","robots":{"index":"index","follow":"follow","max-snippet":"max-snippet:-1","max-image-preview":"max-image-preview:large","max-video-preview":"max-video-preview:-1"},"canonical":"https:\/\/www.tape-design.com\/es\/producto\/boxer-shorts-3er-pack\/","og_locale":"es_ES","og_type":"article","og_title":"Boxer Shorts (3er Pack) - TAPEDESIGN","og_description":"Los calzoncillos especiales TAPEDESIGN\u00ae son s\u00faper c\u00f3modos, el\u00e1sticos y transpirables. Tambi\u00e9n ofrecen una excelente durabilidad. Dise\u00f1ados con un ajuste flexible y una cintura el\u00e1stica para brindar comodidad durante todo el&hellip;","og_url":"https:\/\/www.tape-design.com\/es\/producto\/boxer-shorts-3er-pack\/","og_site_name":"TAPEDESIGN","article_publisher":"https:\/\/www.facebook.com\/tapedesigncom\/","article_modified_time":"2026-02-17T11:20:48+00:00","og_image":[{"width":1080,"height":1080,"url":"https:\/\/www.tape-design.com\/app\/uploads\/2023\/03\/TD_BOXER_SHORTS_3ER_BUNDLE_2025.jpg","type":"image\/jpeg"}],"twitter_card":"summary_large_image","schema":{"@context":"https:\/\/schema.org","@graph":[{"@type":"WebPage","@id":"https:\/\/www.tape-design.com\/es\/producto\/boxer-shorts-3er-pack\/","url":"https:\/\/www.tape-design.com\/es\/producto\/boxer-shorts-3er-pack\/","name":"Boxer Shorts (3er Pack) - TAPEDESIGN","isPartOf":{"@id":"https:\/\/www.tape-design.com\/#website"},"primaryImageOfPage":{"@id":"https:\/\/www.tape-design.com\/es\/producto\/boxer-shorts-3er-pack\/#primaryimage"},"image":{"@id":"https:\/\/www.tape-design.com\/es\/producto\/boxer-shorts-3er-pack\/#primaryimage"},"thumbnailUrl":"https:\/\/www.tape-design.com\/app\/uploads\/2023\/03\/TD_BOXER_SHORTS_3ER_BUNDLE_2025.jpg","datePublished":"2025-05-12T17:56:58+00:00","dateModified":"2026-02-17T11:20:48+00:00","breadcrumb":{"@id":"https:\/\/www.tape-design.com\/es\/producto\/boxer-shorts-3er-pack\/#breadcrumb"},"inLanguage":"es","potentialAction":[{"@type":"ReadAction","target":["https:\/\/www.tape-design.com\/es\/producto\/boxer-shorts-3er-pack\/"]}]},{"@type":"ImageObject","inLanguage":"es","@id":"https:\/\/www.tape-design.com\/es\/producto\/boxer-shorts-3er-pack\/#primaryimage","url":"https:\/\/www.tape-design.com\/app\/uploads\/2023\/03\/TD_BOXER_SHORTS_3ER_BUNDLE_2025.jpg","contentUrl":"https:\/\/www.tape-design.com\/app\/uploads\/2023\/03\/TD_BOXER_SHORTS_3ER_BUNDLE_2025.jpg","width":1080,"height":1080},{"@type":"BreadcrumbList","@id":"https:\/\/www.tape-design.com\/es\/producto\/boxer-shorts-3er-pack\/#breadcrumb","itemListElement":[{"@type":"ListItem","position":1,"name":"Home","item":"https:\/\/www.tape-design.com\/es\/"},{"@type":"ListItem","position":2,"name":"Shop","item":"https:\/\/www.tape-design.com\/es\/shop\/"},{"@type":"ListItem","position":3,"name":"Boxer Shorts (3er Pack)"}]},{"@type":"WebSite","@id":"https:\/\/www.tape-design.com\/#website","url":"https:\/\/www.tape-design.com\/","name":"TAPEDESIGN","description":"Always a step ahead","publisher":{"@id":"https:\/\/www.tape-design.com\/#organization"},"potentialAction":[{"@type":"SearchAction","target":{"@type":"EntryPoint","urlTemplate":"https:\/\/www.tape-design.com\/?s={search_term_string}"},"query-input":{"@type":"PropertyValueSpecification","valueRequired":true,"valueName":"search_term_string"}}],"inLanguage":"es"},{"@type":"Organization","@id":"https:\/\/www.tape-design.com\/#organization","name":"TAPEDESIGN","url":"https:\/\/www.tape-design.com\/","logo":{"@type":"ImageObject","inLanguage":"es","@id":"https:\/\/www.tape-design.com\/#\/schema\/logo\/image\/","url":"https:\/\/www.tape-design.com\/app\/uploads\/2020\/11\/Logosmall.png","contentUrl":"https:\/\/www.tape-design.com\/app\/uploads\/2020\/11\/Logosmall.png","width":340,"height":156,"caption":"TAPEDESIGN"},"image":{"@id":"https:\/\/www.tape-design.com\/#\/schema\/logo\/image\/"},"sameAs":["https:\/\/www.facebook.com\/tapedesigncom\/","https:\/\/www.instagram.com\/tapedesign_socks\/?hl=de"]}]}},"_links":{"self":[{"href":"https:\/\/www.tape-design.com\/es\/wp-json\/wp\/v2\/product\/128822","targetHints":{"allow":["GET"]}}],"collection":[{"href":"https:\/\/www.tape-design.com\/es\/wp-json\/wp\/v2\/product"}],"about":[{"href":"https:\/\/www.tape-design.com\/es\/wp-json\/wp\/v2\/types\/product"}],"wp:featuredmedia":[{"embeddable":true,"href":"https:\/\/www.tape-design.com\/es\/wp-json\/wp\/v2\/media\/127401"}],"wp:attachment":[{"href":"https:\/\/www.tape-design.com\/es\/wp-json\/wp\/v2\/media?parent=128822"}],"wp:term":[{"taxonomy":"product_cat","embeddable":true,"href":"https:\/\/www.tape-design.com\/es\/wp-json\/wp\/v2\/product_cat?post=128822"},{"taxonomy":"product_tag","embeddable":true,"href":"https:\/\/www.tape-design.com\/es\/wp-json\/wp\/v2\/product_tag?post=128822"},{"taxonomy":"giftcard-category","embeddable":true,"href":"https:\/\/www.tape-design.com\/es\/wp-json\/wp\/v2\/giftcard-category?post=128822"}],"curies":[{"name":"wp","href":"https:\/\/api.w.org\/{rel}","templated":true}]}}