{"id":128992,"date":"2025-05-14T11:13:12","date_gmt":"2025-05-14T09:13:12","guid":{"rendered":"https:\/\/www.tape-design.com\/product\/tapedesign-sleeve\/"},"modified":"2025-07-09T13:23:30","modified_gmt":"2025-07-09T11:23:30","slug":"tapedesign-sleeve","status":"publish","type":"product","link":"https:\/\/www.tape-design.com\/es\/producto\/tapedesign-sleeve\/","title":{"rendered":"TAPEDESIGN\u00ae Sleeve"},"content":{"rendered":"<p data-start=\"2411\" data-end=\"2661\"><span class=\"_fadeIn_m1hgl_8\">El <\/span><strong data-start=\"2414\" data-end=\"2446\"><span class=\"_fadeIn_m1hgl_8\">manguito <\/span><span class=\"_fadeIn_m1hgl_8\">t\u00e9rmico <\/span><span class=\"_fadeIn_m1hgl_8\">TAPEDESIGN\u00ae<\/span><\/strong> <span class=\"_fadeIn_m1hgl_8\">se <\/span><span class=\"_fadeIn_m1hgl_8\">entrega <\/span><strong data-start=\"2458\" data-end=\"2477\"><span class=\"_fadeIn_m1hgl_8\">individualmente<\/span><\/strong> <span class=\"_fadeIn_m1hgl_8\">y <\/span><span class=\"_fadeIn_m1hgl_8\">ofrece <\/span><span class=\"_fadeIn_m1hgl_8\">un <\/span><span class=\"_fadeIn_m1hgl_8\">uso <\/span><span class=\"_fadeIn_m1hgl_8\">vers\u00e1til <\/span><span class=\"_fadeIn_m1hgl_8\">tanto <\/span><span class=\"_fadeIn_m1hgl_8\">para <\/span><strong data-start=\"2514\" data-end=\"2547\"><span class=\"_fadeIn_m1hgl_8\">terapia <\/span><span class=\"_fadeIn_m1hgl_8\">de <\/span><span class=\"_fadeIn_m1hgl_8\">calor <\/span><span class=\"_fadeIn_m1hgl_8\">como <\/span><span class=\"_fadeIn_m1hgl_8\">de <\/span><span class=\"_fadeIn_m1hgl_8\">fr\u00edo<\/span><\/strong><span class=\"_fadeIn_m1hgl_8\">. <\/span><span class=\"_fadeIn_m1hgl_8\">El <\/span><span class=\"_fadeIn_m1hgl_8\">gel <\/span><span class=\"_fadeIn_m1hgl_8\">t\u00e9rmico <\/span><span class=\"_fadeIn_m1hgl_8\">integrado <\/span><span class=\"_fadeIn_m1hgl_8\">mantiene <\/span><span class=\"_fadeIn_m1hgl_8\">eficazmente <\/span><span class=\"_fadeIn_m1hgl_8\">la <\/span><span class=\"_fadeIn_m1hgl_8\">temperatura <\/span><span class=\"_fadeIn_m1hgl_8\">deseada <\/span><span class=\"_fadeIn_m1hgl_8\">para <\/span><span class=\"_fadeIn_m1hgl_8\">favorecer <\/span><span class=\"_fadeIn_m1hgl_8\">una <\/span><span class=\"_fadeIn_m1hgl_8\">recuperaci\u00f3n <\/span><span class=\"_fadeIn_m1hgl_8\">localizada.<\/span><\/p>\n<p data-start=\"2663\" data-end=\"2930\"><span class=\"_fadeIn_m1hgl_8\">Ideal <\/span><span class=\"_fadeIn_m1hgl_8\">para <\/span><strong data-start=\"2674\" data-end=\"2704\"><span class=\"_fadeIn_m1hgl_8\">aliviar <\/span><span class=\"_fadeIn_m1hgl_8\">dolores <\/span><span class=\"_fadeIn_m1hgl_8\">musculares<\/span><\/strong><span class=\"_fadeIn_m1hgl_8\">, <\/span><strong data-start=\"2706\" data-end=\"2735\"><span class=\"_fadeIn_m1hgl_8\">lesiones <\/span><span class=\"_fadeIn_m1hgl_8\">deportivas <\/span><span class=\"_fadeIn_m1hgl_8\">leves<\/span><\/strong> <span class=\"_fadeIn_m1hgl_8\">o <\/span><span class=\"_fadeIn_m1hgl_8\">como <\/span><span class=\"_fadeIn_m1hgl_8\">parte <\/span><span class=\"_fadeIn_m1hgl_8\">de <\/span><span class=\"_fadeIn_m1hgl_8\">tu <\/span><strong data-start=\"2755\" data-end=\"2800\"><span class=\"_fadeIn_m1hgl_8\">rutina <\/span><span class=\"_fadeIn_m1hgl_8\">de <\/span><span class=\"_fadeIn_m1hgl_8\">recuperaci\u00f3n <\/span><span class=\"_fadeIn_m1hgl_8\">post-<\/span><span class=\"_fadeIn_m1hgl_8\">entrenamiento<\/span><\/strong><span class=\"_fadeIn_m1hgl_8\">.<\/span><br data-start=\"2801\" data-end=\"2804\" \/><span class=\"_fadeIn_m1hgl_8\">El <\/span><span class=\"_fadeIn_m1hgl_8\">material <\/span><span class=\"_fadeIn_m1hgl_8\">flexible <\/span><span class=\"_fadeIn_m1hgl_8\">garantiza <\/span><span class=\"_fadeIn_m1hgl_8\">un <\/span><strong data-start=\"2838\" data-end=\"2855\"><span class=\"_fadeIn_m1hgl_8\">ajuste <\/span><span class=\"_fadeIn_m1hgl_8\">c\u00f3modo<\/span><\/strong><span class=\"_fadeIn_m1hgl_8\">, <\/span><span class=\"_fadeIn_m1hgl_8\">se <\/span><span class=\"_fadeIn_m1hgl_8\">adapta <\/span><span class=\"_fadeIn_m1hgl_8\">perfectamente <\/span><span class=\"_fadeIn_m1hgl_8\">al <\/span><span class=\"_fadeIn_m1hgl_8\">cuerpo <\/span><span class=\"_fadeIn_m1hgl_8\">y <\/span><span class=\"_fadeIn_m1hgl_8\">permite <\/span><span class=\"_fadeIn_m1hgl_8\">total <\/span><span class=\"_fadeIn_m1hgl_8\">libertad <\/span><span class=\"_fadeIn_m1hgl_8\">de <\/span><span class=\"_fadeIn_m1hgl_8\">movimiento.<\/span><\/p>\n<p data-start=\"2932\" data-end=\"3049\"><span class=\"_fadeIn_m1hgl_8\">Gracias <\/span><span class=\"_fadeIn_m1hgl_8\">a <\/span><span class=\"_fadeIn_m1hgl_8\">su <\/span><strong data-start=\"2945\" data-end=\"2987\"><span class=\"_fadeIn_m1hgl_8\">dise\u00f1o <\/span><span class=\"_fadeIn_m1hgl_8\">compacto <\/span><span class=\"_fadeIn_m1hgl_8\">y <\/span><span class=\"_fadeIn_m1hgl_8\">f\u00e1cil <\/span><span class=\"_fadeIn_m1hgl_8\">de <\/span><span class=\"_fadeIn_m1hgl_8\">transportar<\/span><\/strong><span class=\"_fadeIn_m1hgl_8\">, <\/span><span class=\"_fadeIn_m1hgl_8\">puedes <\/span><span class=\"_fadeIn_m1hgl_8\">llevarlo <\/span><span class=\"_fadeIn_m1hgl_8\">contigo <\/span><span class=\"_fadeIn_m1hgl_8\">a <\/span><span class=\"_fadeIn_m1hgl_8\">casa, <\/span><span class=\"_fadeIn_m1hgl_8\">en <\/span><span class=\"_fadeIn_m1hgl_8\">viajes <\/span><span class=\"_fadeIn_m1hgl_8\">o <\/span><span class=\"_fadeIn_m1hgl_8\">a <\/span><span class=\"_fadeIn_m1hgl_8\">competiciones.<\/span><\/p>\n<p data-start=\"3051\" data-end=\"3115\"><span class=\"_fadeIn_m1hgl_8\">Perfecto <\/span><span class=\"_fadeIn_m1hgl_8\">para <\/span><strong data-start=\"3065\" data-end=\"3114\"><span class=\"_fadeIn_m1hgl_8\">favorecer <\/span><span class=\"_fadeIn_m1hgl_8\">la <\/span><span class=\"_fadeIn_m1hgl_8\">recuperaci\u00f3n <\/span><span class=\"_fadeIn_m1hgl_8\">de <\/span><span class=\"_fadeIn_m1hgl_8\">brazos <\/span><span class=\"_fadeIn_m1hgl_8\">y <\/span><span class=\"_fadeIn_m1hgl_8\">piernas<\/span><\/strong><span class=\"_fadeIn_m1hgl_8\">.<\/span><\/p>\n","protected":false},"excerpt":{"rendered":"<p>El manguito t\u00e9rmico TAPEDESIGN\u00ae se entrega individualmente y ofrece un uso vers\u00e1til tanto para terapia de calor como de fr\u00edo. El gel t\u00e9rmico integrado mantiene eficazmente la temperatura deseada para&hellip;<\/p>\n","protected":false},"featured_media":128874,"template":"","meta":{"_acf_changed":false},"product_cat":[3083,1324,1304],"product_tag":[],"giftcard-category":[],"class_list":{"0":"post-128992","1":"product","2":"type-product","3":"status-publish","4":"has-post-thumbnail","6":"product_cat-fitness-es","7":"product_cat-fashion-es","8":"product_cat-todo","10":"first","11":"instock","12":"taxable","13":"shipping-taxable","14":"purchasable","15":"product-type-variable","16":"has-default-attributes"},"bundled_by":[],"bundle_stock_status":"instock","bundle_stock_quantity":null,"bundle_virtual":false,"bundle_layout":"","bundle_add_to_cart_form_location":"","bundle_editable_in_cart":false,"bundle_sold_individually_context":"","bundle_item_grouping":"","bundle_min_size":"","bundle_max_size":"","bundle_price":[],"bundled_items":[],"bundle_sell_ids":[],"exclude_global_add_ons":[],"addons":[],"acf":[],"yoast_head":"<title>TAPEDESIGN\u00ae Sleeve - TAPEDESIGN<\/title>\n<meta name=\"robots\" content=\"index, follow, max-snippet:-1, max-image-preview:large, max-video-preview:-1\" \/>\n<link rel=\"canonical\" href=\"https:\/\/www.tape-design.com\/es\/producto\/tapedesign-sleeve\/\" \/>\n<meta property=\"og:locale\" content=\"es_ES\" \/>\n<meta property=\"og:type\" content=\"article\" \/>\n<meta property=\"og:title\" content=\"TAPEDESIGN\u00ae Sleeve - TAPEDESIGN\" \/>\n<meta property=\"og:description\" content=\"El manguito t\u00e9rmico TAPEDESIGN\u00ae se entrega individualmente y ofrece un uso vers\u00e1til tanto para terapia de calor como de fr\u00edo. El gel t\u00e9rmico integrado mantiene eficazmente la temperatura deseada para&hellip;\" \/>\n<meta property=\"og:url\" content=\"https:\/\/www.tape-design.com\/es\/producto\/tapedesign-sleeve\/\" \/>\n<meta property=\"og:site_name\" content=\"TAPEDESIGN\" \/>\n<meta property=\"article:publisher\" content=\"https:\/\/www.facebook.com\/tapedesigncom\/\" \/>\n<meta property=\"article:modified_time\" content=\"2025-07-09T11:23:30+00:00\" \/>\n<meta property=\"og:image\" content=\"https:\/\/www.tape-design.com\/app\/uploads\/2025\/04\/WhatsApp-Image-2025-04-25-at-13.21.57-4.jpeg\" \/>\n\t<meta property=\"og:image:width\" content=\"1600\" \/>\n\t<meta property=\"og:image:height\" content=\"1600\" \/>\n\t<meta property=\"og:image:type\" content=\"image\/jpeg\" \/>\n<meta name=\"twitter:card\" content=\"summary_large_image\" \/>\n<meta name=\"twitter:label1\" content=\"Tiempo de lectura\" \/>\n\t<meta name=\"twitter:data1\" content=\"1 minuto\" \/>\n<script type=\"application\/ld+json\" class=\"yoast-schema-graph\">{\"@context\":\"https:\/\/schema.org\",\"@graph\":[{\"@type\":\"WebPage\",\"@id\":\"https:\/\/www.tape-design.com\/es\/producto\/tapedesign-sleeve\/\",\"url\":\"https:\/\/www.tape-design.com\/es\/producto\/tapedesign-sleeve\/\",\"name\":\"TAPEDESIGN\u00ae Sleeve - TAPEDESIGN\",\"isPartOf\":{\"@id\":\"https:\/\/www.tape-design.com\/#website\"},\"primaryImageOfPage\":{\"@id\":\"https:\/\/www.tape-design.com\/es\/producto\/tapedesign-sleeve\/#primaryimage\"},\"image\":{\"@id\":\"https:\/\/www.tape-design.com\/es\/producto\/tapedesign-sleeve\/#primaryimage\"},\"thumbnailUrl\":\"https:\/\/www.tape-design.com\/app\/uploads\/2025\/04\/WhatsApp-Image-2025-04-25-at-13.21.57-4.jpeg\",\"datePublished\":\"2025-05-14T09:13:12+00:00\",\"dateModified\":\"2025-07-09T11:23:30+00:00\",\"breadcrumb\":{\"@id\":\"https:\/\/www.tape-design.com\/es\/producto\/tapedesign-sleeve\/#breadcrumb\"},\"inLanguage\":\"es\",\"potentialAction\":[{\"@type\":\"ReadAction\",\"target\":[\"https:\/\/www.tape-design.com\/es\/producto\/tapedesign-sleeve\/\"]}]},{\"@type\":\"ImageObject\",\"inLanguage\":\"es\",\"@id\":\"https:\/\/www.tape-design.com\/es\/producto\/tapedesign-sleeve\/#primaryimage\",\"url\":\"https:\/\/www.tape-design.com\/app\/uploads\/2025\/04\/WhatsApp-Image-2025-04-25-at-13.21.57-4.jpeg\",\"contentUrl\":\"https:\/\/www.tape-design.com\/app\/uploads\/2025\/04\/WhatsApp-Image-2025-04-25-at-13.21.57-4.jpeg\",\"width\":1600,\"height\":1600},{\"@type\":\"BreadcrumbList\",\"@id\":\"https:\/\/www.tape-design.com\/es\/producto\/tapedesign-sleeve\/#breadcrumb\",\"itemListElement\":[{\"@type\":\"ListItem\",\"position\":1,\"name\":\"Home\",\"item\":\"https:\/\/www.tape-design.com\/es\/\"},{\"@type\":\"ListItem\",\"position\":2,\"name\":\"Shop\",\"item\":\"https:\/\/www.tape-design.com\/es\/shop\/\"},{\"@type\":\"ListItem\",\"position\":3,\"name\":\"TAPEDESIGN\u00ae Sleeve\"}]},{\"@type\":\"WebSite\",\"@id\":\"https:\/\/www.tape-design.com\/#website\",\"url\":\"https:\/\/www.tape-design.com\/\",\"name\":\"TAPEDESIGN\",\"description\":\"Always a step ahead\",\"publisher\":{\"@id\":\"https:\/\/www.tape-design.com\/#organization\"},\"potentialAction\":[{\"@type\":\"SearchAction\",\"target\":{\"@type\":\"EntryPoint\",\"urlTemplate\":\"https:\/\/www.tape-design.com\/?s={search_term_string}\"},\"query-input\":{\"@type\":\"PropertyValueSpecification\",\"valueRequired\":true,\"valueName\":\"search_term_string\"}}],\"inLanguage\":\"es\"},{\"@type\":\"Organization\",\"@id\":\"https:\/\/www.tape-design.com\/#organization\",\"name\":\"TAPEDESIGN\",\"url\":\"https:\/\/www.tape-design.com\/\",\"logo\":{\"@type\":\"ImageObject\",\"inLanguage\":\"es\",\"@id\":\"https:\/\/www.tape-design.com\/#\/schema\/logo\/image\/\",\"url\":\"https:\/\/www.tape-design.com\/app\/uploads\/2020\/11\/Logosmall.png\",\"contentUrl\":\"https:\/\/www.tape-design.com\/app\/uploads\/2020\/11\/Logosmall.png\",\"width\":340,\"height\":156,\"caption\":\"TAPEDESIGN\"},\"image\":{\"@id\":\"https:\/\/www.tape-design.com\/#\/schema\/logo\/image\/\"},\"sameAs\":[\"https:\/\/www.facebook.com\/tapedesigncom\/\",\"https:\/\/www.instagram.com\/tapedesign_socks\/?hl=de\"]}]}<\/script>","yoast_head_json":{"title":"TAPEDESIGN\u00ae Sleeve - TAPEDESIGN","robots":{"index":"index","follow":"follow","max-snippet":"max-snippet:-1","max-image-preview":"max-image-preview:large","max-video-preview":"max-video-preview:-1"},"canonical":"https:\/\/www.tape-design.com\/es\/producto\/tapedesign-sleeve\/","og_locale":"es_ES","og_type":"article","og_title":"TAPEDESIGN\u00ae Sleeve - TAPEDESIGN","og_description":"El manguito t\u00e9rmico TAPEDESIGN\u00ae se entrega individualmente y ofrece un uso vers\u00e1til tanto para terapia de calor como de fr\u00edo. El gel t\u00e9rmico integrado mantiene eficazmente la temperatura deseada para&hellip;","og_url":"https:\/\/www.tape-design.com\/es\/producto\/tapedesign-sleeve\/","og_site_name":"TAPEDESIGN","article_publisher":"https:\/\/www.facebook.com\/tapedesigncom\/","article_modified_time":"2025-07-09T11:23:30+00:00","og_image":[{"width":1600,"height":1600,"url":"https:\/\/www.tape-design.com\/app\/uploads\/2025\/04\/WhatsApp-Image-2025-04-25-at-13.21.57-4.jpeg","type":"image\/jpeg"}],"twitter_card":"summary_large_image","twitter_misc":{"Tiempo de lectura":"1 minuto"},"schema":{"@context":"https:\/\/schema.org","@graph":[{"@type":"WebPage","@id":"https:\/\/www.tape-design.com\/es\/producto\/tapedesign-sleeve\/","url":"https:\/\/www.tape-design.com\/es\/producto\/tapedesign-sleeve\/","name":"TAPEDESIGN\u00ae Sleeve - TAPEDESIGN","isPartOf":{"@id":"https:\/\/www.tape-design.com\/#website"},"primaryImageOfPage":{"@id":"https:\/\/www.tape-design.com\/es\/producto\/tapedesign-sleeve\/#primaryimage"},"image":{"@id":"https:\/\/www.tape-design.com\/es\/producto\/tapedesign-sleeve\/#primaryimage"},"thumbnailUrl":"https:\/\/www.tape-design.com\/app\/uploads\/2025\/04\/WhatsApp-Image-2025-04-25-at-13.21.57-4.jpeg","datePublished":"2025-05-14T09:13:12+00:00","dateModified":"2025-07-09T11:23:30+00:00","breadcrumb":{"@id":"https:\/\/www.tape-design.com\/es\/producto\/tapedesign-sleeve\/#breadcrumb"},"inLanguage":"es","potentialAction":[{"@type":"ReadAction","target":["https:\/\/www.tape-design.com\/es\/producto\/tapedesign-sleeve\/"]}]},{"@type":"ImageObject","inLanguage":"es","@id":"https:\/\/www.tape-design.com\/es\/producto\/tapedesign-sleeve\/#primaryimage","url":"https:\/\/www.tape-design.com\/app\/uploads\/2025\/04\/WhatsApp-Image-2025-04-25-at-13.21.57-4.jpeg","contentUrl":"https:\/\/www.tape-design.com\/app\/uploads\/2025\/04\/WhatsApp-Image-2025-04-25-at-13.21.57-4.jpeg","width":1600,"height":1600},{"@type":"BreadcrumbList","@id":"https:\/\/www.tape-design.com\/es\/producto\/tapedesign-sleeve\/#breadcrumb","itemListElement":[{"@type":"ListItem","position":1,"name":"Home","item":"https:\/\/www.tape-design.com\/es\/"},{"@type":"ListItem","position":2,"name":"Shop","item":"https:\/\/www.tape-design.com\/es\/shop\/"},{"@type":"ListItem","position":3,"name":"TAPEDESIGN\u00ae Sleeve"}]},{"@type":"WebSite","@id":"https:\/\/www.tape-design.com\/#website","url":"https:\/\/www.tape-design.com\/","name":"TAPEDESIGN","description":"Always a step ahead","publisher":{"@id":"https:\/\/www.tape-design.com\/#organization"},"potentialAction":[{"@type":"SearchAction","target":{"@type":"EntryPoint","urlTemplate":"https:\/\/www.tape-design.com\/?s={search_term_string}"},"query-input":{"@type":"PropertyValueSpecification","valueRequired":true,"valueName":"search_term_string"}}],"inLanguage":"es"},{"@type":"Organization","@id":"https:\/\/www.tape-design.com\/#organization","name":"TAPEDESIGN","url":"https:\/\/www.tape-design.com\/","logo":{"@type":"ImageObject","inLanguage":"es","@id":"https:\/\/www.tape-design.com\/#\/schema\/logo\/image\/","url":"https:\/\/www.tape-design.com\/app\/uploads\/2020\/11\/Logosmall.png","contentUrl":"https:\/\/www.tape-design.com\/app\/uploads\/2020\/11\/Logosmall.png","width":340,"height":156,"caption":"TAPEDESIGN"},"image":{"@id":"https:\/\/www.tape-design.com\/#\/schema\/logo\/image\/"},"sameAs":["https:\/\/www.facebook.com\/tapedesigncom\/","https:\/\/www.instagram.com\/tapedesign_socks\/?hl=de"]}]}},"_links":{"self":[{"href":"https:\/\/www.tape-design.com\/es\/wp-json\/wp\/v2\/product\/128992","targetHints":{"allow":["GET"]}}],"collection":[{"href":"https:\/\/www.tape-design.com\/es\/wp-json\/wp\/v2\/product"}],"about":[{"href":"https:\/\/www.tape-design.com\/es\/wp-json\/wp\/v2\/types\/product"}],"wp:featuredmedia":[{"embeddable":true,"href":"https:\/\/www.tape-design.com\/es\/wp-json\/wp\/v2\/media\/128874"}],"wp:attachment":[{"href":"https:\/\/www.tape-design.com\/es\/wp-json\/wp\/v2\/media?parent=128992"}],"wp:term":[{"taxonomy":"product_cat","embeddable":true,"href":"https:\/\/www.tape-design.com\/es\/wp-json\/wp\/v2\/product_cat?post=128992"},{"taxonomy":"product_tag","embeddable":true,"href":"https:\/\/www.tape-design.com\/es\/wp-json\/wp\/v2\/product_tag?post=128992"},{"taxonomy":"giftcard-category","embeddable":true,"href":"https:\/\/www.tape-design.com\/es\/wp-json\/wp\/v2\/giftcard-category?post=128992"}],"curies":[{"name":"wp","href":"https:\/\/api.w.org\/{rel}","templated":true}]}}