{"id":134874,"date":"2025-07-02T16:08:11","date_gmt":"2025-07-02T14:08:11","guid":{"rendered":"https:\/\/www.tape-design.com\/product\/tapedesign-kids-academy-mat\/"},"modified":"2026-04-03T09:42:45","modified_gmt":"2026-04-03T07:42:45","slug":"tapedesign-kids-academy-mat","status":"publish","type":"product","link":"https:\/\/www.tape-design.com\/es\/producto\/tapedesign-kids-academy-mat\/","title":{"rendered":"TAPEDESIGN\u00ae KIDS Academy Mat"},"content":{"rendered":"<p data-start=\"4725\" data-end=\"4813\"><strong data-start=\"4744\" data-end=\"4811\">Tu entrada al siguiente nivel \u2013 La \u201cAcademy Mat\u201d de TAPEDESIGN\u00ae<\/strong><\/p>\n<p data-start=\"4815\" data-end=\"5374\">La Academy Mat de TAPEDESIGN es mucho m\u00e1s que una ayuda de entrenamiento \u2013 es tu compa\u00f1era diaria en el camino hacia ser un mejor futbolista. Dise\u00f1ada especialmente para j\u00f3venes talentos, ofrece la base perfecta para mejorar t\u00e9cnica, control de bal\u00f3n y movimientos de forma divertida y eficaz \u2013 ya sea en la habitaci\u00f3n, en el jard\u00edn o en el campo. Su superficie especial fomenta un juego de pies preciso, mientras que la parte inferior antideslizante garantiza estabilidad en todo momento \u2013 incluso durante regates r\u00e1pidos o cambios de direcci\u00f3n explosivos.<\/p>\n<p data-start=\"5376\" data-end=\"5850\">Un punto destacado: con cada Academy Mat obtienes acceso exclusivo a sesiones de entrenamiento profesionales y tutoriales en v\u00eddeo \u2013 dirigidos por Fabian Pecher, uno de los influencers de f\u00fatbol m\u00e1s conocidos de Alemania. Con instrucciones claras, retos motivadores y ejercicios adaptados a los ni\u00f1os, Fabian lleva la diversi\u00f3n del entrenamiento directamente a tu hogar y ayuda a que cada joven jugador mejore sus habilidades \u2013 con m\u00e9todo, estructura y progresos visibles.<\/p>\n<p data-start=\"5852\" data-end=\"6303\">Gracias a su tama\u00f1o compacto, la alfombra permite un entrenamiento t\u00e9cnico realista incluso en espacios reducidos. Es f\u00e1cil de transportar, sencilla de limpiar y lista para usarse en cualquier lugar \u2013 tanto en interiores como en exteriores. Desarrollada con los est\u00e1ndares de los profesionales, pensada para el futuro del f\u00fatbol: con la Academy Mat de TAPEDESIGN construyes la base para tu siguiente nivel \u2013 segura, inteligente y llena de diversi\u00f3n.<\/p>\n","protected":false},"excerpt":{"rendered":"<p>Tu entrada al siguiente nivel \u2013 La \u201cAcademy Mat\u201d de TAPEDESIGN\u00ae La Academy Mat de TAPEDESIGN es mucho m\u00e1s que una ayuda de entrenamiento \u2013 es tu compa\u00f1era diaria en&hellip;<\/p>\n","protected":false},"featured_media":130701,"template":"","meta":{"_acf_changed":false},"product_cat":[3106,1308,1304],"product_tag":[],"giftcard-category":[],"class_list":{"0":"post-134874","1":"product","2":"type-product","3":"status-publish","4":"has-post-thumbnail","6":"product_cat-kids-es","7":"product_cat-accessories-es","8":"product_cat-todo","10":"first","11":"instock","12":"taxable","13":"shipping-taxable","14":"purchasable","15":"product-type-simple"},"bundled_by":["134878"],"bundle_stock_status":"instock","bundle_stock_quantity":-13,"bundle_virtual":false,"bundle_layout":"","bundle_add_to_cart_form_location":"","bundle_editable_in_cart":false,"bundle_sold_individually_context":"","bundle_item_grouping":"","bundle_min_size":"","bundle_max_size":"","bundle_price":[],"bundled_items":[],"bundle_sell_ids":[],"exclude_global_add_ons":[],"addons":[],"acf":[],"yoast_head":"<title>TAPEDESIGN\u00ae KIDS Academy Mat - TAPEDESIGN<\/title>\n<meta name=\"robots\" content=\"index, follow, max-snippet:-1, max-image-preview:large, max-video-preview:-1\" \/>\n<link rel=\"canonical\" href=\"https:\/\/www.tape-design.com\/es\/producto\/tapedesign-kids-academy-mat\/\" \/>\n<meta property=\"og:locale\" content=\"es_ES\" \/>\n<meta property=\"og:type\" content=\"article\" \/>\n<meta property=\"og:title\" content=\"TAPEDESIGN\u00ae KIDS Academy Mat - TAPEDESIGN\" \/>\n<meta property=\"og:description\" content=\"Tu entrada al siguiente nivel \u2013 La \u201cAcademy Mat\u201d de TAPEDESIGN\u00ae La Academy Mat de TAPEDESIGN es mucho m\u00e1s que una ayuda de entrenamiento \u2013 es tu compa\u00f1era diaria en&hellip;\" \/>\n<meta property=\"og:url\" content=\"https:\/\/www.tape-design.com\/es\/producto\/tapedesign-kids-academy-mat\/\" \/>\n<meta property=\"og:site_name\" content=\"TAPEDESIGN\" \/>\n<meta property=\"article:publisher\" content=\"https:\/\/www.facebook.com\/tapedesigncom\/\" \/>\n<meta property=\"article:modified_time\" content=\"2026-04-03T07:42:45+00:00\" \/>\n<meta property=\"og:image\" content=\"https:\/\/www.tape-design.com\/app\/uploads\/2025\/07\/2025_TD_KIDS_ACADEMY_MAT_PRODUCT_IMG_v1.jpg\" \/>\n\t<meta property=\"og:image:width\" content=\"1080\" \/>\n\t<meta property=\"og:image:height\" content=\"1080\" \/>\n\t<meta property=\"og:image:type\" content=\"image\/jpeg\" \/>\n<meta name=\"twitter:card\" content=\"summary_large_image\" \/>\n<meta name=\"twitter:label1\" content=\"Tiempo de lectura\" \/>\n\t<meta name=\"twitter:data1\" content=\"1 minuto\" \/>\n<script type=\"application\/ld+json\" class=\"yoast-schema-graph\">{\"@context\":\"https:\/\/schema.org\",\"@graph\":[{\"@type\":\"WebPage\",\"@id\":\"https:\/\/www.tape-design.com\/es\/producto\/tapedesign-kids-academy-mat\/\",\"url\":\"https:\/\/www.tape-design.com\/es\/producto\/tapedesign-kids-academy-mat\/\",\"name\":\"TAPEDESIGN\u00ae KIDS Academy Mat - TAPEDESIGN\",\"isPartOf\":{\"@id\":\"https:\/\/www.tape-design.com\/#website\"},\"primaryImageOfPage\":{\"@id\":\"https:\/\/www.tape-design.com\/es\/producto\/tapedesign-kids-academy-mat\/#primaryimage\"},\"image\":{\"@id\":\"https:\/\/www.tape-design.com\/es\/producto\/tapedesign-kids-academy-mat\/#primaryimage\"},\"thumbnailUrl\":\"https:\/\/www.tape-design.com\/app\/uploads\/2025\/07\/2025_TD_KIDS_ACADEMY_MAT_PRODUCT_IMG_v1.jpg\",\"datePublished\":\"2025-07-02T14:08:11+00:00\",\"dateModified\":\"2026-04-03T07:42:45+00:00\",\"breadcrumb\":{\"@id\":\"https:\/\/www.tape-design.com\/es\/producto\/tapedesign-kids-academy-mat\/#breadcrumb\"},\"inLanguage\":\"es\",\"potentialAction\":[{\"@type\":\"ReadAction\",\"target\":[\"https:\/\/www.tape-design.com\/es\/producto\/tapedesign-kids-academy-mat\/\"]}]},{\"@type\":\"ImageObject\",\"inLanguage\":\"es\",\"@id\":\"https:\/\/www.tape-design.com\/es\/producto\/tapedesign-kids-academy-mat\/#primaryimage\",\"url\":\"https:\/\/www.tape-design.com\/app\/uploads\/2025\/07\/2025_TD_KIDS_ACADEMY_MAT_PRODUCT_IMG_v1.jpg\",\"contentUrl\":\"https:\/\/www.tape-design.com\/app\/uploads\/2025\/07\/2025_TD_KIDS_ACADEMY_MAT_PRODUCT_IMG_v1.jpg\",\"width\":1080,\"height\":1080},{\"@type\":\"BreadcrumbList\",\"@id\":\"https:\/\/www.tape-design.com\/es\/producto\/tapedesign-kids-academy-mat\/#breadcrumb\",\"itemListElement\":[{\"@type\":\"ListItem\",\"position\":1,\"name\":\"Home\",\"item\":\"https:\/\/www.tape-design.com\/es\/\"},{\"@type\":\"ListItem\",\"position\":2,\"name\":\"Shop\",\"item\":\"https:\/\/www.tape-design.com\/es\/shop\/\"},{\"@type\":\"ListItem\",\"position\":3,\"name\":\"TAPEDESIGN\u00ae KIDS Academy Mat\"}]},{\"@type\":\"WebSite\",\"@id\":\"https:\/\/www.tape-design.com\/#website\",\"url\":\"https:\/\/www.tape-design.com\/\",\"name\":\"TAPEDESIGN\",\"description\":\"Always a step ahead\",\"publisher\":{\"@id\":\"https:\/\/www.tape-design.com\/#organization\"},\"potentialAction\":[{\"@type\":\"SearchAction\",\"target\":{\"@type\":\"EntryPoint\",\"urlTemplate\":\"https:\/\/www.tape-design.com\/?s={search_term_string}\"},\"query-input\":{\"@type\":\"PropertyValueSpecification\",\"valueRequired\":true,\"valueName\":\"search_term_string\"}}],\"inLanguage\":\"es\"},{\"@type\":\"Organization\",\"@id\":\"https:\/\/www.tape-design.com\/#organization\",\"name\":\"TAPEDESIGN\",\"url\":\"https:\/\/www.tape-design.com\/\",\"logo\":{\"@type\":\"ImageObject\",\"inLanguage\":\"es\",\"@id\":\"https:\/\/www.tape-design.com\/#\/schema\/logo\/image\/\",\"url\":\"https:\/\/www.tape-design.com\/app\/uploads\/2020\/11\/Logosmall.png\",\"contentUrl\":\"https:\/\/www.tape-design.com\/app\/uploads\/2020\/11\/Logosmall.png\",\"width\":340,\"height\":156,\"caption\":\"TAPEDESIGN\"},\"image\":{\"@id\":\"https:\/\/www.tape-design.com\/#\/schema\/logo\/image\/\"},\"sameAs\":[\"https:\/\/www.facebook.com\/tapedesigncom\/\",\"https:\/\/www.instagram.com\/tapedesign_socks\/?hl=de\"]}]}<\/script>","yoast_head_json":{"title":"TAPEDESIGN\u00ae KIDS Academy Mat - TAPEDESIGN","robots":{"index":"index","follow":"follow","max-snippet":"max-snippet:-1","max-image-preview":"max-image-preview:large","max-video-preview":"max-video-preview:-1"},"canonical":"https:\/\/www.tape-design.com\/es\/producto\/tapedesign-kids-academy-mat\/","og_locale":"es_ES","og_type":"article","og_title":"TAPEDESIGN\u00ae KIDS Academy Mat - TAPEDESIGN","og_description":"Tu entrada al siguiente nivel \u2013 La \u201cAcademy Mat\u201d de TAPEDESIGN\u00ae La Academy Mat de TAPEDESIGN es mucho m\u00e1s que una ayuda de entrenamiento \u2013 es tu compa\u00f1era diaria en&hellip;","og_url":"https:\/\/www.tape-design.com\/es\/producto\/tapedesign-kids-academy-mat\/","og_site_name":"TAPEDESIGN","article_publisher":"https:\/\/www.facebook.com\/tapedesigncom\/","article_modified_time":"2026-04-03T07:42:45+00:00","og_image":[{"width":1080,"height":1080,"url":"https:\/\/www.tape-design.com\/app\/uploads\/2025\/07\/2025_TD_KIDS_ACADEMY_MAT_PRODUCT_IMG_v1.jpg","type":"image\/jpeg"}],"twitter_card":"summary_large_image","twitter_misc":{"Tiempo de lectura":"1 minuto"},"schema":{"@context":"https:\/\/schema.org","@graph":[{"@type":"WebPage","@id":"https:\/\/www.tape-design.com\/es\/producto\/tapedesign-kids-academy-mat\/","url":"https:\/\/www.tape-design.com\/es\/producto\/tapedesign-kids-academy-mat\/","name":"TAPEDESIGN\u00ae KIDS Academy Mat - TAPEDESIGN","isPartOf":{"@id":"https:\/\/www.tape-design.com\/#website"},"primaryImageOfPage":{"@id":"https:\/\/www.tape-design.com\/es\/producto\/tapedesign-kids-academy-mat\/#primaryimage"},"image":{"@id":"https:\/\/www.tape-design.com\/es\/producto\/tapedesign-kids-academy-mat\/#primaryimage"},"thumbnailUrl":"https:\/\/www.tape-design.com\/app\/uploads\/2025\/07\/2025_TD_KIDS_ACADEMY_MAT_PRODUCT_IMG_v1.jpg","datePublished":"2025-07-02T14:08:11+00:00","dateModified":"2026-04-03T07:42:45+00:00","breadcrumb":{"@id":"https:\/\/www.tape-design.com\/es\/producto\/tapedesign-kids-academy-mat\/#breadcrumb"},"inLanguage":"es","potentialAction":[{"@type":"ReadAction","target":["https:\/\/www.tape-design.com\/es\/producto\/tapedesign-kids-academy-mat\/"]}]},{"@type":"ImageObject","inLanguage":"es","@id":"https:\/\/www.tape-design.com\/es\/producto\/tapedesign-kids-academy-mat\/#primaryimage","url":"https:\/\/www.tape-design.com\/app\/uploads\/2025\/07\/2025_TD_KIDS_ACADEMY_MAT_PRODUCT_IMG_v1.jpg","contentUrl":"https:\/\/www.tape-design.com\/app\/uploads\/2025\/07\/2025_TD_KIDS_ACADEMY_MAT_PRODUCT_IMG_v1.jpg","width":1080,"height":1080},{"@type":"BreadcrumbList","@id":"https:\/\/www.tape-design.com\/es\/producto\/tapedesign-kids-academy-mat\/#breadcrumb","itemListElement":[{"@type":"ListItem","position":1,"name":"Home","item":"https:\/\/www.tape-design.com\/es\/"},{"@type":"ListItem","position":2,"name":"Shop","item":"https:\/\/www.tape-design.com\/es\/shop\/"},{"@type":"ListItem","position":3,"name":"TAPEDESIGN\u00ae KIDS Academy Mat"}]},{"@type":"WebSite","@id":"https:\/\/www.tape-design.com\/#website","url":"https:\/\/www.tape-design.com\/","name":"TAPEDESIGN","description":"Always a step ahead","publisher":{"@id":"https:\/\/www.tape-design.com\/#organization"},"potentialAction":[{"@type":"SearchAction","target":{"@type":"EntryPoint","urlTemplate":"https:\/\/www.tape-design.com\/?s={search_term_string}"},"query-input":{"@type":"PropertyValueSpecification","valueRequired":true,"valueName":"search_term_string"}}],"inLanguage":"es"},{"@type":"Organization","@id":"https:\/\/www.tape-design.com\/#organization","name":"TAPEDESIGN","url":"https:\/\/www.tape-design.com\/","logo":{"@type":"ImageObject","inLanguage":"es","@id":"https:\/\/www.tape-design.com\/#\/schema\/logo\/image\/","url":"https:\/\/www.tape-design.com\/app\/uploads\/2020\/11\/Logosmall.png","contentUrl":"https:\/\/www.tape-design.com\/app\/uploads\/2020\/11\/Logosmall.png","width":340,"height":156,"caption":"TAPEDESIGN"},"image":{"@id":"https:\/\/www.tape-design.com\/#\/schema\/logo\/image\/"},"sameAs":["https:\/\/www.facebook.com\/tapedesigncom\/","https:\/\/www.instagram.com\/tapedesign_socks\/?hl=de"]}]}},"_links":{"self":[{"href":"https:\/\/www.tape-design.com\/es\/wp-json\/wp\/v2\/product\/134874","targetHints":{"allow":["GET"]}}],"collection":[{"href":"https:\/\/www.tape-design.com\/es\/wp-json\/wp\/v2\/product"}],"about":[{"href":"https:\/\/www.tape-design.com\/es\/wp-json\/wp\/v2\/types\/product"}],"wp:featuredmedia":[{"embeddable":true,"href":"https:\/\/www.tape-design.com\/es\/wp-json\/wp\/v2\/media\/130701"}],"wp:attachment":[{"href":"https:\/\/www.tape-design.com\/es\/wp-json\/wp\/v2\/media?parent=134874"}],"wp:term":[{"taxonomy":"product_cat","embeddable":true,"href":"https:\/\/www.tape-design.com\/es\/wp-json\/wp\/v2\/product_cat?post=134874"},{"taxonomy":"product_tag","embeddable":true,"href":"https:\/\/www.tape-design.com\/es\/wp-json\/wp\/v2\/product_tag?post=134874"},{"taxonomy":"giftcard-category","embeddable":true,"href":"https:\/\/www.tape-design.com\/es\/wp-json\/wp\/v2\/giftcard-category?post=134874"}],"curies":[{"name":"wp","href":"https:\/\/api.w.org\/{rel}","templated":true}]}}