{"id":134902,"date":"2025-06-25T17:35:05","date_gmt":"2025-06-25T15:35:05","guid":{"rendered":"https:\/\/www.tape-design.com\/product\/bundle-allround-socks-classic-shinguards-2-0\/"},"modified":"2026-03-03T13:13:59","modified_gmt":"2026-03-03T12:13:59","slug":"bundle-allround-socks-classic-shinguards-2-0","status":"publish","type":"product","link":"https:\/\/www.tape-design.com\/es\/producto\/bundle-allround-socks-classic-shinguards-2-0\/","title":{"rendered":"Bundle: Allround Socks &#8220;Classic&#8221; + Shinguards 2.0"},"content":{"rendered":"<p data-start=\"3564\" data-end=\"3810\">\u2705 M\u00e1xima sujeci\u00f3n &amp; comodidad \u2013 ahora en pack: El set Tapedesign con Allround Socks Classic &amp; Shinguards 2.0 asegura un ajuste antideslizante en la zapatilla y una comodidad \u00f3ptima \u2013 ideal para entrenamientos &amp; competiciones.<\/p>\n<p data-start=\"3812\" data-end=\"4072\">\u2705 Calcetines de f\u00fatbol antideslizantes para control total: Los Allround Socks Classic cuentan con puntos de goma especialmente colocados en el exterior para un agarre m\u00e1ximo en la zapatilla. Perfectos para movimientos r\u00e1pidos y cambios de direcci\u00f3n precisos.<\/p>\n<p data-start=\"4074\" data-end=\"4315\">\u2705 Espinilleras ultraligeras &amp; moldeables individualmente: Con solo 1,5 mm de grosor, las Shinguards 2.0 pueden moldearse con calor para ajustarse perfectamente a la espinilla \u2013 extremadamente ligeras y casi imperceptibles durante el juego.<\/p>\n<p data-start=\"4317\" data-end=\"4551\">\u2705 Ajuste ergon\u00f3mico para m\u00e1xima comodidad: Los Allround Socks Classic est\u00e1n hechos de material el\u00e1stico de alta calidad que se adapta perfectamente al pie. Las Shinguards 2.0 se mantienen seguras en cualquier media \u2013 sin deslizarse.<\/p>\n<p data-start=\"4553\" data-end=\"4770\">\u2705 Todo en un solo set \u2013 ideal para futbolistas: Incluye un par de Allround Socks Classic &amp; Tapedesign Shinguards 2.0 con bolsa de almacenamiento. \u00a1Consigue la combinaci\u00f3n perfecta de agarre, estabilidad y comodidad!<\/p>\n","protected":false},"excerpt":{"rendered":"<p>\u2705 M\u00e1xima sujeci\u00f3n &amp; comodidad \u2013 ahora en pack: El set Tapedesign con Allround Socks Classic &amp; Shinguards 2.0 asegura un ajuste antideslizante en la zapatilla y una comodidad \u00f3ptima&hellip;<\/p>\n","protected":false},"featured_media":130327,"template":"","meta":{"_acf_changed":false},"product_cat":[2848,1304],"product_tag":[],"giftcard-category":[],"class_list":{"0":"post-134902","1":"product","2":"type-product","3":"status-publish","4":"has-post-thumbnail","6":"product_cat-special-sets-es","7":"product_cat-todo","9":"first","10":"instock","11":"sale","12":"taxable","13":"shipping-taxable","14":"purchasable","15":"product-type-variable","16":"has-default-attributes"},"bundled_by":[],"bundle_stock_status":"instock","bundle_stock_quantity":1,"bundle_virtual":false,"bundle_layout":"","bundle_add_to_cart_form_location":"","bundle_editable_in_cart":false,"bundle_sold_individually_context":"","bundle_item_grouping":"","bundle_min_size":"","bundle_max_size":"","bundle_price":[],"bundled_items":[],"bundle_sell_ids":[],"exclude_global_add_ons":[],"addons":[],"acf":[],"yoast_head":"<title>Bundle: Allround Socks &quot;Classic&quot; + Shinguards 2.0 - TAPEDESIGN<\/title>\n<meta name=\"robots\" content=\"index, follow, max-snippet:-1, max-image-preview:large, max-video-preview:-1\" \/>\n<link rel=\"canonical\" href=\"https:\/\/www.tape-design.com\/es\/producto\/bundle-allround-socks-classic-shinguards-2-0\/\" \/>\n<meta property=\"og:locale\" content=\"es_ES\" \/>\n<meta property=\"og:type\" content=\"article\" \/>\n<meta property=\"og:title\" content=\"Bundle: Allround Socks &quot;Classic&quot; + Shinguards 2.0 - TAPEDESIGN\" \/>\n<meta property=\"og:description\" content=\"\u2705 M\u00e1xima sujeci\u00f3n &amp; comodidad \u2013 ahora en pack: El set Tapedesign con Allround Socks Classic &amp; Shinguards 2.0 asegura un ajuste antideslizante en la zapatilla y una comodidad \u00f3ptima&hellip;\" \/>\n<meta property=\"og:url\" content=\"https:\/\/www.tape-design.com\/es\/producto\/bundle-allround-socks-classic-shinguards-2-0\/\" \/>\n<meta property=\"og:site_name\" content=\"TAPEDESIGN\" \/>\n<meta property=\"article:publisher\" content=\"https:\/\/www.facebook.com\/tapedesigncom\/\" \/>\n<meta property=\"article:modified_time\" content=\"2026-03-03T12:13:59+00:00\" \/>\n<meta property=\"og:image\" content=\"https:\/\/www.tape-design.com\/app\/uploads\/2025\/06\/2025_TD_PRODUCT_IMG_CLASSIC_BUNDLE_WHITE.jpg\" \/>\n\t<meta property=\"og:image:width\" content=\"1080\" \/>\n\t<meta property=\"og:image:height\" content=\"1080\" \/>\n\t<meta property=\"og:image:type\" content=\"image\/jpeg\" \/>\n<meta name=\"twitter:card\" content=\"summary_large_image\" \/>\n<meta name=\"twitter:label1\" content=\"Tiempo de lectura\" \/>\n\t<meta name=\"twitter:data1\" content=\"1 minuto\" \/>\n<script type=\"application\/ld+json\" class=\"yoast-schema-graph\">{\"@context\":\"https:\/\/schema.org\",\"@graph\":[{\"@type\":\"WebPage\",\"@id\":\"https:\/\/www.tape-design.com\/es\/producto\/bundle-allround-socks-classic-shinguards-2-0\/\",\"url\":\"https:\/\/www.tape-design.com\/es\/producto\/bundle-allround-socks-classic-shinguards-2-0\/\",\"name\":\"Bundle: Allround Socks \\\"Classic\\\" + Shinguards 2.0 - TAPEDESIGN\",\"isPartOf\":{\"@id\":\"https:\/\/www.tape-design.com\/#website\"},\"primaryImageOfPage\":{\"@id\":\"https:\/\/www.tape-design.com\/es\/producto\/bundle-allround-socks-classic-shinguards-2-0\/#primaryimage\"},\"image\":{\"@id\":\"https:\/\/www.tape-design.com\/es\/producto\/bundle-allround-socks-classic-shinguards-2-0\/#primaryimage\"},\"thumbnailUrl\":\"https:\/\/www.tape-design.com\/app\/uploads\/2025\/06\/2025_TD_PRODUCT_IMG_CLASSIC_BUNDLE_WHITE.jpg\",\"datePublished\":\"2025-06-25T15:35:05+00:00\",\"dateModified\":\"2026-03-03T12:13:59+00:00\",\"breadcrumb\":{\"@id\":\"https:\/\/www.tape-design.com\/es\/producto\/bundle-allround-socks-classic-shinguards-2-0\/#breadcrumb\"},\"inLanguage\":\"es\",\"potentialAction\":[{\"@type\":\"ReadAction\",\"target\":[\"https:\/\/www.tape-design.com\/es\/producto\/bundle-allround-socks-classic-shinguards-2-0\/\"]}]},{\"@type\":\"ImageObject\",\"inLanguage\":\"es\",\"@id\":\"https:\/\/www.tape-design.com\/es\/producto\/bundle-allround-socks-classic-shinguards-2-0\/#primaryimage\",\"url\":\"https:\/\/www.tape-design.com\/app\/uploads\/2025\/06\/2025_TD_PRODUCT_IMG_CLASSIC_BUNDLE_WHITE.jpg\",\"contentUrl\":\"https:\/\/www.tape-design.com\/app\/uploads\/2025\/06\/2025_TD_PRODUCT_IMG_CLASSIC_BUNDLE_WHITE.jpg\",\"width\":1080,\"height\":1080},{\"@type\":\"BreadcrumbList\",\"@id\":\"https:\/\/www.tape-design.com\/es\/producto\/bundle-allround-socks-classic-shinguards-2-0\/#breadcrumb\",\"itemListElement\":[{\"@type\":\"ListItem\",\"position\":1,\"name\":\"Home\",\"item\":\"https:\/\/www.tape-design.com\/es\/\"},{\"@type\":\"ListItem\",\"position\":2,\"name\":\"Shop\",\"item\":\"https:\/\/www.tape-design.com\/es\/shop\/\"},{\"@type\":\"ListItem\",\"position\":3,\"name\":\"Bundle: Allround Socks &#8220;Classic&#8221; + Shinguards 2.0\"}]},{\"@type\":\"WebSite\",\"@id\":\"https:\/\/www.tape-design.com\/#website\",\"url\":\"https:\/\/www.tape-design.com\/\",\"name\":\"TAPEDESIGN\",\"description\":\"Always a step ahead\",\"publisher\":{\"@id\":\"https:\/\/www.tape-design.com\/#organization\"},\"potentialAction\":[{\"@type\":\"SearchAction\",\"target\":{\"@type\":\"EntryPoint\",\"urlTemplate\":\"https:\/\/www.tape-design.com\/?s={search_term_string}\"},\"query-input\":{\"@type\":\"PropertyValueSpecification\",\"valueRequired\":true,\"valueName\":\"search_term_string\"}}],\"inLanguage\":\"es\"},{\"@type\":\"Organization\",\"@id\":\"https:\/\/www.tape-design.com\/#organization\",\"name\":\"TAPEDESIGN\",\"url\":\"https:\/\/www.tape-design.com\/\",\"logo\":{\"@type\":\"ImageObject\",\"inLanguage\":\"es\",\"@id\":\"https:\/\/www.tape-design.com\/#\/schema\/logo\/image\/\",\"url\":\"https:\/\/www.tape-design.com\/app\/uploads\/2020\/11\/Logosmall.png\",\"contentUrl\":\"https:\/\/www.tape-design.com\/app\/uploads\/2020\/11\/Logosmall.png\",\"width\":340,\"height\":156,\"caption\":\"TAPEDESIGN\"},\"image\":{\"@id\":\"https:\/\/www.tape-design.com\/#\/schema\/logo\/image\/\"},\"sameAs\":[\"https:\/\/www.facebook.com\/tapedesigncom\/\",\"https:\/\/www.instagram.com\/tapedesign_socks\/?hl=de\"]}]}<\/script>","yoast_head_json":{"title":"Bundle: Allround Socks \"Classic\" + Shinguards 2.0 - TAPEDESIGN","robots":{"index":"index","follow":"follow","max-snippet":"max-snippet:-1","max-image-preview":"max-image-preview:large","max-video-preview":"max-video-preview:-1"},"canonical":"https:\/\/www.tape-design.com\/es\/producto\/bundle-allround-socks-classic-shinguards-2-0\/","og_locale":"es_ES","og_type":"article","og_title":"Bundle: Allround Socks \"Classic\" + Shinguards 2.0 - TAPEDESIGN","og_description":"\u2705 M\u00e1xima sujeci\u00f3n &amp; comodidad \u2013 ahora en pack: El set Tapedesign con Allround Socks Classic &amp; Shinguards 2.0 asegura un ajuste antideslizante en la zapatilla y una comodidad \u00f3ptima&hellip;","og_url":"https:\/\/www.tape-design.com\/es\/producto\/bundle-allround-socks-classic-shinguards-2-0\/","og_site_name":"TAPEDESIGN","article_publisher":"https:\/\/www.facebook.com\/tapedesigncom\/","article_modified_time":"2026-03-03T12:13:59+00:00","og_image":[{"width":1080,"height":1080,"url":"https:\/\/www.tape-design.com\/app\/uploads\/2025\/06\/2025_TD_PRODUCT_IMG_CLASSIC_BUNDLE_WHITE.jpg","type":"image\/jpeg"}],"twitter_card":"summary_large_image","twitter_misc":{"Tiempo de lectura":"1 minuto"},"schema":{"@context":"https:\/\/schema.org","@graph":[{"@type":"WebPage","@id":"https:\/\/www.tape-design.com\/es\/producto\/bundle-allround-socks-classic-shinguards-2-0\/","url":"https:\/\/www.tape-design.com\/es\/producto\/bundle-allround-socks-classic-shinguards-2-0\/","name":"Bundle: Allround Socks \"Classic\" + Shinguards 2.0 - TAPEDESIGN","isPartOf":{"@id":"https:\/\/www.tape-design.com\/#website"},"primaryImageOfPage":{"@id":"https:\/\/www.tape-design.com\/es\/producto\/bundle-allround-socks-classic-shinguards-2-0\/#primaryimage"},"image":{"@id":"https:\/\/www.tape-design.com\/es\/producto\/bundle-allround-socks-classic-shinguards-2-0\/#primaryimage"},"thumbnailUrl":"https:\/\/www.tape-design.com\/app\/uploads\/2025\/06\/2025_TD_PRODUCT_IMG_CLASSIC_BUNDLE_WHITE.jpg","datePublished":"2025-06-25T15:35:05+00:00","dateModified":"2026-03-03T12:13:59+00:00","breadcrumb":{"@id":"https:\/\/www.tape-design.com\/es\/producto\/bundle-allround-socks-classic-shinguards-2-0\/#breadcrumb"},"inLanguage":"es","potentialAction":[{"@type":"ReadAction","target":["https:\/\/www.tape-design.com\/es\/producto\/bundle-allround-socks-classic-shinguards-2-0\/"]}]},{"@type":"ImageObject","inLanguage":"es","@id":"https:\/\/www.tape-design.com\/es\/producto\/bundle-allround-socks-classic-shinguards-2-0\/#primaryimage","url":"https:\/\/www.tape-design.com\/app\/uploads\/2025\/06\/2025_TD_PRODUCT_IMG_CLASSIC_BUNDLE_WHITE.jpg","contentUrl":"https:\/\/www.tape-design.com\/app\/uploads\/2025\/06\/2025_TD_PRODUCT_IMG_CLASSIC_BUNDLE_WHITE.jpg","width":1080,"height":1080},{"@type":"BreadcrumbList","@id":"https:\/\/www.tape-design.com\/es\/producto\/bundle-allround-socks-classic-shinguards-2-0\/#breadcrumb","itemListElement":[{"@type":"ListItem","position":1,"name":"Home","item":"https:\/\/www.tape-design.com\/es\/"},{"@type":"ListItem","position":2,"name":"Shop","item":"https:\/\/www.tape-design.com\/es\/shop\/"},{"@type":"ListItem","position":3,"name":"Bundle: Allround Socks &#8220;Classic&#8221; + Shinguards 2.0"}]},{"@type":"WebSite","@id":"https:\/\/www.tape-design.com\/#website","url":"https:\/\/www.tape-design.com\/","name":"TAPEDESIGN","description":"Always a step ahead","publisher":{"@id":"https:\/\/www.tape-design.com\/#organization"},"potentialAction":[{"@type":"SearchAction","target":{"@type":"EntryPoint","urlTemplate":"https:\/\/www.tape-design.com\/?s={search_term_string}"},"query-input":{"@type":"PropertyValueSpecification","valueRequired":true,"valueName":"search_term_string"}}],"inLanguage":"es"},{"@type":"Organization","@id":"https:\/\/www.tape-design.com\/#organization","name":"TAPEDESIGN","url":"https:\/\/www.tape-design.com\/","logo":{"@type":"ImageObject","inLanguage":"es","@id":"https:\/\/www.tape-design.com\/#\/schema\/logo\/image\/","url":"https:\/\/www.tape-design.com\/app\/uploads\/2020\/11\/Logosmall.png","contentUrl":"https:\/\/www.tape-design.com\/app\/uploads\/2020\/11\/Logosmall.png","width":340,"height":156,"caption":"TAPEDESIGN"},"image":{"@id":"https:\/\/www.tape-design.com\/#\/schema\/logo\/image\/"},"sameAs":["https:\/\/www.facebook.com\/tapedesigncom\/","https:\/\/www.instagram.com\/tapedesign_socks\/?hl=de"]}]}},"_links":{"self":[{"href":"https:\/\/www.tape-design.com\/es\/wp-json\/wp\/v2\/product\/134902","targetHints":{"allow":["GET"]}}],"collection":[{"href":"https:\/\/www.tape-design.com\/es\/wp-json\/wp\/v2\/product"}],"about":[{"href":"https:\/\/www.tape-design.com\/es\/wp-json\/wp\/v2\/types\/product"}],"wp:featuredmedia":[{"embeddable":true,"href":"https:\/\/www.tape-design.com\/es\/wp-json\/wp\/v2\/media\/130327"}],"wp:attachment":[{"href":"https:\/\/www.tape-design.com\/es\/wp-json\/wp\/v2\/media?parent=134902"}],"wp:term":[{"taxonomy":"product_cat","embeddable":true,"href":"https:\/\/www.tape-design.com\/es\/wp-json\/wp\/v2\/product_cat?post=134902"},{"taxonomy":"product_tag","embeddable":true,"href":"https:\/\/www.tape-design.com\/es\/wp-json\/wp\/v2\/product_tag?post=134902"},{"taxonomy":"giftcard-category","embeddable":true,"href":"https:\/\/www.tape-design.com\/es\/wp-json\/wp\/v2\/giftcard-category?post=134902"}],"curies":[{"name":"wp","href":"https:\/\/api.w.org\/{rel}","templated":true}]}}