{"id":134908,"date":"2025-07-15T18:11:35","date_gmt":"2025-07-15T16:11:35","guid":{"rendered":"https:\/\/www.tape-design.com\/product\/bundle-classic-tubes-shinguards-2-0-black-edition\/"},"modified":"2026-02-24T09:31:10","modified_gmt":"2026-02-24T08:31:10","slug":"bundle-classic-tubes-shinguards-2-0-black-edition","status":"publish","type":"product","link":"https:\/\/www.tape-design.com\/es\/producto\/bundle-classic-tubes-shinguards-2-0-black-edition\/","title":{"rendered":"Bundle: Classic + Tubes + Shinguards 2.0 <small>(Black Edition)<\/small>"},"content":{"rendered":"<p data-start=\"8859\" data-end=\"9059\"><strong data-start=\"8859\" data-end=\"8886\">ALLROUND SOCKS CLASSIC:<\/strong><br data-start=\"8886\" data-end=\"8889\" \/>El calcet\u00edn especial antideslizante \u201cAllround Classic\u201d destaca por funcionalidad e innovaci\u00f3n. Tanto en deporte profesional como en ocio \u2013 \u00a1siempre un paso por delante!<\/p>\n<p data-start=\"9061\" data-end=\"9265\">Un calcet\u00edn vers\u00e1til que aporta m\u00e1s sujeci\u00f3n y sensaci\u00f3n en cualquier zapatilla. Gracias a su composici\u00f3n especial, resulta muy c\u00f3modo y extremadamente el\u00e1stico \u2013 adapt\u00e1ndose ergon\u00f3micamente a cada pie.<\/p>\n<ul>\n<li data-start=\"9269\" data-end=\"9345\">Talla \u00fanica (EU 37\u201348) gracias a material premium y procesamiento especial<\/li>\n<li data-start=\"9348\" data-end=\"9446\">Puntos de goma en el exterior en forma ergon\u00f3mica del pie para agarre perfecto dentro del zapato<\/li>\n<li data-start=\"9449\" data-end=\"9508\">M\u00e1xima comodidad gracias a la alta calidad de fabricaci\u00f3n<\/li>\n<li data-start=\"9511\" data-end=\"9637\">Probado y valorado por deportistas profesionales y amateurs en numerosos deportes (f\u00fatbol, tenis, balonmano, voleibol, etc.)<\/li>\n<li data-start=\"9640\" data-end=\"9732\">Usable en todos los deportes que requieren cambios de direcci\u00f3n y movimientos rotacionales<\/li>\n<\/ul>\n<p data-start=\"9734\" data-end=\"9762\"><strong data-start=\"9734\" data-end=\"9760\">\u00a1Siente la diferencia!<\/strong><\/p>\n<p data-start=\"9764\" data-end=\"9825\">Material: 55% Algod\u00f3n, 35% Nylon, 7% Elastano, 3% Poli\u00e9ster<\/p>\n<p data-start=\"9832\" data-end=\"10028\">\n<p data-start=\"9832\" data-end=\"10028\"><strong data-start=\"9832\" data-end=\"9855\">TAPEDESIGN \u2013 TUBES:<\/strong><br data-start=\"9855\" data-end=\"9858\" \/>Los \u201cTAPEDESIGN \u2013 Tubes\u201d destacan por funcionalidad e innovaci\u00f3n. Muy c\u00f3modos, son apreciados tanto por profesionales como por amateurs, y ofrecen una gran durabilidad.<\/p>\n<p data-start=\"10030\" data-end=\"10138\">Con los \u201cTAPEDESIGN \u2013 Tubes\u201d, entrenamientos y partidos ya no son un problema \u2013 siempre estar\u00e1s preparado.<\/p>\n<ul>\n<li data-start=\"10142\" data-end=\"10258\"><strong data-start=\"10142\" data-end=\"10162\">Ajuste perfecto:<\/strong> Corte especial y zonas flexibles en la pantorrilla que mantienen firmemente las espinilleras.<\/li>\n<li data-start=\"10261\" data-end=\"10321\"><strong data-start=\"10261\" data-end=\"10284\">Material funcional:<\/strong> Se adapta perfectamente a la piel.<\/li>\n<li data-start=\"10324\" data-end=\"10434\"><strong data-start=\"10324\" data-end=\"10353\">Regulaci\u00f3n de la humedad:<\/strong> El hilo ligero expulsa la humedad al exterior, garantizando mejor ventilaci\u00f3n.<\/li>\n<\/ul>\n<p data-start=\"10436\" data-end=\"10488\">Composici\u00f3n: 86% Poli\u00e9ster, 10% Nylon, 4% Elastano<\/p>\n<p data-start=\"10495\" data-end=\"10528\">\n<p data-start=\"10495\" data-end=\"10528\"><strong data-start=\"10495\" data-end=\"10526\">PERFORMANCE SHINGUARDS 2.0:<\/strong><\/p>\n<p data-start=\"10530\" data-end=\"10546\"><strong data-start=\"10530\" data-end=\"10544\">Contenido:<\/strong><\/p>\n<ul>\n<li data-start=\"10549\" data-end=\"10600\">1 par de \u201cTAPEDESIGN\u00ae Performance Shinguards 2.0\u201d<\/li>\n<li data-start=\"10603\" data-end=\"10627\">1x bolsa de transporte<\/li>\n<li data-start=\"10630\" data-end=\"10648\">1x instrucciones<\/li>\n<\/ul>\n<p data-start=\"10650\" data-end=\"10702\"><strong data-start=\"10650\" data-end=\"10662\">Acabado:<\/strong><br data-start=\"10662\" data-end=\"10665\" \/>Impresi\u00f3n UV directa (espinilleras)<\/p>\n<p data-start=\"10704\" data-end=\"10787\"><strong data-start=\"10704\" data-end=\"10712\">Uso:<\/strong><br data-start=\"10712\" data-end=\"10715\" \/>Las espinilleras se ablandan y se moldean con aire caliente (secador).<\/p>\n<ol>\n<li data-start=\"10791\" data-end=\"10861\">Colocar sobre una superficie lisa y limpia (papel o papel de horno).<\/li>\n<li data-start=\"10865\" data-end=\"10888\">Calentar 3\u20136 minutos.<\/li>\n<li data-start=\"10892\" data-end=\"10956\">Esperar 10\u201315 segundos y aplicar directamente en la espinilla.<\/li>\n<li data-start=\"10960\" data-end=\"11106\">Presionar suavemente para dar forma.<br data-start=\"10996\" data-end=\"10999\" \/>Tras aprox. 3 minutos, se endurecen tomando la forma de la espinilla y los m\u00fasculos. Repetir con la otra.<\/li>\n<\/ol>\n<p data-start=\"11108\" data-end=\"11239\"><strong data-start=\"11108\" data-end=\"11128\">Ajuste perfecto:<\/strong><br data-start=\"11128\" data-end=\"11131\" \/>Tras calentarlas, las espinilleras pueden adaptarse a casi cualquier forma \u2013 para un ajuste personalizado.<\/p>\n<p data-start=\"11241\" data-end=\"11265\"><strong data-start=\"11241\" data-end=\"11263\">Notas importantes:<\/strong><\/p>\n<ul>\n<li data-start=\"11268\" data-end=\"11320\">Guardar en lugar fresco y evitar exposici\u00f3n solar.<\/li>\n<li data-start=\"11323\" data-end=\"11382\">El mal uso puede da\u00f1ar el producto (sin responsabilidad).<\/li>\n<li data-start=\"11385\" data-end=\"11454\">Protecci\u00f3n limitada \u2013 ninguna espinillera evita todas las lesiones.<\/li>\n<li data-start=\"11457\" data-end=\"11508\">Si se modifica su forma, se reduce la protecci\u00f3n.<\/li>\n<li data-start=\"11511\" data-end=\"11583\">F\u00e1cil limpieza: lavar con agua y dejar secar para evitar malos olores.<\/li>\n<\/ul>\n","protected":false},"excerpt":{"rendered":"<p>ALLROUND SOCKS CLASSIC:El calcet\u00edn especial antideslizante \u201cAllround Classic\u201d destaca por funcionalidad e innovaci\u00f3n. Tanto en deporte profesional como en ocio \u2013 \u00a1siempre un paso por delante! Un calcet\u00edn vers\u00e1til que&hellip;<\/p>\n","protected":false},"featured_media":131327,"template":"","meta":{"_acf_changed":false},"product_cat":[2848],"product_tag":[],"giftcard-category":[],"class_list":{"0":"post-134908","1":"product","2":"type-product","3":"status-publish","4":"has-post-thumbnail","6":"product_cat-special-sets-es","8":"first","9":"instock","10":"sale","11":"virtual","12":"taxable","13":"purchasable","14":"product-type-bundle"},"bundled_by":[],"bundle_stock_status":"instock","bundle_stock_quantity":"","bundle_virtual":false,"bundle_layout":"default","bundle_add_to_cart_form_location":"default","bundle_editable_in_cart":false,"bundle_sold_individually_context":"product","bundle_item_grouping":"parent","bundle_min_size":"","bundle_max_size":"","bundle_price":{"price":{"min":{"incl_tax":"49.95","excl_tax":"41.625"},"max":{"incl_tax":"49.95","excl_tax":"41.625"}},"regular_price":{"min":{"incl_tax":"71.85","excl_tax":"59.875"},"max":{"incl_tax":"71.85","excl_tax":"59.875"}}},"bundled_items":[{"bundled_item_id":327,"product_id":15710,"menu_order":0,"quantity_min":1,"quantity_max":1,"quantity_default":1,"priced_individually":false,"shipped_individually":false,"override_title":false,"title":"Allround Socks Classic","override_description":false,"description":"Allround Socks Classic","optional":false,"hide_thumbnail":false,"discount":"","override_variations":false,"allowed_variations":[""],"override_default_variation_attributes":false,"default_variation_attributes":[],"single_product_visibility":"visible","cart_visibility":"visible","order_visibility":"visible","single_product_price_visibility":"visible","cart_price_visibility":"visible","order_price_visibility":"visible","stock_status":"in_stock"},{"bundled_item_id":328,"product_id":75119,"menu_order":1,"quantity_min":1,"quantity_max":1,"quantity_default":1,"priced_individually":false,"shipped_individually":false,"override_title":false,"title":"Tubes","override_description":false,"description":"Tubes","optional":false,"hide_thumbnail":false,"discount":"","override_variations":false,"allowed_variations":[""],"override_default_variation_attributes":false,"default_variation_attributes":[],"single_product_visibility":"visible","cart_visibility":"visible","order_visibility":"visible","single_product_price_visibility":"visible","cart_price_visibility":"visible","order_price_visibility":"visible","stock_status":"in_stock"},{"bundled_item_id":329,"product_id":97401,"menu_order":2,"quantity_min":1,"quantity_max":1,"quantity_default":1,"priced_individually":false,"shipped_individually":false,"override_title":false,"title":"Performance Shinguards 2.0 (Black Edition)","override_description":false,"description":"Performance Shinguards 2.0 (Black Edition)","optional":false,"hide_thumbnail":false,"discount":"","override_variations":false,"allowed_variations":[""],"override_default_variation_attributes":false,"default_variation_attributes":[],"single_product_visibility":"visible","cart_visibility":"visible","order_visibility":"visible","single_product_price_visibility":"visible","cart_price_visibility":"visible","order_price_visibility":"visible","stock_status":"in_stock"}],"bundle_sell_ids":[],"exclude_global_add_ons":[],"addons":[],"acf":[],"yoast_head":"<title>Bundle: Classic + Tubes + Shinguards 2.0 (Black Edition) - TAPEDESIGN<\/title>\n<meta name=\"robots\" content=\"index, follow, max-snippet:-1, max-image-preview:large, max-video-preview:-1\" \/>\n<link rel=\"canonical\" href=\"https:\/\/www.tape-design.com\/es\/producto\/bundle-classic-tubes-shinguards-2-0-black-edition\/\" \/>\n<meta property=\"og:locale\" content=\"es_ES\" \/>\n<meta property=\"og:type\" content=\"article\" \/>\n<meta property=\"og:title\" content=\"Bundle: Classic + Tubes + Shinguards 2.0 (Black Edition) - TAPEDESIGN\" \/>\n<meta property=\"og:description\" content=\"ALLROUND SOCKS CLASSIC:El calcet\u00edn especial antideslizante \u201cAllround Classic\u201d destaca por funcionalidad e innovaci\u00f3n. Tanto en deporte profesional como en ocio \u2013 \u00a1siempre un paso por delante! Un calcet\u00edn vers\u00e1til que&hellip;\" \/>\n<meta property=\"og:url\" content=\"https:\/\/www.tape-design.com\/es\/producto\/bundle-classic-tubes-shinguards-2-0-black-edition\/\" \/>\n<meta property=\"og:site_name\" content=\"TAPEDESIGN\" \/>\n<meta property=\"article:publisher\" content=\"https:\/\/www.facebook.com\/tapedesigncom\/\" \/>\n<meta property=\"article:modified_time\" content=\"2026-02-24T08:31:10+00:00\" \/>\n<meta property=\"og:image\" content=\"https:\/\/www.tape-design.com\/app\/uploads\/2025\/03\/2025_TD_CRM_BUNDLE_DEAL6_SHINGUARDS_BLACK.jpg\" \/>\n\t<meta property=\"og:image:width\" content=\"1080\" \/>\n\t<meta property=\"og:image:height\" content=\"1080\" \/>\n\t<meta property=\"og:image:type\" content=\"image\/jpeg\" \/>\n<meta name=\"twitter:card\" content=\"summary_large_image\" \/>\n<meta name=\"twitter:label1\" content=\"Tiempo de lectura\" \/>\n\t<meta name=\"twitter:data1\" content=\"2 minutos\" \/>\n<script type=\"application\/ld+json\" class=\"yoast-schema-graph\">{\"@context\":\"https:\/\/schema.org\",\"@graph\":[{\"@type\":\"WebPage\",\"@id\":\"https:\/\/www.tape-design.com\/es\/producto\/bundle-classic-tubes-shinguards-2-0-black-edition\/\",\"url\":\"https:\/\/www.tape-design.com\/es\/producto\/bundle-classic-tubes-shinguards-2-0-black-edition\/\",\"name\":\"Bundle: Classic + Tubes + Shinguards 2.0 (Black Edition) - TAPEDESIGN\",\"isPartOf\":{\"@id\":\"https:\/\/www.tape-design.com\/#website\"},\"primaryImageOfPage\":{\"@id\":\"https:\/\/www.tape-design.com\/es\/producto\/bundle-classic-tubes-shinguards-2-0-black-edition\/#primaryimage\"},\"image\":{\"@id\":\"https:\/\/www.tape-design.com\/es\/producto\/bundle-classic-tubes-shinguards-2-0-black-edition\/#primaryimage\"},\"thumbnailUrl\":\"https:\/\/www.tape-design.com\/app\/uploads\/2025\/03\/2025_TD_CRM_BUNDLE_DEAL6_SHINGUARDS_BLACK.jpg\",\"datePublished\":\"2025-07-15T16:11:35+00:00\",\"dateModified\":\"2026-02-24T08:31:10+00:00\",\"breadcrumb\":{\"@id\":\"https:\/\/www.tape-design.com\/es\/producto\/bundle-classic-tubes-shinguards-2-0-black-edition\/#breadcrumb\"},\"inLanguage\":\"es\",\"potentialAction\":[{\"@type\":\"ReadAction\",\"target\":[\"https:\/\/www.tape-design.com\/es\/producto\/bundle-classic-tubes-shinguards-2-0-black-edition\/\"]}]},{\"@type\":\"ImageObject\",\"inLanguage\":\"es\",\"@id\":\"https:\/\/www.tape-design.com\/es\/producto\/bundle-classic-tubes-shinguards-2-0-black-edition\/#primaryimage\",\"url\":\"https:\/\/www.tape-design.com\/app\/uploads\/2025\/03\/2025_TD_CRM_BUNDLE_DEAL6_SHINGUARDS_BLACK.jpg\",\"contentUrl\":\"https:\/\/www.tape-design.com\/app\/uploads\/2025\/03\/2025_TD_CRM_BUNDLE_DEAL6_SHINGUARDS_BLACK.jpg\",\"width\":1080,\"height\":1080},{\"@type\":\"BreadcrumbList\",\"@id\":\"https:\/\/www.tape-design.com\/es\/producto\/bundle-classic-tubes-shinguards-2-0-black-edition\/#breadcrumb\",\"itemListElement\":[{\"@type\":\"ListItem\",\"position\":1,\"name\":\"Home\",\"item\":\"https:\/\/www.tape-design.com\/es\/\"},{\"@type\":\"ListItem\",\"position\":2,\"name\":\"Shop\",\"item\":\"https:\/\/www.tape-design.com\/es\/shop\/\"},{\"@type\":\"ListItem\",\"position\":3,\"name\":\"Bundle: Classic + Tubes + Shinguards 2.0 (Black Edition)\"}]},{\"@type\":\"WebSite\",\"@id\":\"https:\/\/www.tape-design.com\/#website\",\"url\":\"https:\/\/www.tape-design.com\/\",\"name\":\"TAPEDESIGN\",\"description\":\"Always a step ahead\",\"publisher\":{\"@id\":\"https:\/\/www.tape-design.com\/#organization\"},\"potentialAction\":[{\"@type\":\"SearchAction\",\"target\":{\"@type\":\"EntryPoint\",\"urlTemplate\":\"https:\/\/www.tape-design.com\/?s={search_term_string}\"},\"query-input\":{\"@type\":\"PropertyValueSpecification\",\"valueRequired\":true,\"valueName\":\"search_term_string\"}}],\"inLanguage\":\"es\"},{\"@type\":\"Organization\",\"@id\":\"https:\/\/www.tape-design.com\/#organization\",\"name\":\"TAPEDESIGN\",\"url\":\"https:\/\/www.tape-design.com\/\",\"logo\":{\"@type\":\"ImageObject\",\"inLanguage\":\"es\",\"@id\":\"https:\/\/www.tape-design.com\/#\/schema\/logo\/image\/\",\"url\":\"https:\/\/www.tape-design.com\/app\/uploads\/2020\/11\/Logosmall.png\",\"contentUrl\":\"https:\/\/www.tape-design.com\/app\/uploads\/2020\/11\/Logosmall.png\",\"width\":340,\"height\":156,\"caption\":\"TAPEDESIGN\"},\"image\":{\"@id\":\"https:\/\/www.tape-design.com\/#\/schema\/logo\/image\/\"},\"sameAs\":[\"https:\/\/www.facebook.com\/tapedesigncom\/\",\"https:\/\/www.instagram.com\/tapedesign_socks\/?hl=de\"]}]}<\/script>","yoast_head_json":{"title":"Bundle: Classic + Tubes + Shinguards 2.0 (Black Edition) - TAPEDESIGN","robots":{"index":"index","follow":"follow","max-snippet":"max-snippet:-1","max-image-preview":"max-image-preview:large","max-video-preview":"max-video-preview:-1"},"canonical":"https:\/\/www.tape-design.com\/es\/producto\/bundle-classic-tubes-shinguards-2-0-black-edition\/","og_locale":"es_ES","og_type":"article","og_title":"Bundle: Classic + Tubes + Shinguards 2.0 (Black Edition) - TAPEDESIGN","og_description":"ALLROUND SOCKS CLASSIC:El calcet\u00edn especial antideslizante \u201cAllround Classic\u201d destaca por funcionalidad e innovaci\u00f3n. Tanto en deporte profesional como en ocio \u2013 \u00a1siempre un paso por delante! Un calcet\u00edn vers\u00e1til que&hellip;","og_url":"https:\/\/www.tape-design.com\/es\/producto\/bundle-classic-tubes-shinguards-2-0-black-edition\/","og_site_name":"TAPEDESIGN","article_publisher":"https:\/\/www.facebook.com\/tapedesigncom\/","article_modified_time":"2026-02-24T08:31:10+00:00","og_image":[{"width":1080,"height":1080,"url":"https:\/\/www.tape-design.com\/app\/uploads\/2025\/03\/2025_TD_CRM_BUNDLE_DEAL6_SHINGUARDS_BLACK.jpg","type":"image\/jpeg"}],"twitter_card":"summary_large_image","twitter_misc":{"Tiempo de lectura":"2 minutos"},"schema":{"@context":"https:\/\/schema.org","@graph":[{"@type":"WebPage","@id":"https:\/\/www.tape-design.com\/es\/producto\/bundle-classic-tubes-shinguards-2-0-black-edition\/","url":"https:\/\/www.tape-design.com\/es\/producto\/bundle-classic-tubes-shinguards-2-0-black-edition\/","name":"Bundle: Classic + Tubes + Shinguards 2.0 (Black Edition) - TAPEDESIGN","isPartOf":{"@id":"https:\/\/www.tape-design.com\/#website"},"primaryImageOfPage":{"@id":"https:\/\/www.tape-design.com\/es\/producto\/bundle-classic-tubes-shinguards-2-0-black-edition\/#primaryimage"},"image":{"@id":"https:\/\/www.tape-design.com\/es\/producto\/bundle-classic-tubes-shinguards-2-0-black-edition\/#primaryimage"},"thumbnailUrl":"https:\/\/www.tape-design.com\/app\/uploads\/2025\/03\/2025_TD_CRM_BUNDLE_DEAL6_SHINGUARDS_BLACK.jpg","datePublished":"2025-07-15T16:11:35+00:00","dateModified":"2026-02-24T08:31:10+00:00","breadcrumb":{"@id":"https:\/\/www.tape-design.com\/es\/producto\/bundle-classic-tubes-shinguards-2-0-black-edition\/#breadcrumb"},"inLanguage":"es","potentialAction":[{"@type":"ReadAction","target":["https:\/\/www.tape-design.com\/es\/producto\/bundle-classic-tubes-shinguards-2-0-black-edition\/"]}]},{"@type":"ImageObject","inLanguage":"es","@id":"https:\/\/www.tape-design.com\/es\/producto\/bundle-classic-tubes-shinguards-2-0-black-edition\/#primaryimage","url":"https:\/\/www.tape-design.com\/app\/uploads\/2025\/03\/2025_TD_CRM_BUNDLE_DEAL6_SHINGUARDS_BLACK.jpg","contentUrl":"https:\/\/www.tape-design.com\/app\/uploads\/2025\/03\/2025_TD_CRM_BUNDLE_DEAL6_SHINGUARDS_BLACK.jpg","width":1080,"height":1080},{"@type":"BreadcrumbList","@id":"https:\/\/www.tape-design.com\/es\/producto\/bundle-classic-tubes-shinguards-2-0-black-edition\/#breadcrumb","itemListElement":[{"@type":"ListItem","position":1,"name":"Home","item":"https:\/\/www.tape-design.com\/es\/"},{"@type":"ListItem","position":2,"name":"Shop","item":"https:\/\/www.tape-design.com\/es\/shop\/"},{"@type":"ListItem","position":3,"name":"Bundle: Classic + Tubes + Shinguards 2.0 (Black Edition)"}]},{"@type":"WebSite","@id":"https:\/\/www.tape-design.com\/#website","url":"https:\/\/www.tape-design.com\/","name":"TAPEDESIGN","description":"Always a step ahead","publisher":{"@id":"https:\/\/www.tape-design.com\/#organization"},"potentialAction":[{"@type":"SearchAction","target":{"@type":"EntryPoint","urlTemplate":"https:\/\/www.tape-design.com\/?s={search_term_string}"},"query-input":{"@type":"PropertyValueSpecification","valueRequired":true,"valueName":"search_term_string"}}],"inLanguage":"es"},{"@type":"Organization","@id":"https:\/\/www.tape-design.com\/#organization","name":"TAPEDESIGN","url":"https:\/\/www.tape-design.com\/","logo":{"@type":"ImageObject","inLanguage":"es","@id":"https:\/\/www.tape-design.com\/#\/schema\/logo\/image\/","url":"https:\/\/www.tape-design.com\/app\/uploads\/2020\/11\/Logosmall.png","contentUrl":"https:\/\/www.tape-design.com\/app\/uploads\/2020\/11\/Logosmall.png","width":340,"height":156,"caption":"TAPEDESIGN"},"image":{"@id":"https:\/\/www.tape-design.com\/#\/schema\/logo\/image\/"},"sameAs":["https:\/\/www.facebook.com\/tapedesigncom\/","https:\/\/www.instagram.com\/tapedesign_socks\/?hl=de"]}]}},"_links":{"self":[{"href":"https:\/\/www.tape-design.com\/es\/wp-json\/wp\/v2\/product\/134908","targetHints":{"allow":["GET"]}}],"collection":[{"href":"https:\/\/www.tape-design.com\/es\/wp-json\/wp\/v2\/product"}],"about":[{"href":"https:\/\/www.tape-design.com\/es\/wp-json\/wp\/v2\/types\/product"}],"wp:featuredmedia":[{"embeddable":true,"href":"https:\/\/www.tape-design.com\/es\/wp-json\/wp\/v2\/media\/131327"}],"wp:attachment":[{"href":"https:\/\/www.tape-design.com\/es\/wp-json\/wp\/v2\/media?parent=134908"}],"wp:term":[{"taxonomy":"product_cat","embeddable":true,"href":"https:\/\/www.tape-design.com\/es\/wp-json\/wp\/v2\/product_cat?post=134908"},{"taxonomy":"product_tag","embeddable":true,"href":"https:\/\/www.tape-design.com\/es\/wp-json\/wp\/v2\/product_tag?post=134908"},{"taxonomy":"giftcard-category","embeddable":true,"href":"https:\/\/www.tape-design.com\/es\/wp-json\/wp\/v2\/giftcard-category?post=134908"}],"curies":[{"name":"wp","href":"https:\/\/api.w.org\/{rel}","templated":true}]}}