{"id":134913,"date":"2025-07-15T18:04:48","date_gmt":"2025-07-15T16:04:48","guid":{"rendered":"https:\/\/www.tape-design.com\/product\/bundle-superlight-tubes-shinguards-2-0-black-edition\/"},"modified":"2026-02-24T09:31:22","modified_gmt":"2026-02-24T08:31:22","slug":"bundle-superlight-tubes-shinguards-2-0-black-edition","status":"publish","type":"product","link":"https:\/\/www.tape-design.com\/es\/producto\/bundle-superlight-tubes-shinguards-2-0-black-edition\/","title":{"rendered":"Bundle: Superlight + Tubes + Shinguards 2.0 <small>(Black Edition)<\/small>"},"content":{"rendered":"<p data-start=\"8813\" data-end=\"9048\"><strong data-start=\"8813\" data-end=\"8834\">SUPERLIGHT SOCKS:<\/strong><br data-start=\"8834\" data-end=\"8837\" \/>El nuevo calcet\u00edn TAPEDESIGN \u201cSUPERLIGHT\u201d destaca por su tejido ultrafino, lo que lo hace extremadamente ligero y muy c\u00f3modo de llevar. Tanto en deporte profesional como en ocio \u2013 \u00a1siempre un paso por delante!<\/p>\n<p data-start=\"9050\" data-end=\"9247\">Un calcet\u00edn especial que aporta m\u00e1s agarre y sensaci\u00f3n en cualquier zapatilla. Gracias a su composici\u00f3n especial, es muy c\u00f3modo y extremadamente el\u00e1stico \u2013 adapt\u00e1ndose ergon\u00f3micamente a cada pie.<\/p>\n<ul>\n<li data-start=\"9251\" data-end=\"9263\">Ultrafinos<\/li>\n<li data-start=\"9266\" data-end=\"9306\">Extraligeros, solo 26,5 g por calcet\u00edn<\/li>\n<li data-start=\"9309\" data-end=\"9377\">Talla \u00fanica (EU 37\u201348) gracias al material premium de alta calidad<\/li>\n<li data-start=\"9380\" data-end=\"9478\">Puntos de goma en el exterior en forma ergon\u00f3mica para un agarre perfecto dentro de la zapatilla<\/li>\n<li data-start=\"9481\" data-end=\"9535\">M\u00e1xima comodidad gracias a la fabricaci\u00f3n de calidad<\/li>\n<li data-start=\"9538\" data-end=\"9666\">Probados y valorados por deportistas profesionales y amateurs en m\u00faltiples deportes (f\u00fatbol, tenis, balonmano, voleibol, etc.)<\/li>\n<li data-start=\"9669\" data-end=\"9752\">Aptos para todos los deportes con cambios de direcci\u00f3n y movimientos rotacionales<\/li>\n<\/ul>\n<p data-start=\"9754\" data-end=\"9782\"><strong data-start=\"9754\" data-end=\"9780\">\u00a1Siente la diferencia!<\/strong><\/p>\n<p data-start=\"9784\" data-end=\"9845\">Material: 55% Algod\u00f3n, 35% Nylon, 7% Elastano, 3% Poli\u00e9ster<\/p>\n<p data-start=\"9852\" data-end=\"10044\">\n<p data-start=\"9852\" data-end=\"10044\"><strong data-start=\"9852\" data-end=\"9875\">TAPEDESIGN \u2013 TUBES:<\/strong><br data-start=\"9875\" data-end=\"9878\" \/>Los \u201cTAPEDESIGN \u2013 Tubes\u201d destacan por funcionalidad e innovaci\u00f3n. Muy c\u00f3modos, son apreciados tanto por profesionales como por amateurs, y ofrecen gran resistencia.<\/p>\n<p data-start=\"10046\" data-end=\"10154\">Con los \u201cTAPEDESIGN \u2013 Tubes\u201d, entrenamientos y partidos ya no son un problema \u2013 siempre estar\u00e1s preparado.<\/p>\n<ul>\n<li data-start=\"10158\" data-end=\"10274\"><strong data-start=\"10158\" data-end=\"10178\">Ajuste perfecto:<\/strong> Corte especial y zonas flexibles en la pantorrilla que mantienen firmemente las espinilleras.<\/li>\n<li data-start=\"10277\" data-end=\"10337\"><strong data-start=\"10277\" data-end=\"10300\">Material funcional:<\/strong> Se adapta perfectamente a la piel.<\/li>\n<li data-start=\"10340\" data-end=\"10450\"><strong data-start=\"10340\" data-end=\"10369\">Regulaci\u00f3n de la humedad:<\/strong> El hilo ligero expulsa la humedad hacia fuera, garantizando mejor ventilaci\u00f3n.<\/li>\n<\/ul>\n<p data-start=\"10452\" data-end=\"10504\">Composici\u00f3n: 86% Poli\u00e9ster, 10% Nylon, 4% Elastano<\/p>\n<p data-start=\"10511\" data-end=\"10560\">\n<p data-start=\"10511\" data-end=\"10560\"><strong data-start=\"10511\" data-end=\"10558\">PERFORMANCE SHINGUARDS 2.0 (Black Edition):<\/strong><\/p>\n<p data-start=\"10562\" data-end=\"10578\"><strong data-start=\"10562\" data-end=\"10576\">Contenido:<\/strong><\/p>\n<ul>\n<li data-start=\"10581\" data-end=\"10632\">1 par de \u201cTAPEDESIGN\u00ae Performance Shinguards 2.0\u201d<\/li>\n<li data-start=\"10635\" data-end=\"10663\">1x bolsa de almacenamiento<\/li>\n<li data-start=\"10666\" data-end=\"10684\">1x instrucciones<\/li>\n<\/ul>\n<p data-start=\"10686\" data-end=\"10738\"><strong data-start=\"10686\" data-end=\"10698\">Acabado:<\/strong><br data-start=\"10698\" data-end=\"10701\" \/>Impresi\u00f3n UV directa (espinilleras)<\/p>\n<p data-start=\"10740\" data-end=\"10823\"><strong data-start=\"10740\" data-end=\"10748\">Uso:<\/strong><br data-start=\"10748\" data-end=\"10751\" \/>Las espinilleras se ablandan y se moldean con aire caliente (secador).<\/p>\n<ol>\n<li data-start=\"10827\" data-end=\"10893\">Colocar sobre superficie lisa y limpia (papel o papel de horno).<\/li>\n<li data-start=\"10897\" data-end=\"10920\">Calentar 3\u20136 minutos.<\/li>\n<li data-start=\"10924\" data-end=\"10988\">Esperar 10\u201315 segundos y aplicar directamente en la espinilla.<\/li>\n<li data-start=\"10992\" data-end=\"11138\">Presionar suavemente para dar forma.<br data-start=\"11028\" data-end=\"11031\" \/>Tras aprox. 3 minutos, se endurecen tomando la forma de la espinilla y los m\u00fasculos. Repetir con la otra.<\/li>\n<\/ol>\n<p data-start=\"11140\" data-end=\"11271\"><strong data-start=\"11140\" data-end=\"11160\">Ajuste perfecto:<\/strong><br data-start=\"11160\" data-end=\"11163\" \/>Tras calentarlas, las espinilleras pueden adaptarse a casi cualquier forma \u2013 para un ajuste personalizado.<\/p>\n<p data-start=\"11273\" data-end=\"11297\"><strong data-start=\"11273\" data-end=\"11295\">Notas importantes:<\/strong><\/p>\n<ul>\n<li data-start=\"11300\" data-end=\"11349\">Guardar en lugar fresco, evitar el sol directo.<\/li>\n<li data-start=\"11352\" data-end=\"11411\">El mal uso puede da\u00f1ar el producto (sin responsabilidad).<\/li>\n<li data-start=\"11414\" data-end=\"11483\">Protecci\u00f3n limitada \u2013 ninguna espinillera evita todas las lesiones.<\/li>\n<li data-start=\"11486\" data-end=\"11529\">Si se modifican, su protecci\u00f3n se reduce.<\/li>\n<li data-start=\"11532\" data-end=\"11600\">F\u00e1cil limpieza: lavar con agua y secar para prevenir malos olores.<\/li>\n<\/ul>\n","protected":false},"excerpt":{"rendered":"<p>Ligeros como una pluma y totalmente protegidos: SUPERLIGHT Socks con SHINGUARDS 2.0 y TUBES \u2013 la combinaci\u00f3n perfecta para atletas de \u00e9lite.<\/p>\n","protected":false},"featured_media":131332,"template":"","meta":{"_acf_changed":false},"product_cat":[2848],"product_tag":[],"giftcard-category":[],"class_list":{"0":"post-134913","1":"product","2":"type-product","3":"status-publish","4":"has-post-thumbnail","6":"product_cat-special-sets-es","8":"first","9":"instock","10":"sale","11":"virtual","12":"taxable","13":"purchasable","14":"product-type-bundle"},"bundled_by":[],"bundle_stock_status":"instock","bundle_stock_quantity":"","bundle_virtual":false,"bundle_layout":"default","bundle_add_to_cart_form_location":"default","bundle_editable_in_cart":false,"bundle_sold_individually_context":"product","bundle_item_grouping":"parent","bundle_min_size":"","bundle_max_size":"","bundle_price":{"price":{"min":{"incl_tax":"49.95","excl_tax":"41.625"},"max":{"incl_tax":"49.95","excl_tax":"41.625"}},"regular_price":{"min":{"incl_tax":"66.85","excl_tax":"55.708333"},"max":{"incl_tax":"66.85","excl_tax":"55.708333"}}},"bundled_items":[{"bundled_item_id":339,"product_id":59124,"menu_order":0,"quantity_min":1,"quantity_max":1,"quantity_default":1,"priced_individually":false,"shipped_individually":false,"override_title":false,"title":"\u201eSUPERLIGHT\u201d Socks","override_description":false,"description":"\u201eSUPERLIGHT\u201d Socks","optional":false,"hide_thumbnail":false,"discount":"","override_variations":false,"allowed_variations":[""],"override_default_variation_attributes":false,"default_variation_attributes":[],"single_product_visibility":"visible","cart_visibility":"visible","order_visibility":"visible","single_product_price_visibility":"visible","cart_price_visibility":"visible","order_price_visibility":"visible","stock_status":"in_stock"},{"bundled_item_id":340,"product_id":75119,"menu_order":1,"quantity_min":1,"quantity_max":1,"quantity_default":1,"priced_individually":false,"shipped_individually":false,"override_title":false,"title":"Tubes","override_description":false,"description":"Tubes","optional":false,"hide_thumbnail":false,"discount":"","override_variations":false,"allowed_variations":[""],"override_default_variation_attributes":false,"default_variation_attributes":[],"single_product_visibility":"visible","cart_visibility":"visible","order_visibility":"visible","single_product_price_visibility":"visible","cart_price_visibility":"visible","order_price_visibility":"visible","stock_status":"in_stock"},{"bundled_item_id":341,"product_id":97401,"menu_order":2,"quantity_min":1,"quantity_max":1,"quantity_default":1,"priced_individually":false,"shipped_individually":false,"override_title":false,"title":"Performance Shinguards 2.0 (Black Edition)","override_description":false,"description":"Performance Shinguards 2.0 (Black Edition)","optional":false,"hide_thumbnail":false,"discount":"","override_variations":false,"allowed_variations":[""],"override_default_variation_attributes":false,"default_variation_attributes":[],"single_product_visibility":"visible","cart_visibility":"visible","order_visibility":"visible","single_product_price_visibility":"visible","cart_price_visibility":"visible","order_price_visibility":"visible","stock_status":"in_stock"}],"bundle_sell_ids":[],"exclude_global_add_ons":[],"addons":[],"acf":[],"yoast_head":"<title>Bundle: Superlight + Tubes + Shinguards 2.0 (Black Edition) - TAPEDESIGN<\/title>\n<meta name=\"robots\" content=\"index, follow, max-snippet:-1, max-image-preview:large, max-video-preview:-1\" \/>\n<link rel=\"canonical\" href=\"https:\/\/www.tape-design.com\/es\/producto\/bundle-superlight-tubes-shinguards-2-0-black-edition\/\" \/>\n<meta property=\"og:locale\" content=\"es_ES\" \/>\n<meta property=\"og:type\" content=\"article\" \/>\n<meta property=\"og:title\" content=\"Bundle: Superlight + Tubes + Shinguards 2.0 (Black Edition) - TAPEDESIGN\" \/>\n<meta property=\"og:description\" content=\"Ligeros como una pluma y totalmente protegidos: SUPERLIGHT Socks con SHINGUARDS 2.0 y TUBES \u2013 la combinaci\u00f3n perfecta para atletas de \u00e9lite.\" \/>\n<meta property=\"og:url\" content=\"https:\/\/www.tape-design.com\/es\/producto\/bundle-superlight-tubes-shinguards-2-0-black-edition\/\" \/>\n<meta property=\"og:site_name\" content=\"TAPEDESIGN\" \/>\n<meta property=\"article:publisher\" content=\"https:\/\/www.facebook.com\/tapedesigncom\/\" \/>\n<meta property=\"article:modified_time\" content=\"2026-02-24T08:31:22+00:00\" \/>\n<meta property=\"og:image\" content=\"https:\/\/www.tape-design.com\/app\/uploads\/2025\/03\/2025_TD_CRM_BUNDLE_DEAL5_SHINGUARDS_BLACK.jpg\" \/>\n\t<meta property=\"og:image:width\" content=\"1080\" \/>\n\t<meta property=\"og:image:height\" content=\"1080\" \/>\n\t<meta property=\"og:image:type\" content=\"image\/jpeg\" \/>\n<meta name=\"twitter:card\" content=\"summary_large_image\" \/>\n<meta name=\"twitter:label1\" content=\"Tiempo de lectura\" \/>\n\t<meta name=\"twitter:data1\" content=\"2 minutos\" \/>\n<script type=\"application\/ld+json\" class=\"yoast-schema-graph\">{\"@context\":\"https:\/\/schema.org\",\"@graph\":[{\"@type\":\"WebPage\",\"@id\":\"https:\/\/www.tape-design.com\/es\/producto\/bundle-superlight-tubes-shinguards-2-0-black-edition\/\",\"url\":\"https:\/\/www.tape-design.com\/es\/producto\/bundle-superlight-tubes-shinguards-2-0-black-edition\/\",\"name\":\"Bundle: Superlight + Tubes + Shinguards 2.0 (Black Edition) - TAPEDESIGN\",\"isPartOf\":{\"@id\":\"https:\/\/www.tape-design.com\/#website\"},\"primaryImageOfPage\":{\"@id\":\"https:\/\/www.tape-design.com\/es\/producto\/bundle-superlight-tubes-shinguards-2-0-black-edition\/#primaryimage\"},\"image\":{\"@id\":\"https:\/\/www.tape-design.com\/es\/producto\/bundle-superlight-tubes-shinguards-2-0-black-edition\/#primaryimage\"},\"thumbnailUrl\":\"https:\/\/www.tape-design.com\/app\/uploads\/2025\/03\/2025_TD_CRM_BUNDLE_DEAL5_SHINGUARDS_BLACK.jpg\",\"datePublished\":\"2025-07-15T16:04:48+00:00\",\"dateModified\":\"2026-02-24T08:31:22+00:00\",\"breadcrumb\":{\"@id\":\"https:\/\/www.tape-design.com\/es\/producto\/bundle-superlight-tubes-shinguards-2-0-black-edition\/#breadcrumb\"},\"inLanguage\":\"es\",\"potentialAction\":[{\"@type\":\"ReadAction\",\"target\":[\"https:\/\/www.tape-design.com\/es\/producto\/bundle-superlight-tubes-shinguards-2-0-black-edition\/\"]}]},{\"@type\":\"ImageObject\",\"inLanguage\":\"es\",\"@id\":\"https:\/\/www.tape-design.com\/es\/producto\/bundle-superlight-tubes-shinguards-2-0-black-edition\/#primaryimage\",\"url\":\"https:\/\/www.tape-design.com\/app\/uploads\/2025\/03\/2025_TD_CRM_BUNDLE_DEAL5_SHINGUARDS_BLACK.jpg\",\"contentUrl\":\"https:\/\/www.tape-design.com\/app\/uploads\/2025\/03\/2025_TD_CRM_BUNDLE_DEAL5_SHINGUARDS_BLACK.jpg\",\"width\":1080,\"height\":1080},{\"@type\":\"BreadcrumbList\",\"@id\":\"https:\/\/www.tape-design.com\/es\/producto\/bundle-superlight-tubes-shinguards-2-0-black-edition\/#breadcrumb\",\"itemListElement\":[{\"@type\":\"ListItem\",\"position\":1,\"name\":\"Home\",\"item\":\"https:\/\/www.tape-design.com\/es\/\"},{\"@type\":\"ListItem\",\"position\":2,\"name\":\"Shop\",\"item\":\"https:\/\/www.tape-design.com\/es\/shop\/\"},{\"@type\":\"ListItem\",\"position\":3,\"name\":\"Bundle: Superlight + Tubes + Shinguards 2.0 (Black Edition)\"}]},{\"@type\":\"WebSite\",\"@id\":\"https:\/\/www.tape-design.com\/#website\",\"url\":\"https:\/\/www.tape-design.com\/\",\"name\":\"TAPEDESIGN\",\"description\":\"Always a step ahead\",\"publisher\":{\"@id\":\"https:\/\/www.tape-design.com\/#organization\"},\"potentialAction\":[{\"@type\":\"SearchAction\",\"target\":{\"@type\":\"EntryPoint\",\"urlTemplate\":\"https:\/\/www.tape-design.com\/?s={search_term_string}\"},\"query-input\":{\"@type\":\"PropertyValueSpecification\",\"valueRequired\":true,\"valueName\":\"search_term_string\"}}],\"inLanguage\":\"es\"},{\"@type\":\"Organization\",\"@id\":\"https:\/\/www.tape-design.com\/#organization\",\"name\":\"TAPEDESIGN\",\"url\":\"https:\/\/www.tape-design.com\/\",\"logo\":{\"@type\":\"ImageObject\",\"inLanguage\":\"es\",\"@id\":\"https:\/\/www.tape-design.com\/#\/schema\/logo\/image\/\",\"url\":\"https:\/\/www.tape-design.com\/app\/uploads\/2020\/11\/Logosmall.png\",\"contentUrl\":\"https:\/\/www.tape-design.com\/app\/uploads\/2020\/11\/Logosmall.png\",\"width\":340,\"height\":156,\"caption\":\"TAPEDESIGN\"},\"image\":{\"@id\":\"https:\/\/www.tape-design.com\/#\/schema\/logo\/image\/\"},\"sameAs\":[\"https:\/\/www.facebook.com\/tapedesigncom\/\",\"https:\/\/www.instagram.com\/tapedesign_socks\/?hl=de\"]}]}<\/script>","yoast_head_json":{"title":"Bundle: Superlight + Tubes + Shinguards 2.0 (Black Edition) - TAPEDESIGN","robots":{"index":"index","follow":"follow","max-snippet":"max-snippet:-1","max-image-preview":"max-image-preview:large","max-video-preview":"max-video-preview:-1"},"canonical":"https:\/\/www.tape-design.com\/es\/producto\/bundle-superlight-tubes-shinguards-2-0-black-edition\/","og_locale":"es_ES","og_type":"article","og_title":"Bundle: Superlight + Tubes + Shinguards 2.0 (Black Edition) - TAPEDESIGN","og_description":"Ligeros como una pluma y totalmente protegidos: SUPERLIGHT Socks con SHINGUARDS 2.0 y TUBES \u2013 la combinaci\u00f3n perfecta para atletas de \u00e9lite.","og_url":"https:\/\/www.tape-design.com\/es\/producto\/bundle-superlight-tubes-shinguards-2-0-black-edition\/","og_site_name":"TAPEDESIGN","article_publisher":"https:\/\/www.facebook.com\/tapedesigncom\/","article_modified_time":"2026-02-24T08:31:22+00:00","og_image":[{"width":1080,"height":1080,"url":"https:\/\/www.tape-design.com\/app\/uploads\/2025\/03\/2025_TD_CRM_BUNDLE_DEAL5_SHINGUARDS_BLACK.jpg","type":"image\/jpeg"}],"twitter_card":"summary_large_image","twitter_misc":{"Tiempo de lectura":"2 minutos"},"schema":{"@context":"https:\/\/schema.org","@graph":[{"@type":"WebPage","@id":"https:\/\/www.tape-design.com\/es\/producto\/bundle-superlight-tubes-shinguards-2-0-black-edition\/","url":"https:\/\/www.tape-design.com\/es\/producto\/bundle-superlight-tubes-shinguards-2-0-black-edition\/","name":"Bundle: Superlight + Tubes + Shinguards 2.0 (Black Edition) - TAPEDESIGN","isPartOf":{"@id":"https:\/\/www.tape-design.com\/#website"},"primaryImageOfPage":{"@id":"https:\/\/www.tape-design.com\/es\/producto\/bundle-superlight-tubes-shinguards-2-0-black-edition\/#primaryimage"},"image":{"@id":"https:\/\/www.tape-design.com\/es\/producto\/bundle-superlight-tubes-shinguards-2-0-black-edition\/#primaryimage"},"thumbnailUrl":"https:\/\/www.tape-design.com\/app\/uploads\/2025\/03\/2025_TD_CRM_BUNDLE_DEAL5_SHINGUARDS_BLACK.jpg","datePublished":"2025-07-15T16:04:48+00:00","dateModified":"2026-02-24T08:31:22+00:00","breadcrumb":{"@id":"https:\/\/www.tape-design.com\/es\/producto\/bundle-superlight-tubes-shinguards-2-0-black-edition\/#breadcrumb"},"inLanguage":"es","potentialAction":[{"@type":"ReadAction","target":["https:\/\/www.tape-design.com\/es\/producto\/bundle-superlight-tubes-shinguards-2-0-black-edition\/"]}]},{"@type":"ImageObject","inLanguage":"es","@id":"https:\/\/www.tape-design.com\/es\/producto\/bundle-superlight-tubes-shinguards-2-0-black-edition\/#primaryimage","url":"https:\/\/www.tape-design.com\/app\/uploads\/2025\/03\/2025_TD_CRM_BUNDLE_DEAL5_SHINGUARDS_BLACK.jpg","contentUrl":"https:\/\/www.tape-design.com\/app\/uploads\/2025\/03\/2025_TD_CRM_BUNDLE_DEAL5_SHINGUARDS_BLACK.jpg","width":1080,"height":1080},{"@type":"BreadcrumbList","@id":"https:\/\/www.tape-design.com\/es\/producto\/bundle-superlight-tubes-shinguards-2-0-black-edition\/#breadcrumb","itemListElement":[{"@type":"ListItem","position":1,"name":"Home","item":"https:\/\/www.tape-design.com\/es\/"},{"@type":"ListItem","position":2,"name":"Shop","item":"https:\/\/www.tape-design.com\/es\/shop\/"},{"@type":"ListItem","position":3,"name":"Bundle: Superlight + Tubes + Shinguards 2.0 (Black Edition)"}]},{"@type":"WebSite","@id":"https:\/\/www.tape-design.com\/#website","url":"https:\/\/www.tape-design.com\/","name":"TAPEDESIGN","description":"Always a step ahead","publisher":{"@id":"https:\/\/www.tape-design.com\/#organization"},"potentialAction":[{"@type":"SearchAction","target":{"@type":"EntryPoint","urlTemplate":"https:\/\/www.tape-design.com\/?s={search_term_string}"},"query-input":{"@type":"PropertyValueSpecification","valueRequired":true,"valueName":"search_term_string"}}],"inLanguage":"es"},{"@type":"Organization","@id":"https:\/\/www.tape-design.com\/#organization","name":"TAPEDESIGN","url":"https:\/\/www.tape-design.com\/","logo":{"@type":"ImageObject","inLanguage":"es","@id":"https:\/\/www.tape-design.com\/#\/schema\/logo\/image\/","url":"https:\/\/www.tape-design.com\/app\/uploads\/2020\/11\/Logosmall.png","contentUrl":"https:\/\/www.tape-design.com\/app\/uploads\/2020\/11\/Logosmall.png","width":340,"height":156,"caption":"TAPEDESIGN"},"image":{"@id":"https:\/\/www.tape-design.com\/#\/schema\/logo\/image\/"},"sameAs":["https:\/\/www.facebook.com\/tapedesigncom\/","https:\/\/www.instagram.com\/tapedesign_socks\/?hl=de"]}]}},"_links":{"self":[{"href":"https:\/\/www.tape-design.com\/es\/wp-json\/wp\/v2\/product\/134913","targetHints":{"allow":["GET"]}}],"collection":[{"href":"https:\/\/www.tape-design.com\/es\/wp-json\/wp\/v2\/product"}],"about":[{"href":"https:\/\/www.tape-design.com\/es\/wp-json\/wp\/v2\/types\/product"}],"wp:featuredmedia":[{"embeddable":true,"href":"https:\/\/www.tape-design.com\/es\/wp-json\/wp\/v2\/media\/131332"}],"wp:attachment":[{"href":"https:\/\/www.tape-design.com\/es\/wp-json\/wp\/v2\/media?parent=134913"}],"wp:term":[{"taxonomy":"product_cat","embeddable":true,"href":"https:\/\/www.tape-design.com\/es\/wp-json\/wp\/v2\/product_cat?post=134913"},{"taxonomy":"product_tag","embeddable":true,"href":"https:\/\/www.tape-design.com\/es\/wp-json\/wp\/v2\/product_tag?post=134913"},{"taxonomy":"giftcard-category","embeddable":true,"href":"https:\/\/www.tape-design.com\/es\/wp-json\/wp\/v2\/giftcard-category?post=134913"}],"curies":[{"name":"wp","href":"https:\/\/api.w.org\/{rel}","templated":true}]}}