{"id":134923,"date":"2025-06-25T17:21:49","date_gmt":"2025-06-25T15:21:49","guid":{"rendered":"https:\/\/www.tape-design.com\/product\/double-pack-superlight-socks\/"},"modified":"2026-03-03T13:14:09","modified_gmt":"2026-03-03T12:14:09","slug":"double-pack-superlight-socks","status":"publish","type":"product","link":"https:\/\/www.tape-design.com\/es\/producto\/double-pack-superlight-socks\/","title":{"rendered":"Double Pack: \u201cSUPERLIGHT\u201d Socks"},"content":{"rendered":"<p data-start=\"3385\" data-end=\"3584\">El nuevo calcet\u00edn TAPEDESIGN \u201cSUPERLIGHT\u201d destaca por su tejido ultrafino \u2013 extremadamente ligero y muy c\u00f3modo de llevar.<br data-start=\"3506\" data-end=\"3509\" \/>Tanto en deporte profesional como en ocio \u2013 \u00a1siempre un paso por delante!<\/p>\n<p data-start=\"3586\" data-end=\"3796\">Un calcet\u00edn especial que ofrece m\u00e1s agarre y sensaci\u00f3n en cualquier zapatilla. Gracias a su composici\u00f3n \u00fanica, es muy c\u00f3modo y al mismo tiempo extremadamente el\u00e1stico \u2013 adapt\u00e1ndose ergon\u00f3micamente a cada pie.<\/p>\n<ul>\n<li data-start=\"3800\" data-end=\"3812\">Ultrafinos<\/li>\n<li data-start=\"3815\" data-end=\"3855\">Extraligeros, solo 26,5 g por calcet\u00edn<\/li>\n<li data-start=\"3858\" data-end=\"3926\">Talla \u00fanica (EU 37\u201348) gracias al material premium de alta calidad<\/li>\n<li data-start=\"3929\" data-end=\"4046\">Puntos de goma colocados en el exterior con forma ergon\u00f3mica del pie para un agarre perfecto dentro de la zapatilla<\/li>\n<li data-start=\"4049\" data-end=\"4103\">M\u00e1xima comodidad gracias a la fabricaci\u00f3n de calidad<\/li>\n<li data-start=\"4106\" data-end=\"4234\">Probados y valorados por deportistas profesionales y amateurs en m\u00faltiples deportes (f\u00fatbol, tenis, balonmano, voleibol, etc.)<\/li>\n<li data-start=\"4237\" data-end=\"4338\">Aptos para todos los deportes que requieren cambios r\u00e1pidos de direcci\u00f3n y movimientos rotacionales<\/li>\n<\/ul>\n<p data-start=\"4340\" data-end=\"4368\"><strong data-start=\"4340\" data-end=\"4366\">\u00a1Siente la diferencia!<\/strong><\/p>\n<p data-start=\"4370\" data-end=\"4431\">Material: 55% Algod\u00f3n, 35% Nylon, 7% Elastano, 3% Poli\u00e9ster<\/p>\n","protected":false},"excerpt":{"rendered":"<p>El nuevo calcet\u00edn TAPEDESIGN \u201cSUPERLIGHT\u201d destaca por su tejido ultrafino \u2013 extremadamente ligero y muy c\u00f3modo de llevar.Tanto en deporte profesional como en ocio \u2013 \u00a1siempre un paso por delante!&hellip;<\/p>\n","protected":false},"featured_media":130287,"template":"","meta":{"_acf_changed":false},"product_cat":[3098,1379,2848,1304],"product_tag":[],"giftcard-category":[],"class_list":{"0":"post-134923","1":"product","2":"type-product","3":"status-publish","4":"has-post-thumbnail","6":"product_cat-double-pack-es","7":"product_cat-socks-es","8":"product_cat-special-sets-es","9":"product_cat-todo","11":"first","12":"instock","13":"sale","14":"taxable","15":"shipping-taxable","16":"purchasable","17":"product-type-variable","18":"has-default-attributes"},"bundled_by":[],"bundle_stock_status":"instock","bundle_stock_quantity":-47,"bundle_virtual":false,"bundle_layout":"","bundle_add_to_cart_form_location":"","bundle_editable_in_cart":false,"bundle_sold_individually_context":"","bundle_item_grouping":"","bundle_min_size":"","bundle_max_size":"","bundle_price":[],"bundled_items":[],"bundle_sell_ids":[],"exclude_global_add_ons":[],"addons":[],"acf":[],"yoast_head":"<title>Double Pack: \u201cSUPERLIGHT\u201d Socks - TAPEDESIGN<\/title>\n<meta name=\"robots\" content=\"index, follow, max-snippet:-1, max-image-preview:large, max-video-preview:-1\" \/>\n<link rel=\"canonical\" href=\"https:\/\/www.tape-design.com\/es\/producto\/double-pack-superlight-socks\/\" \/>\n<meta property=\"og:locale\" content=\"es_ES\" \/>\n<meta property=\"og:type\" content=\"article\" \/>\n<meta property=\"og:title\" content=\"Double Pack: \u201cSUPERLIGHT\u201d Socks - TAPEDESIGN\" \/>\n<meta property=\"og:description\" content=\"El nuevo calcet\u00edn TAPEDESIGN \u201cSUPERLIGHT\u201d destaca por su tejido ultrafino \u2013 extremadamente ligero y muy c\u00f3modo de llevar.Tanto en deporte profesional como en ocio \u2013 \u00a1siempre un paso por delante!&hellip;\" \/>\n<meta property=\"og:url\" content=\"https:\/\/www.tape-design.com\/es\/producto\/double-pack-superlight-socks\/\" \/>\n<meta property=\"og:site_name\" content=\"TAPEDESIGN\" \/>\n<meta property=\"article:publisher\" content=\"https:\/\/www.facebook.com\/tapedesigncom\/\" \/>\n<meta property=\"article:modified_time\" content=\"2026-03-03T12:14:09+00:00\" \/>\n<meta property=\"og:image\" content=\"https:\/\/www.tape-design.com\/app\/uploads\/2025\/06\/2025_TD_PRODUCT_IMG_SUPERLIGHT_DOPPELPACK_WHITE.jpg\" \/>\n\t<meta property=\"og:image:width\" content=\"1080\" \/>\n\t<meta property=\"og:image:height\" content=\"1080\" \/>\n\t<meta property=\"og:image:type\" content=\"image\/jpeg\" \/>\n<meta name=\"twitter:card\" content=\"summary_large_image\" \/>\n<meta name=\"twitter:label1\" content=\"Tiempo de lectura\" \/>\n\t<meta name=\"twitter:data1\" content=\"1 minuto\" \/>\n<script type=\"application\/ld+json\" class=\"yoast-schema-graph\">{\"@context\":\"https:\/\/schema.org\",\"@graph\":[{\"@type\":\"WebPage\",\"@id\":\"https:\/\/www.tape-design.com\/es\/producto\/double-pack-superlight-socks\/\",\"url\":\"https:\/\/www.tape-design.com\/es\/producto\/double-pack-superlight-socks\/\",\"name\":\"Double Pack: \u201cSUPERLIGHT\u201d Socks - TAPEDESIGN\",\"isPartOf\":{\"@id\":\"https:\/\/www.tape-design.com\/#website\"},\"primaryImageOfPage\":{\"@id\":\"https:\/\/www.tape-design.com\/es\/producto\/double-pack-superlight-socks\/#primaryimage\"},\"image\":{\"@id\":\"https:\/\/www.tape-design.com\/es\/producto\/double-pack-superlight-socks\/#primaryimage\"},\"thumbnailUrl\":\"https:\/\/www.tape-design.com\/app\/uploads\/2025\/06\/2025_TD_PRODUCT_IMG_SUPERLIGHT_DOPPELPACK_WHITE.jpg\",\"datePublished\":\"2025-06-25T15:21:49+00:00\",\"dateModified\":\"2026-03-03T12:14:09+00:00\",\"breadcrumb\":{\"@id\":\"https:\/\/www.tape-design.com\/es\/producto\/double-pack-superlight-socks\/#breadcrumb\"},\"inLanguage\":\"es\",\"potentialAction\":[{\"@type\":\"ReadAction\",\"target\":[\"https:\/\/www.tape-design.com\/es\/producto\/double-pack-superlight-socks\/\"]}]},{\"@type\":\"ImageObject\",\"inLanguage\":\"es\",\"@id\":\"https:\/\/www.tape-design.com\/es\/producto\/double-pack-superlight-socks\/#primaryimage\",\"url\":\"https:\/\/www.tape-design.com\/app\/uploads\/2025\/06\/2025_TD_PRODUCT_IMG_SUPERLIGHT_DOPPELPACK_WHITE.jpg\",\"contentUrl\":\"https:\/\/www.tape-design.com\/app\/uploads\/2025\/06\/2025_TD_PRODUCT_IMG_SUPERLIGHT_DOPPELPACK_WHITE.jpg\",\"width\":1080,\"height\":1080},{\"@type\":\"BreadcrumbList\",\"@id\":\"https:\/\/www.tape-design.com\/es\/producto\/double-pack-superlight-socks\/#breadcrumb\",\"itemListElement\":[{\"@type\":\"ListItem\",\"position\":1,\"name\":\"Home\",\"item\":\"https:\/\/www.tape-design.com\/es\/\"},{\"@type\":\"ListItem\",\"position\":2,\"name\":\"Shop\",\"item\":\"https:\/\/www.tape-design.com\/es\/shop\/\"},{\"@type\":\"ListItem\",\"position\":3,\"name\":\"Double Pack: \u201cSUPERLIGHT\u201d Socks\"}]},{\"@type\":\"WebSite\",\"@id\":\"https:\/\/www.tape-design.com\/#website\",\"url\":\"https:\/\/www.tape-design.com\/\",\"name\":\"TAPEDESIGN\",\"description\":\"Always a step ahead\",\"publisher\":{\"@id\":\"https:\/\/www.tape-design.com\/#organization\"},\"potentialAction\":[{\"@type\":\"SearchAction\",\"target\":{\"@type\":\"EntryPoint\",\"urlTemplate\":\"https:\/\/www.tape-design.com\/?s={search_term_string}\"},\"query-input\":{\"@type\":\"PropertyValueSpecification\",\"valueRequired\":true,\"valueName\":\"search_term_string\"}}],\"inLanguage\":\"es\"},{\"@type\":\"Organization\",\"@id\":\"https:\/\/www.tape-design.com\/#organization\",\"name\":\"TAPEDESIGN\",\"url\":\"https:\/\/www.tape-design.com\/\",\"logo\":{\"@type\":\"ImageObject\",\"inLanguage\":\"es\",\"@id\":\"https:\/\/www.tape-design.com\/#\/schema\/logo\/image\/\",\"url\":\"https:\/\/www.tape-design.com\/app\/uploads\/2020\/11\/Logosmall.png\",\"contentUrl\":\"https:\/\/www.tape-design.com\/app\/uploads\/2020\/11\/Logosmall.png\",\"width\":340,\"height\":156,\"caption\":\"TAPEDESIGN\"},\"image\":{\"@id\":\"https:\/\/www.tape-design.com\/#\/schema\/logo\/image\/\"},\"sameAs\":[\"https:\/\/www.facebook.com\/tapedesigncom\/\",\"https:\/\/www.instagram.com\/tapedesign_socks\/?hl=de\"]}]}<\/script>","yoast_head_json":{"title":"Double Pack: \u201cSUPERLIGHT\u201d Socks - TAPEDESIGN","robots":{"index":"index","follow":"follow","max-snippet":"max-snippet:-1","max-image-preview":"max-image-preview:large","max-video-preview":"max-video-preview:-1"},"canonical":"https:\/\/www.tape-design.com\/es\/producto\/double-pack-superlight-socks\/","og_locale":"es_ES","og_type":"article","og_title":"Double Pack: \u201cSUPERLIGHT\u201d Socks - TAPEDESIGN","og_description":"El nuevo calcet\u00edn TAPEDESIGN \u201cSUPERLIGHT\u201d destaca por su tejido ultrafino \u2013 extremadamente ligero y muy c\u00f3modo de llevar.Tanto en deporte profesional como en ocio \u2013 \u00a1siempre un paso por delante!&hellip;","og_url":"https:\/\/www.tape-design.com\/es\/producto\/double-pack-superlight-socks\/","og_site_name":"TAPEDESIGN","article_publisher":"https:\/\/www.facebook.com\/tapedesigncom\/","article_modified_time":"2026-03-03T12:14:09+00:00","og_image":[{"width":1080,"height":1080,"url":"https:\/\/www.tape-design.com\/app\/uploads\/2025\/06\/2025_TD_PRODUCT_IMG_SUPERLIGHT_DOPPELPACK_WHITE.jpg","type":"image\/jpeg"}],"twitter_card":"summary_large_image","twitter_misc":{"Tiempo de lectura":"1 minuto"},"schema":{"@context":"https:\/\/schema.org","@graph":[{"@type":"WebPage","@id":"https:\/\/www.tape-design.com\/es\/producto\/double-pack-superlight-socks\/","url":"https:\/\/www.tape-design.com\/es\/producto\/double-pack-superlight-socks\/","name":"Double Pack: \u201cSUPERLIGHT\u201d Socks - TAPEDESIGN","isPartOf":{"@id":"https:\/\/www.tape-design.com\/#website"},"primaryImageOfPage":{"@id":"https:\/\/www.tape-design.com\/es\/producto\/double-pack-superlight-socks\/#primaryimage"},"image":{"@id":"https:\/\/www.tape-design.com\/es\/producto\/double-pack-superlight-socks\/#primaryimage"},"thumbnailUrl":"https:\/\/www.tape-design.com\/app\/uploads\/2025\/06\/2025_TD_PRODUCT_IMG_SUPERLIGHT_DOPPELPACK_WHITE.jpg","datePublished":"2025-06-25T15:21:49+00:00","dateModified":"2026-03-03T12:14:09+00:00","breadcrumb":{"@id":"https:\/\/www.tape-design.com\/es\/producto\/double-pack-superlight-socks\/#breadcrumb"},"inLanguage":"es","potentialAction":[{"@type":"ReadAction","target":["https:\/\/www.tape-design.com\/es\/producto\/double-pack-superlight-socks\/"]}]},{"@type":"ImageObject","inLanguage":"es","@id":"https:\/\/www.tape-design.com\/es\/producto\/double-pack-superlight-socks\/#primaryimage","url":"https:\/\/www.tape-design.com\/app\/uploads\/2025\/06\/2025_TD_PRODUCT_IMG_SUPERLIGHT_DOPPELPACK_WHITE.jpg","contentUrl":"https:\/\/www.tape-design.com\/app\/uploads\/2025\/06\/2025_TD_PRODUCT_IMG_SUPERLIGHT_DOPPELPACK_WHITE.jpg","width":1080,"height":1080},{"@type":"BreadcrumbList","@id":"https:\/\/www.tape-design.com\/es\/producto\/double-pack-superlight-socks\/#breadcrumb","itemListElement":[{"@type":"ListItem","position":1,"name":"Home","item":"https:\/\/www.tape-design.com\/es\/"},{"@type":"ListItem","position":2,"name":"Shop","item":"https:\/\/www.tape-design.com\/es\/shop\/"},{"@type":"ListItem","position":3,"name":"Double Pack: \u201cSUPERLIGHT\u201d Socks"}]},{"@type":"WebSite","@id":"https:\/\/www.tape-design.com\/#website","url":"https:\/\/www.tape-design.com\/","name":"TAPEDESIGN","description":"Always a step ahead","publisher":{"@id":"https:\/\/www.tape-design.com\/#organization"},"potentialAction":[{"@type":"SearchAction","target":{"@type":"EntryPoint","urlTemplate":"https:\/\/www.tape-design.com\/?s={search_term_string}"},"query-input":{"@type":"PropertyValueSpecification","valueRequired":true,"valueName":"search_term_string"}}],"inLanguage":"es"},{"@type":"Organization","@id":"https:\/\/www.tape-design.com\/#organization","name":"TAPEDESIGN","url":"https:\/\/www.tape-design.com\/","logo":{"@type":"ImageObject","inLanguage":"es","@id":"https:\/\/www.tape-design.com\/#\/schema\/logo\/image\/","url":"https:\/\/www.tape-design.com\/app\/uploads\/2020\/11\/Logosmall.png","contentUrl":"https:\/\/www.tape-design.com\/app\/uploads\/2020\/11\/Logosmall.png","width":340,"height":156,"caption":"TAPEDESIGN"},"image":{"@id":"https:\/\/www.tape-design.com\/#\/schema\/logo\/image\/"},"sameAs":["https:\/\/www.facebook.com\/tapedesigncom\/","https:\/\/www.instagram.com\/tapedesign_socks\/?hl=de"]}]}},"_links":{"self":[{"href":"https:\/\/www.tape-design.com\/es\/wp-json\/wp\/v2\/product\/134923","targetHints":{"allow":["GET"]}}],"collection":[{"href":"https:\/\/www.tape-design.com\/es\/wp-json\/wp\/v2\/product"}],"about":[{"href":"https:\/\/www.tape-design.com\/es\/wp-json\/wp\/v2\/types\/product"}],"wp:featuredmedia":[{"embeddable":true,"href":"https:\/\/www.tape-design.com\/es\/wp-json\/wp\/v2\/media\/130287"}],"wp:attachment":[{"href":"https:\/\/www.tape-design.com\/es\/wp-json\/wp\/v2\/media?parent=134923"}],"wp:term":[{"taxonomy":"product_cat","embeddable":true,"href":"https:\/\/www.tape-design.com\/es\/wp-json\/wp\/v2\/product_cat?post=134923"},{"taxonomy":"product_tag","embeddable":true,"href":"https:\/\/www.tape-design.com\/es\/wp-json\/wp\/v2\/product_tag?post=134923"},{"taxonomy":"giftcard-category","embeddable":true,"href":"https:\/\/www.tape-design.com\/es\/wp-json\/wp\/v2\/giftcard-category?post=134923"}],"curies":[{"name":"wp","href":"https:\/\/api.w.org\/{rel}","templated":true}]}}