{"id":134953,"date":"2025-06-25T17:16:56","date_gmt":"2025-06-25T15:16:56","guid":{"rendered":"https:\/\/www.tape-design.com\/product\/double-pack-allround-socks-classic\/"},"modified":"2026-02-05T14:09:08","modified_gmt":"2026-02-05T13:09:08","slug":"double-pack-allround-socks-classic","status":"publish","type":"product","link":"https:\/\/www.tape-design.com\/es\/producto\/double-pack-allround-socks-classic\/","title":{"rendered":"Double Pack: Allround Socks \u201cClassic\u201d"},"content":{"rendered":"<p data-start=\"3291\" data-end=\"3461\">El calcet\u00edn especial antideslizante \u201cAllround Classic\u201d destaca por funcionalidad e innovaci\u00f3n. Tanto en deporte profesional como en ocio \u2013 \u00a1siempre un paso por delante!<\/p>\n<p data-start=\"3463\" data-end=\"3662\">Un calcet\u00edn vers\u00e1til que aporta m\u00e1s sujeci\u00f3n y sensaci\u00f3n en cualquier zapatilla. Gracias a su composici\u00f3n especial, es muy c\u00f3modo y extremadamente el\u00e1stico \u2013 adapt\u00e1ndose ergon\u00f3micamente a cada pie.<\/p>\n<ul>\n<li data-start=\"3666\" data-end=\"3738\"><strong data-start=\"3666\" data-end=\"3692\">Talla \u00fanica (EU 37\u201348)<\/strong> gracias al material premium de alta calidad<\/li>\n<li data-start=\"3741\" data-end=\"3857\">Puntos de goma colocados en el exterior en forma ergon\u00f3mica del pie para un agarre perfecto dentro de la zapatilla<\/li>\n<li data-start=\"3860\" data-end=\"3914\">M\u00e1xima comodidad gracias a la fabricaci\u00f3n de calidad<\/li>\n<li data-start=\"3917\" data-end=\"4045\">Probados y valorados por deportistas profesionales y amateurs en numerosos deportes (f\u00fatbol, tenis, balonmano, voleibol, etc.)<\/li>\n<li data-start=\"4048\" data-end=\"4149\">Aptos para todos los deportes que requieren cambios r\u00e1pidos de direcci\u00f3n y movimientos rotacionales<\/li>\n<\/ul>\n<p data-start=\"4151\" data-end=\"4179\"><strong data-start=\"4151\" data-end=\"4177\">\u00a1Siente la diferencia!<\/strong><\/p>\n<p data-start=\"4181\" data-end=\"4242\">Material: 55% Algod\u00f3n, 35% Nylon, 7% Elastano, 3% Poli\u00e9ster<\/p>\n","protected":false},"excerpt":{"rendered":"<p>El calcet\u00edn especial antideslizante \u201cAllround Classic\u201d destaca por funcionalidad e innovaci\u00f3n. Tanto en deporte profesional como en ocio \u2013 \u00a1siempre un paso por delante! Un calcet\u00edn vers\u00e1til que aporta m\u00e1s&hellip;<\/p>\n","protected":false},"featured_media":130297,"template":"","meta":{"_acf_changed":false},"product_cat":[3098,1379,2848,1304],"product_tag":[],"giftcard-category":[],"class_list":{"0":"post-134953","1":"product","2":"type-product","3":"status-publish","4":"has-post-thumbnail","6":"product_cat-double-pack-es","7":"product_cat-socks-es","8":"product_cat-special-sets-es","9":"product_cat-todo","11":"first","12":"instock","13":"sale","14":"taxable","15":"shipping-taxable","16":"purchasable","17":"product-type-variable","18":"has-default-attributes"},"bundled_by":[],"bundle_stock_status":"instock","bundle_stock_quantity":0,"bundle_virtual":false,"bundle_layout":"","bundle_add_to_cart_form_location":"","bundle_editable_in_cart":false,"bundle_sold_individually_context":"","bundle_item_grouping":"","bundle_min_size":"","bundle_max_size":"","bundle_price":[],"bundled_items":[],"bundle_sell_ids":[],"exclude_global_add_ons":[],"addons":[],"acf":[],"yoast_head":"<title>Double Pack: Allround Socks \u201cClassic\u201d - TAPEDESIGN<\/title>\n<meta name=\"robots\" content=\"index, follow, max-snippet:-1, max-image-preview:large, max-video-preview:-1\" \/>\n<link rel=\"canonical\" href=\"https:\/\/www.tape-design.com\/es\/producto\/double-pack-allround-socks-classic\/\" \/>\n<meta property=\"og:locale\" content=\"es_ES\" \/>\n<meta property=\"og:type\" content=\"article\" \/>\n<meta property=\"og:title\" content=\"Double Pack: Allround Socks \u201cClassic\u201d - TAPEDESIGN\" \/>\n<meta property=\"og:description\" content=\"El calcet\u00edn especial antideslizante \u201cAllround Classic\u201d destaca por funcionalidad e innovaci\u00f3n. Tanto en deporte profesional como en ocio \u2013 \u00a1siempre un paso por delante! Un calcet\u00edn vers\u00e1til que aporta m\u00e1s&hellip;\" \/>\n<meta property=\"og:url\" content=\"https:\/\/www.tape-design.com\/es\/producto\/double-pack-allround-socks-classic\/\" \/>\n<meta property=\"og:site_name\" content=\"TAPEDESIGN\" \/>\n<meta property=\"article:publisher\" content=\"https:\/\/www.facebook.com\/tapedesigncom\/\" \/>\n<meta property=\"article:modified_time\" content=\"2026-02-05T13:09:08+00:00\" \/>\n<meta property=\"og:image\" content=\"https:\/\/www.tape-design.com\/app\/uploads\/2025\/06\/2025_TD_PRODUCT_IMG_CLASSIC_DOPPELPACK_WHITE.jpg\" \/>\n\t<meta property=\"og:image:width\" content=\"1080\" \/>\n\t<meta property=\"og:image:height\" content=\"1080\" \/>\n\t<meta property=\"og:image:type\" content=\"image\/jpeg\" \/>\n<meta name=\"twitter:card\" content=\"summary_large_image\" \/>\n<meta name=\"twitter:label1\" content=\"Tiempo de lectura\" \/>\n\t<meta name=\"twitter:data1\" content=\"1 minuto\" \/>\n<script type=\"application\/ld+json\" class=\"yoast-schema-graph\">{\"@context\":\"https:\/\/schema.org\",\"@graph\":[{\"@type\":\"WebPage\",\"@id\":\"https:\/\/www.tape-design.com\/es\/producto\/double-pack-allround-socks-classic\/\",\"url\":\"https:\/\/www.tape-design.com\/es\/producto\/double-pack-allround-socks-classic\/\",\"name\":\"Double Pack: Allround Socks \u201cClassic\u201d - TAPEDESIGN\",\"isPartOf\":{\"@id\":\"https:\/\/www.tape-design.com\/#website\"},\"primaryImageOfPage\":{\"@id\":\"https:\/\/www.tape-design.com\/es\/producto\/double-pack-allround-socks-classic\/#primaryimage\"},\"image\":{\"@id\":\"https:\/\/www.tape-design.com\/es\/producto\/double-pack-allround-socks-classic\/#primaryimage\"},\"thumbnailUrl\":\"https:\/\/www.tape-design.com\/app\/uploads\/2025\/06\/2025_TD_PRODUCT_IMG_CLASSIC_DOPPELPACK_WHITE.jpg\",\"datePublished\":\"2025-06-25T15:16:56+00:00\",\"dateModified\":\"2026-02-05T13:09:08+00:00\",\"breadcrumb\":{\"@id\":\"https:\/\/www.tape-design.com\/es\/producto\/double-pack-allround-socks-classic\/#breadcrumb\"},\"inLanguage\":\"es\",\"potentialAction\":[{\"@type\":\"ReadAction\",\"target\":[\"https:\/\/www.tape-design.com\/es\/producto\/double-pack-allround-socks-classic\/\"]}]},{\"@type\":\"ImageObject\",\"inLanguage\":\"es\",\"@id\":\"https:\/\/www.tape-design.com\/es\/producto\/double-pack-allround-socks-classic\/#primaryimage\",\"url\":\"https:\/\/www.tape-design.com\/app\/uploads\/2025\/06\/2025_TD_PRODUCT_IMG_CLASSIC_DOPPELPACK_WHITE.jpg\",\"contentUrl\":\"https:\/\/www.tape-design.com\/app\/uploads\/2025\/06\/2025_TD_PRODUCT_IMG_CLASSIC_DOPPELPACK_WHITE.jpg\",\"width\":1080,\"height\":1080},{\"@type\":\"BreadcrumbList\",\"@id\":\"https:\/\/www.tape-design.com\/es\/producto\/double-pack-allround-socks-classic\/#breadcrumb\",\"itemListElement\":[{\"@type\":\"ListItem\",\"position\":1,\"name\":\"Home\",\"item\":\"https:\/\/www.tape-design.com\/es\/\"},{\"@type\":\"ListItem\",\"position\":2,\"name\":\"Shop\",\"item\":\"https:\/\/www.tape-design.com\/es\/shop\/\"},{\"@type\":\"ListItem\",\"position\":3,\"name\":\"Double Pack: Allround Socks \u201cClassic\u201d\"}]},{\"@type\":\"WebSite\",\"@id\":\"https:\/\/www.tape-design.com\/#website\",\"url\":\"https:\/\/www.tape-design.com\/\",\"name\":\"TAPEDESIGN\",\"description\":\"Always a step ahead\",\"publisher\":{\"@id\":\"https:\/\/www.tape-design.com\/#organization\"},\"potentialAction\":[{\"@type\":\"SearchAction\",\"target\":{\"@type\":\"EntryPoint\",\"urlTemplate\":\"https:\/\/www.tape-design.com\/?s={search_term_string}\"},\"query-input\":{\"@type\":\"PropertyValueSpecification\",\"valueRequired\":true,\"valueName\":\"search_term_string\"}}],\"inLanguage\":\"es\"},{\"@type\":\"Organization\",\"@id\":\"https:\/\/www.tape-design.com\/#organization\",\"name\":\"TAPEDESIGN\",\"url\":\"https:\/\/www.tape-design.com\/\",\"logo\":{\"@type\":\"ImageObject\",\"inLanguage\":\"es\",\"@id\":\"https:\/\/www.tape-design.com\/#\/schema\/logo\/image\/\",\"url\":\"https:\/\/www.tape-design.com\/app\/uploads\/2020\/11\/Logosmall.png\",\"contentUrl\":\"https:\/\/www.tape-design.com\/app\/uploads\/2020\/11\/Logosmall.png\",\"width\":340,\"height\":156,\"caption\":\"TAPEDESIGN\"},\"image\":{\"@id\":\"https:\/\/www.tape-design.com\/#\/schema\/logo\/image\/\"},\"sameAs\":[\"https:\/\/www.facebook.com\/tapedesigncom\/\",\"https:\/\/www.instagram.com\/tapedesign_socks\/?hl=de\"]}]}<\/script>","yoast_head_json":{"title":"Double Pack: Allround Socks \u201cClassic\u201d - TAPEDESIGN","robots":{"index":"index","follow":"follow","max-snippet":"max-snippet:-1","max-image-preview":"max-image-preview:large","max-video-preview":"max-video-preview:-1"},"canonical":"https:\/\/www.tape-design.com\/es\/producto\/double-pack-allround-socks-classic\/","og_locale":"es_ES","og_type":"article","og_title":"Double Pack: Allround Socks \u201cClassic\u201d - TAPEDESIGN","og_description":"El calcet\u00edn especial antideslizante \u201cAllround Classic\u201d destaca por funcionalidad e innovaci\u00f3n. Tanto en deporte profesional como en ocio \u2013 \u00a1siempre un paso por delante! Un calcet\u00edn vers\u00e1til que aporta m\u00e1s&hellip;","og_url":"https:\/\/www.tape-design.com\/es\/producto\/double-pack-allround-socks-classic\/","og_site_name":"TAPEDESIGN","article_publisher":"https:\/\/www.facebook.com\/tapedesigncom\/","article_modified_time":"2026-02-05T13:09:08+00:00","og_image":[{"width":1080,"height":1080,"url":"https:\/\/www.tape-design.com\/app\/uploads\/2025\/06\/2025_TD_PRODUCT_IMG_CLASSIC_DOPPELPACK_WHITE.jpg","type":"image\/jpeg"}],"twitter_card":"summary_large_image","twitter_misc":{"Tiempo de lectura":"1 minuto"},"schema":{"@context":"https:\/\/schema.org","@graph":[{"@type":"WebPage","@id":"https:\/\/www.tape-design.com\/es\/producto\/double-pack-allround-socks-classic\/","url":"https:\/\/www.tape-design.com\/es\/producto\/double-pack-allround-socks-classic\/","name":"Double Pack: Allround Socks \u201cClassic\u201d - TAPEDESIGN","isPartOf":{"@id":"https:\/\/www.tape-design.com\/#website"},"primaryImageOfPage":{"@id":"https:\/\/www.tape-design.com\/es\/producto\/double-pack-allround-socks-classic\/#primaryimage"},"image":{"@id":"https:\/\/www.tape-design.com\/es\/producto\/double-pack-allround-socks-classic\/#primaryimage"},"thumbnailUrl":"https:\/\/www.tape-design.com\/app\/uploads\/2025\/06\/2025_TD_PRODUCT_IMG_CLASSIC_DOPPELPACK_WHITE.jpg","datePublished":"2025-06-25T15:16:56+00:00","dateModified":"2026-02-05T13:09:08+00:00","breadcrumb":{"@id":"https:\/\/www.tape-design.com\/es\/producto\/double-pack-allround-socks-classic\/#breadcrumb"},"inLanguage":"es","potentialAction":[{"@type":"ReadAction","target":["https:\/\/www.tape-design.com\/es\/producto\/double-pack-allround-socks-classic\/"]}]},{"@type":"ImageObject","inLanguage":"es","@id":"https:\/\/www.tape-design.com\/es\/producto\/double-pack-allround-socks-classic\/#primaryimage","url":"https:\/\/www.tape-design.com\/app\/uploads\/2025\/06\/2025_TD_PRODUCT_IMG_CLASSIC_DOPPELPACK_WHITE.jpg","contentUrl":"https:\/\/www.tape-design.com\/app\/uploads\/2025\/06\/2025_TD_PRODUCT_IMG_CLASSIC_DOPPELPACK_WHITE.jpg","width":1080,"height":1080},{"@type":"BreadcrumbList","@id":"https:\/\/www.tape-design.com\/es\/producto\/double-pack-allround-socks-classic\/#breadcrumb","itemListElement":[{"@type":"ListItem","position":1,"name":"Home","item":"https:\/\/www.tape-design.com\/es\/"},{"@type":"ListItem","position":2,"name":"Shop","item":"https:\/\/www.tape-design.com\/es\/shop\/"},{"@type":"ListItem","position":3,"name":"Double Pack: Allround Socks \u201cClassic\u201d"}]},{"@type":"WebSite","@id":"https:\/\/www.tape-design.com\/#website","url":"https:\/\/www.tape-design.com\/","name":"TAPEDESIGN","description":"Always a step ahead","publisher":{"@id":"https:\/\/www.tape-design.com\/#organization"},"potentialAction":[{"@type":"SearchAction","target":{"@type":"EntryPoint","urlTemplate":"https:\/\/www.tape-design.com\/?s={search_term_string}"},"query-input":{"@type":"PropertyValueSpecification","valueRequired":true,"valueName":"search_term_string"}}],"inLanguage":"es"},{"@type":"Organization","@id":"https:\/\/www.tape-design.com\/#organization","name":"TAPEDESIGN","url":"https:\/\/www.tape-design.com\/","logo":{"@type":"ImageObject","inLanguage":"es","@id":"https:\/\/www.tape-design.com\/#\/schema\/logo\/image\/","url":"https:\/\/www.tape-design.com\/app\/uploads\/2020\/11\/Logosmall.png","contentUrl":"https:\/\/www.tape-design.com\/app\/uploads\/2020\/11\/Logosmall.png","width":340,"height":156,"caption":"TAPEDESIGN"},"image":{"@id":"https:\/\/www.tape-design.com\/#\/schema\/logo\/image\/"},"sameAs":["https:\/\/www.facebook.com\/tapedesigncom\/","https:\/\/www.instagram.com\/tapedesign_socks\/?hl=de"]}]}},"_links":{"self":[{"href":"https:\/\/www.tape-design.com\/es\/wp-json\/wp\/v2\/product\/134953","targetHints":{"allow":["GET"]}}],"collection":[{"href":"https:\/\/www.tape-design.com\/es\/wp-json\/wp\/v2\/product"}],"about":[{"href":"https:\/\/www.tape-design.com\/es\/wp-json\/wp\/v2\/types\/product"}],"wp:featuredmedia":[{"embeddable":true,"href":"https:\/\/www.tape-design.com\/es\/wp-json\/wp\/v2\/media\/130297"}],"wp:attachment":[{"href":"https:\/\/www.tape-design.com\/es\/wp-json\/wp\/v2\/media?parent=134953"}],"wp:term":[{"taxonomy":"product_cat","embeddable":true,"href":"https:\/\/www.tape-design.com\/es\/wp-json\/wp\/v2\/product_cat?post=134953"},{"taxonomy":"product_tag","embeddable":true,"href":"https:\/\/www.tape-design.com\/es\/wp-json\/wp\/v2\/product_tag?post=134953"},{"taxonomy":"giftcard-category","embeddable":true,"href":"https:\/\/www.tape-design.com\/es\/wp-json\/wp\/v2\/giftcard-category?post=134953"}],"curies":[{"name":"wp","href":"https:\/\/api.w.org\/{rel}","templated":true}]}}