{"id":141096,"date":"2026-01-16T18:02:01","date_gmt":"2026-01-16T17:02:01","guid":{"rendered":"https:\/\/www.tape-design.com\/product\/shinguards-pro\/"},"modified":"2026-01-16T18:02:01","modified_gmt":"2026-01-16T17:02:01","slug":"shinguards-pro","status":"publish","type":"product","link":"https:\/\/www.tape-design.com\/es\/producto\/shinguards-pro\/","title":{"rendered":"Shinguards PRO"},"content":{"rendered":"<p data-start=\"99\" data-end=\"336\"><strong data-start=\"99\" data-end=\"141\">Ligeros. Seguros. De alto rendimiento.<\/strong><br data-start=\"141\" data-end=\"144\" \/>Las <strong data-start=\"148\" data-end=\"180\">espinilleras TAPEDESIGN\u00ae PRO<\/strong> son la versi\u00f3n <strong data-start=\"196\" data-end=\"209\">full-size<\/strong> de las Mini PRO y la elecci\u00f3n ideal para futbolistas que buscan combinar una protecci\u00f3n fiable con un alto nivel de comodidad.<\/p>\n<p data-start=\"338\" data-end=\"596\">\u2714 <strong data-start=\"340\" data-end=\"376\">Mayor protecci\u00f3n &#8211; control total<\/strong><br data-start=\"376\" data-end=\"379\" \/>Gracias a su mayor superficie de cobertura, las Shinguards PRO ofrecen una protecci\u00f3n adicional sin limitar la libertad de movimiento &#8211; perfectas para duelos intensos, cambios de direcci\u00f3n r\u00e1pidos y acciones potentes.<\/p>\n<p data-start=\"598\" data-end=\"759\">\u2714 <strong data-start=\"600\" data-end=\"635\">Ajuste \u00f3ptimo &#8211; sujeci\u00f3n segura<\/strong><br data-start=\"635\" data-end=\"638\" \/>El material flexible se adapta perfectamente a la espinilla, garantizando un ajuste estable y c\u00f3modo, sin deslizamientos.<\/p>\n<p data-start=\"761\" data-end=\"944\">\u2714 <strong data-start=\"763\" data-end=\"786\">Fiables en el juego<\/strong><br data-start=\"786\" data-end=\"789\" \/>Ya sea bajo las medias o combinadas con soportes, las Shinguards PRO permanecen firmemente en su lugar para que puedas concentrarte plenamente en tu juego.<\/p>\n<p data-start=\"946\" data-end=\"1074\">\u2714 <strong data-start=\"948\" data-end=\"980\">Para entrenamiento y partido<\/strong><br data-start=\"980\" data-end=\"983\" \/>Aptas para j\u00f3venes y adultos, ideales para entrenamientos y competici\u00f3n en cualquier nivel.<\/p>\n<p data-start=\"1076\" data-end=\"1231\">\u2714 <strong data-start=\"1078\" data-end=\"1107\">Tama\u00f1o full-size compacto<\/strong><br data-start=\"1107\" data-end=\"1110\" \/>Con unas dimensiones de <strong data-start=\"1134\" data-end=\"1150\">16,5 x 10 cm<\/strong>, las Shinguards PRO ofrecen el equilibrio perfecto entre protecci\u00f3n y comodidad.<\/p>\n<p data-start=\"1233\" data-end=\"1350\">\ud83d\udd34 <strong data-start=\"1236\" data-end=\"1350\">Consigue ahora las espinilleras TAPEDESIGN\u00ae PRO y experimenta una protecci\u00f3n segura con el m\u00e1ximo rendimiento!<\/strong><\/p>\n","protected":false},"excerpt":{"rendered":"<p>Ligeros. Seguros. De alto rendimiento.Las espinilleras TAPEDESIGN\u00ae PRO son la versi\u00f3n full-size de las Mini PRO y la elecci\u00f3n ideal para futbolistas que buscan combinar una protecci\u00f3n fiable con un&hellip;<\/p>\n","protected":false},"featured_media":141060,"template":"","meta":{"_acf_changed":false},"product_cat":[3049,1304],"product_tag":[],"giftcard-category":[],"class_list":{"0":"post-141096","1":"product","2":"type-product","3":"status-publish","4":"has-post-thumbnail","6":"product_cat-shinguards-es","7":"product_cat-todo","9":"first","10":"instock","11":"taxable","12":"shipping-taxable","13":"purchasable","14":"product-type-simple"},"bundled_by":[],"bundle_stock_status":"instock","bundle_stock_quantity":null,"bundle_virtual":false,"bundle_layout":"","bundle_add_to_cart_form_location":"","bundle_editable_in_cart":false,"bundle_sold_individually_context":"","bundle_item_grouping":"","bundle_min_size":"","bundle_max_size":"","bundle_price":[],"bundled_items":[],"bundle_sell_ids":[],"exclude_global_add_ons":[],"addons":[],"acf":[],"yoast_head":"<title>Shinguards PRO - TAPEDESIGN<\/title>\n<meta name=\"robots\" content=\"index, follow, max-snippet:-1, max-image-preview:large, max-video-preview:-1\" \/>\n<link rel=\"canonical\" href=\"https:\/\/www.tape-design.com\/es\/producto\/shinguards-pro\/\" \/>\n<meta property=\"og:locale\" content=\"es_ES\" \/>\n<meta property=\"og:type\" content=\"article\" \/>\n<meta property=\"og:title\" content=\"Shinguards PRO - TAPEDESIGN\" \/>\n<meta property=\"og:description\" content=\"Ligeros. Seguros. De alto rendimiento.Las espinilleras TAPEDESIGN\u00ae PRO son la versi\u00f3n full-size de las Mini PRO y la elecci\u00f3n ideal para futbolistas que buscan combinar una protecci\u00f3n fiable con un&hellip;\" \/>\n<meta property=\"og:url\" content=\"https:\/\/www.tape-design.com\/es\/producto\/shinguards-pro\/\" \/>\n<meta property=\"og:site_name\" content=\"TAPEDESIGN\" \/>\n<meta property=\"article:publisher\" content=\"https:\/\/www.facebook.com\/tapedesigncom\/\" \/>\n<meta property=\"og:image\" content=\"https:\/\/www.tape-design.com\/app\/uploads\/2026\/01\/TD_2026_SHINGUARDS_PRO_IMG_MAIN-scaled.jpeg\" \/>\n\t<meta property=\"og:image:width\" content=\"2560\" \/>\n\t<meta property=\"og:image:height\" content=\"2560\" \/>\n\t<meta property=\"og:image:type\" content=\"image\/jpeg\" \/>\n<meta name=\"twitter:card\" content=\"summary_large_image\" \/>\n<meta name=\"twitter:label1\" content=\"Tiempo de lectura\" \/>\n\t<meta name=\"twitter:data1\" content=\"1 minuto\" \/>\n<script type=\"application\/ld+json\" class=\"yoast-schema-graph\">{\"@context\":\"https:\/\/schema.org\",\"@graph\":[{\"@type\":\"WebPage\",\"@id\":\"https:\/\/www.tape-design.com\/es\/producto\/shinguards-pro\/\",\"url\":\"https:\/\/www.tape-design.com\/es\/producto\/shinguards-pro\/\",\"name\":\"Shinguards PRO - TAPEDESIGN\",\"isPartOf\":{\"@id\":\"https:\/\/www.tape-design.com\/#website\"},\"primaryImageOfPage\":{\"@id\":\"https:\/\/www.tape-design.com\/es\/producto\/shinguards-pro\/#primaryimage\"},\"image\":{\"@id\":\"https:\/\/www.tape-design.com\/es\/producto\/shinguards-pro\/#primaryimage\"},\"thumbnailUrl\":\"https:\/\/www.tape-design.com\/app\/uploads\/2026\/01\/TD_2026_SHINGUARDS_PRO_IMG_MAIN-scaled.jpeg\",\"datePublished\":\"2026-01-16T17:02:01+00:00\",\"breadcrumb\":{\"@id\":\"https:\/\/www.tape-design.com\/es\/producto\/shinguards-pro\/#breadcrumb\"},\"inLanguage\":\"es\",\"potentialAction\":[{\"@type\":\"ReadAction\",\"target\":[\"https:\/\/www.tape-design.com\/es\/producto\/shinguards-pro\/\"]}]},{\"@type\":\"ImageObject\",\"inLanguage\":\"es\",\"@id\":\"https:\/\/www.tape-design.com\/es\/producto\/shinguards-pro\/#primaryimage\",\"url\":\"https:\/\/www.tape-design.com\/app\/uploads\/2026\/01\/TD_2026_SHINGUARDS_PRO_IMG_MAIN-scaled.jpeg\",\"contentUrl\":\"https:\/\/www.tape-design.com\/app\/uploads\/2026\/01\/TD_2026_SHINGUARDS_PRO_IMG_MAIN-scaled.jpeg\",\"width\":2560,\"height\":2560},{\"@type\":\"BreadcrumbList\",\"@id\":\"https:\/\/www.tape-design.com\/es\/producto\/shinguards-pro\/#breadcrumb\",\"itemListElement\":[{\"@type\":\"ListItem\",\"position\":1,\"name\":\"Home\",\"item\":\"https:\/\/www.tape-design.com\/es\/\"},{\"@type\":\"ListItem\",\"position\":2,\"name\":\"Shop\",\"item\":\"https:\/\/www.tape-design.com\/es\/shop\/\"},{\"@type\":\"ListItem\",\"position\":3,\"name\":\"Shinguards PRO\"}]},{\"@type\":\"WebSite\",\"@id\":\"https:\/\/www.tape-design.com\/#website\",\"url\":\"https:\/\/www.tape-design.com\/\",\"name\":\"TAPEDESIGN\",\"description\":\"Always a step ahead\",\"publisher\":{\"@id\":\"https:\/\/www.tape-design.com\/#organization\"},\"potentialAction\":[{\"@type\":\"SearchAction\",\"target\":{\"@type\":\"EntryPoint\",\"urlTemplate\":\"https:\/\/www.tape-design.com\/?s={search_term_string}\"},\"query-input\":{\"@type\":\"PropertyValueSpecification\",\"valueRequired\":true,\"valueName\":\"search_term_string\"}}],\"inLanguage\":\"es\"},{\"@type\":\"Organization\",\"@id\":\"https:\/\/www.tape-design.com\/#organization\",\"name\":\"TAPEDESIGN\",\"url\":\"https:\/\/www.tape-design.com\/\",\"logo\":{\"@type\":\"ImageObject\",\"inLanguage\":\"es\",\"@id\":\"https:\/\/www.tape-design.com\/#\/schema\/logo\/image\/\",\"url\":\"https:\/\/www.tape-design.com\/app\/uploads\/2020\/11\/Logosmall.png\",\"contentUrl\":\"https:\/\/www.tape-design.com\/app\/uploads\/2020\/11\/Logosmall.png\",\"width\":340,\"height\":156,\"caption\":\"TAPEDESIGN\"},\"image\":{\"@id\":\"https:\/\/www.tape-design.com\/#\/schema\/logo\/image\/\"},\"sameAs\":[\"https:\/\/www.facebook.com\/tapedesigncom\/\",\"https:\/\/www.instagram.com\/tapedesign_socks\/?hl=de\"]}]}<\/script>","yoast_head_json":{"title":"Shinguards PRO - TAPEDESIGN","robots":{"index":"index","follow":"follow","max-snippet":"max-snippet:-1","max-image-preview":"max-image-preview:large","max-video-preview":"max-video-preview:-1"},"canonical":"https:\/\/www.tape-design.com\/es\/producto\/shinguards-pro\/","og_locale":"es_ES","og_type":"article","og_title":"Shinguards PRO - TAPEDESIGN","og_description":"Ligeros. Seguros. De alto rendimiento.Las espinilleras TAPEDESIGN\u00ae PRO son la versi\u00f3n full-size de las Mini PRO y la elecci\u00f3n ideal para futbolistas que buscan combinar una protecci\u00f3n fiable con un&hellip;","og_url":"https:\/\/www.tape-design.com\/es\/producto\/shinguards-pro\/","og_site_name":"TAPEDESIGN","article_publisher":"https:\/\/www.facebook.com\/tapedesigncom\/","og_image":[{"width":2560,"height":2560,"url":"https:\/\/www.tape-design.com\/app\/uploads\/2026\/01\/TD_2026_SHINGUARDS_PRO_IMG_MAIN-scaled.jpeg","type":"image\/jpeg"}],"twitter_card":"summary_large_image","twitter_misc":{"Tiempo de lectura":"1 minuto"},"schema":{"@context":"https:\/\/schema.org","@graph":[{"@type":"WebPage","@id":"https:\/\/www.tape-design.com\/es\/producto\/shinguards-pro\/","url":"https:\/\/www.tape-design.com\/es\/producto\/shinguards-pro\/","name":"Shinguards PRO - TAPEDESIGN","isPartOf":{"@id":"https:\/\/www.tape-design.com\/#website"},"primaryImageOfPage":{"@id":"https:\/\/www.tape-design.com\/es\/producto\/shinguards-pro\/#primaryimage"},"image":{"@id":"https:\/\/www.tape-design.com\/es\/producto\/shinguards-pro\/#primaryimage"},"thumbnailUrl":"https:\/\/www.tape-design.com\/app\/uploads\/2026\/01\/TD_2026_SHINGUARDS_PRO_IMG_MAIN-scaled.jpeg","datePublished":"2026-01-16T17:02:01+00:00","breadcrumb":{"@id":"https:\/\/www.tape-design.com\/es\/producto\/shinguards-pro\/#breadcrumb"},"inLanguage":"es","potentialAction":[{"@type":"ReadAction","target":["https:\/\/www.tape-design.com\/es\/producto\/shinguards-pro\/"]}]},{"@type":"ImageObject","inLanguage":"es","@id":"https:\/\/www.tape-design.com\/es\/producto\/shinguards-pro\/#primaryimage","url":"https:\/\/www.tape-design.com\/app\/uploads\/2026\/01\/TD_2026_SHINGUARDS_PRO_IMG_MAIN-scaled.jpeg","contentUrl":"https:\/\/www.tape-design.com\/app\/uploads\/2026\/01\/TD_2026_SHINGUARDS_PRO_IMG_MAIN-scaled.jpeg","width":2560,"height":2560},{"@type":"BreadcrumbList","@id":"https:\/\/www.tape-design.com\/es\/producto\/shinguards-pro\/#breadcrumb","itemListElement":[{"@type":"ListItem","position":1,"name":"Home","item":"https:\/\/www.tape-design.com\/es\/"},{"@type":"ListItem","position":2,"name":"Shop","item":"https:\/\/www.tape-design.com\/es\/shop\/"},{"@type":"ListItem","position":3,"name":"Shinguards PRO"}]},{"@type":"WebSite","@id":"https:\/\/www.tape-design.com\/#website","url":"https:\/\/www.tape-design.com\/","name":"TAPEDESIGN","description":"Always a step ahead","publisher":{"@id":"https:\/\/www.tape-design.com\/#organization"},"potentialAction":[{"@type":"SearchAction","target":{"@type":"EntryPoint","urlTemplate":"https:\/\/www.tape-design.com\/?s={search_term_string}"},"query-input":{"@type":"PropertyValueSpecification","valueRequired":true,"valueName":"search_term_string"}}],"inLanguage":"es"},{"@type":"Organization","@id":"https:\/\/www.tape-design.com\/#organization","name":"TAPEDESIGN","url":"https:\/\/www.tape-design.com\/","logo":{"@type":"ImageObject","inLanguage":"es","@id":"https:\/\/www.tape-design.com\/#\/schema\/logo\/image\/","url":"https:\/\/www.tape-design.com\/app\/uploads\/2020\/11\/Logosmall.png","contentUrl":"https:\/\/www.tape-design.com\/app\/uploads\/2020\/11\/Logosmall.png","width":340,"height":156,"caption":"TAPEDESIGN"},"image":{"@id":"https:\/\/www.tape-design.com\/#\/schema\/logo\/image\/"},"sameAs":["https:\/\/www.facebook.com\/tapedesigncom\/","https:\/\/www.instagram.com\/tapedesign_socks\/?hl=de"]}]}},"_links":{"self":[{"href":"https:\/\/www.tape-design.com\/es\/wp-json\/wp\/v2\/product\/141096","targetHints":{"allow":["GET"]}}],"collection":[{"href":"https:\/\/www.tape-design.com\/es\/wp-json\/wp\/v2\/product"}],"about":[{"href":"https:\/\/www.tape-design.com\/es\/wp-json\/wp\/v2\/types\/product"}],"wp:featuredmedia":[{"embeddable":true,"href":"https:\/\/www.tape-design.com\/es\/wp-json\/wp\/v2\/media\/141060"}],"wp:attachment":[{"href":"https:\/\/www.tape-design.com\/es\/wp-json\/wp\/v2\/media?parent=141096"}],"wp:term":[{"taxonomy":"product_cat","embeddable":true,"href":"https:\/\/www.tape-design.com\/es\/wp-json\/wp\/v2\/product_cat?post=141096"},{"taxonomy":"product_tag","embeddable":true,"href":"https:\/\/www.tape-design.com\/es\/wp-json\/wp\/v2\/product_tag?post=141096"},{"taxonomy":"giftcard-category","embeddable":true,"href":"https:\/\/www.tape-design.com\/es\/wp-json\/wp\/v2\/giftcard-category?post=141096"}],"curies":[{"name":"wp","href":"https:\/\/api.w.org\/{rel}","templated":true}]}}