{"id":141841,"date":"2026-02-09T11:29:09","date_gmt":"2026-02-09T10:29:09","guid":{"rendered":"https:\/\/www.tape-design.com\/product\/tapedesign-x-soa-vitamin-b12-100-mcg-spray\/"},"modified":"2026-02-09T12:17:26","modified_gmt":"2026-02-09T11:17:26","slug":"tapedesign-x-soa-vitamin-b12-100-mcg-spray","status":"publish","type":"product","link":"https:\/\/www.tape-design.com\/es\/producto\/tapedesign-x-soa-vitamin-b12-100-mcg-spray\/","title":{"rendered":"TAPEDESIGN\u00ae x SOA &#8211; Vitamin B12 100 mcg Spray"},"content":{"rendered":"<p data-start=\"0\" data-end=\"68\"><strong>Contiene 200 \u03bcg de vitamina B12 (metilcobalamina) por dosis diaria<\/strong><\/p>\n<p data-start=\"70\" data-end=\"250\">\u2022 Aplicaci\u00f3n l\u00edquida \u2013 simplemente 2 pulverizaciones al d\u00eda<br data-start=\"129\" data-end=\"132\" \/>\u2022 Absorci\u00f3n directa en la cavidad bucal<br data-start=\"171\" data-end=\"174\" \/>\u2022 Sabor neutro<br data-start=\"188\" data-end=\"191\" \/>\u2022 Fabricado en Austria con control de calidad certificado<\/p>\n<p data-start=\"252\" data-end=\"478\">La vitamina B12 contribuye a:<br data-start=\"281\" data-end=\"284\" \/>\u2022 metabolismo energ\u00e9tico normal<br data-start=\"315\" data-end=\"318\" \/>\u2022 reducci\u00f3n del cansancio y la fatiga<br data-start=\"355\" data-end=\"358\" \/>\u2022 funcionamiento normal del sistema nervioso<br data-start=\"402\" data-end=\"405\" \/>\u2022 funci\u00f3n psicol\u00f3gica normal<br data-start=\"433\" data-end=\"436\" \/>\u2022 formaci\u00f3n normal de los gl\u00f3bulos rojos<\/p>\n<p data-start=\"480\" data-end=\"601\"><strong>Modo de empleo:<\/strong><br data-start=\"495\" data-end=\"498\" \/>Tomar 2 pulverizaciones al d\u00eda directamente en la boca.<br data-start=\"553\" data-end=\"556\" \/>Agitar bien antes de usar. Contenido: 30 ml<\/p>\n<p data-start=\"603\" data-end=\"739\"><strong>Ingredientes:<\/strong><br data-start=\"616\" data-end=\"619\" \/>Glicerina, agua, metilcobalamina (vitamina B12)<br data-start=\"666\" data-end=\"669\" \/>*VRN = Valor de referencia de nutrientes seg\u00fan la normativa de la UE<\/p>\n<p data-start=\"741\" data-end=\"987\"><strong>Advertencias:<\/strong><br data-start=\"754\" data-end=\"757\" \/>Los complementos alimenticios no sustituyen una dieta equilibrada y variada ni un estilo de vida saludable. No superar la dosis diaria recomendada. Mantener fuera del alcance de los ni\u00f1os peque\u00f1os. Conservar protegido de la luz.<\/p>\n","protected":false},"excerpt":{"rendered":"<p>Aporte diario sencillo &#8211; absorci\u00f3n r\u00e1pida y directa. La vitamina B12 es importante para el metabolismo energ\u00e9tico, el sistema nervioso y la formaci\u00f3n de los gl\u00f3bulos rojos. Nuestro spray de B12 se absorbe directamente a trav\u00e9s de la mucosa bucal &#8211; ideal para quienes desean evitar las c\u00e1psulas o prefieren una aplicaci\u00f3n especialmente sencilla. Con metilcobalamina utilizas una forma activa de vitamina B12 que el organismo puede aprovechar directamente.<\/p>\n","protected":false},"featured_media":141826,"template":"","meta":{"_acf_changed":false},"product_cat":[3083,1308,1304],"product_tag":[],"giftcard-category":[],"class_list":{"0":"post-141841","1":"product","2":"type-product","3":"status-publish","4":"has-post-thumbnail","6":"product_cat-fitness-es","7":"product_cat-accessories-es","8":"product_cat-todo","10":"first","11":"instock","12":"taxable","13":"shipping-taxable","14":"purchasable","15":"product-type-simple"},"bundled_by":[],"bundle_stock_status":"instock","bundle_stock_quantity":null,"bundle_virtual":false,"bundle_layout":"","bundle_add_to_cart_form_location":"","bundle_editable_in_cart":false,"bundle_sold_individually_context":"","bundle_item_grouping":"","bundle_min_size":"","bundle_max_size":"","bundle_price":[],"bundled_items":[],"bundle_sell_ids":[],"exclude_global_add_ons":[],"addons":[],"acf":[],"yoast_head":"<title>TAPEDESIGN\u00ae x SOA - Vitamin B12 100 mcg Spray - TAPEDESIGN<\/title>\n<meta name=\"robots\" content=\"index, follow, max-snippet:-1, max-image-preview:large, max-video-preview:-1\" \/>\n<link rel=\"canonical\" href=\"https:\/\/www.tape-design.com\/es\/producto\/tapedesign-x-soa-vitamin-b12-100-mcg-spray\/\" \/>\n<meta property=\"og:locale\" content=\"es_ES\" \/>\n<meta property=\"og:type\" content=\"article\" \/>\n<meta property=\"og:title\" content=\"TAPEDESIGN\u00ae x SOA - Vitamin B12 100 mcg Spray - TAPEDESIGN\" \/>\n<meta property=\"og:description\" content=\"Aporte diario sencillo - absorci\u00f3n r\u00e1pida y directa. La vitamina B12 es importante para el metabolismo energ\u00e9tico, el sistema nervioso y la formaci\u00f3n de los gl\u00f3bulos rojos. Nuestro spray de B12 se absorbe directamente a trav\u00e9s de la mucosa bucal - ideal para quienes desean evitar las c\u00e1psulas o prefieren una aplicaci\u00f3n especialmente sencilla. Con metilcobalamina utilizas una forma activa de vitamina B12 que el organismo puede aprovechar directamente.\" \/>\n<meta property=\"og:url\" content=\"https:\/\/www.tape-design.com\/es\/producto\/tapedesign-x-soa-vitamin-b12-100-mcg-spray\/\" \/>\n<meta property=\"og:site_name\" content=\"TAPEDESIGN\" \/>\n<meta property=\"article:publisher\" content=\"https:\/\/www.facebook.com\/tapedesigncom\/\" \/>\n<meta property=\"article:modified_time\" content=\"2026-02-09T11:17:26+00:00\" \/>\n<meta property=\"og:image\" content=\"https:\/\/www.tape-design.com\/app\/uploads\/2026\/02\/SOA-0009_clean.webp\" \/>\n\t<meta property=\"og:image:width\" content=\"1200\" \/>\n\t<meta property=\"og:image:height\" content=\"1200\" \/>\n\t<meta property=\"og:image:type\" content=\"image\/webp\" \/>\n<meta name=\"twitter:card\" content=\"summary_large_image\" \/>\n<meta name=\"twitter:label1\" content=\"Tiempo de lectura\" \/>\n\t<meta name=\"twitter:data1\" content=\"1 minuto\" \/>\n<script type=\"application\/ld+json\" class=\"yoast-schema-graph\">{\"@context\":\"https:\/\/schema.org\",\"@graph\":[{\"@type\":\"WebPage\",\"@id\":\"https:\/\/www.tape-design.com\/es\/producto\/tapedesign-x-soa-vitamin-b12-100-mcg-spray\/\",\"url\":\"https:\/\/www.tape-design.com\/es\/producto\/tapedesign-x-soa-vitamin-b12-100-mcg-spray\/\",\"name\":\"TAPEDESIGN\u00ae x SOA - Vitamin B12 100 mcg Spray - TAPEDESIGN\",\"isPartOf\":{\"@id\":\"https:\/\/www.tape-design.com\/#website\"},\"primaryImageOfPage\":{\"@id\":\"https:\/\/www.tape-design.com\/es\/producto\/tapedesign-x-soa-vitamin-b12-100-mcg-spray\/#primaryimage\"},\"image\":{\"@id\":\"https:\/\/www.tape-design.com\/es\/producto\/tapedesign-x-soa-vitamin-b12-100-mcg-spray\/#primaryimage\"},\"thumbnailUrl\":\"https:\/\/www.tape-design.com\/app\/uploads\/2026\/02\/SOA-0009_clean.webp\",\"datePublished\":\"2026-02-09T10:29:09+00:00\",\"dateModified\":\"2026-02-09T11:17:26+00:00\",\"breadcrumb\":{\"@id\":\"https:\/\/www.tape-design.com\/es\/producto\/tapedesign-x-soa-vitamin-b12-100-mcg-spray\/#breadcrumb\"},\"inLanguage\":\"es\",\"potentialAction\":[{\"@type\":\"ReadAction\",\"target\":[\"https:\/\/www.tape-design.com\/es\/producto\/tapedesign-x-soa-vitamin-b12-100-mcg-spray\/\"]}]},{\"@type\":\"ImageObject\",\"inLanguage\":\"es\",\"@id\":\"https:\/\/www.tape-design.com\/es\/producto\/tapedesign-x-soa-vitamin-b12-100-mcg-spray\/#primaryimage\",\"url\":\"https:\/\/www.tape-design.com\/app\/uploads\/2026\/02\/SOA-0009_clean.webp\",\"contentUrl\":\"https:\/\/www.tape-design.com\/app\/uploads\/2026\/02\/SOA-0009_clean.webp\",\"width\":1200,\"height\":1200},{\"@type\":\"BreadcrumbList\",\"@id\":\"https:\/\/www.tape-design.com\/es\/producto\/tapedesign-x-soa-vitamin-b12-100-mcg-spray\/#breadcrumb\",\"itemListElement\":[{\"@type\":\"ListItem\",\"position\":1,\"name\":\"Home\",\"item\":\"https:\/\/www.tape-design.com\/es\/\"},{\"@type\":\"ListItem\",\"position\":2,\"name\":\"Shop\",\"item\":\"https:\/\/www.tape-design.com\/es\/shop\/\"},{\"@type\":\"ListItem\",\"position\":3,\"name\":\"TAPEDESIGN\u00ae x SOA &#8211; Vitamin B12 100 mcg Spray\"}]},{\"@type\":\"WebSite\",\"@id\":\"https:\/\/www.tape-design.com\/#website\",\"url\":\"https:\/\/www.tape-design.com\/\",\"name\":\"TAPEDESIGN\",\"description\":\"Always a step ahead\",\"publisher\":{\"@id\":\"https:\/\/www.tape-design.com\/#organization\"},\"potentialAction\":[{\"@type\":\"SearchAction\",\"target\":{\"@type\":\"EntryPoint\",\"urlTemplate\":\"https:\/\/www.tape-design.com\/?s={search_term_string}\"},\"query-input\":{\"@type\":\"PropertyValueSpecification\",\"valueRequired\":true,\"valueName\":\"search_term_string\"}}],\"inLanguage\":\"es\"},{\"@type\":\"Organization\",\"@id\":\"https:\/\/www.tape-design.com\/#organization\",\"name\":\"TAPEDESIGN\",\"url\":\"https:\/\/www.tape-design.com\/\",\"logo\":{\"@type\":\"ImageObject\",\"inLanguage\":\"es\",\"@id\":\"https:\/\/www.tape-design.com\/#\/schema\/logo\/image\/\",\"url\":\"https:\/\/www.tape-design.com\/app\/uploads\/2020\/11\/Logosmall.png\",\"contentUrl\":\"https:\/\/www.tape-design.com\/app\/uploads\/2020\/11\/Logosmall.png\",\"width\":340,\"height\":156,\"caption\":\"TAPEDESIGN\"},\"image\":{\"@id\":\"https:\/\/www.tape-design.com\/#\/schema\/logo\/image\/\"},\"sameAs\":[\"https:\/\/www.facebook.com\/tapedesigncom\/\",\"https:\/\/www.instagram.com\/tapedesign_socks\/?hl=de\"]}]}<\/script>","yoast_head_json":{"title":"TAPEDESIGN\u00ae x SOA - Vitamin B12 100 mcg Spray - TAPEDESIGN","robots":{"index":"index","follow":"follow","max-snippet":"max-snippet:-1","max-image-preview":"max-image-preview:large","max-video-preview":"max-video-preview:-1"},"canonical":"https:\/\/www.tape-design.com\/es\/producto\/tapedesign-x-soa-vitamin-b12-100-mcg-spray\/","og_locale":"es_ES","og_type":"article","og_title":"TAPEDESIGN\u00ae x SOA - Vitamin B12 100 mcg Spray - TAPEDESIGN","og_description":"Aporte diario sencillo - absorci\u00f3n r\u00e1pida y directa. La vitamina B12 es importante para el metabolismo energ\u00e9tico, el sistema nervioso y la formaci\u00f3n de los gl\u00f3bulos rojos. Nuestro spray de B12 se absorbe directamente a trav\u00e9s de la mucosa bucal - ideal para quienes desean evitar las c\u00e1psulas o prefieren una aplicaci\u00f3n especialmente sencilla. Con metilcobalamina utilizas una forma activa de vitamina B12 que el organismo puede aprovechar directamente.","og_url":"https:\/\/www.tape-design.com\/es\/producto\/tapedesign-x-soa-vitamin-b12-100-mcg-spray\/","og_site_name":"TAPEDESIGN","article_publisher":"https:\/\/www.facebook.com\/tapedesigncom\/","article_modified_time":"2026-02-09T11:17:26+00:00","og_image":[{"width":1200,"height":1200,"url":"https:\/\/www.tape-design.com\/app\/uploads\/2026\/02\/SOA-0009_clean.webp","type":"image\/webp"}],"twitter_card":"summary_large_image","twitter_misc":{"Tiempo de lectura":"1 minuto"},"schema":{"@context":"https:\/\/schema.org","@graph":[{"@type":"WebPage","@id":"https:\/\/www.tape-design.com\/es\/producto\/tapedesign-x-soa-vitamin-b12-100-mcg-spray\/","url":"https:\/\/www.tape-design.com\/es\/producto\/tapedesign-x-soa-vitamin-b12-100-mcg-spray\/","name":"TAPEDESIGN\u00ae x SOA - Vitamin B12 100 mcg Spray - TAPEDESIGN","isPartOf":{"@id":"https:\/\/www.tape-design.com\/#website"},"primaryImageOfPage":{"@id":"https:\/\/www.tape-design.com\/es\/producto\/tapedesign-x-soa-vitamin-b12-100-mcg-spray\/#primaryimage"},"image":{"@id":"https:\/\/www.tape-design.com\/es\/producto\/tapedesign-x-soa-vitamin-b12-100-mcg-spray\/#primaryimage"},"thumbnailUrl":"https:\/\/www.tape-design.com\/app\/uploads\/2026\/02\/SOA-0009_clean.webp","datePublished":"2026-02-09T10:29:09+00:00","dateModified":"2026-02-09T11:17:26+00:00","breadcrumb":{"@id":"https:\/\/www.tape-design.com\/es\/producto\/tapedesign-x-soa-vitamin-b12-100-mcg-spray\/#breadcrumb"},"inLanguage":"es","potentialAction":[{"@type":"ReadAction","target":["https:\/\/www.tape-design.com\/es\/producto\/tapedesign-x-soa-vitamin-b12-100-mcg-spray\/"]}]},{"@type":"ImageObject","inLanguage":"es","@id":"https:\/\/www.tape-design.com\/es\/producto\/tapedesign-x-soa-vitamin-b12-100-mcg-spray\/#primaryimage","url":"https:\/\/www.tape-design.com\/app\/uploads\/2026\/02\/SOA-0009_clean.webp","contentUrl":"https:\/\/www.tape-design.com\/app\/uploads\/2026\/02\/SOA-0009_clean.webp","width":1200,"height":1200},{"@type":"BreadcrumbList","@id":"https:\/\/www.tape-design.com\/es\/producto\/tapedesign-x-soa-vitamin-b12-100-mcg-spray\/#breadcrumb","itemListElement":[{"@type":"ListItem","position":1,"name":"Home","item":"https:\/\/www.tape-design.com\/es\/"},{"@type":"ListItem","position":2,"name":"Shop","item":"https:\/\/www.tape-design.com\/es\/shop\/"},{"@type":"ListItem","position":3,"name":"TAPEDESIGN\u00ae x SOA &#8211; Vitamin B12 100 mcg Spray"}]},{"@type":"WebSite","@id":"https:\/\/www.tape-design.com\/#website","url":"https:\/\/www.tape-design.com\/","name":"TAPEDESIGN","description":"Always a step ahead","publisher":{"@id":"https:\/\/www.tape-design.com\/#organization"},"potentialAction":[{"@type":"SearchAction","target":{"@type":"EntryPoint","urlTemplate":"https:\/\/www.tape-design.com\/?s={search_term_string}"},"query-input":{"@type":"PropertyValueSpecification","valueRequired":true,"valueName":"search_term_string"}}],"inLanguage":"es"},{"@type":"Organization","@id":"https:\/\/www.tape-design.com\/#organization","name":"TAPEDESIGN","url":"https:\/\/www.tape-design.com\/","logo":{"@type":"ImageObject","inLanguage":"es","@id":"https:\/\/www.tape-design.com\/#\/schema\/logo\/image\/","url":"https:\/\/www.tape-design.com\/app\/uploads\/2020\/11\/Logosmall.png","contentUrl":"https:\/\/www.tape-design.com\/app\/uploads\/2020\/11\/Logosmall.png","width":340,"height":156,"caption":"TAPEDESIGN"},"image":{"@id":"https:\/\/www.tape-design.com\/#\/schema\/logo\/image\/"},"sameAs":["https:\/\/www.facebook.com\/tapedesigncom\/","https:\/\/www.instagram.com\/tapedesign_socks\/?hl=de"]}]}},"_links":{"self":[{"href":"https:\/\/www.tape-design.com\/es\/wp-json\/wp\/v2\/product\/141841","targetHints":{"allow":["GET"]}}],"collection":[{"href":"https:\/\/www.tape-design.com\/es\/wp-json\/wp\/v2\/product"}],"about":[{"href":"https:\/\/www.tape-design.com\/es\/wp-json\/wp\/v2\/types\/product"}],"wp:featuredmedia":[{"embeddable":true,"href":"https:\/\/www.tape-design.com\/es\/wp-json\/wp\/v2\/media\/141826"}],"wp:attachment":[{"href":"https:\/\/www.tape-design.com\/es\/wp-json\/wp\/v2\/media?parent=141841"}],"wp:term":[{"taxonomy":"product_cat","embeddable":true,"href":"https:\/\/www.tape-design.com\/es\/wp-json\/wp\/v2\/product_cat?post=141841"},{"taxonomy":"product_tag","embeddable":true,"href":"https:\/\/www.tape-design.com\/es\/wp-json\/wp\/v2\/product_tag?post=141841"},{"taxonomy":"giftcard-category","embeddable":true,"href":"https:\/\/www.tape-design.com\/es\/wp-json\/wp\/v2\/giftcard-category?post=141841"}],"curies":[{"name":"wp","href":"https:\/\/api.w.org\/{rel}","templated":true}]}}