{"id":142715,"date":"2026-03-09T10:00:09","date_gmt":"2026-03-09T09:00:09","guid":{"rendered":"https:\/\/www.tape-design.com\/product\/tubes-pro-kids\/"},"modified":"2026-04-14T12:35:11","modified_gmt":"2026-04-14T10:35:11","slug":"tubes-pro-kids","status":"publish","type":"product","link":"https:\/\/www.tape-design.com\/es\/producto\/tubes-pro-kids\/","title":{"rendered":"Tubes <b>PRO\u00ae<\/b> KIDS"},"content":{"rendered":"<p data-start=\"791\" data-end=\"834\"><strong data-start=\"791\" data-end=\"834\">Descubre las TAPEDESIGN Tubes Pro\u00ae KIDS<\/strong><\/p>\n<p data-start=\"836\" data-end=\"1132\">Las Tubes Pro KIDS han sido desarrolladas especialmente para j\u00f3venes deportistas y garantizan un ajuste c\u00f3modo y una libertad de movimiento \u00f3ptima. Gracias al patr\u00f3n el\u00e1stico en la parte posterior, las tubes se adaptan perfectamente a la pierna y ofrecen suficiente espacio para las espinilleras.<\/p>\n<p data-start=\"1134\" data-end=\"1165\"><strong data-start=\"1134\" data-end=\"1165\">Las Tubes Pro KIDS ofrecen:<\/strong><\/p>\n<ul>\n<li data-start=\"1168\" data-end=\"1213\">Ajuste c\u00f3modo y gran libertad de movimiento<\/li>\n<li data-start=\"1216\" data-end=\"1264\">Parte posterior el\u00e1stica para un ajuste \u00f3ptimo<\/li>\n<li data-start=\"1267\" data-end=\"1322\">Perfectas para combinar con los TAPEDESIGN Grip Socks<\/li>\n<li data-start=\"1325\" data-end=\"1353\">Materiales de alta calidad<\/li>\n<li data-start=\"1356\" data-end=\"1377\">Fabricadas en la UE<\/li>\n<\/ul>\n<p data-start=\"1379\" data-end=\"1529\">Con <strong data-start=\"1383\" data-end=\"1412\">TAPEDESIGN Tubes Pro KIDS<\/strong>, los j\u00f3venes futbolistas est\u00e1n perfectamente equipados: c\u00f3modas, pr\u00e1cticas e ideales para entrenamientos y partidos.<\/p>\n","protected":false},"excerpt":{"rendered":"<p>Descubre las TAPEDESIGN Tubes Pro\u00ae KIDS Las Tubes Pro KIDS han sido desarrolladas especialmente para j\u00f3venes deportistas y garantizan un ajuste c\u00f3modo y una libertad de movimiento \u00f3ptima. Gracias al&hellip;<\/p>\n","protected":false},"featured_media":142682,"template":"","meta":{"_acf_changed":false},"product_cat":[3106,3048,1304],"product_tag":[],"giftcard-category":[],"class_list":{"0":"post-142715","1":"product","2":"type-product","3":"status-publish","4":"has-post-thumbnail","6":"product_cat-kids-es","7":"product_cat-tubes-es","8":"product_cat-todo","10":"first","11":"instock","12":"taxable","13":"shipping-taxable","14":"purchasable","15":"product-type-variable","16":"has-default-attributes"},"bundled_by":["142742"],"bundle_stock_status":"instock","bundle_stock_quantity":null,"bundle_virtual":false,"bundle_layout":"","bundle_add_to_cart_form_location":"","bundle_editable_in_cart":false,"bundle_sold_individually_context":"","bundle_item_grouping":"","bundle_min_size":"","bundle_max_size":"","bundle_price":[],"bundled_items":[],"bundle_sell_ids":[],"exclude_global_add_ons":[],"addons":[],"acf":[],"yoast_head":"<title>Tubes PRO\u00ae KIDS - TAPEDESIGN<\/title>\n<meta name=\"robots\" content=\"index, follow, max-snippet:-1, max-image-preview:large, max-video-preview:-1\" \/>\n<link rel=\"canonical\" href=\"https:\/\/www.tape-design.com\/es\/producto\/tubes-pro-kids\/\" \/>\n<meta property=\"og:locale\" content=\"es_ES\" \/>\n<meta property=\"og:type\" content=\"article\" \/>\n<meta property=\"og:title\" content=\"Tubes PRO\u00ae KIDS - TAPEDESIGN\" \/>\n<meta property=\"og:description\" content=\"Descubre las TAPEDESIGN Tubes Pro\u00ae KIDS Las Tubes Pro KIDS han sido desarrolladas especialmente para j\u00f3venes deportistas y garantizan un ajuste c\u00f3modo y una libertad de movimiento \u00f3ptima. Gracias al&hellip;\" \/>\n<meta property=\"og:url\" content=\"https:\/\/www.tape-design.com\/es\/producto\/tubes-pro-kids\/\" \/>\n<meta property=\"og:site_name\" content=\"TAPEDESIGN\" \/>\n<meta property=\"article:publisher\" content=\"https:\/\/www.facebook.com\/tapedesigncom\/\" \/>\n<meta property=\"article:modified_time\" content=\"2026-04-14T10:35:11+00:00\" \/>\n<meta property=\"og:image\" content=\"https:\/\/www.tape-design.com\/app\/uploads\/2026\/03\/KIDS_TUBES_PRO_WHITE.jpg\" \/>\n\t<meta property=\"og:image:width\" content=\"1080\" \/>\n\t<meta property=\"og:image:height\" content=\"1080\" \/>\n\t<meta property=\"og:image:type\" content=\"image\/jpeg\" \/>\n<meta name=\"twitter:card\" content=\"summary_large_image\" \/>\n<meta name=\"twitter:label1\" content=\"Tiempo de lectura\" \/>\n\t<meta name=\"twitter:data1\" content=\"1 minuto\" \/>\n<script type=\"application\/ld+json\" class=\"yoast-schema-graph\">{\"@context\":\"https:\/\/schema.org\",\"@graph\":[{\"@type\":\"WebPage\",\"@id\":\"https:\/\/www.tape-design.com\/es\/producto\/tubes-pro-kids\/\",\"url\":\"https:\/\/www.tape-design.com\/es\/producto\/tubes-pro-kids\/\",\"name\":\"Tubes PRO\u00ae KIDS - TAPEDESIGN\",\"isPartOf\":{\"@id\":\"https:\/\/www.tape-design.com\/#website\"},\"primaryImageOfPage\":{\"@id\":\"https:\/\/www.tape-design.com\/es\/producto\/tubes-pro-kids\/#primaryimage\"},\"image\":{\"@id\":\"https:\/\/www.tape-design.com\/es\/producto\/tubes-pro-kids\/#primaryimage\"},\"thumbnailUrl\":\"https:\/\/www.tape-design.com\/app\/uploads\/2026\/03\/KIDS_TUBES_PRO_WHITE.jpg\",\"datePublished\":\"2026-03-09T09:00:09+00:00\",\"dateModified\":\"2026-04-14T10:35:11+00:00\",\"breadcrumb\":{\"@id\":\"https:\/\/www.tape-design.com\/es\/producto\/tubes-pro-kids\/#breadcrumb\"},\"inLanguage\":\"es\",\"potentialAction\":[{\"@type\":\"ReadAction\",\"target\":[\"https:\/\/www.tape-design.com\/es\/producto\/tubes-pro-kids\/\"]}]},{\"@type\":\"ImageObject\",\"inLanguage\":\"es\",\"@id\":\"https:\/\/www.tape-design.com\/es\/producto\/tubes-pro-kids\/#primaryimage\",\"url\":\"https:\/\/www.tape-design.com\/app\/uploads\/2026\/03\/KIDS_TUBES_PRO_WHITE.jpg\",\"contentUrl\":\"https:\/\/www.tape-design.com\/app\/uploads\/2026\/03\/KIDS_TUBES_PRO_WHITE.jpg\",\"width\":1080,\"height\":1080},{\"@type\":\"BreadcrumbList\",\"@id\":\"https:\/\/www.tape-design.com\/es\/producto\/tubes-pro-kids\/#breadcrumb\",\"itemListElement\":[{\"@type\":\"ListItem\",\"position\":1,\"name\":\"Home\",\"item\":\"https:\/\/www.tape-design.com\/es\/\"},{\"@type\":\"ListItem\",\"position\":2,\"name\":\"Shop\",\"item\":\"https:\/\/www.tape-design.com\/es\/shop\/\"},{\"@type\":\"ListItem\",\"position\":3,\"name\":\"Tubes PRO\u00ae KIDS\"}]},{\"@type\":\"WebSite\",\"@id\":\"https:\/\/www.tape-design.com\/#website\",\"url\":\"https:\/\/www.tape-design.com\/\",\"name\":\"TAPEDESIGN\",\"description\":\"Always a step ahead\",\"publisher\":{\"@id\":\"https:\/\/www.tape-design.com\/#organization\"},\"potentialAction\":[{\"@type\":\"SearchAction\",\"target\":{\"@type\":\"EntryPoint\",\"urlTemplate\":\"https:\/\/www.tape-design.com\/?s={search_term_string}\"},\"query-input\":{\"@type\":\"PropertyValueSpecification\",\"valueRequired\":true,\"valueName\":\"search_term_string\"}}],\"inLanguage\":\"es\"},{\"@type\":\"Organization\",\"@id\":\"https:\/\/www.tape-design.com\/#organization\",\"name\":\"TAPEDESIGN\",\"url\":\"https:\/\/www.tape-design.com\/\",\"logo\":{\"@type\":\"ImageObject\",\"inLanguage\":\"es\",\"@id\":\"https:\/\/www.tape-design.com\/#\/schema\/logo\/image\/\",\"url\":\"https:\/\/www.tape-design.com\/app\/uploads\/2020\/11\/Logosmall.png\",\"contentUrl\":\"https:\/\/www.tape-design.com\/app\/uploads\/2020\/11\/Logosmall.png\",\"width\":340,\"height\":156,\"caption\":\"TAPEDESIGN\"},\"image\":{\"@id\":\"https:\/\/www.tape-design.com\/#\/schema\/logo\/image\/\"},\"sameAs\":[\"https:\/\/www.facebook.com\/tapedesigncom\/\",\"https:\/\/www.instagram.com\/tapedesign_socks\/?hl=de\"]}]}<\/script>","yoast_head_json":{"title":"Tubes PRO\u00ae KIDS - TAPEDESIGN","robots":{"index":"index","follow":"follow","max-snippet":"max-snippet:-1","max-image-preview":"max-image-preview:large","max-video-preview":"max-video-preview:-1"},"canonical":"https:\/\/www.tape-design.com\/es\/producto\/tubes-pro-kids\/","og_locale":"es_ES","og_type":"article","og_title":"Tubes PRO\u00ae KIDS - TAPEDESIGN","og_description":"Descubre las TAPEDESIGN Tubes Pro\u00ae KIDS Las Tubes Pro KIDS han sido desarrolladas especialmente para j\u00f3venes deportistas y garantizan un ajuste c\u00f3modo y una libertad de movimiento \u00f3ptima. Gracias al&hellip;","og_url":"https:\/\/www.tape-design.com\/es\/producto\/tubes-pro-kids\/","og_site_name":"TAPEDESIGN","article_publisher":"https:\/\/www.facebook.com\/tapedesigncom\/","article_modified_time":"2026-04-14T10:35:11+00:00","og_image":[{"width":1080,"height":1080,"url":"https:\/\/www.tape-design.com\/app\/uploads\/2026\/03\/KIDS_TUBES_PRO_WHITE.jpg","type":"image\/jpeg"}],"twitter_card":"summary_large_image","twitter_misc":{"Tiempo de lectura":"1 minuto"},"schema":{"@context":"https:\/\/schema.org","@graph":[{"@type":"WebPage","@id":"https:\/\/www.tape-design.com\/es\/producto\/tubes-pro-kids\/","url":"https:\/\/www.tape-design.com\/es\/producto\/tubes-pro-kids\/","name":"Tubes PRO\u00ae KIDS - TAPEDESIGN","isPartOf":{"@id":"https:\/\/www.tape-design.com\/#website"},"primaryImageOfPage":{"@id":"https:\/\/www.tape-design.com\/es\/producto\/tubes-pro-kids\/#primaryimage"},"image":{"@id":"https:\/\/www.tape-design.com\/es\/producto\/tubes-pro-kids\/#primaryimage"},"thumbnailUrl":"https:\/\/www.tape-design.com\/app\/uploads\/2026\/03\/KIDS_TUBES_PRO_WHITE.jpg","datePublished":"2026-03-09T09:00:09+00:00","dateModified":"2026-04-14T10:35:11+00:00","breadcrumb":{"@id":"https:\/\/www.tape-design.com\/es\/producto\/tubes-pro-kids\/#breadcrumb"},"inLanguage":"es","potentialAction":[{"@type":"ReadAction","target":["https:\/\/www.tape-design.com\/es\/producto\/tubes-pro-kids\/"]}]},{"@type":"ImageObject","inLanguage":"es","@id":"https:\/\/www.tape-design.com\/es\/producto\/tubes-pro-kids\/#primaryimage","url":"https:\/\/www.tape-design.com\/app\/uploads\/2026\/03\/KIDS_TUBES_PRO_WHITE.jpg","contentUrl":"https:\/\/www.tape-design.com\/app\/uploads\/2026\/03\/KIDS_TUBES_PRO_WHITE.jpg","width":1080,"height":1080},{"@type":"BreadcrumbList","@id":"https:\/\/www.tape-design.com\/es\/producto\/tubes-pro-kids\/#breadcrumb","itemListElement":[{"@type":"ListItem","position":1,"name":"Home","item":"https:\/\/www.tape-design.com\/es\/"},{"@type":"ListItem","position":2,"name":"Shop","item":"https:\/\/www.tape-design.com\/es\/shop\/"},{"@type":"ListItem","position":3,"name":"Tubes PRO\u00ae KIDS"}]},{"@type":"WebSite","@id":"https:\/\/www.tape-design.com\/#website","url":"https:\/\/www.tape-design.com\/","name":"TAPEDESIGN","description":"Always a step ahead","publisher":{"@id":"https:\/\/www.tape-design.com\/#organization"},"potentialAction":[{"@type":"SearchAction","target":{"@type":"EntryPoint","urlTemplate":"https:\/\/www.tape-design.com\/?s={search_term_string}"},"query-input":{"@type":"PropertyValueSpecification","valueRequired":true,"valueName":"search_term_string"}}],"inLanguage":"es"},{"@type":"Organization","@id":"https:\/\/www.tape-design.com\/#organization","name":"TAPEDESIGN","url":"https:\/\/www.tape-design.com\/","logo":{"@type":"ImageObject","inLanguage":"es","@id":"https:\/\/www.tape-design.com\/#\/schema\/logo\/image\/","url":"https:\/\/www.tape-design.com\/app\/uploads\/2020\/11\/Logosmall.png","contentUrl":"https:\/\/www.tape-design.com\/app\/uploads\/2020\/11\/Logosmall.png","width":340,"height":156,"caption":"TAPEDESIGN"},"image":{"@id":"https:\/\/www.tape-design.com\/#\/schema\/logo\/image\/"},"sameAs":["https:\/\/www.facebook.com\/tapedesigncom\/","https:\/\/www.instagram.com\/tapedesign_socks\/?hl=de"]}]}},"_links":{"self":[{"href":"https:\/\/www.tape-design.com\/es\/wp-json\/wp\/v2\/product\/142715","targetHints":{"allow":["GET"]}}],"collection":[{"href":"https:\/\/www.tape-design.com\/es\/wp-json\/wp\/v2\/product"}],"about":[{"href":"https:\/\/www.tape-design.com\/es\/wp-json\/wp\/v2\/types\/product"}],"wp:featuredmedia":[{"embeddable":true,"href":"https:\/\/www.tape-design.com\/es\/wp-json\/wp\/v2\/media\/142682"}],"wp:attachment":[{"href":"https:\/\/www.tape-design.com\/es\/wp-json\/wp\/v2\/media?parent=142715"}],"wp:term":[{"taxonomy":"product_cat","embeddable":true,"href":"https:\/\/www.tape-design.com\/es\/wp-json\/wp\/v2\/product_cat?post=142715"},{"taxonomy":"product_tag","embeddable":true,"href":"https:\/\/www.tape-design.com\/es\/wp-json\/wp\/v2\/product_tag?post=142715"},{"taxonomy":"giftcard-category","embeddable":true,"href":"https:\/\/www.tape-design.com\/es\/wp-json\/wp\/v2\/giftcard-category?post=142715"}],"curies":[{"name":"wp","href":"https:\/\/api.w.org\/{rel}","templated":true}]}}