{"id":15426,"date":"2020-11-05T09:08:42","date_gmt":"2020-11-05T08:08:42","guid":{"rendered":"http:\/\/tapedesign.sw763nap.at.edis.global\/product\/allround-socks-classic-with-id\/"},"modified":"2026-01-15T14:51:04","modified_gmt":"2026-01-15T13:51:04","slug":"allround-socks-classic-with-id","status":"publish","type":"product","link":"https:\/\/www.tape-design.com\/es\/producto\/allround-socks-classic-with-id\/","title":{"rendered":"Allround Socks Classic with ID"},"content":{"rendered":"<p>Los calcetines antideslizantes &#8220;cl\u00e1sicos&#8221; impresionan por su gran comodidad y su \u00f3ptima sujeci\u00f3n en el zapato. En el campo del f\u00fatbol esta tecnolog\u00eda ya es indispensable para muchos atletas.<\/p>\n<p>Como ya se conoce del producto original &#8220;Classic&#8221;, se trata de un calcet\u00edn largo, de uso individual, que proporciona m\u00e1s sensaci\u00f3n y una sujeci\u00f3n estable en el zapato gracias a los nudos de goma especialmente colocados en el exterior. La compresi\u00f3n de este producto tambi\u00e9n se encontr\u00f3 con una respuesta insana en un tiempo muy corto.<\/p>\n<ul>\n<li>TAMA\u00d1O UNO (tama\u00f1o 37 &#8211; 48) debido al procesamiento especial del material de muy alta calidad<\/li>\n<li>nubes de goma especialmente colocadas en el exterior en forma de pie ergon\u00f3mico para una perfecta sujeci\u00f3n en el zapato<\/li>\n<li>La mejor comodidad debido a la alta calidad de la mano de obra.<\/li>\n<li>Probado por atletas profesionales y amateurs en todo tipo de deportes (por ejemplo, correr, f\u00fatbol, baloncesto, tenis, etc.) y se encontr\u00f3 que era excelente&#8230;<\/li>\n<li>puede ser usado para todos los deportes donde se requieran cambios de direcci\u00f3n y movimientos de rotaci\u00f3n<\/li>\n<\/ul>\n<p>\u00a1Siente la diferencia!<\/p>\n","protected":false},"excerpt":{"rendered":"<p>Los calcetines antideslizantes &#8220;cl\u00e1sicos&#8221; impresionan por su gran comodidad y su \u00f3ptima sujeci\u00f3n en el zapato. En el campo del f\u00fatbol esta tecnolog\u00eda ya es indispensable para muchos atletas. Como&hellip;<\/p>\n","protected":false},"featured_media":73988,"template":"","meta":{"_acf_changed":false},"product_cat":[1379,1304,1320,1356],"product_tag":[],"giftcard-category":[],"class_list":{"0":"post-15426","1":"product","2":"type-product","3":"status-publish","4":"has-post-thumbnail","6":"product_cat-socks-es","7":"product_cat-todo","8":"product_cat-classic-socks-es","9":"product_cat-id-socks-es","11":"first","12":"instock","13":"taxable","14":"shipping-taxable","15":"purchasable","16":"product-type-simple"},"bundled_by":[],"bundle_stock_status":"instock","bundle_stock_quantity":-1059,"bundle_virtual":false,"bundle_layout":"","bundle_add_to_cart_form_location":"","bundle_editable_in_cart":false,"bundle_sold_individually_context":"","bundle_item_grouping":"","bundle_min_size":"","bundle_max_size":"","bundle_price":[],"bundled_items":[],"bundle_sell_ids":[],"exclude_global_add_ons":[],"addons":[],"acf":[],"yoast_head":"<title>Allround Socks Classic with ID - TAPEDESIGN<\/title>\n<meta name=\"robots\" content=\"index, follow, max-snippet:-1, max-image-preview:large, max-video-preview:-1\" \/>\n<link rel=\"canonical\" href=\"https:\/\/www.tape-design.com\/es\/producto\/allround-socks-classic-with-id\/\" \/>\n<meta property=\"og:locale\" content=\"es_ES\" \/>\n<meta property=\"og:type\" content=\"article\" \/>\n<meta property=\"og:title\" content=\"Allround Socks Classic with ID - TAPEDESIGN\" \/>\n<meta property=\"og:description\" content=\"Los calcetines antideslizantes &#8220;cl\u00e1sicos&#8221; impresionan por su gran comodidad y su \u00f3ptima sujeci\u00f3n en el zapato. En el campo del f\u00fatbol esta tecnolog\u00eda ya es indispensable para muchos atletas. Como&hellip;\" \/>\n<meta property=\"og:url\" content=\"https:\/\/www.tape-design.com\/es\/producto\/allround-socks-classic-with-id\/\" \/>\n<meta property=\"og:site_name\" content=\"TAPEDESIGN\" \/>\n<meta property=\"article:publisher\" content=\"https:\/\/www.facebook.com\/tapedesigncom\/\" \/>\n<meta property=\"article:modified_time\" content=\"2026-01-15T13:51:04+00:00\" \/>\n<meta property=\"og:image\" content=\"https:\/\/www.tape-design.com\/app\/uploads\/2020\/11\/TD_CRM_2023_TAPEDESIGN_CLASSIC_WITH_ID_NEW_2023.jpg\" \/>\n\t<meta property=\"og:image:width\" content=\"1080\" \/>\n\t<meta property=\"og:image:height\" content=\"1080\" \/>\n\t<meta property=\"og:image:type\" content=\"image\/jpeg\" \/>\n<meta name=\"twitter:card\" content=\"summary_large_image\" \/>\n<meta name=\"twitter:label1\" content=\"Tiempo de lectura\" \/>\n\t<meta name=\"twitter:data1\" content=\"1 minuto\" \/>\n<script type=\"application\/ld+json\" class=\"yoast-schema-graph\">{\"@context\":\"https:\/\/schema.org\",\"@graph\":[{\"@type\":\"WebPage\",\"@id\":\"https:\/\/www.tape-design.com\/es\/producto\/allround-socks-classic-with-id\/\",\"url\":\"https:\/\/www.tape-design.com\/es\/producto\/allround-socks-classic-with-id\/\",\"name\":\"Allround Socks Classic with ID - TAPEDESIGN\",\"isPartOf\":{\"@id\":\"https:\/\/www.tape-design.com\/#website\"},\"primaryImageOfPage\":{\"@id\":\"https:\/\/www.tape-design.com\/es\/producto\/allround-socks-classic-with-id\/#primaryimage\"},\"image\":{\"@id\":\"https:\/\/www.tape-design.com\/es\/producto\/allround-socks-classic-with-id\/#primaryimage\"},\"thumbnailUrl\":\"https:\/\/www.tape-design.com\/app\/uploads\/2020\/11\/TD_CRM_2023_TAPEDESIGN_CLASSIC_WITH_ID_NEW_2023.jpg\",\"datePublished\":\"2020-11-05T08:08:42+00:00\",\"dateModified\":\"2026-01-15T13:51:04+00:00\",\"breadcrumb\":{\"@id\":\"https:\/\/www.tape-design.com\/es\/producto\/allround-socks-classic-with-id\/#breadcrumb\"},\"inLanguage\":\"es\",\"potentialAction\":[{\"@type\":\"ReadAction\",\"target\":[\"https:\/\/www.tape-design.com\/es\/producto\/allround-socks-classic-with-id\/\"]}]},{\"@type\":\"ImageObject\",\"inLanguage\":\"es\",\"@id\":\"https:\/\/www.tape-design.com\/es\/producto\/allround-socks-classic-with-id\/#primaryimage\",\"url\":\"https:\/\/www.tape-design.com\/app\/uploads\/2020\/11\/TD_CRM_2023_TAPEDESIGN_CLASSIC_WITH_ID_NEW_2023.jpg\",\"contentUrl\":\"https:\/\/www.tape-design.com\/app\/uploads\/2020\/11\/TD_CRM_2023_TAPEDESIGN_CLASSIC_WITH_ID_NEW_2023.jpg\",\"width\":1080,\"height\":1080},{\"@type\":\"BreadcrumbList\",\"@id\":\"https:\/\/www.tape-design.com\/es\/producto\/allround-socks-classic-with-id\/#breadcrumb\",\"itemListElement\":[{\"@type\":\"ListItem\",\"position\":1,\"name\":\"Home\",\"item\":\"https:\/\/www.tape-design.com\/es\/\"},{\"@type\":\"ListItem\",\"position\":2,\"name\":\"Shop\",\"item\":\"https:\/\/www.tape-design.com\/es\/shop\/\"},{\"@type\":\"ListItem\",\"position\":3,\"name\":\"Allround Socks Classic with ID\"}]},{\"@type\":\"WebSite\",\"@id\":\"https:\/\/www.tape-design.com\/#website\",\"url\":\"https:\/\/www.tape-design.com\/\",\"name\":\"TAPEDESIGN\",\"description\":\"Always a step ahead\",\"publisher\":{\"@id\":\"https:\/\/www.tape-design.com\/#organization\"},\"potentialAction\":[{\"@type\":\"SearchAction\",\"target\":{\"@type\":\"EntryPoint\",\"urlTemplate\":\"https:\/\/www.tape-design.com\/?s={search_term_string}\"},\"query-input\":{\"@type\":\"PropertyValueSpecification\",\"valueRequired\":true,\"valueName\":\"search_term_string\"}}],\"inLanguage\":\"es\"},{\"@type\":\"Organization\",\"@id\":\"https:\/\/www.tape-design.com\/#organization\",\"name\":\"TAPEDESIGN\",\"url\":\"https:\/\/www.tape-design.com\/\",\"logo\":{\"@type\":\"ImageObject\",\"inLanguage\":\"es\",\"@id\":\"https:\/\/www.tape-design.com\/#\/schema\/logo\/image\/\",\"url\":\"https:\/\/www.tape-design.com\/app\/uploads\/2020\/11\/Logosmall.png\",\"contentUrl\":\"https:\/\/www.tape-design.com\/app\/uploads\/2020\/11\/Logosmall.png\",\"width\":340,\"height\":156,\"caption\":\"TAPEDESIGN\"},\"image\":{\"@id\":\"https:\/\/www.tape-design.com\/#\/schema\/logo\/image\/\"},\"sameAs\":[\"https:\/\/www.facebook.com\/tapedesigncom\/\",\"https:\/\/www.instagram.com\/tapedesign_socks\/?hl=de\"]}]}<\/script>","yoast_head_json":{"title":"Allround Socks Classic with ID - TAPEDESIGN","robots":{"index":"index","follow":"follow","max-snippet":"max-snippet:-1","max-image-preview":"max-image-preview:large","max-video-preview":"max-video-preview:-1"},"canonical":"https:\/\/www.tape-design.com\/es\/producto\/allround-socks-classic-with-id\/","og_locale":"es_ES","og_type":"article","og_title":"Allround Socks Classic with ID - TAPEDESIGN","og_description":"Los calcetines antideslizantes &#8220;cl\u00e1sicos&#8221; impresionan por su gran comodidad y su \u00f3ptima sujeci\u00f3n en el zapato. En el campo del f\u00fatbol esta tecnolog\u00eda ya es indispensable para muchos atletas. Como&hellip;","og_url":"https:\/\/www.tape-design.com\/es\/producto\/allround-socks-classic-with-id\/","og_site_name":"TAPEDESIGN","article_publisher":"https:\/\/www.facebook.com\/tapedesigncom\/","article_modified_time":"2026-01-15T13:51:04+00:00","og_image":[{"width":1080,"height":1080,"url":"https:\/\/www.tape-design.com\/app\/uploads\/2020\/11\/TD_CRM_2023_TAPEDESIGN_CLASSIC_WITH_ID_NEW_2023.jpg","type":"image\/jpeg"}],"twitter_card":"summary_large_image","twitter_misc":{"Tiempo de lectura":"1 minuto"},"schema":{"@context":"https:\/\/schema.org","@graph":[{"@type":"WebPage","@id":"https:\/\/www.tape-design.com\/es\/producto\/allround-socks-classic-with-id\/","url":"https:\/\/www.tape-design.com\/es\/producto\/allround-socks-classic-with-id\/","name":"Allround Socks Classic with ID - TAPEDESIGN","isPartOf":{"@id":"https:\/\/www.tape-design.com\/#website"},"primaryImageOfPage":{"@id":"https:\/\/www.tape-design.com\/es\/producto\/allround-socks-classic-with-id\/#primaryimage"},"image":{"@id":"https:\/\/www.tape-design.com\/es\/producto\/allround-socks-classic-with-id\/#primaryimage"},"thumbnailUrl":"https:\/\/www.tape-design.com\/app\/uploads\/2020\/11\/TD_CRM_2023_TAPEDESIGN_CLASSIC_WITH_ID_NEW_2023.jpg","datePublished":"2020-11-05T08:08:42+00:00","dateModified":"2026-01-15T13:51:04+00:00","breadcrumb":{"@id":"https:\/\/www.tape-design.com\/es\/producto\/allround-socks-classic-with-id\/#breadcrumb"},"inLanguage":"es","potentialAction":[{"@type":"ReadAction","target":["https:\/\/www.tape-design.com\/es\/producto\/allround-socks-classic-with-id\/"]}]},{"@type":"ImageObject","inLanguage":"es","@id":"https:\/\/www.tape-design.com\/es\/producto\/allround-socks-classic-with-id\/#primaryimage","url":"https:\/\/www.tape-design.com\/app\/uploads\/2020\/11\/TD_CRM_2023_TAPEDESIGN_CLASSIC_WITH_ID_NEW_2023.jpg","contentUrl":"https:\/\/www.tape-design.com\/app\/uploads\/2020\/11\/TD_CRM_2023_TAPEDESIGN_CLASSIC_WITH_ID_NEW_2023.jpg","width":1080,"height":1080},{"@type":"BreadcrumbList","@id":"https:\/\/www.tape-design.com\/es\/producto\/allround-socks-classic-with-id\/#breadcrumb","itemListElement":[{"@type":"ListItem","position":1,"name":"Home","item":"https:\/\/www.tape-design.com\/es\/"},{"@type":"ListItem","position":2,"name":"Shop","item":"https:\/\/www.tape-design.com\/es\/shop\/"},{"@type":"ListItem","position":3,"name":"Allround Socks Classic with ID"}]},{"@type":"WebSite","@id":"https:\/\/www.tape-design.com\/#website","url":"https:\/\/www.tape-design.com\/","name":"TAPEDESIGN","description":"Always a step ahead","publisher":{"@id":"https:\/\/www.tape-design.com\/#organization"},"potentialAction":[{"@type":"SearchAction","target":{"@type":"EntryPoint","urlTemplate":"https:\/\/www.tape-design.com\/?s={search_term_string}"},"query-input":{"@type":"PropertyValueSpecification","valueRequired":true,"valueName":"search_term_string"}}],"inLanguage":"es"},{"@type":"Organization","@id":"https:\/\/www.tape-design.com\/#organization","name":"TAPEDESIGN","url":"https:\/\/www.tape-design.com\/","logo":{"@type":"ImageObject","inLanguage":"es","@id":"https:\/\/www.tape-design.com\/#\/schema\/logo\/image\/","url":"https:\/\/www.tape-design.com\/app\/uploads\/2020\/11\/Logosmall.png","contentUrl":"https:\/\/www.tape-design.com\/app\/uploads\/2020\/11\/Logosmall.png","width":340,"height":156,"caption":"TAPEDESIGN"},"image":{"@id":"https:\/\/www.tape-design.com\/#\/schema\/logo\/image\/"},"sameAs":["https:\/\/www.facebook.com\/tapedesigncom\/","https:\/\/www.instagram.com\/tapedesign_socks\/?hl=de"]}]}},"_links":{"self":[{"href":"https:\/\/www.tape-design.com\/es\/wp-json\/wp\/v2\/product\/15426","targetHints":{"allow":["GET"]}}],"collection":[{"href":"https:\/\/www.tape-design.com\/es\/wp-json\/wp\/v2\/product"}],"about":[{"href":"https:\/\/www.tape-design.com\/es\/wp-json\/wp\/v2\/types\/product"}],"wp:featuredmedia":[{"embeddable":true,"href":"https:\/\/www.tape-design.com\/es\/wp-json\/wp\/v2\/media\/73988"}],"wp:attachment":[{"href":"https:\/\/www.tape-design.com\/es\/wp-json\/wp\/v2\/media?parent=15426"}],"wp:term":[{"taxonomy":"product_cat","embeddable":true,"href":"https:\/\/www.tape-design.com\/es\/wp-json\/wp\/v2\/product_cat?post=15426"},{"taxonomy":"product_tag","embeddable":true,"href":"https:\/\/www.tape-design.com\/es\/wp-json\/wp\/v2\/product_tag?post=15426"},{"taxonomy":"giftcard-category","embeddable":true,"href":"https:\/\/www.tape-design.com\/es\/wp-json\/wp\/v2\/giftcard-category?post=15426"}],"curies":[{"name":"wp","href":"https:\/\/api.w.org\/{rel}","templated":true}]}}