{"id":18394,"date":"2020-11-24T11:15:07","date_gmt":"2020-11-24T10:15:07","guid":{"rendered":"http:\/\/tapedesign.sw763nap.at.edis.global\/product\/allround-socks-classic-kids\/"},"modified":"2026-01-22T13:38:08","modified_gmt":"2026-01-22T12:38:08","slug":"allround-socks-classic-kids","status":"publish","type":"product","link":"https:\/\/www.tape-design.com\/es\/producto\/allround-socks-classic-kids\/","title":{"rendered":"Calcetines Allround &#8220;Classic Kids&#8221;"},"content":{"rendered":"<p>Este es un calcet\u00edn especial para todo, que proporciona m\u00e1s agarre y fuerza, sin importar en qu\u00e9 zapato. Debido a la especial composici\u00f3n del material, los calcetines son muy c\u00f3modos y al mismo tiempo extremadamente el\u00e1sticos, por lo que se ajustan a cada pie de forma ergon\u00f3mica.<\/p>\n<ul>\n<li>TAMA\u00d1O \u00daNICO (Gr. 37 \u2013 48) debido al procesamiento especial del material de muy alta calidad<\/li>\n<li>nubes de goma especialmente colocadas en el exterior en forma de pie ergon\u00f3mico para una perfecta sujeci\u00f3n en el zapato<\/li>\n<\/ul>\n<p>&nbsp;<\/p>\n<p>Sentir la diferencia!<\/p>\n","protected":false},"excerpt":{"rendered":"<p>Este es un calcet\u00edn especial para todo, que proporciona m\u00e1s agarre y fuerza, sin importar en qu\u00e9 zapato. Debido a la especial composici\u00f3n del material, los calcetines son muy c\u00f3modos&hellip;<\/p>\n","protected":false},"featured_media":74096,"template":"","meta":{"_acf_changed":false},"product_cat":[3106,1379,1304,1320],"product_tag":[],"giftcard-category":[],"class_list":{"0":"post-18394","1":"product","2":"type-product","3":"status-publish","4":"has-post-thumbnail","6":"product_cat-kids-es","7":"product_cat-socks-es","8":"product_cat-todo","9":"product_cat-classic-socks-es","11":"first","12":"instock","13":"taxable","14":"shipping-taxable","15":"purchasable","16":"product-type-variable","17":"has-default-attributes"},"bundled_by":["134878","135478","142742"],"bundle_stock_status":"instock","bundle_stock_quantity":null,"bundle_virtual":false,"bundle_layout":"","bundle_add_to_cart_form_location":"","bundle_editable_in_cart":false,"bundle_sold_individually_context":"","bundle_item_grouping":"","bundle_min_size":"","bundle_max_size":"","bundle_price":[],"bundled_items":[],"bundle_sell_ids":[],"exclude_global_add_ons":[],"addons":[],"acf":[],"yoast_head":"<title>Calcetines Allround &quot;Classic Kids&quot; - TAPEDESIGN<\/title>\n<meta name=\"robots\" content=\"index, follow, max-snippet:-1, max-image-preview:large, max-video-preview:-1\" \/>\n<link rel=\"canonical\" href=\"https:\/\/www.tape-design.com\/es\/producto\/allround-socks-classic-kids\/\" \/>\n<meta property=\"og:locale\" content=\"es_ES\" \/>\n<meta property=\"og:type\" content=\"article\" \/>\n<meta property=\"og:title\" content=\"Calcetines Allround &quot;Classic Kids&quot; - TAPEDESIGN\" \/>\n<meta property=\"og:description\" content=\"Este es un calcet\u00edn especial para todo, que proporciona m\u00e1s agarre y fuerza, sin importar en qu\u00e9 zapato. Debido a la especial composici\u00f3n del material, los calcetines son muy c\u00f3modos&hellip;\" \/>\n<meta property=\"og:url\" content=\"https:\/\/www.tape-design.com\/es\/producto\/allround-socks-classic-kids\/\" \/>\n<meta property=\"og:site_name\" content=\"TAPEDESIGN\" \/>\n<meta property=\"article:publisher\" content=\"https:\/\/www.facebook.com\/tapedesigncom\/\" \/>\n<meta property=\"article:modified_time\" content=\"2026-01-22T12:38:08+00:00\" \/>\n<meta property=\"og:image\" content=\"https:\/\/www.tape-design.com\/app\/uploads\/2020\/11\/TD_CRM_2023_TAPEDESIGN_KIDS_SOCKS_NEW_2023.jpg\" \/>\n\t<meta property=\"og:image:width\" content=\"1080\" \/>\n\t<meta property=\"og:image:height\" content=\"1080\" \/>\n\t<meta property=\"og:image:type\" content=\"image\/jpeg\" \/>\n<meta name=\"twitter:card\" content=\"summary_large_image\" \/>\n<script type=\"application\/ld+json\" class=\"yoast-schema-graph\">{\"@context\":\"https:\/\/schema.org\",\"@graph\":[{\"@type\":\"WebPage\",\"@id\":\"https:\/\/www.tape-design.com\/es\/producto\/allround-socks-classic-kids\/\",\"url\":\"https:\/\/www.tape-design.com\/es\/producto\/allround-socks-classic-kids\/\",\"name\":\"Calcetines Allround \\\"Classic Kids\\\" - TAPEDESIGN\",\"isPartOf\":{\"@id\":\"https:\/\/www.tape-design.com\/#website\"},\"primaryImageOfPage\":{\"@id\":\"https:\/\/www.tape-design.com\/es\/producto\/allround-socks-classic-kids\/#primaryimage\"},\"image\":{\"@id\":\"https:\/\/www.tape-design.com\/es\/producto\/allround-socks-classic-kids\/#primaryimage\"},\"thumbnailUrl\":\"https:\/\/www.tape-design.com\/app\/uploads\/2020\/11\/TD_CRM_2023_TAPEDESIGN_KIDS_SOCKS_NEW_2023.jpg\",\"datePublished\":\"2020-11-24T10:15:07+00:00\",\"dateModified\":\"2026-01-22T12:38:08+00:00\",\"breadcrumb\":{\"@id\":\"https:\/\/www.tape-design.com\/es\/producto\/allround-socks-classic-kids\/#breadcrumb\"},\"inLanguage\":\"es\",\"potentialAction\":[{\"@type\":\"ReadAction\",\"target\":[\"https:\/\/www.tape-design.com\/es\/producto\/allround-socks-classic-kids\/\"]}]},{\"@type\":\"ImageObject\",\"inLanguage\":\"es\",\"@id\":\"https:\/\/www.tape-design.com\/es\/producto\/allround-socks-classic-kids\/#primaryimage\",\"url\":\"https:\/\/www.tape-design.com\/app\/uploads\/2020\/11\/TD_CRM_2023_TAPEDESIGN_KIDS_SOCKS_NEW_2023.jpg\",\"contentUrl\":\"https:\/\/www.tape-design.com\/app\/uploads\/2020\/11\/TD_CRM_2023_TAPEDESIGN_KIDS_SOCKS_NEW_2023.jpg\",\"width\":1080,\"height\":1080},{\"@type\":\"BreadcrumbList\",\"@id\":\"https:\/\/www.tape-design.com\/es\/producto\/allround-socks-classic-kids\/#breadcrumb\",\"itemListElement\":[{\"@type\":\"ListItem\",\"position\":1,\"name\":\"Home\",\"item\":\"https:\/\/www.tape-design.com\/es\/\"},{\"@type\":\"ListItem\",\"position\":2,\"name\":\"Shop\",\"item\":\"https:\/\/www.tape-design.com\/es\/shop\/\"},{\"@type\":\"ListItem\",\"position\":3,\"name\":\"Calcetines Allround &#8220;Classic Kids&#8221;\"}]},{\"@type\":\"WebSite\",\"@id\":\"https:\/\/www.tape-design.com\/#website\",\"url\":\"https:\/\/www.tape-design.com\/\",\"name\":\"TAPEDESIGN\",\"description\":\"Always a step ahead\",\"publisher\":{\"@id\":\"https:\/\/www.tape-design.com\/#organization\"},\"potentialAction\":[{\"@type\":\"SearchAction\",\"target\":{\"@type\":\"EntryPoint\",\"urlTemplate\":\"https:\/\/www.tape-design.com\/?s={search_term_string}\"},\"query-input\":{\"@type\":\"PropertyValueSpecification\",\"valueRequired\":true,\"valueName\":\"search_term_string\"}}],\"inLanguage\":\"es\"},{\"@type\":\"Organization\",\"@id\":\"https:\/\/www.tape-design.com\/#organization\",\"name\":\"TAPEDESIGN\",\"url\":\"https:\/\/www.tape-design.com\/\",\"logo\":{\"@type\":\"ImageObject\",\"inLanguage\":\"es\",\"@id\":\"https:\/\/www.tape-design.com\/#\/schema\/logo\/image\/\",\"url\":\"https:\/\/www.tape-design.com\/app\/uploads\/2020\/11\/Logosmall.png\",\"contentUrl\":\"https:\/\/www.tape-design.com\/app\/uploads\/2020\/11\/Logosmall.png\",\"width\":340,\"height\":156,\"caption\":\"TAPEDESIGN\"},\"image\":{\"@id\":\"https:\/\/www.tape-design.com\/#\/schema\/logo\/image\/\"},\"sameAs\":[\"https:\/\/www.facebook.com\/tapedesigncom\/\",\"https:\/\/www.instagram.com\/tapedesign_socks\/?hl=de\"]}]}<\/script>","yoast_head_json":{"title":"Calcetines Allround \"Classic Kids\" - TAPEDESIGN","robots":{"index":"index","follow":"follow","max-snippet":"max-snippet:-1","max-image-preview":"max-image-preview:large","max-video-preview":"max-video-preview:-1"},"canonical":"https:\/\/www.tape-design.com\/es\/producto\/allround-socks-classic-kids\/","og_locale":"es_ES","og_type":"article","og_title":"Calcetines Allround \"Classic Kids\" - TAPEDESIGN","og_description":"Este es un calcet\u00edn especial para todo, que proporciona m\u00e1s agarre y fuerza, sin importar en qu\u00e9 zapato. Debido a la especial composici\u00f3n del material, los calcetines son muy c\u00f3modos&hellip;","og_url":"https:\/\/www.tape-design.com\/es\/producto\/allround-socks-classic-kids\/","og_site_name":"TAPEDESIGN","article_publisher":"https:\/\/www.facebook.com\/tapedesigncom\/","article_modified_time":"2026-01-22T12:38:08+00:00","og_image":[{"width":1080,"height":1080,"url":"https:\/\/www.tape-design.com\/app\/uploads\/2020\/11\/TD_CRM_2023_TAPEDESIGN_KIDS_SOCKS_NEW_2023.jpg","type":"image\/jpeg"}],"twitter_card":"summary_large_image","schema":{"@context":"https:\/\/schema.org","@graph":[{"@type":"WebPage","@id":"https:\/\/www.tape-design.com\/es\/producto\/allround-socks-classic-kids\/","url":"https:\/\/www.tape-design.com\/es\/producto\/allround-socks-classic-kids\/","name":"Calcetines Allround \"Classic Kids\" - TAPEDESIGN","isPartOf":{"@id":"https:\/\/www.tape-design.com\/#website"},"primaryImageOfPage":{"@id":"https:\/\/www.tape-design.com\/es\/producto\/allround-socks-classic-kids\/#primaryimage"},"image":{"@id":"https:\/\/www.tape-design.com\/es\/producto\/allround-socks-classic-kids\/#primaryimage"},"thumbnailUrl":"https:\/\/www.tape-design.com\/app\/uploads\/2020\/11\/TD_CRM_2023_TAPEDESIGN_KIDS_SOCKS_NEW_2023.jpg","datePublished":"2020-11-24T10:15:07+00:00","dateModified":"2026-01-22T12:38:08+00:00","breadcrumb":{"@id":"https:\/\/www.tape-design.com\/es\/producto\/allround-socks-classic-kids\/#breadcrumb"},"inLanguage":"es","potentialAction":[{"@type":"ReadAction","target":["https:\/\/www.tape-design.com\/es\/producto\/allround-socks-classic-kids\/"]}]},{"@type":"ImageObject","inLanguage":"es","@id":"https:\/\/www.tape-design.com\/es\/producto\/allround-socks-classic-kids\/#primaryimage","url":"https:\/\/www.tape-design.com\/app\/uploads\/2020\/11\/TD_CRM_2023_TAPEDESIGN_KIDS_SOCKS_NEW_2023.jpg","contentUrl":"https:\/\/www.tape-design.com\/app\/uploads\/2020\/11\/TD_CRM_2023_TAPEDESIGN_KIDS_SOCKS_NEW_2023.jpg","width":1080,"height":1080},{"@type":"BreadcrumbList","@id":"https:\/\/www.tape-design.com\/es\/producto\/allround-socks-classic-kids\/#breadcrumb","itemListElement":[{"@type":"ListItem","position":1,"name":"Home","item":"https:\/\/www.tape-design.com\/es\/"},{"@type":"ListItem","position":2,"name":"Shop","item":"https:\/\/www.tape-design.com\/es\/shop\/"},{"@type":"ListItem","position":3,"name":"Calcetines Allround &#8220;Classic Kids&#8221;"}]},{"@type":"WebSite","@id":"https:\/\/www.tape-design.com\/#website","url":"https:\/\/www.tape-design.com\/","name":"TAPEDESIGN","description":"Always a step ahead","publisher":{"@id":"https:\/\/www.tape-design.com\/#organization"},"potentialAction":[{"@type":"SearchAction","target":{"@type":"EntryPoint","urlTemplate":"https:\/\/www.tape-design.com\/?s={search_term_string}"},"query-input":{"@type":"PropertyValueSpecification","valueRequired":true,"valueName":"search_term_string"}}],"inLanguage":"es"},{"@type":"Organization","@id":"https:\/\/www.tape-design.com\/#organization","name":"TAPEDESIGN","url":"https:\/\/www.tape-design.com\/","logo":{"@type":"ImageObject","inLanguage":"es","@id":"https:\/\/www.tape-design.com\/#\/schema\/logo\/image\/","url":"https:\/\/www.tape-design.com\/app\/uploads\/2020\/11\/Logosmall.png","contentUrl":"https:\/\/www.tape-design.com\/app\/uploads\/2020\/11\/Logosmall.png","width":340,"height":156,"caption":"TAPEDESIGN"},"image":{"@id":"https:\/\/www.tape-design.com\/#\/schema\/logo\/image\/"},"sameAs":["https:\/\/www.facebook.com\/tapedesigncom\/","https:\/\/www.instagram.com\/tapedesign_socks\/?hl=de"]}]}},"_links":{"self":[{"href":"https:\/\/www.tape-design.com\/es\/wp-json\/wp\/v2\/product\/18394","targetHints":{"allow":["GET"]}}],"collection":[{"href":"https:\/\/www.tape-design.com\/es\/wp-json\/wp\/v2\/product"}],"about":[{"href":"https:\/\/www.tape-design.com\/es\/wp-json\/wp\/v2\/types\/product"}],"wp:featuredmedia":[{"embeddable":true,"href":"https:\/\/www.tape-design.com\/es\/wp-json\/wp\/v2\/media\/74096"}],"wp:attachment":[{"href":"https:\/\/www.tape-design.com\/es\/wp-json\/wp\/v2\/media?parent=18394"}],"wp:term":[{"taxonomy":"product_cat","embeddable":true,"href":"https:\/\/www.tape-design.com\/es\/wp-json\/wp\/v2\/product_cat?post=18394"},{"taxonomy":"product_tag","embeddable":true,"href":"https:\/\/www.tape-design.com\/es\/wp-json\/wp\/v2\/product_tag?post=18394"},{"taxonomy":"giftcard-category","embeddable":true,"href":"https:\/\/www.tape-design.com\/es\/wp-json\/wp\/v2\/giftcard-category?post=18394"}],"curies":[{"name":"wp","href":"https:\/\/api.w.org\/{rel}","templated":true}]}}