{"id":72789,"date":"2023-01-25T09:39:35","date_gmt":"2023-01-25T08:39:36","guid":{"rendered":"https:\/\/www.tape-design.com\/?post_type=product&#038;p=72789"},"modified":"2026-01-16T12:54:52","modified_gmt":"2026-01-16T11:54:52","slug":"tapedesign-superlight-socks-with-id","status":"publish","type":"product","link":"https:\/\/www.tape-design.com\/es\/producto\/tapedesign-superlight-socks-with-id\/","title":{"rendered":"\u201eSUPERLIGHT\u201d Socks (with ID)"},"content":{"rendered":"<p>The NEW special anti-slip \u201cSuperlight\u201d socks impress with their functionality and innovation. Whether in top-level sport or hobby \u2013 always one step ahead!<\/p>\n<p>It is a special superlight sock, which provides more grip and feel no matter which shoe. Due to the special material composition, the socks are very comfortable and extremely elastic at the same time \u2013 so you can adapt to every foot ergonomically.<\/p>\n<p>super thin<br \/>\nextra light, only 26,5 grams per Sock<\/p>\n<p>ONE size (size 37 \u2013 48) due to special processing of the very high quality material<br \/>\nspecial placed rubber knobs on the outside in ergonomic foot shape for a perfect fit in the shoe<br \/>\nbest wearing comfort due to high quality workmanship<br \/>\nVersatile tested by professional and amateur athletes in all kinds of sports (such as football, tennis, handball, volleyball, etc.) and perceived as excellent<br \/>\ncan be used in all sports where direction changes and rotational movements are required<\/p>\n<p>Feel the difference!<\/p>\n<p>Composici\u00f3n: 55% algod\u00f3n, 35% nylon, 7% spandex, 3% poli\u00e9ster<\/p>\n","protected":false},"excerpt":{"rendered":"<p><strong>Nuevos colores disponibles:<\/strong><br \/>\nBlanco, negro, amarillo, azul, rojo, verde, azul marino y gris claro<\/p>\n","protected":false},"featured_media":73983,"template":"","meta":{"_acf_changed":false},"product_cat":[1379,1304,1356],"product_tag":[1415,1419,1403,1427,1439,1443],"giftcard-category":[],"class_list":{"0":"post-72789","1":"product","2":"type-product","3":"status-publish","4":"has-post-thumbnail","6":"product_cat-socks-es","7":"product_cat-todo","8":"product_cat-id-socks-es","9":"product_tag-balompie-es","10":"product_tag-balonmano-es","11":"product_tag-de-baloncesto-es","12":"product_tag-rugby-es","13":"product_tag-tennis-es","14":"product_tag-volleyball-es","15":"product_shipping_class-standard-es","17":"first","18":"instock","19":"taxable","20":"shipping-taxable","21":"purchasable","22":"product-type-simple"},"bundled_by":[],"bundle_stock_status":"instock","bundle_stock_quantity":0,"bundle_virtual":false,"bundle_layout":"","bundle_add_to_cart_form_location":"","bundle_editable_in_cart":false,"bundle_sold_individually_context":"","bundle_item_grouping":"","bundle_min_size":"","bundle_max_size":"","bundle_price":[],"bundled_items":[],"bundle_sell_ids":[],"exclude_global_add_ons":[],"addons":[],"acf":[],"yoast_head":"<title>\u201eSUPERLIGHT\u201d Socks (with ID) - TAPEDESIGN<\/title>\n<meta name=\"robots\" content=\"index, follow, max-snippet:-1, max-image-preview:large, max-video-preview:-1\" \/>\n<link rel=\"canonical\" href=\"https:\/\/www.tape-design.com\/es\/producto\/tapedesign-superlight-socks-with-id\/\" \/>\n<meta property=\"og:locale\" content=\"es_ES\" \/>\n<meta property=\"og:type\" content=\"article\" \/>\n<meta property=\"og:title\" content=\"\u201eSUPERLIGHT\u201d Socks (with ID) - TAPEDESIGN\" \/>\n<meta property=\"og:description\" content=\"Nuevos colores disponibles: Blanco, negro, amarillo, azul, rojo, verde, azul marino y gris claro\" \/>\n<meta property=\"og:url\" content=\"https:\/\/www.tape-design.com\/es\/producto\/tapedesign-superlight-socks-with-id\/\" \/>\n<meta property=\"og:site_name\" content=\"TAPEDESIGN\" \/>\n<meta property=\"article:publisher\" content=\"https:\/\/www.facebook.com\/tapedesigncom\/\" \/>\n<meta property=\"article:modified_time\" content=\"2026-01-16T11:54:52+00:00\" \/>\n<meta property=\"og:image\" content=\"https:\/\/www.tape-design.com\/app\/uploads\/2023\/01\/TD_CRM_2023_TAPEDESIGN_SUPERLIGHT_WITH_ID_NEW_2023-1.jpg\" \/>\n\t<meta property=\"og:image:width\" content=\"1080\" \/>\n\t<meta property=\"og:image:height\" content=\"1080\" \/>\n\t<meta property=\"og:image:type\" content=\"image\/jpeg\" \/>\n<meta name=\"twitter:card\" content=\"summary_large_image\" \/>\n<meta name=\"twitter:label1\" content=\"Tiempo de lectura\" \/>\n\t<meta name=\"twitter:data1\" content=\"1 minuto\" \/>\n<script type=\"application\/ld+json\" class=\"yoast-schema-graph\">{\"@context\":\"https:\/\/schema.org\",\"@graph\":[{\"@type\":\"WebPage\",\"@id\":\"https:\/\/www.tape-design.com\/es\/producto\/tapedesign-superlight-socks-with-id\/\",\"url\":\"https:\/\/www.tape-design.com\/es\/producto\/tapedesign-superlight-socks-with-id\/\",\"name\":\"\u201eSUPERLIGHT\u201d Socks (with ID) - TAPEDESIGN\",\"isPartOf\":{\"@id\":\"https:\/\/www.tape-design.com\/#website\"},\"primaryImageOfPage\":{\"@id\":\"https:\/\/www.tape-design.com\/es\/producto\/tapedesign-superlight-socks-with-id\/#primaryimage\"},\"image\":{\"@id\":\"https:\/\/www.tape-design.com\/es\/producto\/tapedesign-superlight-socks-with-id\/#primaryimage\"},\"thumbnailUrl\":\"https:\/\/www.tape-design.com\/app\/uploads\/2023\/01\/TD_CRM_2023_TAPEDESIGN_SUPERLIGHT_WITH_ID_NEW_2023-1.jpg\",\"datePublished\":\"2023-01-25T08:39:36+00:00\",\"dateModified\":\"2026-01-16T11:54:52+00:00\",\"breadcrumb\":{\"@id\":\"https:\/\/www.tape-design.com\/es\/producto\/tapedesign-superlight-socks-with-id\/#breadcrumb\"},\"inLanguage\":\"es\",\"potentialAction\":[{\"@type\":\"ReadAction\",\"target\":[\"https:\/\/www.tape-design.com\/es\/producto\/tapedesign-superlight-socks-with-id\/\"]}]},{\"@type\":\"ImageObject\",\"inLanguage\":\"es\",\"@id\":\"https:\/\/www.tape-design.com\/es\/producto\/tapedesign-superlight-socks-with-id\/#primaryimage\",\"url\":\"https:\/\/www.tape-design.com\/app\/uploads\/2023\/01\/TD_CRM_2023_TAPEDESIGN_SUPERLIGHT_WITH_ID_NEW_2023-1.jpg\",\"contentUrl\":\"https:\/\/www.tape-design.com\/app\/uploads\/2023\/01\/TD_CRM_2023_TAPEDESIGN_SUPERLIGHT_WITH_ID_NEW_2023-1.jpg\",\"width\":1080,\"height\":1080},{\"@type\":\"BreadcrumbList\",\"@id\":\"https:\/\/www.tape-design.com\/es\/producto\/tapedesign-superlight-socks-with-id\/#breadcrumb\",\"itemListElement\":[{\"@type\":\"ListItem\",\"position\":1,\"name\":\"Home\",\"item\":\"https:\/\/www.tape-design.com\/es\/\"},{\"@type\":\"ListItem\",\"position\":2,\"name\":\"Shop\",\"item\":\"https:\/\/www.tape-design.com\/es\/shop\/\"},{\"@type\":\"ListItem\",\"position\":3,\"name\":\"\u201eSUPERLIGHT\u201d Socks (with ID)\"}]},{\"@type\":\"WebSite\",\"@id\":\"https:\/\/www.tape-design.com\/#website\",\"url\":\"https:\/\/www.tape-design.com\/\",\"name\":\"TAPEDESIGN\",\"description\":\"Always a step ahead\",\"publisher\":{\"@id\":\"https:\/\/www.tape-design.com\/#organization\"},\"potentialAction\":[{\"@type\":\"SearchAction\",\"target\":{\"@type\":\"EntryPoint\",\"urlTemplate\":\"https:\/\/www.tape-design.com\/?s={search_term_string}\"},\"query-input\":{\"@type\":\"PropertyValueSpecification\",\"valueRequired\":true,\"valueName\":\"search_term_string\"}}],\"inLanguage\":\"es\"},{\"@type\":\"Organization\",\"@id\":\"https:\/\/www.tape-design.com\/#organization\",\"name\":\"TAPEDESIGN\",\"url\":\"https:\/\/www.tape-design.com\/\",\"logo\":{\"@type\":\"ImageObject\",\"inLanguage\":\"es\",\"@id\":\"https:\/\/www.tape-design.com\/#\/schema\/logo\/image\/\",\"url\":\"https:\/\/www.tape-design.com\/app\/uploads\/2020\/11\/Logosmall.png\",\"contentUrl\":\"https:\/\/www.tape-design.com\/app\/uploads\/2020\/11\/Logosmall.png\",\"width\":340,\"height\":156,\"caption\":\"TAPEDESIGN\"},\"image\":{\"@id\":\"https:\/\/www.tape-design.com\/#\/schema\/logo\/image\/\"},\"sameAs\":[\"https:\/\/www.facebook.com\/tapedesigncom\/\",\"https:\/\/www.instagram.com\/tapedesign_socks\/?hl=de\"]}]}<\/script>","yoast_head_json":{"title":"\u201eSUPERLIGHT\u201d Socks (with ID) - TAPEDESIGN","robots":{"index":"index","follow":"follow","max-snippet":"max-snippet:-1","max-image-preview":"max-image-preview:large","max-video-preview":"max-video-preview:-1"},"canonical":"https:\/\/www.tape-design.com\/es\/producto\/tapedesign-superlight-socks-with-id\/","og_locale":"es_ES","og_type":"article","og_title":"\u201eSUPERLIGHT\u201d Socks (with ID) - TAPEDESIGN","og_description":"Nuevos colores disponibles: Blanco, negro, amarillo, azul, rojo, verde, azul marino y gris claro","og_url":"https:\/\/www.tape-design.com\/es\/producto\/tapedesign-superlight-socks-with-id\/","og_site_name":"TAPEDESIGN","article_publisher":"https:\/\/www.facebook.com\/tapedesigncom\/","article_modified_time":"2026-01-16T11:54:52+00:00","og_image":[{"width":1080,"height":1080,"url":"https:\/\/www.tape-design.com\/app\/uploads\/2023\/01\/TD_CRM_2023_TAPEDESIGN_SUPERLIGHT_WITH_ID_NEW_2023-1.jpg","type":"image\/jpeg"}],"twitter_card":"summary_large_image","twitter_misc":{"Tiempo de lectura":"1 minuto"},"schema":{"@context":"https:\/\/schema.org","@graph":[{"@type":"WebPage","@id":"https:\/\/www.tape-design.com\/es\/producto\/tapedesign-superlight-socks-with-id\/","url":"https:\/\/www.tape-design.com\/es\/producto\/tapedesign-superlight-socks-with-id\/","name":"\u201eSUPERLIGHT\u201d Socks (with ID) - TAPEDESIGN","isPartOf":{"@id":"https:\/\/www.tape-design.com\/#website"},"primaryImageOfPage":{"@id":"https:\/\/www.tape-design.com\/es\/producto\/tapedesign-superlight-socks-with-id\/#primaryimage"},"image":{"@id":"https:\/\/www.tape-design.com\/es\/producto\/tapedesign-superlight-socks-with-id\/#primaryimage"},"thumbnailUrl":"https:\/\/www.tape-design.com\/app\/uploads\/2023\/01\/TD_CRM_2023_TAPEDESIGN_SUPERLIGHT_WITH_ID_NEW_2023-1.jpg","datePublished":"2023-01-25T08:39:36+00:00","dateModified":"2026-01-16T11:54:52+00:00","breadcrumb":{"@id":"https:\/\/www.tape-design.com\/es\/producto\/tapedesign-superlight-socks-with-id\/#breadcrumb"},"inLanguage":"es","potentialAction":[{"@type":"ReadAction","target":["https:\/\/www.tape-design.com\/es\/producto\/tapedesign-superlight-socks-with-id\/"]}]},{"@type":"ImageObject","inLanguage":"es","@id":"https:\/\/www.tape-design.com\/es\/producto\/tapedesign-superlight-socks-with-id\/#primaryimage","url":"https:\/\/www.tape-design.com\/app\/uploads\/2023\/01\/TD_CRM_2023_TAPEDESIGN_SUPERLIGHT_WITH_ID_NEW_2023-1.jpg","contentUrl":"https:\/\/www.tape-design.com\/app\/uploads\/2023\/01\/TD_CRM_2023_TAPEDESIGN_SUPERLIGHT_WITH_ID_NEW_2023-1.jpg","width":1080,"height":1080},{"@type":"BreadcrumbList","@id":"https:\/\/www.tape-design.com\/es\/producto\/tapedesign-superlight-socks-with-id\/#breadcrumb","itemListElement":[{"@type":"ListItem","position":1,"name":"Home","item":"https:\/\/www.tape-design.com\/es\/"},{"@type":"ListItem","position":2,"name":"Shop","item":"https:\/\/www.tape-design.com\/es\/shop\/"},{"@type":"ListItem","position":3,"name":"\u201eSUPERLIGHT\u201d Socks (with ID)"}]},{"@type":"WebSite","@id":"https:\/\/www.tape-design.com\/#website","url":"https:\/\/www.tape-design.com\/","name":"TAPEDESIGN","description":"Always a step ahead","publisher":{"@id":"https:\/\/www.tape-design.com\/#organization"},"potentialAction":[{"@type":"SearchAction","target":{"@type":"EntryPoint","urlTemplate":"https:\/\/www.tape-design.com\/?s={search_term_string}"},"query-input":{"@type":"PropertyValueSpecification","valueRequired":true,"valueName":"search_term_string"}}],"inLanguage":"es"},{"@type":"Organization","@id":"https:\/\/www.tape-design.com\/#organization","name":"TAPEDESIGN","url":"https:\/\/www.tape-design.com\/","logo":{"@type":"ImageObject","inLanguage":"es","@id":"https:\/\/www.tape-design.com\/#\/schema\/logo\/image\/","url":"https:\/\/www.tape-design.com\/app\/uploads\/2020\/11\/Logosmall.png","contentUrl":"https:\/\/www.tape-design.com\/app\/uploads\/2020\/11\/Logosmall.png","width":340,"height":156,"caption":"TAPEDESIGN"},"image":{"@id":"https:\/\/www.tape-design.com\/#\/schema\/logo\/image\/"},"sameAs":["https:\/\/www.facebook.com\/tapedesigncom\/","https:\/\/www.instagram.com\/tapedesign_socks\/?hl=de"]}]}},"_links":{"self":[{"href":"https:\/\/www.tape-design.com\/es\/wp-json\/wp\/v2\/product\/72789","targetHints":{"allow":["GET"]}}],"collection":[{"href":"https:\/\/www.tape-design.com\/es\/wp-json\/wp\/v2\/product"}],"about":[{"href":"https:\/\/www.tape-design.com\/es\/wp-json\/wp\/v2\/types\/product"}],"wp:featuredmedia":[{"embeddable":true,"href":"https:\/\/www.tape-design.com\/es\/wp-json\/wp\/v2\/media\/73983"}],"wp:attachment":[{"href":"https:\/\/www.tape-design.com\/es\/wp-json\/wp\/v2\/media?parent=72789"}],"wp:term":[{"taxonomy":"product_cat","embeddable":true,"href":"https:\/\/www.tape-design.com\/es\/wp-json\/wp\/v2\/product_cat?post=72789"},{"taxonomy":"product_tag","embeddable":true,"href":"https:\/\/www.tape-design.com\/es\/wp-json\/wp\/v2\/product_tag?post=72789"},{"taxonomy":"giftcard-category","embeddable":true,"href":"https:\/\/www.tape-design.com\/es\/wp-json\/wp\/v2\/giftcard-category?post=72789"}],"curies":[{"name":"wp","href":"https:\/\/api.w.org\/{rel}","templated":true}]}}