{"id":87553,"date":"2023-09-20T12:27:17","date_gmt":"2023-09-20T10:27:18","guid":{"rendered":"https:\/\/www.tape-design.com\/?post_type=product&#038;p=87553"},"modified":"2026-01-22T13:38:20","modified_gmt":"2026-01-22T12:38:20","slug":"allround-socks-classic-kids-with-id-1","status":"publish","type":"product","link":"https:\/\/www.tape-design.com\/es\/producto\/allround-socks-classic-kids-with-id-1\/","title":{"rendered":"Calcetines Allround &#8220;Classic Kids&#8221; (con ID)"},"content":{"rendered":"<p>Los calcetines antideslizantes &#8220;cl\u00e1sicos&#8221; impresionan por su gran comodidad y su \u00f3ptima sujeci\u00f3n en el zapato. En el campo del f\u00fatbol esta tecnolog\u00eda ya es indispensable para muchos atletas.<\/p>\n<p>Como ya se conoce del producto original &#8220;Classic&#8221;, se trata de un calcet\u00edn largo, de uso individual, que proporciona m\u00e1s sensaci\u00f3n y una sujeci\u00f3n estable en el zapato gracias a los nudos de goma especialmente colocados en el exterior. La compresi\u00f3n de este producto tambi\u00e9n se encontr\u00f3 con una respuesta insana en un tiempo muy corto.<\/p>\n<ul>\n<li>TAMA\u00d1O UNO (tama\u00f1o 30 &#8211; 36) debido al procesamiento especial del material de muy alta calidad<\/li>\n<li>nubes de goma especialmente colocadas en el exterior en forma de pie ergon\u00f3mico para una perfecta sujeci\u00f3n en el zapato<\/li>\n<li>La mejor comodidad debido a la alta calidad de la mano de obra.<\/li>\n<li>Probado por atletas profesionales y amateurs en todo tipo de deportes (por ejemplo, correr, f\u00fatbol, baloncesto, tenis, etc.) y se encontr\u00f3 que era excelente&#8230;<\/li>\n<li>puede ser usado para todos los deportes donde se requieran cambios de direcci\u00f3n y movimientos de rotaci\u00f3n<\/li>\n<\/ul>\n<p>\u00a1Siente la diferencia!<\/p>\n","protected":false},"excerpt":{"rendered":"<p>Los calcetines antideslizantes &#8220;cl\u00e1sicos&#8221; impresionan por su gran comodidad y su \u00f3ptima sujeci\u00f3n en el zapato. En el campo del f\u00fatbol esta tecnolog\u00eda ya es indispensable para muchos atletas. Como&hellip;<\/p>\n","protected":false},"featured_media":74106,"template":"","meta":{"_acf_changed":false},"product_cat":[3106,1379,1304,1320,1356],"product_tag":[],"giftcard-category":[],"class_list":{"0":"post-87553","1":"product","2":"type-product","3":"status-publish","4":"has-post-thumbnail","6":"product_cat-kids-es","7":"product_cat-socks-es","8":"product_cat-todo","9":"product_cat-classic-socks-es","10":"product_cat-id-socks-es","12":"first","13":"instock","14":"taxable","15":"shipping-taxable","16":"purchasable","17":"product-type-variable","18":"has-default-attributes"},"bundled_by":[],"bundle_stock_status":"instock","bundle_stock_quantity":null,"bundle_virtual":false,"bundle_layout":"","bundle_add_to_cart_form_location":"","bundle_editable_in_cart":false,"bundle_sold_individually_context":"","bundle_item_grouping":"","bundle_min_size":"","bundle_max_size":"","bundle_price":[],"bundled_items":[],"bundle_sell_ids":[],"exclude_global_add_ons":false,"addons":[{"name":"ID: iniciales y n\u00famero","type":"heading","position":0,"required":false,"title_format":"label","default":"","description_enable":false,"description":"","placeholder_enable":false,"placeholder":"","display":"select","restrictions_type":"any_text","adjust_price":false,"price":"","price_type":"","restrictions":false,"min":"0","max":"0","options":[]},{"name":"Iniciales (Primera fila)","type":"custom_text","position":0,"required":false,"title_format":"label","default":"","description_enable":false,"description":"","placeholder_enable":false,"placeholder":"","display":"select","restrictions_type":"only_letters_numbers","adjust_price":false,"price":"","price_type":"quantity_based","restrictions":true,"min":"","max":"6","options":[]},{"name":"N\u00famero (segunda fila)","type":"custom_text","position":0,"required":false,"title_format":"label","default":"","description_enable":false,"description":"","placeholder_enable":false,"placeholder":"","display":"select","restrictions_type":"only_letters_numbers","adjust_price":false,"price":"","price_type":"quantity_based","restrictions":true,"min":"","max":"2","options":[]}],"acf":[],"yoast_head":"<title>Calcetines Allround &quot;Classic Kids&quot; (con ID) - TAPEDESIGN<\/title>\n<meta name=\"robots\" content=\"index, follow, max-snippet:-1, max-image-preview:large, max-video-preview:-1\" \/>\n<link rel=\"canonical\" href=\"https:\/\/www.tape-design.com\/es\/producto\/allround-socks-classic-kids-with-id-1\/\" \/>\n<meta property=\"og:locale\" content=\"es_ES\" \/>\n<meta property=\"og:type\" content=\"article\" \/>\n<meta property=\"og:title\" content=\"Calcetines Allround &quot;Classic Kids&quot; (con ID) - TAPEDESIGN\" \/>\n<meta property=\"og:description\" content=\"Los calcetines antideslizantes &#8220;cl\u00e1sicos&#8221; impresionan por su gran comodidad y su \u00f3ptima sujeci\u00f3n en el zapato. En el campo del f\u00fatbol esta tecnolog\u00eda ya es indispensable para muchos atletas. Como&hellip;\" \/>\n<meta property=\"og:url\" content=\"https:\/\/www.tape-design.com\/es\/producto\/allround-socks-classic-kids-with-id-1\/\" \/>\n<meta property=\"og:site_name\" content=\"TAPEDESIGN\" \/>\n<meta property=\"article:publisher\" content=\"https:\/\/www.facebook.com\/tapedesigncom\/\" \/>\n<meta property=\"article:modified_time\" content=\"2026-01-22T12:38:20+00:00\" \/>\n<meta property=\"og:image\" content=\"https:\/\/www.tape-design.com\/app\/uploads\/2020\/11\/TD_CRM_2023_TAPEDESIGN_KIDS_WITH_ID_SOCKS_NEW_2023.jpg\" \/>\n\t<meta property=\"og:image:width\" content=\"1080\" \/>\n\t<meta property=\"og:image:height\" content=\"1080\" \/>\n\t<meta property=\"og:image:type\" content=\"image\/jpeg\" \/>\n<meta name=\"twitter:card\" content=\"summary_large_image\" \/>\n<meta name=\"twitter:label1\" content=\"Tiempo de lectura\" \/>\n\t<meta name=\"twitter:data1\" content=\"1 minuto\" \/>\n<script type=\"application\/ld+json\" class=\"yoast-schema-graph\">{\"@context\":\"https:\/\/schema.org\",\"@graph\":[{\"@type\":\"WebPage\",\"@id\":\"https:\/\/www.tape-design.com\/es\/producto\/allround-socks-classic-kids-with-id-1\/\",\"url\":\"https:\/\/www.tape-design.com\/es\/producto\/allround-socks-classic-kids-with-id-1\/\",\"name\":\"Calcetines Allround \\\"Classic Kids\\\" (con ID) - TAPEDESIGN\",\"isPartOf\":{\"@id\":\"https:\/\/www.tape-design.com\/#website\"},\"primaryImageOfPage\":{\"@id\":\"https:\/\/www.tape-design.com\/es\/producto\/allround-socks-classic-kids-with-id-1\/#primaryimage\"},\"image\":{\"@id\":\"https:\/\/www.tape-design.com\/es\/producto\/allround-socks-classic-kids-with-id-1\/#primaryimage\"},\"thumbnailUrl\":\"https:\/\/www.tape-design.com\/app\/uploads\/2020\/11\/TD_CRM_2023_TAPEDESIGN_KIDS_WITH_ID_SOCKS_NEW_2023.jpg\",\"datePublished\":\"2023-09-20T10:27:18+00:00\",\"dateModified\":\"2026-01-22T12:38:20+00:00\",\"breadcrumb\":{\"@id\":\"https:\/\/www.tape-design.com\/es\/producto\/allround-socks-classic-kids-with-id-1\/#breadcrumb\"},\"inLanguage\":\"es\",\"potentialAction\":[{\"@type\":\"ReadAction\",\"target\":[\"https:\/\/www.tape-design.com\/es\/producto\/allround-socks-classic-kids-with-id-1\/\"]}]},{\"@type\":\"ImageObject\",\"inLanguage\":\"es\",\"@id\":\"https:\/\/www.tape-design.com\/es\/producto\/allround-socks-classic-kids-with-id-1\/#primaryimage\",\"url\":\"https:\/\/www.tape-design.com\/app\/uploads\/2020\/11\/TD_CRM_2023_TAPEDESIGN_KIDS_WITH_ID_SOCKS_NEW_2023.jpg\",\"contentUrl\":\"https:\/\/www.tape-design.com\/app\/uploads\/2020\/11\/TD_CRM_2023_TAPEDESIGN_KIDS_WITH_ID_SOCKS_NEW_2023.jpg\",\"width\":1080,\"height\":1080},{\"@type\":\"BreadcrumbList\",\"@id\":\"https:\/\/www.tape-design.com\/es\/producto\/allround-socks-classic-kids-with-id-1\/#breadcrumb\",\"itemListElement\":[{\"@type\":\"ListItem\",\"position\":1,\"name\":\"Home\",\"item\":\"https:\/\/www.tape-design.com\/es\/\"},{\"@type\":\"ListItem\",\"position\":2,\"name\":\"Shop\",\"item\":\"https:\/\/www.tape-design.com\/es\/shop\/\"},{\"@type\":\"ListItem\",\"position\":3,\"name\":\"Calcetines Allround &#8220;Classic Kids&#8221; (con ID)\"}]},{\"@type\":\"WebSite\",\"@id\":\"https:\/\/www.tape-design.com\/#website\",\"url\":\"https:\/\/www.tape-design.com\/\",\"name\":\"TAPEDESIGN\",\"description\":\"Always a step ahead\",\"publisher\":{\"@id\":\"https:\/\/www.tape-design.com\/#organization\"},\"potentialAction\":[{\"@type\":\"SearchAction\",\"target\":{\"@type\":\"EntryPoint\",\"urlTemplate\":\"https:\/\/www.tape-design.com\/?s={search_term_string}\"},\"query-input\":{\"@type\":\"PropertyValueSpecification\",\"valueRequired\":true,\"valueName\":\"search_term_string\"}}],\"inLanguage\":\"es\"},{\"@type\":\"Organization\",\"@id\":\"https:\/\/www.tape-design.com\/#organization\",\"name\":\"TAPEDESIGN\",\"url\":\"https:\/\/www.tape-design.com\/\",\"logo\":{\"@type\":\"ImageObject\",\"inLanguage\":\"es\",\"@id\":\"https:\/\/www.tape-design.com\/#\/schema\/logo\/image\/\",\"url\":\"https:\/\/www.tape-design.com\/app\/uploads\/2020\/11\/Logosmall.png\",\"contentUrl\":\"https:\/\/www.tape-design.com\/app\/uploads\/2020\/11\/Logosmall.png\",\"width\":340,\"height\":156,\"caption\":\"TAPEDESIGN\"},\"image\":{\"@id\":\"https:\/\/www.tape-design.com\/#\/schema\/logo\/image\/\"},\"sameAs\":[\"https:\/\/www.facebook.com\/tapedesigncom\/\",\"https:\/\/www.instagram.com\/tapedesign_socks\/?hl=de\"]}]}<\/script>","yoast_head_json":{"title":"Calcetines Allround \"Classic Kids\" (con ID) - TAPEDESIGN","robots":{"index":"index","follow":"follow","max-snippet":"max-snippet:-1","max-image-preview":"max-image-preview:large","max-video-preview":"max-video-preview:-1"},"canonical":"https:\/\/www.tape-design.com\/es\/producto\/allround-socks-classic-kids-with-id-1\/","og_locale":"es_ES","og_type":"article","og_title":"Calcetines Allround \"Classic Kids\" (con ID) - TAPEDESIGN","og_description":"Los calcetines antideslizantes &#8220;cl\u00e1sicos&#8221; impresionan por su gran comodidad y su \u00f3ptima sujeci\u00f3n en el zapato. En el campo del f\u00fatbol esta tecnolog\u00eda ya es indispensable para muchos atletas. Como&hellip;","og_url":"https:\/\/www.tape-design.com\/es\/producto\/allround-socks-classic-kids-with-id-1\/","og_site_name":"TAPEDESIGN","article_publisher":"https:\/\/www.facebook.com\/tapedesigncom\/","article_modified_time":"2026-01-22T12:38:20+00:00","og_image":[{"width":1080,"height":1080,"url":"https:\/\/www.tape-design.com\/app\/uploads\/2020\/11\/TD_CRM_2023_TAPEDESIGN_KIDS_WITH_ID_SOCKS_NEW_2023.jpg","type":"image\/jpeg"}],"twitter_card":"summary_large_image","twitter_misc":{"Tiempo de lectura":"1 minuto"},"schema":{"@context":"https:\/\/schema.org","@graph":[{"@type":"WebPage","@id":"https:\/\/www.tape-design.com\/es\/producto\/allround-socks-classic-kids-with-id-1\/","url":"https:\/\/www.tape-design.com\/es\/producto\/allround-socks-classic-kids-with-id-1\/","name":"Calcetines Allround \"Classic Kids\" (con ID) - TAPEDESIGN","isPartOf":{"@id":"https:\/\/www.tape-design.com\/#website"},"primaryImageOfPage":{"@id":"https:\/\/www.tape-design.com\/es\/producto\/allround-socks-classic-kids-with-id-1\/#primaryimage"},"image":{"@id":"https:\/\/www.tape-design.com\/es\/producto\/allround-socks-classic-kids-with-id-1\/#primaryimage"},"thumbnailUrl":"https:\/\/www.tape-design.com\/app\/uploads\/2020\/11\/TD_CRM_2023_TAPEDESIGN_KIDS_WITH_ID_SOCKS_NEW_2023.jpg","datePublished":"2023-09-20T10:27:18+00:00","dateModified":"2026-01-22T12:38:20+00:00","breadcrumb":{"@id":"https:\/\/www.tape-design.com\/es\/producto\/allround-socks-classic-kids-with-id-1\/#breadcrumb"},"inLanguage":"es","potentialAction":[{"@type":"ReadAction","target":["https:\/\/www.tape-design.com\/es\/producto\/allround-socks-classic-kids-with-id-1\/"]}]},{"@type":"ImageObject","inLanguage":"es","@id":"https:\/\/www.tape-design.com\/es\/producto\/allround-socks-classic-kids-with-id-1\/#primaryimage","url":"https:\/\/www.tape-design.com\/app\/uploads\/2020\/11\/TD_CRM_2023_TAPEDESIGN_KIDS_WITH_ID_SOCKS_NEW_2023.jpg","contentUrl":"https:\/\/www.tape-design.com\/app\/uploads\/2020\/11\/TD_CRM_2023_TAPEDESIGN_KIDS_WITH_ID_SOCKS_NEW_2023.jpg","width":1080,"height":1080},{"@type":"BreadcrumbList","@id":"https:\/\/www.tape-design.com\/es\/producto\/allround-socks-classic-kids-with-id-1\/#breadcrumb","itemListElement":[{"@type":"ListItem","position":1,"name":"Home","item":"https:\/\/www.tape-design.com\/es\/"},{"@type":"ListItem","position":2,"name":"Shop","item":"https:\/\/www.tape-design.com\/es\/shop\/"},{"@type":"ListItem","position":3,"name":"Calcetines Allround &#8220;Classic Kids&#8221; (con ID)"}]},{"@type":"WebSite","@id":"https:\/\/www.tape-design.com\/#website","url":"https:\/\/www.tape-design.com\/","name":"TAPEDESIGN","description":"Always a step ahead","publisher":{"@id":"https:\/\/www.tape-design.com\/#organization"},"potentialAction":[{"@type":"SearchAction","target":{"@type":"EntryPoint","urlTemplate":"https:\/\/www.tape-design.com\/?s={search_term_string}"},"query-input":{"@type":"PropertyValueSpecification","valueRequired":true,"valueName":"search_term_string"}}],"inLanguage":"es"},{"@type":"Organization","@id":"https:\/\/www.tape-design.com\/#organization","name":"TAPEDESIGN","url":"https:\/\/www.tape-design.com\/","logo":{"@type":"ImageObject","inLanguage":"es","@id":"https:\/\/www.tape-design.com\/#\/schema\/logo\/image\/","url":"https:\/\/www.tape-design.com\/app\/uploads\/2020\/11\/Logosmall.png","contentUrl":"https:\/\/www.tape-design.com\/app\/uploads\/2020\/11\/Logosmall.png","width":340,"height":156,"caption":"TAPEDESIGN"},"image":{"@id":"https:\/\/www.tape-design.com\/#\/schema\/logo\/image\/"},"sameAs":["https:\/\/www.facebook.com\/tapedesigncom\/","https:\/\/www.instagram.com\/tapedesign_socks\/?hl=de"]}]}},"_links":{"self":[{"href":"https:\/\/www.tape-design.com\/es\/wp-json\/wp\/v2\/product\/87553","targetHints":{"allow":["GET"]}}],"collection":[{"href":"https:\/\/www.tape-design.com\/es\/wp-json\/wp\/v2\/product"}],"about":[{"href":"https:\/\/www.tape-design.com\/es\/wp-json\/wp\/v2\/types\/product"}],"wp:featuredmedia":[{"embeddable":true,"href":"https:\/\/www.tape-design.com\/es\/wp-json\/wp\/v2\/media\/74106"}],"wp:attachment":[{"href":"https:\/\/www.tape-design.com\/es\/wp-json\/wp\/v2\/media?parent=87553"}],"wp:term":[{"taxonomy":"product_cat","embeddable":true,"href":"https:\/\/www.tape-design.com\/es\/wp-json\/wp\/v2\/product_cat?post=87553"},{"taxonomy":"product_tag","embeddable":true,"href":"https:\/\/www.tape-design.com\/es\/wp-json\/wp\/v2\/product_tag?post=87553"},{"taxonomy":"giftcard-category","embeddable":true,"href":"https:\/\/www.tape-design.com\/es\/wp-json\/wp\/v2\/giftcard-category?post=87553"}],"curies":[{"name":"wp","href":"https:\/\/api.w.org\/{rel}","templated":true}]}}