{"id":124353,"date":"2025-03-03T10:36:37","date_gmt":"2025-03-03T09:36:37","guid":{"rendered":"https:\/\/www.tape-design.com\/protection-des-donnees\/"},"modified":"2025-03-03T14:54:47","modified_gmt":"2025-03-03T13:54:47","slug":"declaration-sur-la-protection-des-donnees-personnelle","status":"publish","type":"page","link":"https:\/\/www.tape-design.com\/fr\/declaration-sur-la-protection-des-donnees-personnelle\/","title":{"rendered":"Politique de confidentialit\u00e9"},"content":{"rendered":"\t\t<div data-elementor-type=\"wp-page\" data-elementor-id=\"124353\" class=\"elementor elementor-124353 elementor-124341\" data-elementor-post-type=\"page\">\n\t\t\t\t<div class=\"elementor-element elementor-element-e4017b8 e-flex e-con-boxed e-con e-parent\" data-id=\"e4017b8\" data-element_type=\"container\">\n\t\t\t\t\t<div class=\"e-con-inner\">\n\t\t\t\t<div class=\"elementor-element elementor-element-a914716 elementor-widget elementor-widget-text-editor\" data-id=\"a914716\" data-element_type=\"widget\" data-widget_type=\"text-editor.default\">\n\t\t\t\t<div class=\"elementor-widget-container\">\n\t\t\t\t\t\t\t\t\t<header class=\"entry-header\">\r\n<h1 class=\"entry-title\">Politique de confidentialit\u00e9<\/h1>\r\n<\/header>\r\n<div class=\"entry-content\">\r\n<div class=\"wpb-content-wrapper\">\r\n<div class=\"vc_row wpb_row vc_row-fluid\">\r\n<div class=\"wpb_column vc_column_container vc_col-sm-12\">\r\n<div class=\"vc_column-inner\">\r\n<div class=\"wpb_wrapper\">\r\n<div class=\"wpb_text_column wpb_content_element\">\r\n<div class=\"wpb_wrapper\">\r\n\r\nLa protection de vos donn\u00e9es personnelles nous tient particuli\u00e8rement \u00e0 c\u0153ur. Nous traitons donc vos donn\u00e9es exclusivement sur la base des dispositions l\u00e9gales (DSGVO, TKG 2003). Dans ces informations sur la protection des donn\u00e9es, nous vous informons sur les aspects les plus importants du traitement des donn\u00e9es dans le cadre de notre site Internet.\r\n<h3>Contacter<\/h3>\r\nSi vous nous contactez par e-mail, vos donn\u00e9es seront conserv\u00e9es par nos soins pour le traitement de votre demande et en cas de questions compl\u00e9mentaires. Ces donn\u00e9es ne seront pas transmises sans votre consentement.\r\n<h3>Conservation des donn\u00e9es<\/h3>\r\nNous attirons votre attention sur le fait que les donn\u00e9es IP du propri\u00e9taire de la connexion, ainsi que le nom, l\u2019adresse et d\u2019autres donn\u00e9es de l\u2019acheteur, sont enregistr\u00e9es par l\u2019exploitant de la boutique en ligne dans le cadre des cookies afin de simplifier le processus d\u2019achat et pour le traitement ult\u00e9rieur du contrat.\r\n\r\nEn outre, les donn\u00e9es suivantes sont \u00e9galement stock\u00e9es par nos soins dans le cadre du traitement des contrats : Nom, adresse, adresse e-mail. Les donn\u00e9es que vous nous fournissez sont n\u00e9cessaires \u00e0 l\u2019ex\u00e9cution du contrat ou \u00e0 la mise en \u0153uvre de mesures pr\u00e9contractuelles. Sans ces donn\u00e9es, nous ne pouvons pas conclure le contrat avec vous. Il n\u2019y a pas de transmission de donn\u00e9es \u00e0 des tiers, \u00e0 l\u2019exception de la transmission de donn\u00e9es de carte de cr\u00e9dit aux instituts bancaires de traitement \/ prestataires de services de paiement en vue du d\u00e9bit du prix d\u2019achat, \u00e0 l\u2019entreprise de transport \/ compagnie maritime mandat\u00e9e par nous pour livrer la marchandise et \u00e0 notre conseiller fiscal pour remplir nos obligations fiscales.\r\n\r\nLes donn\u00e9es stock\u00e9es par nous seront effac\u00e9es apr\u00e8s l\u2019interruption du processus d\u2019achat. Si un contrat est conclu, toutes les donn\u00e9es de la relation contractuelle sont conserv\u00e9es jusqu\u2019\u00e0 la fin de la p\u00e9riode de r\u00e9tention fiscale (7 ans).\r\n\r\nLe nom, l\u2019adresse, les marchandises achet\u00e9es et la date d\u2019achat sont \u00e9galement conserv\u00e9s jusqu\u2019\u00e0 l\u2019expiration de la responsabilit\u00e9 du fait des produits (10 ans). Le traitement des donn\u00e9es est bas\u00e9 sur les dispositions l\u00e9gales du \u00a7 96 Abs 3 TKG ainsi que sur l\u2019Art 6 Abs 1 lit a (consentement) et\/ou lit b (n\u00e9cessaire \u00e0 l\u2019ex\u00e9cution du contrat) de la DSGVO.\r\n<h3>Cookies<\/h3>\r\nNotre site Internet utilise des cookies. Il s\u2019agit de petits fichiers texte qui sont stock\u00e9s sur votre terminal \u00e0 l\u2019aide du navigateur. Ils ne causent aucun dommage.\r\n\r\nNous utilisons des cookies pour rendre notre site Web convivial. Certains cookies restent stock\u00e9s sur votre terminal jusqu\u2019\u00e0 ce que vous les supprimiez. Ils nous permettent de reconna\u00eetre votre navigateur lors de votre prochaine visite.\r\n\r\nSi vous ne le souhaitez pas, vous pouvez configurer votre navigateur pour qu\u2019il vous informe lorsque des cookies sont install\u00e9s et vous ne l\u2019autorisez que dans des cas individuels.\r\n\r\nSi les cookies sont d\u00e9sactiv\u00e9s, la fonctionnalit\u00e9 de notre site Web peut \u00eatre limit\u00e9e.\r\n<h3>Analyse web<\/h3>\r\n<h3>Google Analytics<\/h3>\r\nNotre site Web utilise les fonctions du service d\u2019analyse Web Google Analytics.\u00a0A cet effet, des cookies sont utilis\u00e9s, qui permettent une analyse de l\u2019utilisation du site Web par vos utilisateurs. Les informations ainsi g\u00e9n\u00e9r\u00e9es sont transf\u00e9r\u00e9es sur le serveur du fournisseur et y sont stock\u00e9es.\r\n\r\nVous pouvez l\u2019emp\u00eacher en configurant votre navigateur de mani\u00e8re \u00e0 ce qu\u2019aucun cookie ne soit enregistr\u00e9.\r\n\r\nNous avons conclu un contrat correspondant avec le fournisseur pour le traitement des donn\u00e9es de commande.\r\n\r\nVotre adresse IP est enregistr\u00e9e, mais imm\u00e9diatement pseudonyme (par exemple en effa\u00e7ant les 8 derniers bits). Cela signifie que seule une localisation approximative est possible.\r\n\r\nLa relation avec le fournisseur d\u2019analyse Web est bas\u00e9e sur Privacy Shield.\r\n\r\nLe traitement des donn\u00e9es est bas\u00e9 sur les dispositions l\u00e9gales du \u00a7 96 Abs 3 TKG ainsi que sur l\u2019Art 6 Abs 1 lit a (consentement) et\/ou f (int\u00e9r\u00eat l\u00e9gitime) de la DSGVO.\r\n\r\nNotre souci au sens de la DSGVO (int\u00e9r\u00eat l\u00e9gitime) est l\u2019am\u00e9lioration de notre offre et de notre site web. La protection de la vie priv\u00e9e de nos utilisateurs \u00e9tant importante pour nous, les donn\u00e9es des utilisateurs sont pseudonymis\u00e9es.\r\n\r\nLes donn\u00e9es utilisateur sont conserv\u00e9es pendant 26 mois.\r\n\r\n[ga_optout]\r\n<h3>Facebook Pixel<\/h3>\r\nDans le cadre de notre offre en ligne, nous utilisons les \u201cpixels Facebook\u201d du r\u00e9seau social Facebook, exploit\u00e9 par Facebook Inc, 1 Hacker Way, Menlo Park, CA 94025, USA, ou si vous r\u00e9sidez dans l\u2019UE, Facebook Ireland Ltd, 4 Grand Canal Square, Grand Canal Harbour, Dublin 2, Irlande (\u201cFacebook\u201d). Gr\u00e2ce au pixel Facebook, Facebook est en mesure de d\u00e9terminer les visiteurs de notre offre en tant que groupe cible pour l\u2019affichage d\u2019annonces, appel\u00e9es \u201cannonces Facebook\u201d. Par cons\u00e9quent, nous utilisons le pixel Facebook pour afficher les publicit\u00e9s Facebook que nous avons plac\u00e9es uniquement pour les utilisateurs de Facebook qui ont montr\u00e9 de l\u2019int\u00e9r\u00eat pour notre site Web. Cela signifie qu\u2019avec l\u2019aide du pixel Facebook, nous voulons nous assurer que nos publicit\u00e9s Facebook correspondent \u00e0 l\u2019int\u00e9r\u00eat potentiel des utilisateurs et n\u2019apparaissent pas g\u00eanantes. Le pixel Facebook nous permet \u00e9galement de suivre l\u2019efficacit\u00e9 des publicit\u00e9s Facebook \u00e0 des fins statistiques et d\u2019\u00e9tude de march\u00e9 en v\u00e9rifiant si les utilisateurs ont \u00e9t\u00e9 dirig\u00e9s vers notre site Web apr\u00e8s avoir cliqu\u00e9 sur une publicit\u00e9 Facebook.\r\n\r\nLe pixel Facebook est int\u00e9gr\u00e9 directement par Facebook lors de l\u2019acc\u00e8s \u00e0 nos pages Web et peut stocker un cookie, c\u2019est-\u00e0-dire un petit fichier, sur votre appareil. Si vous vous connectez ensuite \u00e0 Facebook ou visitez Facebook une fois connect\u00e9, la visite de notre offre est not\u00e9e dans votre profil. Les donn\u00e9es collect\u00e9es vous concernant sont anonymes et ne nous donnent aucune information sur l\u2019identit\u00e9 de l\u2019utilisateur. Toutefois, les donn\u00e9es sont stock\u00e9es et trait\u00e9es par Facebook de sorte qu\u2019une connexion avec le profil d\u2019utilisateur respectif est possible. Facebook traite les donn\u00e9es conform\u00e9ment aux directives d\u2019utilisation des donn\u00e9es de Facebook. En cons\u00e9quence, vous recevrez de plus amples informations sur le fonctionnement du pixel de remarketing et sur la pr\u00e9sentation des publicit\u00e9s Facebook en g\u00e9n\u00e9ral dans la politique d\u2019utilisation des donn\u00e9es de Facebook : https:\/\/www.facebook.com\/policy.php.\r\n\r\nVous pouvez refuser la collecte de pixels de Facebook et l\u2019utilisation de vos informations pour afficher des publicit\u00e9s Facebook. Pour ce faire, vous pouvez vous rendre sur la page mise en place par Facebook et suivre les instructions sur les param\u00e8tres de la publicit\u00e9 bas\u00e9e sur l\u2019utilisation : https:\/\/www.facebook.com\/settings?tab=ads ou expliquer l\u2019objection concernant la page am\u00e9ricaine http:\/\/www.aboutads.info\/choices\/ ou la page europ\u00e9enne http:\/\/www.youronlinechoices.com\/. Les r\u00e9glages sont ind\u00e9pendants de la plate-forme, c\u2019est-\u00e0-dire qu\u2019ils s\u2019appliquent \u00e0 tous les appareils, tels que les ordinateurs de bureau ou les appareils mobiles.\r\n\r\n[fb_optout]\r\n<h3>Publicit\u00e9 par e-mail avec inscription \u00e0 la newsletter<\/h3>\r\nNous utilisons votre courriel pour l\u2019envoi d\u2019une newsletter. La base juridique de ce traitement est votre consentement expr\u00e8s. Nous recueillons votre consentement en cochant une case dans le processus de commande ou en envoyant un formulaire d\u2019inscription \u00e0 la newsletter.\r\n\r\nSi vous ne souhaitez plus recevoir de prospection commerciale par courrier \u00e9lectronique, vous pouvez \u00e0 tout moment nous le faire savoir par l\u2019un des moyens suivants: Mentionnez ici les m\u00e9thodes que vous proposez effectivement, par exemple:\r\n<ul>\r\n \t<li>cliquer sur le lien de d\u00e9sabonnement dans chaque courriel<\/li>\r\n \t<li>envoyer un mail vers le formulaire contact.<\/li>\r\n \t<li>dans \u00ab Mon compte \u00bb ou dans l\u2019espace client, aller dans la rubrique Newsletter et d\u00e9cocher la case correspondante<\/li>\r\n<\/ul>\r\n<h3>\u00c9valuation g\u00e9n\u00e9rale du cr\u00e9dit<\/h3>\r\nSi vous concluez votre commande via le mode de paiement \u201cKlarna : Facture\u201d, il se peut que le fournisseur proc\u00e8de \u00e0 une v\u00e9rification de cr\u00e9dit. A cet effet, vos donn\u00e9es personnelles seront transmises \u00e0 l\u2019entreprise suivante dans le cadre de l\u2019\u00e9valuation de cr\u00e9dit :\r\n\r\nCRIF B\u00fcrgel GmbH\r\nRadlkoferstra\u00dfe 2\r\n81373 Munich, Allemagne\r\nAllemagne (Allemand)\r\n\r\nDans ce processus, nous prendrons les mesures appropri\u00e9es pour prot\u00e9ger vos libert\u00e9s, vos droits et vos int\u00e9r\u00eats.\r\n<h3>Vos droits<\/h3>\r\nEn tant que personne concern\u00e9e par le traitement de donn\u00e9es personnelles vous disposez des droits suivants:\r\nEn vertu de l\u2019article 15 du RGPD, vous disposez d\u2019un droit d\u2019acc\u00e8s au donn\u00e9es \u00e0 caract\u00e8re personnel vous concernant.\r\nEn vertu de l\u2019article 16 du RGPD, vous diposez d\u2019un droit de rectification, dans les meilleurs d\u00e9lais, des donn\u00e9es personnelles qui sont inexactes. Vous disposez du droit de demander que ces donn\u00e9es soient compl\u00e9t\u00e9es.\r\nEn vertu de l\u2019article 17 du RGPD, vous disposez d\u2019un droit d\u2019effacement des donn\u00e9es \u00e0 caract\u00e8re personnel dans la mesure o\u00f9 le traitement n\u2019est pas n\u00e9cessaire pour\r\n\u2013 l\u2019exercice du droit \u00e0 la libert\u00e9 d\u2019expression et d\u2019information\r\n\u2013 le respect d\u2019une obligation l\u00e9gale\r\n\u2013 un motif d\u2019int\u00e9r\u00eat public\r\n\u2013 la constatation, l\u2019exercice ou la d\u00e9fense de droits en justice\r\nEn vertu de l\u2019article 18 du RGPD, vous diposez d\u2019un droit \u00e0 la limitation du traitement dans les cas o\u00f9:\r\n\u2013 vous contestez l\u2019exactitude des donn\u00e9es\r\n\u2013 le traitement des donn\u00e9es est illicite mais vous vous opposez \u00e0 leur effacement\r\n\u2013 nous n\u2019avons plus besoin de vos donn\u00e9es mais celles-ci vous sont encore n\u00e9cessaires pour la constatation, l\u2019exercice ou la d\u00e9fense de vos droits en justice.\r\nEn vertu de l\u2019article 21 du RGPD, vous disposez d\u2019un droit d\u2019opposition au traitement des donn\u00e9es.\r\nEn vertu de l\u2019article 20 du RGPD vous disposez d\u2019un droit \u00e0 recevoir vos donn\u00e9es dans un format structur\u00e9, couramment utilis\u00e9 et lisible par machine (droit \u00e0 la portabilit\u00e9 des donn\u00e9es), En vertu de l\u2019article 77 du RGPD, vous disposez du droit d\u2019introduire une r\u00e9clamation aupr\u00e8s d\u2019une autorit\u00e9 de contr\u00f4le.\r\n<h3>Vous pouvez nous contacter aux coordonn\u00e9es suivantes:<\/h3>\r\nTAPEDESIGN WO GmbH\r\nFriedrich Schnideritschstrasse 2\r\n8054 Graz\r\nAutriche\r\n\r\n<a href=\"mailto:office@tape-design.com\">office@tape-design.com<\/a>\r\n\r\n<\/div>\r\n<\/div>\r\n<\/div>\r\n<\/div>\r\n<\/div>\r\n<\/div>\r\n<\/div>\r\n<\/div>\t\t\t\t\t\t\t\t<\/div>\n\t\t\t\t<\/div>\n\t\t\t\t\t<\/div>\n\t\t\t\t<\/div>\n\t\t\t\t<\/div>\n\t\t","protected":false},"excerpt":{"rendered":"<p>Politique de confidentialit\u00e9 La protection de vos donn\u00e9es personnelles nous tient particuli\u00e8rement \u00e0 c\u0153ur. Nous traitons donc vos donn\u00e9es exclusivement sur la base des dispositions l\u00e9gales (DSGVO, TKG 2003). Dans&hellip;<\/p>\n","protected":false},"author":14165,"featured_media":0,"parent":0,"menu_order":0,"comment_status":"closed","ping_status":"closed","template":"","meta":{"_acf_changed":false,"footnotes":""},"class_list":["post-124353","page","type-page","status-publish","hentry"],"acf":[],"yoast_head":"<title>Politique de confidentialit\u00e9 - TAPEDESIGN<\/title>\n<meta name=\"robots\" content=\"index, follow, max-snippet:-1, max-image-preview:large, max-video-preview:-1\" \/>\n<link rel=\"canonical\" href=\"https:\/\/www.tape-design.com\/fr\/declaration-sur-la-protection-des-donnees-personnelle\/\" \/>\n<meta property=\"og:locale\" content=\"fr_FR\" \/>\n<meta property=\"og:type\" content=\"article\" \/>\n<meta property=\"og:title\" content=\"Politique de confidentialit\u00e9 - TAPEDESIGN\" \/>\n<meta property=\"og:description\" content=\"Politique de confidentialit\u00e9 La protection de vos donn\u00e9es personnelles nous tient particuli\u00e8rement \u00e0 c\u0153ur. Nous traitons donc vos donn\u00e9es exclusivement sur la base des dispositions l\u00e9gales (DSGVO, TKG 2003). Dans&hellip;\" \/>\n<meta property=\"og:url\" content=\"https:\/\/www.tape-design.com\/fr\/declaration-sur-la-protection-des-donnees-personnelle\/\" \/>\n<meta property=\"og:site_name\" content=\"TAPEDESIGN\" \/>\n<meta property=\"article:publisher\" content=\"https:\/\/www.facebook.com\/tapedesigncom\/\" \/>\n<meta property=\"article:modified_time\" content=\"2025-03-03T13:54:47+00:00\" \/>\n<meta name=\"twitter:card\" content=\"summary_large_image\" \/>\n<meta name=\"twitter:label1\" content=\"Dur\u00e9e de lecture estim\u00e9e\" \/>\n\t<meta name=\"twitter:data1\" content=\"7 minutes\" \/>\n<script type=\"application\/ld+json\" class=\"yoast-schema-graph\">{\"@context\":\"https:\/\/schema.org\",\"@graph\":[{\"@type\":\"WebPage\",\"@id\":\"https:\/\/www.tape-design.com\/fr\/declaration-sur-la-protection-des-donnees-personnelle\/\",\"url\":\"https:\/\/www.tape-design.com\/fr\/declaration-sur-la-protection-des-donnees-personnelle\/\",\"name\":\"Politique de confidentialit\u00e9 - TAPEDESIGN\",\"isPartOf\":{\"@id\":\"https:\/\/www.tape-design.com\/#website\"},\"datePublished\":\"2025-03-03T09:36:37+00:00\",\"dateModified\":\"2025-03-03T13:54:47+00:00\",\"breadcrumb\":{\"@id\":\"https:\/\/www.tape-design.com\/fr\/declaration-sur-la-protection-des-donnees-personnelle\/#breadcrumb\"},\"inLanguage\":\"fr-FR\",\"potentialAction\":[{\"@type\":\"ReadAction\",\"target\":[\"https:\/\/www.tape-design.com\/fr\/declaration-sur-la-protection-des-donnees-personnelle\/\"]}]},{\"@type\":\"BreadcrumbList\",\"@id\":\"https:\/\/www.tape-design.com\/fr\/declaration-sur-la-protection-des-donnees-personnelle\/#breadcrumb\",\"itemListElement\":[{\"@type\":\"ListItem\",\"position\":1,\"name\":\"Home\",\"item\":\"https:\/\/www.tape-design.com\/fr\/\"},{\"@type\":\"ListItem\",\"position\":2,\"name\":\"Politique de confidentialit\u00e9\"}]},{\"@type\":\"WebSite\",\"@id\":\"https:\/\/www.tape-design.com\/#website\",\"url\":\"https:\/\/www.tape-design.com\/\",\"name\":\"TAPEDESIGN\",\"description\":\"Always a step ahead\",\"publisher\":{\"@id\":\"https:\/\/www.tape-design.com\/#organization\"},\"potentialAction\":[{\"@type\":\"SearchAction\",\"target\":{\"@type\":\"EntryPoint\",\"urlTemplate\":\"https:\/\/www.tape-design.com\/?s={search_term_string}\"},\"query-input\":{\"@type\":\"PropertyValueSpecification\",\"valueRequired\":true,\"valueName\":\"search_term_string\"}}],\"inLanguage\":\"fr-FR\"},{\"@type\":\"Organization\",\"@id\":\"https:\/\/www.tape-design.com\/#organization\",\"name\":\"TAPEDESIGN\",\"url\":\"https:\/\/www.tape-design.com\/\",\"logo\":{\"@type\":\"ImageObject\",\"inLanguage\":\"fr-FR\",\"@id\":\"https:\/\/www.tape-design.com\/#\/schema\/logo\/image\/\",\"url\":\"https:\/\/www.tape-design.com\/app\/uploads\/2020\/11\/Logosmall.png\",\"contentUrl\":\"https:\/\/www.tape-design.com\/app\/uploads\/2020\/11\/Logosmall.png\",\"width\":340,\"height\":156,\"caption\":\"TAPEDESIGN\"},\"image\":{\"@id\":\"https:\/\/www.tape-design.com\/#\/schema\/logo\/image\/\"},\"sameAs\":[\"https:\/\/www.facebook.com\/tapedesigncom\/\",\"https:\/\/www.instagram.com\/tapedesign_socks\/?hl=de\"]}]}<\/script>","yoast_head_json":{"title":"Politique de confidentialit\u00e9 - TAPEDESIGN","robots":{"index":"index","follow":"follow","max-snippet":"max-snippet:-1","max-image-preview":"max-image-preview:large","max-video-preview":"max-video-preview:-1"},"canonical":"https:\/\/www.tape-design.com\/fr\/declaration-sur-la-protection-des-donnees-personnelle\/","og_locale":"fr_FR","og_type":"article","og_title":"Politique de confidentialit\u00e9 - TAPEDESIGN","og_description":"Politique de confidentialit\u00e9 La protection de vos donn\u00e9es personnelles nous tient particuli\u00e8rement \u00e0 c\u0153ur. Nous traitons donc vos donn\u00e9es exclusivement sur la base des dispositions l\u00e9gales (DSGVO, TKG 2003). Dans&hellip;","og_url":"https:\/\/www.tape-design.com\/fr\/declaration-sur-la-protection-des-donnees-personnelle\/","og_site_name":"TAPEDESIGN","article_publisher":"https:\/\/www.facebook.com\/tapedesigncom\/","article_modified_time":"2025-03-03T13:54:47+00:00","twitter_card":"summary_large_image","twitter_misc":{"Dur\u00e9e de lecture estim\u00e9e":"7 minutes"},"schema":{"@context":"https:\/\/schema.org","@graph":[{"@type":"WebPage","@id":"https:\/\/www.tape-design.com\/fr\/declaration-sur-la-protection-des-donnees-personnelle\/","url":"https:\/\/www.tape-design.com\/fr\/declaration-sur-la-protection-des-donnees-personnelle\/","name":"Politique de confidentialit\u00e9 - TAPEDESIGN","isPartOf":{"@id":"https:\/\/www.tape-design.com\/#website"},"datePublished":"2025-03-03T09:36:37+00:00","dateModified":"2025-03-03T13:54:47+00:00","breadcrumb":{"@id":"https:\/\/www.tape-design.com\/fr\/declaration-sur-la-protection-des-donnees-personnelle\/#breadcrumb"},"inLanguage":"fr-FR","potentialAction":[{"@type":"ReadAction","target":["https:\/\/www.tape-design.com\/fr\/declaration-sur-la-protection-des-donnees-personnelle\/"]}]},{"@type":"BreadcrumbList","@id":"https:\/\/www.tape-design.com\/fr\/declaration-sur-la-protection-des-donnees-personnelle\/#breadcrumb","itemListElement":[{"@type":"ListItem","position":1,"name":"Home","item":"https:\/\/www.tape-design.com\/fr\/"},{"@type":"ListItem","position":2,"name":"Politique de confidentialit\u00e9"}]},{"@type":"WebSite","@id":"https:\/\/www.tape-design.com\/#website","url":"https:\/\/www.tape-design.com\/","name":"TAPEDESIGN","description":"Always a step ahead","publisher":{"@id":"https:\/\/www.tape-design.com\/#organization"},"potentialAction":[{"@type":"SearchAction","target":{"@type":"EntryPoint","urlTemplate":"https:\/\/www.tape-design.com\/?s={search_term_string}"},"query-input":{"@type":"PropertyValueSpecification","valueRequired":true,"valueName":"search_term_string"}}],"inLanguage":"fr-FR"},{"@type":"Organization","@id":"https:\/\/www.tape-design.com\/#organization","name":"TAPEDESIGN","url":"https:\/\/www.tape-design.com\/","logo":{"@type":"ImageObject","inLanguage":"fr-FR","@id":"https:\/\/www.tape-design.com\/#\/schema\/logo\/image\/","url":"https:\/\/www.tape-design.com\/app\/uploads\/2020\/11\/Logosmall.png","contentUrl":"https:\/\/www.tape-design.com\/app\/uploads\/2020\/11\/Logosmall.png","width":340,"height":156,"caption":"TAPEDESIGN"},"image":{"@id":"https:\/\/www.tape-design.com\/#\/schema\/logo\/image\/"},"sameAs":["https:\/\/www.facebook.com\/tapedesigncom\/","https:\/\/www.instagram.com\/tapedesign_socks\/?hl=de"]}]}},"_links":{"self":[{"href":"https:\/\/www.tape-design.com\/fr\/wp-json\/wp\/v2\/pages\/124353","targetHints":{"allow":["GET"]}}],"collection":[{"href":"https:\/\/www.tape-design.com\/fr\/wp-json\/wp\/v2\/pages"}],"about":[{"href":"https:\/\/www.tape-design.com\/fr\/wp-json\/wp\/v2\/types\/page"}],"author":[{"embeddable":true,"href":"https:\/\/www.tape-design.com\/fr\/wp-json\/wp\/v2\/users\/14165"}],"replies":[{"embeddable":true,"href":"https:\/\/www.tape-design.com\/fr\/wp-json\/wp\/v2\/comments?post=124353"}],"version-history":[{"count":4,"href":"https:\/\/www.tape-design.com\/fr\/wp-json\/wp\/v2\/pages\/124353\/revisions"}],"predecessor-version":[{"id":124388,"href":"https:\/\/www.tape-design.com\/fr\/wp-json\/wp\/v2\/pages\/124353\/revisions\/124388"}],"wp:attachment":[{"href":"https:\/\/www.tape-design.com\/fr\/wp-json\/wp\/v2\/media?parent=124353"}],"curies":[{"name":"wp","href":"https:\/\/api.w.org\/{rel}","templated":true}]}}