{"id":1542,"date":"2020-11-02T10:07:43","date_gmt":"2020-11-02T09:07:43","guid":{"rendered":"http:\/\/tapedesign.sw763nap.at.edis.global\/impressum\/"},"modified":"2025-03-05T08:04:18","modified_gmt":"2025-03-05T07:04:18","slug":"mentions-legales","status":"publish","type":"page","link":"https:\/\/www.tape-design.com\/fr\/mentions-legales\/","title":{"rendered":"Mentions l\u00e9gales"},"content":{"rendered":"\t\t<div data-elementor-type=\"wp-page\" data-elementor-id=\"1542\" class=\"elementor elementor-1542 elementor-27\" data-elementor-post-type=\"page\">\n\t\t\t\t<div class=\"elementor-element elementor-element-12d6e231 e-flex e-con-boxed e-con e-parent\" data-id=\"12d6e231\" data-element_type=\"container\">\n\t\t\t\t\t<div class=\"e-con-inner\">\n\t\t\t\t<div class=\"elementor-element elementor-element-169d1d2e elementor-widget elementor-widget-text-editor\" data-id=\"169d1d2e\" data-element_type=\"widget\" data-widget_type=\"text-editor.default\">\n\t\t\t\t<div class=\"elementor-widget-container\">\n\t\t\t\t\t\t\t\t\t<p><strong>Adresse de facturation du bureau<\/strong><br \/>\nTAPEDESIGN WO GmbH<br \/>\nFriedrich Schnideritschstrasse 2<br \/>\n8054 Graz<br \/>\nAutriche<\/p>\n<p><strong>Entrep\u00f4t \/ Retours<\/strong><br \/>\nTapedesign WO GmbH<br \/>\nHeuweg 10<br \/>\n8041 Graz<br \/>\nAutriche<\/p>\n<p><a href=\"mailto:office@tape-design.com\">office@tape-design.com<\/a><\/p>\n<p><strong>Directeur g\u00e9n\u00e9ral<\/strong>: Mario Ofner, Thomas Weber<br \/>\nTribunal de commerce: LGZ Graz<br \/>\nFN: 446250a<br \/>\nUID: ATU71092809<br \/>\nStNr: 68\/572\/5665<\/p>\n<p><strong>Mise en \u0153uvre technique<\/strong><br \/>\n<a href=\"https:\/\/love-it.at\">LOVE-IT Passionate Software Solutions<\/a><\/p>\n<p><strong>Limitation de la responsabilit\u00e9<br \/>\n<\/strong>L\u2019utilisation de ce site Internet propos\u00e9 par TAPEDESIGN WO GmbH n\u2019est autoris\u00e9e que sur la base de ces conditions.<\/p>\n<p>Les contenus de ce site sont cr\u00e9\u00e9s avec le plus grand soin. Cependant, TAPEDESIGN WO GmbH n\u2019assume aucune responsabilit\u00e9 quant \u00e0 l\u2019exactitude, la compl\u00e9tude et l\u2019actualit\u00e9 du contenu fourni. TAPEDESIGN WO GmbH n\u2019assume aucune responsabilit\u00e9 en ce qui concerne l\u2019exactitude et la qualit\u00e9 du contenu fourni sur ce site Web ou pouvant \u00eatre transmis ou t\u00e9l\u00e9charg\u00e9 via ce site Web. TAPEDESIGN WO GmbH se r\u00e9serve le droit de modifier, de compl\u00e9ter ou de supprimer des parties du site ou l\u2019int\u00e9gralit\u00e9 de l\u2019offre sans pr\u00e9avis. Les contributions marqu\u00e9es par nom refl\u00e8tent l\u2019opinion de l\u2019auteur respectif et pas toujours l\u2019avis du prestataire. L\u2019utilisation pure du site Web du fournisseur n\u2019apporte aucune relation contractuelle entre l\u2019utilisateur et le fournisseur.<\/p>\n<p><strong>Liens externes<\/strong><br \/>\nCe site Web contient des liens vers des sites Web de tiers (\u201cliens externes\u201d). Ces sites sont soumis \u00e0 la responsabilit\u00e9 des op\u00e9rateurs respectifs. Le fournisseur a v\u00e9rifi\u00e9 le contenu tiers lors de la premi\u00e8re liaison des liens externes pour d\u00e9terminer s\u2019il y avait des violations de la loi. A cette \u00e9poque, aucune violation de la loi n\u2019\u00e9tait \u00e9vidente. Le fournisseur n\u2019a aucune influence sur la conception actuelle et future et sur le contenu des pages li\u00e9es. Le r\u00e9glage des liens externes ne signifie pas que le fournisseur utilise le contenu derri\u00e8re la r\u00e9f\u00e9rence ou le lien. Un contr\u00f4le constant des liens externes n\u2019est pas raisonnable pour le fournisseur sans r\u00e9f\u00e9rences concr\u00e8tes aux violations de la loi. Un contr\u00f4le constant des liens externes n\u2019est pas raisonnable pour le fournisseur sans r\u00e9f\u00e9rences concr\u00e8tes aux violations de la loi.<\/p>\n<p><strong>Droit d\u2019auteur et droit d\u2019auteur accessoire<\/strong><br \/>\nLe contenu publi\u00e9 sur ce site Web est soumis au droit d\u2019auteur et au droit d\u2019auteur accessoire. Toute utilisation n\u00e9cessite le consentement \u00e9crit pr\u00e9alable de TAPEDESIGN WO GmbH et est uniquement autoris\u00e9e avec r\u00e9f\u00e9rence aux informations de copyright. Ceci s\u2019applique notamment \u00e0 la duplication, au traitement, \u00e0 la traduction, au stockage, au traitement et\/ou \u00e0 la reproduction des contenus dans des bases de donn\u00e9es ou d\u2019autres supports et syst\u00e8mes \u00e9lectroniques. Le contenu et les droits des tierces parties sont marqu\u00e9s comme tels.<\/p>\n<p><strong>Cookies<\/strong><br \/>\nLes sites Web utilisent des cookies dits \u00e0 plusieurs endroits. Ils servent \u00e0 rendre notre offre plus conviviale, efficace et s\u00e9curis\u00e9e. Les cookies sont de petits fichiers texte qui sont stock\u00e9s sur votre ordinateur et que votre navigateur stocke. La plupart des cookies que nous utilisons sont des \u201ccookies de session\u201d. Ils seront automatiquement supprim\u00e9s \u00e0 la fin de votre visite. Les cookies ne nuisent pas \u00e0 votre ordinateur et ne contiennent pas de virus.<\/p>\n<p><strong>D\u00e9charge de responsabilit\u00e9 Google Analytics<\/strong><br \/>\nCe site Web utilise Google Analytics, un service d\u2019analyse Web de Google Inc. (\u201eGoogle\u201c). Google Analytics utilise des \u201ccookies\u201d, des fichiers texte qui sont stock\u00e9s sur votre ordinateur et permettent d\u2019analyser votre utilisation du site Web. Les informations g\u00e9n\u00e9r\u00e9es par le cookie concernant votre utilisation de ce site Web (y compris votre adresse IP, mais anonymis\u00e9e \u00e0 l\u2019aide de la m\u00e9thode _anonymizeIp () afin qu\u2019il ne puisse plus \u00eatre attribu\u00e9 \u00e0 un port) seront transmises \u00e0 un serveur de Google aux \u00c9tats-Unis. et sauv\u00e9 l\u00e0.<br \/>\nGoogle utilisera cette information pour \u00e9valuer votre utilisation du site Web, pour compiler des rapports sur l\u2019activit\u00e9 de site Web pour les op\u00e9rateurs de site Web, et pour fournir d\u2019autres services li\u00e9s \u00e0 l\u2019utilisation de site Web et \u00e0 l\u2019utilisation d\u2019Internet. Google peut \u00e9galement transf\u00e9rer ces informations \u00e0 des tiers si la loi l\u2019exige ou si des tiers traitent ces donn\u00e9es au nom de Google. Google n\u2019associera en aucun cas votre adresse IP \u00e0 d\u2019autres donn\u00e9es Google. Vous pouvez emp\u00eacher l\u2019installation de cookies en param\u00e9trant votre logiciel de navigation en cons\u00e9quence; Cependant, sachez que si vous le faites, vous ne pourrez peut-\u00eatre pas utiliser toutes les fonctionnalit\u00e9s de ce site web. En utilisant ce site Web, vous acceptez le traitement de Google des donn\u00e9es collect\u00e9es sur vous de la mani\u00e8re d\u00e9crite pr\u00e9c\u00e9demment et pour le but pr\u00e9c\u00e9demment indiqu\u00e9.<br \/>\nVous pouvez d\u00e9sactiver la collecte de donn\u00e9es de Google Analytics pour l\u2019avenir en installant un module compl\u00e9mentaire de d\u00e9sactivation (<a href=\"http:\/\/tools.google.com\/dlpage\/gaoptout?hl=fr\">http:\/\/tools.google.com\/dlpage\/gaoptout?hl=fr<\/a>) pour votre navigateur.<\/p>\n<p><strong>R\u00e8glement des diff\u00e9rends en ligne<\/strong><br \/>\nLa Commission europ\u00e9enne met \u00e0 disposition une plate-forme de r\u00e8glement des litiges en ligne (ODR), accessible \u00e0 l\u2019adresse\u00a0<a href=\"http:\/\/ec.europa.eu\/consumers\/odr\/\" target=\"_blank\" rel=\"noopener noreferrer\">http:\/\/ec.europa.eu\/consumers\/odr\/<\/a>.<br \/>\nNous n\u2019avons pas l\u2019intention de participer aux proc\u00e9dures de r\u00e8glement des diff\u00e9rends devant un organisme de r\u00e8glement des diff\u00e9rends.<\/p>\n\t\t\t\t\t\t\t\t<\/div>\n\t\t\t\t<\/div>\n\t\t\t\t\t<\/div>\n\t\t\t\t<\/div>\n\t\t\t\t<\/div>\n\t\t","protected":false},"excerpt":{"rendered":"<p>Adresse de facturation du bureau TAPEDESIGN WO GmbH Friedrich Schnideritschstrasse 2 8054 Graz Autriche Entrep\u00f4t \/ Retours Tapedesign WO GmbH Heuweg 10 8041 Graz Autriche office@tape-design.com Directeur g\u00e9n\u00e9ral: Mario Ofner,&hellip;<\/p>\n","protected":false},"author":1,"featured_media":0,"parent":0,"menu_order":0,"comment_status":"closed","ping_status":"closed","template":"","meta":{"_acf_changed":false,"footnotes":""},"class_list":["post-1542","page","type-page","status-publish","hentry"],"acf":[],"yoast_head":"<title>Mentions l\u00e9gales - TAPEDESIGN<\/title>\n<meta name=\"robots\" content=\"index, follow, max-snippet:-1, max-image-preview:large, max-video-preview:-1\" \/>\n<link rel=\"canonical\" href=\"https:\/\/www.tape-design.com\/fr\/mentions-legales\/\" \/>\n<meta property=\"og:locale\" content=\"fr_FR\" \/>\n<meta property=\"og:type\" content=\"article\" \/>\n<meta property=\"og:title\" content=\"Mentions l\u00e9gales - TAPEDESIGN\" \/>\n<meta property=\"og:description\" content=\"Adresse de facturation du bureau TAPEDESIGN WO GmbH Friedrich Schnideritschstrasse 2 8054 Graz Autriche Entrep\u00f4t \/ Retours Tapedesign WO GmbH Heuweg 10 8041 Graz Autriche office@tape-design.com Directeur g\u00e9n\u00e9ral: Mario Ofner,&hellip;\" \/>\n<meta property=\"og:url\" content=\"https:\/\/www.tape-design.com\/fr\/mentions-legales\/\" \/>\n<meta property=\"og:site_name\" content=\"TAPEDESIGN\" \/>\n<meta property=\"article:publisher\" content=\"https:\/\/www.facebook.com\/tapedesigncom\/\" \/>\n<meta property=\"article:modified_time\" content=\"2025-03-05T07:04:18+00:00\" \/>\n<meta name=\"twitter:card\" content=\"summary_large_image\" \/>\n<meta name=\"twitter:label1\" content=\"Dur\u00e9e de lecture estim\u00e9e\" \/>\n\t<meta name=\"twitter:data1\" content=\"5 minutes\" \/>\n<script type=\"application\/ld+json\" class=\"yoast-schema-graph\">{\"@context\":\"https:\/\/schema.org\",\"@graph\":[{\"@type\":\"WebPage\",\"@id\":\"https:\/\/www.tape-design.com\/fr\/mentions-legales\/\",\"url\":\"https:\/\/www.tape-design.com\/fr\/mentions-legales\/\",\"name\":\"Mentions l\u00e9gales - TAPEDESIGN\",\"isPartOf\":{\"@id\":\"https:\/\/www.tape-design.com\/#website\"},\"datePublished\":\"2020-11-02T09:07:43+00:00\",\"dateModified\":\"2025-03-05T07:04:18+00:00\",\"breadcrumb\":{\"@id\":\"https:\/\/www.tape-design.com\/fr\/mentions-legales\/#breadcrumb\"},\"inLanguage\":\"fr-FR\",\"potentialAction\":[{\"@type\":\"ReadAction\",\"target\":[\"https:\/\/www.tape-design.com\/fr\/mentions-legales\/\"]}]},{\"@type\":\"BreadcrumbList\",\"@id\":\"https:\/\/www.tape-design.com\/fr\/mentions-legales\/#breadcrumb\",\"itemListElement\":[{\"@type\":\"ListItem\",\"position\":1,\"name\":\"Home\",\"item\":\"https:\/\/www.tape-design.com\/fr\/\"},{\"@type\":\"ListItem\",\"position\":2,\"name\":\"Mentions l\u00e9gales\"}]},{\"@type\":\"WebSite\",\"@id\":\"https:\/\/www.tape-design.com\/#website\",\"url\":\"https:\/\/www.tape-design.com\/\",\"name\":\"TAPEDESIGN\",\"description\":\"Always a step ahead\",\"publisher\":{\"@id\":\"https:\/\/www.tape-design.com\/#organization\"},\"potentialAction\":[{\"@type\":\"SearchAction\",\"target\":{\"@type\":\"EntryPoint\",\"urlTemplate\":\"https:\/\/www.tape-design.com\/?s={search_term_string}\"},\"query-input\":{\"@type\":\"PropertyValueSpecification\",\"valueRequired\":true,\"valueName\":\"search_term_string\"}}],\"inLanguage\":\"fr-FR\"},{\"@type\":\"Organization\",\"@id\":\"https:\/\/www.tape-design.com\/#organization\",\"name\":\"TAPEDESIGN\",\"url\":\"https:\/\/www.tape-design.com\/\",\"logo\":{\"@type\":\"ImageObject\",\"inLanguage\":\"fr-FR\",\"@id\":\"https:\/\/www.tape-design.com\/#\/schema\/logo\/image\/\",\"url\":\"https:\/\/www.tape-design.com\/app\/uploads\/2020\/11\/Logosmall.png\",\"contentUrl\":\"https:\/\/www.tape-design.com\/app\/uploads\/2020\/11\/Logosmall.png\",\"width\":340,\"height\":156,\"caption\":\"TAPEDESIGN\"},\"image\":{\"@id\":\"https:\/\/www.tape-design.com\/#\/schema\/logo\/image\/\"},\"sameAs\":[\"https:\/\/www.facebook.com\/tapedesigncom\/\",\"https:\/\/www.instagram.com\/tapedesign_socks\/?hl=de\"]}]}<\/script>","yoast_head_json":{"title":"Mentions l\u00e9gales - TAPEDESIGN","robots":{"index":"index","follow":"follow","max-snippet":"max-snippet:-1","max-image-preview":"max-image-preview:large","max-video-preview":"max-video-preview:-1"},"canonical":"https:\/\/www.tape-design.com\/fr\/mentions-legales\/","og_locale":"fr_FR","og_type":"article","og_title":"Mentions l\u00e9gales - TAPEDESIGN","og_description":"Adresse de facturation du bureau TAPEDESIGN WO GmbH Friedrich Schnideritschstrasse 2 8054 Graz Autriche Entrep\u00f4t \/ Retours Tapedesign WO GmbH Heuweg 10 8041 Graz Autriche office@tape-design.com Directeur g\u00e9n\u00e9ral: Mario Ofner,&hellip;","og_url":"https:\/\/www.tape-design.com\/fr\/mentions-legales\/","og_site_name":"TAPEDESIGN","article_publisher":"https:\/\/www.facebook.com\/tapedesigncom\/","article_modified_time":"2025-03-05T07:04:18+00:00","twitter_card":"summary_large_image","twitter_misc":{"Dur\u00e9e de lecture estim\u00e9e":"5 minutes"},"schema":{"@context":"https:\/\/schema.org","@graph":[{"@type":"WebPage","@id":"https:\/\/www.tape-design.com\/fr\/mentions-legales\/","url":"https:\/\/www.tape-design.com\/fr\/mentions-legales\/","name":"Mentions l\u00e9gales - TAPEDESIGN","isPartOf":{"@id":"https:\/\/www.tape-design.com\/#website"},"datePublished":"2020-11-02T09:07:43+00:00","dateModified":"2025-03-05T07:04:18+00:00","breadcrumb":{"@id":"https:\/\/www.tape-design.com\/fr\/mentions-legales\/#breadcrumb"},"inLanguage":"fr-FR","potentialAction":[{"@type":"ReadAction","target":["https:\/\/www.tape-design.com\/fr\/mentions-legales\/"]}]},{"@type":"BreadcrumbList","@id":"https:\/\/www.tape-design.com\/fr\/mentions-legales\/#breadcrumb","itemListElement":[{"@type":"ListItem","position":1,"name":"Home","item":"https:\/\/www.tape-design.com\/fr\/"},{"@type":"ListItem","position":2,"name":"Mentions l\u00e9gales"}]},{"@type":"WebSite","@id":"https:\/\/www.tape-design.com\/#website","url":"https:\/\/www.tape-design.com\/","name":"TAPEDESIGN","description":"Always a step ahead","publisher":{"@id":"https:\/\/www.tape-design.com\/#organization"},"potentialAction":[{"@type":"SearchAction","target":{"@type":"EntryPoint","urlTemplate":"https:\/\/www.tape-design.com\/?s={search_term_string}"},"query-input":{"@type":"PropertyValueSpecification","valueRequired":true,"valueName":"search_term_string"}}],"inLanguage":"fr-FR"},{"@type":"Organization","@id":"https:\/\/www.tape-design.com\/#organization","name":"TAPEDESIGN","url":"https:\/\/www.tape-design.com\/","logo":{"@type":"ImageObject","inLanguage":"fr-FR","@id":"https:\/\/www.tape-design.com\/#\/schema\/logo\/image\/","url":"https:\/\/www.tape-design.com\/app\/uploads\/2020\/11\/Logosmall.png","contentUrl":"https:\/\/www.tape-design.com\/app\/uploads\/2020\/11\/Logosmall.png","width":340,"height":156,"caption":"TAPEDESIGN"},"image":{"@id":"https:\/\/www.tape-design.com\/#\/schema\/logo\/image\/"},"sameAs":["https:\/\/www.facebook.com\/tapedesigncom\/","https:\/\/www.instagram.com\/tapedesign_socks\/?hl=de"]}]}},"_links":{"self":[{"href":"https:\/\/www.tape-design.com\/fr\/wp-json\/wp\/v2\/pages\/1542","targetHints":{"allow":["GET"]}}],"collection":[{"href":"https:\/\/www.tape-design.com\/fr\/wp-json\/wp\/v2\/pages"}],"about":[{"href":"https:\/\/www.tape-design.com\/fr\/wp-json\/wp\/v2\/types\/page"}],"author":[{"embeddable":true,"href":"https:\/\/www.tape-design.com\/fr\/wp-json\/wp\/v2\/users\/1"}],"replies":[{"embeddable":true,"href":"https:\/\/www.tape-design.com\/fr\/wp-json\/wp\/v2\/comments?post=1542"}],"version-history":[{"count":10,"href":"https:\/\/www.tape-design.com\/fr\/wp-json\/wp\/v2\/pages\/1542\/revisions"}],"predecessor-version":[{"id":124455,"href":"https:\/\/www.tape-design.com\/fr\/wp-json\/wp\/v2\/pages\/1542\/revisions\/124455"}],"wp:attachment":[{"href":"https:\/\/www.tape-design.com\/fr\/wp-json\/wp\/v2\/media?parent=1542"}],"curies":[{"name":"wp","href":"https:\/\/api.w.org\/{rel}","templated":true}]}}