{"id":1555,"date":"2020-11-03T22:31:45","date_gmt":"2020-11-03T21:31:45","guid":{"rendered":"http:\/\/tapedesign.sw763nap.at.edis.global\/versandarten\/"},"modified":"2025-03-06T08:51:48","modified_gmt":"2025-03-06T07:51:48","slug":"methodes-dexpedition","status":"publish","type":"page","link":"https:\/\/www.tape-design.com\/fr\/methodes-dexpedition\/","title":{"rendered":"M\u00e9thodes d\u2019exp\u00e9dition"},"content":{"rendered":"<h2><strong>Prix, frais de port et informations de livraison:<\/strong><\/h2>\n<p>Les prix indiqu\u00e9s sur les pages produits incluent la TVA et d\u2019autres \u00e9l\u00e9ments de prix.<\/p>\n<p>En plus des prix indiqu\u00e9s, nous facturons les frais de livraison suivants:<\/p>\n<h3>EUROPA (GLS)<\/h3>\n<p><strong>Zone 1<\/strong><\/p>\n<ul>\n<li>6,99 Euro : Autriche<\/li>\n<li>6,99 Euro : Slov\u00e9nie<\/li>\n<li>8,99 Euro : Allemagne<\/li>\n<\/ul>\n<p><strong>Zone 2<\/strong><\/p>\n<ul>\n<li>7,99 Euro : Hongrie, Slovaquie, R\u00e9publique tch\u00e8que, Luxembourg<\/li>\n<\/ul>\n<p><strong>Zone 3<\/strong><\/p>\n<ul>\n<li>8,99 Euro : Belgique, Danemark, Pays-Bas \/ Pays-Bas, Roumanie, Bulgarie<\/li>\n<\/ul>\n<p><strong>Zone 4<\/strong><\/p>\n<ul>\n<li>9,99 Euro : France, Italie, Croatie<\/li>\n<\/ul>\n<p><strong>Zone 5<\/strong><\/p>\n<ul>\n<li>12,99 Euro : Finlande, Su\u00e8de<\/li>\n<\/ul>\n<p><strong>Zone 6<\/strong><\/p>\n<ul>\n<li>14,99 Euro : Chypre, Espagne, Estonie, Gr\u00e8ce, Irlande, Lettonie, Lituanie, Malte, Pologne, Portugal\n<div class=\"flex-1 overflow-hidden\">\n<div class=\"react-scroll-to-bottom--css-hhqjp-79elbk h-full\">\n<div class=\"react-scroll-to-bottom--css-hhqjp-1n7m0yu\">\n<div class=\"flex flex-col pb-9 text-sm\">\n<div class=\"w-full text-token-text-primary\" data-testid=\"conversation-turn-7\">\n<div class=\"px-4 py-2 justify-center text-base md:gap-6 m-auto\">\n<div class=\"flex flex-1 text-base mx-auto gap-3 md:px-5 lg:px-1 xl:px-5 md:max-w-3xl lg:max-w-[40rem] xl:max-w-[48rem] group final-completion\">\n<div class=\"relative flex w-full flex-col lg:w-[calc(100%-115px)] agent-turn\">\n<div class=\"flex-col gap-1 md:gap-3\">\n<div class=\"mt-1 flex justify-start gap-3 empty:hidden\"><\/div>\n<\/div>\n<\/div>\n<\/div>\n<\/div>\n<\/div>\n<\/div>\n<\/div>\n<\/div>\n<\/div>\n<\/li>\n<\/ul>\n<p><strong>Zone 7<\/strong><\/p>\n<ul>\n<li>17,99 Euro : Islande, Norv\u00e8ge<\/li>\n<\/ul>\n<h3>NO-EUROPA (DHL EXPRESS)<\/h3>\n<p><strong>Zone 1<\/strong><\/p>\n<ul>\n<li>14,99 Euro : Grande-Bretagne<\/li>\n<\/ul>\n<p><strong>Zone 2<\/strong><\/p>\n<ul>\n<li>17,99 Euro : Moldavie, Mac\u00e9doine du Nord, Serbie, Turquie, Bosnie-Herz\u00e9govine, Ukraine<\/li>\n<\/ul>\n<p><strong>Zone 3<\/strong><\/p>\n<ul>\n<li>19.99 Euro : Suisse, Albanie, Monaco, Am\u00e9rique, Mexique, Canada<\/li>\n<\/ul>\n<p><strong>Zone 4<\/strong><\/p>\n<ul>\n<li>26.99 Euro : Chine, Japon<\/li>\n<\/ul>\n<p><strong>Zone 5<\/strong><\/p>\n<ul>\n<li>36,99 Euro : Argentine, EAU, Arabie Saoudite, Oman, Qatar, Bahre\u00efn, Afrique du Sud, Azerba\u00efdjan, Arm\u00e9nie, G\u00e9orgie, Bahamas, Costa Rica, Australie, Afrique, Ghana, Cor\u00e9e du Nord, Cor\u00e9e du Sud, Kowe\u00eft, Inde, Hong Kong, Bolivie, Chili, Colombie, Paraguay, P\u00e9rou, Uruguay, Venezuela, Br\u00e9sil<\/li>\n<\/ul>\n","protected":false},"excerpt":{"rendered":"<p>Prix, frais de port et informations de livraison: Les prix indiqu\u00e9s sur les pages produits incluent la TVA et d\u2019autres \u00e9l\u00e9ments de prix. En plus des prix indiqu\u00e9s, nous facturons&hellip;<\/p>\n","protected":false},"author":1,"featured_media":0,"parent":0,"menu_order":0,"comment_status":"closed","ping_status":"closed","template":"","meta":{"_acf_changed":false,"footnotes":""},"class_list":["post-1555","page","type-page","status-publish","hentry"],"acf":[],"yoast_head":"<title>M\u00e9thodes d\u2019exp\u00e9dition - TAPEDESIGN<\/title>\n<meta name=\"robots\" content=\"noindex, follow\" \/>\n<meta property=\"og:locale\" content=\"fr_FR\" \/>\n<meta property=\"og:type\" content=\"article\" \/>\n<meta property=\"og:title\" content=\"M\u00e9thodes d\u2019exp\u00e9dition - TAPEDESIGN\" \/>\n<meta property=\"og:description\" content=\"Prix, frais de port et informations de livraison: Les prix indiqu\u00e9s sur les pages produits incluent la TVA et d\u2019autres \u00e9l\u00e9ments de prix. En plus des prix indiqu\u00e9s, nous facturons&hellip;\" \/>\n<meta property=\"og:url\" content=\"https:\/\/www.tape-design.com\/fr\/methodes-dexpedition\/\" \/>\n<meta property=\"og:site_name\" content=\"TAPEDESIGN\" \/>\n<meta property=\"article:publisher\" content=\"https:\/\/www.facebook.com\/tapedesigncom\/\" \/>\n<meta property=\"article:modified_time\" content=\"2025-03-06T07:51:48+00:00\" \/>\n<meta name=\"twitter:card\" content=\"summary_large_image\" \/>\n<meta name=\"twitter:label1\" content=\"Dur\u00e9e de lecture estim\u00e9e\" \/>\n\t<meta name=\"twitter:data1\" content=\"1 minute\" \/>\n<script type=\"application\/ld+json\" class=\"yoast-schema-graph\">{\"@context\":\"https:\/\/schema.org\",\"@graph\":[{\"@type\":\"WebPage\",\"@id\":\"https:\/\/www.tape-design.com\/fr\/methodes-dexpedition\/\",\"url\":\"https:\/\/www.tape-design.com\/fr\/methodes-dexpedition\/\",\"name\":\"M\u00e9thodes d\u2019exp\u00e9dition - TAPEDESIGN\",\"isPartOf\":{\"@id\":\"https:\/\/www.tape-design.com\/#website\"},\"datePublished\":\"2020-11-03T21:31:45+00:00\",\"dateModified\":\"2025-03-06T07:51:48+00:00\",\"breadcrumb\":{\"@id\":\"https:\/\/www.tape-design.com\/fr\/methodes-dexpedition\/#breadcrumb\"},\"inLanguage\":\"fr-FR\",\"potentialAction\":[{\"@type\":\"ReadAction\",\"target\":[\"https:\/\/www.tape-design.com\/fr\/methodes-dexpedition\/\"]}]},{\"@type\":\"BreadcrumbList\",\"@id\":\"https:\/\/www.tape-design.com\/fr\/methodes-dexpedition\/#breadcrumb\",\"itemListElement\":[{\"@type\":\"ListItem\",\"position\":1,\"name\":\"Home\",\"item\":\"https:\/\/www.tape-design.com\/fr\/\"},{\"@type\":\"ListItem\",\"position\":2,\"name\":\"M\u00e9thodes d\u2019exp\u00e9dition\"}]},{\"@type\":\"WebSite\",\"@id\":\"https:\/\/www.tape-design.com\/#website\",\"url\":\"https:\/\/www.tape-design.com\/\",\"name\":\"TAPEDESIGN\",\"description\":\"Always a step ahead\",\"publisher\":{\"@id\":\"https:\/\/www.tape-design.com\/#organization\"},\"potentialAction\":[{\"@type\":\"SearchAction\",\"target\":{\"@type\":\"EntryPoint\",\"urlTemplate\":\"https:\/\/www.tape-design.com\/?s={search_term_string}\"},\"query-input\":{\"@type\":\"PropertyValueSpecification\",\"valueRequired\":true,\"valueName\":\"search_term_string\"}}],\"inLanguage\":\"fr-FR\"},{\"@type\":\"Organization\",\"@id\":\"https:\/\/www.tape-design.com\/#organization\",\"name\":\"TAPEDESIGN\",\"url\":\"https:\/\/www.tape-design.com\/\",\"logo\":{\"@type\":\"ImageObject\",\"inLanguage\":\"fr-FR\",\"@id\":\"https:\/\/www.tape-design.com\/#\/schema\/logo\/image\/\",\"url\":\"https:\/\/www.tape-design.com\/app\/uploads\/2020\/11\/Logosmall.png\",\"contentUrl\":\"https:\/\/www.tape-design.com\/app\/uploads\/2020\/11\/Logosmall.png\",\"width\":340,\"height\":156,\"caption\":\"TAPEDESIGN\"},\"image\":{\"@id\":\"https:\/\/www.tape-design.com\/#\/schema\/logo\/image\/\"},\"sameAs\":[\"https:\/\/www.facebook.com\/tapedesigncom\/\",\"https:\/\/www.instagram.com\/tapedesign_socks\/?hl=de\"]}]}<\/script>","yoast_head_json":{"title":"M\u00e9thodes d\u2019exp\u00e9dition - TAPEDESIGN","robots":{"index":"noindex","follow":"follow"},"og_locale":"fr_FR","og_type":"article","og_title":"M\u00e9thodes d\u2019exp\u00e9dition - TAPEDESIGN","og_description":"Prix, frais de port et informations de livraison: Les prix indiqu\u00e9s sur les pages produits incluent la TVA et d\u2019autres \u00e9l\u00e9ments de prix. En plus des prix indiqu\u00e9s, nous facturons&hellip;","og_url":"https:\/\/www.tape-design.com\/fr\/methodes-dexpedition\/","og_site_name":"TAPEDESIGN","article_publisher":"https:\/\/www.facebook.com\/tapedesigncom\/","article_modified_time":"2025-03-06T07:51:48+00:00","twitter_card":"summary_large_image","twitter_misc":{"Dur\u00e9e de lecture estim\u00e9e":"1 minute"},"schema":{"@context":"https:\/\/schema.org","@graph":[{"@type":"WebPage","@id":"https:\/\/www.tape-design.com\/fr\/methodes-dexpedition\/","url":"https:\/\/www.tape-design.com\/fr\/methodes-dexpedition\/","name":"M\u00e9thodes d\u2019exp\u00e9dition - TAPEDESIGN","isPartOf":{"@id":"https:\/\/www.tape-design.com\/#website"},"datePublished":"2020-11-03T21:31:45+00:00","dateModified":"2025-03-06T07:51:48+00:00","breadcrumb":{"@id":"https:\/\/www.tape-design.com\/fr\/methodes-dexpedition\/#breadcrumb"},"inLanguage":"fr-FR","potentialAction":[{"@type":"ReadAction","target":["https:\/\/www.tape-design.com\/fr\/methodes-dexpedition\/"]}]},{"@type":"BreadcrumbList","@id":"https:\/\/www.tape-design.com\/fr\/methodes-dexpedition\/#breadcrumb","itemListElement":[{"@type":"ListItem","position":1,"name":"Home","item":"https:\/\/www.tape-design.com\/fr\/"},{"@type":"ListItem","position":2,"name":"M\u00e9thodes d\u2019exp\u00e9dition"}]},{"@type":"WebSite","@id":"https:\/\/www.tape-design.com\/#website","url":"https:\/\/www.tape-design.com\/","name":"TAPEDESIGN","description":"Always a step ahead","publisher":{"@id":"https:\/\/www.tape-design.com\/#organization"},"potentialAction":[{"@type":"SearchAction","target":{"@type":"EntryPoint","urlTemplate":"https:\/\/www.tape-design.com\/?s={search_term_string}"},"query-input":{"@type":"PropertyValueSpecification","valueRequired":true,"valueName":"search_term_string"}}],"inLanguage":"fr-FR"},{"@type":"Organization","@id":"https:\/\/www.tape-design.com\/#organization","name":"TAPEDESIGN","url":"https:\/\/www.tape-design.com\/","logo":{"@type":"ImageObject","inLanguage":"fr-FR","@id":"https:\/\/www.tape-design.com\/#\/schema\/logo\/image\/","url":"https:\/\/www.tape-design.com\/app\/uploads\/2020\/11\/Logosmall.png","contentUrl":"https:\/\/www.tape-design.com\/app\/uploads\/2020\/11\/Logosmall.png","width":340,"height":156,"caption":"TAPEDESIGN"},"image":{"@id":"https:\/\/www.tape-design.com\/#\/schema\/logo\/image\/"},"sameAs":["https:\/\/www.facebook.com\/tapedesigncom\/","https:\/\/www.instagram.com\/tapedesign_socks\/?hl=de"]}]}},"_links":{"self":[{"href":"https:\/\/www.tape-design.com\/fr\/wp-json\/wp\/v2\/pages\/1555","targetHints":{"allow":["GET"]}}],"collection":[{"href":"https:\/\/www.tape-design.com\/fr\/wp-json\/wp\/v2\/pages"}],"about":[{"href":"https:\/\/www.tape-design.com\/fr\/wp-json\/wp\/v2\/types\/page"}],"author":[{"embeddable":true,"href":"https:\/\/www.tape-design.com\/fr\/wp-json\/wp\/v2\/users\/1"}],"replies":[{"embeddable":true,"href":"https:\/\/www.tape-design.com\/fr\/wp-json\/wp\/v2\/comments?post=1555"}],"version-history":[{"count":10,"href":"https:\/\/www.tape-design.com\/fr\/wp-json\/wp\/v2\/pages\/1555\/revisions"}],"predecessor-version":[{"id":124622,"href":"https:\/\/www.tape-design.com\/fr\/wp-json\/wp\/v2\/pages\/1555\/revisions\/124622"}],"wp:attachment":[{"href":"https:\/\/www.tape-design.com\/fr\/wp-json\/wp\/v2\/media?parent=1555"}],"curies":[{"name":"wp","href":"https:\/\/api.w.org\/{rel}","templated":true}]}}