{"id":1742,"date":"2020-11-03T23:49:00","date_gmt":"2020-11-03T22:49:00","guid":{"rendered":"http:\/\/tapedesign.sw763nap.at.edis.global\/bezahlmoeglichkeiten\/"},"modified":"2025-03-05T08:20:22","modified_gmt":"2025-03-05T07:20:22","slug":"methodes-de-paiement","status":"publish","type":"page","link":"https:\/\/www.tape-design.com\/fr\/methodes-de-paiement\/","title":{"rendered":"M\u00e9thodes de Paiement"},"content":{"rendered":"<h3>PayPal<\/h3>\n<p>PayPal fonctionne comme un portefeuille num\u00e9rique. Avec votre adresse e-mail et votre mot de passe, vous pouvez envoyer et recevoir des paiements en ligne de mani\u00e8re s\u00e9curis\u00e9e et pratique. PayPal est l\u2019un des moyens de paiement les plus s\u00fbrs car vous n\u2019avez pas besoin d\u2019entrer d\u2019informations financi\u00e8res lors de vos achats.<\/p>\n<div class=\"wpb_text_column wpb_content_element \">\n<div class=\"wpb_wrapper\">\n<h3><span style=\"font-size: 30px;\">Apple Pay<\/span><\/h3>\n<\/div>\n<\/div>\n<div class=\"wpb_column vc_column_container vc_col-sm-6\">\n<div class=\"vc_column-inner\">\n<div class=\"wpb_wrapper\">\n<div class=\"wpb_text_column wpb_content_element \">\n<div class=\"wpb_wrapper\">\n<p>Payez facilement avec votre appareil Apple.<\/p>\n<\/div>\n<\/div>\n<\/div>\n<\/div>\n<\/div>\n<h3>Cartes<\/h3>\n<div class=\"wpb_text_column wpb_content_element \">\n<div class=\"wpb_wrapper\">\n<p>Payez avec des cartes de cr\u00e9dit et de d\u00e9bit.<\/p>\n<h3>EPS<\/h3>\n<div class=\"wpb_text_column wpb_content_element \">\n<div class=\"wpb_wrapper\">\n<p>Payez tr\u00e8s simplement par virement bancaire.<\/p>\n<\/div>\n<\/div>\n<\/div>\n<\/div>\n<h3>Klarna<\/h3>\n<div class=\"wpb_text_column wpb_content_element \">\n<div class=\"wpb_wrapper\">\n<p>Klarna vous offre la fa\u00e7on la plus flexible de payer plus tard.<\/p>\n<\/div>\n<\/div>\n<h3>iDEAL<\/h3>\n<div class=\"vc_row wpb_row vc_row-fluid\">\n<div class=\"wpb_column vc_column_container vc_col-sm-6\">\n<div class=\"vc_column-inner\">\n<div class=\"wpb_wrapper\">\n<div class=\"wpb_text_column wpb_content_element \">\n<div class=\"wpb_wrapper\">\n<p>La m\u00e9thode de paiement la plus populaire aux Pays-Bas.<\/p>\n<p>Veuillez noter que certains prestataires de paiement peuvent ne pas \u00eatre disponibles pour votre pays ou votre appareil.<\/p>\n<\/div>\n<\/div>\n<\/div>\n<\/div>\n<\/div>\n<\/div>\n","protected":false},"excerpt":{"rendered":"<p>PayPal PayPal fonctionne comme un portefeuille num\u00e9rique. Avec votre adresse e-mail et votre mot de passe, vous pouvez envoyer et recevoir des paiements en ligne de mani\u00e8re s\u00e9curis\u00e9e et pratique.&hellip;<\/p>\n","protected":false},"author":1,"featured_media":0,"parent":0,"menu_order":0,"comment_status":"closed","ping_status":"closed","template":"","meta":{"_acf_changed":false,"footnotes":""},"class_list":["post-1742","page","type-page","status-publish","hentry"],"acf":[],"yoast_head":"<title>M\u00e9thodes de Paiement - TAPEDESIGN<\/title>\n<meta name=\"robots\" content=\"index, follow, max-snippet:-1, max-image-preview:large, max-video-preview:-1\" \/>\n<link rel=\"canonical\" href=\"https:\/\/www.tape-design.com\/fr\/methodes-de-paiement\/\" \/>\n<meta property=\"og:locale\" content=\"fr_FR\" \/>\n<meta property=\"og:type\" content=\"article\" \/>\n<meta property=\"og:title\" content=\"M\u00e9thodes de Paiement - TAPEDESIGN\" \/>\n<meta property=\"og:description\" content=\"PayPal PayPal fonctionne comme un portefeuille num\u00e9rique. Avec votre adresse e-mail et votre mot de passe, vous pouvez envoyer et recevoir des paiements en ligne de mani\u00e8re s\u00e9curis\u00e9e et pratique.&hellip;\" \/>\n<meta property=\"og:url\" content=\"https:\/\/www.tape-design.com\/fr\/methodes-de-paiement\/\" \/>\n<meta property=\"og:site_name\" content=\"TAPEDESIGN\" \/>\n<meta property=\"article:publisher\" content=\"https:\/\/www.facebook.com\/tapedesigncom\/\" \/>\n<meta property=\"article:modified_time\" content=\"2025-03-05T07:20:22+00:00\" \/>\n<meta name=\"twitter:card\" content=\"summary_large_image\" \/>\n<meta name=\"twitter:label1\" content=\"Dur\u00e9e de lecture estim\u00e9e\" \/>\n\t<meta name=\"twitter:data1\" content=\"1 minute\" \/>\n<script type=\"application\/ld+json\" class=\"yoast-schema-graph\">{\"@context\":\"https:\/\/schema.org\",\"@graph\":[{\"@type\":\"WebPage\",\"@id\":\"https:\/\/www.tape-design.com\/fr\/methodes-de-paiement\/\",\"url\":\"https:\/\/www.tape-design.com\/fr\/methodes-de-paiement\/\",\"name\":\"M\u00e9thodes de Paiement - TAPEDESIGN\",\"isPartOf\":{\"@id\":\"https:\/\/www.tape-design.com\/#website\"},\"datePublished\":\"2020-11-03T22:49:00+00:00\",\"dateModified\":\"2025-03-05T07:20:22+00:00\",\"breadcrumb\":{\"@id\":\"https:\/\/www.tape-design.com\/fr\/methodes-de-paiement\/#breadcrumb\"},\"inLanguage\":\"fr-FR\",\"potentialAction\":[{\"@type\":\"ReadAction\",\"target\":[\"https:\/\/www.tape-design.com\/fr\/methodes-de-paiement\/\"]}]},{\"@type\":\"BreadcrumbList\",\"@id\":\"https:\/\/www.tape-design.com\/fr\/methodes-de-paiement\/#breadcrumb\",\"itemListElement\":[{\"@type\":\"ListItem\",\"position\":1,\"name\":\"Home\",\"item\":\"https:\/\/www.tape-design.com\/fr\/\"},{\"@type\":\"ListItem\",\"position\":2,\"name\":\"M\u00e9thodes de Paiement\"}]},{\"@type\":\"WebSite\",\"@id\":\"https:\/\/www.tape-design.com\/#website\",\"url\":\"https:\/\/www.tape-design.com\/\",\"name\":\"TAPEDESIGN\",\"description\":\"Always a step ahead\",\"publisher\":{\"@id\":\"https:\/\/www.tape-design.com\/#organization\"},\"potentialAction\":[{\"@type\":\"SearchAction\",\"target\":{\"@type\":\"EntryPoint\",\"urlTemplate\":\"https:\/\/www.tape-design.com\/?s={search_term_string}\"},\"query-input\":{\"@type\":\"PropertyValueSpecification\",\"valueRequired\":true,\"valueName\":\"search_term_string\"}}],\"inLanguage\":\"fr-FR\"},{\"@type\":\"Organization\",\"@id\":\"https:\/\/www.tape-design.com\/#organization\",\"name\":\"TAPEDESIGN\",\"url\":\"https:\/\/www.tape-design.com\/\",\"logo\":{\"@type\":\"ImageObject\",\"inLanguage\":\"fr-FR\",\"@id\":\"https:\/\/www.tape-design.com\/#\/schema\/logo\/image\/\",\"url\":\"https:\/\/www.tape-design.com\/app\/uploads\/2020\/11\/Logosmall.png\",\"contentUrl\":\"https:\/\/www.tape-design.com\/app\/uploads\/2020\/11\/Logosmall.png\",\"width\":340,\"height\":156,\"caption\":\"TAPEDESIGN\"},\"image\":{\"@id\":\"https:\/\/www.tape-design.com\/#\/schema\/logo\/image\/\"},\"sameAs\":[\"https:\/\/www.facebook.com\/tapedesigncom\/\",\"https:\/\/www.instagram.com\/tapedesign_socks\/?hl=de\"]}]}<\/script>","yoast_head_json":{"title":"M\u00e9thodes de Paiement - TAPEDESIGN","robots":{"index":"index","follow":"follow","max-snippet":"max-snippet:-1","max-image-preview":"max-image-preview:large","max-video-preview":"max-video-preview:-1"},"canonical":"https:\/\/www.tape-design.com\/fr\/methodes-de-paiement\/","og_locale":"fr_FR","og_type":"article","og_title":"M\u00e9thodes de Paiement - TAPEDESIGN","og_description":"PayPal PayPal fonctionne comme un portefeuille num\u00e9rique. Avec votre adresse e-mail et votre mot de passe, vous pouvez envoyer et recevoir des paiements en ligne de mani\u00e8re s\u00e9curis\u00e9e et pratique.&hellip;","og_url":"https:\/\/www.tape-design.com\/fr\/methodes-de-paiement\/","og_site_name":"TAPEDESIGN","article_publisher":"https:\/\/www.facebook.com\/tapedesigncom\/","article_modified_time":"2025-03-05T07:20:22+00:00","twitter_card":"summary_large_image","twitter_misc":{"Dur\u00e9e de lecture estim\u00e9e":"1 minute"},"schema":{"@context":"https:\/\/schema.org","@graph":[{"@type":"WebPage","@id":"https:\/\/www.tape-design.com\/fr\/methodes-de-paiement\/","url":"https:\/\/www.tape-design.com\/fr\/methodes-de-paiement\/","name":"M\u00e9thodes de Paiement - TAPEDESIGN","isPartOf":{"@id":"https:\/\/www.tape-design.com\/#website"},"datePublished":"2020-11-03T22:49:00+00:00","dateModified":"2025-03-05T07:20:22+00:00","breadcrumb":{"@id":"https:\/\/www.tape-design.com\/fr\/methodes-de-paiement\/#breadcrumb"},"inLanguage":"fr-FR","potentialAction":[{"@type":"ReadAction","target":["https:\/\/www.tape-design.com\/fr\/methodes-de-paiement\/"]}]},{"@type":"BreadcrumbList","@id":"https:\/\/www.tape-design.com\/fr\/methodes-de-paiement\/#breadcrumb","itemListElement":[{"@type":"ListItem","position":1,"name":"Home","item":"https:\/\/www.tape-design.com\/fr\/"},{"@type":"ListItem","position":2,"name":"M\u00e9thodes de Paiement"}]},{"@type":"WebSite","@id":"https:\/\/www.tape-design.com\/#website","url":"https:\/\/www.tape-design.com\/","name":"TAPEDESIGN","description":"Always a step ahead","publisher":{"@id":"https:\/\/www.tape-design.com\/#organization"},"potentialAction":[{"@type":"SearchAction","target":{"@type":"EntryPoint","urlTemplate":"https:\/\/www.tape-design.com\/?s={search_term_string}"},"query-input":{"@type":"PropertyValueSpecification","valueRequired":true,"valueName":"search_term_string"}}],"inLanguage":"fr-FR"},{"@type":"Organization","@id":"https:\/\/www.tape-design.com\/#organization","name":"TAPEDESIGN","url":"https:\/\/www.tape-design.com\/","logo":{"@type":"ImageObject","inLanguage":"fr-FR","@id":"https:\/\/www.tape-design.com\/#\/schema\/logo\/image\/","url":"https:\/\/www.tape-design.com\/app\/uploads\/2020\/11\/Logosmall.png","contentUrl":"https:\/\/www.tape-design.com\/app\/uploads\/2020\/11\/Logosmall.png","width":340,"height":156,"caption":"TAPEDESIGN"},"image":{"@id":"https:\/\/www.tape-design.com\/#\/schema\/logo\/image\/"},"sameAs":["https:\/\/www.facebook.com\/tapedesigncom\/","https:\/\/www.instagram.com\/tapedesign_socks\/?hl=de"]}]}},"_links":{"self":[{"href":"https:\/\/www.tape-design.com\/fr\/wp-json\/wp\/v2\/pages\/1742","targetHints":{"allow":["GET"]}}],"collection":[{"href":"https:\/\/www.tape-design.com\/fr\/wp-json\/wp\/v2\/pages"}],"about":[{"href":"https:\/\/www.tape-design.com\/fr\/wp-json\/wp\/v2\/types\/page"}],"author":[{"embeddable":true,"href":"https:\/\/www.tape-design.com\/fr\/wp-json\/wp\/v2\/users\/1"}],"replies":[{"embeddable":true,"href":"https:\/\/www.tape-design.com\/fr\/wp-json\/wp\/v2\/comments?post=1742"}],"version-history":[{"count":3,"href":"https:\/\/www.tape-design.com\/fr\/wp-json\/wp\/v2\/pages\/1742\/revisions"}],"predecessor-version":[{"id":124471,"href":"https:\/\/www.tape-design.com\/fr\/wp-json\/wp\/v2\/pages\/1742\/revisions\/124471"}],"wp:attachment":[{"href":"https:\/\/www.tape-design.com\/fr\/wp-json\/wp\/v2\/media?parent=1742"}],"curies":[{"name":"wp","href":"https:\/\/api.w.org\/{rel}","templated":true}]}}