{"id":7984,"date":"2020-11-03T22:01:21","date_gmt":"2020-11-03T21:01:21","guid":{"rendered":"http:\/\/tapedesign.sw763nap.at.edis.global\/widerrufsbelehrung\/"},"modified":"2025-03-05T08:14:11","modified_gmt":"2025-03-05T07:14:11","slug":"droit-de-retractation","status":"publish","type":"page","link":"https:\/\/www.tape-design.com\/fr\/droit-de-retractation\/","title":{"rendered":"Droit de r\u00e9tractation"},"content":{"rendered":"<h3>Droit de r\u00e9tractation<\/h3>\n<p>Vous avez le droit de vous r\u00e9tracter du pr\u00e9sent contrat sans donner de motif dans un d\u00e9lai de quatorze jours. Le d\u00e9lai de r\u00e9tractation expire quatorze jours apr\u00e8s le jour o\u00f9 vous-m\u00eame, ou un tiers autre que le transporteur et d\u00e9sign\u00e9 par vous, prend physiquement possession du dernier bien.<\/p>\n<h3>Exercice du droit de r\u00e9tractation<\/h3>\n<p>Pour exercer le droit de r\u00e9tractation, vous devez nous notifier votre d\u00e9cision de r\u00e9tractation du pr\u00e9sent contrat au moyen d\u2019une d\u00e9claration d\u00e9nu\u00e9e d\u2019ambigu\u00eft\u00e9 (par exemple, lettre envoy\u00e9e par la poste, t\u00e9l\u00e9copie ou courrier \u00e9lectronique) par voie postale \u00e0 l&#8217;adresse Tapedesign KWO GmbH, Liebenauerg\u00fcrtel 16\/2, 8041 Graz, Austria. Par Email \u00e0 l&#8217;adresse office@tape-design.com.<\/p>\n<p>Vous pouvez utiliser le mod\u00e8le de formulaire de r\u00e9tractation mais ce n\u2019est pas obligatoire.<\/p>\n<h3>Adresse de retour<\/h3>\n<p>Envoyez votre retour uniquement \u00e0 l&#8217;adresse suivante:<\/p>\n<p><strong>TAPEDESIGN WO GmbH<\/strong><br \/>\n<strong>Heuweg 10<\/strong><br \/>\n<strong>8041 Graz<\/strong><br \/>\n<strong>Autriche<\/strong><\/p>\n<h3>Formulaire de r\u00e9tractation<\/h3>\n<p>(Veuillez compl\u00e9ter et renvoyer le pr\u00e9sent formulaire uniquement si vous souhaitez vous r\u00e9tracter du contrat.)<\/p>\n<p>&#8211; \u00c0 l\u2019attention de:<\/p>\n<p>TAPEDESIGN WO GmbH<br \/>\nFriedrich Schnideritschstrasse 2<br \/>\n8054 Graz<br \/>\nAustria<\/p>\n<p>office@tape-design.com,<br \/>\n&#8211; Je \/ Nous (*) vous notifie \/ notifions (*) par la pr\u00e9sente ma \/ notre (*) r\u00e9tractation du contrat portant sur la vente du bien (*) \/ pour la prestation de service (*) ci-dessous<br \/>\n&#8211; Command\u00e9 le (*) \/ re\u00e7u le (*)<br \/>\n&#8211; Nom du (des) consommateur(s)<br \/>\n&#8211; Adresse du (des) consommateur(s)<br \/>\n&#8211; Signature du (des) consommateur(s) (uniquement en cas de notification du pr\u00e9sent formulaire sur papier)<br \/>\n&#8211; Date<\/p>\n<p>(*) Biffez la mention inutile.<\/p>\n<p>Pour que le d\u00e9lai de r\u00e9tractation soit respect\u00e9, il suffit que vous transmettiez votre communication relative \u00e0 l\u2019exercice du droit de r\u00e9tractation avant l\u2019expiration du d\u00e9lai de r\u00e9tractation.<\/p>\n<p>Vous devrez prendre en charge les frais directs de renvoi du bien.<\/p>\n<p>Cons\u00e9quences du droit de r\u00e9tractation<\/p>\n<p>Vous devrez renvoyer ou rendre le bien, \u00e0 Tapedesign WO GmbH, Friedrich Schnideritschstrasse 2, 8054 Graz, Austria, sans retard excessif et, en tout \u00e9tat de cause, au plus tard quatorze jours apr\u00e8s que vous nous aurez communiqu\u00e9 votre d\u00e9cision de r\u00e9tractation du pr\u00e9sent contrat.<br \/>\nCe d\u00e9lai est r\u00e9put\u00e9 respect\u00e9 si vous renvoyez le bien avant l\u2019expiration du d\u00e9lai de quatorze jours.<\/p>\n<p>En cas de r\u00e9tractation de votre part du pr\u00e9sent contrat, nous vous rembourserons tous les paiements re\u00e7us de vous, y compris les frais de livraison (\u00e0 l\u2019exception des frais suppl\u00e9mentaires d\u00e9coulant du fait que vous avez choisi, le cas \u00e9ch\u00e9ant, un mode de livraison autre que le mode moins co\u00fbteux de livraison standard propos\u00e9 par nous) sans retard excessif et, en tout \u00e9tat de cause, au plus tard quatorze jours \u00e0 compter du jour o\u00f9 nous sommes inform\u00e9s de votre d\u00e9cision de r\u00e9tractation du pr\u00e9sent contrat.<\/p>\n<p>Nous proc\u00e9derons au remboursement en utilisant le m\u00eame moyen de paiement que celui que vous aurez utilis\u00e9 pour la transaction initiale, sauf si vous convenez express\u00e9ment d\u2019un moyen diff\u00e9rent; en tout \u00e9tat de cause, ce remboursement n\u2019occasionnera pas de frais pour vous.<\/p>\n<p>Nous pouvons diff\u00e9rer le remboursement jusqu\u2019\u00e0 ce que nous ayons re\u00e7u le bien ou jusqu\u2019\u00e0 ce que vous ayez fourni une preuve d\u2019exp\u00e9dition du bien, la date retenue \u00e9tant celle du premier de ces faits.<\/p>\n<p>Votre responsabilit\u00e9 n\u2019est engag\u00e9e qu\u2019\u00e0 l\u2019\u00e9gard de la d\u00e9pr\u00e9ciation du bien r\u00e9sultant de manipulations autres que celles n\u00e9cessaires pour \u00e9tablir la nature, les caract\u00e9ristiques et le bon fonctionnement de ce bien.<\/p>\n<h3>Exception au droit de r\u00e9tractation<\/h3>\n<p>L\u2019exercice du droit de r\u00e9tractation est exclu pour les contrats suivants :<br \/>\n&#8211; les contrats de fourniture de biens confectionn\u00e9s selon les sp\u00e9cifications du consommateur ou nettement personnalis\u00e9s ;<br \/>\n&#8211; les contrats de fourniture de biens susceptibles de se d\u00e9t\u00e9riorer ou de se p\u00e9rimer rapidement ;<br \/>\n&#8211; les contrats de fourniture de biens qui ont \u00e9t\u00e9 descell\u00e9s par le consommateur apr\u00e8s la livraison et qui ne peuvent \u00eatre renvoy\u00e9s pour des raisons d\u2019hygi\u00e8ne ou de protection de la sant\u00e9 ;<br \/>\n&#8211; les contrats de fourniture d\u2019enregistrements audio ou vid\u00e9o ou de logiciels informatiques lorsqu\u2019ils ont \u00e9t\u00e9 descell\u00e9s par le consommateur apr\u00e8s la livraison ;<\/p>\n","protected":false},"excerpt":{"rendered":"<p>Droit de r\u00e9tractation Vous avez le droit de vous r\u00e9tracter du pr\u00e9sent contrat sans donner de motif dans un d\u00e9lai de quatorze jours. Le d\u00e9lai de r\u00e9tractation expire quatorze jours&hellip;<\/p>\n","protected":false},"author":1,"featured_media":0,"parent":0,"menu_order":0,"comment_status":"closed","ping_status":"closed","template":"","meta":{"_acf_changed":false,"footnotes":""},"class_list":["post-7984","page","type-page","status-publish","hentry"],"acf":[],"yoast_head":"<title>Droit de r\u00e9tractation - TAPEDESIGN<\/title>\n<meta name=\"robots\" content=\"noindex, follow\" \/>\n<meta property=\"og:locale\" content=\"fr_FR\" \/>\n<meta property=\"og:type\" content=\"article\" \/>\n<meta property=\"og:title\" content=\"Droit de r\u00e9tractation - TAPEDESIGN\" \/>\n<meta property=\"og:description\" content=\"Droit de r\u00e9tractation Vous avez le droit de vous r\u00e9tracter du pr\u00e9sent contrat sans donner de motif dans un d\u00e9lai de quatorze jours. Le d\u00e9lai de r\u00e9tractation expire quatorze jours&hellip;\" \/>\n<meta property=\"og:url\" content=\"https:\/\/www.tape-design.com\/fr\/droit-de-retractation\/\" \/>\n<meta property=\"og:site_name\" content=\"TAPEDESIGN\" \/>\n<meta property=\"article:publisher\" content=\"https:\/\/www.facebook.com\/tapedesigncom\/\" \/>\n<meta property=\"article:modified_time\" content=\"2025-03-05T07:14:11+00:00\" \/>\n<meta name=\"twitter:card\" content=\"summary_large_image\" \/>\n<meta name=\"twitter:label1\" content=\"Dur\u00e9e de lecture estim\u00e9e\" \/>\n\t<meta name=\"twitter:data1\" content=\"4 minutes\" \/>\n<script type=\"application\/ld+json\" class=\"yoast-schema-graph\">{\"@context\":\"https:\/\/schema.org\",\"@graph\":[{\"@type\":\"WebPage\",\"@id\":\"https:\/\/www.tape-design.com\/fr\/droit-de-retractation\/\",\"url\":\"https:\/\/www.tape-design.com\/fr\/droit-de-retractation\/\",\"name\":\"Droit de r\u00e9tractation - TAPEDESIGN\",\"isPartOf\":{\"@id\":\"https:\/\/www.tape-design.com\/#website\"},\"datePublished\":\"2020-11-03T21:01:21+00:00\",\"dateModified\":\"2025-03-05T07:14:11+00:00\",\"breadcrumb\":{\"@id\":\"https:\/\/www.tape-design.com\/fr\/droit-de-retractation\/#breadcrumb\"},\"inLanguage\":\"fr-FR\",\"potentialAction\":[{\"@type\":\"ReadAction\",\"target\":[\"https:\/\/www.tape-design.com\/fr\/droit-de-retractation\/\"]}]},{\"@type\":\"BreadcrumbList\",\"@id\":\"https:\/\/www.tape-design.com\/fr\/droit-de-retractation\/#breadcrumb\",\"itemListElement\":[{\"@type\":\"ListItem\",\"position\":1,\"name\":\"Home\",\"item\":\"https:\/\/www.tape-design.com\/fr\/\"},{\"@type\":\"ListItem\",\"position\":2,\"name\":\"Droit de r\u00e9tractation\"}]},{\"@type\":\"WebSite\",\"@id\":\"https:\/\/www.tape-design.com\/#website\",\"url\":\"https:\/\/www.tape-design.com\/\",\"name\":\"TAPEDESIGN\",\"description\":\"Always a step ahead\",\"publisher\":{\"@id\":\"https:\/\/www.tape-design.com\/#organization\"},\"potentialAction\":[{\"@type\":\"SearchAction\",\"target\":{\"@type\":\"EntryPoint\",\"urlTemplate\":\"https:\/\/www.tape-design.com\/?s={search_term_string}\"},\"query-input\":{\"@type\":\"PropertyValueSpecification\",\"valueRequired\":true,\"valueName\":\"search_term_string\"}}],\"inLanguage\":\"fr-FR\"},{\"@type\":\"Organization\",\"@id\":\"https:\/\/www.tape-design.com\/#organization\",\"name\":\"TAPEDESIGN\",\"url\":\"https:\/\/www.tape-design.com\/\",\"logo\":{\"@type\":\"ImageObject\",\"inLanguage\":\"fr-FR\",\"@id\":\"https:\/\/www.tape-design.com\/#\/schema\/logo\/image\/\",\"url\":\"https:\/\/www.tape-design.com\/app\/uploads\/2020\/11\/Logosmall.png\",\"contentUrl\":\"https:\/\/www.tape-design.com\/app\/uploads\/2020\/11\/Logosmall.png\",\"width\":340,\"height\":156,\"caption\":\"TAPEDESIGN\"},\"image\":{\"@id\":\"https:\/\/www.tape-design.com\/#\/schema\/logo\/image\/\"},\"sameAs\":[\"https:\/\/www.facebook.com\/tapedesigncom\/\",\"https:\/\/www.instagram.com\/tapedesign_socks\/?hl=de\"]}]}<\/script>","yoast_head_json":{"title":"Droit de r\u00e9tractation - TAPEDESIGN","robots":{"index":"noindex","follow":"follow"},"og_locale":"fr_FR","og_type":"article","og_title":"Droit de r\u00e9tractation - TAPEDESIGN","og_description":"Droit de r\u00e9tractation Vous avez le droit de vous r\u00e9tracter du pr\u00e9sent contrat sans donner de motif dans un d\u00e9lai de quatorze jours. Le d\u00e9lai de r\u00e9tractation expire quatorze jours&hellip;","og_url":"https:\/\/www.tape-design.com\/fr\/droit-de-retractation\/","og_site_name":"TAPEDESIGN","article_publisher":"https:\/\/www.facebook.com\/tapedesigncom\/","article_modified_time":"2025-03-05T07:14:11+00:00","twitter_card":"summary_large_image","twitter_misc":{"Dur\u00e9e de lecture estim\u00e9e":"4 minutes"},"schema":{"@context":"https:\/\/schema.org","@graph":[{"@type":"WebPage","@id":"https:\/\/www.tape-design.com\/fr\/droit-de-retractation\/","url":"https:\/\/www.tape-design.com\/fr\/droit-de-retractation\/","name":"Droit de r\u00e9tractation - TAPEDESIGN","isPartOf":{"@id":"https:\/\/www.tape-design.com\/#website"},"datePublished":"2020-11-03T21:01:21+00:00","dateModified":"2025-03-05T07:14:11+00:00","breadcrumb":{"@id":"https:\/\/www.tape-design.com\/fr\/droit-de-retractation\/#breadcrumb"},"inLanguage":"fr-FR","potentialAction":[{"@type":"ReadAction","target":["https:\/\/www.tape-design.com\/fr\/droit-de-retractation\/"]}]},{"@type":"BreadcrumbList","@id":"https:\/\/www.tape-design.com\/fr\/droit-de-retractation\/#breadcrumb","itemListElement":[{"@type":"ListItem","position":1,"name":"Home","item":"https:\/\/www.tape-design.com\/fr\/"},{"@type":"ListItem","position":2,"name":"Droit de r\u00e9tractation"}]},{"@type":"WebSite","@id":"https:\/\/www.tape-design.com\/#website","url":"https:\/\/www.tape-design.com\/","name":"TAPEDESIGN","description":"Always a step ahead","publisher":{"@id":"https:\/\/www.tape-design.com\/#organization"},"potentialAction":[{"@type":"SearchAction","target":{"@type":"EntryPoint","urlTemplate":"https:\/\/www.tape-design.com\/?s={search_term_string}"},"query-input":{"@type":"PropertyValueSpecification","valueRequired":true,"valueName":"search_term_string"}}],"inLanguage":"fr-FR"},{"@type":"Organization","@id":"https:\/\/www.tape-design.com\/#organization","name":"TAPEDESIGN","url":"https:\/\/www.tape-design.com\/","logo":{"@type":"ImageObject","inLanguage":"fr-FR","@id":"https:\/\/www.tape-design.com\/#\/schema\/logo\/image\/","url":"https:\/\/www.tape-design.com\/app\/uploads\/2020\/11\/Logosmall.png","contentUrl":"https:\/\/www.tape-design.com\/app\/uploads\/2020\/11\/Logosmall.png","width":340,"height":156,"caption":"TAPEDESIGN"},"image":{"@id":"https:\/\/www.tape-design.com\/#\/schema\/logo\/image\/"},"sameAs":["https:\/\/www.facebook.com\/tapedesigncom\/","https:\/\/www.instagram.com\/tapedesign_socks\/?hl=de"]}]}},"_links":{"self":[{"href":"https:\/\/www.tape-design.com\/fr\/wp-json\/wp\/v2\/pages\/7984","targetHints":{"allow":["GET"]}}],"collection":[{"href":"https:\/\/www.tape-design.com\/fr\/wp-json\/wp\/v2\/pages"}],"about":[{"href":"https:\/\/www.tape-design.com\/fr\/wp-json\/wp\/v2\/types\/page"}],"author":[{"embeddable":true,"href":"https:\/\/www.tape-design.com\/fr\/wp-json\/wp\/v2\/users\/1"}],"replies":[{"embeddable":true,"href":"https:\/\/www.tape-design.com\/fr\/wp-json\/wp\/v2\/comments?post=7984"}],"version-history":[{"count":8,"href":"https:\/\/www.tape-design.com\/fr\/wp-json\/wp\/v2\/pages\/7984\/revisions"}],"predecessor-version":[{"id":124465,"href":"https:\/\/www.tape-design.com\/fr\/wp-json\/wp\/v2\/pages\/7984\/revisions\/124465"}],"wp:attachment":[{"href":"https:\/\/www.tape-design.com\/fr\/wp-json\/wp\/v2\/media?parent=7984"}],"curies":[{"name":"wp","href":"https:\/\/api.w.org\/{rel}","templated":true}]}}