{"id":125029,"date":"2025-03-14T08:45:24","date_gmt":"2025-03-14T07:45:24","guid":{"rendered":"https:\/\/www.tape-design.com\/product\/shinguards-mini-pro\/"},"modified":"2026-01-16T12:35:39","modified_gmt":"2026-01-16T11:35:39","slug":"shinguards-mini-pro","status":"publish","type":"product","link":"https:\/\/www.tape-design.com\/fr\/produit\/shinguards-mini-pro\/","title":{"rendered":"Shinguards Mini PRO"},"content":{"rendered":"<p><b>L\u00e9ger. Flexible. S\u00e9curis\u00e9.<\/b><span style=\"font-weight: 400;\"> Les <\/span><b>TAPEDESIGN\u00ae Shinguards Mini Pro<\/b><span style=\"font-weight: 400;\"> sont le choix id\u00e9al pour les footballeurs recherchant une libert\u00e9 de mouvement totale avec une protection fiable.<\/span><\/p>\n<p><span style=\"font-weight: 400;\">\u2714 <\/span><b>Presque imperceptibles \u2013 Agilit\u00e9 maximale<\/b><b><br \/>\n<\/b><span style=\"font-weight: 400;\"> Avec un poids de seulement <\/span><b>21 g<\/b><span style=\"font-weight: 400;\">, ces prot\u00e8ge-tibias mini offrent un confort exceptionnel sans limiter vos mouvements \u2013 parfaits pour des acc\u00e9l\u00e9rations rapides, des passes pr\u00e9cises et des frappes puissantes.<\/span><\/p>\n<p><span style=\"font-weight: 400;\">\u2714 <\/span><b>Ajustement parfait \u2013 Adaptation flexible<\/b><b><br \/>\n<\/b><span style=\"font-weight: 400;\"> Le mat\u00e9riau sp\u00e9cialement con\u00e7u s\u2019adapte parfaitement \u00e0 la forme du tibia, garantissant un maintien confortable et s\u00e9curis\u00e9 sans glissement g\u00eanant.<\/span><\/p>\n<p><span style=\"font-weight: 400;\">\u2714 <\/span><b>Antid\u00e9rapants &amp; fiables<\/b><b><br \/>\n<\/b><span style=\"font-weight: 400;\"> Port\u00e9s avec des chaussettes ou des bandes de maintien, les <\/span><b>Shinguards Mini Pro<\/b><span style=\"font-weight: 400;\"> restent bien en place, vous permettant de vous concentrer pleinement sur votre jeu.<\/span><\/p>\n<p><span style=\"font-weight: 400;\">\u2714 <\/span><b>Polyvalents pour tous les \u00e2ges<\/b><b><br \/>\n<\/b><span style=\"font-weight: 400;\"> Convient aux <\/span><b>enfants, adolescents et adultes<\/b><span style=\"font-weight: 400;\">, aussi bien pour les entra\u00eenements que pour les comp\u00e9titions. Le choix id\u00e9al pour ceux qui recherchent une protection l\u00e9g\u00e8re, confortable et performante.<\/span><\/p>\n<p><span style=\"font-weight: 400;\">\u2714 <\/span><b>Compacts &amp; pratiques<\/b><b><br \/>\n<\/b><span style=\"font-weight: 400;\"> Avec une taille de <\/span><b>13 x 8 cm<\/b><span style=\"font-weight: 400;\">, ces prot\u00e8ge-tibias se glissent facilement dans n&#8217;importe quel sac de sport tout en offrant une protection optimale sans g\u00eane.<\/span><\/p>\n<p><span style=\"font-weight: 400;\">\ud83d\udd34 <\/span><b>Commandez d\u00e8s maintenant les TAPEDESIGN\u00ae Shinguards Mini Pro et d\u00e9couvrez un confort ultime avec une libert\u00e9 de mouvement totale !<\/b><\/p>\n","protected":false},"excerpt":{"rendered":"<p>TAPEDESIGN\u00ae Shinguards Mini Pro \u2013 Protection Ultral\u00e9g\u00e8re pour des Performances Maximales<\/p>\n","protected":false},"featured_media":124961,"template":"","meta":{"_acf_changed":false},"product_cat":[3043,2292],"product_tag":[],"giftcard-category":[],"class_list":{"0":"post-125029","1":"product","2":"type-product","3":"status-publish","4":"has-post-thumbnail","6":"product_cat-shinguards-fr","7":"product_cat-uncategorized-fr","9":"first","10":"instock","11":"taxable","12":"shipping-taxable","13":"purchasable","14":"product-type-simple"},"bundled_by":[],"bundle_stock_status":"instock","bundle_stock_quantity":-36,"bundle_virtual":false,"bundle_layout":"","bundle_add_to_cart_form_location":"","bundle_editable_in_cart":false,"bundle_sold_individually_context":"","bundle_item_grouping":"","bundle_min_size":"","bundle_max_size":"","bundle_price":[],"bundled_items":[],"bundle_sell_ids":[],"exclude_global_add_ons":[],"addons":[],"acf":[],"yoast_head":"<title>Shinguards Mini PRO - TAPEDESIGN<\/title>\n<meta name=\"robots\" content=\"index, follow, max-snippet:-1, max-image-preview:large, max-video-preview:-1\" \/>\n<link rel=\"canonical\" href=\"https:\/\/www.tape-design.com\/fr\/produit\/shinguards-mini-pro\/\" \/>\n<meta property=\"og:locale\" content=\"fr_FR\" \/>\n<meta property=\"og:type\" content=\"article\" \/>\n<meta property=\"og:title\" content=\"Shinguards Mini PRO - TAPEDESIGN\" \/>\n<meta property=\"og:description\" content=\"TAPEDESIGN\u00ae Shinguards Mini Pro \u2013 Protection Ultral\u00e9g\u00e8re pour des Performances Maximales\" \/>\n<meta property=\"og:url\" content=\"https:\/\/www.tape-design.com\/fr\/produit\/shinguards-mini-pro\/\" \/>\n<meta property=\"og:site_name\" content=\"TAPEDESIGN\" \/>\n<meta property=\"article:publisher\" content=\"https:\/\/www.facebook.com\/tapedesigncom\/\" \/>\n<meta property=\"article:modified_time\" content=\"2026-01-16T11:35:39+00:00\" \/>\n<meta property=\"og:image\" content=\"https:\/\/www.tape-design.com\/app\/uploads\/2025\/03\/2025_TD_SHINGUARDS_MINI_PRO_MAIN_IMG_WHITE_BG_v1.jpg\" \/>\n\t<meta property=\"og:image:width\" content=\"1080\" \/>\n\t<meta property=\"og:image:height\" content=\"1080\" \/>\n\t<meta property=\"og:image:type\" content=\"image\/jpeg\" \/>\n<meta name=\"twitter:card\" content=\"summary_large_image\" \/>\n<meta name=\"twitter:label1\" content=\"Dur\u00e9e de lecture estim\u00e9e\" \/>\n\t<meta name=\"twitter:data1\" content=\"1 minute\" \/>\n<script type=\"application\/ld+json\" class=\"yoast-schema-graph\">{\"@context\":\"https:\/\/schema.org\",\"@graph\":[{\"@type\":\"WebPage\",\"@id\":\"https:\/\/www.tape-design.com\/fr\/produit\/shinguards-mini-pro\/\",\"url\":\"https:\/\/www.tape-design.com\/fr\/produit\/shinguards-mini-pro\/\",\"name\":\"Shinguards Mini PRO - TAPEDESIGN\",\"isPartOf\":{\"@id\":\"https:\/\/www.tape-design.com\/#website\"},\"primaryImageOfPage\":{\"@id\":\"https:\/\/www.tape-design.com\/fr\/produit\/shinguards-mini-pro\/#primaryimage\"},\"image\":{\"@id\":\"https:\/\/www.tape-design.com\/fr\/produit\/shinguards-mini-pro\/#primaryimage\"},\"thumbnailUrl\":\"https:\/\/www.tape-design.com\/app\/uploads\/2025\/03\/2025_TD_SHINGUARDS_MINI_PRO_MAIN_IMG_WHITE_BG_v1.jpg\",\"datePublished\":\"2025-03-14T07:45:24+00:00\",\"dateModified\":\"2026-01-16T11:35:39+00:00\",\"breadcrumb\":{\"@id\":\"https:\/\/www.tape-design.com\/fr\/produit\/shinguards-mini-pro\/#breadcrumb\"},\"inLanguage\":\"fr-FR\",\"potentialAction\":[{\"@type\":\"ReadAction\",\"target\":[\"https:\/\/www.tape-design.com\/fr\/produit\/shinguards-mini-pro\/\"]}]},{\"@type\":\"ImageObject\",\"inLanguage\":\"fr-FR\",\"@id\":\"https:\/\/www.tape-design.com\/fr\/produit\/shinguards-mini-pro\/#primaryimage\",\"url\":\"https:\/\/www.tape-design.com\/app\/uploads\/2025\/03\/2025_TD_SHINGUARDS_MINI_PRO_MAIN_IMG_WHITE_BG_v1.jpg\",\"contentUrl\":\"https:\/\/www.tape-design.com\/app\/uploads\/2025\/03\/2025_TD_SHINGUARDS_MINI_PRO_MAIN_IMG_WHITE_BG_v1.jpg\",\"width\":1080,\"height\":1080},{\"@type\":\"BreadcrumbList\",\"@id\":\"https:\/\/www.tape-design.com\/fr\/produit\/shinguards-mini-pro\/#breadcrumb\",\"itemListElement\":[{\"@type\":\"ListItem\",\"position\":1,\"name\":\"Home\",\"item\":\"https:\/\/www.tape-design.com\/fr\/\"},{\"@type\":\"ListItem\",\"position\":2,\"name\":\"Shop\",\"item\":\"https:\/\/www.tape-design.com\/fr\/shop\/\"},{\"@type\":\"ListItem\",\"position\":3,\"name\":\"Shinguards Mini PRO\"}]},{\"@type\":\"WebSite\",\"@id\":\"https:\/\/www.tape-design.com\/#website\",\"url\":\"https:\/\/www.tape-design.com\/\",\"name\":\"TAPEDESIGN\",\"description\":\"Always a step ahead\",\"publisher\":{\"@id\":\"https:\/\/www.tape-design.com\/#organization\"},\"potentialAction\":[{\"@type\":\"SearchAction\",\"target\":{\"@type\":\"EntryPoint\",\"urlTemplate\":\"https:\/\/www.tape-design.com\/?s={search_term_string}\"},\"query-input\":{\"@type\":\"PropertyValueSpecification\",\"valueRequired\":true,\"valueName\":\"search_term_string\"}}],\"inLanguage\":\"fr-FR\"},{\"@type\":\"Organization\",\"@id\":\"https:\/\/www.tape-design.com\/#organization\",\"name\":\"TAPEDESIGN\",\"url\":\"https:\/\/www.tape-design.com\/\",\"logo\":{\"@type\":\"ImageObject\",\"inLanguage\":\"fr-FR\",\"@id\":\"https:\/\/www.tape-design.com\/#\/schema\/logo\/image\/\",\"url\":\"https:\/\/www.tape-design.com\/app\/uploads\/2020\/11\/Logosmall.png\",\"contentUrl\":\"https:\/\/www.tape-design.com\/app\/uploads\/2020\/11\/Logosmall.png\",\"width\":340,\"height\":156,\"caption\":\"TAPEDESIGN\"},\"image\":{\"@id\":\"https:\/\/www.tape-design.com\/#\/schema\/logo\/image\/\"},\"sameAs\":[\"https:\/\/www.facebook.com\/tapedesigncom\/\",\"https:\/\/www.instagram.com\/tapedesign_socks\/?hl=de\"]}]}<\/script>","yoast_head_json":{"title":"Shinguards Mini PRO - TAPEDESIGN","robots":{"index":"index","follow":"follow","max-snippet":"max-snippet:-1","max-image-preview":"max-image-preview:large","max-video-preview":"max-video-preview:-1"},"canonical":"https:\/\/www.tape-design.com\/fr\/produit\/shinguards-mini-pro\/","og_locale":"fr_FR","og_type":"article","og_title":"Shinguards Mini PRO - TAPEDESIGN","og_description":"TAPEDESIGN\u00ae Shinguards Mini Pro \u2013 Protection Ultral\u00e9g\u00e8re pour des Performances Maximales","og_url":"https:\/\/www.tape-design.com\/fr\/produit\/shinguards-mini-pro\/","og_site_name":"TAPEDESIGN","article_publisher":"https:\/\/www.facebook.com\/tapedesigncom\/","article_modified_time":"2026-01-16T11:35:39+00:00","og_image":[{"width":1080,"height":1080,"url":"https:\/\/www.tape-design.com\/app\/uploads\/2025\/03\/2025_TD_SHINGUARDS_MINI_PRO_MAIN_IMG_WHITE_BG_v1.jpg","type":"image\/jpeg"}],"twitter_card":"summary_large_image","twitter_misc":{"Dur\u00e9e de lecture estim\u00e9e":"1 minute"},"schema":{"@context":"https:\/\/schema.org","@graph":[{"@type":"WebPage","@id":"https:\/\/www.tape-design.com\/fr\/produit\/shinguards-mini-pro\/","url":"https:\/\/www.tape-design.com\/fr\/produit\/shinguards-mini-pro\/","name":"Shinguards Mini PRO - TAPEDESIGN","isPartOf":{"@id":"https:\/\/www.tape-design.com\/#website"},"primaryImageOfPage":{"@id":"https:\/\/www.tape-design.com\/fr\/produit\/shinguards-mini-pro\/#primaryimage"},"image":{"@id":"https:\/\/www.tape-design.com\/fr\/produit\/shinguards-mini-pro\/#primaryimage"},"thumbnailUrl":"https:\/\/www.tape-design.com\/app\/uploads\/2025\/03\/2025_TD_SHINGUARDS_MINI_PRO_MAIN_IMG_WHITE_BG_v1.jpg","datePublished":"2025-03-14T07:45:24+00:00","dateModified":"2026-01-16T11:35:39+00:00","breadcrumb":{"@id":"https:\/\/www.tape-design.com\/fr\/produit\/shinguards-mini-pro\/#breadcrumb"},"inLanguage":"fr-FR","potentialAction":[{"@type":"ReadAction","target":["https:\/\/www.tape-design.com\/fr\/produit\/shinguards-mini-pro\/"]}]},{"@type":"ImageObject","inLanguage":"fr-FR","@id":"https:\/\/www.tape-design.com\/fr\/produit\/shinguards-mini-pro\/#primaryimage","url":"https:\/\/www.tape-design.com\/app\/uploads\/2025\/03\/2025_TD_SHINGUARDS_MINI_PRO_MAIN_IMG_WHITE_BG_v1.jpg","contentUrl":"https:\/\/www.tape-design.com\/app\/uploads\/2025\/03\/2025_TD_SHINGUARDS_MINI_PRO_MAIN_IMG_WHITE_BG_v1.jpg","width":1080,"height":1080},{"@type":"BreadcrumbList","@id":"https:\/\/www.tape-design.com\/fr\/produit\/shinguards-mini-pro\/#breadcrumb","itemListElement":[{"@type":"ListItem","position":1,"name":"Home","item":"https:\/\/www.tape-design.com\/fr\/"},{"@type":"ListItem","position":2,"name":"Shop","item":"https:\/\/www.tape-design.com\/fr\/shop\/"},{"@type":"ListItem","position":3,"name":"Shinguards Mini PRO"}]},{"@type":"WebSite","@id":"https:\/\/www.tape-design.com\/#website","url":"https:\/\/www.tape-design.com\/","name":"TAPEDESIGN","description":"Always a step ahead","publisher":{"@id":"https:\/\/www.tape-design.com\/#organization"},"potentialAction":[{"@type":"SearchAction","target":{"@type":"EntryPoint","urlTemplate":"https:\/\/www.tape-design.com\/?s={search_term_string}"},"query-input":{"@type":"PropertyValueSpecification","valueRequired":true,"valueName":"search_term_string"}}],"inLanguage":"fr-FR"},{"@type":"Organization","@id":"https:\/\/www.tape-design.com\/#organization","name":"TAPEDESIGN","url":"https:\/\/www.tape-design.com\/","logo":{"@type":"ImageObject","inLanguage":"fr-FR","@id":"https:\/\/www.tape-design.com\/#\/schema\/logo\/image\/","url":"https:\/\/www.tape-design.com\/app\/uploads\/2020\/11\/Logosmall.png","contentUrl":"https:\/\/www.tape-design.com\/app\/uploads\/2020\/11\/Logosmall.png","width":340,"height":156,"caption":"TAPEDESIGN"},"image":{"@id":"https:\/\/www.tape-design.com\/#\/schema\/logo\/image\/"},"sameAs":["https:\/\/www.facebook.com\/tapedesigncom\/","https:\/\/www.instagram.com\/tapedesign_socks\/?hl=de"]}]}},"_links":{"self":[{"href":"https:\/\/www.tape-design.com\/fr\/wp-json\/wp\/v2\/product\/125029","targetHints":{"allow":["GET"]}}],"collection":[{"href":"https:\/\/www.tape-design.com\/fr\/wp-json\/wp\/v2\/product"}],"about":[{"href":"https:\/\/www.tape-design.com\/fr\/wp-json\/wp\/v2\/types\/product"}],"wp:featuredmedia":[{"embeddable":true,"href":"https:\/\/www.tape-design.com\/fr\/wp-json\/wp\/v2\/media\/124961"}],"wp:attachment":[{"href":"https:\/\/www.tape-design.com\/fr\/wp-json\/wp\/v2\/media?parent=125029"}],"wp:term":[{"taxonomy":"product_cat","embeddable":true,"href":"https:\/\/www.tape-design.com\/fr\/wp-json\/wp\/v2\/product_cat?post=125029"},{"taxonomy":"product_tag","embeddable":true,"href":"https:\/\/www.tape-design.com\/fr\/wp-json\/wp\/v2\/product_tag?post=125029"},{"taxonomy":"giftcard-category","embeddable":true,"href":"https:\/\/www.tape-design.com\/fr\/wp-json\/wp\/v2\/giftcard-category?post=125029"}],"curies":[{"name":"wp","href":"https:\/\/api.w.org\/{rel}","templated":true}]}}