{"id":125861,"date":"2025-03-20T17:34:11","date_gmt":"2025-03-20T16:34:11","guid":{"rendered":"https:\/\/www.tape-design.com\/product\/tubes-pro\/"},"modified":"2026-03-03T10:31:58","modified_gmt":"2026-03-03T09:31:58","slug":"tubes-pro","status":"publish","type":"product","link":"https:\/\/www.tape-design.com\/fr\/produit\/tubes-pro\/","title":{"rendered":"Tubes <b>PRO\u00ae<\/b>"},"content":{"rendered":"<p class=\"whitespace-pre-wrap break-words\">D\u00e9couvrez les <strong>TAPEDESIGN &#8211; Tubes Pro\u00ae<\/strong> \u2013 fini le besoin de d\u00e9couper des trous dans vos tubes ! Nos tout nouveaux Tubes Pro offrent un motif \u00e9lastique \u00e0 l&#8217;arri\u00e8re et ont \u00e9t\u00e9 d\u00e9velopp\u00e9s par des professionnels pour mettre fin aux d\u00e9coupes fastidieuses dans vos chaussettes tubulaires. Profitez de:<\/p>\n<ul class=\"[&amp;:not(:last-child)_ul]:pb-1 [&amp;:not(:last-child)_ol]:pb-1 list-disc space-y-1.5 pl-7\">\n<li class=\"whitespace-normal break-words\">Une meilleure circulation sanguine dans les muscles du mollet<\/li>\n<li class=\"whitespace-normal break-words\">Une r\u00e9duction des crampes<\/li>\n<li class=\"whitespace-normal break-words\">Un ajustement parfait gr\u00e2ce \u00e0 des mat\u00e9riaux de haute qualit\u00e9<\/li>\n<li class=\"whitespace-normal break-words\">Fabriqu\u00e9s dans l&#8217;UE<\/li>\n<li class=\"whitespace-normal break-words\">D\u00e9velopp\u00e9s par des athl\u00e8tes professionnels D\u00e9couvrez maintenant le niveau sup\u00e9rieur en termes de performance et de confort avec les Tubes Pro !<\/li>\n<\/ul>\n","protected":false},"excerpt":{"rendered":"<p><strong>Faites comme Bellingham, N\u00fa\u00f1ez, Saka et de nombreux autres athl\u00e8tes professionnels et soulagez vos muscles du mollet.<\/strong> Se combine parfaitement avec nos chaussettes <em><strong>&#8220;Classic&#8221;<\/strong><\/em> et <em><strong>&#8220;Superlight&#8221;<\/strong><\/em>.<\/p>\n","protected":false},"featured_media":105028,"template":"","meta":{"_acf_changed":false},"product_cat":[3044],"product_tag":[],"giftcard-category":[],"class_list":{"0":"post-125861","1":"product","2":"type-product","3":"status-publish","4":"has-post-thumbnail","6":"product_cat-tubes-fr","8":"first","9":"instock","10":"taxable","11":"shipping-taxable","12":"purchasable","13":"product-type-variable","14":"has-default-attributes"},"bundled_by":["123510","123524","126619","126623"],"bundle_stock_status":"instock","bundle_stock_quantity":null,"bundle_virtual":false,"bundle_layout":"","bundle_add_to_cart_form_location":"","bundle_editable_in_cart":false,"bundle_sold_individually_context":"","bundle_item_grouping":"","bundle_min_size":"","bundle_max_size":"","bundle_price":[],"bundled_items":[],"bundle_sell_ids":[],"exclude_global_add_ons":[],"addons":[],"acf":[],"yoast_head":"<title>Tubes PRO\u00ae - TAPEDESIGN<\/title>\n<meta name=\"robots\" content=\"index, follow, max-snippet:-1, max-image-preview:large, max-video-preview:-1\" \/>\n<link rel=\"canonical\" href=\"https:\/\/www.tape-design.com\/fr\/produit\/tubes-pro\/\" \/>\n<meta property=\"og:locale\" content=\"fr_FR\" \/>\n<meta property=\"og:type\" content=\"article\" \/>\n<meta property=\"og:title\" content=\"Tubes PRO\u00ae - TAPEDESIGN\" \/>\n<meta property=\"og:description\" content=\"Faites comme Bellingham, N\u00fa\u00f1ez, Saka et de nombreux autres athl\u00e8tes professionnels et soulagez vos muscles du mollet. Se combine parfaitement avec nos chaussettes &quot;Classic&quot; et &quot;Superlight&quot;.\" \/>\n<meta property=\"og:url\" content=\"https:\/\/www.tape-design.com\/fr\/produit\/tubes-pro\/\" \/>\n<meta property=\"og:site_name\" content=\"TAPEDESIGN\" \/>\n<meta property=\"article:publisher\" content=\"https:\/\/www.facebook.com\/tapedesigncom\/\" \/>\n<meta property=\"article:modified_time\" content=\"2026-03-03T09:31:58+00:00\" \/>\n<meta property=\"og:image\" content=\"https:\/\/www.tape-design.com\/app\/uploads\/2024\/04\/TAPEDESIGN-TUBES-PRO-BLACK-MAIN.jpg\" \/>\n\t<meta property=\"og:image:width\" content=\"1080\" \/>\n\t<meta property=\"og:image:height\" content=\"1080\" \/>\n\t<meta property=\"og:image:type\" content=\"image\/jpeg\" \/>\n<meta name=\"twitter:card\" content=\"summary_large_image\" \/>\n<meta name=\"twitter:label1\" content=\"Dur\u00e9e de lecture estim\u00e9e\" \/>\n\t<meta name=\"twitter:data1\" content=\"1 minute\" \/>\n<script type=\"application\/ld+json\" class=\"yoast-schema-graph\">{\"@context\":\"https:\/\/schema.org\",\"@graph\":[{\"@type\":\"WebPage\",\"@id\":\"https:\/\/www.tape-design.com\/fr\/produit\/tubes-pro\/\",\"url\":\"https:\/\/www.tape-design.com\/fr\/produit\/tubes-pro\/\",\"name\":\"Tubes PRO\u00ae - TAPEDESIGN\",\"isPartOf\":{\"@id\":\"https:\/\/www.tape-design.com\/#website\"},\"primaryImageOfPage\":{\"@id\":\"https:\/\/www.tape-design.com\/fr\/produit\/tubes-pro\/#primaryimage\"},\"image\":{\"@id\":\"https:\/\/www.tape-design.com\/fr\/produit\/tubes-pro\/#primaryimage\"},\"thumbnailUrl\":\"https:\/\/www.tape-design.com\/app\/uploads\/2024\/04\/TAPEDESIGN-TUBES-PRO-BLACK-MAIN.jpg\",\"datePublished\":\"2025-03-20T16:34:11+00:00\",\"dateModified\":\"2026-03-03T09:31:58+00:00\",\"breadcrumb\":{\"@id\":\"https:\/\/www.tape-design.com\/fr\/produit\/tubes-pro\/#breadcrumb\"},\"inLanguage\":\"fr-FR\",\"potentialAction\":[{\"@type\":\"ReadAction\",\"target\":[\"https:\/\/www.tape-design.com\/fr\/produit\/tubes-pro\/\"]}]},{\"@type\":\"ImageObject\",\"inLanguage\":\"fr-FR\",\"@id\":\"https:\/\/www.tape-design.com\/fr\/produit\/tubes-pro\/#primaryimage\",\"url\":\"https:\/\/www.tape-design.com\/app\/uploads\/2024\/04\/TAPEDESIGN-TUBES-PRO-BLACK-MAIN.jpg\",\"contentUrl\":\"https:\/\/www.tape-design.com\/app\/uploads\/2024\/04\/TAPEDESIGN-TUBES-PRO-BLACK-MAIN.jpg\",\"width\":1080,\"height\":1080},{\"@type\":\"BreadcrumbList\",\"@id\":\"https:\/\/www.tape-design.com\/fr\/produit\/tubes-pro\/#breadcrumb\",\"itemListElement\":[{\"@type\":\"ListItem\",\"position\":1,\"name\":\"Home\",\"item\":\"https:\/\/www.tape-design.com\/fr\/\"},{\"@type\":\"ListItem\",\"position\":2,\"name\":\"Shop\",\"item\":\"https:\/\/www.tape-design.com\/fr\/shop\/\"},{\"@type\":\"ListItem\",\"position\":3,\"name\":\"Tubes PRO\u00ae\"}]},{\"@type\":\"WebSite\",\"@id\":\"https:\/\/www.tape-design.com\/#website\",\"url\":\"https:\/\/www.tape-design.com\/\",\"name\":\"TAPEDESIGN\",\"description\":\"Always a step ahead\",\"publisher\":{\"@id\":\"https:\/\/www.tape-design.com\/#organization\"},\"potentialAction\":[{\"@type\":\"SearchAction\",\"target\":{\"@type\":\"EntryPoint\",\"urlTemplate\":\"https:\/\/www.tape-design.com\/?s={search_term_string}\"},\"query-input\":{\"@type\":\"PropertyValueSpecification\",\"valueRequired\":true,\"valueName\":\"search_term_string\"}}],\"inLanguage\":\"fr-FR\"},{\"@type\":\"Organization\",\"@id\":\"https:\/\/www.tape-design.com\/#organization\",\"name\":\"TAPEDESIGN\",\"url\":\"https:\/\/www.tape-design.com\/\",\"logo\":{\"@type\":\"ImageObject\",\"inLanguage\":\"fr-FR\",\"@id\":\"https:\/\/www.tape-design.com\/#\/schema\/logo\/image\/\",\"url\":\"https:\/\/www.tape-design.com\/app\/uploads\/2020\/11\/Logosmall.png\",\"contentUrl\":\"https:\/\/www.tape-design.com\/app\/uploads\/2020\/11\/Logosmall.png\",\"width\":340,\"height\":156,\"caption\":\"TAPEDESIGN\"},\"image\":{\"@id\":\"https:\/\/www.tape-design.com\/#\/schema\/logo\/image\/\"},\"sameAs\":[\"https:\/\/www.facebook.com\/tapedesigncom\/\",\"https:\/\/www.instagram.com\/tapedesign_socks\/?hl=de\"]}]}<\/script>","yoast_head_json":{"title":"Tubes PRO\u00ae - TAPEDESIGN","robots":{"index":"index","follow":"follow","max-snippet":"max-snippet:-1","max-image-preview":"max-image-preview:large","max-video-preview":"max-video-preview:-1"},"canonical":"https:\/\/www.tape-design.com\/fr\/produit\/tubes-pro\/","og_locale":"fr_FR","og_type":"article","og_title":"Tubes PRO\u00ae - TAPEDESIGN","og_description":"Faites comme Bellingham, N\u00fa\u00f1ez, Saka et de nombreux autres athl\u00e8tes professionnels et soulagez vos muscles du mollet. Se combine parfaitement avec nos chaussettes \"Classic\" et \"Superlight\".","og_url":"https:\/\/www.tape-design.com\/fr\/produit\/tubes-pro\/","og_site_name":"TAPEDESIGN","article_publisher":"https:\/\/www.facebook.com\/tapedesigncom\/","article_modified_time":"2026-03-03T09:31:58+00:00","og_image":[{"width":1080,"height":1080,"url":"https:\/\/www.tape-design.com\/app\/uploads\/2024\/04\/TAPEDESIGN-TUBES-PRO-BLACK-MAIN.jpg","type":"image\/jpeg"}],"twitter_card":"summary_large_image","twitter_misc":{"Dur\u00e9e de lecture estim\u00e9e":"1 minute"},"schema":{"@context":"https:\/\/schema.org","@graph":[{"@type":"WebPage","@id":"https:\/\/www.tape-design.com\/fr\/produit\/tubes-pro\/","url":"https:\/\/www.tape-design.com\/fr\/produit\/tubes-pro\/","name":"Tubes PRO\u00ae - TAPEDESIGN","isPartOf":{"@id":"https:\/\/www.tape-design.com\/#website"},"primaryImageOfPage":{"@id":"https:\/\/www.tape-design.com\/fr\/produit\/tubes-pro\/#primaryimage"},"image":{"@id":"https:\/\/www.tape-design.com\/fr\/produit\/tubes-pro\/#primaryimage"},"thumbnailUrl":"https:\/\/www.tape-design.com\/app\/uploads\/2024\/04\/TAPEDESIGN-TUBES-PRO-BLACK-MAIN.jpg","datePublished":"2025-03-20T16:34:11+00:00","dateModified":"2026-03-03T09:31:58+00:00","breadcrumb":{"@id":"https:\/\/www.tape-design.com\/fr\/produit\/tubes-pro\/#breadcrumb"},"inLanguage":"fr-FR","potentialAction":[{"@type":"ReadAction","target":["https:\/\/www.tape-design.com\/fr\/produit\/tubes-pro\/"]}]},{"@type":"ImageObject","inLanguage":"fr-FR","@id":"https:\/\/www.tape-design.com\/fr\/produit\/tubes-pro\/#primaryimage","url":"https:\/\/www.tape-design.com\/app\/uploads\/2024\/04\/TAPEDESIGN-TUBES-PRO-BLACK-MAIN.jpg","contentUrl":"https:\/\/www.tape-design.com\/app\/uploads\/2024\/04\/TAPEDESIGN-TUBES-PRO-BLACK-MAIN.jpg","width":1080,"height":1080},{"@type":"BreadcrumbList","@id":"https:\/\/www.tape-design.com\/fr\/produit\/tubes-pro\/#breadcrumb","itemListElement":[{"@type":"ListItem","position":1,"name":"Home","item":"https:\/\/www.tape-design.com\/fr\/"},{"@type":"ListItem","position":2,"name":"Shop","item":"https:\/\/www.tape-design.com\/fr\/shop\/"},{"@type":"ListItem","position":3,"name":"Tubes PRO\u00ae"}]},{"@type":"WebSite","@id":"https:\/\/www.tape-design.com\/#website","url":"https:\/\/www.tape-design.com\/","name":"TAPEDESIGN","description":"Always a step ahead","publisher":{"@id":"https:\/\/www.tape-design.com\/#organization"},"potentialAction":[{"@type":"SearchAction","target":{"@type":"EntryPoint","urlTemplate":"https:\/\/www.tape-design.com\/?s={search_term_string}"},"query-input":{"@type":"PropertyValueSpecification","valueRequired":true,"valueName":"search_term_string"}}],"inLanguage":"fr-FR"},{"@type":"Organization","@id":"https:\/\/www.tape-design.com\/#organization","name":"TAPEDESIGN","url":"https:\/\/www.tape-design.com\/","logo":{"@type":"ImageObject","inLanguage":"fr-FR","@id":"https:\/\/www.tape-design.com\/#\/schema\/logo\/image\/","url":"https:\/\/www.tape-design.com\/app\/uploads\/2020\/11\/Logosmall.png","contentUrl":"https:\/\/www.tape-design.com\/app\/uploads\/2020\/11\/Logosmall.png","width":340,"height":156,"caption":"TAPEDESIGN"},"image":{"@id":"https:\/\/www.tape-design.com\/#\/schema\/logo\/image\/"},"sameAs":["https:\/\/www.facebook.com\/tapedesigncom\/","https:\/\/www.instagram.com\/tapedesign_socks\/?hl=de"]}]}},"_links":{"self":[{"href":"https:\/\/www.tape-design.com\/fr\/wp-json\/wp\/v2\/product\/125861","targetHints":{"allow":["GET"]}}],"collection":[{"href":"https:\/\/www.tape-design.com\/fr\/wp-json\/wp\/v2\/product"}],"about":[{"href":"https:\/\/www.tape-design.com\/fr\/wp-json\/wp\/v2\/types\/product"}],"wp:featuredmedia":[{"embeddable":true,"href":"https:\/\/www.tape-design.com\/fr\/wp-json\/wp\/v2\/media\/105028"}],"wp:attachment":[{"href":"https:\/\/www.tape-design.com\/fr\/wp-json\/wp\/v2\/media?parent=125861"}],"wp:term":[{"taxonomy":"product_cat","embeddable":true,"href":"https:\/\/www.tape-design.com\/fr\/wp-json\/wp\/v2\/product_cat?post=125861"},{"taxonomy":"product_tag","embeddable":true,"href":"https:\/\/www.tape-design.com\/fr\/wp-json\/wp\/v2\/product_tag?post=125861"},{"taxonomy":"giftcard-category","embeddable":true,"href":"https:\/\/www.tape-design.com\/fr\/wp-json\/wp\/v2\/giftcard-category?post=125861"}],"curies":[{"name":"wp","href":"https:\/\/api.w.org\/{rel}","templated":true}]}}