{"id":126611,"date":"2025-03-27T20:08:49","date_gmt":"2025-03-27T19:08:49","guid":{"rendered":"https:\/\/www.tape-design.com\/product\/deal-1-classic-tubes\/"},"modified":"2026-02-19T11:09:48","modified_gmt":"2026-02-19T10:09:48","slug":"deal-1-classic-tubes","status":"publish","type":"product","link":"https:\/\/www.tape-design.com\/fr\/produit\/deal-1-classic-tubes\/","title":{"rendered":"Deal 1: Classic + Tubes"},"content":{"rendered":"<p class=\"\" data-start=\"1865\" data-end=\"2080\"><strong data-start=\"1865\" data-end=\"1893\">ALLROUND SOCKS CLASSIC :<\/strong><br data-start=\"1893\" data-end=\"1896\" \/>La chaussette antid\u00e9rapante \u00ab Classic \u00bb se distingue par sa fonctionnalit\u00e9 et son innovation. Que ce soit pour le sport de haut niveau ou les loisirs \u2013 toujours une longueur d\u2019avance !<\/p>\n<p class=\"\" data-start=\"2082\" data-end=\"2383\">Il s&#8217;agit d&#8217;une chaussette polyvalente sp\u00e9ciale, qui assure plus d&#8217;adh\u00e9rence et de sensations dans n&#8217;importe quelle chaussure. Gr\u00e2ce \u00e0 la composition sp\u00e9ciale des mat\u00e9riaux, les chaussettes sont tr\u00e8s confortables et extr\u00eamement \u00e9lastiques \u2013 elles s\u2019adaptent ainsi de mani\u00e8re ergonomique \u00e0 chaque pied.<\/p>\n<ul data-start=\"2385\" data-end=\"2888\">\n<li class=\"\" data-start=\"2385\" data-end=\"2471\">\n<p class=\"\" data-start=\"2387\" data-end=\"2471\">Taille unique (EU 37\u201348) gr\u00e2ce au traitement sp\u00e9cial de mat\u00e9riaux de haute qualit\u00e9<\/p>\n<\/li>\n<li class=\"\" data-start=\"2472\" data-end=\"2588\">\n<p class=\"\" data-start=\"2474\" data-end=\"2588\">Picots en caoutchouc plac\u00e9s de mani\u00e8re ergonomique sur l&#8217;ext\u00e9rieur pour une adh\u00e9rence parfaite dans la chaussure<\/p>\n<\/li>\n<li class=\"\" data-start=\"2589\" data-end=\"2643\">\n<p class=\"\" data-start=\"2591\" data-end=\"2643\">Confort optimal gr\u00e2ce \u00e0 une fabrication de qualit\u00e9<\/p>\n<\/li>\n<li class=\"\" data-start=\"2644\" data-end=\"2786\">\n<p class=\"\" data-start=\"2646\" data-end=\"2786\">Test\u00e9es et approuv\u00e9es par des athl\u00e8tes professionnels et amateurs dans divers sports (ex. : football, tennis, handball, volley-ball, etc.)<\/p>\n<\/li>\n<li class=\"\" data-start=\"2787\" data-end=\"2888\">\n<p class=\"\" data-start=\"2789\" data-end=\"2888\">Adapt\u00e9es \u00e0 tous les sports n\u00e9cessitant des changements de direction et des mouvements de rotation<\/p>\n<\/li>\n<\/ul>\n<p class=\"\" data-start=\"2890\" data-end=\"2919\"><strong data-start=\"2890\" data-end=\"2919\">Ressentez la diff\u00e9rence !<\/strong><\/p>\n<p class=\"\" data-start=\"2921\" data-end=\"2988\">Composition : 55 % coton, 35 % nylon, 7 % \u00e9lasthanne, 3 % polyester<\/p>\n<p data-start=\"2921\" data-end=\"2988\">\n<p class=\"\" data-start=\"2995\" data-end=\"3250\"><strong data-start=\"2995\" data-end=\"3019\">TAPEDESIGN &#8211; TUBES :<\/strong><br data-start=\"3019\" data-end=\"3022\" \/>Les &#8220;TAPEDESIGN &#8211; Tubes&#8221; se distinguent par leur fonctionnalit\u00e9 et leur innovation. Tr\u00e8s confortables, ils sont appr\u00e9ci\u00e9s aussi bien par les professionnels que les amateurs. Ils offrent \u00e9galement une grande r\u00e9sistance \u00e0 l&#8217;usure.<\/p>\n<p class=\"\" data-start=\"3252\" data-end=\"3371\">Matchs et entra\u00eenements ne posent plus aucun probl\u00e8me \u2013 avec les &#8220;TAPEDESIGN &#8211; Tubes&#8221;, vous \u00eates parfaitement pr\u00e9par\u00e9s.<\/p>\n<ul data-start=\"3373\" data-end=\"3708\">\n<li class=\"\" data-start=\"3373\" data-end=\"3526\">\n<p class=\"\" data-start=\"3375\" data-end=\"3526\"><strong data-start=\"3375\" data-end=\"3399\">Ajustement parfait :<\/strong> Gr\u00e2ce \u00e0 leur coupe sp\u00e9ciale et aux zones flexibles au niveau du mollet, ils assurent un maintien optimal des prot\u00e8ge-tibias.<\/p>\n<\/li>\n<li class=\"\" data-start=\"3527\" data-end=\"3597\">\n<p class=\"\" data-start=\"3529\" data-end=\"3597\"><strong data-start=\"3529\" data-end=\"3555\">Mat\u00e9riau fonctionnel :<\/strong> Le tissu s&#8217;adapte id\u00e9alement \u00e0 la peau.<\/p>\n<\/li>\n<li class=\"\" data-start=\"3598\" data-end=\"3708\">\n<p class=\"\" data-start=\"3600\" data-end=\"3708\"><strong data-start=\"3600\" data-end=\"3630\">R\u00e9gulation de l&#8217;humidit\u00e9 :<\/strong> Le fil l\u00e9ger \u00e9vacue l\u2019humidit\u00e9 vers l\u2019ext\u00e9rieur et am\u00e9liore la ventilation.<\/p>\n<\/li>\n<\/ul>\n<p class=\"\" data-start=\"3710\" data-end=\"3766\">Composition : 86 % polyester, 10 % nylon, 4 % \u00e9lasthanne<\/p>\n","protected":false},"excerpt":{"rendered":"<p>Procure-toi tes &#8220;Allround Socks Classic&#8221; avec les &#8220;Tubes&#8221; pour une adh\u00e9rence et des performances optimales.<br data-start=\"393\" data-end=\"396\" \/><strong>Parfait pour ton prochain match\u202f!<\/strong><\/p>\n","protected":false},"featured_media":142054,"template":"","meta":{"_acf_changed":false},"product_cat":[2846],"product_tag":[],"giftcard-category":[],"class_list":{"0":"post-126611","1":"product","2":"type-product","3":"status-publish","4":"has-post-thumbnail","6":"product_cat-special-sets-fr","8":"first","9":"instock","10":"sale","11":"virtual","12":"taxable","13":"purchasable","14":"product-type-bundle"},"bundled_by":[],"bundle_stock_status":"instock","bundle_stock_quantity":"","bundle_virtual":false,"bundle_layout":"default","bundle_add_to_cart_form_location":"default","bundle_editable_in_cart":false,"bundle_sold_individually_context":"product","bundle_item_grouping":"parent","bundle_min_size":"","bundle_max_size":"","bundle_price":{"price":{"min":{"incl_tax":"29.95","excl_tax":"24.958333"},"max":{"incl_tax":"29.95","excl_tax":"24.958333"}},"regular_price":{"min":{"incl_tax":"41.9","excl_tax":"34.916667"},"max":{"incl_tax":"41.9","excl_tax":"34.916667"}}},"bundled_items":[{"bundled_item_id":179,"product_id":15470,"menu_order":0,"quantity_min":1,"quantity_max":1,"quantity_default":1,"priced_individually":false,"shipped_individually":false,"override_title":false,"title":"Chaussettes Allround Classic","override_description":false,"description":"Chaussettes Allround Classic","optional":false,"hide_thumbnail":false,"discount":"","override_variations":false,"allowed_variations":[43365,43366],"override_default_variation_attributes":false,"default_variation_attributes":[],"single_product_visibility":"visible","cart_visibility":"visible","order_visibility":"visible","single_product_price_visibility":"visible","cart_price_visibility":"visible","order_price_visibility":"visible","stock_status":"in_stock"},{"bundled_item_id":180,"product_id":75126,"menu_order":1,"quantity_min":1,"quantity_max":1,"quantity_default":1,"priced_individually":false,"shipped_individually":false,"override_title":false,"title":"Tubes","override_description":false,"description":"Tubes","optional":false,"hide_thumbnail":false,"discount":"","override_variations":false,"allowed_variations":[75152,75153],"override_default_variation_attributes":false,"default_variation_attributes":[],"single_product_visibility":"visible","cart_visibility":"visible","order_visibility":"visible","single_product_price_visibility":"visible","cart_price_visibility":"visible","order_price_visibility":"visible","stock_status":"in_stock"}],"bundle_sell_ids":[],"exclude_global_add_ons":[],"addons":[],"acf":[],"yoast_head":"<title>Deal 1: Classic + Tubes - TAPEDESIGN<\/title>\n<meta name=\"robots\" content=\"index, follow, max-snippet:-1, max-image-preview:large, max-video-preview:-1\" \/>\n<link rel=\"canonical\" href=\"https:\/\/www.tape-design.com\/fr\/produit\/deal-1-classic-tubes\/\" \/>\n<meta property=\"og:locale\" content=\"fr_FR\" \/>\n<meta property=\"og:type\" content=\"article\" \/>\n<meta property=\"og:title\" content=\"Deal 1: Classic + Tubes - TAPEDESIGN\" \/>\n<meta property=\"og:description\" content=\"Procure-toi tes &quot;Allround Socks Classic&quot; avec les &quot;Tubes&quot; pour une adh\u00e9rence et des performances optimales.Parfait pour ton prochain match\u202f!\" \/>\n<meta property=\"og:url\" content=\"https:\/\/www.tape-design.com\/fr\/produit\/deal-1-classic-tubes\/\" \/>\n<meta property=\"og:site_name\" content=\"TAPEDESIGN\" \/>\n<meta property=\"article:publisher\" content=\"https:\/\/www.facebook.com\/tapedesigncom\/\" \/>\n<meta property=\"article:modified_time\" content=\"2026-02-19T10:09:48+00:00\" \/>\n<meta property=\"og:image\" content=\"https:\/\/www.tape-design.com\/app\/uploads\/2025\/03\/2026_BUNDLE_CLASSIC_TUBES_PRODUCT_IMG_1.jpg\" \/>\n\t<meta property=\"og:image:width\" content=\"1080\" \/>\n\t<meta property=\"og:image:height\" content=\"1080\" \/>\n\t<meta property=\"og:image:type\" content=\"image\/jpeg\" \/>\n<meta name=\"twitter:card\" content=\"summary_large_image\" \/>\n<meta name=\"twitter:label1\" content=\"Dur\u00e9e de lecture estim\u00e9e\" \/>\n\t<meta name=\"twitter:data1\" content=\"1 minute\" \/>\n<script type=\"application\/ld+json\" class=\"yoast-schema-graph\">{\"@context\":\"https:\/\/schema.org\",\"@graph\":[{\"@type\":\"WebPage\",\"@id\":\"https:\/\/www.tape-design.com\/fr\/produit\/deal-1-classic-tubes\/\",\"url\":\"https:\/\/www.tape-design.com\/fr\/produit\/deal-1-classic-tubes\/\",\"name\":\"Deal 1: Classic + Tubes - TAPEDESIGN\",\"isPartOf\":{\"@id\":\"https:\/\/www.tape-design.com\/#website\"},\"primaryImageOfPage\":{\"@id\":\"https:\/\/www.tape-design.com\/fr\/produit\/deal-1-classic-tubes\/#primaryimage\"},\"image\":{\"@id\":\"https:\/\/www.tape-design.com\/fr\/produit\/deal-1-classic-tubes\/#primaryimage\"},\"thumbnailUrl\":\"https:\/\/www.tape-design.com\/app\/uploads\/2025\/03\/2026_BUNDLE_CLASSIC_TUBES_PRODUCT_IMG_1.jpg\",\"datePublished\":\"2025-03-27T19:08:49+00:00\",\"dateModified\":\"2026-02-19T10:09:48+00:00\",\"breadcrumb\":{\"@id\":\"https:\/\/www.tape-design.com\/fr\/produit\/deal-1-classic-tubes\/#breadcrumb\"},\"inLanguage\":\"fr-FR\",\"potentialAction\":[{\"@type\":\"ReadAction\",\"target\":[\"https:\/\/www.tape-design.com\/fr\/produit\/deal-1-classic-tubes\/\"]}]},{\"@type\":\"ImageObject\",\"inLanguage\":\"fr-FR\",\"@id\":\"https:\/\/www.tape-design.com\/fr\/produit\/deal-1-classic-tubes\/#primaryimage\",\"url\":\"https:\/\/www.tape-design.com\/app\/uploads\/2025\/03\/2026_BUNDLE_CLASSIC_TUBES_PRODUCT_IMG_1.jpg\",\"contentUrl\":\"https:\/\/www.tape-design.com\/app\/uploads\/2025\/03\/2026_BUNDLE_CLASSIC_TUBES_PRODUCT_IMG_1.jpg\",\"width\":1080,\"height\":1080},{\"@type\":\"BreadcrumbList\",\"@id\":\"https:\/\/www.tape-design.com\/fr\/produit\/deal-1-classic-tubes\/#breadcrumb\",\"itemListElement\":[{\"@type\":\"ListItem\",\"position\":1,\"name\":\"Home\",\"item\":\"https:\/\/www.tape-design.com\/fr\/\"},{\"@type\":\"ListItem\",\"position\":2,\"name\":\"Shop\",\"item\":\"https:\/\/www.tape-design.com\/fr\/shop\/\"},{\"@type\":\"ListItem\",\"position\":3,\"name\":\"Deal 1: Classic + Tubes\"}]},{\"@type\":\"WebSite\",\"@id\":\"https:\/\/www.tape-design.com\/#website\",\"url\":\"https:\/\/www.tape-design.com\/\",\"name\":\"TAPEDESIGN\",\"description\":\"Always a step ahead\",\"publisher\":{\"@id\":\"https:\/\/www.tape-design.com\/#organization\"},\"potentialAction\":[{\"@type\":\"SearchAction\",\"target\":{\"@type\":\"EntryPoint\",\"urlTemplate\":\"https:\/\/www.tape-design.com\/?s={search_term_string}\"},\"query-input\":{\"@type\":\"PropertyValueSpecification\",\"valueRequired\":true,\"valueName\":\"search_term_string\"}}],\"inLanguage\":\"fr-FR\"},{\"@type\":\"Organization\",\"@id\":\"https:\/\/www.tape-design.com\/#organization\",\"name\":\"TAPEDESIGN\",\"url\":\"https:\/\/www.tape-design.com\/\",\"logo\":{\"@type\":\"ImageObject\",\"inLanguage\":\"fr-FR\",\"@id\":\"https:\/\/www.tape-design.com\/#\/schema\/logo\/image\/\",\"url\":\"https:\/\/www.tape-design.com\/app\/uploads\/2020\/11\/Logosmall.png\",\"contentUrl\":\"https:\/\/www.tape-design.com\/app\/uploads\/2020\/11\/Logosmall.png\",\"width\":340,\"height\":156,\"caption\":\"TAPEDESIGN\"},\"image\":{\"@id\":\"https:\/\/www.tape-design.com\/#\/schema\/logo\/image\/\"},\"sameAs\":[\"https:\/\/www.facebook.com\/tapedesigncom\/\",\"https:\/\/www.instagram.com\/tapedesign_socks\/?hl=de\"]}]}<\/script>","yoast_head_json":{"title":"Deal 1: Classic + Tubes - TAPEDESIGN","robots":{"index":"index","follow":"follow","max-snippet":"max-snippet:-1","max-image-preview":"max-image-preview:large","max-video-preview":"max-video-preview:-1"},"canonical":"https:\/\/www.tape-design.com\/fr\/produit\/deal-1-classic-tubes\/","og_locale":"fr_FR","og_type":"article","og_title":"Deal 1: Classic + Tubes - TAPEDESIGN","og_description":"Procure-toi tes \"Allround Socks Classic\" avec les \"Tubes\" pour une adh\u00e9rence et des performances optimales.Parfait pour ton prochain match\u202f!","og_url":"https:\/\/www.tape-design.com\/fr\/produit\/deal-1-classic-tubes\/","og_site_name":"TAPEDESIGN","article_publisher":"https:\/\/www.facebook.com\/tapedesigncom\/","article_modified_time":"2026-02-19T10:09:48+00:00","og_image":[{"width":1080,"height":1080,"url":"https:\/\/www.tape-design.com\/app\/uploads\/2025\/03\/2026_BUNDLE_CLASSIC_TUBES_PRODUCT_IMG_1.jpg","type":"image\/jpeg"}],"twitter_card":"summary_large_image","twitter_misc":{"Dur\u00e9e de lecture estim\u00e9e":"1 minute"},"schema":{"@context":"https:\/\/schema.org","@graph":[{"@type":"WebPage","@id":"https:\/\/www.tape-design.com\/fr\/produit\/deal-1-classic-tubes\/","url":"https:\/\/www.tape-design.com\/fr\/produit\/deal-1-classic-tubes\/","name":"Deal 1: Classic + Tubes - TAPEDESIGN","isPartOf":{"@id":"https:\/\/www.tape-design.com\/#website"},"primaryImageOfPage":{"@id":"https:\/\/www.tape-design.com\/fr\/produit\/deal-1-classic-tubes\/#primaryimage"},"image":{"@id":"https:\/\/www.tape-design.com\/fr\/produit\/deal-1-classic-tubes\/#primaryimage"},"thumbnailUrl":"https:\/\/www.tape-design.com\/app\/uploads\/2025\/03\/2026_BUNDLE_CLASSIC_TUBES_PRODUCT_IMG_1.jpg","datePublished":"2025-03-27T19:08:49+00:00","dateModified":"2026-02-19T10:09:48+00:00","breadcrumb":{"@id":"https:\/\/www.tape-design.com\/fr\/produit\/deal-1-classic-tubes\/#breadcrumb"},"inLanguage":"fr-FR","potentialAction":[{"@type":"ReadAction","target":["https:\/\/www.tape-design.com\/fr\/produit\/deal-1-classic-tubes\/"]}]},{"@type":"ImageObject","inLanguage":"fr-FR","@id":"https:\/\/www.tape-design.com\/fr\/produit\/deal-1-classic-tubes\/#primaryimage","url":"https:\/\/www.tape-design.com\/app\/uploads\/2025\/03\/2026_BUNDLE_CLASSIC_TUBES_PRODUCT_IMG_1.jpg","contentUrl":"https:\/\/www.tape-design.com\/app\/uploads\/2025\/03\/2026_BUNDLE_CLASSIC_TUBES_PRODUCT_IMG_1.jpg","width":1080,"height":1080},{"@type":"BreadcrumbList","@id":"https:\/\/www.tape-design.com\/fr\/produit\/deal-1-classic-tubes\/#breadcrumb","itemListElement":[{"@type":"ListItem","position":1,"name":"Home","item":"https:\/\/www.tape-design.com\/fr\/"},{"@type":"ListItem","position":2,"name":"Shop","item":"https:\/\/www.tape-design.com\/fr\/shop\/"},{"@type":"ListItem","position":3,"name":"Deal 1: Classic + Tubes"}]},{"@type":"WebSite","@id":"https:\/\/www.tape-design.com\/#website","url":"https:\/\/www.tape-design.com\/","name":"TAPEDESIGN","description":"Always a step ahead","publisher":{"@id":"https:\/\/www.tape-design.com\/#organization"},"potentialAction":[{"@type":"SearchAction","target":{"@type":"EntryPoint","urlTemplate":"https:\/\/www.tape-design.com\/?s={search_term_string}"},"query-input":{"@type":"PropertyValueSpecification","valueRequired":true,"valueName":"search_term_string"}}],"inLanguage":"fr-FR"},{"@type":"Organization","@id":"https:\/\/www.tape-design.com\/#organization","name":"TAPEDESIGN","url":"https:\/\/www.tape-design.com\/","logo":{"@type":"ImageObject","inLanguage":"fr-FR","@id":"https:\/\/www.tape-design.com\/#\/schema\/logo\/image\/","url":"https:\/\/www.tape-design.com\/app\/uploads\/2020\/11\/Logosmall.png","contentUrl":"https:\/\/www.tape-design.com\/app\/uploads\/2020\/11\/Logosmall.png","width":340,"height":156,"caption":"TAPEDESIGN"},"image":{"@id":"https:\/\/www.tape-design.com\/#\/schema\/logo\/image\/"},"sameAs":["https:\/\/www.facebook.com\/tapedesigncom\/","https:\/\/www.instagram.com\/tapedesign_socks\/?hl=de"]}]}},"_links":{"self":[{"href":"https:\/\/www.tape-design.com\/fr\/wp-json\/wp\/v2\/product\/126611","targetHints":{"allow":["GET"]}}],"collection":[{"href":"https:\/\/www.tape-design.com\/fr\/wp-json\/wp\/v2\/product"}],"about":[{"href":"https:\/\/www.tape-design.com\/fr\/wp-json\/wp\/v2\/types\/product"}],"wp:featuredmedia":[{"embeddable":true,"href":"https:\/\/www.tape-design.com\/fr\/wp-json\/wp\/v2\/media\/142054"}],"wp:attachment":[{"href":"https:\/\/www.tape-design.com\/fr\/wp-json\/wp\/v2\/media?parent=126611"}],"wp:term":[{"taxonomy":"product_cat","embeddable":true,"href":"https:\/\/www.tape-design.com\/fr\/wp-json\/wp\/v2\/product_cat?post=126611"},{"taxonomy":"product_tag","embeddable":true,"href":"https:\/\/www.tape-design.com\/fr\/wp-json\/wp\/v2\/product_tag?post=126611"},{"taxonomy":"giftcard-category","embeddable":true,"href":"https:\/\/www.tape-design.com\/fr\/wp-json\/wp\/v2\/giftcard-category?post=126611"}],"curies":[{"name":"wp","href":"https:\/\/api.w.org\/{rel}","templated":true}]}}