{"id":126615,"date":"2025-03-27T20:17:07","date_gmt":"2025-03-27T19:17:07","guid":{"rendered":"https:\/\/www.tape-design.com\/product\/deal-2-superlight-tubes\/"},"modified":"2026-02-19T11:09:56","modified_gmt":"2026-02-19T10:09:56","slug":"deal-2-superlight-tubes","status":"publish","type":"product","link":"https:\/\/www.tape-design.com\/fr\/produit\/deal-2-superlight-tubes\/","title":{"rendered":"Deal 2: Superlight + Tubes"},"content":{"rendered":"<p class=\"\" data-start=\"2080\" data-end=\"2256\"><strong data-start=\"2080\" data-end=\"2102\">SUPERLIGHT Socks :<\/strong><br data-start=\"2102\" data-end=\"2105\" \/>La nouvelle chaussette innovante TAPEDESIGN \u00ab SUPERLIGHT \u00bb s\u00e9duit par son tissu ultra fin, ce qui la rend extr\u00eamement l\u00e9g\u00e8re et tr\u00e8s agr\u00e9able \u00e0 porter.<\/p>\n<p class=\"\" data-start=\"2258\" data-end=\"2599\">Que ce soit pour le sport de haut niveau ou les loisirs \u2013 toujours une longueur d\u2019avance !<br data-start=\"2348\" data-end=\"2351\" \/>Il s&#8217;agit d&#8217;une chaussette sp\u00e9ciale qui offre plus d\u2019adh\u00e9rence et de sensation dans n\u2019importe quelle chaussure.<br data-start=\"2462\" data-end=\"2465\" \/>Gr\u00e2ce \u00e0 sa composition unique, elle est tr\u00e8s confortable et extr\u00eamement \u00e9lastique \u2013 s\u2019adapte ainsi de fa\u00e7on ergonomique \u00e0 chaque pied.<\/p>\n<ul data-start=\"2601\" data-end=\"3163\">\n<li class=\"\" data-start=\"2601\" data-end=\"2615\">\n<p class=\"\" data-start=\"2603\" data-end=\"2615\">ultra fine<\/p>\n<\/li>\n<li class=\"\" data-start=\"2616\" data-end=\"2665\">\n<p class=\"\" data-start=\"2618\" data-end=\"2665\">ultra l\u00e9g\u00e8re, seulement 26,5 g par chaussette<\/p>\n<\/li>\n<li class=\"\" data-start=\"2666\" data-end=\"2753\">\n<p class=\"\" data-start=\"2668\" data-end=\"2753\">Taille unique (EU 37\u201348) gr\u00e2ce au traitement sp\u00e9cial des mat\u00e9riaux de haute qualit\u00e9<\/p>\n<\/li>\n<li class=\"\" data-start=\"2754\" data-end=\"2870\">\n<p class=\"\" data-start=\"2756\" data-end=\"2870\">Picots en caoutchouc plac\u00e9s de mani\u00e8re ergonomique sur l&#8217;ext\u00e9rieur pour une adh\u00e9rence parfaite dans la chaussure<\/p>\n<\/li>\n<li class=\"\" data-start=\"2871\" data-end=\"2925\">\n<p class=\"\" data-start=\"2873\" data-end=\"2925\">Confort maximal gr\u00e2ce \u00e0 une finition haut de gamme<\/p>\n<\/li>\n<li class=\"\" data-start=\"2926\" data-end=\"3072\">\n<p class=\"\" data-start=\"2928\" data-end=\"3072\">Test\u00e9e et jug\u00e9e excellente par des athl\u00e8tes professionnels et amateurs dans de nombreux sports (football, tennis, handball, volley-ball, etc.)<\/p>\n<\/li>\n<li class=\"\" data-start=\"3073\" data-end=\"3163\">\n<p class=\"\" data-start=\"3075\" data-end=\"3163\">Id\u00e9ale pour les sports avec changements de direction et mouvements de rotation rapides<\/p>\n<\/li>\n<\/ul>\n<p class=\"\" data-start=\"3165\" data-end=\"3194\"><strong data-start=\"3165\" data-end=\"3194\">Ressentez la diff\u00e9rence !<\/strong><\/p>\n<p class=\"\" data-start=\"3196\" data-end=\"3263\">Composition : 55 % coton, 35 % nylon, 7 % \u00e9lasthanne, 3 % polyester<\/p>\n<p data-start=\"3196\" data-end=\"3263\">\n<p class=\"\" data-start=\"3196\" data-end=\"3263\"><strong data-start=\"3270\" data-end=\"3294\">TAPEDESIGN &#8211; TUBES :<\/strong><br data-start=\"3294\" data-end=\"3297\" \/>Les \u00ab TAPEDESIGN &#8211; Tubes \u00bb se distinguent par leur fonctionnalit\u00e9 et leur innovation. Tr\u00e8s confortables, ils sont tr\u00e8s appr\u00e9ci\u00e9s tant par les professionnels que par les amateurs. Ils offrent \u00e9galement une grande r\u00e9sistance.<\/p>\n<p class=\"\" data-start=\"3522\" data-end=\"3637\">Matchs et entra\u00eenements ne posent plus de probl\u00e8me \u2013 avec les &#8220;TAPEDESIGN &#8211; Tubes&#8221;, vous \u00eates parfaitement pr\u00e9par\u00e9.<\/p>\n<ul data-start=\"3639\" data-end=\"3944\">\n<li class=\"\" data-start=\"3639\" data-end=\"3759\">\n<p class=\"\" data-start=\"3641\" data-end=\"3759\"><strong data-start=\"3641\" data-end=\"3665\">Ajustement parfait :<\/strong> Coupe sp\u00e9ciale et zones flexibles au mollet assurant un maintien optimal des prot\u00e8ge-tibias<\/p>\n<\/li>\n<li class=\"\" data-start=\"3760\" data-end=\"3834\">\n<p class=\"\" data-start=\"3762\" data-end=\"3834\"><strong data-start=\"3762\" data-end=\"3788\">Mat\u00e9riau fonctionnel :<\/strong> Les tubes s\u2019adaptent parfaitement \u00e0 la peau<\/p>\n<\/li>\n<li class=\"\" data-start=\"3835\" data-end=\"3944\">\n<p class=\"\" data-start=\"3837\" data-end=\"3944\"><strong data-start=\"3837\" data-end=\"3867\">R\u00e9gulation de l\u2019humidit\u00e9 :<\/strong> Le fil l\u00e9ger \u00e9vacue l\u2019humidit\u00e9 vers l\u2019ext\u00e9rieur et am\u00e9liore la ventilation<\/p>\n<\/li>\n<\/ul>\n<p class=\"\" data-start=\"3946\" data-end=\"4002\">Composition : 86 % polyester, 10 % nylon, 4 % \u00e9lasthanne<\/p>\n","protected":false},"excerpt":{"rendered":"<p class=\"\" data-start=\"4009\" data-end=\"4138\">Les \u00ab SUPERLIGHT Socks \u00bb avec les \u00ab TUBES \u00bb \u2013 pour ceux qui recherchent confort et agilit\u00e9.<\/p>\n","protected":false},"featured_media":142059,"template":"","meta":{"_acf_changed":false},"product_cat":[2846],"product_tag":[],"giftcard-category":[],"class_list":{"0":"post-126615","1":"product","2":"type-product","3":"status-publish","4":"has-post-thumbnail","6":"product_cat-special-sets-fr","8":"first","9":"instock","10":"sale","11":"virtual","12":"taxable","13":"purchasable","14":"product-type-bundle"},"bundled_by":[],"bundle_stock_status":"instock","bundle_stock_quantity":"","bundle_virtual":false,"bundle_layout":"default","bundle_add_to_cart_form_location":"default","bundle_editable_in_cart":false,"bundle_sold_individually_context":"product","bundle_item_grouping":"parent","bundle_min_size":"","bundle_max_size":"","bundle_price":{"price":{"min":{"incl_tax":"24.95","excl_tax":"20.791667"},"max":{"incl_tax":"24.95","excl_tax":"20.791667"}},"regular_price":{"min":{"incl_tax":"36.9","excl_tax":"30.75"},"max":{"incl_tax":"36.9","excl_tax":"30.75"}}},"bundled_items":[{"bundled_item_id":187,"product_id":59142,"menu_order":0,"quantity_min":1,"quantity_max":1,"quantity_default":1,"priced_individually":false,"shipped_individually":false,"override_title":false,"title":"\u201eSUPERLIGHT\u201d Socks","override_description":false,"description":"\u201eSUPERLIGHT\u201d Socks","optional":false,"hide_thumbnail":false,"discount":"","override_variations":false,"allowed_variations":[59292,59293],"override_default_variation_attributes":false,"default_variation_attributes":[],"single_product_visibility":"visible","cart_visibility":"visible","order_visibility":"visible","single_product_price_visibility":"visible","cart_price_visibility":"visible","order_price_visibility":"visible","stock_status":"in_stock"},{"bundled_item_id":188,"product_id":75126,"menu_order":1,"quantity_min":1,"quantity_max":1,"quantity_default":1,"priced_individually":false,"shipped_individually":false,"override_title":false,"title":"Tubes","override_description":false,"description":"Tubes","optional":false,"hide_thumbnail":false,"discount":"","override_variations":false,"allowed_variations":[75152,75153],"override_default_variation_attributes":false,"default_variation_attributes":[],"single_product_visibility":"visible","cart_visibility":"visible","order_visibility":"visible","single_product_price_visibility":"visible","cart_price_visibility":"visible","order_price_visibility":"visible","stock_status":"in_stock"}],"bundle_sell_ids":[],"exclude_global_add_ons":[],"addons":[],"acf":[],"yoast_head":"<title>Deal 2: Superlight + Tubes - TAPEDESIGN<\/title>\n<meta name=\"robots\" content=\"index, follow, max-snippet:-1, max-image-preview:large, max-video-preview:-1\" \/>\n<link rel=\"canonical\" href=\"https:\/\/www.tape-design.com\/fr\/produit\/deal-2-superlight-tubes\/\" \/>\n<meta property=\"og:locale\" content=\"fr_FR\" \/>\n<meta property=\"og:type\" content=\"article\" \/>\n<meta property=\"og:title\" content=\"Deal 2: Superlight + Tubes - TAPEDESIGN\" \/>\n<meta property=\"og:description\" content=\"Les \u00ab SUPERLIGHT Socks \u00bb avec les \u00ab TUBES \u00bb \u2013 pour ceux qui recherchent confort et agilit\u00e9.\" \/>\n<meta property=\"og:url\" content=\"https:\/\/www.tape-design.com\/fr\/produit\/deal-2-superlight-tubes\/\" \/>\n<meta property=\"og:site_name\" content=\"TAPEDESIGN\" \/>\n<meta property=\"article:publisher\" content=\"https:\/\/www.facebook.com\/tapedesigncom\/\" \/>\n<meta property=\"article:modified_time\" content=\"2026-02-19T10:09:56+00:00\" \/>\n<meta property=\"og:image\" content=\"https:\/\/www.tape-design.com\/app\/uploads\/2025\/03\/2026_BUNDLE_SUPERLIGHT_TUBES_PRODUCT_IMG_1.jpg\" \/>\n\t<meta property=\"og:image:width\" content=\"1080\" \/>\n\t<meta property=\"og:image:height\" content=\"1080\" \/>\n\t<meta property=\"og:image:type\" content=\"image\/jpeg\" \/>\n<meta name=\"twitter:card\" content=\"summary_large_image\" \/>\n<meta name=\"twitter:label1\" content=\"Dur\u00e9e de lecture estim\u00e9e\" \/>\n\t<meta name=\"twitter:data1\" content=\"2 minutes\" \/>\n<script type=\"application\/ld+json\" class=\"yoast-schema-graph\">{\"@context\":\"https:\/\/schema.org\",\"@graph\":[{\"@type\":\"WebPage\",\"@id\":\"https:\/\/www.tape-design.com\/fr\/produit\/deal-2-superlight-tubes\/\",\"url\":\"https:\/\/www.tape-design.com\/fr\/produit\/deal-2-superlight-tubes\/\",\"name\":\"Deal 2: Superlight + Tubes - TAPEDESIGN\",\"isPartOf\":{\"@id\":\"https:\/\/www.tape-design.com\/#website\"},\"primaryImageOfPage\":{\"@id\":\"https:\/\/www.tape-design.com\/fr\/produit\/deal-2-superlight-tubes\/#primaryimage\"},\"image\":{\"@id\":\"https:\/\/www.tape-design.com\/fr\/produit\/deal-2-superlight-tubes\/#primaryimage\"},\"thumbnailUrl\":\"https:\/\/www.tape-design.com\/app\/uploads\/2025\/03\/2026_BUNDLE_SUPERLIGHT_TUBES_PRODUCT_IMG_1.jpg\",\"datePublished\":\"2025-03-27T19:17:07+00:00\",\"dateModified\":\"2026-02-19T10:09:56+00:00\",\"breadcrumb\":{\"@id\":\"https:\/\/www.tape-design.com\/fr\/produit\/deal-2-superlight-tubes\/#breadcrumb\"},\"inLanguage\":\"fr-FR\",\"potentialAction\":[{\"@type\":\"ReadAction\",\"target\":[\"https:\/\/www.tape-design.com\/fr\/produit\/deal-2-superlight-tubes\/\"]}]},{\"@type\":\"ImageObject\",\"inLanguage\":\"fr-FR\",\"@id\":\"https:\/\/www.tape-design.com\/fr\/produit\/deal-2-superlight-tubes\/#primaryimage\",\"url\":\"https:\/\/www.tape-design.com\/app\/uploads\/2025\/03\/2026_BUNDLE_SUPERLIGHT_TUBES_PRODUCT_IMG_1.jpg\",\"contentUrl\":\"https:\/\/www.tape-design.com\/app\/uploads\/2025\/03\/2026_BUNDLE_SUPERLIGHT_TUBES_PRODUCT_IMG_1.jpg\",\"width\":1080,\"height\":1080},{\"@type\":\"BreadcrumbList\",\"@id\":\"https:\/\/www.tape-design.com\/fr\/produit\/deal-2-superlight-tubes\/#breadcrumb\",\"itemListElement\":[{\"@type\":\"ListItem\",\"position\":1,\"name\":\"Home\",\"item\":\"https:\/\/www.tape-design.com\/fr\/\"},{\"@type\":\"ListItem\",\"position\":2,\"name\":\"Shop\",\"item\":\"https:\/\/www.tape-design.com\/fr\/shop\/\"},{\"@type\":\"ListItem\",\"position\":3,\"name\":\"Deal 2: Superlight + Tubes\"}]},{\"@type\":\"WebSite\",\"@id\":\"https:\/\/www.tape-design.com\/#website\",\"url\":\"https:\/\/www.tape-design.com\/\",\"name\":\"TAPEDESIGN\",\"description\":\"Always a step ahead\",\"publisher\":{\"@id\":\"https:\/\/www.tape-design.com\/#organization\"},\"potentialAction\":[{\"@type\":\"SearchAction\",\"target\":{\"@type\":\"EntryPoint\",\"urlTemplate\":\"https:\/\/www.tape-design.com\/?s={search_term_string}\"},\"query-input\":{\"@type\":\"PropertyValueSpecification\",\"valueRequired\":true,\"valueName\":\"search_term_string\"}}],\"inLanguage\":\"fr-FR\"},{\"@type\":\"Organization\",\"@id\":\"https:\/\/www.tape-design.com\/#organization\",\"name\":\"TAPEDESIGN\",\"url\":\"https:\/\/www.tape-design.com\/\",\"logo\":{\"@type\":\"ImageObject\",\"inLanguage\":\"fr-FR\",\"@id\":\"https:\/\/www.tape-design.com\/#\/schema\/logo\/image\/\",\"url\":\"https:\/\/www.tape-design.com\/app\/uploads\/2020\/11\/Logosmall.png\",\"contentUrl\":\"https:\/\/www.tape-design.com\/app\/uploads\/2020\/11\/Logosmall.png\",\"width\":340,\"height\":156,\"caption\":\"TAPEDESIGN\"},\"image\":{\"@id\":\"https:\/\/www.tape-design.com\/#\/schema\/logo\/image\/\"},\"sameAs\":[\"https:\/\/www.facebook.com\/tapedesigncom\/\",\"https:\/\/www.instagram.com\/tapedesign_socks\/?hl=de\"]}]}<\/script>","yoast_head_json":{"title":"Deal 2: Superlight + Tubes - TAPEDESIGN","robots":{"index":"index","follow":"follow","max-snippet":"max-snippet:-1","max-image-preview":"max-image-preview:large","max-video-preview":"max-video-preview:-1"},"canonical":"https:\/\/www.tape-design.com\/fr\/produit\/deal-2-superlight-tubes\/","og_locale":"fr_FR","og_type":"article","og_title":"Deal 2: Superlight + Tubes - TAPEDESIGN","og_description":"Les \u00ab SUPERLIGHT Socks \u00bb avec les \u00ab TUBES \u00bb \u2013 pour ceux qui recherchent confort et agilit\u00e9.","og_url":"https:\/\/www.tape-design.com\/fr\/produit\/deal-2-superlight-tubes\/","og_site_name":"TAPEDESIGN","article_publisher":"https:\/\/www.facebook.com\/tapedesigncom\/","article_modified_time":"2026-02-19T10:09:56+00:00","og_image":[{"width":1080,"height":1080,"url":"https:\/\/www.tape-design.com\/app\/uploads\/2025\/03\/2026_BUNDLE_SUPERLIGHT_TUBES_PRODUCT_IMG_1.jpg","type":"image\/jpeg"}],"twitter_card":"summary_large_image","twitter_misc":{"Dur\u00e9e de lecture estim\u00e9e":"2 minutes"},"schema":{"@context":"https:\/\/schema.org","@graph":[{"@type":"WebPage","@id":"https:\/\/www.tape-design.com\/fr\/produit\/deal-2-superlight-tubes\/","url":"https:\/\/www.tape-design.com\/fr\/produit\/deal-2-superlight-tubes\/","name":"Deal 2: Superlight + Tubes - TAPEDESIGN","isPartOf":{"@id":"https:\/\/www.tape-design.com\/#website"},"primaryImageOfPage":{"@id":"https:\/\/www.tape-design.com\/fr\/produit\/deal-2-superlight-tubes\/#primaryimage"},"image":{"@id":"https:\/\/www.tape-design.com\/fr\/produit\/deal-2-superlight-tubes\/#primaryimage"},"thumbnailUrl":"https:\/\/www.tape-design.com\/app\/uploads\/2025\/03\/2026_BUNDLE_SUPERLIGHT_TUBES_PRODUCT_IMG_1.jpg","datePublished":"2025-03-27T19:17:07+00:00","dateModified":"2026-02-19T10:09:56+00:00","breadcrumb":{"@id":"https:\/\/www.tape-design.com\/fr\/produit\/deal-2-superlight-tubes\/#breadcrumb"},"inLanguage":"fr-FR","potentialAction":[{"@type":"ReadAction","target":["https:\/\/www.tape-design.com\/fr\/produit\/deal-2-superlight-tubes\/"]}]},{"@type":"ImageObject","inLanguage":"fr-FR","@id":"https:\/\/www.tape-design.com\/fr\/produit\/deal-2-superlight-tubes\/#primaryimage","url":"https:\/\/www.tape-design.com\/app\/uploads\/2025\/03\/2026_BUNDLE_SUPERLIGHT_TUBES_PRODUCT_IMG_1.jpg","contentUrl":"https:\/\/www.tape-design.com\/app\/uploads\/2025\/03\/2026_BUNDLE_SUPERLIGHT_TUBES_PRODUCT_IMG_1.jpg","width":1080,"height":1080},{"@type":"BreadcrumbList","@id":"https:\/\/www.tape-design.com\/fr\/produit\/deal-2-superlight-tubes\/#breadcrumb","itemListElement":[{"@type":"ListItem","position":1,"name":"Home","item":"https:\/\/www.tape-design.com\/fr\/"},{"@type":"ListItem","position":2,"name":"Shop","item":"https:\/\/www.tape-design.com\/fr\/shop\/"},{"@type":"ListItem","position":3,"name":"Deal 2: Superlight + Tubes"}]},{"@type":"WebSite","@id":"https:\/\/www.tape-design.com\/#website","url":"https:\/\/www.tape-design.com\/","name":"TAPEDESIGN","description":"Always a step ahead","publisher":{"@id":"https:\/\/www.tape-design.com\/#organization"},"potentialAction":[{"@type":"SearchAction","target":{"@type":"EntryPoint","urlTemplate":"https:\/\/www.tape-design.com\/?s={search_term_string}"},"query-input":{"@type":"PropertyValueSpecification","valueRequired":true,"valueName":"search_term_string"}}],"inLanguage":"fr-FR"},{"@type":"Organization","@id":"https:\/\/www.tape-design.com\/#organization","name":"TAPEDESIGN","url":"https:\/\/www.tape-design.com\/","logo":{"@type":"ImageObject","inLanguage":"fr-FR","@id":"https:\/\/www.tape-design.com\/#\/schema\/logo\/image\/","url":"https:\/\/www.tape-design.com\/app\/uploads\/2020\/11\/Logosmall.png","contentUrl":"https:\/\/www.tape-design.com\/app\/uploads\/2020\/11\/Logosmall.png","width":340,"height":156,"caption":"TAPEDESIGN"},"image":{"@id":"https:\/\/www.tape-design.com\/#\/schema\/logo\/image\/"},"sameAs":["https:\/\/www.facebook.com\/tapedesigncom\/","https:\/\/www.instagram.com\/tapedesign_socks\/?hl=de"]}]}},"_links":{"self":[{"href":"https:\/\/www.tape-design.com\/fr\/wp-json\/wp\/v2\/product\/126615","targetHints":{"allow":["GET"]}}],"collection":[{"href":"https:\/\/www.tape-design.com\/fr\/wp-json\/wp\/v2\/product"}],"about":[{"href":"https:\/\/www.tape-design.com\/fr\/wp-json\/wp\/v2\/types\/product"}],"wp:featuredmedia":[{"embeddable":true,"href":"https:\/\/www.tape-design.com\/fr\/wp-json\/wp\/v2\/media\/142059"}],"wp:attachment":[{"href":"https:\/\/www.tape-design.com\/fr\/wp-json\/wp\/v2\/media?parent=126615"}],"wp:term":[{"taxonomy":"product_cat","embeddable":true,"href":"https:\/\/www.tape-design.com\/fr\/wp-json\/wp\/v2\/product_cat?post=126615"},{"taxonomy":"product_tag","embeddable":true,"href":"https:\/\/www.tape-design.com\/fr\/wp-json\/wp\/v2\/product_tag?post=126615"},{"taxonomy":"giftcard-category","embeddable":true,"href":"https:\/\/www.tape-design.com\/fr\/wp-json\/wp\/v2\/giftcard-category?post=126615"}],"curies":[{"name":"wp","href":"https:\/\/api.w.org\/{rel}","templated":true}]}}