{"id":126623,"date":"2025-03-27T20:20:27","date_gmt":"2025-03-27T19:20:27","guid":{"rendered":"https:\/\/www.tape-design.com\/product\/deal-4-superlight-tubes-pro\/"},"modified":"2026-03-03T13:14:23","modified_gmt":"2026-03-03T12:14:23","slug":"deal-4-superlight-tubes-pro","status":"publish","type":"product","link":"https:\/\/www.tape-design.com\/fr\/produit\/deal-4-superlight-tubes-pro\/","title":{"rendered":"Deal 4: Superlight + Tubes <b>PRO<\/b>"},"content":{"rendered":"<p class=\"\" data-start=\"1876\" data-end=\"2388\"><strong data-start=\"1876\" data-end=\"1898\">SUPERLIGHT SOCKS :<\/strong><br data-start=\"1898\" data-end=\"1901\" \/>La nouvelle chaussette innovante TAPEDESIGN \u00ab SUPERLIGHT \u00bb s\u00e9duit par son tissu ultra fin, ce qui la rend extr\u00eamement l\u00e9g\u00e8re et tr\u00e8s agr\u00e9able \u00e0 porter.<br data-start=\"2052\" data-end=\"2055\" \/>Que ce soit pour le sport de haut niveau ou les loisirs \u2013 toujours une longueur d\u2019avance !<br data-start=\"2145\" data-end=\"2148\" \/>C\u2019est une chaussette sp\u00e9ciale qui offre plus d\u2019adh\u00e9rence et de sensations dans toutes les chaussures.<br data-start=\"2249\" data-end=\"2252\" \/>Gr\u00e2ce \u00e0 sa composition particuli\u00e8re, elle est tr\u00e8s confortable et extr\u00eamement \u00e9lastique \u2013 s\u2019adapte de mani\u00e8re ergonomique \u00e0 chaque pied.<\/p>\n<ul data-start=\"2390\" data-end=\"2936\">\n<li class=\"\" data-start=\"2390\" data-end=\"2404\">\n<p class=\"\" data-start=\"2392\" data-end=\"2404\">ultra fine<\/p>\n<\/li>\n<li class=\"\" data-start=\"2405\" data-end=\"2454\">\n<p class=\"\" data-start=\"2407\" data-end=\"2454\">extra l\u00e9g\u00e8re, seulement 26,5 g par chaussette<\/p>\n<\/li>\n<li class=\"\" data-start=\"2455\" data-end=\"2522\">\n<p class=\"\" data-start=\"2457\" data-end=\"2522\">Taille unique (EU 37\u201348) gr\u00e2ce \u00e0 des mat\u00e9riaux de haute qualit\u00e9<\/p>\n<\/li>\n<li class=\"\" data-start=\"2523\" data-end=\"2637\">\n<p class=\"\" data-start=\"2525\" data-end=\"2637\">Picots en caoutchouc plac\u00e9s de mani\u00e8re ergonomique \u00e0 l\u2019ext\u00e9rieur pour une adh\u00e9rence parfaite dans la chaussure<\/p>\n<\/li>\n<li class=\"\" data-start=\"2638\" data-end=\"2694\">\n<p class=\"\" data-start=\"2640\" data-end=\"2694\">Confort sup\u00e9rieur gr\u00e2ce \u00e0 une finition haut de gamme<\/p>\n<\/li>\n<li class=\"\" data-start=\"2695\" data-end=\"2834\">\n<p class=\"\" data-start=\"2697\" data-end=\"2834\">Test\u00e9e et approuv\u00e9e par des athl\u00e8tes professionnels et amateurs dans de nombreux sports (football, tennis, handball, volley-ball, etc.)<\/p>\n<\/li>\n<li class=\"\" data-start=\"2835\" data-end=\"2936\">\n<p class=\"\" data-start=\"2837\" data-end=\"2936\">Id\u00e9ale pour tous les sports n\u00e9cessitant des changements de direction et des mouvements rotatoires<\/p>\n<\/li>\n<\/ul>\n<p class=\"\" data-start=\"2938\" data-end=\"2967\"><strong data-start=\"2938\" data-end=\"2967\">Ressentez la diff\u00e9rence !<\/strong><\/p>\n<p class=\"\" data-start=\"2969\" data-end=\"3036\">Composition : 55 % coton, 35 % nylon, 7 % \u00e9lasthanne, 3 % polyester<\/p>\n<p data-start=\"3043\" data-end=\"3305\">\n<p class=\"\" data-start=\"3043\" data-end=\"3305\"><strong data-start=\"3043\" data-end=\"3059\">TUBES PRO\u00ae :<\/strong><br data-start=\"3059\" data-end=\"3062\" \/>D\u00e9couvrez les TAPEDESIGN &#8211; Tubes Pro\u00ae \u2013 plus besoin de d\u00e9couper des trous dans vos tubes !<br data-start=\"3152\" data-end=\"3155\" \/>Nos nouveaux Tubes Pro pr\u00e9sentent un motif \u00e9lastique \u00e0 l\u2019arri\u00e8re et ont \u00e9t\u00e9 d\u00e9velopp\u00e9s par des professionnels pour \u00e9viter de d\u00e9couper vos chaussettes.<\/p>\n<p class=\"\" data-start=\"3307\" data-end=\"3324\"><strong data-start=\"3307\" data-end=\"3324\">Profitez de :<\/strong><\/p>\n<ul data-start=\"3326\" data-end=\"3536\">\n<li class=\"\" data-start=\"3326\" data-end=\"3387\">\n<p class=\"\" data-start=\"3328\" data-end=\"3387\">Meilleure circulation sanguine dans les muscles du mollet<\/p>\n<\/li>\n<li class=\"\" data-start=\"3388\" data-end=\"3408\">\n<p class=\"\" data-start=\"3390\" data-end=\"3408\">Moins de crampes<\/p>\n<\/li>\n<li class=\"\" data-start=\"3409\" data-end=\"3467\">\n<p class=\"\" data-start=\"3411\" data-end=\"3467\">Ajustement parfait gr\u00e2ce \u00e0 des mat\u00e9riaux haut de gamme<\/p>\n<\/li>\n<li class=\"\" data-start=\"3468\" data-end=\"3490\">\n<p class=\"\" data-start=\"3470\" data-end=\"3490\">Fabriqu\u00e9 dans l\u2019UE<\/p>\n<\/li>\n<li class=\"\" data-start=\"3491\" data-end=\"3536\">\n<p class=\"\" data-start=\"3493\" data-end=\"3536\">D\u00e9velopp\u00e9 par des sportifs professionnels<\/p>\n<\/li>\n<\/ul>\n<p class=\"\" data-start=\"3538\" data-end=\"3619\"><strong data-start=\"3538\" data-end=\"3619\">D\u00e9couvrez le nouveau niveau de performance et de confort avec les Tubes Pro !<\/strong><\/p>\n","protected":false},"excerpt":{"rendered":"<p><strong data-start=\"3626\" data-end=\"3669\">L\u00e9g\u00e8ret\u00e9 maximale et maintien premium :<\/strong><br data-start=\"3669\" data-end=\"3672\" \/>Les \u201cSUPERLIGHT Socks\u201d avec TUBES PRO \u2013 votre combo haute performance.<\/p>\n","protected":false},"featured_media":126504,"template":"","meta":{"_acf_changed":false},"product_cat":[3091,2846],"product_tag":[],"giftcard-category":[],"class_list":{"0":"post-126623","1":"product","2":"type-product","3":"status-publish","4":"has-post-thumbnail","6":"product_cat-offres-de-paques","7":"product_cat-special-sets-fr","9":"first","10":"instock","11":"sale","12":"virtual","13":"taxable","14":"purchasable","15":"product-type-bundle"},"bundled_by":[],"bundle_stock_status":"instock","bundle_stock_quantity":"","bundle_virtual":false,"bundle_layout":"default","bundle_add_to_cart_form_location":"default","bundle_editable_in_cart":false,"bundle_sold_individually_context":"product","bundle_item_grouping":"parent","bundle_min_size":"","bundle_max_size":"","bundle_price":{"price":{"min":{"incl_tax":"34.95","excl_tax":"29.125"},"max":{"incl_tax":"34.95","excl_tax":"29.125"}},"regular_price":{"min":{"incl_tax":"49.9","excl_tax":"41.583333"},"max":{"incl_tax":"49.9","excl_tax":"41.583333"}}},"bundled_items":[{"bundled_item_id":203,"product_id":59142,"menu_order":0,"quantity_min":1,"quantity_max":1,"quantity_default":1,"priced_individually":false,"shipped_individually":false,"override_title":false,"title":"\u201eSUPERLIGHT\u201d Socks","override_description":false,"description":"\u201eSUPERLIGHT\u201d Socks","optional":false,"hide_thumbnail":false,"discount":"","override_variations":false,"allowed_variations":[59292,59293],"override_default_variation_attributes":false,"default_variation_attributes":[],"single_product_visibility":"visible","cart_visibility":"visible","order_visibility":"visible","single_product_price_visibility":"visible","cart_price_visibility":"visible","order_price_visibility":"visible","stock_status":"in_stock"},{"bundled_item_id":204,"product_id":125861,"menu_order":1,"quantity_min":1,"quantity_max":1,"quantity_default":1,"priced_individually":false,"shipped_individually":false,"override_title":false,"title":"Tubes <b>PRO\u00ae<\/b>","override_description":false,"description":"Tubes <b>PRO\u00ae<\/b>","optional":false,"hide_thumbnail":false,"discount":"","override_variations":false,"allowed_variations":[125862,125863],"override_default_variation_attributes":false,"default_variation_attributes":[],"single_product_visibility":"visible","cart_visibility":"visible","order_visibility":"visible","single_product_price_visibility":"visible","cart_price_visibility":"visible","order_price_visibility":"visible","stock_status":"in_stock"}],"bundle_sell_ids":[],"exclude_global_add_ons":[],"addons":[],"acf":[],"yoast_head":"<title>Deal 4: Superlight + Tubes PRO - TAPEDESIGN<\/title>\n<meta name=\"robots\" content=\"index, follow, max-snippet:-1, max-image-preview:large, max-video-preview:-1\" \/>\n<link rel=\"canonical\" href=\"https:\/\/www.tape-design.com\/fr\/produit\/deal-4-superlight-tubes-pro\/\" \/>\n<meta property=\"og:locale\" content=\"fr_FR\" \/>\n<meta property=\"og:type\" content=\"article\" \/>\n<meta property=\"og:title\" content=\"Deal 4: Superlight + Tubes PRO - TAPEDESIGN\" \/>\n<meta property=\"og:description\" content=\"L\u00e9g\u00e8ret\u00e9 maximale et maintien premium :Les \u201cSUPERLIGHT Socks\u201d avec TUBES PRO \u2013 votre combo haute performance.\" \/>\n<meta property=\"og:url\" content=\"https:\/\/www.tape-design.com\/fr\/produit\/deal-4-superlight-tubes-pro\/\" \/>\n<meta property=\"og:site_name\" content=\"TAPEDESIGN\" \/>\n<meta property=\"article:publisher\" content=\"https:\/\/www.facebook.com\/tapedesigncom\/\" \/>\n<meta property=\"article:modified_time\" content=\"2026-03-03T12:14:23+00:00\" \/>\n<meta property=\"og:image\" content=\"https:\/\/www.tape-design.com\/app\/uploads\/2025\/03\/EASTER-SALE_MAIN_SUPERLIGHT-TUBES-PRO-scaled.jpg\" \/>\n\t<meta property=\"og:image:width\" content=\"2560\" \/>\n\t<meta property=\"og:image:height\" content=\"2560\" \/>\n\t<meta property=\"og:image:type\" content=\"image\/jpeg\" \/>\n<meta name=\"twitter:card\" content=\"summary_large_image\" \/>\n<meta name=\"twitter:label1\" content=\"Dur\u00e9e de lecture estim\u00e9e\" \/>\n\t<meta name=\"twitter:data1\" content=\"1 minute\" \/>\n<script type=\"application\/ld+json\" class=\"yoast-schema-graph\">{\"@context\":\"https:\/\/schema.org\",\"@graph\":[{\"@type\":\"WebPage\",\"@id\":\"https:\/\/www.tape-design.com\/fr\/produit\/deal-4-superlight-tubes-pro\/\",\"url\":\"https:\/\/www.tape-design.com\/fr\/produit\/deal-4-superlight-tubes-pro\/\",\"name\":\"Deal 4: Superlight + Tubes PRO - TAPEDESIGN\",\"isPartOf\":{\"@id\":\"https:\/\/www.tape-design.com\/#website\"},\"primaryImageOfPage\":{\"@id\":\"https:\/\/www.tape-design.com\/fr\/produit\/deal-4-superlight-tubes-pro\/#primaryimage\"},\"image\":{\"@id\":\"https:\/\/www.tape-design.com\/fr\/produit\/deal-4-superlight-tubes-pro\/#primaryimage\"},\"thumbnailUrl\":\"https:\/\/www.tape-design.com\/app\/uploads\/2025\/03\/EASTER-SALE_MAIN_SUPERLIGHT-TUBES-PRO-scaled.jpg\",\"datePublished\":\"2025-03-27T19:20:27+00:00\",\"dateModified\":\"2026-03-03T12:14:23+00:00\",\"breadcrumb\":{\"@id\":\"https:\/\/www.tape-design.com\/fr\/produit\/deal-4-superlight-tubes-pro\/#breadcrumb\"},\"inLanguage\":\"fr-FR\",\"potentialAction\":[{\"@type\":\"ReadAction\",\"target\":[\"https:\/\/www.tape-design.com\/fr\/produit\/deal-4-superlight-tubes-pro\/\"]}]},{\"@type\":\"ImageObject\",\"inLanguage\":\"fr-FR\",\"@id\":\"https:\/\/www.tape-design.com\/fr\/produit\/deal-4-superlight-tubes-pro\/#primaryimage\",\"url\":\"https:\/\/www.tape-design.com\/app\/uploads\/2025\/03\/EASTER-SALE_MAIN_SUPERLIGHT-TUBES-PRO-scaled.jpg\",\"contentUrl\":\"https:\/\/www.tape-design.com\/app\/uploads\/2025\/03\/EASTER-SALE_MAIN_SUPERLIGHT-TUBES-PRO-scaled.jpg\",\"width\":2560,\"height\":2560},{\"@type\":\"BreadcrumbList\",\"@id\":\"https:\/\/www.tape-design.com\/fr\/produit\/deal-4-superlight-tubes-pro\/#breadcrumb\",\"itemListElement\":[{\"@type\":\"ListItem\",\"position\":1,\"name\":\"Home\",\"item\":\"https:\/\/www.tape-design.com\/fr\/\"},{\"@type\":\"ListItem\",\"position\":2,\"name\":\"Shop\",\"item\":\"https:\/\/www.tape-design.com\/fr\/shop\/\"},{\"@type\":\"ListItem\",\"position\":3,\"name\":\"Deal 4: Superlight + Tubes PRO\"}]},{\"@type\":\"WebSite\",\"@id\":\"https:\/\/www.tape-design.com\/#website\",\"url\":\"https:\/\/www.tape-design.com\/\",\"name\":\"TAPEDESIGN\",\"description\":\"Always a step ahead\",\"publisher\":{\"@id\":\"https:\/\/www.tape-design.com\/#organization\"},\"potentialAction\":[{\"@type\":\"SearchAction\",\"target\":{\"@type\":\"EntryPoint\",\"urlTemplate\":\"https:\/\/www.tape-design.com\/?s={search_term_string}\"},\"query-input\":{\"@type\":\"PropertyValueSpecification\",\"valueRequired\":true,\"valueName\":\"search_term_string\"}}],\"inLanguage\":\"fr-FR\"},{\"@type\":\"Organization\",\"@id\":\"https:\/\/www.tape-design.com\/#organization\",\"name\":\"TAPEDESIGN\",\"url\":\"https:\/\/www.tape-design.com\/\",\"logo\":{\"@type\":\"ImageObject\",\"inLanguage\":\"fr-FR\",\"@id\":\"https:\/\/www.tape-design.com\/#\/schema\/logo\/image\/\",\"url\":\"https:\/\/www.tape-design.com\/app\/uploads\/2020\/11\/Logosmall.png\",\"contentUrl\":\"https:\/\/www.tape-design.com\/app\/uploads\/2020\/11\/Logosmall.png\",\"width\":340,\"height\":156,\"caption\":\"TAPEDESIGN\"},\"image\":{\"@id\":\"https:\/\/www.tape-design.com\/#\/schema\/logo\/image\/\"},\"sameAs\":[\"https:\/\/www.facebook.com\/tapedesigncom\/\",\"https:\/\/www.instagram.com\/tapedesign_socks\/?hl=de\"]}]}<\/script>","yoast_head_json":{"title":"Deal 4: Superlight + Tubes PRO - TAPEDESIGN","robots":{"index":"index","follow":"follow","max-snippet":"max-snippet:-1","max-image-preview":"max-image-preview:large","max-video-preview":"max-video-preview:-1"},"canonical":"https:\/\/www.tape-design.com\/fr\/produit\/deal-4-superlight-tubes-pro\/","og_locale":"fr_FR","og_type":"article","og_title":"Deal 4: Superlight + Tubes PRO - TAPEDESIGN","og_description":"L\u00e9g\u00e8ret\u00e9 maximale et maintien premium :Les \u201cSUPERLIGHT Socks\u201d avec TUBES PRO \u2013 votre combo haute performance.","og_url":"https:\/\/www.tape-design.com\/fr\/produit\/deal-4-superlight-tubes-pro\/","og_site_name":"TAPEDESIGN","article_publisher":"https:\/\/www.facebook.com\/tapedesigncom\/","article_modified_time":"2026-03-03T12:14:23+00:00","og_image":[{"width":2560,"height":2560,"url":"https:\/\/www.tape-design.com\/app\/uploads\/2025\/03\/EASTER-SALE_MAIN_SUPERLIGHT-TUBES-PRO-scaled.jpg","type":"image\/jpeg"}],"twitter_card":"summary_large_image","twitter_misc":{"Dur\u00e9e de lecture estim\u00e9e":"1 minute"},"schema":{"@context":"https:\/\/schema.org","@graph":[{"@type":"WebPage","@id":"https:\/\/www.tape-design.com\/fr\/produit\/deal-4-superlight-tubes-pro\/","url":"https:\/\/www.tape-design.com\/fr\/produit\/deal-4-superlight-tubes-pro\/","name":"Deal 4: Superlight + Tubes PRO - TAPEDESIGN","isPartOf":{"@id":"https:\/\/www.tape-design.com\/#website"},"primaryImageOfPage":{"@id":"https:\/\/www.tape-design.com\/fr\/produit\/deal-4-superlight-tubes-pro\/#primaryimage"},"image":{"@id":"https:\/\/www.tape-design.com\/fr\/produit\/deal-4-superlight-tubes-pro\/#primaryimage"},"thumbnailUrl":"https:\/\/www.tape-design.com\/app\/uploads\/2025\/03\/EASTER-SALE_MAIN_SUPERLIGHT-TUBES-PRO-scaled.jpg","datePublished":"2025-03-27T19:20:27+00:00","dateModified":"2026-03-03T12:14:23+00:00","breadcrumb":{"@id":"https:\/\/www.tape-design.com\/fr\/produit\/deal-4-superlight-tubes-pro\/#breadcrumb"},"inLanguage":"fr-FR","potentialAction":[{"@type":"ReadAction","target":["https:\/\/www.tape-design.com\/fr\/produit\/deal-4-superlight-tubes-pro\/"]}]},{"@type":"ImageObject","inLanguage":"fr-FR","@id":"https:\/\/www.tape-design.com\/fr\/produit\/deal-4-superlight-tubes-pro\/#primaryimage","url":"https:\/\/www.tape-design.com\/app\/uploads\/2025\/03\/EASTER-SALE_MAIN_SUPERLIGHT-TUBES-PRO-scaled.jpg","contentUrl":"https:\/\/www.tape-design.com\/app\/uploads\/2025\/03\/EASTER-SALE_MAIN_SUPERLIGHT-TUBES-PRO-scaled.jpg","width":2560,"height":2560},{"@type":"BreadcrumbList","@id":"https:\/\/www.tape-design.com\/fr\/produit\/deal-4-superlight-tubes-pro\/#breadcrumb","itemListElement":[{"@type":"ListItem","position":1,"name":"Home","item":"https:\/\/www.tape-design.com\/fr\/"},{"@type":"ListItem","position":2,"name":"Shop","item":"https:\/\/www.tape-design.com\/fr\/shop\/"},{"@type":"ListItem","position":3,"name":"Deal 4: Superlight + Tubes PRO"}]},{"@type":"WebSite","@id":"https:\/\/www.tape-design.com\/#website","url":"https:\/\/www.tape-design.com\/","name":"TAPEDESIGN","description":"Always a step ahead","publisher":{"@id":"https:\/\/www.tape-design.com\/#organization"},"potentialAction":[{"@type":"SearchAction","target":{"@type":"EntryPoint","urlTemplate":"https:\/\/www.tape-design.com\/?s={search_term_string}"},"query-input":{"@type":"PropertyValueSpecification","valueRequired":true,"valueName":"search_term_string"}}],"inLanguage":"fr-FR"},{"@type":"Organization","@id":"https:\/\/www.tape-design.com\/#organization","name":"TAPEDESIGN","url":"https:\/\/www.tape-design.com\/","logo":{"@type":"ImageObject","inLanguage":"fr-FR","@id":"https:\/\/www.tape-design.com\/#\/schema\/logo\/image\/","url":"https:\/\/www.tape-design.com\/app\/uploads\/2020\/11\/Logosmall.png","contentUrl":"https:\/\/www.tape-design.com\/app\/uploads\/2020\/11\/Logosmall.png","width":340,"height":156,"caption":"TAPEDESIGN"},"image":{"@id":"https:\/\/www.tape-design.com\/#\/schema\/logo\/image\/"},"sameAs":["https:\/\/www.facebook.com\/tapedesigncom\/","https:\/\/www.instagram.com\/tapedesign_socks\/?hl=de"]}]}},"_links":{"self":[{"href":"https:\/\/www.tape-design.com\/fr\/wp-json\/wp\/v2\/product\/126623","targetHints":{"allow":["GET"]}}],"collection":[{"href":"https:\/\/www.tape-design.com\/fr\/wp-json\/wp\/v2\/product"}],"about":[{"href":"https:\/\/www.tape-design.com\/fr\/wp-json\/wp\/v2\/types\/product"}],"wp:featuredmedia":[{"embeddable":true,"href":"https:\/\/www.tape-design.com\/fr\/wp-json\/wp\/v2\/media\/126504"}],"wp:attachment":[{"href":"https:\/\/www.tape-design.com\/fr\/wp-json\/wp\/v2\/media?parent=126623"}],"wp:term":[{"taxonomy":"product_cat","embeddable":true,"href":"https:\/\/www.tape-design.com\/fr\/wp-json\/wp\/v2\/product_cat?post=126623"},{"taxonomy":"product_tag","embeddable":true,"href":"https:\/\/www.tape-design.com\/fr\/wp-json\/wp\/v2\/product_tag?post=126623"},{"taxonomy":"giftcard-category","embeddable":true,"href":"https:\/\/www.tape-design.com\/fr\/wp-json\/wp\/v2\/giftcard-category?post=126623"}],"curies":[{"name":"wp","href":"https:\/\/api.w.org\/{rel}","templated":true}]}}