{"id":126627,"date":"2025-03-27T20:23:24","date_gmt":"2025-03-27T19:23:24","guid":{"rendered":"https:\/\/www.tape-design.com\/product\/deal-5-classic-shinguards-2-0-tubes\/"},"modified":"2026-02-19T16:08:42","modified_gmt":"2026-02-19T15:08:42","slug":"deal-5-classic-shinguards-2-0-tubes","status":"publish","type":"product","link":"https:\/\/www.tape-design.com\/fr\/produit\/deal-5-classic-shinguards-2-0-tubes\/","title":{"rendered":"Deal 5: Classic + Shinguards 2.0 + Tubes"},"content":{"rendered":"<p class=\"\" data-start=\"3127\" data-end=\"3340\"><strong data-start=\"3127\" data-end=\"3155\">ALLROUND SOCKS CLASSIC :<\/strong><br data-start=\"3155\" data-end=\"3158\" \/>La chaussette antid\u00e9rapante \u00ab Classic \u00bb se distingue par sa fonctionnalit\u00e9 et son innovation. Que ce soit pour le sport de haut niveau ou le loisir \u2013 toujours une longueur d\u2019avance !<\/p>\n<p class=\"\" data-start=\"3342\" data-end=\"3569\">Cette chaussette sp\u00e9ciale assure plus d\u2019adh\u00e9rence et de sensations dans toutes les chaussures. Gr\u00e2ce \u00e0 sa composition sp\u00e9ciale, elle est tr\u00e8s confortable et extr\u00eamement \u00e9lastique \u2013 s\u2019adapte de mani\u00e8re ergonomique \u00e0 chaque pied.<\/p>\n<ul data-start=\"3571\" data-end=\"4009\">\n<li class=\"\" data-start=\"3571\" data-end=\"3638\">\n<p class=\"\" data-start=\"3573\" data-end=\"3638\">Taille unique (EU 37\u201348) gr\u00e2ce \u00e0 des mat\u00e9riaux de haute qualit\u00e9<\/p>\n<\/li>\n<li class=\"\" data-start=\"3639\" data-end=\"3735\">\n<p class=\"\" data-start=\"3641\" data-end=\"3735\">Picots en caoutchouc plac\u00e9s de mani\u00e8re ergonomique \u00e0 l\u2019ext\u00e9rieur pour une adh\u00e9rence parfaite<\/p>\n<\/li>\n<li class=\"\" data-start=\"3736\" data-end=\"3789\">\n<p class=\"\" data-start=\"3738\" data-end=\"3789\">Confort sup\u00e9rieur gr\u00e2ce \u00e0 une finition de qualit\u00e9<\/p>\n<\/li>\n<li class=\"\" data-start=\"3790\" data-end=\"3924\">\n<p class=\"\" data-start=\"3792\" data-end=\"3924\">Test\u00e9e et approuv\u00e9e par des athl\u00e8tes professionnels et amateurs dans divers sports (football, tennis, handball, volley-ball, etc.)<\/p>\n<\/li>\n<li class=\"\" data-start=\"3925\" data-end=\"4009\">\n<p class=\"\" data-start=\"3927\" data-end=\"4009\">Parfaite pour les sports avec changements de direction et mouvements de rotation<\/p>\n<\/li>\n<\/ul>\n<p class=\"\" data-start=\"4011\" data-end=\"4040\"><strong data-start=\"4011\" data-end=\"4040\">Ressentez la diff\u00e9rence !<\/strong><\/p>\n<p class=\"\" data-start=\"4042\" data-end=\"4109\">Composition : 55 % coton, 35 % nylon, 7 % \u00e9lasthanne, 3 % polyester<\/p>\n<hr class=\"\" data-start=\"4111\" data-end=\"4114\" \/>\n<p class=\"\" data-start=\"4116\" data-end=\"4332\"><strong data-start=\"4116\" data-end=\"4140\">TAPEDESIGN &#8211; TUBES :<\/strong><br data-start=\"4140\" data-end=\"4143\" \/>Les \u00ab TAPEDESIGN &#8211; Tubes \u00bb s\u00e9duisent par leur fonctionnalit\u00e9 et leur innovation. Tr\u00e8s confortables, ils sont populaires aupr\u00e8s des pros comme des amateurs. Ils sont \u00e9galement tr\u00e8s durables.<\/p>\n<p class=\"\" data-start=\"4334\" data-end=\"4431\">Les matchs et les entra\u00eenements ne sont plus un probl\u00e8me \u2013 avec les Tubes, vous \u00eates bien \u00e9quip\u00e9.<\/p>\n<ul data-start=\"4433\" data-end=\"4713\">\n<li class=\"\" data-start=\"4433\" data-end=\"4539\">\n<p class=\"\" data-start=\"4435\" data-end=\"4539\"><strong data-start=\"4435\" data-end=\"4459\">Ajustement parfait :<\/strong> Coupe sp\u00e9ciale et zones flexibles pour un maintien optimal des prot\u00e8ge-tibias<\/p>\n<\/li>\n<li class=\"\" data-start=\"4540\" data-end=\"4602\">\n<p class=\"\" data-start=\"4542\" data-end=\"4602\"><strong data-start=\"4542\" data-end=\"4568\">Mat\u00e9riau fonctionnel :<\/strong> S\u2019adapte parfaitement \u00e0 la peau<\/p>\n<\/li>\n<li class=\"\" data-start=\"4603\" data-end=\"4713\">\n<p class=\"\" data-start=\"4605\" data-end=\"4713\"><strong data-start=\"4605\" data-end=\"4635\">R\u00e9gulation de l\u2019humidit\u00e9 :<\/strong> Le fil l\u00e9ger \u00e9vacue l\u2019humidit\u00e9 vers l\u2019ext\u00e9rieur pour une meilleure a\u00e9ration<\/p>\n<\/li>\n<\/ul>\n<p class=\"\" data-start=\"4715\" data-end=\"4771\">Composition : 86 % polyester, 10 % nylon, 4 % \u00e9lasthanne<\/p>\n<hr class=\"\" data-start=\"4773\" data-end=\"4776\" \/>\n<p class=\"\" data-start=\"4778\" data-end=\"4812\"><strong data-start=\"4778\" data-end=\"4810\">PERFORMANCE SHINGUARDS 2.0 :<\/strong><\/p>\n<p class=\"\" data-start=\"4814\" data-end=\"4829\"><strong data-start=\"4814\" data-end=\"4827\">Contenu :<\/strong><\/p>\n<ul data-start=\"4830\" data-end=\"4932\">\n<li class=\"\" data-start=\"4830\" data-end=\"4887\">\n<p class=\"\" data-start=\"4832\" data-end=\"4887\">1 paire de prot\u00e8ge-tibias TAPEDESIGN\u00ae Performance 2.0<\/p>\n<\/li>\n<li class=\"\" data-start=\"4888\" data-end=\"4911\">\n<p class=\"\" data-start=\"4890\" data-end=\"4911\">1x sac de rangement<\/p>\n<\/li>\n<li class=\"\" data-start=\"4912\" data-end=\"4932\">\n<p class=\"\" data-start=\"4914\" data-end=\"4932\">1x mode d\u2019emploi<\/p>\n<\/li>\n<\/ul>\n<p class=\"\" data-start=\"4934\" data-end=\"4997\"><strong data-start=\"4934\" data-end=\"4948\">Finition :<\/strong><br data-start=\"4948\" data-end=\"4951\" \/>Impression directe UV (sur les prot\u00e8ge-tibias)<\/p>\n<p class=\"\" data-start=\"4999\" data-end=\"5470\"><strong data-start=\"4999\" data-end=\"5016\">Utilisation :<\/strong><br data-start=\"5016\" data-end=\"5019\" \/>Les prot\u00e8ge-tibias deviennent mall\u00e9ables sous l\u2019effet de la chaleur (s\u00e8che-cheveux).<br data-start=\"5103\" data-end=\"5106\" \/>Placez-les sur une surface propre et lisse (papier ou papier sulfuris\u00e9) et chauffez-les pendant 3\u20136 minutes.<br data-start=\"5214\" data-end=\"5217\" \/>Attendez 10\u201315 secondes puis placez-les sur votre tibia (directement sur la peau). Fa\u00e7onnez-les avec une l\u00e9g\u00e8re pression.<br data-start=\"5338\" data-end=\"5341\" \/>Apr\u00e8s environ 3 minutes, ils durcissent et conservent la forme du tibia et des muscles.<br data-start=\"5428\" data-end=\"5431\" \/>R\u00e9p\u00e9tez avec le deuxi\u00e8me prot\u00e8ge-tibia.<\/p>\n<p class=\"\" data-start=\"5472\" data-end=\"5569\"><strong data-start=\"5472\" data-end=\"5496\">Ajustement parfait :<\/strong><br data-start=\"5496\" data-end=\"5499\" \/>Une fois chauff\u00e9s, ils s\u2019adaptent parfaitement \u00e0 la forme de la jambe.<\/p>\n<p class=\"\" data-start=\"5571\" data-end=\"5976\"><strong data-start=\"5571\" data-end=\"5598\">Remarques importantes :<\/strong><br data-start=\"5598\" data-end=\"5601\" \/>Stocker au frais, \u00e0 l\u2019abri du soleil. Une mauvaise utilisation peut endommager le produit. Aucune responsabilit\u00e9 n\u2019est assum\u00e9e en cas de mauvaise application.<br data-start=\"5759\" data-end=\"5762\" \/>M\u00eame test\u00e9s, les prot\u00e8ge-tibias n\u2019offrent qu\u2019une protection limit\u00e9e \u2013 aucun prot\u00e8ge-tibia ne peut garantir une s\u00e9curit\u00e9 totale.<br data-start=\"5889\" data-end=\"5892\" \/>Le nettoyage \u00e0 l\u2019eau et le s\u00e9chage \u00e0 l\u2019air permettent d\u2019\u00e9viter les mauvaises odeurs.<\/p>\n","protected":false},"excerpt":{"rendered":"<p class=\"\" data-start=\"5983\" data-end=\"6080\"><strong data-start=\"5983\" data-end=\"6016\">Le pack s\u00e9r\u00e9nit\u00e9 tout-en-un :<\/strong><br data-start=\"6016\" data-end=\"6019\" \/>Allround Socks CLASSIC<br data-start=\"6041\" data-end=\"6044\" \/>Performance Shinguards 2.0<br data-start=\"6070\" data-end=\"6073\" \/>TUBES<\/p>\n<p class=\"\" data-start=\"6082\" data-end=\"6127\">Pour protection, confort et stabilit\u00e9 r\u00e9unis.<\/p>\n","protected":false},"featured_media":126514,"template":"","meta":{"_acf_changed":false},"product_cat":[3091,2846],"product_tag":[],"giftcard-category":[],"class_list":{"0":"post-126627","1":"product","2":"type-product","3":"status-publish","4":"has-post-thumbnail","6":"product_cat-offres-de-paques","7":"product_cat-special-sets-fr","9":"first","10":"instock","11":"sale","12":"virtual","13":"taxable","14":"purchasable","15":"product-type-bundle"},"bundled_by":[],"bundle_stock_status":"instock","bundle_stock_quantity":"","bundle_virtual":false,"bundle_layout":"default","bundle_add_to_cart_form_location":"default","bundle_editable_in_cart":false,"bundle_sold_individually_context":"product","bundle_item_grouping":"parent","bundle_min_size":"","bundle_max_size":"","bundle_price":{"price":{"min":{"incl_tax":"49.95","excl_tax":"41.625"},"max":{"incl_tax":"49.95","excl_tax":"41.625"}},"regular_price":{"min":{"incl_tax":"81.85","excl_tax":"68.208333"},"max":{"incl_tax":"81.85","excl_tax":"68.208333"}}},"bundled_items":[{"bundled_item_id":212,"product_id":15470,"menu_order":0,"quantity_min":1,"quantity_max":1,"quantity_default":1,"priced_individually":false,"shipped_individually":false,"override_title":false,"title":"Chaussettes Allround Classic","override_description":false,"description":"Chaussettes Allround Classic","optional":false,"hide_thumbnail":false,"discount":"","override_variations":false,"allowed_variations":[43365,43366],"override_default_variation_attributes":false,"default_variation_attributes":[],"single_product_visibility":"visible","cart_visibility":"visible","order_visibility":"visible","single_product_price_visibility":"visible","cart_price_visibility":"visible","order_price_visibility":"visible","stock_status":"in_stock"},{"bundled_item_id":213,"product_id":58089,"menu_order":1,"quantity_min":1,"quantity_max":1,"quantity_default":1,"priced_individually":false,"shipped_individually":false,"override_title":false,"title":"Performance Shinguards 2.0","override_description":false,"description":"Performance Shinguards 2.0","optional":false,"hide_thumbnail":false,"discount":"","override_variations":false,"allowed_variations":[""],"override_default_variation_attributes":false,"default_variation_attributes":[],"single_product_visibility":"visible","cart_visibility":"visible","order_visibility":"visible","single_product_price_visibility":"visible","cart_price_visibility":"visible","order_price_visibility":"visible","stock_status":"in_stock"},{"bundled_item_id":214,"product_id":75126,"menu_order":2,"quantity_min":1,"quantity_max":1,"quantity_default":1,"priced_individually":false,"shipped_individually":false,"override_title":false,"title":"Tubes","override_description":false,"description":"Tubes","optional":false,"hide_thumbnail":false,"discount":"","override_variations":false,"allowed_variations":[75152,75153],"override_default_variation_attributes":false,"default_variation_attributes":[],"single_product_visibility":"visible","cart_visibility":"visible","order_visibility":"visible","single_product_price_visibility":"visible","cart_price_visibility":"visible","order_price_visibility":"visible","stock_status":"in_stock"}],"bundle_sell_ids":[],"exclude_global_add_ons":[],"addons":[],"acf":[],"yoast_head":"<title>Deal 5: Classic + Shinguards 2.0 + Tubes - TAPEDESIGN<\/title>\n<meta name=\"robots\" content=\"index, follow, max-snippet:-1, max-image-preview:large, max-video-preview:-1\" \/>\n<link rel=\"canonical\" href=\"https:\/\/www.tape-design.com\/fr\/produit\/deal-5-classic-shinguards-2-0-tubes\/\" \/>\n<meta property=\"og:locale\" content=\"fr_FR\" \/>\n<meta property=\"og:type\" content=\"article\" \/>\n<meta property=\"og:title\" content=\"Deal 5: Classic + Shinguards 2.0 + Tubes - TAPEDESIGN\" \/>\n<meta property=\"og:description\" content=\"Le pack s\u00e9r\u00e9nit\u00e9 tout-en-un :Allround Socks CLASSICPerformance Shinguards 2.0TUBES Pour protection, confort et stabilit\u00e9 r\u00e9unis.\" \/>\n<meta property=\"og:url\" content=\"https:\/\/www.tape-design.com\/fr\/produit\/deal-5-classic-shinguards-2-0-tubes\/\" \/>\n<meta property=\"og:site_name\" content=\"TAPEDESIGN\" \/>\n<meta property=\"article:publisher\" content=\"https:\/\/www.facebook.com\/tapedesigncom\/\" \/>\n<meta property=\"article:modified_time\" content=\"2026-02-19T15:08:42+00:00\" \/>\n<meta property=\"og:image\" content=\"https:\/\/www.tape-design.com\/app\/uploads\/2025\/03\/EASTER-SALE_MAIN_TUBES-CLASSIC-SHINGUARDS-scaled.jpg\" \/>\n\t<meta property=\"og:image:width\" content=\"2560\" \/>\n\t<meta property=\"og:image:height\" content=\"2560\" \/>\n\t<meta property=\"og:image:type\" content=\"image\/jpeg\" \/>\n<meta name=\"twitter:card\" content=\"summary_large_image\" \/>\n<meta name=\"twitter:label1\" content=\"Dur\u00e9e de lecture estim\u00e9e\" \/>\n\t<meta name=\"twitter:data1\" content=\"2 minutes\" \/>\n<script type=\"application\/ld+json\" class=\"yoast-schema-graph\">{\"@context\":\"https:\/\/schema.org\",\"@graph\":[{\"@type\":\"WebPage\",\"@id\":\"https:\/\/www.tape-design.com\/fr\/produit\/deal-5-classic-shinguards-2-0-tubes\/\",\"url\":\"https:\/\/www.tape-design.com\/fr\/produit\/deal-5-classic-shinguards-2-0-tubes\/\",\"name\":\"Deal 5: Classic + Shinguards 2.0 + Tubes - TAPEDESIGN\",\"isPartOf\":{\"@id\":\"https:\/\/www.tape-design.com\/#website\"},\"primaryImageOfPage\":{\"@id\":\"https:\/\/www.tape-design.com\/fr\/produit\/deal-5-classic-shinguards-2-0-tubes\/#primaryimage\"},\"image\":{\"@id\":\"https:\/\/www.tape-design.com\/fr\/produit\/deal-5-classic-shinguards-2-0-tubes\/#primaryimage\"},\"thumbnailUrl\":\"https:\/\/www.tape-design.com\/app\/uploads\/2025\/03\/EASTER-SALE_MAIN_TUBES-CLASSIC-SHINGUARDS-scaled.jpg\",\"datePublished\":\"2025-03-27T19:23:24+00:00\",\"dateModified\":\"2026-02-19T15:08:42+00:00\",\"breadcrumb\":{\"@id\":\"https:\/\/www.tape-design.com\/fr\/produit\/deal-5-classic-shinguards-2-0-tubes\/#breadcrumb\"},\"inLanguage\":\"fr-FR\",\"potentialAction\":[{\"@type\":\"ReadAction\",\"target\":[\"https:\/\/www.tape-design.com\/fr\/produit\/deal-5-classic-shinguards-2-0-tubes\/\"]}]},{\"@type\":\"ImageObject\",\"inLanguage\":\"fr-FR\",\"@id\":\"https:\/\/www.tape-design.com\/fr\/produit\/deal-5-classic-shinguards-2-0-tubes\/#primaryimage\",\"url\":\"https:\/\/www.tape-design.com\/app\/uploads\/2025\/03\/EASTER-SALE_MAIN_TUBES-CLASSIC-SHINGUARDS-scaled.jpg\",\"contentUrl\":\"https:\/\/www.tape-design.com\/app\/uploads\/2025\/03\/EASTER-SALE_MAIN_TUBES-CLASSIC-SHINGUARDS-scaled.jpg\",\"width\":2560,\"height\":2560},{\"@type\":\"BreadcrumbList\",\"@id\":\"https:\/\/www.tape-design.com\/fr\/produit\/deal-5-classic-shinguards-2-0-tubes\/#breadcrumb\",\"itemListElement\":[{\"@type\":\"ListItem\",\"position\":1,\"name\":\"Home\",\"item\":\"https:\/\/www.tape-design.com\/fr\/\"},{\"@type\":\"ListItem\",\"position\":2,\"name\":\"Shop\",\"item\":\"https:\/\/www.tape-design.com\/fr\/shop\/\"},{\"@type\":\"ListItem\",\"position\":3,\"name\":\"Deal 5: Classic + Shinguards 2.0 + Tubes\"}]},{\"@type\":\"WebSite\",\"@id\":\"https:\/\/www.tape-design.com\/#website\",\"url\":\"https:\/\/www.tape-design.com\/\",\"name\":\"TAPEDESIGN\",\"description\":\"Always a step ahead\",\"publisher\":{\"@id\":\"https:\/\/www.tape-design.com\/#organization\"},\"potentialAction\":[{\"@type\":\"SearchAction\",\"target\":{\"@type\":\"EntryPoint\",\"urlTemplate\":\"https:\/\/www.tape-design.com\/?s={search_term_string}\"},\"query-input\":{\"@type\":\"PropertyValueSpecification\",\"valueRequired\":true,\"valueName\":\"search_term_string\"}}],\"inLanguage\":\"fr-FR\"},{\"@type\":\"Organization\",\"@id\":\"https:\/\/www.tape-design.com\/#organization\",\"name\":\"TAPEDESIGN\",\"url\":\"https:\/\/www.tape-design.com\/\",\"logo\":{\"@type\":\"ImageObject\",\"inLanguage\":\"fr-FR\",\"@id\":\"https:\/\/www.tape-design.com\/#\/schema\/logo\/image\/\",\"url\":\"https:\/\/www.tape-design.com\/app\/uploads\/2020\/11\/Logosmall.png\",\"contentUrl\":\"https:\/\/www.tape-design.com\/app\/uploads\/2020\/11\/Logosmall.png\",\"width\":340,\"height\":156,\"caption\":\"TAPEDESIGN\"},\"image\":{\"@id\":\"https:\/\/www.tape-design.com\/#\/schema\/logo\/image\/\"},\"sameAs\":[\"https:\/\/www.facebook.com\/tapedesigncom\/\",\"https:\/\/www.instagram.com\/tapedesign_socks\/?hl=de\"]}]}<\/script>","yoast_head_json":{"title":"Deal 5: Classic + Shinguards 2.0 + Tubes - TAPEDESIGN","robots":{"index":"index","follow":"follow","max-snippet":"max-snippet:-1","max-image-preview":"max-image-preview:large","max-video-preview":"max-video-preview:-1"},"canonical":"https:\/\/www.tape-design.com\/fr\/produit\/deal-5-classic-shinguards-2-0-tubes\/","og_locale":"fr_FR","og_type":"article","og_title":"Deal 5: Classic + Shinguards 2.0 + Tubes - TAPEDESIGN","og_description":"Le pack s\u00e9r\u00e9nit\u00e9 tout-en-un :Allround Socks CLASSICPerformance Shinguards 2.0TUBES Pour protection, confort et stabilit\u00e9 r\u00e9unis.","og_url":"https:\/\/www.tape-design.com\/fr\/produit\/deal-5-classic-shinguards-2-0-tubes\/","og_site_name":"TAPEDESIGN","article_publisher":"https:\/\/www.facebook.com\/tapedesigncom\/","article_modified_time":"2026-02-19T15:08:42+00:00","og_image":[{"width":2560,"height":2560,"url":"https:\/\/www.tape-design.com\/app\/uploads\/2025\/03\/EASTER-SALE_MAIN_TUBES-CLASSIC-SHINGUARDS-scaled.jpg","type":"image\/jpeg"}],"twitter_card":"summary_large_image","twitter_misc":{"Dur\u00e9e de lecture estim\u00e9e":"2 minutes"},"schema":{"@context":"https:\/\/schema.org","@graph":[{"@type":"WebPage","@id":"https:\/\/www.tape-design.com\/fr\/produit\/deal-5-classic-shinguards-2-0-tubes\/","url":"https:\/\/www.tape-design.com\/fr\/produit\/deal-5-classic-shinguards-2-0-tubes\/","name":"Deal 5: Classic + Shinguards 2.0 + Tubes - TAPEDESIGN","isPartOf":{"@id":"https:\/\/www.tape-design.com\/#website"},"primaryImageOfPage":{"@id":"https:\/\/www.tape-design.com\/fr\/produit\/deal-5-classic-shinguards-2-0-tubes\/#primaryimage"},"image":{"@id":"https:\/\/www.tape-design.com\/fr\/produit\/deal-5-classic-shinguards-2-0-tubes\/#primaryimage"},"thumbnailUrl":"https:\/\/www.tape-design.com\/app\/uploads\/2025\/03\/EASTER-SALE_MAIN_TUBES-CLASSIC-SHINGUARDS-scaled.jpg","datePublished":"2025-03-27T19:23:24+00:00","dateModified":"2026-02-19T15:08:42+00:00","breadcrumb":{"@id":"https:\/\/www.tape-design.com\/fr\/produit\/deal-5-classic-shinguards-2-0-tubes\/#breadcrumb"},"inLanguage":"fr-FR","potentialAction":[{"@type":"ReadAction","target":["https:\/\/www.tape-design.com\/fr\/produit\/deal-5-classic-shinguards-2-0-tubes\/"]}]},{"@type":"ImageObject","inLanguage":"fr-FR","@id":"https:\/\/www.tape-design.com\/fr\/produit\/deal-5-classic-shinguards-2-0-tubes\/#primaryimage","url":"https:\/\/www.tape-design.com\/app\/uploads\/2025\/03\/EASTER-SALE_MAIN_TUBES-CLASSIC-SHINGUARDS-scaled.jpg","contentUrl":"https:\/\/www.tape-design.com\/app\/uploads\/2025\/03\/EASTER-SALE_MAIN_TUBES-CLASSIC-SHINGUARDS-scaled.jpg","width":2560,"height":2560},{"@type":"BreadcrumbList","@id":"https:\/\/www.tape-design.com\/fr\/produit\/deal-5-classic-shinguards-2-0-tubes\/#breadcrumb","itemListElement":[{"@type":"ListItem","position":1,"name":"Home","item":"https:\/\/www.tape-design.com\/fr\/"},{"@type":"ListItem","position":2,"name":"Shop","item":"https:\/\/www.tape-design.com\/fr\/shop\/"},{"@type":"ListItem","position":3,"name":"Deal 5: Classic + Shinguards 2.0 + Tubes"}]},{"@type":"WebSite","@id":"https:\/\/www.tape-design.com\/#website","url":"https:\/\/www.tape-design.com\/","name":"TAPEDESIGN","description":"Always a step ahead","publisher":{"@id":"https:\/\/www.tape-design.com\/#organization"},"potentialAction":[{"@type":"SearchAction","target":{"@type":"EntryPoint","urlTemplate":"https:\/\/www.tape-design.com\/?s={search_term_string}"},"query-input":{"@type":"PropertyValueSpecification","valueRequired":true,"valueName":"search_term_string"}}],"inLanguage":"fr-FR"},{"@type":"Organization","@id":"https:\/\/www.tape-design.com\/#organization","name":"TAPEDESIGN","url":"https:\/\/www.tape-design.com\/","logo":{"@type":"ImageObject","inLanguage":"fr-FR","@id":"https:\/\/www.tape-design.com\/#\/schema\/logo\/image\/","url":"https:\/\/www.tape-design.com\/app\/uploads\/2020\/11\/Logosmall.png","contentUrl":"https:\/\/www.tape-design.com\/app\/uploads\/2020\/11\/Logosmall.png","width":340,"height":156,"caption":"TAPEDESIGN"},"image":{"@id":"https:\/\/www.tape-design.com\/#\/schema\/logo\/image\/"},"sameAs":["https:\/\/www.facebook.com\/tapedesigncom\/","https:\/\/www.instagram.com\/tapedesign_socks\/?hl=de"]}]}},"_links":{"self":[{"href":"https:\/\/www.tape-design.com\/fr\/wp-json\/wp\/v2\/product\/126627","targetHints":{"allow":["GET"]}}],"collection":[{"href":"https:\/\/www.tape-design.com\/fr\/wp-json\/wp\/v2\/product"}],"about":[{"href":"https:\/\/www.tape-design.com\/fr\/wp-json\/wp\/v2\/types\/product"}],"wp:featuredmedia":[{"embeddable":true,"href":"https:\/\/www.tape-design.com\/fr\/wp-json\/wp\/v2\/media\/126514"}],"wp:attachment":[{"href":"https:\/\/www.tape-design.com\/fr\/wp-json\/wp\/v2\/media?parent=126627"}],"wp:term":[{"taxonomy":"product_cat","embeddable":true,"href":"https:\/\/www.tape-design.com\/fr\/wp-json\/wp\/v2\/product_cat?post=126627"},{"taxonomy":"product_tag","embeddable":true,"href":"https:\/\/www.tape-design.com\/fr\/wp-json\/wp\/v2\/product_tag?post=126627"},{"taxonomy":"giftcard-category","embeddable":true,"href":"https:\/\/www.tape-design.com\/fr\/wp-json\/wp\/v2\/giftcard-category?post=126627"}],"curies":[{"name":"wp","href":"https:\/\/api.w.org\/{rel}","templated":true}]}}