{"id":126632,"date":"2025-03-27T20:25:03","date_gmt":"2025-03-27T19:25:03","guid":{"rendered":"https:\/\/www.tape-design.com\/product\/deal-6-superlight-shinguards-2-0-tubes\/"},"modified":"2026-01-16T12:53:45","modified_gmt":"2026-01-16T11:53:45","slug":"deal-6-superlight-shinguards-2-0-tubes","status":"publish","type":"product","link":"https:\/\/www.tape-design.com\/fr\/produit\/deal-6-superlight-shinguards-2-0-tubes\/","title":{"rendered":"Deal 6: Superlight + Shinguards 2.0 + Tubes"},"content":{"rendered":"<p class=\"\" data-start=\"3118\" data-end=\"3629\"><strong data-start=\"3118\" data-end=\"3140\">SUPERLIGHT SOCKS :<\/strong><br data-start=\"3140\" data-end=\"3143\" \/>La nouvelle chaussette innovante TAPEDESIGN \u00ab SUPERLIGHT \u00bb s\u00e9duit par son tissu ultra fin, ce qui la rend extr\u00eamement l\u00e9g\u00e8re et tr\u00e8s agr\u00e9able \u00e0 porter.<br data-start=\"3294\" data-end=\"3297\" \/>Que ce soit pour le sport de haut niveau ou les loisirs \u2013 toujours une longueur d\u2019avance !<br data-start=\"3387\" data-end=\"3390\" \/>C\u2019est une chaussette sp\u00e9ciale qui offre plus d\u2019adh\u00e9rence et de sensations dans n\u2019importe quelle chaussure.<br data-start=\"3496\" data-end=\"3499\" \/>Gr\u00e2ce \u00e0 sa composition unique, elle est tr\u00e8s confortable et extr\u00eamement \u00e9lastique \u2013 s\u2019adapte de mani\u00e8re ergonomique \u00e0 chaque pied.<\/p>\n<ul data-start=\"3631\" data-end=\"4160\">\n<li class=\"\" data-start=\"3631\" data-end=\"3645\">\n<p class=\"\" data-start=\"3633\" data-end=\"3645\">ultra fine<\/p>\n<\/li>\n<li class=\"\" data-start=\"3646\" data-end=\"3695\">\n<p class=\"\" data-start=\"3648\" data-end=\"3695\">extra l\u00e9g\u00e8re, seulement 26,5 g par chaussette<\/p>\n<\/li>\n<li class=\"\" data-start=\"3696\" data-end=\"3776\">\n<p class=\"\" data-start=\"3698\" data-end=\"3776\">Taille unique (EU 37\u201348) gr\u00e2ce \u00e0 l\u2019utilisation de mat\u00e9riaux de haute qualit\u00e9<\/p>\n<\/li>\n<li class=\"\" data-start=\"3777\" data-end=\"3873\">\n<p class=\"\" data-start=\"3779\" data-end=\"3873\">Picots en caoutchouc plac\u00e9s de mani\u00e8re ergonomique \u00e0 l\u2019ext\u00e9rieur pour une adh\u00e9rence parfaite<\/p>\n<\/li>\n<li class=\"\" data-start=\"3874\" data-end=\"3936\">\n<p class=\"\" data-start=\"3876\" data-end=\"3936\">Confort optimal gr\u00e2ce \u00e0 une finition de qualit\u00e9 sup\u00e9rieure<\/p>\n<\/li>\n<li class=\"\" data-start=\"3937\" data-end=\"4076\">\n<p class=\"\" data-start=\"3939\" data-end=\"4076\">Test\u00e9e et approuv\u00e9e par des athl\u00e8tes professionnels et amateurs dans de nombreux sports (football, tennis, handball, volley-ball, etc.)<\/p>\n<\/li>\n<li class=\"\" data-start=\"4077\" data-end=\"4160\">\n<p class=\"\" data-start=\"4079\" data-end=\"4160\">Parfaite pour les sports avec changements de direction et mouvements rotatoires<\/p>\n<\/li>\n<\/ul>\n<p class=\"\" data-start=\"4162\" data-end=\"4191\"><strong data-start=\"4162\" data-end=\"4191\">Ressentez la diff\u00e9rence !<\/strong><\/p>\n<p class=\"\" data-start=\"4193\" data-end=\"4260\">Composition : 55 % coton, 35 % nylon, 7 % \u00e9lasthanne, 3 % polyester<\/p>\n<hr class=\"\" data-start=\"4262\" data-end=\"4265\" \/>\n<p class=\"\" data-start=\"4267\" data-end=\"4507\"><strong data-start=\"4267\" data-end=\"4291\">TAPEDESIGN &#8211; TUBES :<\/strong><br data-start=\"4291\" data-end=\"4294\" \/>Les \u00ab TAPEDESIGN &#8211; Tubes \u00bb s\u00e9duisent par leur fonctionnalit\u00e9 et leur innovation. Tr\u00e8s confortables, ils sont appr\u00e9ci\u00e9s tant par les professionnels que par les amateurs. Ils offrent \u00e9galement une grande durabilit\u00e9.<\/p>\n<p class=\"\" data-start=\"4509\" data-end=\"4614\">Avec les &#8220;Tubes&#8221;, matchs et entra\u00eenements ne posent plus aucun probl\u00e8me \u2013 vous \u00eates parfaitement pr\u00e9par\u00e9.<\/p>\n<ul data-start=\"4616\" data-end=\"4900\">\n<li class=\"\" data-start=\"4616\" data-end=\"4731\">\n<p class=\"\" data-start=\"4618\" data-end=\"4731\"><strong data-start=\"4618\" data-end=\"4642\">Ajustement parfait :<\/strong> Coupe sp\u00e9ciale et zones flexibles au mollet pour maintenir les prot\u00e8ge-tibias en place<\/p>\n<\/li>\n<li class=\"\" data-start=\"4732\" data-end=\"4794\">\n<p class=\"\" data-start=\"4734\" data-end=\"4794\"><strong data-start=\"4734\" data-end=\"4760\">Mat\u00e9riau fonctionnel :<\/strong> S\u2019adapte parfaitement \u00e0 la peau<\/p>\n<\/li>\n<li class=\"\" data-start=\"4795\" data-end=\"4900\">\n<p class=\"\" data-start=\"4797\" data-end=\"4900\"><strong data-start=\"4797\" data-end=\"4827\">R\u00e9gulation de l\u2019humidit\u00e9 :<\/strong> Le fil l\u00e9ger \u00e9vacue l\u2019humidit\u00e9 vers l\u2019ext\u00e9rieur et am\u00e9liore l\u2019a\u00e9ration<\/p>\n<\/li>\n<\/ul>\n<p class=\"\" data-start=\"4902\" data-end=\"4958\">Composition : 86 % polyester, 10 % nylon, 4 % \u00e9lasthanne<\/p>\n<hr class=\"\" data-start=\"4960\" data-end=\"4963\" \/>\n<p class=\"\" data-start=\"4965\" data-end=\"4999\"><strong data-start=\"4965\" data-end=\"4997\">PERFORMANCE SHINGUARDS 2.0 :<\/strong><\/p>\n<p class=\"\" data-start=\"5001\" data-end=\"5016\"><strong data-start=\"5001\" data-end=\"5014\">Contenu :<\/strong><\/p>\n<ul data-start=\"5017\" data-end=\"5112\">\n<li class=\"\" data-start=\"5017\" data-end=\"5074\">\n<p class=\"\" data-start=\"5019\" data-end=\"5074\">1 paire de prot\u00e8ge-tibias TAPEDESIGN\u00ae Performance 2.0<\/p>\n<\/li>\n<li class=\"\" data-start=\"5075\" data-end=\"5098\">\n<p class=\"\" data-start=\"5077\" data-end=\"5098\">1x sac de rangement<\/p>\n<\/li>\n<li class=\"\" data-start=\"5099\" data-end=\"5112\">\n<p class=\"\" data-start=\"5101\" data-end=\"5112\">1x notice<\/p>\n<\/li>\n<\/ul>\n<p class=\"\" data-start=\"5114\" data-end=\"5177\"><strong data-start=\"5114\" data-end=\"5128\">Finition :<\/strong><br data-start=\"5128\" data-end=\"5131\" \/>Impression directe UV (sur les prot\u00e8ge-tibias)<\/p>\n<p class=\"\" data-start=\"5179\" data-end=\"5641\"><strong data-start=\"5179\" data-end=\"5196\">Utilisation :<\/strong><br data-start=\"5196\" data-end=\"5199\" \/>Les prot\u00e8ge-tibias se ramollissent \u00e0 la chaleur (s\u00e8che-cheveux) et peuvent \u00eatre moul\u00e9s individuellement.<br data-start=\"5303\" data-end=\"5306\" \/>Placez-les sur une surface propre et lisse (papier ou papier cuisson), chauffez-les pendant 3 \u00e0 6 minutes.<br data-start=\"5412\" data-end=\"5415\" \/>Attendez 10\u201315 secondes, puis appliquez directement sur la peau au niveau du tibia. Fa\u00e7onnez-les l\u00e9g\u00e8rement.<br data-start=\"5523\" data-end=\"5526\" \/>Apr\u00e8s environ 3 minutes, ils durcissent en \u00e9pousant la forme de la jambe.<br data-start=\"5599\" data-end=\"5602\" \/>R\u00e9p\u00e9tez avec le deuxi\u00e8me prot\u00e8ge-tibia.<\/p>\n<p class=\"\" data-start=\"5643\" data-end=\"5772\"><strong data-start=\"5643\" data-end=\"5667\">Ajustement parfait :<\/strong><br data-start=\"5667\" data-end=\"5670\" \/>Une fois chauff\u00e9s, ils s\u2019adaptent \u00e0 presque toutes les formes \u2013 pour un ajustement ultra personnalis\u00e9.<\/p>\n<p class=\"\" data-start=\"5774\" data-end=\"6142\"><strong data-start=\"5774\" data-end=\"5801\">Remarques importantes :<\/strong><br data-start=\"5801\" data-end=\"5804\" \/>Conserver au frais, \u00e0 l\u2019abri du soleil. En cas de mauvaise utilisation, des dommages peuvent survenir \u2013 nous d\u00e9clinons toute responsabilit\u00e9.<br data-start=\"5944\" data-end=\"5947\" \/>M\u00eame test\u00e9s, ces prot\u00e8ge-tibias n\u2019offrent qu\u2019une protection limit\u00e9e.<br data-start=\"6015\" data-end=\"6018\" \/>Leur modification r\u00e9duit leur efficacit\u00e9.<br data-start=\"6059\" data-end=\"6062\" \/>Ils se nettoient \u00e0 l\u2019eau et se laissent s\u00e9cher pour \u00e9viter les mauvaises odeurs.<\/p>\n","protected":false},"excerpt":{"rendered":"<p><strong data-start=\"6149\" data-end=\"6198\">Ultra l\u00e9ger et prot\u00e9g\u00e9 de la t\u00eate aux pieds :<\/strong><br data-start=\"6198\" data-end=\"6201\" \/>SUPERLIGHT Socks avec SHINGUARDS 2.0 et TUBES \u2013 la combinaison parfaite pour les sportifs de haut niveau.<\/p>\n","protected":false},"featured_media":126519,"template":"","meta":{"_acf_changed":false},"product_cat":[3091,2846],"product_tag":[],"giftcard-category":[],"class_list":{"0":"post-126632","1":"product","2":"type-product","3":"status-publish","4":"has-post-thumbnail","6":"product_cat-offres-de-paques","7":"product_cat-special-sets-fr","9":"first","10":"instock","11":"sale","12":"virtual","13":"taxable","14":"purchasable","15":"product-type-bundle"},"bundled_by":[],"bundle_stock_status":"instock","bundle_stock_quantity":"","bundle_virtual":false,"bundle_layout":"default","bundle_add_to_cart_form_location":"default","bundle_editable_in_cart":false,"bundle_sold_individually_context":"product","bundle_item_grouping":"parent","bundle_min_size":"","bundle_max_size":"","bundle_price":{"price":{"min":{"incl_tax":"44.95","excl_tax":"37.458333"},"max":{"incl_tax":"44.95","excl_tax":"37.458333"}},"regular_price":{"min":{"incl_tax":"86.85","excl_tax":"72.375"},"max":{"incl_tax":"86.85","excl_tax":"72.375"}}},"bundled_items":[{"bundled_item_id":224,"product_id":59142,"menu_order":0,"quantity_min":1,"quantity_max":1,"quantity_default":1,"priced_individually":false,"shipped_individually":false,"override_title":false,"title":"\u201eSUPERLIGHT\u201d Socks","override_description":false,"description":"\u201eSUPERLIGHT\u201d Socks","optional":false,"hide_thumbnail":false,"discount":"","override_variations":false,"allowed_variations":[59292,59293],"override_default_variation_attributes":false,"default_variation_attributes":[],"single_product_visibility":"visible","cart_visibility":"visible","order_visibility":"visible","single_product_price_visibility":"visible","cart_price_visibility":"visible","order_price_visibility":"visible","stock_status":"in_stock"},{"bundled_item_id":225,"product_id":58089,"menu_order":1,"quantity_min":1,"quantity_max":1,"quantity_default":1,"priced_individually":false,"shipped_individually":false,"override_title":false,"title":"Performance Shinguards 2.0","override_description":false,"description":"Performance Shinguards 2.0","optional":false,"hide_thumbnail":false,"discount":"","override_variations":false,"allowed_variations":[""],"override_default_variation_attributes":false,"default_variation_attributes":[],"single_product_visibility":"visible","cart_visibility":"visible","order_visibility":"visible","single_product_price_visibility":"visible","cart_price_visibility":"visible","order_price_visibility":"visible","stock_status":"in_stock"},{"bundled_item_id":226,"product_id":75126,"menu_order":2,"quantity_min":1,"quantity_max":1,"quantity_default":1,"priced_individually":false,"shipped_individually":false,"override_title":false,"title":"Tubes","override_description":false,"description":"Tubes","optional":false,"hide_thumbnail":false,"discount":"","override_variations":false,"allowed_variations":[75152,75153],"override_default_variation_attributes":false,"default_variation_attributes":[],"single_product_visibility":"visible","cart_visibility":"visible","order_visibility":"visible","single_product_price_visibility":"visible","cart_price_visibility":"visible","order_price_visibility":"visible","stock_status":"in_stock"}],"bundle_sell_ids":[],"exclude_global_add_ons":[],"addons":[],"acf":[],"yoast_head":"<title>Deal 6: Superlight + Shinguards 2.0 + Tubes - TAPEDESIGN<\/title>\n<meta name=\"robots\" content=\"index, follow, max-snippet:-1, max-image-preview:large, max-video-preview:-1\" \/>\n<link rel=\"canonical\" href=\"https:\/\/www.tape-design.com\/fr\/produit\/deal-6-superlight-shinguards-2-0-tubes\/\" \/>\n<meta property=\"og:locale\" content=\"fr_FR\" \/>\n<meta property=\"og:type\" content=\"article\" \/>\n<meta property=\"og:title\" content=\"Deal 6: Superlight + Shinguards 2.0 + Tubes - TAPEDESIGN\" \/>\n<meta property=\"og:description\" content=\"Ultra l\u00e9ger et prot\u00e9g\u00e9 de la t\u00eate aux pieds :SUPERLIGHT Socks avec SHINGUARDS 2.0 et TUBES \u2013 la combinaison parfaite pour les sportifs de haut niveau.\" \/>\n<meta property=\"og:url\" content=\"https:\/\/www.tape-design.com\/fr\/produit\/deal-6-superlight-shinguards-2-0-tubes\/\" \/>\n<meta property=\"og:site_name\" content=\"TAPEDESIGN\" \/>\n<meta property=\"article:publisher\" content=\"https:\/\/www.facebook.com\/tapedesigncom\/\" \/>\n<meta property=\"article:modified_time\" content=\"2026-01-16T11:53:45+00:00\" \/>\n<meta property=\"og:image\" content=\"https:\/\/www.tape-design.com\/app\/uploads\/2025\/03\/EASTER-SALE_MAIN_TUBES-SUPERLIGHT-SHINGUARDS-scaled.jpg\" \/>\n\t<meta property=\"og:image:width\" content=\"2560\" \/>\n\t<meta property=\"og:image:height\" content=\"2560\" \/>\n\t<meta property=\"og:image:type\" content=\"image\/jpeg\" \/>\n<meta name=\"twitter:card\" content=\"summary_large_image\" \/>\n<meta name=\"twitter:label1\" content=\"Dur\u00e9e de lecture estim\u00e9e\" \/>\n\t<meta name=\"twitter:data1\" content=\"2 minutes\" \/>\n<script type=\"application\/ld+json\" class=\"yoast-schema-graph\">{\"@context\":\"https:\/\/schema.org\",\"@graph\":[{\"@type\":\"WebPage\",\"@id\":\"https:\/\/www.tape-design.com\/fr\/produit\/deal-6-superlight-shinguards-2-0-tubes\/\",\"url\":\"https:\/\/www.tape-design.com\/fr\/produit\/deal-6-superlight-shinguards-2-0-tubes\/\",\"name\":\"Deal 6: Superlight + Shinguards 2.0 + Tubes - TAPEDESIGN\",\"isPartOf\":{\"@id\":\"https:\/\/www.tape-design.com\/#website\"},\"primaryImageOfPage\":{\"@id\":\"https:\/\/www.tape-design.com\/fr\/produit\/deal-6-superlight-shinguards-2-0-tubes\/#primaryimage\"},\"image\":{\"@id\":\"https:\/\/www.tape-design.com\/fr\/produit\/deal-6-superlight-shinguards-2-0-tubes\/#primaryimage\"},\"thumbnailUrl\":\"https:\/\/www.tape-design.com\/app\/uploads\/2025\/03\/EASTER-SALE_MAIN_TUBES-SUPERLIGHT-SHINGUARDS-scaled.jpg\",\"datePublished\":\"2025-03-27T19:25:03+00:00\",\"dateModified\":\"2026-01-16T11:53:45+00:00\",\"breadcrumb\":{\"@id\":\"https:\/\/www.tape-design.com\/fr\/produit\/deal-6-superlight-shinguards-2-0-tubes\/#breadcrumb\"},\"inLanguage\":\"fr-FR\",\"potentialAction\":[{\"@type\":\"ReadAction\",\"target\":[\"https:\/\/www.tape-design.com\/fr\/produit\/deal-6-superlight-shinguards-2-0-tubes\/\"]}]},{\"@type\":\"ImageObject\",\"inLanguage\":\"fr-FR\",\"@id\":\"https:\/\/www.tape-design.com\/fr\/produit\/deal-6-superlight-shinguards-2-0-tubes\/#primaryimage\",\"url\":\"https:\/\/www.tape-design.com\/app\/uploads\/2025\/03\/EASTER-SALE_MAIN_TUBES-SUPERLIGHT-SHINGUARDS-scaled.jpg\",\"contentUrl\":\"https:\/\/www.tape-design.com\/app\/uploads\/2025\/03\/EASTER-SALE_MAIN_TUBES-SUPERLIGHT-SHINGUARDS-scaled.jpg\",\"width\":2560,\"height\":2560},{\"@type\":\"BreadcrumbList\",\"@id\":\"https:\/\/www.tape-design.com\/fr\/produit\/deal-6-superlight-shinguards-2-0-tubes\/#breadcrumb\",\"itemListElement\":[{\"@type\":\"ListItem\",\"position\":1,\"name\":\"Home\",\"item\":\"https:\/\/www.tape-design.com\/fr\/\"},{\"@type\":\"ListItem\",\"position\":2,\"name\":\"Shop\",\"item\":\"https:\/\/www.tape-design.com\/fr\/shop\/\"},{\"@type\":\"ListItem\",\"position\":3,\"name\":\"Deal 6: Superlight + Shinguards 2.0 + Tubes\"}]},{\"@type\":\"WebSite\",\"@id\":\"https:\/\/www.tape-design.com\/#website\",\"url\":\"https:\/\/www.tape-design.com\/\",\"name\":\"TAPEDESIGN\",\"description\":\"Always a step ahead\",\"publisher\":{\"@id\":\"https:\/\/www.tape-design.com\/#organization\"},\"potentialAction\":[{\"@type\":\"SearchAction\",\"target\":{\"@type\":\"EntryPoint\",\"urlTemplate\":\"https:\/\/www.tape-design.com\/?s={search_term_string}\"},\"query-input\":{\"@type\":\"PropertyValueSpecification\",\"valueRequired\":true,\"valueName\":\"search_term_string\"}}],\"inLanguage\":\"fr-FR\"},{\"@type\":\"Organization\",\"@id\":\"https:\/\/www.tape-design.com\/#organization\",\"name\":\"TAPEDESIGN\",\"url\":\"https:\/\/www.tape-design.com\/\",\"logo\":{\"@type\":\"ImageObject\",\"inLanguage\":\"fr-FR\",\"@id\":\"https:\/\/www.tape-design.com\/#\/schema\/logo\/image\/\",\"url\":\"https:\/\/www.tape-design.com\/app\/uploads\/2020\/11\/Logosmall.png\",\"contentUrl\":\"https:\/\/www.tape-design.com\/app\/uploads\/2020\/11\/Logosmall.png\",\"width\":340,\"height\":156,\"caption\":\"TAPEDESIGN\"},\"image\":{\"@id\":\"https:\/\/www.tape-design.com\/#\/schema\/logo\/image\/\"},\"sameAs\":[\"https:\/\/www.facebook.com\/tapedesigncom\/\",\"https:\/\/www.instagram.com\/tapedesign_socks\/?hl=de\"]}]}<\/script>","yoast_head_json":{"title":"Deal 6: Superlight + Shinguards 2.0 + Tubes - TAPEDESIGN","robots":{"index":"index","follow":"follow","max-snippet":"max-snippet:-1","max-image-preview":"max-image-preview:large","max-video-preview":"max-video-preview:-1"},"canonical":"https:\/\/www.tape-design.com\/fr\/produit\/deal-6-superlight-shinguards-2-0-tubes\/","og_locale":"fr_FR","og_type":"article","og_title":"Deal 6: Superlight + Shinguards 2.0 + Tubes - TAPEDESIGN","og_description":"Ultra l\u00e9ger et prot\u00e9g\u00e9 de la t\u00eate aux pieds :SUPERLIGHT Socks avec SHINGUARDS 2.0 et TUBES \u2013 la combinaison parfaite pour les sportifs de haut niveau.","og_url":"https:\/\/www.tape-design.com\/fr\/produit\/deal-6-superlight-shinguards-2-0-tubes\/","og_site_name":"TAPEDESIGN","article_publisher":"https:\/\/www.facebook.com\/tapedesigncom\/","article_modified_time":"2026-01-16T11:53:45+00:00","og_image":[{"width":2560,"height":2560,"url":"https:\/\/www.tape-design.com\/app\/uploads\/2025\/03\/EASTER-SALE_MAIN_TUBES-SUPERLIGHT-SHINGUARDS-scaled.jpg","type":"image\/jpeg"}],"twitter_card":"summary_large_image","twitter_misc":{"Dur\u00e9e de lecture estim\u00e9e":"2 minutes"},"schema":{"@context":"https:\/\/schema.org","@graph":[{"@type":"WebPage","@id":"https:\/\/www.tape-design.com\/fr\/produit\/deal-6-superlight-shinguards-2-0-tubes\/","url":"https:\/\/www.tape-design.com\/fr\/produit\/deal-6-superlight-shinguards-2-0-tubes\/","name":"Deal 6: Superlight + Shinguards 2.0 + Tubes - TAPEDESIGN","isPartOf":{"@id":"https:\/\/www.tape-design.com\/#website"},"primaryImageOfPage":{"@id":"https:\/\/www.tape-design.com\/fr\/produit\/deal-6-superlight-shinguards-2-0-tubes\/#primaryimage"},"image":{"@id":"https:\/\/www.tape-design.com\/fr\/produit\/deal-6-superlight-shinguards-2-0-tubes\/#primaryimage"},"thumbnailUrl":"https:\/\/www.tape-design.com\/app\/uploads\/2025\/03\/EASTER-SALE_MAIN_TUBES-SUPERLIGHT-SHINGUARDS-scaled.jpg","datePublished":"2025-03-27T19:25:03+00:00","dateModified":"2026-01-16T11:53:45+00:00","breadcrumb":{"@id":"https:\/\/www.tape-design.com\/fr\/produit\/deal-6-superlight-shinguards-2-0-tubes\/#breadcrumb"},"inLanguage":"fr-FR","potentialAction":[{"@type":"ReadAction","target":["https:\/\/www.tape-design.com\/fr\/produit\/deal-6-superlight-shinguards-2-0-tubes\/"]}]},{"@type":"ImageObject","inLanguage":"fr-FR","@id":"https:\/\/www.tape-design.com\/fr\/produit\/deal-6-superlight-shinguards-2-0-tubes\/#primaryimage","url":"https:\/\/www.tape-design.com\/app\/uploads\/2025\/03\/EASTER-SALE_MAIN_TUBES-SUPERLIGHT-SHINGUARDS-scaled.jpg","contentUrl":"https:\/\/www.tape-design.com\/app\/uploads\/2025\/03\/EASTER-SALE_MAIN_TUBES-SUPERLIGHT-SHINGUARDS-scaled.jpg","width":2560,"height":2560},{"@type":"BreadcrumbList","@id":"https:\/\/www.tape-design.com\/fr\/produit\/deal-6-superlight-shinguards-2-0-tubes\/#breadcrumb","itemListElement":[{"@type":"ListItem","position":1,"name":"Home","item":"https:\/\/www.tape-design.com\/fr\/"},{"@type":"ListItem","position":2,"name":"Shop","item":"https:\/\/www.tape-design.com\/fr\/shop\/"},{"@type":"ListItem","position":3,"name":"Deal 6: Superlight + Shinguards 2.0 + Tubes"}]},{"@type":"WebSite","@id":"https:\/\/www.tape-design.com\/#website","url":"https:\/\/www.tape-design.com\/","name":"TAPEDESIGN","description":"Always a step ahead","publisher":{"@id":"https:\/\/www.tape-design.com\/#organization"},"potentialAction":[{"@type":"SearchAction","target":{"@type":"EntryPoint","urlTemplate":"https:\/\/www.tape-design.com\/?s={search_term_string}"},"query-input":{"@type":"PropertyValueSpecification","valueRequired":true,"valueName":"search_term_string"}}],"inLanguage":"fr-FR"},{"@type":"Organization","@id":"https:\/\/www.tape-design.com\/#organization","name":"TAPEDESIGN","url":"https:\/\/www.tape-design.com\/","logo":{"@type":"ImageObject","inLanguage":"fr-FR","@id":"https:\/\/www.tape-design.com\/#\/schema\/logo\/image\/","url":"https:\/\/www.tape-design.com\/app\/uploads\/2020\/11\/Logosmall.png","contentUrl":"https:\/\/www.tape-design.com\/app\/uploads\/2020\/11\/Logosmall.png","width":340,"height":156,"caption":"TAPEDESIGN"},"image":{"@id":"https:\/\/www.tape-design.com\/#\/schema\/logo\/image\/"},"sameAs":["https:\/\/www.facebook.com\/tapedesigncom\/","https:\/\/www.instagram.com\/tapedesign_socks\/?hl=de"]}]}},"_links":{"self":[{"href":"https:\/\/www.tape-design.com\/fr\/wp-json\/wp\/v2\/product\/126632","targetHints":{"allow":["GET"]}}],"collection":[{"href":"https:\/\/www.tape-design.com\/fr\/wp-json\/wp\/v2\/product"}],"about":[{"href":"https:\/\/www.tape-design.com\/fr\/wp-json\/wp\/v2\/types\/product"}],"wp:featuredmedia":[{"embeddable":true,"href":"https:\/\/www.tape-design.com\/fr\/wp-json\/wp\/v2\/media\/126519"}],"wp:attachment":[{"href":"https:\/\/www.tape-design.com\/fr\/wp-json\/wp\/v2\/media?parent=126632"}],"wp:term":[{"taxonomy":"product_cat","embeddable":true,"href":"https:\/\/www.tape-design.com\/fr\/wp-json\/wp\/v2\/product_cat?post=126632"},{"taxonomy":"product_tag","embeddable":true,"href":"https:\/\/www.tape-design.com\/fr\/wp-json\/wp\/v2\/product_tag?post=126632"},{"taxonomy":"giftcard-category","embeddable":true,"href":"https:\/\/www.tape-design.com\/fr\/wp-json\/wp\/v2\/giftcard-category?post=126632"}],"curies":[{"name":"wp","href":"https:\/\/api.w.org\/{rel}","templated":true}]}}