{"id":128816,"date":"2025-05-12T19:56:55","date_gmt":"2025-05-12T17:56:58","guid":{"rendered":"https:\/\/www.tape-design.com\/?post_type=product&#038;p=128816"},"modified":"2025-11-30T10:27:14","modified_gmt":"2025-11-30T09:27:14","slug":"boxer-shorts-3er-pack","status":"publish","type":"product","link":"https:\/\/www.tape-design.com\/fr\/produit\/boxer-shorts-3er-pack\/","title":{"rendered":"Boxer Shorts (3er Pack)"},"content":{"rendered":"<p data-start=\"64\" data-end=\"368\"><span class=\"_fadeIn_m1hgl_8\">Les <\/span><strong data-start=\"68\" data-end=\"99\"><span class=\"_fadeIn_m1hgl_8\">Boxers <\/span><span class=\"_fadeIn_m1hgl_8\">TAPEDESIGN\u00ae <\/span><span class=\"_fadeIn_m1hgl_8\">sp\u00e9ciaux<\/span><\/strong> <span class=\"_fadeIn_m1hgl_8\">sont <\/span><span class=\"_fadeIn_m1hgl_8\">ultra <\/span><span class=\"_fadeIn_m1hgl_8\">confortables, <\/span><span class=\"_fadeIn_m1hgl_8\">\u00e9lastiques <\/span><span class=\"_fadeIn_m1hgl_8\">et <\/span><span class=\"_fadeIn_m1hgl_8\">respirants. <\/span><span class=\"_fadeIn_m1hgl_8\">Ils <\/span><span class=\"_fadeIn_m1hgl_8\">offrent <\/span><span class=\"_fadeIn_m1hgl_8\">\u00e9galement <\/span><span class=\"_fadeIn_m1hgl_8\">une <\/span><span class=\"_fadeIn_m1hgl_8\">excellente <\/span><span class=\"_fadeIn_m1hgl_8\">durabilit\u00e9. <\/span><span class=\"_fadeIn_m1hgl_8\">Con\u00e7us <\/span><span class=\"_fadeIn_m1hgl_8\">avec <\/span><span class=\"_fadeIn_m1hgl_8\">une <\/span><span class=\"_fadeIn_m1hgl_8\">coupe <\/span><span class=\"_fadeIn_m1hgl_8\">flexible <\/span><span class=\"_fadeIn_m1hgl_8\">et <\/span><span class=\"_fadeIn_m1hgl_8\">une <\/span><span class=\"_fadeIn_m1hgl_8\">ceinture <\/span><span class=\"_fadeIn_m1hgl_8\">\u00e9lastique <\/span><span class=\"_fadeIn_m1hgl_8\">pour <\/span><span class=\"_fadeIn_m1hgl_8\">un <\/span><span class=\"_fadeIn_m1hgl_8\">confort <\/span><span class=\"_fadeIn_m1hgl_8\">optimal <\/span><span class=\"_fadeIn_m1hgl_8\">toute <\/span><span class=\"_fadeIn_m1hgl_8\">la <\/span><span class=\"_fadeIn_m1hgl_8\">journ\u00e9e.<\/span><br data-start=\"298\" data-end=\"301\" \/><span class=\"_fadeIn_m1hgl_8\">Disponibles <\/span><span class=\"_fadeIn_m1hgl_8\">dans <\/span><span class=\"_fadeIn_m1hgl_8\">des <\/span><span class=\"_fadeIn_m1hgl_8\">couleurs <\/span><span class=\"_fadeIn_m1hgl_8\">classiques : <\/span><strong data-start=\"344\" data-end=\"367\"><span class=\"_fadeIn_m1hgl_8\">gris, <\/span><span class=\"_fadeIn_m1hgl_8\">blanc <\/span><span class=\"_fadeIn_m1hgl_8\">et <\/span><span class=\"_fadeIn_m1hgl_8\">noir<\/span><\/strong><span class=\"_fadeIn_m1hgl_8\">.<\/span><\/p>\n<p data-start=\"370\" data-end=\"427\"><strong data-start=\"370\" data-end=\"397\"><span class=\"_fadeIn_m1hgl_8\">Composition <\/span><span class=\"_fadeIn_m1hgl_8\">du <\/span><span class=\"_fadeIn_m1hgl_8\">mat\u00e9riau<\/span><\/strong><span class=\"_fadeIn_m1hgl_8\"> : <\/span><span class=\"_fadeIn_m1hgl_8\">92 % <\/span><span class=\"_fadeIn_m1hgl_8\">coton, <\/span><span class=\"_fadeIn_m1hgl_8\">8 % <\/span><span class=\"_fadeIn_m1hgl_8\">\u00e9lasthanne.<\/span><\/p>\n","protected":false},"excerpt":{"rendered":"<p>Les Boxers TAPEDESIGN\u00ae sp\u00e9ciaux sont ultra confortables, \u00e9lastiques et respirants. Ils offrent \u00e9galement une excellente durabilit\u00e9. Con\u00e7us avec une coupe flexible et une ceinture \u00e9lastique pour un confort optimal toute&hellip;<\/p>\n","protected":false},"featured_media":127399,"template":"","meta":{"_acf_changed":false},"product_cat":[1322,1306,1302],"product_tag":[],"giftcard-category":[],"class_list":{"0":"post-128816","1":"product","2":"type-product","3":"status-publish","4":"has-post-thumbnail","6":"product_cat-mode-fr","7":"product_cat-accessories-fr","8":"product_cat-all-fr","10":"first","11":"instock","12":"taxable","13":"shipping-taxable","14":"purchasable","15":"product-type-variable","16":"has-default-attributes"},"bundled_by":[],"bundle_stock_status":"instock","bundle_stock_quantity":null,"bundle_virtual":false,"bundle_layout":"","bundle_add_to_cart_form_location":"","bundle_editable_in_cart":false,"bundle_sold_individually_context":"","bundle_item_grouping":"","bundle_min_size":"","bundle_max_size":"","bundle_price":[],"bundled_items":[],"bundle_sell_ids":[],"exclude_global_add_ons":[],"addons":[],"acf":[],"yoast_head":"<title>Boxer Shorts (3er Pack) - TAPEDESIGN<\/title>\n<meta name=\"robots\" content=\"index, follow, max-snippet:-1, max-image-preview:large, max-video-preview:-1\" \/>\n<link rel=\"canonical\" href=\"https:\/\/www.tape-design.com\/fr\/produit\/boxer-shorts-3er-pack\/\" \/>\n<meta property=\"og:locale\" content=\"fr_FR\" \/>\n<meta property=\"og:type\" content=\"article\" \/>\n<meta property=\"og:title\" content=\"Boxer Shorts (3er Pack) - TAPEDESIGN\" \/>\n<meta property=\"og:description\" content=\"Les Boxers TAPEDESIGN\u00ae sp\u00e9ciaux sont ultra confortables, \u00e9lastiques et respirants. Ils offrent \u00e9galement une excellente durabilit\u00e9. Con\u00e7us avec une coupe flexible et une ceinture \u00e9lastique pour un confort optimal toute&hellip;\" \/>\n<meta property=\"og:url\" content=\"https:\/\/www.tape-design.com\/fr\/produit\/boxer-shorts-3er-pack\/\" \/>\n<meta property=\"og:site_name\" content=\"TAPEDESIGN\" \/>\n<meta property=\"article:publisher\" content=\"https:\/\/www.facebook.com\/tapedesigncom\/\" \/>\n<meta property=\"article:modified_time\" content=\"2025-11-30T09:27:14+00:00\" \/>\n<meta property=\"og:image\" content=\"https:\/\/www.tape-design.com\/app\/uploads\/2023\/03\/TD_BOXER_SHORTS_3ER_BUNDLE_2025.jpg\" \/>\n\t<meta property=\"og:image:width\" content=\"1080\" \/>\n\t<meta property=\"og:image:height\" content=\"1080\" \/>\n\t<meta property=\"og:image:type\" content=\"image\/jpeg\" \/>\n<meta name=\"twitter:card\" content=\"summary_large_image\" \/>\n<script type=\"application\/ld+json\" class=\"yoast-schema-graph\">{\"@context\":\"https:\/\/schema.org\",\"@graph\":[{\"@type\":\"WebPage\",\"@id\":\"https:\/\/www.tape-design.com\/fr\/produit\/boxer-shorts-3er-pack\/\",\"url\":\"https:\/\/www.tape-design.com\/fr\/produit\/boxer-shorts-3er-pack\/\",\"name\":\"Boxer Shorts (3er Pack) - TAPEDESIGN\",\"isPartOf\":{\"@id\":\"https:\/\/www.tape-design.com\/#website\"},\"primaryImageOfPage\":{\"@id\":\"https:\/\/www.tape-design.com\/fr\/produit\/boxer-shorts-3er-pack\/#primaryimage\"},\"image\":{\"@id\":\"https:\/\/www.tape-design.com\/fr\/produit\/boxer-shorts-3er-pack\/#primaryimage\"},\"thumbnailUrl\":\"https:\/\/www.tape-design.com\/app\/uploads\/2023\/03\/TD_BOXER_SHORTS_3ER_BUNDLE_2025.jpg\",\"datePublished\":\"2025-05-12T17:56:58+00:00\",\"dateModified\":\"2025-11-30T09:27:14+00:00\",\"breadcrumb\":{\"@id\":\"https:\/\/www.tape-design.com\/fr\/produit\/boxer-shorts-3er-pack\/#breadcrumb\"},\"inLanguage\":\"fr-FR\",\"potentialAction\":[{\"@type\":\"ReadAction\",\"target\":[\"https:\/\/www.tape-design.com\/fr\/produit\/boxer-shorts-3er-pack\/\"]}]},{\"@type\":\"ImageObject\",\"inLanguage\":\"fr-FR\",\"@id\":\"https:\/\/www.tape-design.com\/fr\/produit\/boxer-shorts-3er-pack\/#primaryimage\",\"url\":\"https:\/\/www.tape-design.com\/app\/uploads\/2023\/03\/TD_BOXER_SHORTS_3ER_BUNDLE_2025.jpg\",\"contentUrl\":\"https:\/\/www.tape-design.com\/app\/uploads\/2023\/03\/TD_BOXER_SHORTS_3ER_BUNDLE_2025.jpg\",\"width\":1080,\"height\":1080},{\"@type\":\"BreadcrumbList\",\"@id\":\"https:\/\/www.tape-design.com\/fr\/produit\/boxer-shorts-3er-pack\/#breadcrumb\",\"itemListElement\":[{\"@type\":\"ListItem\",\"position\":1,\"name\":\"Home\",\"item\":\"https:\/\/www.tape-design.com\/fr\/\"},{\"@type\":\"ListItem\",\"position\":2,\"name\":\"Shop\",\"item\":\"https:\/\/www.tape-design.com\/fr\/shop\/\"},{\"@type\":\"ListItem\",\"position\":3,\"name\":\"Boxer Shorts (3er Pack)\"}]},{\"@type\":\"WebSite\",\"@id\":\"https:\/\/www.tape-design.com\/#website\",\"url\":\"https:\/\/www.tape-design.com\/\",\"name\":\"TAPEDESIGN\",\"description\":\"Always a step ahead\",\"publisher\":{\"@id\":\"https:\/\/www.tape-design.com\/#organization\"},\"potentialAction\":[{\"@type\":\"SearchAction\",\"target\":{\"@type\":\"EntryPoint\",\"urlTemplate\":\"https:\/\/www.tape-design.com\/?s={search_term_string}\"},\"query-input\":{\"@type\":\"PropertyValueSpecification\",\"valueRequired\":true,\"valueName\":\"search_term_string\"}}],\"inLanguage\":\"fr-FR\"},{\"@type\":\"Organization\",\"@id\":\"https:\/\/www.tape-design.com\/#organization\",\"name\":\"TAPEDESIGN\",\"url\":\"https:\/\/www.tape-design.com\/\",\"logo\":{\"@type\":\"ImageObject\",\"inLanguage\":\"fr-FR\",\"@id\":\"https:\/\/www.tape-design.com\/#\/schema\/logo\/image\/\",\"url\":\"https:\/\/www.tape-design.com\/app\/uploads\/2020\/11\/Logosmall.png\",\"contentUrl\":\"https:\/\/www.tape-design.com\/app\/uploads\/2020\/11\/Logosmall.png\",\"width\":340,\"height\":156,\"caption\":\"TAPEDESIGN\"},\"image\":{\"@id\":\"https:\/\/www.tape-design.com\/#\/schema\/logo\/image\/\"},\"sameAs\":[\"https:\/\/www.facebook.com\/tapedesigncom\/\",\"https:\/\/www.instagram.com\/tapedesign_socks\/?hl=de\"]}]}<\/script>","yoast_head_json":{"title":"Boxer Shorts (3er Pack) - TAPEDESIGN","robots":{"index":"index","follow":"follow","max-snippet":"max-snippet:-1","max-image-preview":"max-image-preview:large","max-video-preview":"max-video-preview:-1"},"canonical":"https:\/\/www.tape-design.com\/fr\/produit\/boxer-shorts-3er-pack\/","og_locale":"fr_FR","og_type":"article","og_title":"Boxer Shorts (3er Pack) - TAPEDESIGN","og_description":"Les Boxers TAPEDESIGN\u00ae sp\u00e9ciaux sont ultra confortables, \u00e9lastiques et respirants. Ils offrent \u00e9galement une excellente durabilit\u00e9. Con\u00e7us avec une coupe flexible et une ceinture \u00e9lastique pour un confort optimal toute&hellip;","og_url":"https:\/\/www.tape-design.com\/fr\/produit\/boxer-shorts-3er-pack\/","og_site_name":"TAPEDESIGN","article_publisher":"https:\/\/www.facebook.com\/tapedesigncom\/","article_modified_time":"2025-11-30T09:27:14+00:00","og_image":[{"width":1080,"height":1080,"url":"https:\/\/www.tape-design.com\/app\/uploads\/2023\/03\/TD_BOXER_SHORTS_3ER_BUNDLE_2025.jpg","type":"image\/jpeg"}],"twitter_card":"summary_large_image","schema":{"@context":"https:\/\/schema.org","@graph":[{"@type":"WebPage","@id":"https:\/\/www.tape-design.com\/fr\/produit\/boxer-shorts-3er-pack\/","url":"https:\/\/www.tape-design.com\/fr\/produit\/boxer-shorts-3er-pack\/","name":"Boxer Shorts (3er Pack) - TAPEDESIGN","isPartOf":{"@id":"https:\/\/www.tape-design.com\/#website"},"primaryImageOfPage":{"@id":"https:\/\/www.tape-design.com\/fr\/produit\/boxer-shorts-3er-pack\/#primaryimage"},"image":{"@id":"https:\/\/www.tape-design.com\/fr\/produit\/boxer-shorts-3er-pack\/#primaryimage"},"thumbnailUrl":"https:\/\/www.tape-design.com\/app\/uploads\/2023\/03\/TD_BOXER_SHORTS_3ER_BUNDLE_2025.jpg","datePublished":"2025-05-12T17:56:58+00:00","dateModified":"2025-11-30T09:27:14+00:00","breadcrumb":{"@id":"https:\/\/www.tape-design.com\/fr\/produit\/boxer-shorts-3er-pack\/#breadcrumb"},"inLanguage":"fr-FR","potentialAction":[{"@type":"ReadAction","target":["https:\/\/www.tape-design.com\/fr\/produit\/boxer-shorts-3er-pack\/"]}]},{"@type":"ImageObject","inLanguage":"fr-FR","@id":"https:\/\/www.tape-design.com\/fr\/produit\/boxer-shorts-3er-pack\/#primaryimage","url":"https:\/\/www.tape-design.com\/app\/uploads\/2023\/03\/TD_BOXER_SHORTS_3ER_BUNDLE_2025.jpg","contentUrl":"https:\/\/www.tape-design.com\/app\/uploads\/2023\/03\/TD_BOXER_SHORTS_3ER_BUNDLE_2025.jpg","width":1080,"height":1080},{"@type":"BreadcrumbList","@id":"https:\/\/www.tape-design.com\/fr\/produit\/boxer-shorts-3er-pack\/#breadcrumb","itemListElement":[{"@type":"ListItem","position":1,"name":"Home","item":"https:\/\/www.tape-design.com\/fr\/"},{"@type":"ListItem","position":2,"name":"Shop","item":"https:\/\/www.tape-design.com\/fr\/shop\/"},{"@type":"ListItem","position":3,"name":"Boxer Shorts (3er Pack)"}]},{"@type":"WebSite","@id":"https:\/\/www.tape-design.com\/#website","url":"https:\/\/www.tape-design.com\/","name":"TAPEDESIGN","description":"Always a step ahead","publisher":{"@id":"https:\/\/www.tape-design.com\/#organization"},"potentialAction":[{"@type":"SearchAction","target":{"@type":"EntryPoint","urlTemplate":"https:\/\/www.tape-design.com\/?s={search_term_string}"},"query-input":{"@type":"PropertyValueSpecification","valueRequired":true,"valueName":"search_term_string"}}],"inLanguage":"fr-FR"},{"@type":"Organization","@id":"https:\/\/www.tape-design.com\/#organization","name":"TAPEDESIGN","url":"https:\/\/www.tape-design.com\/","logo":{"@type":"ImageObject","inLanguage":"fr-FR","@id":"https:\/\/www.tape-design.com\/#\/schema\/logo\/image\/","url":"https:\/\/www.tape-design.com\/app\/uploads\/2020\/11\/Logosmall.png","contentUrl":"https:\/\/www.tape-design.com\/app\/uploads\/2020\/11\/Logosmall.png","width":340,"height":156,"caption":"TAPEDESIGN"},"image":{"@id":"https:\/\/www.tape-design.com\/#\/schema\/logo\/image\/"},"sameAs":["https:\/\/www.facebook.com\/tapedesigncom\/","https:\/\/www.instagram.com\/tapedesign_socks\/?hl=de"]}]}},"_links":{"self":[{"href":"https:\/\/www.tape-design.com\/fr\/wp-json\/wp\/v2\/product\/128816","targetHints":{"allow":["GET"]}}],"collection":[{"href":"https:\/\/www.tape-design.com\/fr\/wp-json\/wp\/v2\/product"}],"about":[{"href":"https:\/\/www.tape-design.com\/fr\/wp-json\/wp\/v2\/types\/product"}],"wp:featuredmedia":[{"embeddable":true,"href":"https:\/\/www.tape-design.com\/fr\/wp-json\/wp\/v2\/media\/127399"}],"wp:attachment":[{"href":"https:\/\/www.tape-design.com\/fr\/wp-json\/wp\/v2\/media?parent=128816"}],"wp:term":[{"taxonomy":"product_cat","embeddable":true,"href":"https:\/\/www.tape-design.com\/fr\/wp-json\/wp\/v2\/product_cat?post=128816"},{"taxonomy":"product_tag","embeddable":true,"href":"https:\/\/www.tape-design.com\/fr\/wp-json\/wp\/v2\/product_tag?post=128816"},{"taxonomy":"giftcard-category","embeddable":true,"href":"https:\/\/www.tape-design.com\/fr\/wp-json\/wp\/v2\/giftcard-category?post=128816"}],"curies":[{"name":"wp","href":"https:\/\/api.w.org\/{rel}","templated":true}]}}