{"id":128989,"date":"2025-05-14T11:13:12","date_gmt":"2025-05-14T09:13:12","guid":{"rendered":"https:\/\/www.tape-design.com\/product\/tapedesign-sleeve\/"},"modified":"2025-07-09T13:23:31","modified_gmt":"2025-07-09T11:23:31","slug":"tapedesign-sleeve","status":"publish","type":"product","link":"https:\/\/www.tape-design.com\/fr\/produit\/tapedesign-sleeve\/","title":{"rendered":"TAPEDESIGN\u00ae Sleeve"},"content":{"rendered":"<p data-start=\"1630\" data-end=\"1883\"><span class=\"_fadeIn_m1hgl_8\">La <\/span><strong data-start=\"1633\" data-end=\"1666\"><span class=\"_fadeIn_m1hgl_8\">manchon <\/span><span class=\"_fadeIn_m1hgl_8\">thermique <\/span><span class=\"_fadeIn_m1hgl_8\">TAPEDESIGN\u00ae<\/span><\/strong> <span class=\"_fadeIn_m1hgl_8\">est <\/span><span class=\"_fadeIn_m1hgl_8\">livr\u00e9e <\/span><strong data-start=\"1678\" data-end=\"1691\"><span class=\"_fadeIn_m1hgl_8\">\u00e0 <\/span><span class=\"_fadeIn_m1hgl_8\">l\u2019unit\u00e9<\/span><\/strong> <span class=\"_fadeIn_m1hgl_8\">et <\/span><span class=\"_fadeIn_m1hgl_8\">offre <\/span><span class=\"_fadeIn_m1hgl_8\">une <\/span><span class=\"_fadeIn_m1hgl_8\">solution <\/span><span class=\"_fadeIn_m1hgl_8\">polyvalente <\/span><span class=\"_fadeIn_m1hgl_8\">pour <\/span><span class=\"_fadeIn_m1hgl_8\">les <\/span><strong data-start=\"1735\" data-end=\"1770\"><span class=\"_fadeIn_m1hgl_8\">applications <\/span><span class=\"_fadeIn_m1hgl_8\">\u00e0 <\/span><span class=\"_fadeIn_m1hgl_8\">chaud <\/span><span class=\"_fadeIn_m1hgl_8\">ou <\/span><span class=\"_fadeIn_m1hgl_8\">\u00e0 <\/span><span class=\"_fadeIn_m1hgl_8\">froid<\/span><\/strong><span class=\"_fadeIn_m1hgl_8\">. <\/span><span class=\"_fadeIn_m1hgl_8\">Le <\/span><span class=\"_fadeIn_m1hgl_8\">gel <\/span><span class=\"_fadeIn_m1hgl_8\">thermique <\/span><span class=\"_fadeIn_m1hgl_8\">int\u00e9gr\u00e9 <\/span><span class=\"_fadeIn_m1hgl_8\">conserve <\/span><span class=\"_fadeIn_m1hgl_8\">efficacement <\/span><span class=\"_fadeIn_m1hgl_8\">la <\/span><span class=\"_fadeIn_m1hgl_8\">temp\u00e9rature <\/span><span class=\"_fadeIn_m1hgl_8\">souhait\u00e9e <\/span><span class=\"_fadeIn_m1hgl_8\">pour <\/span><span class=\"_fadeIn_m1hgl_8\">favoriser <\/span><span class=\"_fadeIn_m1hgl_8\">une <\/span><span class=\"_fadeIn_m1hgl_8\">r\u00e9cup\u00e9ration <\/span><span class=\"_fadeIn_m1hgl_8\">cibl\u00e9e.<\/span><\/p>\n<p data-start=\"1885\" data-end=\"2182\"><span class=\"_fadeIn_m1hgl_8\">Id\u00e9ale <\/span><span class=\"_fadeIn_m1hgl_8\">pour <\/span><strong data-start=\"1897\" data-end=\"1925\"><span class=\"_fadeIn_m1hgl_8\">soulager <\/span><span class=\"_fadeIn_m1hgl_8\">les <\/span><span class=\"_fadeIn_m1hgl_8\">courbatures<\/span><\/strong><span class=\"_fadeIn_m1hgl_8\">, <\/span><span class=\"_fadeIn_m1hgl_8\">les <\/span><strong data-start=\"1931\" data-end=\"1962\"><span class=\"_fadeIn_m1hgl_8\">petites <\/span><span class=\"_fadeIn_m1hgl_8\">blessures <\/span><span class=\"_fadeIn_m1hgl_8\">sportives<\/span><\/strong> <span class=\"_fadeIn_m1hgl_8\">ou <\/span><span class=\"_fadeIn_m1hgl_8\">dans <\/span><span class=\"_fadeIn_m1hgl_8\">le <\/span><span class=\"_fadeIn_m1hgl_8\">cadre <\/span><span class=\"_fadeIn_m1hgl_8\">de <\/span><span class=\"_fadeIn_m1hgl_8\">votre <\/span><strong data-start=\"1989\" data-end=\"2037\"><span class=\"_fadeIn_m1hgl_8\">routine <\/span><span class=\"_fadeIn_m1hgl_8\">de <\/span><span class=\"_fadeIn_m1hgl_8\">r\u00e9cup\u00e9ration <\/span><span class=\"_fadeIn_m1hgl_8\">apr\u00e8s <\/span><span class=\"_fadeIn_m1hgl_8\">l\u2019entra\u00eenement<\/span><\/strong><span class=\"_fadeIn_m1hgl_8\">.<\/span><br data-start=\"2038\" data-end=\"2041\" \/><span class=\"_fadeIn_m1hgl_8\">Le <\/span><span class=\"_fadeIn_m1hgl_8\">mat\u00e9riau <\/span><span class=\"_fadeIn_m1hgl_8\">flexible <\/span><span class=\"_fadeIn_m1hgl_8\">assure <\/span><span class=\"_fadeIn_m1hgl_8\">un <\/span><strong data-start=\"2072\" data-end=\"2098\"><span class=\"_fadeIn_m1hgl_8\">ajustement <\/span><span class=\"_fadeIn_m1hgl_8\">confortable<\/span><\/strong><span class=\"_fadeIn_m1hgl_8\">, <\/span><span class=\"_fadeIn_m1hgl_8\">\u00e9pouse <\/span><span class=\"_fadeIn_m1hgl_8\">parfaitement <\/span><span class=\"_fadeIn_m1hgl_8\">les <\/span><span class=\"_fadeIn_m1hgl_8\">formes <\/span><span class=\"_fadeIn_m1hgl_8\">du <\/span><span class=\"_fadeIn_m1hgl_8\">corps <\/span><span class=\"_fadeIn_m1hgl_8\">et <\/span><span class=\"_fadeIn_m1hgl_8\">permet <\/span><span class=\"_fadeIn_m1hgl_8\">une <\/span><span class=\"_fadeIn_m1hgl_8\">libert\u00e9 <\/span><span class=\"_fadeIn_m1hgl_8\">de <\/span><span class=\"_fadeIn_m1hgl_8\">mouvement <\/span><span class=\"_fadeIn_m1hgl_8\">totale.<\/span><\/p>\n<p data-start=\"2184\" data-end=\"2313\"><span class=\"_fadeIn_m1hgl_8\">Gr\u00e2ce <\/span><span class=\"_fadeIn_m1hgl_8\">\u00e0 <\/span><span class=\"_fadeIn_m1hgl_8\">son <\/span><strong data-start=\"2196\" data-end=\"2226\"><span class=\"_fadeIn_m1hgl_8\">format <\/span><span class=\"_fadeIn_m1hgl_8\">compact <\/span><span class=\"_fadeIn_m1hgl_8\">et <\/span><span class=\"_fadeIn_m1hgl_8\">pratique<\/span><\/strong><span class=\"_fadeIn_m1hgl_8\">, <\/span><span class=\"_fadeIn_m1hgl_8\">vous <\/span><span class=\"_fadeIn_m1hgl_8\">pouvez <\/span><span class=\"_fadeIn_m1hgl_8\">l\u2019emporter <\/span><span class=\"_fadeIn_m1hgl_8\">partout \u2013 <\/span><span class=\"_fadeIn_m1hgl_8\">\u00e0 <\/span><span class=\"_fadeIn_m1hgl_8\">la <\/span><span class=\"_fadeIn_m1hgl_8\">maison, <\/span><span class=\"_fadeIn_m1hgl_8\">en <\/span><span class=\"_fadeIn_m1hgl_8\">d\u00e9placement <\/span><span class=\"_fadeIn_m1hgl_8\">ou <\/span><span class=\"_fadeIn_m1hgl_8\">lors <\/span><span class=\"_fadeIn_m1hgl_8\">de <\/span><span class=\"_fadeIn_m1hgl_8\">comp\u00e9titions.<\/span><\/p>\n<p data-start=\"2315\" data-end=\"2382\"><span class=\"_fadeIn_m1hgl_8\">Parfaite <\/span><span class=\"_fadeIn_m1hgl_8\">pour <\/span><span class=\"_fadeIn_m1hgl_8\">favoriser <\/span><span class=\"_fadeIn_m1hgl_8\">la <\/span><strong data-start=\"2342\" data-end=\"2381\"><span class=\"_fadeIn_m1hgl_8\">r\u00e9g\u00e9n\u00e9ration <\/span><span class=\"_fadeIn_m1hgl_8\">des <\/span><span class=\"_fadeIn_m1hgl_8\">bras <\/span><span class=\"_fadeIn_m1hgl_8\">et <\/span><span class=\"_fadeIn_m1hgl_8\">des <\/span><span class=\"_fadeIn_m1hgl_8\">jambes<\/span><\/strong><span class=\"_fadeIn_m1hgl_8\">.<\/span><\/p>\n","protected":false},"excerpt":{"rendered":"<p>La manchon thermique TAPEDESIGN\u00ae est livr\u00e9e \u00e0 l\u2019unit\u00e9 et offre une solution polyvalente pour les applications \u00e0 chaud ou \u00e0 froid. Le gel thermique int\u00e9gr\u00e9 conserve efficacement la temp\u00e9rature souhait\u00e9e&hellip;<\/p>\n","protected":false},"featured_media":128872,"template":"","meta":{"_acf_changed":false},"product_cat":[3081,1322,1302],"product_tag":[],"giftcard-category":[],"class_list":{"0":"post-128989","1":"product","2":"type-product","3":"status-publish","4":"has-post-thumbnail","6":"product_cat-fitness-fr","7":"product_cat-mode-fr","8":"product_cat-all-fr","10":"first","11":"instock","12":"taxable","13":"shipping-taxable","14":"purchasable","15":"product-type-variable","16":"has-default-attributes"},"bundled_by":[],"bundle_stock_status":"instock","bundle_stock_quantity":null,"bundle_virtual":false,"bundle_layout":"","bundle_add_to_cart_form_location":"","bundle_editable_in_cart":false,"bundle_sold_individually_context":"","bundle_item_grouping":"","bundle_min_size":"","bundle_max_size":"","bundle_price":[],"bundled_items":[],"bundle_sell_ids":[],"exclude_global_add_ons":[],"addons":[],"acf":[],"yoast_head":"<title>TAPEDESIGN\u00ae Sleeve - TAPEDESIGN<\/title>\n<meta name=\"robots\" content=\"index, follow, max-snippet:-1, max-image-preview:large, max-video-preview:-1\" \/>\n<link rel=\"canonical\" href=\"https:\/\/www.tape-design.com\/fr\/produit\/tapedesign-sleeve\/\" \/>\n<meta property=\"og:locale\" content=\"fr_FR\" \/>\n<meta property=\"og:type\" content=\"article\" \/>\n<meta property=\"og:title\" content=\"TAPEDESIGN\u00ae Sleeve - TAPEDESIGN\" \/>\n<meta property=\"og:description\" content=\"La manchon thermique TAPEDESIGN\u00ae est livr\u00e9e \u00e0 l\u2019unit\u00e9 et offre une solution polyvalente pour les applications \u00e0 chaud ou \u00e0 froid. Le gel thermique int\u00e9gr\u00e9 conserve efficacement la temp\u00e9rature souhait\u00e9e&hellip;\" \/>\n<meta property=\"og:url\" content=\"https:\/\/www.tape-design.com\/fr\/produit\/tapedesign-sleeve\/\" \/>\n<meta property=\"og:site_name\" content=\"TAPEDESIGN\" \/>\n<meta property=\"article:publisher\" content=\"https:\/\/www.facebook.com\/tapedesigncom\/\" \/>\n<meta property=\"article:modified_time\" content=\"2025-07-09T11:23:31+00:00\" \/>\n<meta property=\"og:image\" content=\"https:\/\/www.tape-design.com\/app\/uploads\/2025\/04\/WhatsApp-Image-2025-04-25-at-13.21.57-4.jpeg\" \/>\n\t<meta property=\"og:image:width\" content=\"1600\" \/>\n\t<meta property=\"og:image:height\" content=\"1600\" \/>\n\t<meta property=\"og:image:type\" content=\"image\/jpeg\" \/>\n<meta name=\"twitter:card\" content=\"summary_large_image\" \/>\n<meta name=\"twitter:label1\" content=\"Dur\u00e9e de lecture estim\u00e9e\" \/>\n\t<meta name=\"twitter:data1\" content=\"1 minute\" \/>\n<script type=\"application\/ld+json\" class=\"yoast-schema-graph\">{\"@context\":\"https:\/\/schema.org\",\"@graph\":[{\"@type\":\"WebPage\",\"@id\":\"https:\/\/www.tape-design.com\/fr\/produit\/tapedesign-sleeve\/\",\"url\":\"https:\/\/www.tape-design.com\/fr\/produit\/tapedesign-sleeve\/\",\"name\":\"TAPEDESIGN\u00ae Sleeve - TAPEDESIGN\",\"isPartOf\":{\"@id\":\"https:\/\/www.tape-design.com\/#website\"},\"primaryImageOfPage\":{\"@id\":\"https:\/\/www.tape-design.com\/fr\/produit\/tapedesign-sleeve\/#primaryimage\"},\"image\":{\"@id\":\"https:\/\/www.tape-design.com\/fr\/produit\/tapedesign-sleeve\/#primaryimage\"},\"thumbnailUrl\":\"https:\/\/www.tape-design.com\/app\/uploads\/2025\/04\/WhatsApp-Image-2025-04-25-at-13.21.57-4.jpeg\",\"datePublished\":\"2025-05-14T09:13:12+00:00\",\"dateModified\":\"2025-07-09T11:23:31+00:00\",\"breadcrumb\":{\"@id\":\"https:\/\/www.tape-design.com\/fr\/produit\/tapedesign-sleeve\/#breadcrumb\"},\"inLanguage\":\"fr-FR\",\"potentialAction\":[{\"@type\":\"ReadAction\",\"target\":[\"https:\/\/www.tape-design.com\/fr\/produit\/tapedesign-sleeve\/\"]}]},{\"@type\":\"ImageObject\",\"inLanguage\":\"fr-FR\",\"@id\":\"https:\/\/www.tape-design.com\/fr\/produit\/tapedesign-sleeve\/#primaryimage\",\"url\":\"https:\/\/www.tape-design.com\/app\/uploads\/2025\/04\/WhatsApp-Image-2025-04-25-at-13.21.57-4.jpeg\",\"contentUrl\":\"https:\/\/www.tape-design.com\/app\/uploads\/2025\/04\/WhatsApp-Image-2025-04-25-at-13.21.57-4.jpeg\",\"width\":1600,\"height\":1600},{\"@type\":\"BreadcrumbList\",\"@id\":\"https:\/\/www.tape-design.com\/fr\/produit\/tapedesign-sleeve\/#breadcrumb\",\"itemListElement\":[{\"@type\":\"ListItem\",\"position\":1,\"name\":\"Home\",\"item\":\"https:\/\/www.tape-design.com\/fr\/\"},{\"@type\":\"ListItem\",\"position\":2,\"name\":\"Shop\",\"item\":\"https:\/\/www.tape-design.com\/fr\/shop\/\"},{\"@type\":\"ListItem\",\"position\":3,\"name\":\"TAPEDESIGN\u00ae Sleeve\"}]},{\"@type\":\"WebSite\",\"@id\":\"https:\/\/www.tape-design.com\/#website\",\"url\":\"https:\/\/www.tape-design.com\/\",\"name\":\"TAPEDESIGN\",\"description\":\"Always a step ahead\",\"publisher\":{\"@id\":\"https:\/\/www.tape-design.com\/#organization\"},\"potentialAction\":[{\"@type\":\"SearchAction\",\"target\":{\"@type\":\"EntryPoint\",\"urlTemplate\":\"https:\/\/www.tape-design.com\/?s={search_term_string}\"},\"query-input\":{\"@type\":\"PropertyValueSpecification\",\"valueRequired\":true,\"valueName\":\"search_term_string\"}}],\"inLanguage\":\"fr-FR\"},{\"@type\":\"Organization\",\"@id\":\"https:\/\/www.tape-design.com\/#organization\",\"name\":\"TAPEDESIGN\",\"url\":\"https:\/\/www.tape-design.com\/\",\"logo\":{\"@type\":\"ImageObject\",\"inLanguage\":\"fr-FR\",\"@id\":\"https:\/\/www.tape-design.com\/#\/schema\/logo\/image\/\",\"url\":\"https:\/\/www.tape-design.com\/app\/uploads\/2020\/11\/Logosmall.png\",\"contentUrl\":\"https:\/\/www.tape-design.com\/app\/uploads\/2020\/11\/Logosmall.png\",\"width\":340,\"height\":156,\"caption\":\"TAPEDESIGN\"},\"image\":{\"@id\":\"https:\/\/www.tape-design.com\/#\/schema\/logo\/image\/\"},\"sameAs\":[\"https:\/\/www.facebook.com\/tapedesigncom\/\",\"https:\/\/www.instagram.com\/tapedesign_socks\/?hl=de\"]}]}<\/script>","yoast_head_json":{"title":"TAPEDESIGN\u00ae Sleeve - TAPEDESIGN","robots":{"index":"index","follow":"follow","max-snippet":"max-snippet:-1","max-image-preview":"max-image-preview:large","max-video-preview":"max-video-preview:-1"},"canonical":"https:\/\/www.tape-design.com\/fr\/produit\/tapedesign-sleeve\/","og_locale":"fr_FR","og_type":"article","og_title":"TAPEDESIGN\u00ae Sleeve - TAPEDESIGN","og_description":"La manchon thermique TAPEDESIGN\u00ae est livr\u00e9e \u00e0 l\u2019unit\u00e9 et offre une solution polyvalente pour les applications \u00e0 chaud ou \u00e0 froid. Le gel thermique int\u00e9gr\u00e9 conserve efficacement la temp\u00e9rature souhait\u00e9e&hellip;","og_url":"https:\/\/www.tape-design.com\/fr\/produit\/tapedesign-sleeve\/","og_site_name":"TAPEDESIGN","article_publisher":"https:\/\/www.facebook.com\/tapedesigncom\/","article_modified_time":"2025-07-09T11:23:31+00:00","og_image":[{"width":1600,"height":1600,"url":"https:\/\/www.tape-design.com\/app\/uploads\/2025\/04\/WhatsApp-Image-2025-04-25-at-13.21.57-4.jpeg","type":"image\/jpeg"}],"twitter_card":"summary_large_image","twitter_misc":{"Dur\u00e9e de lecture estim\u00e9e":"1 minute"},"schema":{"@context":"https:\/\/schema.org","@graph":[{"@type":"WebPage","@id":"https:\/\/www.tape-design.com\/fr\/produit\/tapedesign-sleeve\/","url":"https:\/\/www.tape-design.com\/fr\/produit\/tapedesign-sleeve\/","name":"TAPEDESIGN\u00ae Sleeve - TAPEDESIGN","isPartOf":{"@id":"https:\/\/www.tape-design.com\/#website"},"primaryImageOfPage":{"@id":"https:\/\/www.tape-design.com\/fr\/produit\/tapedesign-sleeve\/#primaryimage"},"image":{"@id":"https:\/\/www.tape-design.com\/fr\/produit\/tapedesign-sleeve\/#primaryimage"},"thumbnailUrl":"https:\/\/www.tape-design.com\/app\/uploads\/2025\/04\/WhatsApp-Image-2025-04-25-at-13.21.57-4.jpeg","datePublished":"2025-05-14T09:13:12+00:00","dateModified":"2025-07-09T11:23:31+00:00","breadcrumb":{"@id":"https:\/\/www.tape-design.com\/fr\/produit\/tapedesign-sleeve\/#breadcrumb"},"inLanguage":"fr-FR","potentialAction":[{"@type":"ReadAction","target":["https:\/\/www.tape-design.com\/fr\/produit\/tapedesign-sleeve\/"]}]},{"@type":"ImageObject","inLanguage":"fr-FR","@id":"https:\/\/www.tape-design.com\/fr\/produit\/tapedesign-sleeve\/#primaryimage","url":"https:\/\/www.tape-design.com\/app\/uploads\/2025\/04\/WhatsApp-Image-2025-04-25-at-13.21.57-4.jpeg","contentUrl":"https:\/\/www.tape-design.com\/app\/uploads\/2025\/04\/WhatsApp-Image-2025-04-25-at-13.21.57-4.jpeg","width":1600,"height":1600},{"@type":"BreadcrumbList","@id":"https:\/\/www.tape-design.com\/fr\/produit\/tapedesign-sleeve\/#breadcrumb","itemListElement":[{"@type":"ListItem","position":1,"name":"Home","item":"https:\/\/www.tape-design.com\/fr\/"},{"@type":"ListItem","position":2,"name":"Shop","item":"https:\/\/www.tape-design.com\/fr\/shop\/"},{"@type":"ListItem","position":3,"name":"TAPEDESIGN\u00ae Sleeve"}]},{"@type":"WebSite","@id":"https:\/\/www.tape-design.com\/#website","url":"https:\/\/www.tape-design.com\/","name":"TAPEDESIGN","description":"Always a step ahead","publisher":{"@id":"https:\/\/www.tape-design.com\/#organization"},"potentialAction":[{"@type":"SearchAction","target":{"@type":"EntryPoint","urlTemplate":"https:\/\/www.tape-design.com\/?s={search_term_string}"},"query-input":{"@type":"PropertyValueSpecification","valueRequired":true,"valueName":"search_term_string"}}],"inLanguage":"fr-FR"},{"@type":"Organization","@id":"https:\/\/www.tape-design.com\/#organization","name":"TAPEDESIGN","url":"https:\/\/www.tape-design.com\/","logo":{"@type":"ImageObject","inLanguage":"fr-FR","@id":"https:\/\/www.tape-design.com\/#\/schema\/logo\/image\/","url":"https:\/\/www.tape-design.com\/app\/uploads\/2020\/11\/Logosmall.png","contentUrl":"https:\/\/www.tape-design.com\/app\/uploads\/2020\/11\/Logosmall.png","width":340,"height":156,"caption":"TAPEDESIGN"},"image":{"@id":"https:\/\/www.tape-design.com\/#\/schema\/logo\/image\/"},"sameAs":["https:\/\/www.facebook.com\/tapedesigncom\/","https:\/\/www.instagram.com\/tapedesign_socks\/?hl=de"]}]}},"_links":{"self":[{"href":"https:\/\/www.tape-design.com\/fr\/wp-json\/wp\/v2\/product\/128989","targetHints":{"allow":["GET"]}}],"collection":[{"href":"https:\/\/www.tape-design.com\/fr\/wp-json\/wp\/v2\/product"}],"about":[{"href":"https:\/\/www.tape-design.com\/fr\/wp-json\/wp\/v2\/types\/product"}],"wp:featuredmedia":[{"embeddable":true,"href":"https:\/\/www.tape-design.com\/fr\/wp-json\/wp\/v2\/media\/128872"}],"wp:attachment":[{"href":"https:\/\/www.tape-design.com\/fr\/wp-json\/wp\/v2\/media?parent=128989"}],"wp:term":[{"taxonomy":"product_cat","embeddable":true,"href":"https:\/\/www.tape-design.com\/fr\/wp-json\/wp\/v2\/product_cat?post=128989"},{"taxonomy":"product_tag","embeddable":true,"href":"https:\/\/www.tape-design.com\/fr\/wp-json\/wp\/v2\/product_tag?post=128989"},{"taxonomy":"giftcard-category","embeddable":true,"href":"https:\/\/www.tape-design.com\/fr\/wp-json\/wp\/v2\/giftcard-category?post=128989"}],"curies":[{"name":"wp","href":"https:\/\/api.w.org\/{rel}","templated":true}]}}