{"id":134872,"date":"2025-07-02T16:08:11","date_gmt":"2025-07-02T14:08:11","guid":{"rendered":"https:\/\/www.tape-design.com\/product\/tapedesign-kids-academy-mat\/"},"modified":"2026-04-03T09:42:45","modified_gmt":"2026-04-03T07:42:45","slug":"tapedesign-kids-academy-mat","status":"publish","type":"product","link":"https:\/\/www.tape-design.com\/fr\/produit\/tapedesign-kids-academy-mat\/","title":{"rendered":"TAPEDESIGN\u00ae KIDS Academy Mat"},"content":{"rendered":"<p data-start=\"1562\" data-end=\"1657\"><strong data-start=\"1582\" data-end=\"1655\">Ton entr\u00e9e dans le niveau sup\u00e9rieur \u2013 Le \u201cAcademy Mat\u201d de TAPEDESIGN\u00ae<\/strong><\/p>\n<p data-start=\"1659\" data-end=\"2232\">Le tapis Academy de TAPEDESIGN est bien plus qu\u2019une aide \u00e0 l\u2019entra\u00eenement \u2013 c\u2019est ton compagnon quotidien sur le chemin du progr\u00e8s au football. Con\u00e7u sp\u00e9cialement pour les jeunes talents, il offre une base id\u00e9ale pour am\u00e9liorer la technique, le contr\u00f4le du ballon et les mouvements de mani\u00e8re ludique et efficace \u2013 que ce soit dans la chambre, au jardin ou sur le terrain. Sa surface sp\u00e9ciale favorise un jeu de pieds pr\u00e9cis, tandis que la face inf\u00e9rieure antid\u00e9rapante assure une stabilit\u00e9 totale \u2013 m\u00eame lors de dribbles rapides ou de changements de direction explosifs.<\/p>\n<p data-start=\"2234\" data-end=\"2739\">Un atout particulier : avec chaque Academy Mat, tu b\u00e9n\u00e9ficies d\u2019un acc\u00e8s exclusif \u00e0 des s\u00e9ances d\u2019entra\u00eenement professionnelles et \u00e0 des tutoriels vid\u00e9o \u2013 anim\u00e9s par Fabian Pecher, l\u2019un des influenceurs football les plus connus d\u2019Allemagne. Gr\u00e2ce \u00e0 des explications claires, des d\u00e9fis motivants et des exercices adapt\u00e9s aux enfants, Fabian apporte le plaisir de l\u2019entra\u00eenement \u00e0 domicile et permet \u00e0 chaque jeune joueur de perfectionner ses comp\u00e9tences \u2013 avec m\u00e9thode, structure et des progr\u00e8s visibles.<\/p>\n<p data-start=\"2741\" data-end=\"3161\">Gr\u00e2ce \u00e0 son format compact, le tapis permet un entra\u00eenement technique r\u00e9aliste m\u00eame dans un espace r\u00e9duit. Facile \u00e0 transporter, simple \u00e0 nettoyer et utilisable partout \u2013 en int\u00e9rieur comme en ext\u00e9rieur. D\u00e9velopp\u00e9 avec les exigences des pros, con\u00e7u pour les jeunes footballeurs : avec l\u2019Academy Mat de TAPEDESIGN, tu poses les bases de ton prochain niveau \u2013 en toute s\u00e9curit\u00e9, avec intelligence et beaucoup de plaisir.<\/p>\n","protected":false},"excerpt":{"rendered":"<p>Ton entr\u00e9e dans le niveau sup\u00e9rieur \u2013 Le \u201cAcademy Mat\u201d de TAPEDESIGN\u00ae Le tapis Academy de TAPEDESIGN est bien plus qu\u2019une aide \u00e0 l\u2019entra\u00eenement \u2013 c\u2019est ton compagnon quotidien sur&hellip;<\/p>\n","protected":false},"featured_media":130699,"template":"","meta":{"_acf_changed":false},"product_cat":[3104,1306,1302],"product_tag":[],"giftcard-category":[],"class_list":{"0":"post-134872","1":"product","2":"type-product","3":"status-publish","4":"has-post-thumbnail","6":"product_cat-kids-fr","7":"product_cat-accessories-fr","8":"product_cat-all-fr","10":"first","11":"instock","12":"taxable","13":"shipping-taxable","14":"purchasable","15":"product-type-simple"},"bundled_by":["134876"],"bundle_stock_status":"instock","bundle_stock_quantity":-13,"bundle_virtual":false,"bundle_layout":"","bundle_add_to_cart_form_location":"","bundle_editable_in_cart":false,"bundle_sold_individually_context":"","bundle_item_grouping":"","bundle_min_size":"","bundle_max_size":"","bundle_price":[],"bundled_items":[],"bundle_sell_ids":[],"exclude_global_add_ons":[],"addons":[],"acf":[],"yoast_head":"<title>TAPEDESIGN\u00ae KIDS Academy Mat - TAPEDESIGN<\/title>\n<meta name=\"robots\" content=\"index, follow, max-snippet:-1, max-image-preview:large, max-video-preview:-1\" \/>\n<link rel=\"canonical\" href=\"https:\/\/www.tape-design.com\/fr\/produit\/tapedesign-kids-academy-mat\/\" \/>\n<meta property=\"og:locale\" content=\"fr_FR\" \/>\n<meta property=\"og:type\" content=\"article\" \/>\n<meta property=\"og:title\" content=\"TAPEDESIGN\u00ae KIDS Academy Mat - TAPEDESIGN\" \/>\n<meta property=\"og:description\" content=\"Ton entr\u00e9e dans le niveau sup\u00e9rieur \u2013 Le \u201cAcademy Mat\u201d de TAPEDESIGN\u00ae Le tapis Academy de TAPEDESIGN est bien plus qu\u2019une aide \u00e0 l\u2019entra\u00eenement \u2013 c\u2019est ton compagnon quotidien sur&hellip;\" \/>\n<meta property=\"og:url\" content=\"https:\/\/www.tape-design.com\/fr\/produit\/tapedesign-kids-academy-mat\/\" \/>\n<meta property=\"og:site_name\" content=\"TAPEDESIGN\" \/>\n<meta property=\"article:publisher\" content=\"https:\/\/www.facebook.com\/tapedesigncom\/\" \/>\n<meta property=\"article:modified_time\" content=\"2026-04-03T07:42:45+00:00\" \/>\n<meta property=\"og:image\" content=\"https:\/\/www.tape-design.com\/app\/uploads\/2025\/07\/2025_TD_KIDS_ACADEMY_MAT_PRODUCT_IMG_v1.jpg\" \/>\n\t<meta property=\"og:image:width\" content=\"1080\" \/>\n\t<meta property=\"og:image:height\" content=\"1080\" \/>\n\t<meta property=\"og:image:type\" content=\"image\/jpeg\" \/>\n<meta name=\"twitter:card\" content=\"summary_large_image\" \/>\n<meta name=\"twitter:label1\" content=\"Dur\u00e9e de lecture estim\u00e9e\" \/>\n\t<meta name=\"twitter:data1\" content=\"1 minute\" \/>\n<script type=\"application\/ld+json\" class=\"yoast-schema-graph\">{\"@context\":\"https:\/\/schema.org\",\"@graph\":[{\"@type\":\"WebPage\",\"@id\":\"https:\/\/www.tape-design.com\/fr\/produit\/tapedesign-kids-academy-mat\/\",\"url\":\"https:\/\/www.tape-design.com\/fr\/produit\/tapedesign-kids-academy-mat\/\",\"name\":\"TAPEDESIGN\u00ae KIDS Academy Mat - TAPEDESIGN\",\"isPartOf\":{\"@id\":\"https:\/\/www.tape-design.com\/#website\"},\"primaryImageOfPage\":{\"@id\":\"https:\/\/www.tape-design.com\/fr\/produit\/tapedesign-kids-academy-mat\/#primaryimage\"},\"image\":{\"@id\":\"https:\/\/www.tape-design.com\/fr\/produit\/tapedesign-kids-academy-mat\/#primaryimage\"},\"thumbnailUrl\":\"https:\/\/www.tape-design.com\/app\/uploads\/2025\/07\/2025_TD_KIDS_ACADEMY_MAT_PRODUCT_IMG_v1.jpg\",\"datePublished\":\"2025-07-02T14:08:11+00:00\",\"dateModified\":\"2026-04-03T07:42:45+00:00\",\"breadcrumb\":{\"@id\":\"https:\/\/www.tape-design.com\/fr\/produit\/tapedesign-kids-academy-mat\/#breadcrumb\"},\"inLanguage\":\"fr-FR\",\"potentialAction\":[{\"@type\":\"ReadAction\",\"target\":[\"https:\/\/www.tape-design.com\/fr\/produit\/tapedesign-kids-academy-mat\/\"]}]},{\"@type\":\"ImageObject\",\"inLanguage\":\"fr-FR\",\"@id\":\"https:\/\/www.tape-design.com\/fr\/produit\/tapedesign-kids-academy-mat\/#primaryimage\",\"url\":\"https:\/\/www.tape-design.com\/app\/uploads\/2025\/07\/2025_TD_KIDS_ACADEMY_MAT_PRODUCT_IMG_v1.jpg\",\"contentUrl\":\"https:\/\/www.tape-design.com\/app\/uploads\/2025\/07\/2025_TD_KIDS_ACADEMY_MAT_PRODUCT_IMG_v1.jpg\",\"width\":1080,\"height\":1080},{\"@type\":\"BreadcrumbList\",\"@id\":\"https:\/\/www.tape-design.com\/fr\/produit\/tapedesign-kids-academy-mat\/#breadcrumb\",\"itemListElement\":[{\"@type\":\"ListItem\",\"position\":1,\"name\":\"Home\",\"item\":\"https:\/\/www.tape-design.com\/fr\/\"},{\"@type\":\"ListItem\",\"position\":2,\"name\":\"Shop\",\"item\":\"https:\/\/www.tape-design.com\/fr\/shop\/\"},{\"@type\":\"ListItem\",\"position\":3,\"name\":\"TAPEDESIGN\u00ae KIDS Academy Mat\"}]},{\"@type\":\"WebSite\",\"@id\":\"https:\/\/www.tape-design.com\/#website\",\"url\":\"https:\/\/www.tape-design.com\/\",\"name\":\"TAPEDESIGN\",\"description\":\"Always a step ahead\",\"publisher\":{\"@id\":\"https:\/\/www.tape-design.com\/#organization\"},\"potentialAction\":[{\"@type\":\"SearchAction\",\"target\":{\"@type\":\"EntryPoint\",\"urlTemplate\":\"https:\/\/www.tape-design.com\/?s={search_term_string}\"},\"query-input\":{\"@type\":\"PropertyValueSpecification\",\"valueRequired\":true,\"valueName\":\"search_term_string\"}}],\"inLanguage\":\"fr-FR\"},{\"@type\":\"Organization\",\"@id\":\"https:\/\/www.tape-design.com\/#organization\",\"name\":\"TAPEDESIGN\",\"url\":\"https:\/\/www.tape-design.com\/\",\"logo\":{\"@type\":\"ImageObject\",\"inLanguage\":\"fr-FR\",\"@id\":\"https:\/\/www.tape-design.com\/#\/schema\/logo\/image\/\",\"url\":\"https:\/\/www.tape-design.com\/app\/uploads\/2020\/11\/Logosmall.png\",\"contentUrl\":\"https:\/\/www.tape-design.com\/app\/uploads\/2020\/11\/Logosmall.png\",\"width\":340,\"height\":156,\"caption\":\"TAPEDESIGN\"},\"image\":{\"@id\":\"https:\/\/www.tape-design.com\/#\/schema\/logo\/image\/\"},\"sameAs\":[\"https:\/\/www.facebook.com\/tapedesigncom\/\",\"https:\/\/www.instagram.com\/tapedesign_socks\/?hl=de\"]}]}<\/script>","yoast_head_json":{"title":"TAPEDESIGN\u00ae KIDS Academy Mat - TAPEDESIGN","robots":{"index":"index","follow":"follow","max-snippet":"max-snippet:-1","max-image-preview":"max-image-preview:large","max-video-preview":"max-video-preview:-1"},"canonical":"https:\/\/www.tape-design.com\/fr\/produit\/tapedesign-kids-academy-mat\/","og_locale":"fr_FR","og_type":"article","og_title":"TAPEDESIGN\u00ae KIDS Academy Mat - TAPEDESIGN","og_description":"Ton entr\u00e9e dans le niveau sup\u00e9rieur \u2013 Le \u201cAcademy Mat\u201d de TAPEDESIGN\u00ae Le tapis Academy de TAPEDESIGN est bien plus qu\u2019une aide \u00e0 l\u2019entra\u00eenement \u2013 c\u2019est ton compagnon quotidien sur&hellip;","og_url":"https:\/\/www.tape-design.com\/fr\/produit\/tapedesign-kids-academy-mat\/","og_site_name":"TAPEDESIGN","article_publisher":"https:\/\/www.facebook.com\/tapedesigncom\/","article_modified_time":"2026-04-03T07:42:45+00:00","og_image":[{"width":1080,"height":1080,"url":"https:\/\/www.tape-design.com\/app\/uploads\/2025\/07\/2025_TD_KIDS_ACADEMY_MAT_PRODUCT_IMG_v1.jpg","type":"image\/jpeg"}],"twitter_card":"summary_large_image","twitter_misc":{"Dur\u00e9e de lecture estim\u00e9e":"1 minute"},"schema":{"@context":"https:\/\/schema.org","@graph":[{"@type":"WebPage","@id":"https:\/\/www.tape-design.com\/fr\/produit\/tapedesign-kids-academy-mat\/","url":"https:\/\/www.tape-design.com\/fr\/produit\/tapedesign-kids-academy-mat\/","name":"TAPEDESIGN\u00ae KIDS Academy Mat - TAPEDESIGN","isPartOf":{"@id":"https:\/\/www.tape-design.com\/#website"},"primaryImageOfPage":{"@id":"https:\/\/www.tape-design.com\/fr\/produit\/tapedesign-kids-academy-mat\/#primaryimage"},"image":{"@id":"https:\/\/www.tape-design.com\/fr\/produit\/tapedesign-kids-academy-mat\/#primaryimage"},"thumbnailUrl":"https:\/\/www.tape-design.com\/app\/uploads\/2025\/07\/2025_TD_KIDS_ACADEMY_MAT_PRODUCT_IMG_v1.jpg","datePublished":"2025-07-02T14:08:11+00:00","dateModified":"2026-04-03T07:42:45+00:00","breadcrumb":{"@id":"https:\/\/www.tape-design.com\/fr\/produit\/tapedesign-kids-academy-mat\/#breadcrumb"},"inLanguage":"fr-FR","potentialAction":[{"@type":"ReadAction","target":["https:\/\/www.tape-design.com\/fr\/produit\/tapedesign-kids-academy-mat\/"]}]},{"@type":"ImageObject","inLanguage":"fr-FR","@id":"https:\/\/www.tape-design.com\/fr\/produit\/tapedesign-kids-academy-mat\/#primaryimage","url":"https:\/\/www.tape-design.com\/app\/uploads\/2025\/07\/2025_TD_KIDS_ACADEMY_MAT_PRODUCT_IMG_v1.jpg","contentUrl":"https:\/\/www.tape-design.com\/app\/uploads\/2025\/07\/2025_TD_KIDS_ACADEMY_MAT_PRODUCT_IMG_v1.jpg","width":1080,"height":1080},{"@type":"BreadcrumbList","@id":"https:\/\/www.tape-design.com\/fr\/produit\/tapedesign-kids-academy-mat\/#breadcrumb","itemListElement":[{"@type":"ListItem","position":1,"name":"Home","item":"https:\/\/www.tape-design.com\/fr\/"},{"@type":"ListItem","position":2,"name":"Shop","item":"https:\/\/www.tape-design.com\/fr\/shop\/"},{"@type":"ListItem","position":3,"name":"TAPEDESIGN\u00ae KIDS Academy Mat"}]},{"@type":"WebSite","@id":"https:\/\/www.tape-design.com\/#website","url":"https:\/\/www.tape-design.com\/","name":"TAPEDESIGN","description":"Always a step ahead","publisher":{"@id":"https:\/\/www.tape-design.com\/#organization"},"potentialAction":[{"@type":"SearchAction","target":{"@type":"EntryPoint","urlTemplate":"https:\/\/www.tape-design.com\/?s={search_term_string}"},"query-input":{"@type":"PropertyValueSpecification","valueRequired":true,"valueName":"search_term_string"}}],"inLanguage":"fr-FR"},{"@type":"Organization","@id":"https:\/\/www.tape-design.com\/#organization","name":"TAPEDESIGN","url":"https:\/\/www.tape-design.com\/","logo":{"@type":"ImageObject","inLanguage":"fr-FR","@id":"https:\/\/www.tape-design.com\/#\/schema\/logo\/image\/","url":"https:\/\/www.tape-design.com\/app\/uploads\/2020\/11\/Logosmall.png","contentUrl":"https:\/\/www.tape-design.com\/app\/uploads\/2020\/11\/Logosmall.png","width":340,"height":156,"caption":"TAPEDESIGN"},"image":{"@id":"https:\/\/www.tape-design.com\/#\/schema\/logo\/image\/"},"sameAs":["https:\/\/www.facebook.com\/tapedesigncom\/","https:\/\/www.instagram.com\/tapedesign_socks\/?hl=de"]}]}},"_links":{"self":[{"href":"https:\/\/www.tape-design.com\/fr\/wp-json\/wp\/v2\/product\/134872","targetHints":{"allow":["GET"]}}],"collection":[{"href":"https:\/\/www.tape-design.com\/fr\/wp-json\/wp\/v2\/product"}],"about":[{"href":"https:\/\/www.tape-design.com\/fr\/wp-json\/wp\/v2\/types\/product"}],"wp:featuredmedia":[{"embeddable":true,"href":"https:\/\/www.tape-design.com\/fr\/wp-json\/wp\/v2\/media\/130699"}],"wp:attachment":[{"href":"https:\/\/www.tape-design.com\/fr\/wp-json\/wp\/v2\/media?parent=134872"}],"wp:term":[{"taxonomy":"product_cat","embeddable":true,"href":"https:\/\/www.tape-design.com\/fr\/wp-json\/wp\/v2\/product_cat?post=134872"},{"taxonomy":"product_tag","embeddable":true,"href":"https:\/\/www.tape-design.com\/fr\/wp-json\/wp\/v2\/product_tag?post=134872"},{"taxonomy":"giftcard-category","embeddable":true,"href":"https:\/\/www.tape-design.com\/fr\/wp-json\/wp\/v2\/giftcard-category?post=134872"}],"curies":[{"name":"wp","href":"https:\/\/api.w.org\/{rel}","templated":true}]}}