{"id":134896,"date":"2025-06-25T17:35:05","date_gmt":"2025-06-25T15:35:05","guid":{"rendered":"https:\/\/www.tape-design.com\/product\/bundle-allround-socks-classic-shinguards-2-0\/"},"modified":"2026-03-03T13:14:00","modified_gmt":"2026-03-03T12:14:00","slug":"bundle-allround-socks-classic-shinguards-2-0","status":"publish","type":"product","link":"https:\/\/www.tape-design.com\/fr\/produit\/bundle-allround-socks-classic-shinguards-2-0\/","title":{"rendered":"Bundle: Allround Socks &#8220;Classic&#8221; + Shinguards 2.0"},"content":{"rendered":"<p data-start=\"1183\" data-end=\"1446\">\u2705 Maintien &amp; confort maximum \u2013 maintenant en pack: Le set Tapedesign compos\u00e9 des Allround Socks Classic &amp; des Shinguards 2.0 assure une tenue antid\u00e9rapante dans la chaussure et un confort optimal \u2013 id\u00e9al pour l\u2019entra\u00eenement &amp; la comp\u00e9tition.<\/p>\n<p data-start=\"1448\" data-end=\"1727\">\u2705 Chaussettes de football antid\u00e9rapantes pour un contr\u00f4le total: Les Allround Socks Classic disposent de picots en caoutchouc sp\u00e9cialement plac\u00e9s \u00e0 l\u2019ext\u00e9rieur pour un grip maximal dans la chaussure. Parfaites pour les mouvements rapides et les changements de direction pr\u00e9cis.<\/p>\n<p data-start=\"1729\" data-end=\"1946\">\u2705 Prot\u00e8ge-tibias ultra-l\u00e9gers &amp; thermoformables: Avec seulement 1,5 mm d\u2019\u00e9paisseur, les Shinguards 2.0 s\u2019adaptent parfaitement au tibia gr\u00e2ce \u00e0 la chaleur \u2013 extr\u00eamement l\u00e9gers et \u00e0 peine perceptibles pendant le jeu.<\/p>\n<p data-start=\"1948\" data-end=\"2193\">\u2705 Ajustement ergonomique pour un confort maximal: Les Allround Socks Classic sont fabriqu\u00e9es dans un mat\u00e9riau \u00e9lastique de haute qualit\u00e9 qui s\u2019adapte parfaitement au pied. Les Shinguards 2.0 tiennent fermement dans tout manchon \u2013 sans glisser.<\/p>\n<p data-start=\"2195\" data-end=\"2415\">\u2705 Tout en un set \u2013 id\u00e9al pour les footballeurs: Comprend une paire de Allround Socks Classic &amp; des Tapedesign Shinguards 2.0 avec sac de rangement. Obtiens la combinaison parfaite entre maintien, stabilit\u00e9 et confort !<\/p>\n","protected":false},"excerpt":{"rendered":"<p>\u2705 Maintien &amp; confort maximum \u2013 maintenant en pack: Le set Tapedesign compos\u00e9 des Allround Socks Classic &amp; des Shinguards 2.0 assure une tenue antid\u00e9rapante dans la chaussure et un&hellip;<\/p>\n","protected":false},"featured_media":130325,"template":"","meta":{"_acf_changed":false},"product_cat":[2846,1302],"product_tag":[],"giftcard-category":[],"class_list":{"0":"post-134896","1":"product","2":"type-product","3":"status-publish","4":"has-post-thumbnail","6":"product_cat-special-sets-fr","7":"product_cat-all-fr","9":"first","10":"instock","11":"sale","12":"taxable","13":"shipping-taxable","14":"purchasable","15":"product-type-variable","16":"has-default-attributes"},"bundled_by":[],"bundle_stock_status":"instock","bundle_stock_quantity":1,"bundle_virtual":false,"bundle_layout":"","bundle_add_to_cart_form_location":"","bundle_editable_in_cart":false,"bundle_sold_individually_context":"","bundle_item_grouping":"","bundle_min_size":"","bundle_max_size":"","bundle_price":[],"bundled_items":[],"bundle_sell_ids":[],"exclude_global_add_ons":[],"addons":[],"acf":[],"yoast_head":"<title>Bundle: Allround Socks &quot;Classic&quot; + Shinguards 2.0 - TAPEDESIGN<\/title>\n<meta name=\"robots\" content=\"index, follow, max-snippet:-1, max-image-preview:large, max-video-preview:-1\" \/>\n<link rel=\"canonical\" href=\"https:\/\/www.tape-design.com\/fr\/produit\/bundle-allround-socks-classic-shinguards-2-0\/\" \/>\n<meta property=\"og:locale\" content=\"fr_FR\" \/>\n<meta property=\"og:type\" content=\"article\" \/>\n<meta property=\"og:title\" content=\"Bundle: Allround Socks &quot;Classic&quot; + Shinguards 2.0 - TAPEDESIGN\" \/>\n<meta property=\"og:description\" content=\"\u2705 Maintien &amp; confort maximum \u2013 maintenant en pack: Le set Tapedesign compos\u00e9 des Allround Socks Classic &amp; des Shinguards 2.0 assure une tenue antid\u00e9rapante dans la chaussure et un&hellip;\" \/>\n<meta property=\"og:url\" content=\"https:\/\/www.tape-design.com\/fr\/produit\/bundle-allround-socks-classic-shinguards-2-0\/\" \/>\n<meta property=\"og:site_name\" content=\"TAPEDESIGN\" \/>\n<meta property=\"article:publisher\" content=\"https:\/\/www.facebook.com\/tapedesigncom\/\" \/>\n<meta property=\"article:modified_time\" content=\"2026-03-03T12:14:00+00:00\" \/>\n<meta property=\"og:image\" content=\"https:\/\/www.tape-design.com\/app\/uploads\/2025\/06\/2025_TD_PRODUCT_IMG_CLASSIC_BUNDLE_WHITE.jpg\" \/>\n\t<meta property=\"og:image:width\" content=\"1080\" \/>\n\t<meta property=\"og:image:height\" content=\"1080\" \/>\n\t<meta property=\"og:image:type\" content=\"image\/jpeg\" \/>\n<meta name=\"twitter:card\" content=\"summary_large_image\" \/>\n<meta name=\"twitter:label1\" content=\"Dur\u00e9e de lecture estim\u00e9e\" \/>\n\t<meta name=\"twitter:data1\" content=\"1 minute\" \/>\n<script type=\"application\/ld+json\" class=\"yoast-schema-graph\">{\"@context\":\"https:\/\/schema.org\",\"@graph\":[{\"@type\":\"WebPage\",\"@id\":\"https:\/\/www.tape-design.com\/fr\/produit\/bundle-allround-socks-classic-shinguards-2-0\/\",\"url\":\"https:\/\/www.tape-design.com\/fr\/produit\/bundle-allround-socks-classic-shinguards-2-0\/\",\"name\":\"Bundle: Allround Socks \\\"Classic\\\" + Shinguards 2.0 - TAPEDESIGN\",\"isPartOf\":{\"@id\":\"https:\/\/www.tape-design.com\/#website\"},\"primaryImageOfPage\":{\"@id\":\"https:\/\/www.tape-design.com\/fr\/produit\/bundle-allround-socks-classic-shinguards-2-0\/#primaryimage\"},\"image\":{\"@id\":\"https:\/\/www.tape-design.com\/fr\/produit\/bundle-allround-socks-classic-shinguards-2-0\/#primaryimage\"},\"thumbnailUrl\":\"https:\/\/www.tape-design.com\/app\/uploads\/2025\/06\/2025_TD_PRODUCT_IMG_CLASSIC_BUNDLE_WHITE.jpg\",\"datePublished\":\"2025-06-25T15:35:05+00:00\",\"dateModified\":\"2026-03-03T12:14:00+00:00\",\"breadcrumb\":{\"@id\":\"https:\/\/www.tape-design.com\/fr\/produit\/bundle-allround-socks-classic-shinguards-2-0\/#breadcrumb\"},\"inLanguage\":\"fr-FR\",\"potentialAction\":[{\"@type\":\"ReadAction\",\"target\":[\"https:\/\/www.tape-design.com\/fr\/produit\/bundle-allround-socks-classic-shinguards-2-0\/\"]}]},{\"@type\":\"ImageObject\",\"inLanguage\":\"fr-FR\",\"@id\":\"https:\/\/www.tape-design.com\/fr\/produit\/bundle-allround-socks-classic-shinguards-2-0\/#primaryimage\",\"url\":\"https:\/\/www.tape-design.com\/app\/uploads\/2025\/06\/2025_TD_PRODUCT_IMG_CLASSIC_BUNDLE_WHITE.jpg\",\"contentUrl\":\"https:\/\/www.tape-design.com\/app\/uploads\/2025\/06\/2025_TD_PRODUCT_IMG_CLASSIC_BUNDLE_WHITE.jpg\",\"width\":1080,\"height\":1080},{\"@type\":\"BreadcrumbList\",\"@id\":\"https:\/\/www.tape-design.com\/fr\/produit\/bundle-allround-socks-classic-shinguards-2-0\/#breadcrumb\",\"itemListElement\":[{\"@type\":\"ListItem\",\"position\":1,\"name\":\"Home\",\"item\":\"https:\/\/www.tape-design.com\/fr\/\"},{\"@type\":\"ListItem\",\"position\":2,\"name\":\"Shop\",\"item\":\"https:\/\/www.tape-design.com\/fr\/shop\/\"},{\"@type\":\"ListItem\",\"position\":3,\"name\":\"Bundle: Allround Socks &#8220;Classic&#8221; + Shinguards 2.0\"}]},{\"@type\":\"WebSite\",\"@id\":\"https:\/\/www.tape-design.com\/#website\",\"url\":\"https:\/\/www.tape-design.com\/\",\"name\":\"TAPEDESIGN\",\"description\":\"Always a step ahead\",\"publisher\":{\"@id\":\"https:\/\/www.tape-design.com\/#organization\"},\"potentialAction\":[{\"@type\":\"SearchAction\",\"target\":{\"@type\":\"EntryPoint\",\"urlTemplate\":\"https:\/\/www.tape-design.com\/?s={search_term_string}\"},\"query-input\":{\"@type\":\"PropertyValueSpecification\",\"valueRequired\":true,\"valueName\":\"search_term_string\"}}],\"inLanguage\":\"fr-FR\"},{\"@type\":\"Organization\",\"@id\":\"https:\/\/www.tape-design.com\/#organization\",\"name\":\"TAPEDESIGN\",\"url\":\"https:\/\/www.tape-design.com\/\",\"logo\":{\"@type\":\"ImageObject\",\"inLanguage\":\"fr-FR\",\"@id\":\"https:\/\/www.tape-design.com\/#\/schema\/logo\/image\/\",\"url\":\"https:\/\/www.tape-design.com\/app\/uploads\/2020\/11\/Logosmall.png\",\"contentUrl\":\"https:\/\/www.tape-design.com\/app\/uploads\/2020\/11\/Logosmall.png\",\"width\":340,\"height\":156,\"caption\":\"TAPEDESIGN\"},\"image\":{\"@id\":\"https:\/\/www.tape-design.com\/#\/schema\/logo\/image\/\"},\"sameAs\":[\"https:\/\/www.facebook.com\/tapedesigncom\/\",\"https:\/\/www.instagram.com\/tapedesign_socks\/?hl=de\"]}]}<\/script>","yoast_head_json":{"title":"Bundle: Allround Socks \"Classic\" + Shinguards 2.0 - TAPEDESIGN","robots":{"index":"index","follow":"follow","max-snippet":"max-snippet:-1","max-image-preview":"max-image-preview:large","max-video-preview":"max-video-preview:-1"},"canonical":"https:\/\/www.tape-design.com\/fr\/produit\/bundle-allround-socks-classic-shinguards-2-0\/","og_locale":"fr_FR","og_type":"article","og_title":"Bundle: Allround Socks \"Classic\" + Shinguards 2.0 - TAPEDESIGN","og_description":"\u2705 Maintien &amp; confort maximum \u2013 maintenant en pack: Le set Tapedesign compos\u00e9 des Allround Socks Classic &amp; des Shinguards 2.0 assure une tenue antid\u00e9rapante dans la chaussure et un&hellip;","og_url":"https:\/\/www.tape-design.com\/fr\/produit\/bundle-allround-socks-classic-shinguards-2-0\/","og_site_name":"TAPEDESIGN","article_publisher":"https:\/\/www.facebook.com\/tapedesigncom\/","article_modified_time":"2026-03-03T12:14:00+00:00","og_image":[{"width":1080,"height":1080,"url":"https:\/\/www.tape-design.com\/app\/uploads\/2025\/06\/2025_TD_PRODUCT_IMG_CLASSIC_BUNDLE_WHITE.jpg","type":"image\/jpeg"}],"twitter_card":"summary_large_image","twitter_misc":{"Dur\u00e9e de lecture estim\u00e9e":"1 minute"},"schema":{"@context":"https:\/\/schema.org","@graph":[{"@type":"WebPage","@id":"https:\/\/www.tape-design.com\/fr\/produit\/bundle-allround-socks-classic-shinguards-2-0\/","url":"https:\/\/www.tape-design.com\/fr\/produit\/bundle-allround-socks-classic-shinguards-2-0\/","name":"Bundle: Allround Socks \"Classic\" + Shinguards 2.0 - TAPEDESIGN","isPartOf":{"@id":"https:\/\/www.tape-design.com\/#website"},"primaryImageOfPage":{"@id":"https:\/\/www.tape-design.com\/fr\/produit\/bundle-allround-socks-classic-shinguards-2-0\/#primaryimage"},"image":{"@id":"https:\/\/www.tape-design.com\/fr\/produit\/bundle-allround-socks-classic-shinguards-2-0\/#primaryimage"},"thumbnailUrl":"https:\/\/www.tape-design.com\/app\/uploads\/2025\/06\/2025_TD_PRODUCT_IMG_CLASSIC_BUNDLE_WHITE.jpg","datePublished":"2025-06-25T15:35:05+00:00","dateModified":"2026-03-03T12:14:00+00:00","breadcrumb":{"@id":"https:\/\/www.tape-design.com\/fr\/produit\/bundle-allround-socks-classic-shinguards-2-0\/#breadcrumb"},"inLanguage":"fr-FR","potentialAction":[{"@type":"ReadAction","target":["https:\/\/www.tape-design.com\/fr\/produit\/bundle-allround-socks-classic-shinguards-2-0\/"]}]},{"@type":"ImageObject","inLanguage":"fr-FR","@id":"https:\/\/www.tape-design.com\/fr\/produit\/bundle-allround-socks-classic-shinguards-2-0\/#primaryimage","url":"https:\/\/www.tape-design.com\/app\/uploads\/2025\/06\/2025_TD_PRODUCT_IMG_CLASSIC_BUNDLE_WHITE.jpg","contentUrl":"https:\/\/www.tape-design.com\/app\/uploads\/2025\/06\/2025_TD_PRODUCT_IMG_CLASSIC_BUNDLE_WHITE.jpg","width":1080,"height":1080},{"@type":"BreadcrumbList","@id":"https:\/\/www.tape-design.com\/fr\/produit\/bundle-allround-socks-classic-shinguards-2-0\/#breadcrumb","itemListElement":[{"@type":"ListItem","position":1,"name":"Home","item":"https:\/\/www.tape-design.com\/fr\/"},{"@type":"ListItem","position":2,"name":"Shop","item":"https:\/\/www.tape-design.com\/fr\/shop\/"},{"@type":"ListItem","position":3,"name":"Bundle: Allround Socks &#8220;Classic&#8221; + Shinguards 2.0"}]},{"@type":"WebSite","@id":"https:\/\/www.tape-design.com\/#website","url":"https:\/\/www.tape-design.com\/","name":"TAPEDESIGN","description":"Always a step ahead","publisher":{"@id":"https:\/\/www.tape-design.com\/#organization"},"potentialAction":[{"@type":"SearchAction","target":{"@type":"EntryPoint","urlTemplate":"https:\/\/www.tape-design.com\/?s={search_term_string}"},"query-input":{"@type":"PropertyValueSpecification","valueRequired":true,"valueName":"search_term_string"}}],"inLanguage":"fr-FR"},{"@type":"Organization","@id":"https:\/\/www.tape-design.com\/#organization","name":"TAPEDESIGN","url":"https:\/\/www.tape-design.com\/","logo":{"@type":"ImageObject","inLanguage":"fr-FR","@id":"https:\/\/www.tape-design.com\/#\/schema\/logo\/image\/","url":"https:\/\/www.tape-design.com\/app\/uploads\/2020\/11\/Logosmall.png","contentUrl":"https:\/\/www.tape-design.com\/app\/uploads\/2020\/11\/Logosmall.png","width":340,"height":156,"caption":"TAPEDESIGN"},"image":{"@id":"https:\/\/www.tape-design.com\/#\/schema\/logo\/image\/"},"sameAs":["https:\/\/www.facebook.com\/tapedesigncom\/","https:\/\/www.instagram.com\/tapedesign_socks\/?hl=de"]}]}},"_links":{"self":[{"href":"https:\/\/www.tape-design.com\/fr\/wp-json\/wp\/v2\/product\/134896","targetHints":{"allow":["GET"]}}],"collection":[{"href":"https:\/\/www.tape-design.com\/fr\/wp-json\/wp\/v2\/product"}],"about":[{"href":"https:\/\/www.tape-design.com\/fr\/wp-json\/wp\/v2\/types\/product"}],"wp:featuredmedia":[{"embeddable":true,"href":"https:\/\/www.tape-design.com\/fr\/wp-json\/wp\/v2\/media\/130325"}],"wp:attachment":[{"href":"https:\/\/www.tape-design.com\/fr\/wp-json\/wp\/v2\/media?parent=134896"}],"wp:term":[{"taxonomy":"product_cat","embeddable":true,"href":"https:\/\/www.tape-design.com\/fr\/wp-json\/wp\/v2\/product_cat?post=134896"},{"taxonomy":"product_tag","embeddable":true,"href":"https:\/\/www.tape-design.com\/fr\/wp-json\/wp\/v2\/product_tag?post=134896"},{"taxonomy":"giftcard-category","embeddable":true,"href":"https:\/\/www.tape-design.com\/fr\/wp-json\/wp\/v2\/giftcard-category?post=134896"}],"curies":[{"name":"wp","href":"https:\/\/api.w.org\/{rel}","templated":true}]}}