{"id":134906,"date":"2025-07-15T18:11:35","date_gmt":"2025-07-15T16:11:35","guid":{"rendered":"https:\/\/www.tape-design.com\/product\/bundle-classic-tubes-shinguards-2-0-black-edition\/"},"modified":"2026-02-24T09:31:12","modified_gmt":"2026-02-24T08:31:12","slug":"bundle-classic-tubes-shinguards-2-0-black-edition","status":"publish","type":"product","link":"https:\/\/www.tape-design.com\/fr\/produit\/bundle-classic-tubes-shinguards-2-0-black-edition\/","title":{"rendered":"Bundle: Classic + Tubes + Shinguards 2.0 <small>(Black Edition)<\/small>"},"content":{"rendered":"<p data-start=\"3063\" data-end=\"3288\"><strong data-start=\"3063\" data-end=\"3091\">ALLROUND SOCKS CLASSIC :<\/strong><br data-start=\"3091\" data-end=\"3094\" \/>La chaussette sp\u00e9ciale antid\u00e9rapante \u201cAllround Classic\u201d s\u00e9duit par sa fonctionnalit\u00e9 et son innovation. Que ce soit dans le sport de haut niveau ou en loisir \u2013 toujours une longueur d\u2019avance !<\/p>\n<p data-start=\"3290\" data-end=\"3534\">Cette chaussette polyvalente assure plus d\u2019adh\u00e9rence et de sensation dans n\u2019importe quelle chaussure. Gr\u00e2ce \u00e0 sa composition sp\u00e9ciale, elle est tr\u00e8s confortable et extr\u00eamement \u00e9lastique \u2013 s\u2019adaptant ainsi \u00e0 chaque pied de mani\u00e8re ergonomique.<\/p>\n<ul>\n<li data-start=\"3538\" data-end=\"3622\">Taille unique (EU 37\u201348) gr\u00e2ce au mat\u00e9riau haut de gamme et travaill\u00e9 sp\u00e9cialement<\/li>\n<li data-start=\"3625\" data-end=\"3743\">Picots en caoutchouc plac\u00e9s \u00e0 l\u2019ext\u00e9rieur en forme ergonomique du pied pour une adh\u00e9rence parfaite dans la chaussure<\/li>\n<li data-start=\"3746\" data-end=\"3797\">Confort sup\u00e9rieur gr\u00e2ce \u00e0 une finition de qualit\u00e9<\/li>\n<li data-start=\"3800\" data-end=\"3910\">Test\u00e9es et approuv\u00e9es par des sportifs professionnels et amateurs (football, tennis, handball, volley, etc.)<\/li>\n<li data-start=\"3913\" data-end=\"4004\">Convient \u00e0 tous les sports n\u00e9cessitant changements de direction et mouvements de rotation<\/li>\n<\/ul>\n<p data-start=\"4006\" data-end=\"4035\"><strong data-start=\"4006\" data-end=\"4033\">Ressens la diff\u00e9rence !<\/strong><\/p>\n<p data-start=\"4037\" data-end=\"4098\">Mati\u00e8re : 55% Coton, 35% Nylon, 7% \u00c9lasthanne, 3% Polyester<\/p>\n<p data-start=\"4105\" data-end=\"4337\">\n<p data-start=\"4105\" data-end=\"4337\"><strong data-start=\"4105\" data-end=\"4129\">TAPEDESIGN \u2013 TUBES :<\/strong><br data-start=\"4129\" data-end=\"4132\" \/>Les \u201cTAPEDESIGN \u2013 Tubes\u201d se distinguent par leur fonctionnalit\u00e9 et leur innovation. Tr\u00e8s confortables, ils sont appr\u00e9ci\u00e9s aussi bien chez les pros que chez les amateurs, et offrent une grande r\u00e9sistance.<\/p>\n<p data-start=\"4339\" data-end=\"4450\">Matchs et entra\u00eenements ne posent plus de probl\u00e8me \u2013 avec les \u201cTAPEDESIGN \u2013 Tubes\u201d, vous \u00eates toujours pr\u00eats.<\/p>\n<ul>\n<li data-start=\"4454\" data-end=\"4573\"><strong data-start=\"4454\" data-end=\"4478\">Ajustement parfait :<\/strong> Coupe sp\u00e9ciale et zones flexibles au mollet assurant un maintien optimal des prot\u00e8ge-tibias.<\/li>\n<li data-start=\"4576\" data-end=\"4636\"><strong data-start=\"4576\" data-end=\"4603\">Mati\u00e8re fonctionnelle :<\/strong> S\u2019adapte id\u00e9alement \u00e0 la peau.<\/li>\n<li data-start=\"4639\" data-end=\"4748\"><strong data-start=\"4639\" data-end=\"4669\">R\u00e9gulation de l\u2019humidit\u00e9 :<\/strong> Fil l\u00e9ger \u00e9vacuant l\u2019humidit\u00e9 vers l\u2019ext\u00e9rieur, pour une meilleure a\u00e9ration.<\/li>\n<\/ul>\n<p data-start=\"4750\" data-end=\"4805\">Composition : 86% Polyester, 10% Nylon, 4% \u00c9lasthanne<\/p>\n<p data-start=\"4812\" data-end=\"4846\">\n<p data-start=\"4812\" data-end=\"4846\"><strong data-start=\"4812\" data-end=\"4844\">PERFORMANCE SHINGUARDS 2.0 :<\/strong><\/p>\n<p data-start=\"4848\" data-end=\"4863\"><strong data-start=\"4848\" data-end=\"4861\">Contenu :<\/strong><\/p>\n<ul>\n<li data-start=\"4866\" data-end=\"4919\">1 paire de \u201cTAPEDESIGN\u00ae Performance Shinguards 2.0\u201d<\/li>\n<li data-start=\"4922\" data-end=\"4943\">1x sac de rangement<\/li>\n<li data-start=\"4946\" data-end=\"4957\">1x notice<\/li>\n<\/ul>\n<p data-start=\"4959\" data-end=\"5016\"><strong data-start=\"4959\" data-end=\"4973\">Finition :<\/strong><br data-start=\"4973\" data-end=\"4976\" \/>Impression directe UV (prot\u00e8ge-tibias)<\/p>\n<p data-start=\"5018\" data-end=\"5135\"><strong data-start=\"5018\" data-end=\"5035\">Utilisation :<\/strong><br data-start=\"5035\" data-end=\"5038\" \/>Les prot\u00e8ge-tibias deviennent souples et moulables sous l\u2019effet de l\u2019air chaud (s\u00e8che-cheveux).<\/p>\n<ol>\n<li data-start=\"5139\" data-end=\"5223\">Poser le prot\u00e8ge-tibia sur une surface propre et lisse (papier ou papier cuisson).<\/li>\n<li data-start=\"5227\" data-end=\"5250\">Chauffer 3\u20136 minutes.<\/li>\n<li data-start=\"5254\" data-end=\"5320\">Attendre 10\u201315 secondes puis appliquer directement sur le tibia.<\/li>\n<li data-start=\"5324\" data-end=\"5472\">Presser l\u00e9g\u00e8rement pour le mettre en forme.<br data-start=\"5367\" data-end=\"5370\" \/>Apr\u00e8s env. 3 minutes, il durcit en prenant la forme du tibia et des muscles. R\u00e9p\u00e9ter avec le second.<\/li>\n<\/ol>\n<p data-start=\"5474\" data-end=\"5612\"><strong data-start=\"5474\" data-end=\"5498\">Ajustement parfait :<\/strong><br data-start=\"5498\" data-end=\"5501\" \/>Apr\u00e8s chauffage, les prot\u00e8ge-tibias s\u2019adaptent \u00e0 presque toutes les formes \u2013 pour un ajustement personnalis\u00e9.<\/p>\n<p data-start=\"5614\" data-end=\"5643\"><strong data-start=\"5614\" data-end=\"5641\">Remarques importantes :<\/strong><\/p>\n<ul>\n<li data-start=\"5646\" data-end=\"5687\">Conserver au frais, \u00e0 l\u2019abri du soleil.<\/li>\n<li data-start=\"5690\" data-end=\"5768\">Une mauvaise utilisation peut endommager le produit (aucune responsabilit\u00e9).<\/li>\n<li data-start=\"5771\" data-end=\"5863\">Protection limit\u00e9e \u2013 aucun prot\u00e8ge-tibia n\u2019offre une s\u00e9curit\u00e9 totale contre les blessures.<\/li>\n<li data-start=\"5866\" data-end=\"5932\">Une modification de la taille r\u00e9duit l\u2019efficacit\u00e9 de protection.<\/li>\n<li data-start=\"5935\" data-end=\"6010\">Nettoyage facile : \u00e0 l\u2019eau puis s\u00e9chage pour \u00e9viter les mauvaises odeurs.<\/li>\n<\/ul>\n","protected":false},"excerpt":{"rendered":"<p>ALLROUND SOCKS CLASSIC :La chaussette sp\u00e9ciale antid\u00e9rapante \u201cAllround Classic\u201d s\u00e9duit par sa fonctionnalit\u00e9 et son innovation. Que ce soit dans le sport de haut niveau ou en loisir \u2013 toujours&hellip;<\/p>\n","protected":false},"featured_media":131325,"template":"","meta":{"_acf_changed":false},"product_cat":[2846],"product_tag":[],"giftcard-category":[],"class_list":{"0":"post-134906","1":"product","2":"type-product","3":"status-publish","4":"has-post-thumbnail","6":"product_cat-special-sets-fr","8":"first","9":"instock","10":"sale","11":"virtual","12":"taxable","13":"purchasable","14":"product-type-bundle"},"bundled_by":[],"bundle_stock_status":"instock","bundle_stock_quantity":"","bundle_virtual":false,"bundle_layout":"default","bundle_add_to_cart_form_location":"default","bundle_editable_in_cart":false,"bundle_sold_individually_context":"product","bundle_item_grouping":"parent","bundle_min_size":"","bundle_max_size":"","bundle_price":{"price":{"min":{"incl_tax":"49.95","excl_tax":"41.625"},"max":{"incl_tax":"49.95","excl_tax":"41.625"}},"regular_price":{"min":{"incl_tax":"71.85","excl_tax":"59.875"},"max":{"incl_tax":"71.85","excl_tax":"59.875"}}},"bundled_items":[{"bundled_item_id":321,"product_id":15470,"menu_order":0,"quantity_min":1,"quantity_max":1,"quantity_default":1,"priced_individually":false,"shipped_individually":false,"override_title":false,"title":"Chaussettes Allround Classic","override_description":false,"description":"Chaussettes Allround Classic","optional":false,"hide_thumbnail":false,"discount":"","override_variations":false,"allowed_variations":[""],"override_default_variation_attributes":false,"default_variation_attributes":[],"single_product_visibility":"visible","cart_visibility":"visible","order_visibility":"visible","single_product_price_visibility":"visible","cart_price_visibility":"visible","order_price_visibility":"visible","stock_status":"in_stock"},{"bundled_item_id":322,"product_id":75126,"menu_order":1,"quantity_min":1,"quantity_max":1,"quantity_default":1,"priced_individually":false,"shipped_individually":false,"override_title":false,"title":"Tubes","override_description":false,"description":"Tubes","optional":false,"hide_thumbnail":false,"discount":"","override_variations":false,"allowed_variations":[""],"override_default_variation_attributes":false,"default_variation_attributes":[],"single_product_visibility":"visible","cart_visibility":"visible","order_visibility":"visible","single_product_price_visibility":"visible","cart_price_visibility":"visible","order_price_visibility":"visible","stock_status":"in_stock"},{"bundled_item_id":323,"product_id":97403,"menu_order":2,"quantity_min":1,"quantity_max":1,"quantity_default":1,"priced_individually":false,"shipped_individually":false,"override_title":false,"title":"Performance Shinguards 2.0 (Black Edition)","override_description":false,"description":"Performance Shinguards 2.0 (Black Edition)","optional":false,"hide_thumbnail":false,"discount":"","override_variations":false,"allowed_variations":[""],"override_default_variation_attributes":false,"default_variation_attributes":[],"single_product_visibility":"visible","cart_visibility":"visible","order_visibility":"visible","single_product_price_visibility":"visible","cart_price_visibility":"visible","order_price_visibility":"visible","stock_status":"in_stock"}],"bundle_sell_ids":[],"exclude_global_add_ons":[],"addons":[],"acf":[],"yoast_head":"<title>Bundle: Classic + Tubes + Shinguards 2.0 (Black Edition) - TAPEDESIGN<\/title>\n<meta name=\"robots\" content=\"index, follow, max-snippet:-1, max-image-preview:large, max-video-preview:-1\" \/>\n<link rel=\"canonical\" href=\"https:\/\/www.tape-design.com\/fr\/produit\/bundle-classic-tubes-shinguards-2-0-black-edition\/\" \/>\n<meta property=\"og:locale\" content=\"fr_FR\" \/>\n<meta property=\"og:type\" content=\"article\" \/>\n<meta property=\"og:title\" content=\"Bundle: Classic + Tubes + Shinguards 2.0 (Black Edition) - TAPEDESIGN\" \/>\n<meta property=\"og:description\" content=\"ALLROUND SOCKS CLASSIC :La chaussette sp\u00e9ciale antid\u00e9rapante \u201cAllround Classic\u201d s\u00e9duit par sa fonctionnalit\u00e9 et son innovation. Que ce soit dans le sport de haut niveau ou en loisir \u2013 toujours&hellip;\" \/>\n<meta property=\"og:url\" content=\"https:\/\/www.tape-design.com\/fr\/produit\/bundle-classic-tubes-shinguards-2-0-black-edition\/\" \/>\n<meta property=\"og:site_name\" content=\"TAPEDESIGN\" \/>\n<meta property=\"article:publisher\" content=\"https:\/\/www.facebook.com\/tapedesigncom\/\" \/>\n<meta property=\"article:modified_time\" content=\"2026-02-24T08:31:12+00:00\" \/>\n<meta property=\"og:image\" content=\"https:\/\/www.tape-design.com\/app\/uploads\/2025\/03\/2025_TD_CRM_BUNDLE_DEAL6_SHINGUARDS_BLACK.jpg\" \/>\n\t<meta property=\"og:image:width\" content=\"1080\" \/>\n\t<meta property=\"og:image:height\" content=\"1080\" \/>\n\t<meta property=\"og:image:type\" content=\"image\/jpeg\" \/>\n<meta name=\"twitter:card\" content=\"summary_large_image\" \/>\n<meta name=\"twitter:label1\" content=\"Dur\u00e9e de lecture estim\u00e9e\" \/>\n\t<meta name=\"twitter:data1\" content=\"2 minutes\" \/>\n<script type=\"application\/ld+json\" class=\"yoast-schema-graph\">{\"@context\":\"https:\/\/schema.org\",\"@graph\":[{\"@type\":\"WebPage\",\"@id\":\"https:\/\/www.tape-design.com\/fr\/produit\/bundle-classic-tubes-shinguards-2-0-black-edition\/\",\"url\":\"https:\/\/www.tape-design.com\/fr\/produit\/bundle-classic-tubes-shinguards-2-0-black-edition\/\",\"name\":\"Bundle: Classic + Tubes + Shinguards 2.0 (Black Edition) - TAPEDESIGN\",\"isPartOf\":{\"@id\":\"https:\/\/www.tape-design.com\/#website\"},\"primaryImageOfPage\":{\"@id\":\"https:\/\/www.tape-design.com\/fr\/produit\/bundle-classic-tubes-shinguards-2-0-black-edition\/#primaryimage\"},\"image\":{\"@id\":\"https:\/\/www.tape-design.com\/fr\/produit\/bundle-classic-tubes-shinguards-2-0-black-edition\/#primaryimage\"},\"thumbnailUrl\":\"https:\/\/www.tape-design.com\/app\/uploads\/2025\/03\/2025_TD_CRM_BUNDLE_DEAL6_SHINGUARDS_BLACK.jpg\",\"datePublished\":\"2025-07-15T16:11:35+00:00\",\"dateModified\":\"2026-02-24T08:31:12+00:00\",\"breadcrumb\":{\"@id\":\"https:\/\/www.tape-design.com\/fr\/produit\/bundle-classic-tubes-shinguards-2-0-black-edition\/#breadcrumb\"},\"inLanguage\":\"fr-FR\",\"potentialAction\":[{\"@type\":\"ReadAction\",\"target\":[\"https:\/\/www.tape-design.com\/fr\/produit\/bundle-classic-tubes-shinguards-2-0-black-edition\/\"]}]},{\"@type\":\"ImageObject\",\"inLanguage\":\"fr-FR\",\"@id\":\"https:\/\/www.tape-design.com\/fr\/produit\/bundle-classic-tubes-shinguards-2-0-black-edition\/#primaryimage\",\"url\":\"https:\/\/www.tape-design.com\/app\/uploads\/2025\/03\/2025_TD_CRM_BUNDLE_DEAL6_SHINGUARDS_BLACK.jpg\",\"contentUrl\":\"https:\/\/www.tape-design.com\/app\/uploads\/2025\/03\/2025_TD_CRM_BUNDLE_DEAL6_SHINGUARDS_BLACK.jpg\",\"width\":1080,\"height\":1080},{\"@type\":\"BreadcrumbList\",\"@id\":\"https:\/\/www.tape-design.com\/fr\/produit\/bundle-classic-tubes-shinguards-2-0-black-edition\/#breadcrumb\",\"itemListElement\":[{\"@type\":\"ListItem\",\"position\":1,\"name\":\"Home\",\"item\":\"https:\/\/www.tape-design.com\/fr\/\"},{\"@type\":\"ListItem\",\"position\":2,\"name\":\"Shop\",\"item\":\"https:\/\/www.tape-design.com\/fr\/shop\/\"},{\"@type\":\"ListItem\",\"position\":3,\"name\":\"Bundle: Classic + Tubes + Shinguards 2.0 (Black Edition)\"}]},{\"@type\":\"WebSite\",\"@id\":\"https:\/\/www.tape-design.com\/#website\",\"url\":\"https:\/\/www.tape-design.com\/\",\"name\":\"TAPEDESIGN\",\"description\":\"Always a step ahead\",\"publisher\":{\"@id\":\"https:\/\/www.tape-design.com\/#organization\"},\"potentialAction\":[{\"@type\":\"SearchAction\",\"target\":{\"@type\":\"EntryPoint\",\"urlTemplate\":\"https:\/\/www.tape-design.com\/?s={search_term_string}\"},\"query-input\":{\"@type\":\"PropertyValueSpecification\",\"valueRequired\":true,\"valueName\":\"search_term_string\"}}],\"inLanguage\":\"fr-FR\"},{\"@type\":\"Organization\",\"@id\":\"https:\/\/www.tape-design.com\/#organization\",\"name\":\"TAPEDESIGN\",\"url\":\"https:\/\/www.tape-design.com\/\",\"logo\":{\"@type\":\"ImageObject\",\"inLanguage\":\"fr-FR\",\"@id\":\"https:\/\/www.tape-design.com\/#\/schema\/logo\/image\/\",\"url\":\"https:\/\/www.tape-design.com\/app\/uploads\/2020\/11\/Logosmall.png\",\"contentUrl\":\"https:\/\/www.tape-design.com\/app\/uploads\/2020\/11\/Logosmall.png\",\"width\":340,\"height\":156,\"caption\":\"TAPEDESIGN\"},\"image\":{\"@id\":\"https:\/\/www.tape-design.com\/#\/schema\/logo\/image\/\"},\"sameAs\":[\"https:\/\/www.facebook.com\/tapedesigncom\/\",\"https:\/\/www.instagram.com\/tapedesign_socks\/?hl=de\"]}]}<\/script>","yoast_head_json":{"title":"Bundle: Classic + Tubes + Shinguards 2.0 (Black Edition) - TAPEDESIGN","robots":{"index":"index","follow":"follow","max-snippet":"max-snippet:-1","max-image-preview":"max-image-preview:large","max-video-preview":"max-video-preview:-1"},"canonical":"https:\/\/www.tape-design.com\/fr\/produit\/bundle-classic-tubes-shinguards-2-0-black-edition\/","og_locale":"fr_FR","og_type":"article","og_title":"Bundle: Classic + Tubes + Shinguards 2.0 (Black Edition) - TAPEDESIGN","og_description":"ALLROUND SOCKS CLASSIC :La chaussette sp\u00e9ciale antid\u00e9rapante \u201cAllround Classic\u201d s\u00e9duit par sa fonctionnalit\u00e9 et son innovation. Que ce soit dans le sport de haut niveau ou en loisir \u2013 toujours&hellip;","og_url":"https:\/\/www.tape-design.com\/fr\/produit\/bundle-classic-tubes-shinguards-2-0-black-edition\/","og_site_name":"TAPEDESIGN","article_publisher":"https:\/\/www.facebook.com\/tapedesigncom\/","article_modified_time":"2026-02-24T08:31:12+00:00","og_image":[{"width":1080,"height":1080,"url":"https:\/\/www.tape-design.com\/app\/uploads\/2025\/03\/2025_TD_CRM_BUNDLE_DEAL6_SHINGUARDS_BLACK.jpg","type":"image\/jpeg"}],"twitter_card":"summary_large_image","twitter_misc":{"Dur\u00e9e de lecture estim\u00e9e":"2 minutes"},"schema":{"@context":"https:\/\/schema.org","@graph":[{"@type":"WebPage","@id":"https:\/\/www.tape-design.com\/fr\/produit\/bundle-classic-tubes-shinguards-2-0-black-edition\/","url":"https:\/\/www.tape-design.com\/fr\/produit\/bundle-classic-tubes-shinguards-2-0-black-edition\/","name":"Bundle: Classic + Tubes + Shinguards 2.0 (Black Edition) - TAPEDESIGN","isPartOf":{"@id":"https:\/\/www.tape-design.com\/#website"},"primaryImageOfPage":{"@id":"https:\/\/www.tape-design.com\/fr\/produit\/bundle-classic-tubes-shinguards-2-0-black-edition\/#primaryimage"},"image":{"@id":"https:\/\/www.tape-design.com\/fr\/produit\/bundle-classic-tubes-shinguards-2-0-black-edition\/#primaryimage"},"thumbnailUrl":"https:\/\/www.tape-design.com\/app\/uploads\/2025\/03\/2025_TD_CRM_BUNDLE_DEAL6_SHINGUARDS_BLACK.jpg","datePublished":"2025-07-15T16:11:35+00:00","dateModified":"2026-02-24T08:31:12+00:00","breadcrumb":{"@id":"https:\/\/www.tape-design.com\/fr\/produit\/bundle-classic-tubes-shinguards-2-0-black-edition\/#breadcrumb"},"inLanguage":"fr-FR","potentialAction":[{"@type":"ReadAction","target":["https:\/\/www.tape-design.com\/fr\/produit\/bundle-classic-tubes-shinguards-2-0-black-edition\/"]}]},{"@type":"ImageObject","inLanguage":"fr-FR","@id":"https:\/\/www.tape-design.com\/fr\/produit\/bundle-classic-tubes-shinguards-2-0-black-edition\/#primaryimage","url":"https:\/\/www.tape-design.com\/app\/uploads\/2025\/03\/2025_TD_CRM_BUNDLE_DEAL6_SHINGUARDS_BLACK.jpg","contentUrl":"https:\/\/www.tape-design.com\/app\/uploads\/2025\/03\/2025_TD_CRM_BUNDLE_DEAL6_SHINGUARDS_BLACK.jpg","width":1080,"height":1080},{"@type":"BreadcrumbList","@id":"https:\/\/www.tape-design.com\/fr\/produit\/bundle-classic-tubes-shinguards-2-0-black-edition\/#breadcrumb","itemListElement":[{"@type":"ListItem","position":1,"name":"Home","item":"https:\/\/www.tape-design.com\/fr\/"},{"@type":"ListItem","position":2,"name":"Shop","item":"https:\/\/www.tape-design.com\/fr\/shop\/"},{"@type":"ListItem","position":3,"name":"Bundle: Classic + Tubes + Shinguards 2.0 (Black Edition)"}]},{"@type":"WebSite","@id":"https:\/\/www.tape-design.com\/#website","url":"https:\/\/www.tape-design.com\/","name":"TAPEDESIGN","description":"Always a step ahead","publisher":{"@id":"https:\/\/www.tape-design.com\/#organization"},"potentialAction":[{"@type":"SearchAction","target":{"@type":"EntryPoint","urlTemplate":"https:\/\/www.tape-design.com\/?s={search_term_string}"},"query-input":{"@type":"PropertyValueSpecification","valueRequired":true,"valueName":"search_term_string"}}],"inLanguage":"fr-FR"},{"@type":"Organization","@id":"https:\/\/www.tape-design.com\/#organization","name":"TAPEDESIGN","url":"https:\/\/www.tape-design.com\/","logo":{"@type":"ImageObject","inLanguage":"fr-FR","@id":"https:\/\/www.tape-design.com\/#\/schema\/logo\/image\/","url":"https:\/\/www.tape-design.com\/app\/uploads\/2020\/11\/Logosmall.png","contentUrl":"https:\/\/www.tape-design.com\/app\/uploads\/2020\/11\/Logosmall.png","width":340,"height":156,"caption":"TAPEDESIGN"},"image":{"@id":"https:\/\/www.tape-design.com\/#\/schema\/logo\/image\/"},"sameAs":["https:\/\/www.facebook.com\/tapedesigncom\/","https:\/\/www.instagram.com\/tapedesign_socks\/?hl=de"]}]}},"_links":{"self":[{"href":"https:\/\/www.tape-design.com\/fr\/wp-json\/wp\/v2\/product\/134906","targetHints":{"allow":["GET"]}}],"collection":[{"href":"https:\/\/www.tape-design.com\/fr\/wp-json\/wp\/v2\/product"}],"about":[{"href":"https:\/\/www.tape-design.com\/fr\/wp-json\/wp\/v2\/types\/product"}],"wp:featuredmedia":[{"embeddable":true,"href":"https:\/\/www.tape-design.com\/fr\/wp-json\/wp\/v2\/media\/131325"}],"wp:attachment":[{"href":"https:\/\/www.tape-design.com\/fr\/wp-json\/wp\/v2\/media?parent=134906"}],"wp:term":[{"taxonomy":"product_cat","embeddable":true,"href":"https:\/\/www.tape-design.com\/fr\/wp-json\/wp\/v2\/product_cat?post=134906"},{"taxonomy":"product_tag","embeddable":true,"href":"https:\/\/www.tape-design.com\/fr\/wp-json\/wp\/v2\/product_tag?post=134906"},{"taxonomy":"giftcard-category","embeddable":true,"href":"https:\/\/www.tape-design.com\/fr\/wp-json\/wp\/v2\/giftcard-category?post=134906"}],"curies":[{"name":"wp","href":"https:\/\/api.w.org\/{rel}","templated":true}]}}