{"id":134911,"date":"2025-07-15T18:04:48","date_gmt":"2025-07-15T16:04:48","guid":{"rendered":"https:\/\/www.tape-design.com\/product\/bundle-superlight-tubes-shinguards-2-0-black-edition\/"},"modified":"2026-02-24T09:31:24","modified_gmt":"2026-02-24T08:31:24","slug":"bundle-superlight-tubes-shinguards-2-0-black-edition","status":"publish","type":"product","link":"https:\/\/www.tape-design.com\/fr\/produit\/bundle-superlight-tubes-shinguards-2-0-black-edition\/","title":{"rendered":"Bundle: Superlight + Tubes + Shinguards 2.0 <small>(Black Edition)<\/small>"},"content":{"rendered":"<p data-start=\"2995\" data-end=\"3229\"><strong data-start=\"2995\" data-end=\"3017\">SUPERLIGHT SOCKS :<\/strong><br data-start=\"3017\" data-end=\"3020\" \/>La nouvelle chaussette TAPEDESIGN \u201cSUPERLIGHT\u201d s\u00e9duit par son tissu ultra-fin, extr\u00eamement l\u00e9ger et tr\u00e8s agr\u00e9able \u00e0 porter. Que ce soit en sport de haut niveau ou en loisir \u2013 toujours une longueur d\u2019avance !<\/p>\n<p data-start=\"3231\" data-end=\"3457\">Cette chaussette sp\u00e9ciale offre plus d\u2019adh\u00e9rence et de sensations dans n\u2019importe quelle chaussure. Gr\u00e2ce \u00e0 sa composition unique, elle est tr\u00e8s confortable et extr\u00eamement \u00e9lastique \u2013 s\u2019adaptant ergonomiquement \u00e0 chaque pied.<\/p>\n<ul>\n<li data-start=\"3461\" data-end=\"3473\">Ultra fine<\/li>\n<li data-start=\"3476\" data-end=\"3523\">Extra l\u00e9g\u00e8re, seulement 26,5 g par chaussette<\/li>\n<li data-start=\"3526\" data-end=\"3609\">Taille unique (EU 37\u201348) gr\u00e2ce \u00e0 un mat\u00e9riau haut de gamme sp\u00e9cialement travaill\u00e9<\/li>\n<li data-start=\"3612\" data-end=\"3722\">Picots en caoutchouc plac\u00e9s \u00e0 l\u2019ext\u00e9rieur en forme ergonomique pour une adh\u00e9rence parfaite dans la chaussure<\/li>\n<li data-start=\"3725\" data-end=\"3776\">Confort sup\u00e9rieur gr\u00e2ce \u00e0 une finition de qualit\u00e9<\/li>\n<li data-start=\"3779\" data-end=\"3889\">Test\u00e9es et approuv\u00e9es par des sportifs professionnels et amateurs (football, tennis, handball, volley, etc.)<\/li>\n<li data-start=\"3892\" data-end=\"3980\">Convient \u00e0 tous les sports n\u00e9cessitant changements de direction et mouvements rotatifs<\/li>\n<\/ul>\n<p data-start=\"3982\" data-end=\"4011\"><strong data-start=\"3982\" data-end=\"4009\">Ressens la diff\u00e9rence !<\/strong><\/p>\n<p data-start=\"4013\" data-end=\"4074\">Mati\u00e8re : 55% Coton, 35% Nylon, 7% \u00c9lasthanne, 3% Polyester<\/p>\n<p data-start=\"4081\" data-end=\"4313\">\n<p data-start=\"4081\" data-end=\"4313\"><strong data-start=\"4081\" data-end=\"4105\">TAPEDESIGN \u2013 TUBES :<\/strong><br data-start=\"4105\" data-end=\"4108\" \/>Les \u201cTAPEDESIGN \u2013 Tubes\u201d se distinguent par leur fonctionnalit\u00e9 et leur innovation. Tr\u00e8s confortables, ils sont appr\u00e9ci\u00e9s aussi bien des professionnels que des amateurs, et offrent une grande durabilit\u00e9.<\/p>\n<p data-start=\"4315\" data-end=\"4426\">Matchs et entra\u00eenements ne posent plus de probl\u00e8me \u2013 avec les \u201cTAPEDESIGN \u2013 Tubes\u201d, vous \u00eates toujours pr\u00eats.<\/p>\n<ul>\n<li data-start=\"4430\" data-end=\"4549\"><strong data-start=\"4430\" data-end=\"4454\">Ajustement parfait :<\/strong> Coupe sp\u00e9ciale et zones flexibles au mollet assurant un maintien optimal des prot\u00e8ge-tibias.<\/li>\n<li data-start=\"4552\" data-end=\"4612\"><strong data-start=\"4552\" data-end=\"4579\">Mati\u00e8re fonctionnelle :<\/strong> S\u2019adapte id\u00e9alement \u00e0 la peau.<\/li>\n<li data-start=\"4615\" data-end=\"4719\"><strong data-start=\"4615\" data-end=\"4645\">R\u00e9gulation de l\u2019humidit\u00e9 :<\/strong> Le fil l\u00e9ger \u00e9vacue l\u2019humidit\u00e9 vers l\u2019ext\u00e9rieur, am\u00e9liorant l\u2019a\u00e9ration.<\/li>\n<\/ul>\n<p data-start=\"4721\" data-end=\"4776\">Composition : 86% Polyester, 10% Nylon, 4% \u00c9lasthanne<\/p>\n<p data-start=\"4783\" data-end=\"4833\">\n<p data-start=\"4783\" data-end=\"4833\"><strong data-start=\"4783\" data-end=\"4831\">PERFORMANCE SHINGUARDS 2.0 (Black Edition) :<\/strong><\/p>\n<p data-start=\"4835\" data-end=\"4850\"><strong data-start=\"4835\" data-end=\"4848\">Contenu :<\/strong><\/p>\n<ul>\n<li data-start=\"4853\" data-end=\"4906\">1 paire de \u201cTAPEDESIGN\u00ae Performance Shinguards 2.0\u201d<\/li>\n<li data-start=\"4909\" data-end=\"4930\">1x sac de rangement<\/li>\n<li data-start=\"4933\" data-end=\"4944\">1x notice<\/li>\n<\/ul>\n<p data-start=\"4946\" data-end=\"5003\"><strong data-start=\"4946\" data-end=\"4960\">Finition :<\/strong><br data-start=\"4960\" data-end=\"4963\" \/>Impression UV directe (prot\u00e8ge-tibias)<\/p>\n<p data-start=\"5005\" data-end=\"5122\"><strong data-start=\"5005\" data-end=\"5022\">Utilisation :<\/strong><br data-start=\"5022\" data-end=\"5025\" \/>Les prot\u00e8ge-tibias deviennent souples et moulables sous l\u2019effet de l\u2019air chaud (s\u00e8che-cheveux).<\/p>\n<ol>\n<li data-start=\"5126\" data-end=\"5194\">Placer sur une surface propre et lisse (papier ou papier cuisson).<\/li>\n<li data-start=\"5198\" data-end=\"5221\">Chauffer 3\u20136 minutes.<\/li>\n<li data-start=\"5225\" data-end=\"5291\">Attendre 10\u201315 secondes puis appliquer directement sur le tibia.<\/li>\n<li data-start=\"5295\" data-end=\"5448\">Presser l\u00e9g\u00e8rement pour le mettre en forme.<br data-start=\"5338\" data-end=\"5341\" \/>Apr\u00e8s env. 3 minutes, il durcit et prend la forme exacte du tibia et des muscles. R\u00e9p\u00e9ter avec le second.<\/li>\n<\/ol>\n<p data-start=\"5450\" data-end=\"5586\"><strong data-start=\"5450\" data-end=\"5474\">Ajustement parfait :<\/strong><br data-start=\"5474\" data-end=\"5477\" \/>Apr\u00e8s chauffage, les prot\u00e8ge-tibias s\u2019adaptent \u00e0 presque toutes les formes \u2013 pour un ajustement sur mesure.<\/p>\n<p data-start=\"5588\" data-end=\"5617\"><strong data-start=\"5588\" data-end=\"5615\">Remarques importantes :<\/strong><\/p>\n<ul>\n<li data-start=\"5620\" data-end=\"5661\">Conserver au frais, \u00e0 l\u2019abri du soleil.<\/li>\n<li data-start=\"5664\" data-end=\"5736\">Mauvaise utilisation = risque d\u2019endommagement (aucune responsabilit\u00e9).<\/li>\n<li data-start=\"5739\" data-end=\"5820\">Protection limit\u00e9e \u2013 aucun prot\u00e8ge-tibia ne peut pr\u00e9venir toutes les blessures.<\/li>\n<li data-start=\"5823\" data-end=\"5863\">Une modification r\u00e9duit la protection.<\/li>\n<li data-start=\"5866\" data-end=\"5942\">Nettoyage facile : \u00e0 l\u2019eau, puis s\u00e9chage pour \u00e9viter les mauvaises odeurs.<\/li>\n<\/ul>\n","protected":false},"excerpt":{"rendered":"<p>L\u00e9ger comme une plume et prot\u00e9g\u00e9 de tous c\u00f4t\u00e9s : SUPERLIGHT Socks avec SHINGUARDS 2.0 et TUBES \u2013 la combinaison parfaite pour les athl\u00e8tes de haut niveau.<\/p>\n","protected":false},"featured_media":131330,"template":"","meta":{"_acf_changed":false},"product_cat":[2846],"product_tag":[],"giftcard-category":[],"class_list":{"0":"post-134911","1":"product","2":"type-product","3":"status-publish","4":"has-post-thumbnail","6":"product_cat-special-sets-fr","8":"first","9":"instock","10":"sale","11":"virtual","12":"taxable","13":"purchasable","14":"product-type-bundle"},"bundled_by":[],"bundle_stock_status":"instock","bundle_stock_quantity":"","bundle_virtual":false,"bundle_layout":"default","bundle_add_to_cart_form_location":"default","bundle_editable_in_cart":false,"bundle_sold_individually_context":"product","bundle_item_grouping":"parent","bundle_min_size":"","bundle_max_size":"","bundle_price":{"price":{"min":{"incl_tax":"49.95","excl_tax":"41.625"},"max":{"incl_tax":"49.95","excl_tax":"41.625"}},"regular_price":{"min":{"incl_tax":"66.85","excl_tax":"55.708333"},"max":{"incl_tax":"66.85","excl_tax":"55.708333"}}},"bundled_items":[{"bundled_item_id":333,"product_id":59142,"menu_order":0,"quantity_min":1,"quantity_max":1,"quantity_default":1,"priced_individually":false,"shipped_individually":false,"override_title":false,"title":"\u201eSUPERLIGHT\u201d Socks","override_description":false,"description":"\u201eSUPERLIGHT\u201d Socks","optional":false,"hide_thumbnail":false,"discount":"","override_variations":false,"allowed_variations":[""],"override_default_variation_attributes":false,"default_variation_attributes":[],"single_product_visibility":"visible","cart_visibility":"visible","order_visibility":"visible","single_product_price_visibility":"visible","cart_price_visibility":"visible","order_price_visibility":"visible","stock_status":"in_stock"},{"bundled_item_id":334,"product_id":75126,"menu_order":1,"quantity_min":1,"quantity_max":1,"quantity_default":1,"priced_individually":false,"shipped_individually":false,"override_title":false,"title":"Tubes","override_description":false,"description":"Tubes","optional":false,"hide_thumbnail":false,"discount":"","override_variations":false,"allowed_variations":[""],"override_default_variation_attributes":false,"default_variation_attributes":[],"single_product_visibility":"visible","cart_visibility":"visible","order_visibility":"visible","single_product_price_visibility":"visible","cart_price_visibility":"visible","order_price_visibility":"visible","stock_status":"in_stock"},{"bundled_item_id":335,"product_id":97403,"menu_order":2,"quantity_min":1,"quantity_max":1,"quantity_default":1,"priced_individually":false,"shipped_individually":false,"override_title":false,"title":"Performance Shinguards 2.0 (Black Edition)","override_description":false,"description":"Performance Shinguards 2.0 (Black Edition)","optional":false,"hide_thumbnail":false,"discount":"","override_variations":false,"allowed_variations":[""],"override_default_variation_attributes":false,"default_variation_attributes":[],"single_product_visibility":"visible","cart_visibility":"visible","order_visibility":"visible","single_product_price_visibility":"visible","cart_price_visibility":"visible","order_price_visibility":"visible","stock_status":"in_stock"}],"bundle_sell_ids":[],"exclude_global_add_ons":[],"addons":[],"acf":[],"yoast_head":"<title>Bundle: Superlight + Tubes + Shinguards 2.0 (Black Edition) - TAPEDESIGN<\/title>\n<meta name=\"robots\" content=\"index, follow, max-snippet:-1, max-image-preview:large, max-video-preview:-1\" \/>\n<link rel=\"canonical\" href=\"https:\/\/www.tape-design.com\/fr\/produit\/bundle-superlight-tubes-shinguards-2-0-black-edition\/\" \/>\n<meta property=\"og:locale\" content=\"fr_FR\" \/>\n<meta property=\"og:type\" content=\"article\" \/>\n<meta property=\"og:title\" content=\"Bundle: Superlight + Tubes + Shinguards 2.0 (Black Edition) - TAPEDESIGN\" \/>\n<meta property=\"og:description\" content=\"L\u00e9ger comme une plume et prot\u00e9g\u00e9 de tous c\u00f4t\u00e9s : SUPERLIGHT Socks avec SHINGUARDS 2.0 et TUBES \u2013 la combinaison parfaite pour les athl\u00e8tes de haut niveau.\" \/>\n<meta property=\"og:url\" content=\"https:\/\/www.tape-design.com\/fr\/produit\/bundle-superlight-tubes-shinguards-2-0-black-edition\/\" \/>\n<meta property=\"og:site_name\" content=\"TAPEDESIGN\" \/>\n<meta property=\"article:publisher\" content=\"https:\/\/www.facebook.com\/tapedesigncom\/\" \/>\n<meta property=\"article:modified_time\" content=\"2026-02-24T08:31:24+00:00\" \/>\n<meta property=\"og:image\" content=\"https:\/\/www.tape-design.com\/app\/uploads\/2025\/03\/2025_TD_CRM_BUNDLE_DEAL5_SHINGUARDS_BLACK.jpg\" \/>\n\t<meta property=\"og:image:width\" content=\"1080\" \/>\n\t<meta property=\"og:image:height\" content=\"1080\" \/>\n\t<meta property=\"og:image:type\" content=\"image\/jpeg\" \/>\n<meta name=\"twitter:card\" content=\"summary_large_image\" \/>\n<meta name=\"twitter:label1\" content=\"Dur\u00e9e de lecture estim\u00e9e\" \/>\n\t<meta name=\"twitter:data1\" content=\"2 minutes\" \/>\n<script type=\"application\/ld+json\" class=\"yoast-schema-graph\">{\"@context\":\"https:\/\/schema.org\",\"@graph\":[{\"@type\":\"WebPage\",\"@id\":\"https:\/\/www.tape-design.com\/fr\/produit\/bundle-superlight-tubes-shinguards-2-0-black-edition\/\",\"url\":\"https:\/\/www.tape-design.com\/fr\/produit\/bundle-superlight-tubes-shinguards-2-0-black-edition\/\",\"name\":\"Bundle: Superlight + Tubes + Shinguards 2.0 (Black Edition) - TAPEDESIGN\",\"isPartOf\":{\"@id\":\"https:\/\/www.tape-design.com\/#website\"},\"primaryImageOfPage\":{\"@id\":\"https:\/\/www.tape-design.com\/fr\/produit\/bundle-superlight-tubes-shinguards-2-0-black-edition\/#primaryimage\"},\"image\":{\"@id\":\"https:\/\/www.tape-design.com\/fr\/produit\/bundle-superlight-tubes-shinguards-2-0-black-edition\/#primaryimage\"},\"thumbnailUrl\":\"https:\/\/www.tape-design.com\/app\/uploads\/2025\/03\/2025_TD_CRM_BUNDLE_DEAL5_SHINGUARDS_BLACK.jpg\",\"datePublished\":\"2025-07-15T16:04:48+00:00\",\"dateModified\":\"2026-02-24T08:31:24+00:00\",\"breadcrumb\":{\"@id\":\"https:\/\/www.tape-design.com\/fr\/produit\/bundle-superlight-tubes-shinguards-2-0-black-edition\/#breadcrumb\"},\"inLanguage\":\"fr-FR\",\"potentialAction\":[{\"@type\":\"ReadAction\",\"target\":[\"https:\/\/www.tape-design.com\/fr\/produit\/bundle-superlight-tubes-shinguards-2-0-black-edition\/\"]}]},{\"@type\":\"ImageObject\",\"inLanguage\":\"fr-FR\",\"@id\":\"https:\/\/www.tape-design.com\/fr\/produit\/bundle-superlight-tubes-shinguards-2-0-black-edition\/#primaryimage\",\"url\":\"https:\/\/www.tape-design.com\/app\/uploads\/2025\/03\/2025_TD_CRM_BUNDLE_DEAL5_SHINGUARDS_BLACK.jpg\",\"contentUrl\":\"https:\/\/www.tape-design.com\/app\/uploads\/2025\/03\/2025_TD_CRM_BUNDLE_DEAL5_SHINGUARDS_BLACK.jpg\",\"width\":1080,\"height\":1080},{\"@type\":\"BreadcrumbList\",\"@id\":\"https:\/\/www.tape-design.com\/fr\/produit\/bundle-superlight-tubes-shinguards-2-0-black-edition\/#breadcrumb\",\"itemListElement\":[{\"@type\":\"ListItem\",\"position\":1,\"name\":\"Home\",\"item\":\"https:\/\/www.tape-design.com\/fr\/\"},{\"@type\":\"ListItem\",\"position\":2,\"name\":\"Shop\",\"item\":\"https:\/\/www.tape-design.com\/fr\/shop\/\"},{\"@type\":\"ListItem\",\"position\":3,\"name\":\"Bundle: Superlight + Tubes + Shinguards 2.0 (Black Edition)\"}]},{\"@type\":\"WebSite\",\"@id\":\"https:\/\/www.tape-design.com\/#website\",\"url\":\"https:\/\/www.tape-design.com\/\",\"name\":\"TAPEDESIGN\",\"description\":\"Always a step ahead\",\"publisher\":{\"@id\":\"https:\/\/www.tape-design.com\/#organization\"},\"potentialAction\":[{\"@type\":\"SearchAction\",\"target\":{\"@type\":\"EntryPoint\",\"urlTemplate\":\"https:\/\/www.tape-design.com\/?s={search_term_string}\"},\"query-input\":{\"@type\":\"PropertyValueSpecification\",\"valueRequired\":true,\"valueName\":\"search_term_string\"}}],\"inLanguage\":\"fr-FR\"},{\"@type\":\"Organization\",\"@id\":\"https:\/\/www.tape-design.com\/#organization\",\"name\":\"TAPEDESIGN\",\"url\":\"https:\/\/www.tape-design.com\/\",\"logo\":{\"@type\":\"ImageObject\",\"inLanguage\":\"fr-FR\",\"@id\":\"https:\/\/www.tape-design.com\/#\/schema\/logo\/image\/\",\"url\":\"https:\/\/www.tape-design.com\/app\/uploads\/2020\/11\/Logosmall.png\",\"contentUrl\":\"https:\/\/www.tape-design.com\/app\/uploads\/2020\/11\/Logosmall.png\",\"width\":340,\"height\":156,\"caption\":\"TAPEDESIGN\"},\"image\":{\"@id\":\"https:\/\/www.tape-design.com\/#\/schema\/logo\/image\/\"},\"sameAs\":[\"https:\/\/www.facebook.com\/tapedesigncom\/\",\"https:\/\/www.instagram.com\/tapedesign_socks\/?hl=de\"]}]}<\/script>","yoast_head_json":{"title":"Bundle: Superlight + Tubes + Shinguards 2.0 (Black Edition) - TAPEDESIGN","robots":{"index":"index","follow":"follow","max-snippet":"max-snippet:-1","max-image-preview":"max-image-preview:large","max-video-preview":"max-video-preview:-1"},"canonical":"https:\/\/www.tape-design.com\/fr\/produit\/bundle-superlight-tubes-shinguards-2-0-black-edition\/","og_locale":"fr_FR","og_type":"article","og_title":"Bundle: Superlight + Tubes + Shinguards 2.0 (Black Edition) - TAPEDESIGN","og_description":"L\u00e9ger comme une plume et prot\u00e9g\u00e9 de tous c\u00f4t\u00e9s : SUPERLIGHT Socks avec SHINGUARDS 2.0 et TUBES \u2013 la combinaison parfaite pour les athl\u00e8tes de haut niveau.","og_url":"https:\/\/www.tape-design.com\/fr\/produit\/bundle-superlight-tubes-shinguards-2-0-black-edition\/","og_site_name":"TAPEDESIGN","article_publisher":"https:\/\/www.facebook.com\/tapedesigncom\/","article_modified_time":"2026-02-24T08:31:24+00:00","og_image":[{"width":1080,"height":1080,"url":"https:\/\/www.tape-design.com\/app\/uploads\/2025\/03\/2025_TD_CRM_BUNDLE_DEAL5_SHINGUARDS_BLACK.jpg","type":"image\/jpeg"}],"twitter_card":"summary_large_image","twitter_misc":{"Dur\u00e9e de lecture estim\u00e9e":"2 minutes"},"schema":{"@context":"https:\/\/schema.org","@graph":[{"@type":"WebPage","@id":"https:\/\/www.tape-design.com\/fr\/produit\/bundle-superlight-tubes-shinguards-2-0-black-edition\/","url":"https:\/\/www.tape-design.com\/fr\/produit\/bundle-superlight-tubes-shinguards-2-0-black-edition\/","name":"Bundle: Superlight + Tubes + Shinguards 2.0 (Black Edition) - TAPEDESIGN","isPartOf":{"@id":"https:\/\/www.tape-design.com\/#website"},"primaryImageOfPage":{"@id":"https:\/\/www.tape-design.com\/fr\/produit\/bundle-superlight-tubes-shinguards-2-0-black-edition\/#primaryimage"},"image":{"@id":"https:\/\/www.tape-design.com\/fr\/produit\/bundle-superlight-tubes-shinguards-2-0-black-edition\/#primaryimage"},"thumbnailUrl":"https:\/\/www.tape-design.com\/app\/uploads\/2025\/03\/2025_TD_CRM_BUNDLE_DEAL5_SHINGUARDS_BLACK.jpg","datePublished":"2025-07-15T16:04:48+00:00","dateModified":"2026-02-24T08:31:24+00:00","breadcrumb":{"@id":"https:\/\/www.tape-design.com\/fr\/produit\/bundle-superlight-tubes-shinguards-2-0-black-edition\/#breadcrumb"},"inLanguage":"fr-FR","potentialAction":[{"@type":"ReadAction","target":["https:\/\/www.tape-design.com\/fr\/produit\/bundle-superlight-tubes-shinguards-2-0-black-edition\/"]}]},{"@type":"ImageObject","inLanguage":"fr-FR","@id":"https:\/\/www.tape-design.com\/fr\/produit\/bundle-superlight-tubes-shinguards-2-0-black-edition\/#primaryimage","url":"https:\/\/www.tape-design.com\/app\/uploads\/2025\/03\/2025_TD_CRM_BUNDLE_DEAL5_SHINGUARDS_BLACK.jpg","contentUrl":"https:\/\/www.tape-design.com\/app\/uploads\/2025\/03\/2025_TD_CRM_BUNDLE_DEAL5_SHINGUARDS_BLACK.jpg","width":1080,"height":1080},{"@type":"BreadcrumbList","@id":"https:\/\/www.tape-design.com\/fr\/produit\/bundle-superlight-tubes-shinguards-2-0-black-edition\/#breadcrumb","itemListElement":[{"@type":"ListItem","position":1,"name":"Home","item":"https:\/\/www.tape-design.com\/fr\/"},{"@type":"ListItem","position":2,"name":"Shop","item":"https:\/\/www.tape-design.com\/fr\/shop\/"},{"@type":"ListItem","position":3,"name":"Bundle: Superlight + Tubes + Shinguards 2.0 (Black Edition)"}]},{"@type":"WebSite","@id":"https:\/\/www.tape-design.com\/#website","url":"https:\/\/www.tape-design.com\/","name":"TAPEDESIGN","description":"Always a step ahead","publisher":{"@id":"https:\/\/www.tape-design.com\/#organization"},"potentialAction":[{"@type":"SearchAction","target":{"@type":"EntryPoint","urlTemplate":"https:\/\/www.tape-design.com\/?s={search_term_string}"},"query-input":{"@type":"PropertyValueSpecification","valueRequired":true,"valueName":"search_term_string"}}],"inLanguage":"fr-FR"},{"@type":"Organization","@id":"https:\/\/www.tape-design.com\/#organization","name":"TAPEDESIGN","url":"https:\/\/www.tape-design.com\/","logo":{"@type":"ImageObject","inLanguage":"fr-FR","@id":"https:\/\/www.tape-design.com\/#\/schema\/logo\/image\/","url":"https:\/\/www.tape-design.com\/app\/uploads\/2020\/11\/Logosmall.png","contentUrl":"https:\/\/www.tape-design.com\/app\/uploads\/2020\/11\/Logosmall.png","width":340,"height":156,"caption":"TAPEDESIGN"},"image":{"@id":"https:\/\/www.tape-design.com\/#\/schema\/logo\/image\/"},"sameAs":["https:\/\/www.facebook.com\/tapedesigncom\/","https:\/\/www.instagram.com\/tapedesign_socks\/?hl=de"]}]}},"_links":{"self":[{"href":"https:\/\/www.tape-design.com\/fr\/wp-json\/wp\/v2\/product\/134911","targetHints":{"allow":["GET"]}}],"collection":[{"href":"https:\/\/www.tape-design.com\/fr\/wp-json\/wp\/v2\/product"}],"about":[{"href":"https:\/\/www.tape-design.com\/fr\/wp-json\/wp\/v2\/types\/product"}],"wp:featuredmedia":[{"embeddable":true,"href":"https:\/\/www.tape-design.com\/fr\/wp-json\/wp\/v2\/media\/131330"}],"wp:attachment":[{"href":"https:\/\/www.tape-design.com\/fr\/wp-json\/wp\/v2\/media?parent=134911"}],"wp:term":[{"taxonomy":"product_cat","embeddable":true,"href":"https:\/\/www.tape-design.com\/fr\/wp-json\/wp\/v2\/product_cat?post=134911"},{"taxonomy":"product_tag","embeddable":true,"href":"https:\/\/www.tape-design.com\/fr\/wp-json\/wp\/v2\/product_tag?post=134911"},{"taxonomy":"giftcard-category","embeddable":true,"href":"https:\/\/www.tape-design.com\/fr\/wp-json\/wp\/v2\/giftcard-category?post=134911"}],"curies":[{"name":"wp","href":"https:\/\/api.w.org\/{rel}","templated":true}]}}