{"id":134917,"date":"2025-06-25T17:21:49","date_gmt":"2025-06-25T15:21:49","guid":{"rendered":"https:\/\/www.tape-design.com\/product\/double-pack-superlight-socks\/"},"modified":"2026-03-03T13:14:10","modified_gmt":"2026-03-03T12:14:10","slug":"double-pack-superlight-socks","status":"publish","type":"product","link":"https:\/\/www.tape-design.com\/fr\/produit\/double-pack-superlight-socks\/","title":{"rendered":"Double Pack: \u201cSUPERLIGHT\u201d Socks"},"content":{"rendered":"<p data-start=\"1196\" data-end=\"1409\">La nouvelle chaussette TAPEDESIGN \u201cSUPERLIGHT\u201d s\u00e9duit par son tissu ultra-fin \u2013 extr\u00eamement l\u00e9g\u00e8re et tr\u00e8s agr\u00e9able \u00e0 porter.<br data-start=\"1321\" data-end=\"1324\" \/>Que ce soit en sport de haut niveau ou en loisir \u2013 toujours une longueur d\u2019avance !<\/p>\n<p data-start=\"1411\" data-end=\"1651\">Cette chaussette sp\u00e9ciale offre plus d\u2019adh\u00e9rence et de sensations dans n\u2019importe quelle chaussure. Gr\u00e2ce \u00e0 sa composition unique, elle est tr\u00e8s confortable et en m\u00eame temps extr\u00eamement \u00e9lastique \u2013 s\u2019adaptant ergonomiquement \u00e0 chaque pied.<\/p>\n<ul>\n<li data-start=\"1655\" data-end=\"1667\">Ultra fine<\/li>\n<li data-start=\"1670\" data-end=\"1717\">Extra l\u00e9g\u00e8re, seulement 26,5 g par chaussette<\/li>\n<li data-start=\"1720\" data-end=\"1795\">Taille unique (EU 37\u201348) gr\u00e2ce au mat\u00e9riau premium sp\u00e9cialement travaill\u00e9<\/li>\n<li data-start=\"1798\" data-end=\"1908\">Picots en caoutchouc plac\u00e9s \u00e0 l\u2019ext\u00e9rieur en forme ergonomique pour une adh\u00e9rence parfaite dans la chaussure<\/li>\n<li data-start=\"1911\" data-end=\"1962\">Confort sup\u00e9rieur gr\u00e2ce \u00e0 une finition de qualit\u00e9<\/li>\n<li data-start=\"1965\" data-end=\"2099\">Test\u00e9es et approuv\u00e9es par des sportifs professionnels et amateurs dans de nombreux sports (football, tennis, handball, volley, etc.)<\/li>\n<li data-start=\"2102\" data-end=\"2201\">Conviennent \u00e0 tous les sports n\u00e9cessitant changements rapides de direction et mouvements rotatifs<\/li>\n<\/ul>\n<p data-start=\"2203\" data-end=\"2232\"><strong data-start=\"2203\" data-end=\"2230\">Ressens la diff\u00e9rence !<\/strong><\/p>\n<p data-start=\"2234\" data-end=\"2295\">Mati\u00e8re : 55% Coton, 35% Nylon, 7% \u00c9lasthanne, 3% Polyester<\/p>\n","protected":false},"excerpt":{"rendered":"<p>La nouvelle chaussette TAPEDESIGN \u201cSUPERLIGHT\u201d s\u00e9duit par son tissu ultra-fin \u2013 extr\u00eamement l\u00e9g\u00e8re et tr\u00e8s agr\u00e9able \u00e0 porter.Que ce soit en sport de haut niveau ou en loisir \u2013 toujours&hellip;<\/p>\n","protected":false},"featured_media":130285,"template":"","meta":{"_acf_changed":false},"product_cat":[3096,1377,2846,1302],"product_tag":[],"giftcard-category":[],"class_list":{"0":"post-134917","1":"product","2":"type-product","3":"status-publish","4":"has-post-thumbnail","6":"product_cat-double-pack-fr","7":"product_cat-chaussettes-fr","8":"product_cat-special-sets-fr","9":"product_cat-all-fr","11":"first","12":"instock","13":"sale","14":"taxable","15":"shipping-taxable","16":"purchasable","17":"product-type-variable","18":"has-default-attributes"},"bundled_by":[],"bundle_stock_status":"instock","bundle_stock_quantity":-47,"bundle_virtual":false,"bundle_layout":"","bundle_add_to_cart_form_location":"","bundle_editable_in_cart":false,"bundle_sold_individually_context":"","bundle_item_grouping":"","bundle_min_size":"","bundle_max_size":"","bundle_price":[],"bundled_items":[],"bundle_sell_ids":[],"exclude_global_add_ons":[],"addons":[],"acf":[],"yoast_head":"<title>Double Pack: \u201cSUPERLIGHT\u201d Socks - TAPEDESIGN<\/title>\n<meta name=\"robots\" content=\"index, follow, max-snippet:-1, max-image-preview:large, max-video-preview:-1\" \/>\n<link rel=\"canonical\" href=\"https:\/\/www.tape-design.com\/fr\/produit\/double-pack-superlight-socks\/\" \/>\n<meta property=\"og:locale\" content=\"fr_FR\" \/>\n<meta property=\"og:type\" content=\"article\" \/>\n<meta property=\"og:title\" content=\"Double Pack: \u201cSUPERLIGHT\u201d Socks - TAPEDESIGN\" \/>\n<meta property=\"og:description\" content=\"La nouvelle chaussette TAPEDESIGN \u201cSUPERLIGHT\u201d s\u00e9duit par son tissu ultra-fin \u2013 extr\u00eamement l\u00e9g\u00e8re et tr\u00e8s agr\u00e9able \u00e0 porter.Que ce soit en sport de haut niveau ou en loisir \u2013 toujours&hellip;\" \/>\n<meta property=\"og:url\" content=\"https:\/\/www.tape-design.com\/fr\/produit\/double-pack-superlight-socks\/\" \/>\n<meta property=\"og:site_name\" content=\"TAPEDESIGN\" \/>\n<meta property=\"article:publisher\" content=\"https:\/\/www.facebook.com\/tapedesigncom\/\" \/>\n<meta property=\"article:modified_time\" content=\"2026-03-03T12:14:10+00:00\" \/>\n<meta property=\"og:image\" content=\"https:\/\/www.tape-design.com\/app\/uploads\/2025\/06\/2025_TD_PRODUCT_IMG_SUPERLIGHT_DOPPELPACK_WHITE.jpg\" \/>\n\t<meta property=\"og:image:width\" content=\"1080\" \/>\n\t<meta property=\"og:image:height\" content=\"1080\" \/>\n\t<meta property=\"og:image:type\" content=\"image\/jpeg\" \/>\n<meta name=\"twitter:card\" content=\"summary_large_image\" \/>\n<meta name=\"twitter:label1\" content=\"Dur\u00e9e de lecture estim\u00e9e\" \/>\n\t<meta name=\"twitter:data1\" content=\"1 minute\" \/>\n<script type=\"application\/ld+json\" class=\"yoast-schema-graph\">{\"@context\":\"https:\/\/schema.org\",\"@graph\":[{\"@type\":\"WebPage\",\"@id\":\"https:\/\/www.tape-design.com\/fr\/produit\/double-pack-superlight-socks\/\",\"url\":\"https:\/\/www.tape-design.com\/fr\/produit\/double-pack-superlight-socks\/\",\"name\":\"Double Pack: \u201cSUPERLIGHT\u201d Socks - TAPEDESIGN\",\"isPartOf\":{\"@id\":\"https:\/\/www.tape-design.com\/#website\"},\"primaryImageOfPage\":{\"@id\":\"https:\/\/www.tape-design.com\/fr\/produit\/double-pack-superlight-socks\/#primaryimage\"},\"image\":{\"@id\":\"https:\/\/www.tape-design.com\/fr\/produit\/double-pack-superlight-socks\/#primaryimage\"},\"thumbnailUrl\":\"https:\/\/www.tape-design.com\/app\/uploads\/2025\/06\/2025_TD_PRODUCT_IMG_SUPERLIGHT_DOPPELPACK_WHITE.jpg\",\"datePublished\":\"2025-06-25T15:21:49+00:00\",\"dateModified\":\"2026-03-03T12:14:10+00:00\",\"breadcrumb\":{\"@id\":\"https:\/\/www.tape-design.com\/fr\/produit\/double-pack-superlight-socks\/#breadcrumb\"},\"inLanguage\":\"fr-FR\",\"potentialAction\":[{\"@type\":\"ReadAction\",\"target\":[\"https:\/\/www.tape-design.com\/fr\/produit\/double-pack-superlight-socks\/\"]}]},{\"@type\":\"ImageObject\",\"inLanguage\":\"fr-FR\",\"@id\":\"https:\/\/www.tape-design.com\/fr\/produit\/double-pack-superlight-socks\/#primaryimage\",\"url\":\"https:\/\/www.tape-design.com\/app\/uploads\/2025\/06\/2025_TD_PRODUCT_IMG_SUPERLIGHT_DOPPELPACK_WHITE.jpg\",\"contentUrl\":\"https:\/\/www.tape-design.com\/app\/uploads\/2025\/06\/2025_TD_PRODUCT_IMG_SUPERLIGHT_DOPPELPACK_WHITE.jpg\",\"width\":1080,\"height\":1080},{\"@type\":\"BreadcrumbList\",\"@id\":\"https:\/\/www.tape-design.com\/fr\/produit\/double-pack-superlight-socks\/#breadcrumb\",\"itemListElement\":[{\"@type\":\"ListItem\",\"position\":1,\"name\":\"Home\",\"item\":\"https:\/\/www.tape-design.com\/fr\/\"},{\"@type\":\"ListItem\",\"position\":2,\"name\":\"Shop\",\"item\":\"https:\/\/www.tape-design.com\/fr\/shop\/\"},{\"@type\":\"ListItem\",\"position\":3,\"name\":\"Double Pack: \u201cSUPERLIGHT\u201d Socks\"}]},{\"@type\":\"WebSite\",\"@id\":\"https:\/\/www.tape-design.com\/#website\",\"url\":\"https:\/\/www.tape-design.com\/\",\"name\":\"TAPEDESIGN\",\"description\":\"Always a step ahead\",\"publisher\":{\"@id\":\"https:\/\/www.tape-design.com\/#organization\"},\"potentialAction\":[{\"@type\":\"SearchAction\",\"target\":{\"@type\":\"EntryPoint\",\"urlTemplate\":\"https:\/\/www.tape-design.com\/?s={search_term_string}\"},\"query-input\":{\"@type\":\"PropertyValueSpecification\",\"valueRequired\":true,\"valueName\":\"search_term_string\"}}],\"inLanguage\":\"fr-FR\"},{\"@type\":\"Organization\",\"@id\":\"https:\/\/www.tape-design.com\/#organization\",\"name\":\"TAPEDESIGN\",\"url\":\"https:\/\/www.tape-design.com\/\",\"logo\":{\"@type\":\"ImageObject\",\"inLanguage\":\"fr-FR\",\"@id\":\"https:\/\/www.tape-design.com\/#\/schema\/logo\/image\/\",\"url\":\"https:\/\/www.tape-design.com\/app\/uploads\/2020\/11\/Logosmall.png\",\"contentUrl\":\"https:\/\/www.tape-design.com\/app\/uploads\/2020\/11\/Logosmall.png\",\"width\":340,\"height\":156,\"caption\":\"TAPEDESIGN\"},\"image\":{\"@id\":\"https:\/\/www.tape-design.com\/#\/schema\/logo\/image\/\"},\"sameAs\":[\"https:\/\/www.facebook.com\/tapedesigncom\/\",\"https:\/\/www.instagram.com\/tapedesign_socks\/?hl=de\"]}]}<\/script>","yoast_head_json":{"title":"Double Pack: \u201cSUPERLIGHT\u201d Socks - TAPEDESIGN","robots":{"index":"index","follow":"follow","max-snippet":"max-snippet:-1","max-image-preview":"max-image-preview:large","max-video-preview":"max-video-preview:-1"},"canonical":"https:\/\/www.tape-design.com\/fr\/produit\/double-pack-superlight-socks\/","og_locale":"fr_FR","og_type":"article","og_title":"Double Pack: \u201cSUPERLIGHT\u201d Socks - TAPEDESIGN","og_description":"La nouvelle chaussette TAPEDESIGN \u201cSUPERLIGHT\u201d s\u00e9duit par son tissu ultra-fin \u2013 extr\u00eamement l\u00e9g\u00e8re et tr\u00e8s agr\u00e9able \u00e0 porter.Que ce soit en sport de haut niveau ou en loisir \u2013 toujours&hellip;","og_url":"https:\/\/www.tape-design.com\/fr\/produit\/double-pack-superlight-socks\/","og_site_name":"TAPEDESIGN","article_publisher":"https:\/\/www.facebook.com\/tapedesigncom\/","article_modified_time":"2026-03-03T12:14:10+00:00","og_image":[{"width":1080,"height":1080,"url":"https:\/\/www.tape-design.com\/app\/uploads\/2025\/06\/2025_TD_PRODUCT_IMG_SUPERLIGHT_DOPPELPACK_WHITE.jpg","type":"image\/jpeg"}],"twitter_card":"summary_large_image","twitter_misc":{"Dur\u00e9e de lecture estim\u00e9e":"1 minute"},"schema":{"@context":"https:\/\/schema.org","@graph":[{"@type":"WebPage","@id":"https:\/\/www.tape-design.com\/fr\/produit\/double-pack-superlight-socks\/","url":"https:\/\/www.tape-design.com\/fr\/produit\/double-pack-superlight-socks\/","name":"Double Pack: \u201cSUPERLIGHT\u201d Socks - TAPEDESIGN","isPartOf":{"@id":"https:\/\/www.tape-design.com\/#website"},"primaryImageOfPage":{"@id":"https:\/\/www.tape-design.com\/fr\/produit\/double-pack-superlight-socks\/#primaryimage"},"image":{"@id":"https:\/\/www.tape-design.com\/fr\/produit\/double-pack-superlight-socks\/#primaryimage"},"thumbnailUrl":"https:\/\/www.tape-design.com\/app\/uploads\/2025\/06\/2025_TD_PRODUCT_IMG_SUPERLIGHT_DOPPELPACK_WHITE.jpg","datePublished":"2025-06-25T15:21:49+00:00","dateModified":"2026-03-03T12:14:10+00:00","breadcrumb":{"@id":"https:\/\/www.tape-design.com\/fr\/produit\/double-pack-superlight-socks\/#breadcrumb"},"inLanguage":"fr-FR","potentialAction":[{"@type":"ReadAction","target":["https:\/\/www.tape-design.com\/fr\/produit\/double-pack-superlight-socks\/"]}]},{"@type":"ImageObject","inLanguage":"fr-FR","@id":"https:\/\/www.tape-design.com\/fr\/produit\/double-pack-superlight-socks\/#primaryimage","url":"https:\/\/www.tape-design.com\/app\/uploads\/2025\/06\/2025_TD_PRODUCT_IMG_SUPERLIGHT_DOPPELPACK_WHITE.jpg","contentUrl":"https:\/\/www.tape-design.com\/app\/uploads\/2025\/06\/2025_TD_PRODUCT_IMG_SUPERLIGHT_DOPPELPACK_WHITE.jpg","width":1080,"height":1080},{"@type":"BreadcrumbList","@id":"https:\/\/www.tape-design.com\/fr\/produit\/double-pack-superlight-socks\/#breadcrumb","itemListElement":[{"@type":"ListItem","position":1,"name":"Home","item":"https:\/\/www.tape-design.com\/fr\/"},{"@type":"ListItem","position":2,"name":"Shop","item":"https:\/\/www.tape-design.com\/fr\/shop\/"},{"@type":"ListItem","position":3,"name":"Double Pack: \u201cSUPERLIGHT\u201d Socks"}]},{"@type":"WebSite","@id":"https:\/\/www.tape-design.com\/#website","url":"https:\/\/www.tape-design.com\/","name":"TAPEDESIGN","description":"Always a step ahead","publisher":{"@id":"https:\/\/www.tape-design.com\/#organization"},"potentialAction":[{"@type":"SearchAction","target":{"@type":"EntryPoint","urlTemplate":"https:\/\/www.tape-design.com\/?s={search_term_string}"},"query-input":{"@type":"PropertyValueSpecification","valueRequired":true,"valueName":"search_term_string"}}],"inLanguage":"fr-FR"},{"@type":"Organization","@id":"https:\/\/www.tape-design.com\/#organization","name":"TAPEDESIGN","url":"https:\/\/www.tape-design.com\/","logo":{"@type":"ImageObject","inLanguage":"fr-FR","@id":"https:\/\/www.tape-design.com\/#\/schema\/logo\/image\/","url":"https:\/\/www.tape-design.com\/app\/uploads\/2020\/11\/Logosmall.png","contentUrl":"https:\/\/www.tape-design.com\/app\/uploads\/2020\/11\/Logosmall.png","width":340,"height":156,"caption":"TAPEDESIGN"},"image":{"@id":"https:\/\/www.tape-design.com\/#\/schema\/logo\/image\/"},"sameAs":["https:\/\/www.facebook.com\/tapedesigncom\/","https:\/\/www.instagram.com\/tapedesign_socks\/?hl=de"]}]}},"_links":{"self":[{"href":"https:\/\/www.tape-design.com\/fr\/wp-json\/wp\/v2\/product\/134917","targetHints":{"allow":["GET"]}}],"collection":[{"href":"https:\/\/www.tape-design.com\/fr\/wp-json\/wp\/v2\/product"}],"about":[{"href":"https:\/\/www.tape-design.com\/fr\/wp-json\/wp\/v2\/types\/product"}],"wp:featuredmedia":[{"embeddable":true,"href":"https:\/\/www.tape-design.com\/fr\/wp-json\/wp\/v2\/media\/130285"}],"wp:attachment":[{"href":"https:\/\/www.tape-design.com\/fr\/wp-json\/wp\/v2\/media?parent=134917"}],"wp:term":[{"taxonomy":"product_cat","embeddable":true,"href":"https:\/\/www.tape-design.com\/fr\/wp-json\/wp\/v2\/product_cat?post=134917"},{"taxonomy":"product_tag","embeddable":true,"href":"https:\/\/www.tape-design.com\/fr\/wp-json\/wp\/v2\/product_tag?post=134917"},{"taxonomy":"giftcard-category","embeddable":true,"href":"https:\/\/www.tape-design.com\/fr\/wp-json\/wp\/v2\/giftcard-category?post=134917"}],"curies":[{"name":"wp","href":"https:\/\/api.w.org\/{rel}","templated":true}]}}