{"id":135476,"date":"2025-09-30T12:03:02","date_gmt":"2025-09-30T10:03:02","guid":{"rendered":"https:\/\/www.tape-design.com\/product\/bundle-shinguards-sleeve-kids-allround-socks-classic-kids\/"},"modified":"2025-12-07T22:44:36","modified_gmt":"2025-12-07T21:44:36","slug":"bundle-shinguards-sleeve-kids-allround-socks-classic-kids","status":"publish","type":"product","link":"https:\/\/www.tape-design.com\/fr\/produit\/bundle-shinguards-sleeve-kids-allround-socks-classic-kids\/","title":{"rendered":"Bundle: Shinguards Sleeve KIDS + Allround Socks &#8220;Classic Kids&#8221;"},"content":{"rendered":"<p data-start=\"962\" data-end=\"1058\"><strong data-start=\"982\" data-end=\"1056\">TAPEDESIGN\u00ae Shinguards Sleeve KIDS<\/strong>\u00a0\u2013 Confort, Protection &amp; Performance<\/p>\n<p data-start=\"1060\" data-end=\"1258\">Les manchons de protection sont l\u2019alternative moderne aux prot\u00e8ge-tibias classiques. Leur design intelligent 3-en-1 associe protection, compression et maintien s\u00fbr \u2013 sans ruban adh\u00e9sif ni sangles.<\/p>\n<ul>\n<li data-start=\"1262\" data-end=\"1346\"><strong>Aucune glissade<\/strong>\u00a0gr\u00e2ce au mat\u00e9riau \u00e9lastique &amp; \u00e0 la bande en silicone antid\u00e9rapante<\/li>\n<li data-start=\"1349\" data-end=\"1399\"><strong>Protection maximale<\/strong>\u00a0avec mousse rembourr\u00e9e douce<\/li>\n<li data-start=\"1402\" data-end=\"1451\"><strong>Ultra-l\u00e9ger &amp; flexible<\/strong>\u00a0\u2013 comme une seconde peau<\/li>\n<li data-start=\"1454\" data-end=\"1515\"><strong>Pour tous les \u00e2ges<\/strong>\u00a0\u2013 disponible en tailles enfant et adulte<\/li>\n<li data-start=\"1518\" data-end=\"1597\"><strong>Unisexe &amp; polyvalent<\/strong>\u00a0\u2013 s\u2019adapte \u00e0 toutes les tenues, id\u00e9al aussi comme cadeau<\/li>\n<\/ul>\n<p data-start=\"1599\" data-end=\"1731\">Faciles d\u2019entretien, fonctionnels et bien pens\u00e9s \u2013 les TAPEDESIGN\u00ae Shinguards Sleeves sont votre partenaire fiable sur le terrain.<\/p>\n<p data-start=\"1599\" data-end=\"1731\">\n<p><strong>Les chaussettes sp\u00e9ciales antid\u00e9rapantes \u201cClassic\u201d impressionnent par leur fonctionnalit\u00e9 et leur innovation. Que ce soit dans le sport de haut niveau ou dans le domaine des loisirs \u2013 toujours une longueur d\u2019avance !<\/strong><\/p>\n<p>Il s\u2019agit d\u2019une chaussette sp\u00e9ciale qui offre une meilleure adh\u00e9rence et une plus grande souplesse, quelle que soit la chaussure que vous portez. Gr\u00e2ce \u00e0 la composition sp\u00e9ciale du mat\u00e9riau, les chaussettes sont tr\u00e8s confortables et en m\u00eame temps extr\u00eamement \u00e9lastiques \u2013 elles s\u2019adaptent donc \u00e0 chaque pied de mani\u00e8re ergonomique.<\/p>\n<ul>\n<li>ENFANTS-Size (Gr. 30 \u2013 36) en raison d\u2019un traitement sp\u00e9cial du mat\u00e9riau de tr\u00e8s haute qualit\u00e9<\/li>\n<li>n\u0153uds en caoutchouc sp\u00e9cialement plac\u00e9s \u00e0 l\u2019ext\u00e9rieur en forme de pied ergonomique pour une tenue parfaite dans la chaussure<\/li>\n<li>meilleur confort de port gr\u00e2ce \u00e0 un travail de haute qualit\u00e9<\/li>\n<li>Test\u00e9 par des athl\u00e8tes professionnels et amateurs dans toutes sortes de sports (par exemple, football, tennis, handball, volley-ball, etc.) et jug\u00e9 excellent<\/li>\n<\/ul>\n<p>Sentez la diff\u00e9rence !<\/p>\n","protected":false},"excerpt":{"rendered":"<p>TAPEDESIGN\u00ae Shinguards Sleeve KIDS\u00a0\u2013 Confort, Protection &amp; Performance Les manchons de protection sont l\u2019alternative moderne aux prot\u00e8ge-tibias classiques. Leur design intelligent 3-en-1 associe protection, compression et maintien s\u00fbr \u2013 sans&hellip;<\/p>\n","protected":false},"featured_media":135472,"template":"","meta":{"_acf_changed":false},"product_cat":[3104,2846,1302],"product_tag":[],"giftcard-category":[],"class_list":{"0":"post-135476","1":"product","2":"type-product","3":"status-publish","4":"has-post-thumbnail","6":"product_cat-kids-fr","7":"product_cat-special-sets-fr","8":"product_cat-all-fr","10":"first","11":"instock","12":"sale","13":"virtual","14":"taxable","15":"purchasable","16":"product-type-bundle"},"bundled_by":[],"bundle_stock_status":"instock","bundle_stock_quantity":75,"bundle_virtual":false,"bundle_layout":"default","bundle_add_to_cart_form_location":"default","bundle_editable_in_cart":false,"bundle_sold_individually_context":"product","bundle_item_grouping":"parent","bundle_min_size":"","bundle_max_size":"","bundle_price":{"price":{"min":{"incl_tax":"39.95","excl_tax":"33.291667"},"max":{"incl_tax":"39.95","excl_tax":"33.291667"}},"regular_price":{"min":{"incl_tax":"54.9","excl_tax":"45.75"},"max":{"incl_tax":"54.9","excl_tax":"45.75"}}},"bundled_items":[{"bundled_item_id":346,"product_id":18310,"menu_order":0,"quantity_min":1,"quantity_max":1,"quantity_default":1,"priced_individually":false,"shipped_individually":false,"override_title":false,"title":"Chaussettes Allround Classic Enfants","override_description":false,"description":"Chaussettes Allround Classic Enfants","optional":false,"hide_thumbnail":false,"discount":"","override_variations":false,"allowed_variations":[""],"override_default_variation_attributes":false,"default_variation_attributes":[],"single_product_visibility":"visible","cart_visibility":"visible","order_visibility":"visible","single_product_price_visibility":"visible","cart_price_visibility":"visible","order_price_visibility":"visible","stock_status":"in_stock"},{"bundled_item_id":347,"product_id":134867,"menu_order":1,"quantity_min":1,"quantity_max":1,"quantity_default":1,"priced_individually":false,"shipped_individually":false,"override_title":false,"title":"TAPEDESIGN\u00ae Shinguards Sleeve KIDS","override_description":false,"description":"TAPEDESIGN\u00ae Shinguards Sleeve KIDS","optional":false,"hide_thumbnail":false,"discount":"","override_variations":false,"allowed_variations":[""],"override_default_variation_attributes":false,"default_variation_attributes":[],"single_product_visibility":"visible","cart_visibility":"visible","order_visibility":"visible","single_product_price_visibility":"visible","cart_price_visibility":"visible","order_price_visibility":"visible","stock_status":"in_stock"}],"bundle_sell_ids":[],"exclude_global_add_ons":[],"addons":[],"acf":[],"yoast_head":"<title>Bundle: Shinguards Sleeve KIDS + Allround Socks &quot;Classic Kids&quot; - TAPEDESIGN<\/title>\n<meta name=\"robots\" content=\"index, follow, max-snippet:-1, max-image-preview:large, max-video-preview:-1\" \/>\n<link rel=\"canonical\" href=\"https:\/\/www.tape-design.com\/fr\/produit\/bundle-shinguards-sleeve-kids-allround-socks-classic-kids\/\" \/>\n<meta property=\"og:locale\" content=\"fr_FR\" \/>\n<meta property=\"og:type\" content=\"article\" \/>\n<meta property=\"og:title\" content=\"Bundle: Shinguards Sleeve KIDS + Allround Socks &quot;Classic Kids&quot; - TAPEDESIGN\" \/>\n<meta property=\"og:description\" content=\"TAPEDESIGN\u00ae Shinguards Sleeve KIDS\u00a0\u2013 Confort, Protection &amp; Performance Les manchons de protection sont l\u2019alternative moderne aux prot\u00e8ge-tibias classiques. Leur design intelligent 3-en-1 associe protection, compression et maintien s\u00fbr \u2013 sans&hellip;\" \/>\n<meta property=\"og:url\" content=\"https:\/\/www.tape-design.com\/fr\/produit\/bundle-shinguards-sleeve-kids-allround-socks-classic-kids\/\" \/>\n<meta property=\"og:site_name\" content=\"TAPEDESIGN\" \/>\n<meta property=\"article:publisher\" content=\"https:\/\/www.facebook.com\/tapedesigncom\/\" \/>\n<meta property=\"article:modified_time\" content=\"2025-12-07T21:44:36+00:00\" \/>\n<meta property=\"og:image\" content=\"https:\/\/www.tape-design.com\/app\/uploads\/2025\/09\/TD_CRM_SHINGUARDS_SLEEVE_KIDS_BUNDLE_MAIN_IMG.jpg\" \/>\n\t<meta property=\"og:image:width\" content=\"1080\" \/>\n\t<meta property=\"og:image:height\" content=\"1080\" \/>\n\t<meta property=\"og:image:type\" content=\"image\/jpeg\" \/>\n<meta name=\"twitter:card\" content=\"summary_large_image\" \/>\n<meta name=\"twitter:label1\" content=\"Dur\u00e9e de lecture estim\u00e9e\" \/>\n\t<meta name=\"twitter:data1\" content=\"1 minute\" \/>\n<script type=\"application\/ld+json\" class=\"yoast-schema-graph\">{\"@context\":\"https:\/\/schema.org\",\"@graph\":[{\"@type\":\"WebPage\",\"@id\":\"https:\/\/www.tape-design.com\/fr\/produit\/bundle-shinguards-sleeve-kids-allround-socks-classic-kids\/\",\"url\":\"https:\/\/www.tape-design.com\/fr\/produit\/bundle-shinguards-sleeve-kids-allround-socks-classic-kids\/\",\"name\":\"Bundle: Shinguards Sleeve KIDS + Allround Socks \\\"Classic Kids\\\" - TAPEDESIGN\",\"isPartOf\":{\"@id\":\"https:\/\/www.tape-design.com\/#website\"},\"primaryImageOfPage\":{\"@id\":\"https:\/\/www.tape-design.com\/fr\/produit\/bundle-shinguards-sleeve-kids-allround-socks-classic-kids\/#primaryimage\"},\"image\":{\"@id\":\"https:\/\/www.tape-design.com\/fr\/produit\/bundle-shinguards-sleeve-kids-allround-socks-classic-kids\/#primaryimage\"},\"thumbnailUrl\":\"https:\/\/www.tape-design.com\/app\/uploads\/2025\/09\/TD_CRM_SHINGUARDS_SLEEVE_KIDS_BUNDLE_MAIN_IMG.jpg\",\"datePublished\":\"2025-09-30T10:03:02+00:00\",\"dateModified\":\"2025-12-07T21:44:36+00:00\",\"breadcrumb\":{\"@id\":\"https:\/\/www.tape-design.com\/fr\/produit\/bundle-shinguards-sleeve-kids-allround-socks-classic-kids\/#breadcrumb\"},\"inLanguage\":\"fr-FR\",\"potentialAction\":[{\"@type\":\"ReadAction\",\"target\":[\"https:\/\/www.tape-design.com\/fr\/produit\/bundle-shinguards-sleeve-kids-allround-socks-classic-kids\/\"]}]},{\"@type\":\"ImageObject\",\"inLanguage\":\"fr-FR\",\"@id\":\"https:\/\/www.tape-design.com\/fr\/produit\/bundle-shinguards-sleeve-kids-allround-socks-classic-kids\/#primaryimage\",\"url\":\"https:\/\/www.tape-design.com\/app\/uploads\/2025\/09\/TD_CRM_SHINGUARDS_SLEEVE_KIDS_BUNDLE_MAIN_IMG.jpg\",\"contentUrl\":\"https:\/\/www.tape-design.com\/app\/uploads\/2025\/09\/TD_CRM_SHINGUARDS_SLEEVE_KIDS_BUNDLE_MAIN_IMG.jpg\",\"width\":1080,\"height\":1080},{\"@type\":\"BreadcrumbList\",\"@id\":\"https:\/\/www.tape-design.com\/fr\/produit\/bundle-shinguards-sleeve-kids-allround-socks-classic-kids\/#breadcrumb\",\"itemListElement\":[{\"@type\":\"ListItem\",\"position\":1,\"name\":\"Home\",\"item\":\"https:\/\/www.tape-design.com\/fr\/\"},{\"@type\":\"ListItem\",\"position\":2,\"name\":\"Shop\",\"item\":\"https:\/\/www.tape-design.com\/fr\/shop\/\"},{\"@type\":\"ListItem\",\"position\":3,\"name\":\"Bundle: Shinguards Sleeve KIDS + Allround Socks &#8220;Classic Kids&#8221;\"}]},{\"@type\":\"WebSite\",\"@id\":\"https:\/\/www.tape-design.com\/#website\",\"url\":\"https:\/\/www.tape-design.com\/\",\"name\":\"TAPEDESIGN\",\"description\":\"Always a step ahead\",\"publisher\":{\"@id\":\"https:\/\/www.tape-design.com\/#organization\"},\"potentialAction\":[{\"@type\":\"SearchAction\",\"target\":{\"@type\":\"EntryPoint\",\"urlTemplate\":\"https:\/\/www.tape-design.com\/?s={search_term_string}\"},\"query-input\":{\"@type\":\"PropertyValueSpecification\",\"valueRequired\":true,\"valueName\":\"search_term_string\"}}],\"inLanguage\":\"fr-FR\"},{\"@type\":\"Organization\",\"@id\":\"https:\/\/www.tape-design.com\/#organization\",\"name\":\"TAPEDESIGN\",\"url\":\"https:\/\/www.tape-design.com\/\",\"logo\":{\"@type\":\"ImageObject\",\"inLanguage\":\"fr-FR\",\"@id\":\"https:\/\/www.tape-design.com\/#\/schema\/logo\/image\/\",\"url\":\"https:\/\/www.tape-design.com\/app\/uploads\/2020\/11\/Logosmall.png\",\"contentUrl\":\"https:\/\/www.tape-design.com\/app\/uploads\/2020\/11\/Logosmall.png\",\"width\":340,\"height\":156,\"caption\":\"TAPEDESIGN\"},\"image\":{\"@id\":\"https:\/\/www.tape-design.com\/#\/schema\/logo\/image\/\"},\"sameAs\":[\"https:\/\/www.facebook.com\/tapedesigncom\/\",\"https:\/\/www.instagram.com\/tapedesign_socks\/?hl=de\"]}]}<\/script>","yoast_head_json":{"title":"Bundle: Shinguards Sleeve KIDS + Allround Socks \"Classic Kids\" - TAPEDESIGN","robots":{"index":"index","follow":"follow","max-snippet":"max-snippet:-1","max-image-preview":"max-image-preview:large","max-video-preview":"max-video-preview:-1"},"canonical":"https:\/\/www.tape-design.com\/fr\/produit\/bundle-shinguards-sleeve-kids-allround-socks-classic-kids\/","og_locale":"fr_FR","og_type":"article","og_title":"Bundle: Shinguards Sleeve KIDS + Allround Socks \"Classic Kids\" - TAPEDESIGN","og_description":"TAPEDESIGN\u00ae Shinguards Sleeve KIDS\u00a0\u2013 Confort, Protection &amp; Performance Les manchons de protection sont l\u2019alternative moderne aux prot\u00e8ge-tibias classiques. Leur design intelligent 3-en-1 associe protection, compression et maintien s\u00fbr \u2013 sans&hellip;","og_url":"https:\/\/www.tape-design.com\/fr\/produit\/bundle-shinguards-sleeve-kids-allround-socks-classic-kids\/","og_site_name":"TAPEDESIGN","article_publisher":"https:\/\/www.facebook.com\/tapedesigncom\/","article_modified_time":"2025-12-07T21:44:36+00:00","og_image":[{"width":1080,"height":1080,"url":"https:\/\/www.tape-design.com\/app\/uploads\/2025\/09\/TD_CRM_SHINGUARDS_SLEEVE_KIDS_BUNDLE_MAIN_IMG.jpg","type":"image\/jpeg"}],"twitter_card":"summary_large_image","twitter_misc":{"Dur\u00e9e de lecture estim\u00e9e":"1 minute"},"schema":{"@context":"https:\/\/schema.org","@graph":[{"@type":"WebPage","@id":"https:\/\/www.tape-design.com\/fr\/produit\/bundle-shinguards-sleeve-kids-allround-socks-classic-kids\/","url":"https:\/\/www.tape-design.com\/fr\/produit\/bundle-shinguards-sleeve-kids-allround-socks-classic-kids\/","name":"Bundle: Shinguards Sleeve KIDS + Allround Socks \"Classic Kids\" - TAPEDESIGN","isPartOf":{"@id":"https:\/\/www.tape-design.com\/#website"},"primaryImageOfPage":{"@id":"https:\/\/www.tape-design.com\/fr\/produit\/bundle-shinguards-sleeve-kids-allround-socks-classic-kids\/#primaryimage"},"image":{"@id":"https:\/\/www.tape-design.com\/fr\/produit\/bundle-shinguards-sleeve-kids-allround-socks-classic-kids\/#primaryimage"},"thumbnailUrl":"https:\/\/www.tape-design.com\/app\/uploads\/2025\/09\/TD_CRM_SHINGUARDS_SLEEVE_KIDS_BUNDLE_MAIN_IMG.jpg","datePublished":"2025-09-30T10:03:02+00:00","dateModified":"2025-12-07T21:44:36+00:00","breadcrumb":{"@id":"https:\/\/www.tape-design.com\/fr\/produit\/bundle-shinguards-sleeve-kids-allround-socks-classic-kids\/#breadcrumb"},"inLanguage":"fr-FR","potentialAction":[{"@type":"ReadAction","target":["https:\/\/www.tape-design.com\/fr\/produit\/bundle-shinguards-sleeve-kids-allround-socks-classic-kids\/"]}]},{"@type":"ImageObject","inLanguage":"fr-FR","@id":"https:\/\/www.tape-design.com\/fr\/produit\/bundle-shinguards-sleeve-kids-allround-socks-classic-kids\/#primaryimage","url":"https:\/\/www.tape-design.com\/app\/uploads\/2025\/09\/TD_CRM_SHINGUARDS_SLEEVE_KIDS_BUNDLE_MAIN_IMG.jpg","contentUrl":"https:\/\/www.tape-design.com\/app\/uploads\/2025\/09\/TD_CRM_SHINGUARDS_SLEEVE_KIDS_BUNDLE_MAIN_IMG.jpg","width":1080,"height":1080},{"@type":"BreadcrumbList","@id":"https:\/\/www.tape-design.com\/fr\/produit\/bundle-shinguards-sleeve-kids-allround-socks-classic-kids\/#breadcrumb","itemListElement":[{"@type":"ListItem","position":1,"name":"Home","item":"https:\/\/www.tape-design.com\/fr\/"},{"@type":"ListItem","position":2,"name":"Shop","item":"https:\/\/www.tape-design.com\/fr\/shop\/"},{"@type":"ListItem","position":3,"name":"Bundle: Shinguards Sleeve KIDS + Allround Socks &#8220;Classic Kids&#8221;"}]},{"@type":"WebSite","@id":"https:\/\/www.tape-design.com\/#website","url":"https:\/\/www.tape-design.com\/","name":"TAPEDESIGN","description":"Always a step ahead","publisher":{"@id":"https:\/\/www.tape-design.com\/#organization"},"potentialAction":[{"@type":"SearchAction","target":{"@type":"EntryPoint","urlTemplate":"https:\/\/www.tape-design.com\/?s={search_term_string}"},"query-input":{"@type":"PropertyValueSpecification","valueRequired":true,"valueName":"search_term_string"}}],"inLanguage":"fr-FR"},{"@type":"Organization","@id":"https:\/\/www.tape-design.com\/#organization","name":"TAPEDESIGN","url":"https:\/\/www.tape-design.com\/","logo":{"@type":"ImageObject","inLanguage":"fr-FR","@id":"https:\/\/www.tape-design.com\/#\/schema\/logo\/image\/","url":"https:\/\/www.tape-design.com\/app\/uploads\/2020\/11\/Logosmall.png","contentUrl":"https:\/\/www.tape-design.com\/app\/uploads\/2020\/11\/Logosmall.png","width":340,"height":156,"caption":"TAPEDESIGN"},"image":{"@id":"https:\/\/www.tape-design.com\/#\/schema\/logo\/image\/"},"sameAs":["https:\/\/www.facebook.com\/tapedesigncom\/","https:\/\/www.instagram.com\/tapedesign_socks\/?hl=de"]}]}},"_links":{"self":[{"href":"https:\/\/www.tape-design.com\/fr\/wp-json\/wp\/v2\/product\/135476","targetHints":{"allow":["GET"]}}],"collection":[{"href":"https:\/\/www.tape-design.com\/fr\/wp-json\/wp\/v2\/product"}],"about":[{"href":"https:\/\/www.tape-design.com\/fr\/wp-json\/wp\/v2\/types\/product"}],"wp:featuredmedia":[{"embeddable":true,"href":"https:\/\/www.tape-design.com\/fr\/wp-json\/wp\/v2\/media\/135472"}],"wp:attachment":[{"href":"https:\/\/www.tape-design.com\/fr\/wp-json\/wp\/v2\/media?parent=135476"}],"wp:term":[{"taxonomy":"product_cat","embeddable":true,"href":"https:\/\/www.tape-design.com\/fr\/wp-json\/wp\/v2\/product_cat?post=135476"},{"taxonomy":"product_tag","embeddable":true,"href":"https:\/\/www.tape-design.com\/fr\/wp-json\/wp\/v2\/product_tag?post=135476"},{"taxonomy":"giftcard-category","embeddable":true,"href":"https:\/\/www.tape-design.com\/fr\/wp-json\/wp\/v2\/giftcard-category?post=135476"}],"curies":[{"name":"wp","href":"https:\/\/api.w.org\/{rel}","templated":true}]}}