{"id":136718,"date":"2025-11-05T13:10:21","date_gmt":"2025-11-05T12:10:21","guid":{"rendered":"https:\/\/www.tape-design.com\/product\/tapedesign-winterset-2\/"},"modified":"2026-03-09T08:44:42","modified_gmt":"2026-03-09T07:44:42","slug":"tapedesign-winterset-2","status":"publish","type":"product","link":"https:\/\/www.tape-design.com\/fr\/produit\/tapedesign-winterset-2\/","title":{"rendered":"TAPEDESIGN\u00ae Winterset"},"content":{"rendered":"<p data-start=\"637\" data-end=\"665\"><strong data-start=\"637\" data-end=\"663\">TAPEDESIGN\u00ae WINTER SET<\/strong><\/p>\n<p data-start=\"667\" data-end=\"759\">\ud83d\udc49 Chaud, styl\u00e9 et fonctionnel \u2013 le set parfait pour les journ\u00e9es d\u2019entra\u00eenement froides !<\/p>\n<p data-start=\"761\" data-end=\"967\">Le TAPEDESIGN\u00ae Winter Set allie fonctionnalit\u00e9 et style dans un ensemble de haute qualit\u00e9. Que ce soit sur le terrain, \u00e0 l\u2019entra\u00eenement ou pendant ton temps libre \u2013 avec ce set, tu es parfaitement \u00e9quip\u00e9.<\/p>\n","protected":false},"excerpt":{"rendered":"<p data-start=\"540\" data-end=\"601\"><strong data-start=\"540\" data-end=\"599\">Id\u00e9al pour l\u2019entra\u00eenement pendant la saison froide !\u00a0<\/strong><\/p>\n<p data-start=\"603\" data-end=\"625\"><strong data-start=\"603\" data-end=\"623\">Contenu du set :<\/strong><\/p>\n<ol>\n<li data-start=\"628\" data-end=\"641\">Morf (Noir)<\/li>\n<li data-start=\"628\" data-end=\"641\">Gants (Noir)<\/li>\n<li data-start=\"628\" data-end=\"641\">Bonnet (Noir)<\/li>\n<\/ol>\n","protected":false},"featured_media":136706,"template":"","meta":{"_acf_changed":false},"product_cat":[3091,3075,2846,1365,1302],"product_tag":[],"giftcard-category":[],"class_list":{"0":"post-136718","1":"product","2":"type-product","3":"status-publish","4":"has-post-thumbnail","6":"product_cat-offres-de-paques","7":"product_cat-winterset-fr","8":"product_cat-special-sets-fr","9":"product_cat-outlet-fr","10":"product_cat-all-fr","12":"first","13":"instock","14":"sale","15":"taxable","16":"shipping-taxable","17":"purchasable","18":"product-type-variable","19":"has-default-attributes"},"bundled_by":["136775"],"bundle_stock_status":"instock","bundle_stock_quantity":null,"bundle_virtual":false,"bundle_layout":"","bundle_add_to_cart_form_location":"","bundle_editable_in_cart":false,"bundle_sold_individually_context":"","bundle_item_grouping":"","bundle_min_size":"","bundle_max_size":"","bundle_price":[],"bundled_items":[],"bundle_sell_ids":[],"exclude_global_add_ons":[],"addons":[],"acf":[],"yoast_head":"<title>TAPEDESIGN\u00ae Winterset - TAPEDESIGN<\/title>\n<meta name=\"robots\" content=\"index, follow, max-snippet:-1, max-image-preview:large, max-video-preview:-1\" \/>\n<link rel=\"canonical\" href=\"https:\/\/www.tape-design.com\/fr\/produit\/tapedesign-winterset-2\/\" \/>\n<meta property=\"og:locale\" content=\"fr_FR\" \/>\n<meta property=\"og:type\" content=\"article\" \/>\n<meta property=\"og:title\" content=\"TAPEDESIGN\u00ae Winterset - TAPEDESIGN\" \/>\n<meta property=\"og:description\" content=\"Id\u00e9al pour l\u2019entra\u00eenement pendant la saison froide !\u00a0 Contenu du set :    Morf (Noir)  Gants (Noir)  Bonnet (Noir)\" \/>\n<meta property=\"og:url\" content=\"https:\/\/www.tape-design.com\/fr\/produit\/tapedesign-winterset-2\/\" \/>\n<meta property=\"og:site_name\" content=\"TAPEDESIGN\" \/>\n<meta property=\"article:publisher\" content=\"https:\/\/www.facebook.com\/tapedesigncom\/\" \/>\n<meta property=\"article:modified_time\" content=\"2026-03-09T07:44:42+00:00\" \/>\n<meta property=\"og:image\" content=\"https:\/\/www.tape-design.com\/app\/uploads\/2025\/11\/TD_CRM_2025_WINTERSET-1024x1024.jpg\" \/>\n\t<meta property=\"og:image:width\" content=\"1024\" \/>\n\t<meta property=\"og:image:height\" content=\"1024\" \/>\n\t<meta property=\"og:image:type\" content=\"image\/jpeg\" \/>\n<meta name=\"twitter:card\" content=\"summary_large_image\" \/>\n<script type=\"application\/ld+json\" class=\"yoast-schema-graph\">{\"@context\":\"https:\/\/schema.org\",\"@graph\":[{\"@type\":\"WebPage\",\"@id\":\"https:\/\/www.tape-design.com\/fr\/produit\/tapedesign-winterset-2\/\",\"url\":\"https:\/\/www.tape-design.com\/fr\/produit\/tapedesign-winterset-2\/\",\"name\":\"TAPEDESIGN\u00ae Winterset - TAPEDESIGN\",\"isPartOf\":{\"@id\":\"https:\/\/www.tape-design.com\/#website\"},\"primaryImageOfPage\":{\"@id\":\"https:\/\/www.tape-design.com\/fr\/produit\/tapedesign-winterset-2\/#primaryimage\"},\"image\":{\"@id\":\"https:\/\/www.tape-design.com\/fr\/produit\/tapedesign-winterset-2\/#primaryimage\"},\"thumbnailUrl\":\"https:\/\/www.tape-design.com\/app\/uploads\/2025\/11\/TD_CRM_2025_WINTERSET.jpg\",\"datePublished\":\"2025-11-05T12:10:21+00:00\",\"dateModified\":\"2026-03-09T07:44:42+00:00\",\"breadcrumb\":{\"@id\":\"https:\/\/www.tape-design.com\/fr\/produit\/tapedesign-winterset-2\/#breadcrumb\"},\"inLanguage\":\"fr-FR\",\"potentialAction\":[{\"@type\":\"ReadAction\",\"target\":[\"https:\/\/www.tape-design.com\/fr\/produit\/tapedesign-winterset-2\/\"]}]},{\"@type\":\"ImageObject\",\"inLanguage\":\"fr-FR\",\"@id\":\"https:\/\/www.tape-design.com\/fr\/produit\/tapedesign-winterset-2\/#primaryimage\",\"url\":\"https:\/\/www.tape-design.com\/app\/uploads\/2025\/11\/TD_CRM_2025_WINTERSET.jpg\",\"contentUrl\":\"https:\/\/www.tape-design.com\/app\/uploads\/2025\/11\/TD_CRM_2025_WINTERSET.jpg\",\"width\":1696,\"height\":1696},{\"@type\":\"BreadcrumbList\",\"@id\":\"https:\/\/www.tape-design.com\/fr\/produit\/tapedesign-winterset-2\/#breadcrumb\",\"itemListElement\":[{\"@type\":\"ListItem\",\"position\":1,\"name\":\"Home\",\"item\":\"https:\/\/www.tape-design.com\/fr\/\"},{\"@type\":\"ListItem\",\"position\":2,\"name\":\"Shop\",\"item\":\"https:\/\/www.tape-design.com\/fr\/shop\/\"},{\"@type\":\"ListItem\",\"position\":3,\"name\":\"TAPEDESIGN\u00ae Winterset\"}]},{\"@type\":\"WebSite\",\"@id\":\"https:\/\/www.tape-design.com\/#website\",\"url\":\"https:\/\/www.tape-design.com\/\",\"name\":\"TAPEDESIGN\",\"description\":\"Always a step ahead\",\"publisher\":{\"@id\":\"https:\/\/www.tape-design.com\/#organization\"},\"potentialAction\":[{\"@type\":\"SearchAction\",\"target\":{\"@type\":\"EntryPoint\",\"urlTemplate\":\"https:\/\/www.tape-design.com\/?s={search_term_string}\"},\"query-input\":{\"@type\":\"PropertyValueSpecification\",\"valueRequired\":true,\"valueName\":\"search_term_string\"}}],\"inLanguage\":\"fr-FR\"},{\"@type\":\"Organization\",\"@id\":\"https:\/\/www.tape-design.com\/#organization\",\"name\":\"TAPEDESIGN\",\"url\":\"https:\/\/www.tape-design.com\/\",\"logo\":{\"@type\":\"ImageObject\",\"inLanguage\":\"fr-FR\",\"@id\":\"https:\/\/www.tape-design.com\/#\/schema\/logo\/image\/\",\"url\":\"https:\/\/www.tape-design.com\/app\/uploads\/2020\/11\/Logosmall.png\",\"contentUrl\":\"https:\/\/www.tape-design.com\/app\/uploads\/2020\/11\/Logosmall.png\",\"width\":340,\"height\":156,\"caption\":\"TAPEDESIGN\"},\"image\":{\"@id\":\"https:\/\/www.tape-design.com\/#\/schema\/logo\/image\/\"},\"sameAs\":[\"https:\/\/www.facebook.com\/tapedesigncom\/\",\"https:\/\/www.instagram.com\/tapedesign_socks\/?hl=de\"]}]}<\/script>","yoast_head_json":{"title":"TAPEDESIGN\u00ae Winterset - TAPEDESIGN","robots":{"index":"index","follow":"follow","max-snippet":"max-snippet:-1","max-image-preview":"max-image-preview:large","max-video-preview":"max-video-preview:-1"},"canonical":"https:\/\/www.tape-design.com\/fr\/produit\/tapedesign-winterset-2\/","og_locale":"fr_FR","og_type":"article","og_title":"TAPEDESIGN\u00ae Winterset - TAPEDESIGN","og_description":"Id\u00e9al pour l\u2019entra\u00eenement pendant la saison froide !\u00a0 Contenu du set :    Morf (Noir)  Gants (Noir)  Bonnet (Noir)","og_url":"https:\/\/www.tape-design.com\/fr\/produit\/tapedesign-winterset-2\/","og_site_name":"TAPEDESIGN","article_publisher":"https:\/\/www.facebook.com\/tapedesigncom\/","article_modified_time":"2026-03-09T07:44:42+00:00","og_image":[{"width":1024,"height":1024,"url":"https:\/\/www.tape-design.com\/app\/uploads\/2025\/11\/TD_CRM_2025_WINTERSET-1024x1024.jpg","type":"image\/jpeg"}],"twitter_card":"summary_large_image","schema":{"@context":"https:\/\/schema.org","@graph":[{"@type":"WebPage","@id":"https:\/\/www.tape-design.com\/fr\/produit\/tapedesign-winterset-2\/","url":"https:\/\/www.tape-design.com\/fr\/produit\/tapedesign-winterset-2\/","name":"TAPEDESIGN\u00ae Winterset - TAPEDESIGN","isPartOf":{"@id":"https:\/\/www.tape-design.com\/#website"},"primaryImageOfPage":{"@id":"https:\/\/www.tape-design.com\/fr\/produit\/tapedesign-winterset-2\/#primaryimage"},"image":{"@id":"https:\/\/www.tape-design.com\/fr\/produit\/tapedesign-winterset-2\/#primaryimage"},"thumbnailUrl":"https:\/\/www.tape-design.com\/app\/uploads\/2025\/11\/TD_CRM_2025_WINTERSET.jpg","datePublished":"2025-11-05T12:10:21+00:00","dateModified":"2026-03-09T07:44:42+00:00","breadcrumb":{"@id":"https:\/\/www.tape-design.com\/fr\/produit\/tapedesign-winterset-2\/#breadcrumb"},"inLanguage":"fr-FR","potentialAction":[{"@type":"ReadAction","target":["https:\/\/www.tape-design.com\/fr\/produit\/tapedesign-winterset-2\/"]}]},{"@type":"ImageObject","inLanguage":"fr-FR","@id":"https:\/\/www.tape-design.com\/fr\/produit\/tapedesign-winterset-2\/#primaryimage","url":"https:\/\/www.tape-design.com\/app\/uploads\/2025\/11\/TD_CRM_2025_WINTERSET.jpg","contentUrl":"https:\/\/www.tape-design.com\/app\/uploads\/2025\/11\/TD_CRM_2025_WINTERSET.jpg","width":1696,"height":1696},{"@type":"BreadcrumbList","@id":"https:\/\/www.tape-design.com\/fr\/produit\/tapedesign-winterset-2\/#breadcrumb","itemListElement":[{"@type":"ListItem","position":1,"name":"Home","item":"https:\/\/www.tape-design.com\/fr\/"},{"@type":"ListItem","position":2,"name":"Shop","item":"https:\/\/www.tape-design.com\/fr\/shop\/"},{"@type":"ListItem","position":3,"name":"TAPEDESIGN\u00ae Winterset"}]},{"@type":"WebSite","@id":"https:\/\/www.tape-design.com\/#website","url":"https:\/\/www.tape-design.com\/","name":"TAPEDESIGN","description":"Always a step ahead","publisher":{"@id":"https:\/\/www.tape-design.com\/#organization"},"potentialAction":[{"@type":"SearchAction","target":{"@type":"EntryPoint","urlTemplate":"https:\/\/www.tape-design.com\/?s={search_term_string}"},"query-input":{"@type":"PropertyValueSpecification","valueRequired":true,"valueName":"search_term_string"}}],"inLanguage":"fr-FR"},{"@type":"Organization","@id":"https:\/\/www.tape-design.com\/#organization","name":"TAPEDESIGN","url":"https:\/\/www.tape-design.com\/","logo":{"@type":"ImageObject","inLanguage":"fr-FR","@id":"https:\/\/www.tape-design.com\/#\/schema\/logo\/image\/","url":"https:\/\/www.tape-design.com\/app\/uploads\/2020\/11\/Logosmall.png","contentUrl":"https:\/\/www.tape-design.com\/app\/uploads\/2020\/11\/Logosmall.png","width":340,"height":156,"caption":"TAPEDESIGN"},"image":{"@id":"https:\/\/www.tape-design.com\/#\/schema\/logo\/image\/"},"sameAs":["https:\/\/www.facebook.com\/tapedesigncom\/","https:\/\/www.instagram.com\/tapedesign_socks\/?hl=de"]}]}},"_links":{"self":[{"href":"https:\/\/www.tape-design.com\/fr\/wp-json\/wp\/v2\/product\/136718","targetHints":{"allow":["GET"]}}],"collection":[{"href":"https:\/\/www.tape-design.com\/fr\/wp-json\/wp\/v2\/product"}],"about":[{"href":"https:\/\/www.tape-design.com\/fr\/wp-json\/wp\/v2\/types\/product"}],"wp:featuredmedia":[{"embeddable":true,"href":"https:\/\/www.tape-design.com\/fr\/wp-json\/wp\/v2\/media\/136706"}],"wp:attachment":[{"href":"https:\/\/www.tape-design.com\/fr\/wp-json\/wp\/v2\/media?parent=136718"}],"wp:term":[{"taxonomy":"product_cat","embeddable":true,"href":"https:\/\/www.tape-design.com\/fr\/wp-json\/wp\/v2\/product_cat?post=136718"},{"taxonomy":"product_tag","embeddable":true,"href":"https:\/\/www.tape-design.com\/fr\/wp-json\/wp\/v2\/product_tag?post=136718"},{"taxonomy":"giftcard-category","embeddable":true,"href":"https:\/\/www.tape-design.com\/fr\/wp-json\/wp\/v2\/giftcard-category?post=136718"}],"curies":[{"name":"wp","href":"https:\/\/api.w.org\/{rel}","templated":true}]}}