{"id":141094,"date":"2026-01-16T18:02:01","date_gmt":"2026-01-16T17:02:01","guid":{"rendered":"https:\/\/www.tape-design.com\/product\/shinguards-pro\/"},"modified":"2026-01-16T18:02:01","modified_gmt":"2026-01-16T17:02:01","slug":"shinguards-pro","status":"publish","type":"product","link":"https:\/\/www.tape-design.com\/fr\/produit\/shinguards-pro\/","title":{"rendered":"Shinguards PRO"},"content":{"rendered":"<p data-start=\"91\" data-end=\"320\"><strong data-start=\"91\" data-end=\"121\">L\u00e9gers. S\u00fbrs. Performants.<\/strong><br data-start=\"121\" data-end=\"124\" \/>Les <strong data-start=\"128\" data-end=\"162\">prot\u00e8ge-tibias TAPEDESIGN\u00ae PRO<\/strong> sont la version <strong data-start=\"179\" data-end=\"192\">full-size<\/strong> des Mini PRO et le choix id\u00e9al pour les footballeurs qui recherchent une protection fiable associ\u00e9e \u00e0 un grand confort de port.<\/p>\n<p data-start=\"322\" data-end=\"608\">\u2714 <strong data-start=\"324\" data-end=\"365\">Protection renforc\u00e9e &#8211; contr\u00f4le total<\/strong><br data-start=\"365\" data-end=\"368\" \/>Gr\u00e2ce \u00e0 leur surface de protection plus large, les Shinguards PRO offrent une protection suppl\u00e9mentaire sans limiter la libert\u00e9 de mouvement &#8211; parfaits pour les duels intenses, les changements de direction rapides et les actions puissantes.<\/p>\n<p data-start=\"610\" data-end=\"764\">\u2714 <strong data-start=\"612\" data-end=\"649\">Ajustement optimal &#8211; maintien s\u00fbr<\/strong><br data-start=\"649\" data-end=\"652\" \/>Le mat\u00e9riau flexible s\u2019adapte parfaitement au tibia et garantit un maintien stable et confortable, sans glisser.<\/p>\n<p data-start=\"766\" data-end=\"946\">\u2714 <strong data-start=\"768\" data-end=\"788\">Fiables en match<\/strong><br data-start=\"788\" data-end=\"791\" \/>Port\u00e9s sous les chaussettes ou avec des supports, les Shinguards PRO restent bien en place afin que vous puissiez vous concentrer pleinement sur votre jeu.<\/p>\n<p data-start=\"948\" data-end=\"1088\">\u2714 <strong data-start=\"950\" data-end=\"990\">Pour l\u2019entra\u00eenement &amp; la comp\u00e9tition<\/strong><br data-start=\"990\" data-end=\"993\" \/>Adapt\u00e9s aux jeunes et aux adultes, id\u00e9als pour l\u2019entra\u00eenement et les matchs \u00e0 tous les niveaux.<\/p>\n<p data-start=\"1090\" data-end=\"1239\">\u2714 <strong data-start=\"1092\" data-end=\"1120\">Format full-size compact<\/strong><br data-start=\"1120\" data-end=\"1123\" \/>Avec des dimensions de <strong data-start=\"1146\" data-end=\"1162\">16,5 x 10 cm<\/strong>, les Shinguards PRO offrent l\u2019\u00e9quilibre parfait entre protection et confort.<\/p>\n<p data-start=\"1241\" data-end=\"1379\">\ud83d\udd34 <strong data-start=\"1244\" data-end=\"1379\">Procurez-vous d\u00e8s maintenant les prot\u00e8ge-tibias TAPEDESIGN\u00ae PRO et profitez d\u2019une protection s\u00fbre avec des performances maximales !<\/strong><\/p>\n","protected":false},"excerpt":{"rendered":"<p>L\u00e9gers. S\u00fbrs. Performants.Les prot\u00e8ge-tibias TAPEDESIGN\u00ae PRO sont la version full-size des Mini PRO et le choix id\u00e9al pour les footballeurs qui recherchent une protection fiable associ\u00e9e \u00e0 un grand confort&hellip;<\/p>\n","protected":false},"featured_media":141058,"template":"","meta":{"_acf_changed":false},"product_cat":[3043,1302],"product_tag":[],"giftcard-category":[],"class_list":{"0":"post-141094","1":"product","2":"type-product","3":"status-publish","4":"has-post-thumbnail","6":"product_cat-shinguards-fr","7":"product_cat-all-fr","9":"first","10":"instock","11":"taxable","12":"shipping-taxable","13":"purchasable","14":"product-type-simple"},"bundled_by":[],"bundle_stock_status":"instock","bundle_stock_quantity":null,"bundle_virtual":false,"bundle_layout":"","bundle_add_to_cart_form_location":"","bundle_editable_in_cart":false,"bundle_sold_individually_context":"","bundle_item_grouping":"","bundle_min_size":"","bundle_max_size":"","bundle_price":[],"bundled_items":[],"bundle_sell_ids":[],"exclude_global_add_ons":[],"addons":[],"acf":[],"yoast_head":"<title>Shinguards PRO - TAPEDESIGN<\/title>\n<meta name=\"robots\" content=\"index, follow, max-snippet:-1, max-image-preview:large, max-video-preview:-1\" \/>\n<link rel=\"canonical\" href=\"https:\/\/www.tape-design.com\/fr\/produit\/shinguards-pro\/\" \/>\n<meta property=\"og:locale\" content=\"fr_FR\" \/>\n<meta property=\"og:type\" content=\"article\" \/>\n<meta property=\"og:title\" content=\"Shinguards PRO - TAPEDESIGN\" \/>\n<meta property=\"og:description\" content=\"L\u00e9gers. S\u00fbrs. Performants.Les prot\u00e8ge-tibias TAPEDESIGN\u00ae PRO sont la version full-size des Mini PRO et le choix id\u00e9al pour les footballeurs qui recherchent une protection fiable associ\u00e9e \u00e0 un grand confort&hellip;\" \/>\n<meta property=\"og:url\" content=\"https:\/\/www.tape-design.com\/fr\/produit\/shinguards-pro\/\" \/>\n<meta property=\"og:site_name\" content=\"TAPEDESIGN\" \/>\n<meta property=\"article:publisher\" content=\"https:\/\/www.facebook.com\/tapedesigncom\/\" \/>\n<meta property=\"og:image\" content=\"https:\/\/www.tape-design.com\/app\/uploads\/2026\/01\/TD_2026_SHINGUARDS_PRO_IMG_MAIN-scaled.jpeg\" \/>\n\t<meta property=\"og:image:width\" content=\"2560\" \/>\n\t<meta property=\"og:image:height\" content=\"2560\" \/>\n\t<meta property=\"og:image:type\" content=\"image\/jpeg\" \/>\n<meta name=\"twitter:card\" content=\"summary_large_image\" \/>\n<meta name=\"twitter:label1\" content=\"Dur\u00e9e de lecture estim\u00e9e\" \/>\n\t<meta name=\"twitter:data1\" content=\"1 minute\" \/>\n<script type=\"application\/ld+json\" class=\"yoast-schema-graph\">{\"@context\":\"https:\/\/schema.org\",\"@graph\":[{\"@type\":\"WebPage\",\"@id\":\"https:\/\/www.tape-design.com\/fr\/produit\/shinguards-pro\/\",\"url\":\"https:\/\/www.tape-design.com\/fr\/produit\/shinguards-pro\/\",\"name\":\"Shinguards PRO - TAPEDESIGN\",\"isPartOf\":{\"@id\":\"https:\/\/www.tape-design.com\/#website\"},\"primaryImageOfPage\":{\"@id\":\"https:\/\/www.tape-design.com\/fr\/produit\/shinguards-pro\/#primaryimage\"},\"image\":{\"@id\":\"https:\/\/www.tape-design.com\/fr\/produit\/shinguards-pro\/#primaryimage\"},\"thumbnailUrl\":\"https:\/\/www.tape-design.com\/app\/uploads\/2026\/01\/TD_2026_SHINGUARDS_PRO_IMG_MAIN-scaled.jpeg\",\"datePublished\":\"2026-01-16T17:02:01+00:00\",\"breadcrumb\":{\"@id\":\"https:\/\/www.tape-design.com\/fr\/produit\/shinguards-pro\/#breadcrumb\"},\"inLanguage\":\"fr-FR\",\"potentialAction\":[{\"@type\":\"ReadAction\",\"target\":[\"https:\/\/www.tape-design.com\/fr\/produit\/shinguards-pro\/\"]}]},{\"@type\":\"ImageObject\",\"inLanguage\":\"fr-FR\",\"@id\":\"https:\/\/www.tape-design.com\/fr\/produit\/shinguards-pro\/#primaryimage\",\"url\":\"https:\/\/www.tape-design.com\/app\/uploads\/2026\/01\/TD_2026_SHINGUARDS_PRO_IMG_MAIN-scaled.jpeg\",\"contentUrl\":\"https:\/\/www.tape-design.com\/app\/uploads\/2026\/01\/TD_2026_SHINGUARDS_PRO_IMG_MAIN-scaled.jpeg\",\"width\":2560,\"height\":2560},{\"@type\":\"BreadcrumbList\",\"@id\":\"https:\/\/www.tape-design.com\/fr\/produit\/shinguards-pro\/#breadcrumb\",\"itemListElement\":[{\"@type\":\"ListItem\",\"position\":1,\"name\":\"Home\",\"item\":\"https:\/\/www.tape-design.com\/fr\/\"},{\"@type\":\"ListItem\",\"position\":2,\"name\":\"Shop\",\"item\":\"https:\/\/www.tape-design.com\/fr\/shop\/\"},{\"@type\":\"ListItem\",\"position\":3,\"name\":\"Shinguards PRO\"}]},{\"@type\":\"WebSite\",\"@id\":\"https:\/\/www.tape-design.com\/#website\",\"url\":\"https:\/\/www.tape-design.com\/\",\"name\":\"TAPEDESIGN\",\"description\":\"Always a step ahead\",\"publisher\":{\"@id\":\"https:\/\/www.tape-design.com\/#organization\"},\"potentialAction\":[{\"@type\":\"SearchAction\",\"target\":{\"@type\":\"EntryPoint\",\"urlTemplate\":\"https:\/\/www.tape-design.com\/?s={search_term_string}\"},\"query-input\":{\"@type\":\"PropertyValueSpecification\",\"valueRequired\":true,\"valueName\":\"search_term_string\"}}],\"inLanguage\":\"fr-FR\"},{\"@type\":\"Organization\",\"@id\":\"https:\/\/www.tape-design.com\/#organization\",\"name\":\"TAPEDESIGN\",\"url\":\"https:\/\/www.tape-design.com\/\",\"logo\":{\"@type\":\"ImageObject\",\"inLanguage\":\"fr-FR\",\"@id\":\"https:\/\/www.tape-design.com\/#\/schema\/logo\/image\/\",\"url\":\"https:\/\/www.tape-design.com\/app\/uploads\/2020\/11\/Logosmall.png\",\"contentUrl\":\"https:\/\/www.tape-design.com\/app\/uploads\/2020\/11\/Logosmall.png\",\"width\":340,\"height\":156,\"caption\":\"TAPEDESIGN\"},\"image\":{\"@id\":\"https:\/\/www.tape-design.com\/#\/schema\/logo\/image\/\"},\"sameAs\":[\"https:\/\/www.facebook.com\/tapedesigncom\/\",\"https:\/\/www.instagram.com\/tapedesign_socks\/?hl=de\"]}]}<\/script>","yoast_head_json":{"title":"Shinguards PRO - TAPEDESIGN","robots":{"index":"index","follow":"follow","max-snippet":"max-snippet:-1","max-image-preview":"max-image-preview:large","max-video-preview":"max-video-preview:-1"},"canonical":"https:\/\/www.tape-design.com\/fr\/produit\/shinguards-pro\/","og_locale":"fr_FR","og_type":"article","og_title":"Shinguards PRO - TAPEDESIGN","og_description":"L\u00e9gers. S\u00fbrs. Performants.Les prot\u00e8ge-tibias TAPEDESIGN\u00ae PRO sont la version full-size des Mini PRO et le choix id\u00e9al pour les footballeurs qui recherchent une protection fiable associ\u00e9e \u00e0 un grand confort&hellip;","og_url":"https:\/\/www.tape-design.com\/fr\/produit\/shinguards-pro\/","og_site_name":"TAPEDESIGN","article_publisher":"https:\/\/www.facebook.com\/tapedesigncom\/","og_image":[{"width":2560,"height":2560,"url":"https:\/\/www.tape-design.com\/app\/uploads\/2026\/01\/TD_2026_SHINGUARDS_PRO_IMG_MAIN-scaled.jpeg","type":"image\/jpeg"}],"twitter_card":"summary_large_image","twitter_misc":{"Dur\u00e9e de lecture estim\u00e9e":"1 minute"},"schema":{"@context":"https:\/\/schema.org","@graph":[{"@type":"WebPage","@id":"https:\/\/www.tape-design.com\/fr\/produit\/shinguards-pro\/","url":"https:\/\/www.tape-design.com\/fr\/produit\/shinguards-pro\/","name":"Shinguards PRO - TAPEDESIGN","isPartOf":{"@id":"https:\/\/www.tape-design.com\/#website"},"primaryImageOfPage":{"@id":"https:\/\/www.tape-design.com\/fr\/produit\/shinguards-pro\/#primaryimage"},"image":{"@id":"https:\/\/www.tape-design.com\/fr\/produit\/shinguards-pro\/#primaryimage"},"thumbnailUrl":"https:\/\/www.tape-design.com\/app\/uploads\/2026\/01\/TD_2026_SHINGUARDS_PRO_IMG_MAIN-scaled.jpeg","datePublished":"2026-01-16T17:02:01+00:00","breadcrumb":{"@id":"https:\/\/www.tape-design.com\/fr\/produit\/shinguards-pro\/#breadcrumb"},"inLanguage":"fr-FR","potentialAction":[{"@type":"ReadAction","target":["https:\/\/www.tape-design.com\/fr\/produit\/shinguards-pro\/"]}]},{"@type":"ImageObject","inLanguage":"fr-FR","@id":"https:\/\/www.tape-design.com\/fr\/produit\/shinguards-pro\/#primaryimage","url":"https:\/\/www.tape-design.com\/app\/uploads\/2026\/01\/TD_2026_SHINGUARDS_PRO_IMG_MAIN-scaled.jpeg","contentUrl":"https:\/\/www.tape-design.com\/app\/uploads\/2026\/01\/TD_2026_SHINGUARDS_PRO_IMG_MAIN-scaled.jpeg","width":2560,"height":2560},{"@type":"BreadcrumbList","@id":"https:\/\/www.tape-design.com\/fr\/produit\/shinguards-pro\/#breadcrumb","itemListElement":[{"@type":"ListItem","position":1,"name":"Home","item":"https:\/\/www.tape-design.com\/fr\/"},{"@type":"ListItem","position":2,"name":"Shop","item":"https:\/\/www.tape-design.com\/fr\/shop\/"},{"@type":"ListItem","position":3,"name":"Shinguards PRO"}]},{"@type":"WebSite","@id":"https:\/\/www.tape-design.com\/#website","url":"https:\/\/www.tape-design.com\/","name":"TAPEDESIGN","description":"Always a step ahead","publisher":{"@id":"https:\/\/www.tape-design.com\/#organization"},"potentialAction":[{"@type":"SearchAction","target":{"@type":"EntryPoint","urlTemplate":"https:\/\/www.tape-design.com\/?s={search_term_string}"},"query-input":{"@type":"PropertyValueSpecification","valueRequired":true,"valueName":"search_term_string"}}],"inLanguage":"fr-FR"},{"@type":"Organization","@id":"https:\/\/www.tape-design.com\/#organization","name":"TAPEDESIGN","url":"https:\/\/www.tape-design.com\/","logo":{"@type":"ImageObject","inLanguage":"fr-FR","@id":"https:\/\/www.tape-design.com\/#\/schema\/logo\/image\/","url":"https:\/\/www.tape-design.com\/app\/uploads\/2020\/11\/Logosmall.png","contentUrl":"https:\/\/www.tape-design.com\/app\/uploads\/2020\/11\/Logosmall.png","width":340,"height":156,"caption":"TAPEDESIGN"},"image":{"@id":"https:\/\/www.tape-design.com\/#\/schema\/logo\/image\/"},"sameAs":["https:\/\/www.facebook.com\/tapedesigncom\/","https:\/\/www.instagram.com\/tapedesign_socks\/?hl=de"]}]}},"_links":{"self":[{"href":"https:\/\/www.tape-design.com\/fr\/wp-json\/wp\/v2\/product\/141094","targetHints":{"allow":["GET"]}}],"collection":[{"href":"https:\/\/www.tape-design.com\/fr\/wp-json\/wp\/v2\/product"}],"about":[{"href":"https:\/\/www.tape-design.com\/fr\/wp-json\/wp\/v2\/types\/product"}],"wp:featuredmedia":[{"embeddable":true,"href":"https:\/\/www.tape-design.com\/fr\/wp-json\/wp\/v2\/media\/141058"}],"wp:attachment":[{"href":"https:\/\/www.tape-design.com\/fr\/wp-json\/wp\/v2\/media?parent=141094"}],"wp:term":[{"taxonomy":"product_cat","embeddable":true,"href":"https:\/\/www.tape-design.com\/fr\/wp-json\/wp\/v2\/product_cat?post=141094"},{"taxonomy":"product_tag","embeddable":true,"href":"https:\/\/www.tape-design.com\/fr\/wp-json\/wp\/v2\/product_tag?post=141094"},{"taxonomy":"giftcard-category","embeddable":true,"href":"https:\/\/www.tape-design.com\/fr\/wp-json\/wp\/v2\/giftcard-category?post=141094"}],"curies":[{"name":"wp","href":"https:\/\/api.w.org\/{rel}","templated":true}]}}