{"id":141839,"date":"2026-02-09T11:29:09","date_gmt":"2026-02-09T10:29:09","guid":{"rendered":"https:\/\/www.tape-design.com\/product\/tapedesign-x-soa-vitamin-b12-100-mcg-spray\/"},"modified":"2026-02-09T12:17:26","modified_gmt":"2026-02-09T11:17:26","slug":"tapedesign-x-soa-vitamin-b12-100-mcg-spray","status":"publish","type":"product","link":"https:\/\/www.tape-design.com\/fr\/produit\/tapedesign-x-soa-vitamin-b12-100-mcg-spray\/","title":{"rendered":"TAPEDESIGN\u00ae x SOA &#8211; Vitamin B12 100 mcg Spray"},"content":{"rendered":"<p data-start=\"0\" data-end=\"76\"><strong>Contient 200 \u03bcg de vitamine B12 (m\u00e9thylcobalamine) par portion journali\u00e8re<\/strong><\/p>\n<p data-start=\"78\" data-end=\"261\">\u2022 Application liquide \u2013 simplement 2 pulv\u00e9risations par jour<br data-start=\"138\" data-end=\"141\" \/>\u2022 Absorption directe dans la cavit\u00e9 buccale<br data-start=\"184\" data-end=\"187\" \/>\u2022 Go\u00fbt neutre<br data-start=\"200\" data-end=\"203\" \/>\u2022 Fabriqu\u00e9 en Autriche avec un contr\u00f4le qualit\u00e9 certifi\u00e9<\/p>\n<p data-start=\"263\" data-end=\"495\">La vitamine B12 contribue \u00e0 :<br data-start=\"292\" data-end=\"295\" \/>\u2022 un m\u00e9tabolisme \u00e9nerg\u00e9tique normal<br data-start=\"330\" data-end=\"333\" \/>\u2022 la r\u00e9duction de la fatigue<br data-start=\"361\" data-end=\"364\" \/>\u2022 le fonctionnement normal du syst\u00e8me nerveux<br data-start=\"409\" data-end=\"412\" \/>\u2022 une fonction psychologique normale<br data-start=\"448\" data-end=\"451\" \/>\u2022 la formation normale des globules rouges<\/p>\n<p data-start=\"497\" data-end=\"636\"><strong>Conseils d\u2019utilisation :<\/strong><br data-start=\"521\" data-end=\"524\" \/>Prendre 2 pulv\u00e9risations par jour directement dans la bouche.<br data-start=\"585\" data-end=\"588\" \/>Bien agiter avant utilisation. Contenu : 30 ml<\/p>\n<p data-start=\"638\" data-end=\"779\"><strong>Ingr\u00e9dients :<\/strong><br data-start=\"651\" data-end=\"654\" \/>Glyc\u00e9rine, eau, m\u00e9thylcobalamine (vitamine B12)<br data-start=\"701\" data-end=\"704\" \/>*VNR = Valeur nutritionnelle de r\u00e9f\u00e9rence selon la r\u00e9glementation de l\u2019UE<\/p>\n<p data-start=\"781\" data-end=\"1029\"><strong>Remarques :<\/strong><br data-start=\"792\" data-end=\"795\" \/>Les compl\u00e9ments alimentaires ne remplacent pas une alimentation \u00e9quilibr\u00e9e et vari\u00e9e ni un mode de vie sain. Ne pas d\u00e9passer la dose journali\u00e8re recommand\u00e9e. Tenir hors de port\u00e9e des jeunes enfants. Conserver \u00e0 l\u2019abri de la lumi\u00e8re.<\/p>\n","protected":false},"excerpt":{"rendered":"<p>Apport quotidien simple &#8211; absorption rapide et directe. La vitamine B12 est importante pour le m\u00e9tabolisme \u00e9nerg\u00e9tique, le syst\u00e8me nerveux et la formation des globules rouges. Notre spray B12 est absorb\u00e9 directement par la muqueuse buccale &#8211; id\u00e9al pour celles et ceux qui souhaitent \u00e9viter les g\u00e9lules ou privil\u00e9gient une utilisation particuli\u00e8rement simple. Avec la m\u00e9thylcobalamine, vous utilisez une forme active de vitamine B12 que l\u2019organisme peut utiliser directement.<\/p>\n","protected":false},"featured_media":141824,"template":"","meta":{"_acf_changed":false},"product_cat":[3081,1306,1302],"product_tag":[],"giftcard-category":[],"class_list":{"0":"post-141839","1":"product","2":"type-product","3":"status-publish","4":"has-post-thumbnail","6":"product_cat-fitness-fr","7":"product_cat-accessories-fr","8":"product_cat-all-fr","10":"first","11":"instock","12":"taxable","13":"shipping-taxable","14":"purchasable","15":"product-type-simple"},"bundled_by":[],"bundle_stock_status":"instock","bundle_stock_quantity":null,"bundle_virtual":false,"bundle_layout":"","bundle_add_to_cart_form_location":"","bundle_editable_in_cart":false,"bundle_sold_individually_context":"","bundle_item_grouping":"","bundle_min_size":"","bundle_max_size":"","bundle_price":[],"bundled_items":[],"bundle_sell_ids":[],"exclude_global_add_ons":[],"addons":[],"acf":[],"yoast_head":"<title>TAPEDESIGN\u00ae x SOA - Vitamin B12 100 mcg Spray - TAPEDESIGN<\/title>\n<meta name=\"robots\" content=\"index, follow, max-snippet:-1, max-image-preview:large, max-video-preview:-1\" \/>\n<link rel=\"canonical\" href=\"https:\/\/www.tape-design.com\/fr\/produit\/tapedesign-x-soa-vitamin-b12-100-mcg-spray\/\" \/>\n<meta property=\"og:locale\" content=\"fr_FR\" \/>\n<meta property=\"og:type\" content=\"article\" \/>\n<meta property=\"og:title\" content=\"TAPEDESIGN\u00ae x SOA - Vitamin B12 100 mcg Spray - TAPEDESIGN\" \/>\n<meta property=\"og:description\" content=\"Apport quotidien simple - absorption rapide et directe. La vitamine B12 est importante pour le m\u00e9tabolisme \u00e9nerg\u00e9tique, le syst\u00e8me nerveux et la formation des globules rouges. Notre spray B12 est absorb\u00e9 directement par la muqueuse buccale - id\u00e9al pour celles et ceux qui souhaitent \u00e9viter les g\u00e9lules ou privil\u00e9gient une utilisation particuli\u00e8rement simple. Avec la m\u00e9thylcobalamine, vous utilisez une forme active de vitamine B12 que l\u2019organisme peut utiliser directement.\" \/>\n<meta property=\"og:url\" content=\"https:\/\/www.tape-design.com\/fr\/produit\/tapedesign-x-soa-vitamin-b12-100-mcg-spray\/\" \/>\n<meta property=\"og:site_name\" content=\"TAPEDESIGN\" \/>\n<meta property=\"article:publisher\" content=\"https:\/\/www.facebook.com\/tapedesigncom\/\" \/>\n<meta property=\"article:modified_time\" content=\"2026-02-09T11:17:26+00:00\" \/>\n<meta property=\"og:image\" content=\"https:\/\/www.tape-design.com\/app\/uploads\/2026\/02\/SOA-0009_clean.webp\" \/>\n\t<meta property=\"og:image:width\" content=\"1200\" \/>\n\t<meta property=\"og:image:height\" content=\"1200\" \/>\n\t<meta property=\"og:image:type\" content=\"image\/webp\" \/>\n<meta name=\"twitter:card\" content=\"summary_large_image\" \/>\n<meta name=\"twitter:label1\" content=\"Dur\u00e9e de lecture estim\u00e9e\" \/>\n\t<meta name=\"twitter:data1\" content=\"1 minute\" \/>\n<script type=\"application\/ld+json\" class=\"yoast-schema-graph\">{\"@context\":\"https:\/\/schema.org\",\"@graph\":[{\"@type\":\"WebPage\",\"@id\":\"https:\/\/www.tape-design.com\/fr\/produit\/tapedesign-x-soa-vitamin-b12-100-mcg-spray\/\",\"url\":\"https:\/\/www.tape-design.com\/fr\/produit\/tapedesign-x-soa-vitamin-b12-100-mcg-spray\/\",\"name\":\"TAPEDESIGN\u00ae x SOA - Vitamin B12 100 mcg Spray - TAPEDESIGN\",\"isPartOf\":{\"@id\":\"https:\/\/www.tape-design.com\/#website\"},\"primaryImageOfPage\":{\"@id\":\"https:\/\/www.tape-design.com\/fr\/produit\/tapedesign-x-soa-vitamin-b12-100-mcg-spray\/#primaryimage\"},\"image\":{\"@id\":\"https:\/\/www.tape-design.com\/fr\/produit\/tapedesign-x-soa-vitamin-b12-100-mcg-spray\/#primaryimage\"},\"thumbnailUrl\":\"https:\/\/www.tape-design.com\/app\/uploads\/2026\/02\/SOA-0009_clean.webp\",\"datePublished\":\"2026-02-09T10:29:09+00:00\",\"dateModified\":\"2026-02-09T11:17:26+00:00\",\"breadcrumb\":{\"@id\":\"https:\/\/www.tape-design.com\/fr\/produit\/tapedesign-x-soa-vitamin-b12-100-mcg-spray\/#breadcrumb\"},\"inLanguage\":\"fr-FR\",\"potentialAction\":[{\"@type\":\"ReadAction\",\"target\":[\"https:\/\/www.tape-design.com\/fr\/produit\/tapedesign-x-soa-vitamin-b12-100-mcg-spray\/\"]}]},{\"@type\":\"ImageObject\",\"inLanguage\":\"fr-FR\",\"@id\":\"https:\/\/www.tape-design.com\/fr\/produit\/tapedesign-x-soa-vitamin-b12-100-mcg-spray\/#primaryimage\",\"url\":\"https:\/\/www.tape-design.com\/app\/uploads\/2026\/02\/SOA-0009_clean.webp\",\"contentUrl\":\"https:\/\/www.tape-design.com\/app\/uploads\/2026\/02\/SOA-0009_clean.webp\",\"width\":1200,\"height\":1200},{\"@type\":\"BreadcrumbList\",\"@id\":\"https:\/\/www.tape-design.com\/fr\/produit\/tapedesign-x-soa-vitamin-b12-100-mcg-spray\/#breadcrumb\",\"itemListElement\":[{\"@type\":\"ListItem\",\"position\":1,\"name\":\"Home\",\"item\":\"https:\/\/www.tape-design.com\/fr\/\"},{\"@type\":\"ListItem\",\"position\":2,\"name\":\"Shop\",\"item\":\"https:\/\/www.tape-design.com\/fr\/shop\/\"},{\"@type\":\"ListItem\",\"position\":3,\"name\":\"TAPEDESIGN\u00ae x SOA &#8211; Vitamin B12 100 mcg Spray\"}]},{\"@type\":\"WebSite\",\"@id\":\"https:\/\/www.tape-design.com\/#website\",\"url\":\"https:\/\/www.tape-design.com\/\",\"name\":\"TAPEDESIGN\",\"description\":\"Always a step ahead\",\"publisher\":{\"@id\":\"https:\/\/www.tape-design.com\/#organization\"},\"potentialAction\":[{\"@type\":\"SearchAction\",\"target\":{\"@type\":\"EntryPoint\",\"urlTemplate\":\"https:\/\/www.tape-design.com\/?s={search_term_string}\"},\"query-input\":{\"@type\":\"PropertyValueSpecification\",\"valueRequired\":true,\"valueName\":\"search_term_string\"}}],\"inLanguage\":\"fr-FR\"},{\"@type\":\"Organization\",\"@id\":\"https:\/\/www.tape-design.com\/#organization\",\"name\":\"TAPEDESIGN\",\"url\":\"https:\/\/www.tape-design.com\/\",\"logo\":{\"@type\":\"ImageObject\",\"inLanguage\":\"fr-FR\",\"@id\":\"https:\/\/www.tape-design.com\/#\/schema\/logo\/image\/\",\"url\":\"https:\/\/www.tape-design.com\/app\/uploads\/2020\/11\/Logosmall.png\",\"contentUrl\":\"https:\/\/www.tape-design.com\/app\/uploads\/2020\/11\/Logosmall.png\",\"width\":340,\"height\":156,\"caption\":\"TAPEDESIGN\"},\"image\":{\"@id\":\"https:\/\/www.tape-design.com\/#\/schema\/logo\/image\/\"},\"sameAs\":[\"https:\/\/www.facebook.com\/tapedesigncom\/\",\"https:\/\/www.instagram.com\/tapedesign_socks\/?hl=de\"]}]}<\/script>","yoast_head_json":{"title":"TAPEDESIGN\u00ae x SOA - Vitamin B12 100 mcg Spray - TAPEDESIGN","robots":{"index":"index","follow":"follow","max-snippet":"max-snippet:-1","max-image-preview":"max-image-preview:large","max-video-preview":"max-video-preview:-1"},"canonical":"https:\/\/www.tape-design.com\/fr\/produit\/tapedesign-x-soa-vitamin-b12-100-mcg-spray\/","og_locale":"fr_FR","og_type":"article","og_title":"TAPEDESIGN\u00ae x SOA - Vitamin B12 100 mcg Spray - TAPEDESIGN","og_description":"Apport quotidien simple - absorption rapide et directe. La vitamine B12 est importante pour le m\u00e9tabolisme \u00e9nerg\u00e9tique, le syst\u00e8me nerveux et la formation des globules rouges. Notre spray B12 est absorb\u00e9 directement par la muqueuse buccale - id\u00e9al pour celles et ceux qui souhaitent \u00e9viter les g\u00e9lules ou privil\u00e9gient une utilisation particuli\u00e8rement simple. Avec la m\u00e9thylcobalamine, vous utilisez une forme active de vitamine B12 que l\u2019organisme peut utiliser directement.","og_url":"https:\/\/www.tape-design.com\/fr\/produit\/tapedesign-x-soa-vitamin-b12-100-mcg-spray\/","og_site_name":"TAPEDESIGN","article_publisher":"https:\/\/www.facebook.com\/tapedesigncom\/","article_modified_time":"2026-02-09T11:17:26+00:00","og_image":[{"width":1200,"height":1200,"url":"https:\/\/www.tape-design.com\/app\/uploads\/2026\/02\/SOA-0009_clean.webp","type":"image\/webp"}],"twitter_card":"summary_large_image","twitter_misc":{"Dur\u00e9e de lecture estim\u00e9e":"1 minute"},"schema":{"@context":"https:\/\/schema.org","@graph":[{"@type":"WebPage","@id":"https:\/\/www.tape-design.com\/fr\/produit\/tapedesign-x-soa-vitamin-b12-100-mcg-spray\/","url":"https:\/\/www.tape-design.com\/fr\/produit\/tapedesign-x-soa-vitamin-b12-100-mcg-spray\/","name":"TAPEDESIGN\u00ae x SOA - Vitamin B12 100 mcg Spray - TAPEDESIGN","isPartOf":{"@id":"https:\/\/www.tape-design.com\/#website"},"primaryImageOfPage":{"@id":"https:\/\/www.tape-design.com\/fr\/produit\/tapedesign-x-soa-vitamin-b12-100-mcg-spray\/#primaryimage"},"image":{"@id":"https:\/\/www.tape-design.com\/fr\/produit\/tapedesign-x-soa-vitamin-b12-100-mcg-spray\/#primaryimage"},"thumbnailUrl":"https:\/\/www.tape-design.com\/app\/uploads\/2026\/02\/SOA-0009_clean.webp","datePublished":"2026-02-09T10:29:09+00:00","dateModified":"2026-02-09T11:17:26+00:00","breadcrumb":{"@id":"https:\/\/www.tape-design.com\/fr\/produit\/tapedesign-x-soa-vitamin-b12-100-mcg-spray\/#breadcrumb"},"inLanguage":"fr-FR","potentialAction":[{"@type":"ReadAction","target":["https:\/\/www.tape-design.com\/fr\/produit\/tapedesign-x-soa-vitamin-b12-100-mcg-spray\/"]}]},{"@type":"ImageObject","inLanguage":"fr-FR","@id":"https:\/\/www.tape-design.com\/fr\/produit\/tapedesign-x-soa-vitamin-b12-100-mcg-spray\/#primaryimage","url":"https:\/\/www.tape-design.com\/app\/uploads\/2026\/02\/SOA-0009_clean.webp","contentUrl":"https:\/\/www.tape-design.com\/app\/uploads\/2026\/02\/SOA-0009_clean.webp","width":1200,"height":1200},{"@type":"BreadcrumbList","@id":"https:\/\/www.tape-design.com\/fr\/produit\/tapedesign-x-soa-vitamin-b12-100-mcg-spray\/#breadcrumb","itemListElement":[{"@type":"ListItem","position":1,"name":"Home","item":"https:\/\/www.tape-design.com\/fr\/"},{"@type":"ListItem","position":2,"name":"Shop","item":"https:\/\/www.tape-design.com\/fr\/shop\/"},{"@type":"ListItem","position":3,"name":"TAPEDESIGN\u00ae x SOA &#8211; Vitamin B12 100 mcg Spray"}]},{"@type":"WebSite","@id":"https:\/\/www.tape-design.com\/#website","url":"https:\/\/www.tape-design.com\/","name":"TAPEDESIGN","description":"Always a step ahead","publisher":{"@id":"https:\/\/www.tape-design.com\/#organization"},"potentialAction":[{"@type":"SearchAction","target":{"@type":"EntryPoint","urlTemplate":"https:\/\/www.tape-design.com\/?s={search_term_string}"},"query-input":{"@type":"PropertyValueSpecification","valueRequired":true,"valueName":"search_term_string"}}],"inLanguage":"fr-FR"},{"@type":"Organization","@id":"https:\/\/www.tape-design.com\/#organization","name":"TAPEDESIGN","url":"https:\/\/www.tape-design.com\/","logo":{"@type":"ImageObject","inLanguage":"fr-FR","@id":"https:\/\/www.tape-design.com\/#\/schema\/logo\/image\/","url":"https:\/\/www.tape-design.com\/app\/uploads\/2020\/11\/Logosmall.png","contentUrl":"https:\/\/www.tape-design.com\/app\/uploads\/2020\/11\/Logosmall.png","width":340,"height":156,"caption":"TAPEDESIGN"},"image":{"@id":"https:\/\/www.tape-design.com\/#\/schema\/logo\/image\/"},"sameAs":["https:\/\/www.facebook.com\/tapedesigncom\/","https:\/\/www.instagram.com\/tapedesign_socks\/?hl=de"]}]}},"_links":{"self":[{"href":"https:\/\/www.tape-design.com\/fr\/wp-json\/wp\/v2\/product\/141839","targetHints":{"allow":["GET"]}}],"collection":[{"href":"https:\/\/www.tape-design.com\/fr\/wp-json\/wp\/v2\/product"}],"about":[{"href":"https:\/\/www.tape-design.com\/fr\/wp-json\/wp\/v2\/types\/product"}],"wp:featuredmedia":[{"embeddable":true,"href":"https:\/\/www.tape-design.com\/fr\/wp-json\/wp\/v2\/media\/141824"}],"wp:attachment":[{"href":"https:\/\/www.tape-design.com\/fr\/wp-json\/wp\/v2\/media?parent=141839"}],"wp:term":[{"taxonomy":"product_cat","embeddable":true,"href":"https:\/\/www.tape-design.com\/fr\/wp-json\/wp\/v2\/product_cat?post=141839"},{"taxonomy":"product_tag","embeddable":true,"href":"https:\/\/www.tape-design.com\/fr\/wp-json\/wp\/v2\/product_tag?post=141839"},{"taxonomy":"giftcard-category","embeddable":true,"href":"https:\/\/www.tape-design.com\/fr\/wp-json\/wp\/v2\/giftcard-category?post=141839"}],"curies":[{"name":"wp","href":"https:\/\/api.w.org\/{rel}","templated":true}]}}