{"id":142104,"date":"2026-02-18T16:43:49","date_gmt":"2026-02-18T15:43:49","guid":{"rendered":"https:\/\/www.tape-design.com\/product\/bundle-shoebag-2x-allround-socks-classic-2\/"},"modified":"2026-03-31T10:32:00","modified_gmt":"2026-03-31T08:32:00","slug":"bundle-shoebag-2x-allround-socks-classic-2","status":"publish","type":"product","link":"https:\/\/www.tape-design.com\/fr\/produit\/bundle-shoebag-2x-allround-socks-classic-2\/","title":{"rendered":"Bundle: Shoebag + 2x Allround Socks &#8220;Classic&#8221;"},"content":{"rendered":"<p>\ud83d\udc49 Adh\u00e9rence antid\u00e9rapante, design haut de gamme et fonctionnalit\u00e9 maximale &#8211; qualit\u00e9 et style r\u00e9unis dans un seul bundle !<\/p>\n","protected":false},"excerpt":{"rendered":"<p data-start=\"125\" data-end=\"219\"><strong data-start=\"125\" data-end=\"165\">TAPEDESIGN\u00ae SHOEBAG + CLASSIC BUNDLE<\/strong><br data-start=\"165\" data-end=\"168\" \/>Le set pratique pour l\u2019entra\u00eenement et les matchs :<\/p>\n<p data-start=\"221\" data-end=\"315\"><strong data-start=\"221\" data-end=\"248\">Inclus dans le bundle:<\/strong><br data-start=\"248\" data-end=\"251\" \/>1\u00d7 TAPEDESIGN\u00ae Shoebag<br data-start=\"273\" data-end=\"276\" \/>2\u00d7 TAPEDESIGN\u00ae Allround Socks Classic<\/p>\n","protected":false},"featured_media":142067,"template":"","meta":{"_acf_changed":false},"product_cat":[3110,2846,1302],"product_tag":[],"giftcard-category":[],"class_list":{"0":"post-142104","1":"product","2":"type-product","3":"status-publish","4":"has-post-thumbnail","6":"product_cat-training-kick-off-fr","7":"product_cat-special-sets-fr","8":"product_cat-all-fr","10":"first","11":"instock","12":"sale","13":"virtual","14":"taxable","15":"purchasable","16":"product-type-bundle"},"bundled_by":[],"bundle_stock_status":"instock","bundle_stock_quantity":"","bundle_virtual":false,"bundle_layout":"default","bundle_add_to_cart_form_location":"default","bundle_editable_in_cart":false,"bundle_sold_individually_context":"product","bundle_item_grouping":"parent","bundle_min_size":"","bundle_max_size":"","bundle_price":{"price":{"min":{"incl_tax":"59.95","excl_tax":"49.958333"},"max":{"incl_tax":"59.95","excl_tax":"49.958333"}},"regular_price":{"min":{"incl_tax":"79.85","excl_tax":"66.541667"},"max":{"incl_tax":"79.85","excl_tax":"66.541667"}}},"bundled_items":[{"bundled_item_id":398,"product_id":136621,"menu_order":0,"quantity_min":1,"quantity_max":1,"quantity_default":1,"priced_individually":false,"shipped_individually":false,"override_title":false,"title":"TAPEDESIGN\u00ae Shoebag","override_description":false,"description":"TAPEDESIGN\u00ae Shoebag","optional":false,"hide_thumbnail":false,"discount":"","override_variations":false,"allowed_variations":[""],"override_default_variation_attributes":false,"default_variation_attributes":[],"single_product_visibility":"visible","cart_visibility":"visible","order_visibility":"visible","single_product_price_visibility":"visible","cart_price_visibility":"visible","order_price_visibility":"visible","stock_status":"in_stock"},{"bundled_item_id":399,"product_id":15470,"menu_order":1,"quantity_min":1,"quantity_max":1,"quantity_default":1,"priced_individually":false,"shipped_individually":false,"override_title":false,"title":"Chaussettes Allround Classic","override_description":false,"description":"Chaussettes Allround Classic","optional":false,"hide_thumbnail":false,"discount":"","override_variations":false,"allowed_variations":[""],"override_default_variation_attributes":false,"default_variation_attributes":[],"single_product_visibility":"visible","cart_visibility":"visible","order_visibility":"visible","single_product_price_visibility":"visible","cart_price_visibility":"visible","order_price_visibility":"visible","stock_status":"in_stock"},{"bundled_item_id":416,"product_id":15470,"menu_order":1,"quantity_min":1,"quantity_max":1,"quantity_default":1,"priced_individually":false,"shipped_individually":false,"override_title":false,"title":"Chaussettes Allround Classic","override_description":false,"description":"Chaussettes Allround Classic","optional":false,"hide_thumbnail":false,"discount":"","override_variations":false,"allowed_variations":[""],"override_default_variation_attributes":false,"default_variation_attributes":[],"single_product_visibility":"visible","cart_visibility":"visible","order_visibility":"visible","single_product_price_visibility":"visible","cart_price_visibility":"visible","order_price_visibility":"visible","stock_status":"in_stock"}],"bundle_sell_ids":[],"exclude_global_add_ons":[],"addons":[],"acf":[],"yoast_head":"<title>Bundle: Shoebag + 2x Allround Socks &quot;Classic&quot; - TAPEDESIGN<\/title>\n<meta name=\"robots\" content=\"index, follow, max-snippet:-1, max-image-preview:large, max-video-preview:-1\" \/>\n<link rel=\"canonical\" href=\"https:\/\/www.tape-design.com\/fr\/produit\/bundle-shoebag-2x-allround-socks-classic-2\/\" \/>\n<meta property=\"og:locale\" content=\"fr_FR\" \/>\n<meta property=\"og:type\" content=\"article\" \/>\n<meta property=\"og:title\" content=\"Bundle: Shoebag + 2x Allround Socks &quot;Classic&quot; - TAPEDESIGN\" \/>\n<meta property=\"og:description\" content=\"TAPEDESIGN\u00ae SHOEBAG + CLASSIC BUNDLELe set pratique pour l\u2019entra\u00eenement et les matchs : Inclus dans le bundle:1\u00d7 TAPEDESIGN\u00ae Shoebag2\u00d7 TAPEDESIGN\u00ae Allround Socks Classic\" \/>\n<meta property=\"og:url\" content=\"https:\/\/www.tape-design.com\/fr\/produit\/bundle-shoebag-2x-allround-socks-classic-2\/\" \/>\n<meta property=\"og:site_name\" content=\"TAPEDESIGN\" \/>\n<meta property=\"article:publisher\" content=\"https:\/\/www.facebook.com\/tapedesigncom\/\" \/>\n<meta property=\"article:modified_time\" content=\"2026-03-31T08:32:00+00:00\" \/>\n<meta property=\"og:image\" content=\"https:\/\/www.tape-design.com\/app\/uploads\/2026\/02\/TD_CRM_PRODUCT_IMG_SHOEBAG_BUNDLE_02-scaled.jpg\" \/>\n\t<meta property=\"og:image:width\" content=\"2560\" \/>\n\t<meta property=\"og:image:height\" content=\"2560\" \/>\n\t<meta property=\"og:image:type\" content=\"image\/jpeg\" \/>\n<meta name=\"twitter:card\" content=\"summary_large_image\" \/>\n<script type=\"application\/ld+json\" class=\"yoast-schema-graph\">{\"@context\":\"https:\/\/schema.org\",\"@graph\":[{\"@type\":\"WebPage\",\"@id\":\"https:\/\/www.tape-design.com\/fr\/produit\/bundle-shoebag-2x-allround-socks-classic-2\/\",\"url\":\"https:\/\/www.tape-design.com\/fr\/produit\/bundle-shoebag-2x-allround-socks-classic-2\/\",\"name\":\"Bundle: Shoebag + 2x Allround Socks \\\"Classic\\\" - TAPEDESIGN\",\"isPartOf\":{\"@id\":\"https:\/\/www.tape-design.com\/#website\"},\"primaryImageOfPage\":{\"@id\":\"https:\/\/www.tape-design.com\/fr\/produit\/bundle-shoebag-2x-allround-socks-classic-2\/#primaryimage\"},\"image\":{\"@id\":\"https:\/\/www.tape-design.com\/fr\/produit\/bundle-shoebag-2x-allround-socks-classic-2\/#primaryimage\"},\"thumbnailUrl\":\"https:\/\/www.tape-design.com\/app\/uploads\/2026\/02\/TD_CRM_PRODUCT_IMG_SHOEBAG_BUNDLE_02-scaled.jpg\",\"datePublished\":\"2026-02-18T15:43:49+00:00\",\"dateModified\":\"2026-03-31T08:32:00+00:00\",\"breadcrumb\":{\"@id\":\"https:\/\/www.tape-design.com\/fr\/produit\/bundle-shoebag-2x-allround-socks-classic-2\/#breadcrumb\"},\"inLanguage\":\"fr-FR\",\"potentialAction\":[{\"@type\":\"ReadAction\",\"target\":[\"https:\/\/www.tape-design.com\/fr\/produit\/bundle-shoebag-2x-allround-socks-classic-2\/\"]}]},{\"@type\":\"ImageObject\",\"inLanguage\":\"fr-FR\",\"@id\":\"https:\/\/www.tape-design.com\/fr\/produit\/bundle-shoebag-2x-allround-socks-classic-2\/#primaryimage\",\"url\":\"https:\/\/www.tape-design.com\/app\/uploads\/2026\/02\/TD_CRM_PRODUCT_IMG_SHOEBAG_BUNDLE_02-scaled.jpg\",\"contentUrl\":\"https:\/\/www.tape-design.com\/app\/uploads\/2026\/02\/TD_CRM_PRODUCT_IMG_SHOEBAG_BUNDLE_02-scaled.jpg\",\"width\":2560,\"height\":2560},{\"@type\":\"BreadcrumbList\",\"@id\":\"https:\/\/www.tape-design.com\/fr\/produit\/bundle-shoebag-2x-allround-socks-classic-2\/#breadcrumb\",\"itemListElement\":[{\"@type\":\"ListItem\",\"position\":1,\"name\":\"Home\",\"item\":\"https:\/\/www.tape-design.com\/fr\/\"},{\"@type\":\"ListItem\",\"position\":2,\"name\":\"Shop\",\"item\":\"https:\/\/www.tape-design.com\/fr\/shop\/\"},{\"@type\":\"ListItem\",\"position\":3,\"name\":\"Bundle: Shoebag + 2x Allround Socks &#8220;Classic&#8221;\"}]},{\"@type\":\"WebSite\",\"@id\":\"https:\/\/www.tape-design.com\/#website\",\"url\":\"https:\/\/www.tape-design.com\/\",\"name\":\"TAPEDESIGN\",\"description\":\"Always a step ahead\",\"publisher\":{\"@id\":\"https:\/\/www.tape-design.com\/#organization\"},\"potentialAction\":[{\"@type\":\"SearchAction\",\"target\":{\"@type\":\"EntryPoint\",\"urlTemplate\":\"https:\/\/www.tape-design.com\/?s={search_term_string}\"},\"query-input\":{\"@type\":\"PropertyValueSpecification\",\"valueRequired\":true,\"valueName\":\"search_term_string\"}}],\"inLanguage\":\"fr-FR\"},{\"@type\":\"Organization\",\"@id\":\"https:\/\/www.tape-design.com\/#organization\",\"name\":\"TAPEDESIGN\",\"url\":\"https:\/\/www.tape-design.com\/\",\"logo\":{\"@type\":\"ImageObject\",\"inLanguage\":\"fr-FR\",\"@id\":\"https:\/\/www.tape-design.com\/#\/schema\/logo\/image\/\",\"url\":\"https:\/\/www.tape-design.com\/app\/uploads\/2020\/11\/Logosmall.png\",\"contentUrl\":\"https:\/\/www.tape-design.com\/app\/uploads\/2020\/11\/Logosmall.png\",\"width\":340,\"height\":156,\"caption\":\"TAPEDESIGN\"},\"image\":{\"@id\":\"https:\/\/www.tape-design.com\/#\/schema\/logo\/image\/\"},\"sameAs\":[\"https:\/\/www.facebook.com\/tapedesigncom\/\",\"https:\/\/www.instagram.com\/tapedesign_socks\/?hl=de\"]}]}<\/script>","yoast_head_json":{"title":"Bundle: Shoebag + 2x Allround Socks \"Classic\" - TAPEDESIGN","robots":{"index":"index","follow":"follow","max-snippet":"max-snippet:-1","max-image-preview":"max-image-preview:large","max-video-preview":"max-video-preview:-1"},"canonical":"https:\/\/www.tape-design.com\/fr\/produit\/bundle-shoebag-2x-allround-socks-classic-2\/","og_locale":"fr_FR","og_type":"article","og_title":"Bundle: Shoebag + 2x Allround Socks \"Classic\" - TAPEDESIGN","og_description":"TAPEDESIGN\u00ae SHOEBAG + CLASSIC BUNDLELe set pratique pour l\u2019entra\u00eenement et les matchs : Inclus dans le bundle:1\u00d7 TAPEDESIGN\u00ae Shoebag2\u00d7 TAPEDESIGN\u00ae Allround Socks Classic","og_url":"https:\/\/www.tape-design.com\/fr\/produit\/bundle-shoebag-2x-allround-socks-classic-2\/","og_site_name":"TAPEDESIGN","article_publisher":"https:\/\/www.facebook.com\/tapedesigncom\/","article_modified_time":"2026-03-31T08:32:00+00:00","og_image":[{"width":2560,"height":2560,"url":"https:\/\/www.tape-design.com\/app\/uploads\/2026\/02\/TD_CRM_PRODUCT_IMG_SHOEBAG_BUNDLE_02-scaled.jpg","type":"image\/jpeg"}],"twitter_card":"summary_large_image","schema":{"@context":"https:\/\/schema.org","@graph":[{"@type":"WebPage","@id":"https:\/\/www.tape-design.com\/fr\/produit\/bundle-shoebag-2x-allround-socks-classic-2\/","url":"https:\/\/www.tape-design.com\/fr\/produit\/bundle-shoebag-2x-allround-socks-classic-2\/","name":"Bundle: Shoebag + 2x Allround Socks \"Classic\" - TAPEDESIGN","isPartOf":{"@id":"https:\/\/www.tape-design.com\/#website"},"primaryImageOfPage":{"@id":"https:\/\/www.tape-design.com\/fr\/produit\/bundle-shoebag-2x-allround-socks-classic-2\/#primaryimage"},"image":{"@id":"https:\/\/www.tape-design.com\/fr\/produit\/bundle-shoebag-2x-allround-socks-classic-2\/#primaryimage"},"thumbnailUrl":"https:\/\/www.tape-design.com\/app\/uploads\/2026\/02\/TD_CRM_PRODUCT_IMG_SHOEBAG_BUNDLE_02-scaled.jpg","datePublished":"2026-02-18T15:43:49+00:00","dateModified":"2026-03-31T08:32:00+00:00","breadcrumb":{"@id":"https:\/\/www.tape-design.com\/fr\/produit\/bundle-shoebag-2x-allround-socks-classic-2\/#breadcrumb"},"inLanguage":"fr-FR","potentialAction":[{"@type":"ReadAction","target":["https:\/\/www.tape-design.com\/fr\/produit\/bundle-shoebag-2x-allround-socks-classic-2\/"]}]},{"@type":"ImageObject","inLanguage":"fr-FR","@id":"https:\/\/www.tape-design.com\/fr\/produit\/bundle-shoebag-2x-allround-socks-classic-2\/#primaryimage","url":"https:\/\/www.tape-design.com\/app\/uploads\/2026\/02\/TD_CRM_PRODUCT_IMG_SHOEBAG_BUNDLE_02-scaled.jpg","contentUrl":"https:\/\/www.tape-design.com\/app\/uploads\/2026\/02\/TD_CRM_PRODUCT_IMG_SHOEBAG_BUNDLE_02-scaled.jpg","width":2560,"height":2560},{"@type":"BreadcrumbList","@id":"https:\/\/www.tape-design.com\/fr\/produit\/bundle-shoebag-2x-allround-socks-classic-2\/#breadcrumb","itemListElement":[{"@type":"ListItem","position":1,"name":"Home","item":"https:\/\/www.tape-design.com\/fr\/"},{"@type":"ListItem","position":2,"name":"Shop","item":"https:\/\/www.tape-design.com\/fr\/shop\/"},{"@type":"ListItem","position":3,"name":"Bundle: Shoebag + 2x Allround Socks &#8220;Classic&#8221;"}]},{"@type":"WebSite","@id":"https:\/\/www.tape-design.com\/#website","url":"https:\/\/www.tape-design.com\/","name":"TAPEDESIGN","description":"Always a step ahead","publisher":{"@id":"https:\/\/www.tape-design.com\/#organization"},"potentialAction":[{"@type":"SearchAction","target":{"@type":"EntryPoint","urlTemplate":"https:\/\/www.tape-design.com\/?s={search_term_string}"},"query-input":{"@type":"PropertyValueSpecification","valueRequired":true,"valueName":"search_term_string"}}],"inLanguage":"fr-FR"},{"@type":"Organization","@id":"https:\/\/www.tape-design.com\/#organization","name":"TAPEDESIGN","url":"https:\/\/www.tape-design.com\/","logo":{"@type":"ImageObject","inLanguage":"fr-FR","@id":"https:\/\/www.tape-design.com\/#\/schema\/logo\/image\/","url":"https:\/\/www.tape-design.com\/app\/uploads\/2020\/11\/Logosmall.png","contentUrl":"https:\/\/www.tape-design.com\/app\/uploads\/2020\/11\/Logosmall.png","width":340,"height":156,"caption":"TAPEDESIGN"},"image":{"@id":"https:\/\/www.tape-design.com\/#\/schema\/logo\/image\/"},"sameAs":["https:\/\/www.facebook.com\/tapedesigncom\/","https:\/\/www.instagram.com\/tapedesign_socks\/?hl=de"]}]}},"_links":{"self":[{"href":"https:\/\/www.tape-design.com\/fr\/wp-json\/wp\/v2\/product\/142104","targetHints":{"allow":["GET"]}}],"collection":[{"href":"https:\/\/www.tape-design.com\/fr\/wp-json\/wp\/v2\/product"}],"about":[{"href":"https:\/\/www.tape-design.com\/fr\/wp-json\/wp\/v2\/types\/product"}],"wp:featuredmedia":[{"embeddable":true,"href":"https:\/\/www.tape-design.com\/fr\/wp-json\/wp\/v2\/media\/142067"}],"wp:attachment":[{"href":"https:\/\/www.tape-design.com\/fr\/wp-json\/wp\/v2\/media?parent=142104"}],"wp:term":[{"taxonomy":"product_cat","embeddable":true,"href":"https:\/\/www.tape-design.com\/fr\/wp-json\/wp\/v2\/product_cat?post=142104"},{"taxonomy":"product_tag","embeddable":true,"href":"https:\/\/www.tape-design.com\/fr\/wp-json\/wp\/v2\/product_tag?post=142104"},{"taxonomy":"giftcard-category","embeddable":true,"href":"https:\/\/www.tape-design.com\/fr\/wp-json\/wp\/v2\/giftcard-category?post=142104"}],"curies":[{"name":"wp","href":"https:\/\/api.w.org\/{rel}","templated":true}]}}