{"id":142740,"date":"2026-03-09T10:34:31","date_gmt":"2026-03-09T09:34:31","guid":{"rendered":"https:\/\/www.tape-design.com\/product\/kids-bundle-allround-socks-kids-tubes-pro-kids\/"},"modified":"2026-03-09T10:34:31","modified_gmt":"2026-03-09T09:34:31","slug":"kids-bundle-allround-socks-kids-tubes-pro-kids","status":"publish","type":"product","link":"https:\/\/www.tape-design.com\/fr\/produit\/kids-bundle-allround-socks-kids-tubes-pro-kids\/","title":{"rendered":"Kids Bundle: Allround Socks \u201cKIDS\u201d + Tubes PRO KIDS"},"content":{"rendered":"<p data-start=\"2296\" data-end=\"2340\"><strong data-start=\"2296\" data-end=\"2340\">D\u00e9couvrez les TAPEDESIGN Tubes Pro\u00ae KIDS<\/strong><\/p>\n<p data-start=\"2342\" data-end=\"2641\">Les Tubes Pro KIDS ont \u00e9t\u00e9 sp\u00e9cialement d\u00e9velopp\u00e9es pour les jeunes sportifs et assurent un ajustement confortable ainsi qu\u2019une libert\u00e9 de mouvement optimale. Gr\u00e2ce au motif \u00e9lastique \u00e0 l\u2019arri\u00e8re, les tubes s\u2019adaptent parfaitement \u00e0 la jambe et offrent suffisamment d\u2019espace pour les prot\u00e8ge-tibias.<\/p>\n<p data-start=\"2643\" data-end=\"2675\"><strong data-start=\"2643\" data-end=\"2675\">Les Tubes Pro KIDS offrent :<\/strong><\/p>\n<ul>\n<li data-start=\"2678\" data-end=\"2733\">Ajustement confortable et grande libert\u00e9 de mouvement<\/li>\n<li data-start=\"2736\" data-end=\"2789\">Partie arri\u00e8re \u00e9lastique pour un ajustement optimal<\/li>\n<li data-start=\"2792\" data-end=\"2845\">Parfaites \u00e0 combiner avec les TAPEDESIGN Grip Socks<\/li>\n<li data-start=\"2848\" data-end=\"2876\">Mat\u00e9riaux de haute qualit\u00e9<\/li>\n<li data-start=\"2879\" data-end=\"2901\">Fabriqu\u00e9es dans l\u2019UE<\/li>\n<\/ul>\n<p data-start=\"2903\" data-end=\"3064\">Avec les <strong data-start=\"2912\" data-end=\"2941\">TAPEDESIGN Tubes Pro KIDS<\/strong>, les jeunes footballeurs sont parfaitement \u00e9quip\u00e9s \u2013 confortables, pratiques et id\u00e9ales pour l\u2019entra\u00eenement et les matchs.<\/p>\n","protected":false},"excerpt":{"rendered":"<p>D\u00e9couvrez les TAPEDESIGN Tubes Pro\u00ae KIDS Les Tubes Pro KIDS ont \u00e9t\u00e9 sp\u00e9cialement d\u00e9velopp\u00e9es pour les jeunes sportifs et assurent un ajustement confortable ainsi qu\u2019une libert\u00e9 de mouvement optimale. Gr\u00e2ce&hellip;<\/p>\n","protected":false},"featured_media":142730,"template":"","meta":{"_acf_changed":false},"product_cat":[3104,3091,2846,1365,1302],"product_tag":[],"giftcard-category":[],"class_list":{"0":"post-142740","1":"product","2":"type-product","3":"status-publish","4":"has-post-thumbnail","6":"product_cat-kids-fr","7":"product_cat-offres-de-paques","8":"product_cat-special-sets-fr","9":"product_cat-outlet-fr","10":"product_cat-all-fr","12":"first","13":"instock","14":"sale","15":"virtual","16":"taxable","17":"purchasable","18":"product-type-bundle"},"bundled_by":[],"bundle_stock_status":"instock","bundle_stock_quantity":"","bundle_virtual":false,"bundle_layout":"default","bundle_add_to_cart_form_location":"default","bundle_editable_in_cart":false,"bundle_sold_individually_context":"product","bundle_item_grouping":"parent","bundle_min_size":"","bundle_max_size":"","bundle_price":{"price":{"min":{"incl_tax":"24.95","excl_tax":"20.791667"},"max":{"incl_tax":"24.95","excl_tax":"20.791667"}},"regular_price":{"min":{"incl_tax":"35.9","excl_tax":"29.916667"},"max":{"incl_tax":"35.9","excl_tax":"29.916667"}}},"bundled_items":[{"bundled_item_id":408,"product_id":142699,"menu_order":0,"quantity_min":1,"quantity_max":1,"quantity_default":1,"priced_individually":false,"shipped_individually":false,"override_title":false,"title":"Tubes <b>PRO\u00ae<\/b> KIDS","override_description":false,"description":"Tubes <b>PRO\u00ae<\/b> KIDS","optional":false,"hide_thumbnail":false,"discount":"","override_variations":false,"allowed_variations":[""],"override_default_variation_attributes":false,"default_variation_attributes":[],"single_product_visibility":"visible","cart_visibility":"visible","order_visibility":"visible","single_product_price_visibility":"visible","cart_price_visibility":"visible","order_price_visibility":"visible","stock_status":"in_stock"},{"bundled_item_id":409,"product_id":18310,"menu_order":1,"quantity_min":1,"quantity_max":1,"quantity_default":1,"priced_individually":false,"shipped_individually":false,"override_title":false,"title":"Chaussettes Allround Classic Enfants","override_description":false,"description":"Chaussettes Allround Classic Enfants","optional":false,"hide_thumbnail":false,"discount":"","override_variations":false,"allowed_variations":[""],"override_default_variation_attributes":false,"default_variation_attributes":[],"single_product_visibility":"visible","cart_visibility":"visible","order_visibility":"visible","single_product_price_visibility":"visible","cart_price_visibility":"visible","order_price_visibility":"visible","stock_status":"in_stock"}],"bundle_sell_ids":[],"exclude_global_add_ons":[],"addons":[],"acf":[],"yoast_head":"<title>Kids Bundle: Allround Socks \u201cKIDS\u201d + Tubes PRO KIDS - TAPEDESIGN<\/title>\n<meta name=\"robots\" content=\"index, follow, max-snippet:-1, max-image-preview:large, max-video-preview:-1\" \/>\n<link rel=\"canonical\" href=\"https:\/\/www.tape-design.com\/fr\/produit\/kids-bundle-allround-socks-kids-tubes-pro-kids\/\" \/>\n<meta property=\"og:locale\" content=\"fr_FR\" \/>\n<meta property=\"og:type\" content=\"article\" \/>\n<meta property=\"og:title\" content=\"Kids Bundle: Allround Socks \u201cKIDS\u201d + Tubes PRO KIDS - TAPEDESIGN\" \/>\n<meta property=\"og:description\" content=\"D\u00e9couvrez les TAPEDESIGN Tubes Pro\u00ae KIDS Les Tubes Pro KIDS ont \u00e9t\u00e9 sp\u00e9cialement d\u00e9velopp\u00e9es pour les jeunes sportifs et assurent un ajustement confortable ainsi qu\u2019une libert\u00e9 de mouvement optimale. Gr\u00e2ce&hellip;\" \/>\n<meta property=\"og:url\" content=\"https:\/\/www.tape-design.com\/fr\/produit\/kids-bundle-allround-socks-kids-tubes-pro-kids\/\" \/>\n<meta property=\"og:site_name\" content=\"TAPEDESIGN\" \/>\n<meta property=\"article:publisher\" content=\"https:\/\/www.facebook.com\/tapedesigncom\/\" \/>\n<meta property=\"og:image\" content=\"https:\/\/www.tape-design.com\/app\/uploads\/2026\/03\/2026_BUNDLE_KIDS_TUBES_KIDS_SOCKS_PRODUCT_IMG_01.jpg\" \/>\n\t<meta property=\"og:image:width\" content=\"1080\" \/>\n\t<meta property=\"og:image:height\" content=\"1080\" \/>\n\t<meta property=\"og:image:type\" content=\"image\/jpeg\" \/>\n<meta name=\"twitter:card\" content=\"summary_large_image\" \/>\n<meta name=\"twitter:label1\" content=\"Dur\u00e9e de lecture estim\u00e9e\" \/>\n\t<meta name=\"twitter:data1\" content=\"1 minute\" \/>\n<script type=\"application\/ld+json\" class=\"yoast-schema-graph\">{\"@context\":\"https:\/\/schema.org\",\"@graph\":[{\"@type\":\"WebPage\",\"@id\":\"https:\/\/www.tape-design.com\/fr\/produit\/kids-bundle-allround-socks-kids-tubes-pro-kids\/\",\"url\":\"https:\/\/www.tape-design.com\/fr\/produit\/kids-bundle-allround-socks-kids-tubes-pro-kids\/\",\"name\":\"Kids Bundle: Allround Socks \u201cKIDS\u201d + Tubes PRO KIDS - TAPEDESIGN\",\"isPartOf\":{\"@id\":\"https:\/\/www.tape-design.com\/#website\"},\"primaryImageOfPage\":{\"@id\":\"https:\/\/www.tape-design.com\/fr\/produit\/kids-bundle-allround-socks-kids-tubes-pro-kids\/#primaryimage\"},\"image\":{\"@id\":\"https:\/\/www.tape-design.com\/fr\/produit\/kids-bundle-allround-socks-kids-tubes-pro-kids\/#primaryimage\"},\"thumbnailUrl\":\"https:\/\/www.tape-design.com\/app\/uploads\/2026\/03\/2026_BUNDLE_KIDS_TUBES_KIDS_SOCKS_PRODUCT_IMG_01.jpg\",\"datePublished\":\"2026-03-09T09:34:31+00:00\",\"breadcrumb\":{\"@id\":\"https:\/\/www.tape-design.com\/fr\/produit\/kids-bundle-allround-socks-kids-tubes-pro-kids\/#breadcrumb\"},\"inLanguage\":\"fr-FR\",\"potentialAction\":[{\"@type\":\"ReadAction\",\"target\":[\"https:\/\/www.tape-design.com\/fr\/produit\/kids-bundle-allround-socks-kids-tubes-pro-kids\/\"]}]},{\"@type\":\"ImageObject\",\"inLanguage\":\"fr-FR\",\"@id\":\"https:\/\/www.tape-design.com\/fr\/produit\/kids-bundle-allround-socks-kids-tubes-pro-kids\/#primaryimage\",\"url\":\"https:\/\/www.tape-design.com\/app\/uploads\/2026\/03\/2026_BUNDLE_KIDS_TUBES_KIDS_SOCKS_PRODUCT_IMG_01.jpg\",\"contentUrl\":\"https:\/\/www.tape-design.com\/app\/uploads\/2026\/03\/2026_BUNDLE_KIDS_TUBES_KIDS_SOCKS_PRODUCT_IMG_01.jpg\",\"width\":1080,\"height\":1080},{\"@type\":\"BreadcrumbList\",\"@id\":\"https:\/\/www.tape-design.com\/fr\/produit\/kids-bundle-allround-socks-kids-tubes-pro-kids\/#breadcrumb\",\"itemListElement\":[{\"@type\":\"ListItem\",\"position\":1,\"name\":\"Home\",\"item\":\"https:\/\/www.tape-design.com\/fr\/\"},{\"@type\":\"ListItem\",\"position\":2,\"name\":\"Shop\",\"item\":\"https:\/\/www.tape-design.com\/fr\/shop\/\"},{\"@type\":\"ListItem\",\"position\":3,\"name\":\"Kids Bundle: Allround Socks \u201cKIDS\u201d + Tubes PRO KIDS\"}]},{\"@type\":\"WebSite\",\"@id\":\"https:\/\/www.tape-design.com\/#website\",\"url\":\"https:\/\/www.tape-design.com\/\",\"name\":\"TAPEDESIGN\",\"description\":\"Always a step ahead\",\"publisher\":{\"@id\":\"https:\/\/www.tape-design.com\/#organization\"},\"potentialAction\":[{\"@type\":\"SearchAction\",\"target\":{\"@type\":\"EntryPoint\",\"urlTemplate\":\"https:\/\/www.tape-design.com\/?s={search_term_string}\"},\"query-input\":{\"@type\":\"PropertyValueSpecification\",\"valueRequired\":true,\"valueName\":\"search_term_string\"}}],\"inLanguage\":\"fr-FR\"},{\"@type\":\"Organization\",\"@id\":\"https:\/\/www.tape-design.com\/#organization\",\"name\":\"TAPEDESIGN\",\"url\":\"https:\/\/www.tape-design.com\/\",\"logo\":{\"@type\":\"ImageObject\",\"inLanguage\":\"fr-FR\",\"@id\":\"https:\/\/www.tape-design.com\/#\/schema\/logo\/image\/\",\"url\":\"https:\/\/www.tape-design.com\/app\/uploads\/2020\/11\/Logosmall.png\",\"contentUrl\":\"https:\/\/www.tape-design.com\/app\/uploads\/2020\/11\/Logosmall.png\",\"width\":340,\"height\":156,\"caption\":\"TAPEDESIGN\"},\"image\":{\"@id\":\"https:\/\/www.tape-design.com\/#\/schema\/logo\/image\/\"},\"sameAs\":[\"https:\/\/www.facebook.com\/tapedesigncom\/\",\"https:\/\/www.instagram.com\/tapedesign_socks\/?hl=de\"]}]}<\/script>","yoast_head_json":{"title":"Kids Bundle: Allround Socks \u201cKIDS\u201d + Tubes PRO KIDS - TAPEDESIGN","robots":{"index":"index","follow":"follow","max-snippet":"max-snippet:-1","max-image-preview":"max-image-preview:large","max-video-preview":"max-video-preview:-1"},"canonical":"https:\/\/www.tape-design.com\/fr\/produit\/kids-bundle-allround-socks-kids-tubes-pro-kids\/","og_locale":"fr_FR","og_type":"article","og_title":"Kids Bundle: Allround Socks \u201cKIDS\u201d + Tubes PRO KIDS - TAPEDESIGN","og_description":"D\u00e9couvrez les TAPEDESIGN Tubes Pro\u00ae KIDS Les Tubes Pro KIDS ont \u00e9t\u00e9 sp\u00e9cialement d\u00e9velopp\u00e9es pour les jeunes sportifs et assurent un ajustement confortable ainsi qu\u2019une libert\u00e9 de mouvement optimale. Gr\u00e2ce&hellip;","og_url":"https:\/\/www.tape-design.com\/fr\/produit\/kids-bundle-allround-socks-kids-tubes-pro-kids\/","og_site_name":"TAPEDESIGN","article_publisher":"https:\/\/www.facebook.com\/tapedesigncom\/","og_image":[{"width":1080,"height":1080,"url":"https:\/\/www.tape-design.com\/app\/uploads\/2026\/03\/2026_BUNDLE_KIDS_TUBES_KIDS_SOCKS_PRODUCT_IMG_01.jpg","type":"image\/jpeg"}],"twitter_card":"summary_large_image","twitter_misc":{"Dur\u00e9e de lecture estim\u00e9e":"1 minute"},"schema":{"@context":"https:\/\/schema.org","@graph":[{"@type":"WebPage","@id":"https:\/\/www.tape-design.com\/fr\/produit\/kids-bundle-allround-socks-kids-tubes-pro-kids\/","url":"https:\/\/www.tape-design.com\/fr\/produit\/kids-bundle-allround-socks-kids-tubes-pro-kids\/","name":"Kids Bundle: Allround Socks \u201cKIDS\u201d + Tubes PRO KIDS - TAPEDESIGN","isPartOf":{"@id":"https:\/\/www.tape-design.com\/#website"},"primaryImageOfPage":{"@id":"https:\/\/www.tape-design.com\/fr\/produit\/kids-bundle-allround-socks-kids-tubes-pro-kids\/#primaryimage"},"image":{"@id":"https:\/\/www.tape-design.com\/fr\/produit\/kids-bundle-allround-socks-kids-tubes-pro-kids\/#primaryimage"},"thumbnailUrl":"https:\/\/www.tape-design.com\/app\/uploads\/2026\/03\/2026_BUNDLE_KIDS_TUBES_KIDS_SOCKS_PRODUCT_IMG_01.jpg","datePublished":"2026-03-09T09:34:31+00:00","breadcrumb":{"@id":"https:\/\/www.tape-design.com\/fr\/produit\/kids-bundle-allround-socks-kids-tubes-pro-kids\/#breadcrumb"},"inLanguage":"fr-FR","potentialAction":[{"@type":"ReadAction","target":["https:\/\/www.tape-design.com\/fr\/produit\/kids-bundle-allround-socks-kids-tubes-pro-kids\/"]}]},{"@type":"ImageObject","inLanguage":"fr-FR","@id":"https:\/\/www.tape-design.com\/fr\/produit\/kids-bundle-allround-socks-kids-tubes-pro-kids\/#primaryimage","url":"https:\/\/www.tape-design.com\/app\/uploads\/2026\/03\/2026_BUNDLE_KIDS_TUBES_KIDS_SOCKS_PRODUCT_IMG_01.jpg","contentUrl":"https:\/\/www.tape-design.com\/app\/uploads\/2026\/03\/2026_BUNDLE_KIDS_TUBES_KIDS_SOCKS_PRODUCT_IMG_01.jpg","width":1080,"height":1080},{"@type":"BreadcrumbList","@id":"https:\/\/www.tape-design.com\/fr\/produit\/kids-bundle-allround-socks-kids-tubes-pro-kids\/#breadcrumb","itemListElement":[{"@type":"ListItem","position":1,"name":"Home","item":"https:\/\/www.tape-design.com\/fr\/"},{"@type":"ListItem","position":2,"name":"Shop","item":"https:\/\/www.tape-design.com\/fr\/shop\/"},{"@type":"ListItem","position":3,"name":"Kids Bundle: Allround Socks \u201cKIDS\u201d + Tubes PRO KIDS"}]},{"@type":"WebSite","@id":"https:\/\/www.tape-design.com\/#website","url":"https:\/\/www.tape-design.com\/","name":"TAPEDESIGN","description":"Always a step ahead","publisher":{"@id":"https:\/\/www.tape-design.com\/#organization"},"potentialAction":[{"@type":"SearchAction","target":{"@type":"EntryPoint","urlTemplate":"https:\/\/www.tape-design.com\/?s={search_term_string}"},"query-input":{"@type":"PropertyValueSpecification","valueRequired":true,"valueName":"search_term_string"}}],"inLanguage":"fr-FR"},{"@type":"Organization","@id":"https:\/\/www.tape-design.com\/#organization","name":"TAPEDESIGN","url":"https:\/\/www.tape-design.com\/","logo":{"@type":"ImageObject","inLanguage":"fr-FR","@id":"https:\/\/www.tape-design.com\/#\/schema\/logo\/image\/","url":"https:\/\/www.tape-design.com\/app\/uploads\/2020\/11\/Logosmall.png","contentUrl":"https:\/\/www.tape-design.com\/app\/uploads\/2020\/11\/Logosmall.png","width":340,"height":156,"caption":"TAPEDESIGN"},"image":{"@id":"https:\/\/www.tape-design.com\/#\/schema\/logo\/image\/"},"sameAs":["https:\/\/www.facebook.com\/tapedesigncom\/","https:\/\/www.instagram.com\/tapedesign_socks\/?hl=de"]}]}},"_links":{"self":[{"href":"https:\/\/www.tape-design.com\/fr\/wp-json\/wp\/v2\/product\/142740","targetHints":{"allow":["GET"]}}],"collection":[{"href":"https:\/\/www.tape-design.com\/fr\/wp-json\/wp\/v2\/product"}],"about":[{"href":"https:\/\/www.tape-design.com\/fr\/wp-json\/wp\/v2\/types\/product"}],"wp:featuredmedia":[{"embeddable":true,"href":"https:\/\/www.tape-design.com\/fr\/wp-json\/wp\/v2\/media\/142730"}],"wp:attachment":[{"href":"https:\/\/www.tape-design.com\/fr\/wp-json\/wp\/v2\/media?parent=142740"}],"wp:term":[{"taxonomy":"product_cat","embeddable":true,"href":"https:\/\/www.tape-design.com\/fr\/wp-json\/wp\/v2\/product_cat?post=142740"},{"taxonomy":"product_tag","embeddable":true,"href":"https:\/\/www.tape-design.com\/fr\/wp-json\/wp\/v2\/product_tag?post=142740"},{"taxonomy":"giftcard-category","embeddable":true,"href":"https:\/\/www.tape-design.com\/fr\/wp-json\/wp\/v2\/giftcard-category?post=142740"}],"curies":[{"name":"wp","href":"https:\/\/api.w.org\/{rel}","templated":true}]}}